{"id":781,"date":"2020-06-22T10:27:04","date_gmt":"2020-06-22T10:27:04","guid":{"rendered":"https:\/\/blogs.uef.fi\/tiedonhaku-kauppatieteet\/?page_id=781"},"modified":"2025-06-30T14:25:49","modified_gmt":"2025-06-30T12:25:49","slug":"haun-rajaus","status":"publish","type":"page","link":"https:\/\/blogs.uef.fi\/tiedonhaku-kauppatieteet\/aiheesta-hakusanoiksi\/haun-rajaus\/","title":{"rendered":"Haun rajaus"},"content":{"rendered":"<h1><span class=\"\">Haun rajaukset<\/span><\/h1>\n<h2><span class=\"\">Rajaa tulosm\u00e4\u00e4r\u00e4\u00e4 ensin hakusanoilla<\/span><\/h2>\n<p><span class=\"\">Tarkenna hakuasi ensin hakusanoilla ja niiden yhdistelmill\u00e4.<br \/>\nLis\u00e4\u00e4 aihetta rajaavia hakusanoja ANDilla.<br \/>\n<\/span><span class=\"\">Kokeile tiukempia k\u00e4sitteit\u00e4 &#8221;&#8221;-merkit sanaliittojen\/fraasien ymp\u00e4rill\u00e4, esim. &#8221;public relations&#8221;.<br \/>\n<\/span><\/p>\n<h2><span class=\"\">Tieteellisiin lehtiin rajaaminen<\/span><\/h2>\n<p><span class=\"\">&#8211; UEF-Primon kv-artikkeleiden haussa: <\/span><strong><span class=\"\">Vertaisarvioidut kausijulkaisut<br \/>\n&#8211; <\/span><\/strong><span class=\"\">Ebsco-tietokannoissa (mm. Business Source) <strong>&#8221;Pe<\/strong><\/span><strong><span class=\"\"><strong>er<\/strong> Reviewed&#8221;<\/span><\/strong><span class=\"\">.<\/span><br \/>\n<span class=\"\">Muutoin tuloksessa on paljon my\u00f6s sellaista aineistoa, joka ei t\u00e4yt\u00e4 tieteellisyyden kriteereit\u00e4. <a href=\"https:\/\/blogs.uef.fi\/tiedonhaku-kauppatieteet\/tiedon-luotettavuus-ja-tieteellisyys\/\" target=\"_blank\" rel=\"noopener\">Mik\u00e4 vertaisarviointi?<\/a> [aukeaa uuteen v\u00e4lilehteen]<\/span><\/p>\n<p>Esimerkki: EBSCO, Business Source Elite -tietokannan rajaukset<\/p>\n<p><img loading=\"lazy\" decoding=\"async\" class=\"alignnone size-large wp-image-3609\" src=\"https:\/\/blogs.uef.fi\/tiedonhaku-kauppatieteet\/wp-content\/uploads\/sites\/105\/2025\/06\/BusinessSource_30062025-1024x737.png\" alt=\"EBSCO, Business Source Elite. \" width=\"1024\" height=\"737\" srcset=\"https:\/\/blogs.uef.fi\/tiedonhaku-kauppatieteet\/wp-content\/uploads\/sites\/105\/2025\/06\/BusinessSource_30062025-1024x737.png 1024w, https:\/\/blogs.uef.fi\/tiedonhaku-kauppatieteet\/wp-content\/uploads\/sites\/105\/2025\/06\/BusinessSource_30062025-300x216.png 300w, https:\/\/blogs.uef.fi\/tiedonhaku-kauppatieteet\/wp-content\/uploads\/sites\/105\/2025\/06\/BusinessSource_30062025-768x553.png 768w, https:\/\/blogs.uef.fi\/tiedonhaku-kauppatieteet\/wp-content\/uploads\/sites\/105\/2025\/06\/BusinessSource_30062025.png 1070w\" sizes=\"auto, (max-width: 1024px) 100vw, 1024px\" \/><\/p>\n<p><span class=\"\">Tieteellisiss\u00e4kin lehdiss\u00e4 julkaistaan esim. p\u00e4\u00e4kirjoituksia (editorial), kommentteja, lyhyempi\u00e4 juttuja (short surveys yms.), jotka eiv\u00e4t ole k\u00e4yneet l\u00e4pi vertaisarviointia.<\/span> <span class=\"\">Kutakin artikkelia on siksi arvioitava erikseen.<\/span><\/p>\n<h2><span class=\"\">\u00c4L\u00c4 K\u00c4YT\u00c4 <\/span><span class=\"\">full text, free full text tai open access -rajauksia <\/span><\/h2>\n<p><span class=\"\">Business Source (Ebsco) -tietokannan <\/span><span class=\"\">full text -rajausta <\/span><span class=\"\">tai Scopuksen\/ Web of Sciencen\/UEF-Primon<\/span><span class=\"\"> open access -rajausta ei saa k\u00e4ytt\u00e4\u00e4 hauissa.<br \/>\nNiill\u00e4 <\/span><span class=\"\">tippuu tuloksesta pois paljon meille hankittujen, kovatasoisten lehtien artikkeleita, t\u00e4rkeiden kustantajien (Elsevier, Wiley, Sage, Emerald) lehtien kokotekstej\u00e4.<br \/>\n<\/span><\/p>\n<p><span class=\"\">Kokoteksti voi l\u00f6yty\u00e4 toisen v\u00e4litt\u00e4j\u00e4n\/systeemin kautta, joko UEF-Primosta, Googlella tai <\/span><span class=\"\">linkin takaa: &#8221;find it&#8221;,<\/span><span class=\"\"> &#8221;full text availability at UEF&#8221;<\/span><span class=\"\">.\u00a0<\/span><\/p>\n<p>UEF-Primon &#8221;saatavilla verkossa&#8221; -rajaus kohdistuu paremmin UEFissa saatavilla oleviin, joten sit\u00e4 voi k\u00e4ytt\u00e4\u00e4.<\/p>\n<p><span class=\"\">Mit\u00e4 tarkoittaa free full text tai open access? Ks. <\/span><a href=\"http:\/\/www.uef.fi\/web\/open-uef\/avoin-tiede\" target=\"_blank\" rel=\"noopener noreferrer\"><span class=\"\">Avoin tiede, avoin saatavuus<\/span><\/a> [aukeaa uuteen v\u00e4lilehteen]<\/p>\n<h2><span class=\"\">Dokumenttityyppi-\/julkaisutyyppi-\/<\/span><\/h2>\n<h2><span class=\"\">aineistotyyppi<\/span><\/h2>\n<p>Rajausvaihtoehdot vaihtelevat tietokannoittain.<br \/>\n&#8211; UEF-Primossa kv-artikkeleiden haussa: Aineistotyyppi: artikkelit, kirjan luvut, konferenssijulkaisut, arvostelut&#8230;<br \/>\n&#8211; Scopus-tietokannassa Document type:\u00a0 article, review, book, book chapter, conference paper, editorial, letter, note, short survey.<br \/>\n&#8211; Business Source Ebsco -tietokannassa: Academic journals (melkein sama tulos saavutetaan scholarly peer reviewed -rajauksella)<\/p>\n<p>Usein k\u00e4ytet\u00e4\u00e4n <strong>artikkelit (article)<\/strong> ja <strong>katsausartikkelit (review)<\/strong> -rajausta, mutta esimerkiksi tietojenk\u00e4sittelyss\u00e4 konferenssijulkaisu on t\u00e4rke\u00e4 julkaisukanava.<\/p>\n<h2><span class=\"\">J<\/span><span class=\"\">ulkaisuaika,\u00a0 julkaisun kieli<\/span><span class=\"\"><br \/>\n<\/span><\/h2>\n<p>N\u00e4m\u00e4 ovat yleens\u00e4 helppoja rajauksia.<\/p>\n<h2><span class=\"\">Julkaisun otsikko (title)<br \/>\n<\/span><\/h2>\n<p>Voit hakea hakusanojasi (tai vain jotakin niist\u00e4) pelkist\u00e4 artikkelin\/julkaisun otsikkokentist\u00e4.<br \/>\nOletuksena tietokantahauissa sanojasi etsit\u00e4\u00e4n otsikoista, tiivistelmist\u00e4 ja aihetta kuvaavista asia-\/avainsanakentist\u00e4 (title-abstract-keyword).<\/p>\n<p>Title-rajaus l\u00f6ytyy yleens\u00e4 hakurivin per\u00e4ss\u00e4 olevasta pudotusvalikosta.<br \/>\n&#8211; Select a field (optional) -&gt; Title (Business Source Ebsco)<br \/>\n&#8211; Article title, abstract, keyword -&gt; Article title (Scopus)<br \/>\n&#8211; Kaikki kent\u00e4t -&gt; Osikko\/nimeke (UEF-Primo)<\/p>\n<h2><span class=\"\">Asiasana (subject, keyword)<br \/>\n<\/span><\/h2>\n<p><span class=\"\">Haun voi kohdistaa aihetta kuvaaviin asiasanakenttiin (subject, keyword).<br \/>\nSilloin ei tule mukaan esim. tiivistelm\u00e4n sis\u00e4lt\u00e4 vain maininnan tasolla olevia sanoja.<br \/>\n<\/span><\/p>\n<p><span class=\"\">Se on tehokas kohdistus, jos aiheellesi l\u00f6ytyy tietokannan k\u00e4ytt\u00e4m\u00e4st\u00e4 asiasanastosta (thesaurus) asiasana. Usein asiasanavinkin n\u00e4et jonkin jo l\u00f6yt\u00e4m\u00e4si viitteen tiedoista. Seuraa asiasanakentti\u00e4.<br \/>\nTulosm\u00e4\u00e4r\u00e4 voi silti olla suuri.<\/span><\/p>\n<p><span class=\"\">Rajaus l\u00f6ytyy yleens\u00e4 hakurivin per\u00e4ss\u00e4 olevasta pudotusvalikosta.<br \/>\n&#8211; Select a field (optional) -&gt; SU subject terms (Business Source Ebsco)<br \/>\n&#8211; Article title, abstract, keyword -&gt; Keyword (Scopus)<br \/>\n&#8211; Kaikki kent\u00e4t -&gt; Aihe (UEF-Primo)<\/span><\/p>\n<h2>Tieteenalarajaus<\/h2>\n<p>Monialaisissa tietokannoissa joskus tarpeen. Rajaus perustuu lehtien kategorisointiin eri tieteenaloille, ei jokaisen artikkelin luokitteluun.<\/p>\n<p>&#8211; Scopus: Subject area: Business, Management and Accounting; Economics, Econometrics and Finance; Engineering; Computer Science; Psychology&#8230;<br \/>\n&#8211; Web of science categories: Management, Business, Economics, Psychology applied, Hospitality leisure sport tourism, Computer science information systems&#8230;<br \/>\n&#8211; UEF-Primon oikean laidan filttereiss\u00e4: Aihe (riippuvat tehdyst\u00e4 hausta)<\/p>\n<h2>Maantieteellinen rajaus<\/h2>\n<p>Maita ja maanosia voi k\u00e4ytt\u00e4\u00e4 hakusanoina kuten mit\u00e4 tahansa muutakin. Kannattaa huomata, ett\u00e4 esimerkiksi &#8221;Europe&#8221; tai &#8221;Nordic countries&#8221; eiv\u00e4t ole yl\u00e4k\u00e4sitteit\u00e4, jotka ottaisivat kaikki alueen maita koskevat julkaisut mukaan. Sanan on esiinnytt\u00e4v\u00e4 dokumentissa.<br \/>\nOR-yhdistelm\u00e4 voi olla tarpeen, esim. &#8230;. AND (nordic OR scandinavia* OR sweden OR norway OR denmark OR finland OR&#8230;.)<\/p>\n<p>Jos tietokannassa on maantieteellinen rajaus (Scopus: Country\/territory), se kohdistuu kirjoittajan organisaation (affiliation) sijaintiin.<\/p>\n<h2>Tulosten lajitteluj\u00e4rjestys apuna<\/h2>\n<p>Relevanssilajittelu usein pelastaa suuren tulosm\u00e4\u00e4r\u00e4n kanssa. Vaikka onkin koneen relevanssia, useimmiten tuo listan k\u00e4rkeen hakusanoihisi parhaiten osuvat tulokset.<br \/>\nTietokannan lajitteluj\u00e4rjestys voi olla my\u00f6s uusimmasta julkaisusta vanhempaan. Sen voi vaihtaa. Sort by: Relevance (Scopus)<\/p>\n<p>Tietokantahakujen tuloksissa on enemm\u00e4n t\u00e4yst\u00e4sm\u00e4ys kuin Google-tuloksissa. Viimeisess\u00e4kin viitteess\u00e4 hakuehtojen pit\u00e4isi t\u00e4ytty\u00e4. Siksi tulosm\u00e4\u00e4rienk\u00e4\u00e4n ei pit\u00e4isi olla niin suuria kuin Google-hauilla.<\/p>\n<div id=\"yui_3_17_2_1_1592821506929_30\" class=\"box generalbox center clearfix py-3\">\n<div id=\"yui_3_17_2_1_1592821506929_29\" class=\"no-overflow\"><\/div>\n<\/div>\n","protected":false},"excerpt":{"rendered":"<p>Haun rajaukset Rajaa tulosm\u00e4\u00e4r\u00e4\u00e4 ensin hakusanoilla Tarkenna hakuasi ensin hakusanoilla ja niiden yhdistelmill\u00e4. Lis\u00e4\u00e4 aihetta rajaavia hakusanoja ANDilla. Kokeile tiukempia k\u00e4sitteit\u00e4 &#8221;&#8221;-merkit sanaliittojen\/fraasien ymp\u00e4rill\u00e4, esim. &#8221;public relations&#8221;. Tieteellisiin lehtiin rajaaminen &#8211; UEF-Primon kv-artikkeleiden haussa: Vertaisarvioidut kausijulkaisut &#8211; Ebsco-tietokannoissa (mm. Business Source) &#8221;Peer Reviewed&#8221;. Muutoin tuloksessa on paljon my\u00f6s sellaista aineistoa, joka ei t\u00e4yt\u00e4 tieteellisyyden kriteereit\u00e4. [&hellip;]<\/p>\n","protected":false},"author":190,"featured_media":0,"parent":17,"menu_order":4,"comment_status":"closed","ping_status":"closed","template":"","meta":{"_acf_changed":false,"footnotes":""},"class_list":["post-781","page","type-page","status-publish","hentry"],"acf":[],"yoast_head":"<!-- This site is optimized with the Yoast SEO plugin v27.1.1 - https:\/\/yoast.com\/product\/yoast-seo-wordpress\/ -->\n<title>Haun rajaus - Tiedonhaku - Kauppatieteet<\/title>\n<meta name=\"robots\" content=\"index, follow, max-snippet:-1, max-image-preview:large, max-video-preview:-1\" \/>\n<link rel=\"canonical\" href=\"https:\/\/blogs.uef.fi\/tiedonhaku-kauppatieteet\/aiheesta-hakusanoiksi\/haun-rajaus\/\" \/>\n<meta property=\"og:locale\" content=\"fi_FI\" \/>\n<meta property=\"og:type\" content=\"article\" \/>\n<meta property=\"og:title\" content=\"Haun rajaus - Tiedonhaku - Kauppatieteet\" \/>\n<meta property=\"og:description\" content=\"Haun rajaukset Rajaa tulosm\u00e4\u00e4r\u00e4\u00e4 ensin hakusanoilla Tarkenna hakuasi ensin hakusanoilla ja niiden yhdistelmill\u00e4. Lis\u00e4\u00e4 aihetta rajaavia hakusanoja ANDilla. Kokeile tiukempia k\u00e4sitteit\u00e4 &#8221;&#8221;-merkit sanaliittojen\/fraasien ymp\u00e4rill\u00e4, esim. &#8221;public relations&#8221;. Tieteellisiin lehtiin rajaaminen &#8211; UEF-Primon kv-artikkeleiden haussa: Vertaisarvioidut kausijulkaisut &#8211; Ebsco-tietokannoissa (mm. Business Source) &#8221;Peer Reviewed&#8221;. Muutoin tuloksessa on paljon my\u00f6s sellaista aineistoa, joka ei t\u00e4yt\u00e4 tieteellisyyden kriteereit\u00e4. [&hellip;]\" \/>\n<meta property=\"og:url\" content=\"https:\/\/blogs.uef.fi\/tiedonhaku-kauppatieteet\/aiheesta-hakusanoiksi\/haun-rajaus\/\" \/>\n<meta property=\"og:site_name\" content=\"Tiedonhaku - Kauppatieteet\" \/>\n<meta property=\"article:modified_time\" content=\"2025-06-30T12:25:49+00:00\" \/>\n<meta property=\"og:image\" content=\"https:\/\/blogs.uef.fi\/tiedonhaku-kauppatieteet\/wp-content\/uploads\/sites\/105\/2025\/06\/BusinessSource_30062025.png\" \/>\n\t<meta property=\"og:image:width\" content=\"1070\" \/>\n\t<meta property=\"og:image:height\" content=\"770\" \/>\n\t<meta property=\"og:image:type\" content=\"image\/png\" \/>\n<meta name=\"twitter:card\" content=\"summary_large_image\" \/>\n<meta name=\"twitter:label1\" content=\"Arvioitu lukuaika\" \/>\n\t<meta name=\"twitter:data1\" content=\"4 minuuttia\" \/>\n<script type=\"application\/ld+json\" class=\"yoast-schema-graph\">{\"@context\":\"https:\/\/schema.org\",\"@graph\":[{\"@type\":\"WebPage\",\"@id\":\"https:\/\/blogs.uef.fi\/tiedonhaku-kauppatieteet\/aiheesta-hakusanoiksi\/haun-rajaus\/\",\"url\":\"https:\/\/blogs.uef.fi\/tiedonhaku-kauppatieteet\/aiheesta-hakusanoiksi\/haun-rajaus\/\",\"name\":\"Haun rajaus - Tiedonhaku - Kauppatieteet\",\"isPartOf\":{\"@id\":\"https:\/\/blogs.uef.fi\/tiedonhaku-kauppatieteet\/#website\"},\"primaryImageOfPage\":{\"@id\":\"https:\/\/blogs.uef.fi\/tiedonhaku-kauppatieteet\/aiheesta-hakusanoiksi\/haun-rajaus\/#primaryimage\"},\"image\":{\"@id\":\"https:\/\/blogs.uef.fi\/tiedonhaku-kauppatieteet\/aiheesta-hakusanoiksi\/haun-rajaus\/#primaryimage\"},\"thumbnailUrl\":\"https:\/\/blogs.uef.fi\/tiedonhaku-kauppatieteet\/wp-content\/uploads\/sites\/105\/2025\/06\/BusinessSource_30062025-1024x737.png\",\"datePublished\":\"2020-06-22T10:27:04+00:00\",\"dateModified\":\"2025-06-30T12:25:49+00:00\",\"breadcrumb\":{\"@id\":\"https:\/\/blogs.uef.fi\/tiedonhaku-kauppatieteet\/aiheesta-hakusanoiksi\/haun-rajaus\/#breadcrumb\"},\"inLanguage\":\"fi\",\"potentialAction\":[{\"@type\":\"ReadAction\",\"target\":[\"https:\/\/blogs.uef.fi\/tiedonhaku-kauppatieteet\/aiheesta-hakusanoiksi\/haun-rajaus\/\"]}]},{\"@type\":\"ImageObject\",\"inLanguage\":\"fi\",\"@id\":\"https:\/\/blogs.uef.fi\/tiedonhaku-kauppatieteet\/aiheesta-hakusanoiksi\/haun-rajaus\/#primaryimage\",\"url\":\"https:\/\/blogs.uef.fi\/tiedonhaku-kauppatieteet\/wp-content\/uploads\/sites\/105\/2025\/06\/BusinessSource_30062025.png\",\"contentUrl\":\"https:\/\/blogs.uef.fi\/tiedonhaku-kauppatieteet\/wp-content\/uploads\/sites\/105\/2025\/06\/BusinessSource_30062025.png\",\"width\":1070,\"height\":770,\"caption\":\"EBSCO, Business Source Elite.\"},{\"@type\":\"BreadcrumbList\",\"@id\":\"https:\/\/blogs.uef.fi\/tiedonhaku-kauppatieteet\/aiheesta-hakusanoiksi\/haun-rajaus\/#breadcrumb\",\"itemListElement\":[{\"@type\":\"ListItem\",\"position\":1,\"name\":\"Home\",\"item\":\"https:\/\/blogs.uef.fi\/tiedonhaku-kauppatieteet\/\"},{\"@type\":\"ListItem\",\"position\":2,\"name\":\"Aiheesta hakusanoiksi\",\"item\":\"https:\/\/blogs.uef.fi\/tiedonhaku-kauppatieteet\/aiheesta-hakusanoiksi\/\"},{\"@type\":\"ListItem\",\"position\":3,\"name\":\"Haun rajaus\"}]},{\"@type\":\"WebSite\",\"@id\":\"https:\/\/blogs.uef.fi\/tiedonhaku-kauppatieteet\/#website\",\"url\":\"https:\/\/blogs.uef.fi\/tiedonhaku-kauppatieteet\/\",\"name\":\"Tiedonhaku - Kauppatieteet\",\"description\":\"\",\"potentialAction\":[{\"@type\":\"SearchAction\",\"target\":{\"@type\":\"EntryPoint\",\"urlTemplate\":\"https:\/\/blogs.uef.fi\/tiedonhaku-kauppatieteet\/?s={search_term_string}\"},\"query-input\":{\"@type\":\"PropertyValueSpecification\",\"valueRequired\":true,\"valueName\":\"search_term_string\"}}],\"inLanguage\":\"fi\"}]}<\/script>\n<!-- \/ Yoast SEO plugin. -->","yoast_head_json":{"title":"Haun rajaus - Tiedonhaku - Kauppatieteet","robots":{"index":"index","follow":"follow","max-snippet":"max-snippet:-1","max-image-preview":"max-image-preview:large","max-video-preview":"max-video-preview:-1"},"canonical":"https:\/\/blogs.uef.fi\/tiedonhaku-kauppatieteet\/aiheesta-hakusanoiksi\/haun-rajaus\/","og_locale":"fi_FI","og_type":"article","og_title":"Haun rajaus - Tiedonhaku - Kauppatieteet","og_description":"Haun rajaukset Rajaa tulosm\u00e4\u00e4r\u00e4\u00e4 ensin hakusanoilla Tarkenna hakuasi ensin hakusanoilla ja niiden yhdistelmill\u00e4. Lis\u00e4\u00e4 aihetta rajaavia hakusanoja ANDilla. Kokeile tiukempia k\u00e4sitteit\u00e4 &#8221;&#8221;-merkit sanaliittojen\/fraasien ymp\u00e4rill\u00e4, esim. &#8221;public relations&#8221;. Tieteellisiin lehtiin rajaaminen &#8211; UEF-Primon kv-artikkeleiden haussa: Vertaisarvioidut kausijulkaisut &#8211; Ebsco-tietokannoissa (mm. Business Source) &#8221;Peer Reviewed&#8221;. Muutoin tuloksessa on paljon my\u00f6s sellaista aineistoa, joka ei t\u00e4yt\u00e4 tieteellisyyden kriteereit\u00e4. [&hellip;]","og_url":"https:\/\/blogs.uef.fi\/tiedonhaku-kauppatieteet\/aiheesta-hakusanoiksi\/haun-rajaus\/","og_site_name":"Tiedonhaku - Kauppatieteet","article_modified_time":"2025-06-30T12:25:49+00:00","og_image":[{"width":1070,"height":770,"url":"https:\/\/blogs.uef.fi\/tiedonhaku-kauppatieteet\/wp-content\/uploads\/sites\/105\/2025\/06\/BusinessSource_30062025.png","type":"image\/png"}],"twitter_card":"summary_large_image","twitter_misc":{"Arvioitu lukuaika":"4 minuuttia"},"schema":{"@context":"https:\/\/schema.org","@graph":[{"@type":"WebPage","@id":"https:\/\/blogs.uef.fi\/tiedonhaku-kauppatieteet\/aiheesta-hakusanoiksi\/haun-rajaus\/","url":"https:\/\/blogs.uef.fi\/tiedonhaku-kauppatieteet\/aiheesta-hakusanoiksi\/haun-rajaus\/","name":"Haun rajaus - Tiedonhaku - Kauppatieteet","isPartOf":{"@id":"https:\/\/blogs.uef.fi\/tiedonhaku-kauppatieteet\/#website"},"primaryImageOfPage":{"@id":"https:\/\/blogs.uef.fi\/tiedonhaku-kauppatieteet\/aiheesta-hakusanoiksi\/haun-rajaus\/#primaryimage"},"image":{"@id":"https:\/\/blogs.uef.fi\/tiedonhaku-kauppatieteet\/aiheesta-hakusanoiksi\/haun-rajaus\/#primaryimage"},"thumbnailUrl":"https:\/\/blogs.uef.fi\/tiedonhaku-kauppatieteet\/wp-content\/uploads\/sites\/105\/2025\/06\/BusinessSource_30062025-1024x737.png","datePublished":"2020-06-22T10:27:04+00:00","dateModified":"2025-06-30T12:25:49+00:00","breadcrumb":{"@id":"https:\/\/blogs.uef.fi\/tiedonhaku-kauppatieteet\/aiheesta-hakusanoiksi\/haun-rajaus\/#breadcrumb"},"inLanguage":"fi","potentialAction":[{"@type":"ReadAction","target":["https:\/\/blogs.uef.fi\/tiedonhaku-kauppatieteet\/aiheesta-hakusanoiksi\/haun-rajaus\/"]}]},{"@type":"ImageObject","inLanguage":"fi","@id":"https:\/\/blogs.uef.fi\/tiedonhaku-kauppatieteet\/aiheesta-hakusanoiksi\/haun-rajaus\/#primaryimage","url":"https:\/\/blogs.uef.fi\/tiedonhaku-kauppatieteet\/wp-content\/uploads\/sites\/105\/2025\/06\/BusinessSource_30062025.png","contentUrl":"https:\/\/blogs.uef.fi\/tiedonhaku-kauppatieteet\/wp-content\/uploads\/sites\/105\/2025\/06\/BusinessSource_30062025.png","width":1070,"height":770,"caption":"EBSCO, Business Source Elite."},{"@type":"BreadcrumbList","@id":"https:\/\/blogs.uef.fi\/tiedonhaku-kauppatieteet\/aiheesta-hakusanoiksi\/haun-rajaus\/#breadcrumb","itemListElement":[{"@type":"ListItem","position":1,"name":"Home","item":"https:\/\/blogs.uef.fi\/tiedonhaku-kauppatieteet\/"},{"@type":"ListItem","position":2,"name":"Aiheesta hakusanoiksi","item":"https:\/\/blogs.uef.fi\/tiedonhaku-kauppatieteet\/aiheesta-hakusanoiksi\/"},{"@type":"ListItem","position":3,"name":"Haun rajaus"}]},{"@type":"WebSite","@id":"https:\/\/blogs.uef.fi\/tiedonhaku-kauppatieteet\/#website","url":"https:\/\/blogs.uef.fi\/tiedonhaku-kauppatieteet\/","name":"Tiedonhaku - Kauppatieteet","description":"","potentialAction":[{"@type":"SearchAction","target":{"@type":"EntryPoint","urlTemplate":"https:\/\/blogs.uef.fi\/tiedonhaku-kauppatieteet\/?s={search_term_string}"},"query-input":{"@type":"PropertyValueSpecification","valueRequired":true,"valueName":"search_term_string"}}],"inLanguage":"fi"}]}},"_links":{"self":[{"href":"https:\/\/blogs.uef.fi\/tiedonhaku-kauppatieteet\/wp-json\/wp\/v2\/pages\/781","targetHints":{"allow":["GET"]}}],"collection":[{"href":"https:\/\/blogs.uef.fi\/tiedonhaku-kauppatieteet\/wp-json\/wp\/v2\/pages"}],"about":[{"href":"https:\/\/blogs.uef.fi\/tiedonhaku-kauppatieteet\/wp-json\/wp\/v2\/types\/page"}],"author":[{"embeddable":true,"href":"https:\/\/blogs.uef.fi\/tiedonhaku-kauppatieteet\/wp-json\/wp\/v2\/users\/190"}],"replies":[{"embeddable":true,"href":"https:\/\/blogs.uef.fi\/tiedonhaku-kauppatieteet\/wp-json\/wp\/v2\/comments?post=781"}],"version-history":[{"count":1,"href":"https:\/\/blogs.uef.fi\/tiedonhaku-kauppatieteet\/wp-json\/wp\/v2\/pages\/781\/revisions"}],"predecessor-version":[{"id":3610,"href":"https:\/\/blogs.uef.fi\/tiedonhaku-kauppatieteet\/wp-json\/wp\/v2\/pages\/781\/revisions\/3610"}],"up":[{"embeddable":true,"href":"https:\/\/blogs.uef.fi\/tiedonhaku-kauppatieteet\/wp-json\/wp\/v2\/pages\/17"}],"wp:attachment":[{"href":"https:\/\/blogs.uef.fi\/tiedonhaku-kauppatieteet\/wp-json\/wp\/v2\/media?parent=781"}],"curies":[{"name":"wp","href":"https:\/\/api.w.org\/{rel}","templated":true}]}}