{"id":733,"date":"2020-06-18T07:27:26","date_gmt":"2020-06-18T07:27:26","guid":{"rendered":"https:\/\/blogs.uef.fi\/tiedonhaku-kauppatieteet\/?page_id=733"},"modified":"2025-06-30T14:41:23","modified_gmt":"2025-06-30T12:41:23","slug":"hakusanojen-yhdistaminen-and-or-ja-muoto","status":"publish","type":"page","link":"https:\/\/blogs.uef.fi\/tiedonhaku-kauppatieteet\/aiheesta-hakusanoiksi\/hakusanojen-yhdistaminen-and-or-ja-muoto\/","title":{"rendered":"Hakusanojen yhdist\u00e4minen (AND\/OR) ja muoto"},"content":{"rendered":"<h2><b><span class=\"\">AND OR NOT<br \/>\n<\/span><\/b><\/h2>\n<table id=\"AutoNumber1\" border=\"0\" cellpadding=\"2\" bgcolor=\"#ffffff\">\n<tbody>\n<tr>\n<td colspan=\"2\" width=\"100%\"><strong><span class=\"\">\u00a0<\/span><\/strong><\/td>\n<\/tr>\n<tr>\n<td colspan=\"2\" width=\"100%\">\n<table id=\"AutoNumber2\" border=\"0\" cellspacing=\"0\" cellpadding=\"3\">\n<tbody>\n<tr>\n<td width=\"51%\">\n<p align=\"center\"><img loading=\"lazy\" decoding=\"async\" class=\"alignnone wp-image-1743 size-full\" src=\"https:\/\/blogs.uef.fi\/tiedonhaku-kauppatieteet\/wp-content\/uploads\/sites\/105\/2021\/08\/boolen_and.gif\" alt=\"Boolen AND-operaattori\" width=\"211\" height=\"109\" \/><\/p>\n<p align=\"center\"><b><span class=\"\">palvelu* AND markkinoi*<\/span><\/b><\/p>\n<\/td>\n<td width=\"49%\"><b><span class=\"\">AND<\/span><\/b><span class=\"\">: Kun halutaan, ett\u00e4 kaikki hakutermit (sek\u00e4 ett\u00e4) esiintyv\u00e4t hakutuloksessa (all of the words).<br \/>\n<\/span><span class=\"\">&#8211; AND rajaa ja supistaa hakua.<br \/>\n&#8211; Yleisimmin tarvittu operaattori <\/span><i><span class=\"\">&#8211;\u00a0<\/span><\/i><span class=\"\"> useissa hakuj\u00e4rjestelmiss\u00e4 pelkk\u00e4 v\u00e4lily\u00f6nti vastaa ANDia.<\/span><\/td>\n<\/tr>\n<tr>\n<td colspan=\"2\" width=\"100%\"><\/td>\n<\/tr>\n<tr>\n<td width=\"51%\">\n<p align=\"center\"><img loading=\"lazy\" decoding=\"async\" class=\"alignnone wp-image-1749 size-full\" src=\"https:\/\/blogs.uef.fi\/tiedonhaku-kauppatieteet\/wp-content\/uploads\/sites\/105\/2021\/08\/boolen_or.gif\" alt=\"Boolen OR-operaattori\" width=\"211\" height=\"109\" \/><br \/>\n<b><span class=\"\">pienyrity* OR pk-yrity*<br \/>\nSMEs OR &#8221;small business&#8221; OR &#8221;small and medium sized&#8221;<br \/>\n<\/span><\/b><\/p>\n<\/td>\n<td width=\"49%\"><b><span class=\"\">OR<\/span><\/b><span class=\"\">: Kun halutaan, ett\u00e4 jompikumpi tai jokin hakutermeist\u00e4 esiintyy hakutuloksessa (any of the words).<br \/>\n<\/span><span class=\"\">&#8211; OR laajentaa hakua.<br \/>\n&#8211; ORilla yhdistet\u00e4\u00e4n synonyymit, rinnakkaistermit tai muuten toisilleen vaihtoehtoiset termit toisiinsa.<br \/>\n<\/span><\/td>\n<\/tr>\n<tr>\n<td width=\"51%\"><\/td>\n<td width=\"49%\"><\/td>\n<\/tr>\n<tr>\n<td width=\"51%\">\n<p align=\"center\"><img loading=\"lazy\" decoding=\"async\" class=\"alignnone size-full wp-image-1746\" src=\"https:\/\/blogs.uef.fi\/tiedonhaku-kauppatieteet\/wp-content\/uploads\/sites\/105\/2021\/08\/boolen_not.gif\" alt=\"Boolen NOT-operaattori\" width=\"211\" height=\"109\" \/><br \/>\n<b><span class=\"\">palvelu* NOT terveyspalvelu*<br \/>\n<\/span><\/b><strong>services NOT &#8221;health services&#8221;<\/strong><\/p>\n<p align=\"center\"><b><span class=\"\">\u00a0<\/span><\/b><\/p>\n<\/td>\n<td width=\"49%\"><b><span class=\"\">NOT: <\/span><\/b><span class=\"\">Kun halutaan sulkea toinen termi pois kaikista hakutuloksista.<br \/>\n&#8211; NOT vie tuloksista kaiken, miss\u00e4 ao. sana esiintyy.<br \/>\n&#8211; NOTin <\/span><span class=\"\">k\u00e4yt\u00f6ss\u00e4 pit\u00e4\u00e4 olla varovainen, ettei rajaa vahingossa pois k\u00e4ytt\u00f6kelpoista aineistoa.<\/p>\n<p><\/span><\/td>\n<\/tr>\n<\/tbody>\n<\/table>\n<\/td>\n<\/tr>\n<tr>\n<td colspan=\"2\" width=\"100%\">\n<h2><b><span class=\"\">Samassa haussa sek\u00e4 ANDia ett\u00e4 ORia<br \/>\n<\/span><\/b><\/h2>\n<p><strong>(<\/strong>SME* <strong>OR<\/strong> &#8221;small business&#8221; <strong>OR<\/strong> &#8221;small and medium sized enterpris*&#8221;<strong>)<\/strong> <strong>AND<\/strong> services marketing <strong>AND<\/strong> &#8221;social media&#8221;<br \/>\n<strong>Tarvitset sulut ORilla yhdistettyjen hakusanojen ymp\u00e4rille<\/strong>, kun rajaat tulosta ANDilla. Jos kaiken kirjoitat yhdelle hakuriville, kirjoita my\u00f6s sulut.<br \/>\nTai pilko hakusanat eri hakuriveille (ORilla yhdistetyt samalle riville).<\/p>\n<p><span class=\"\">Miten yhdistet\u00e4\u00e4n <a href=\"https:\/\/www.uef.fi\/fi\/kirjasto\/uef-primon-hakuohje\" target=\"_blank\" rel=\"noopener\">UEF-Primossa<\/a>? [aukeaa uuteen v\u00e4lilehteen]<br \/>\n<\/span>Miten yhdistet\u00e4\u00e4n <a href=\"https:\/\/blogs.uef.fi\/tiedonhaku-kauppatieteet\/tietokannat\/tieteellisten-kansainvalisten-lehtiartikkeleiden-haku\/business-source-elite-ebsco-ohjeita-ja-esimerkkeja\/\" target=\"_blank\" rel=\"noopener\">Ebsco-tietokannoissa? (Business source, EconLit)<\/a><span class=\"\"> [aukeaa uuteen v\u00e4lilehteen]<\/span><\/p>\n<h2><b><span class=\"\">Sanat taipuvat &gt; Katkaisumerkki <\/span><\/b><strong><span class=\"\">(*)<\/span><\/strong><\/h2>\n<ul>\n<li><span class=\"\">Esimerkiksi: behavio* -&gt; behavior, behaviour, behavioral&#8230;.<\/span><\/li>\n<li>Esimerkiks. yrit* -&gt; yritys, yritykset, yritt\u00e4j\u00e4, yritt\u00e4j\u00e4t, yritystoiminta, yritt\u00e4jyys&#8230;<br \/>\n-&gt; Jos liian laaja tulos, sopivammat katkaisut voisivat olla yritt* tai yrity*<br \/>\n<b><\/b><b><\/b><\/li>\n<\/ul>\n<h2><span class=\"\"><b>Fraasit, sanaliitot &#8221;&#8221;-merkein<\/b><\/span><\/h2>\n<p><span class=\"\">Jotta sanat pysyisiv\u00e4t per\u00e4kk\u00e4in haluamassasi j\u00e4rjestyksess\u00e4, kannattaa k\u00e4ytt\u00e4\u00e4 &#8221;&#8221;-merkkej\u00e4 sanaliiton ymp\u00e4rill\u00e4.<br \/>\n&#8211; Esimerkiksi: <\/span><span class=\"\">&#8221;small business&#8221;, &#8221;mobile applications&#8221;, &#8221;behavioral finance&#8221;&#8230;<\/span><br \/>\n&#8211; <span class=\"\">Useimmiten englanninkielisten hakusanojen kanssa tarpeen.<br \/>\n&#8211; Melko nopea tapa pienent\u00e4\u00e4 hakutulosta.<\/span><\/td>\n<\/tr>\n<tr>\n<td colspan=\"2\" width=\"100%\"><\/td>\n<\/tr>\n<\/tbody>\n<\/table>\n","protected":false},"excerpt":{"rendered":"<p>AND OR NOT \u00a0 palvelu* AND markkinoi* AND: Kun halutaan, ett\u00e4 kaikki hakutermit (sek\u00e4 ett\u00e4) esiintyv\u00e4t hakutuloksessa (all of the words). &#8211; AND rajaa ja supistaa hakua. &#8211; Yleisimmin tarvittu operaattori &#8211;\u00a0 useissa hakuj\u00e4rjestelmiss\u00e4 pelkk\u00e4 v\u00e4lily\u00f6nti vastaa ANDia. pienyrity* OR pk-yrity* SMEs OR &#8221;small business&#8221; OR &#8221;small and medium sized&#8221; OR: Kun halutaan, ett\u00e4 jompikumpi [&hellip;]<\/p>\n","protected":false},"author":190,"featured_media":0,"parent":17,"menu_order":3,"comment_status":"closed","ping_status":"closed","template":"","meta":{"_acf_changed":false,"footnotes":""},"class_list":["post-733","page","type-page","status-publish","hentry"],"acf":[],"yoast_head":"<!-- This site is optimized with the Yoast SEO plugin v27.1.1 - https:\/\/yoast.com\/product\/yoast-seo-wordpress\/ -->\n<title>Hakusanojen yhdist\u00e4minen (AND\/OR) ja muoto - Tiedonhaku - Kauppatieteet<\/title>\n<meta name=\"robots\" content=\"index, follow, max-snippet:-1, max-image-preview:large, max-video-preview:-1\" \/>\n<link rel=\"canonical\" href=\"https:\/\/blogs.uef.fi\/tiedonhaku-kauppatieteet\/aiheesta-hakusanoiksi\/hakusanojen-yhdistaminen-and-or-ja-muoto\/\" \/>\n<meta property=\"og:locale\" content=\"fi_FI\" \/>\n<meta property=\"og:type\" content=\"article\" \/>\n<meta property=\"og:title\" content=\"Hakusanojen yhdist\u00e4minen (AND\/OR) ja muoto - Tiedonhaku - Kauppatieteet\" \/>\n<meta property=\"og:description\" content=\"AND OR NOT \u00a0 palvelu* AND markkinoi* AND: Kun halutaan, ett\u00e4 kaikki hakutermit (sek\u00e4 ett\u00e4) esiintyv\u00e4t hakutuloksessa (all of the words). &#8211; AND rajaa ja supistaa hakua. &#8211; Yleisimmin tarvittu operaattori &#8211;\u00a0 useissa hakuj\u00e4rjestelmiss\u00e4 pelkk\u00e4 v\u00e4lily\u00f6nti vastaa ANDia. pienyrity* OR pk-yrity* SMEs OR &#8221;small business&#8221; OR &#8221;small and medium sized&#8221; OR: Kun halutaan, ett\u00e4 jompikumpi [&hellip;]\" \/>\n<meta property=\"og:url\" content=\"https:\/\/blogs.uef.fi\/tiedonhaku-kauppatieteet\/aiheesta-hakusanoiksi\/hakusanojen-yhdistaminen-and-or-ja-muoto\/\" \/>\n<meta property=\"og:site_name\" content=\"Tiedonhaku - Kauppatieteet\" \/>\n<meta property=\"article:modified_time\" content=\"2025-06-30T12:41:23+00:00\" \/>\n<meta property=\"og:image\" content=\"https:\/\/blogs.uef.fi\/tiedonhaku-kauppatieteet\/wp-content\/uploads\/sites\/105\/2021\/08\/boolen_and.gif\" \/>\n\t<meta property=\"og:image:width\" content=\"211\" \/>\n\t<meta property=\"og:image:height\" content=\"109\" \/>\n\t<meta property=\"og:image:type\" content=\"image\/gif\" \/>\n<meta name=\"twitter:card\" content=\"summary_large_image\" \/>\n<meta name=\"twitter:label1\" content=\"Arvioitu lukuaika\" \/>\n\t<meta name=\"twitter:data1\" content=\"3 minuuttia\" \/>\n<script type=\"application\/ld+json\" class=\"yoast-schema-graph\">{\"@context\":\"https:\/\/schema.org\",\"@graph\":[{\"@type\":\"WebPage\",\"@id\":\"https:\/\/blogs.uef.fi\/tiedonhaku-kauppatieteet\/aiheesta-hakusanoiksi\/hakusanojen-yhdistaminen-and-or-ja-muoto\/\",\"url\":\"https:\/\/blogs.uef.fi\/tiedonhaku-kauppatieteet\/aiheesta-hakusanoiksi\/hakusanojen-yhdistaminen-and-or-ja-muoto\/\",\"name\":\"Hakusanojen yhdist\u00e4minen (AND\/OR) ja muoto - Tiedonhaku - Kauppatieteet\",\"isPartOf\":{\"@id\":\"https:\/\/blogs.uef.fi\/tiedonhaku-kauppatieteet\/#website\"},\"primaryImageOfPage\":{\"@id\":\"https:\/\/blogs.uef.fi\/tiedonhaku-kauppatieteet\/aiheesta-hakusanoiksi\/hakusanojen-yhdistaminen-and-or-ja-muoto\/#primaryimage\"},\"image\":{\"@id\":\"https:\/\/blogs.uef.fi\/tiedonhaku-kauppatieteet\/aiheesta-hakusanoiksi\/hakusanojen-yhdistaminen-and-or-ja-muoto\/#primaryimage\"},\"thumbnailUrl\":\"https:\/\/blogs.uef.fi\/tiedonhaku-kauppatieteet\/wp-content\/uploads\/sites\/105\/2021\/08\/boolen_and.gif\",\"datePublished\":\"2020-06-18T07:27:26+00:00\",\"dateModified\":\"2025-06-30T12:41:23+00:00\",\"breadcrumb\":{\"@id\":\"https:\/\/blogs.uef.fi\/tiedonhaku-kauppatieteet\/aiheesta-hakusanoiksi\/hakusanojen-yhdistaminen-and-or-ja-muoto\/#breadcrumb\"},\"inLanguage\":\"fi\",\"potentialAction\":[{\"@type\":\"ReadAction\",\"target\":[\"https:\/\/blogs.uef.fi\/tiedonhaku-kauppatieteet\/aiheesta-hakusanoiksi\/hakusanojen-yhdistaminen-and-or-ja-muoto\/\"]}]},{\"@type\":\"ImageObject\",\"inLanguage\":\"fi\",\"@id\":\"https:\/\/blogs.uef.fi\/tiedonhaku-kauppatieteet\/aiheesta-hakusanoiksi\/hakusanojen-yhdistaminen-and-or-ja-muoto\/#primaryimage\",\"url\":\"https:\/\/blogs.uef.fi\/tiedonhaku-kauppatieteet\/wp-content\/uploads\/sites\/105\/2021\/08\/boolen_and.gif\",\"contentUrl\":\"https:\/\/blogs.uef.fi\/tiedonhaku-kauppatieteet\/wp-content\/uploads\/sites\/105\/2021\/08\/boolen_and.gif\",\"width\":211,\"height\":109},{\"@type\":\"BreadcrumbList\",\"@id\":\"https:\/\/blogs.uef.fi\/tiedonhaku-kauppatieteet\/aiheesta-hakusanoiksi\/hakusanojen-yhdistaminen-and-or-ja-muoto\/#breadcrumb\",\"itemListElement\":[{\"@type\":\"ListItem\",\"position\":1,\"name\":\"Home\",\"item\":\"https:\/\/blogs.uef.fi\/tiedonhaku-kauppatieteet\/\"},{\"@type\":\"ListItem\",\"position\":2,\"name\":\"Aiheesta hakusanoiksi\",\"item\":\"https:\/\/blogs.uef.fi\/tiedonhaku-kauppatieteet\/aiheesta-hakusanoiksi\/\"},{\"@type\":\"ListItem\",\"position\":3,\"name\":\"Hakusanojen yhdist\u00e4minen (AND\/OR) ja muoto\"}]},{\"@type\":\"WebSite\",\"@id\":\"https:\/\/blogs.uef.fi\/tiedonhaku-kauppatieteet\/#website\",\"url\":\"https:\/\/blogs.uef.fi\/tiedonhaku-kauppatieteet\/\",\"name\":\"Tiedonhaku - Kauppatieteet\",\"description\":\"\",\"potentialAction\":[{\"@type\":\"SearchAction\",\"target\":{\"@type\":\"EntryPoint\",\"urlTemplate\":\"https:\/\/blogs.uef.fi\/tiedonhaku-kauppatieteet\/?s={search_term_string}\"},\"query-input\":{\"@type\":\"PropertyValueSpecification\",\"valueRequired\":true,\"valueName\":\"search_term_string\"}}],\"inLanguage\":\"fi\"}]}<\/script>\n<!-- \/ Yoast SEO plugin. -->","yoast_head_json":{"title":"Hakusanojen yhdist\u00e4minen (AND\/OR) ja muoto - Tiedonhaku - Kauppatieteet","robots":{"index":"index","follow":"follow","max-snippet":"max-snippet:-1","max-image-preview":"max-image-preview:large","max-video-preview":"max-video-preview:-1"},"canonical":"https:\/\/blogs.uef.fi\/tiedonhaku-kauppatieteet\/aiheesta-hakusanoiksi\/hakusanojen-yhdistaminen-and-or-ja-muoto\/","og_locale":"fi_FI","og_type":"article","og_title":"Hakusanojen yhdist\u00e4minen (AND\/OR) ja muoto - Tiedonhaku - Kauppatieteet","og_description":"AND OR NOT \u00a0 palvelu* AND markkinoi* AND: Kun halutaan, ett\u00e4 kaikki hakutermit (sek\u00e4 ett\u00e4) esiintyv\u00e4t hakutuloksessa (all of the words). &#8211; AND rajaa ja supistaa hakua. &#8211; Yleisimmin tarvittu operaattori &#8211;\u00a0 useissa hakuj\u00e4rjestelmiss\u00e4 pelkk\u00e4 v\u00e4lily\u00f6nti vastaa ANDia. pienyrity* OR pk-yrity* SMEs OR &#8221;small business&#8221; OR &#8221;small and medium sized&#8221; OR: Kun halutaan, ett\u00e4 jompikumpi [&hellip;]","og_url":"https:\/\/blogs.uef.fi\/tiedonhaku-kauppatieteet\/aiheesta-hakusanoiksi\/hakusanojen-yhdistaminen-and-or-ja-muoto\/","og_site_name":"Tiedonhaku - Kauppatieteet","article_modified_time":"2025-06-30T12:41:23+00:00","og_image":[{"width":211,"height":109,"url":"https:\/\/blogs.uef.fi\/tiedonhaku-kauppatieteet\/wp-content\/uploads\/sites\/105\/2021\/08\/boolen_and.gif","type":"image\/gif"}],"twitter_card":"summary_large_image","twitter_misc":{"Arvioitu lukuaika":"3 minuuttia"},"schema":{"@context":"https:\/\/schema.org","@graph":[{"@type":"WebPage","@id":"https:\/\/blogs.uef.fi\/tiedonhaku-kauppatieteet\/aiheesta-hakusanoiksi\/hakusanojen-yhdistaminen-and-or-ja-muoto\/","url":"https:\/\/blogs.uef.fi\/tiedonhaku-kauppatieteet\/aiheesta-hakusanoiksi\/hakusanojen-yhdistaminen-and-or-ja-muoto\/","name":"Hakusanojen yhdist\u00e4minen (AND\/OR) ja muoto - Tiedonhaku - Kauppatieteet","isPartOf":{"@id":"https:\/\/blogs.uef.fi\/tiedonhaku-kauppatieteet\/#website"},"primaryImageOfPage":{"@id":"https:\/\/blogs.uef.fi\/tiedonhaku-kauppatieteet\/aiheesta-hakusanoiksi\/hakusanojen-yhdistaminen-and-or-ja-muoto\/#primaryimage"},"image":{"@id":"https:\/\/blogs.uef.fi\/tiedonhaku-kauppatieteet\/aiheesta-hakusanoiksi\/hakusanojen-yhdistaminen-and-or-ja-muoto\/#primaryimage"},"thumbnailUrl":"https:\/\/blogs.uef.fi\/tiedonhaku-kauppatieteet\/wp-content\/uploads\/sites\/105\/2021\/08\/boolen_and.gif","datePublished":"2020-06-18T07:27:26+00:00","dateModified":"2025-06-30T12:41:23+00:00","breadcrumb":{"@id":"https:\/\/blogs.uef.fi\/tiedonhaku-kauppatieteet\/aiheesta-hakusanoiksi\/hakusanojen-yhdistaminen-and-or-ja-muoto\/#breadcrumb"},"inLanguage":"fi","potentialAction":[{"@type":"ReadAction","target":["https:\/\/blogs.uef.fi\/tiedonhaku-kauppatieteet\/aiheesta-hakusanoiksi\/hakusanojen-yhdistaminen-and-or-ja-muoto\/"]}]},{"@type":"ImageObject","inLanguage":"fi","@id":"https:\/\/blogs.uef.fi\/tiedonhaku-kauppatieteet\/aiheesta-hakusanoiksi\/hakusanojen-yhdistaminen-and-or-ja-muoto\/#primaryimage","url":"https:\/\/blogs.uef.fi\/tiedonhaku-kauppatieteet\/wp-content\/uploads\/sites\/105\/2021\/08\/boolen_and.gif","contentUrl":"https:\/\/blogs.uef.fi\/tiedonhaku-kauppatieteet\/wp-content\/uploads\/sites\/105\/2021\/08\/boolen_and.gif","width":211,"height":109},{"@type":"BreadcrumbList","@id":"https:\/\/blogs.uef.fi\/tiedonhaku-kauppatieteet\/aiheesta-hakusanoiksi\/hakusanojen-yhdistaminen-and-or-ja-muoto\/#breadcrumb","itemListElement":[{"@type":"ListItem","position":1,"name":"Home","item":"https:\/\/blogs.uef.fi\/tiedonhaku-kauppatieteet\/"},{"@type":"ListItem","position":2,"name":"Aiheesta hakusanoiksi","item":"https:\/\/blogs.uef.fi\/tiedonhaku-kauppatieteet\/aiheesta-hakusanoiksi\/"},{"@type":"ListItem","position":3,"name":"Hakusanojen yhdist\u00e4minen (AND\/OR) ja muoto"}]},{"@type":"WebSite","@id":"https:\/\/blogs.uef.fi\/tiedonhaku-kauppatieteet\/#website","url":"https:\/\/blogs.uef.fi\/tiedonhaku-kauppatieteet\/","name":"Tiedonhaku - Kauppatieteet","description":"","potentialAction":[{"@type":"SearchAction","target":{"@type":"EntryPoint","urlTemplate":"https:\/\/blogs.uef.fi\/tiedonhaku-kauppatieteet\/?s={search_term_string}"},"query-input":{"@type":"PropertyValueSpecification","valueRequired":true,"valueName":"search_term_string"}}],"inLanguage":"fi"}]}},"_links":{"self":[{"href":"https:\/\/blogs.uef.fi\/tiedonhaku-kauppatieteet\/wp-json\/wp\/v2\/pages\/733","targetHints":{"allow":["GET"]}}],"collection":[{"href":"https:\/\/blogs.uef.fi\/tiedonhaku-kauppatieteet\/wp-json\/wp\/v2\/pages"}],"about":[{"href":"https:\/\/blogs.uef.fi\/tiedonhaku-kauppatieteet\/wp-json\/wp\/v2\/types\/page"}],"author":[{"embeddable":true,"href":"https:\/\/blogs.uef.fi\/tiedonhaku-kauppatieteet\/wp-json\/wp\/v2\/users\/190"}],"replies":[{"embeddable":true,"href":"https:\/\/blogs.uef.fi\/tiedonhaku-kauppatieteet\/wp-json\/wp\/v2\/comments?post=733"}],"version-history":[{"count":1,"href":"https:\/\/blogs.uef.fi\/tiedonhaku-kauppatieteet\/wp-json\/wp\/v2\/pages\/733\/revisions"}],"predecessor-version":[{"id":3338,"href":"https:\/\/blogs.uef.fi\/tiedonhaku-kauppatieteet\/wp-json\/wp\/v2\/pages\/733\/revisions\/3338"}],"up":[{"embeddable":true,"href":"https:\/\/blogs.uef.fi\/tiedonhaku-kauppatieteet\/wp-json\/wp\/v2\/pages\/17"}],"wp:attachment":[{"href":"https:\/\/blogs.uef.fi\/tiedonhaku-kauppatieteet\/wp-json\/wp\/v2\/media?parent=733"}],"curies":[{"name":"wp","href":"https:\/\/api.w.org\/{rel}","templated":true}]}}