{"id":715,"date":"2020-06-18T06:50:08","date_gmt":"2020-06-18T06:50:08","guid":{"rendered":"https:\/\/blogs.uef.fi\/tiedonhaku-kauppatieteet\/?page_id=715"},"modified":"2025-06-30T13:47:23","modified_gmt":"2025-06-30T11:47:23","slug":"aihe-hakusanoiksi","status":"publish","type":"page","link":"https:\/\/blogs.uef.fi\/tiedonhaku-kauppatieteet\/aiheesta-hakusanoiksi\/aihe-hakusanoiksi\/","title":{"rendered":"Aihe hakusanoiksi"},"content":{"rendered":"\n<p>Tutkimusongelma, tiedonhaun aihe pilkotaan osakokonaisuuksiksi ja niit\u00e4 kuvaaviksi k\u00e4sitteiksi, hakusanoiksi\/hakutermeiksi.<br>Tieteellist\u00e4 l\u00e4hdeaineistoa haetaan useimmiten englanniksi.<\/p>\n\n\n\n<ul class=\"wp-block-list\">\n<li>Mill\u00e4 kaikilla k\u00e4sitteill\u00e4 aiheesta on voitu kirjoittaa?<\/li>\n\n\n\n<li>Mitk\u00e4 sanat ovat toisilleen vaihtoehtoisia tai synonyymej\u00e4?<\/li>\n\n\n\n<li>Mitk\u00e4 sanat rajaavat aihetta?<\/li>\n\n\n\n<li>Mihin laajempaan viitekehykseen aihe kuuluu?<\/li>\n\n\n\n<li>Mit\u00e4 suppeampia asiakokonaisuuksia aihe pit\u00e4\u00e4 sis\u00e4ll\u00e4\u00e4n?<\/li>\n<\/ul>\n\n\n\n<p>Mieti ja ker\u00e4\u00e4 hakukokeiluja tehdess\u00e4si:<\/p>\n\n\n\n<ul class=\"wp-block-list\">\n<li>Synonyymit, esim.<br>yritys, firm, company, enterprise business enterprise&#8230;<\/li>\n\n\n\n<li>Rinnakkaiset k\u00e4sitteet, esim.<br>ICT, information and communication technology -&gt; information technology, communication technology&#8230;<\/li>\n\n\n\n<li>Lyhenteet ja t\u00e4ydelliset k\u00e4sitteet vaihtoehtoina.<br>Suosi aukikirjoitettua muotoa hauissa. esim.<br>HRM, &#8221;human resource management&#8221;;<br>SME, &#8221;small and medium-sized&#8221;, &#8221;small business&#8221;&#8230;<\/li>\n\n\n\n<li>Laajemmat\/suppeammat k\u00e4sitteet<\/li>\n<\/ul>\n\n\n\n<h2 class=\"wp-block-heading\">Mist\u00e4 keksi\u00e4 hakusanoja?<\/h2>\n\n\n\n<ul class=\"wp-block-list\">\n<li>Kokeile hakuja Internetist\u00e4 tai tietokannoista. Alkuun p\u00e4\u00e4set mill\u00e4 tahansa aihettasi kuvaavalla sanalla.<\/li>\n\n\n\n<li>Ker\u00e4\u00e4 hakusanavinkkej\u00e4 l\u00f6yt\u00e4mist\u00e4si tuloksista, esimerkiksi aihetta kuvaavista termeist\u00e4<br>(asiasanat, subject terms, author\u00b4s keywords).<\/li>\n\n\n\n<li>Jo l\u00f6ydettyjen julkaisujen sis\u00e4llysluetteloista, l\u00e4hdeluetteloista tai esim. v\u00e4it\u00f6skirjojen tiivistelm\u00e4sivulta.<\/li>\n\n\n\n<li>Kokeile saada hakusanaideoita generatiivisella teko\u00e4lyll\u00e4, esim. ChatGPT<\/li>\n\n\n\n<li>Taustatietoa ja alan k\u00e4sitteist\u00f6st\u00e4 l\u00f6ytyy alan oppikirjoista, hakuteoksista (esim. handbook, dictionary, encyclopedia). Ne auttavat keskeisten k\u00e4sitteiden ja niiden synonyymien pohtimisessa. Samalla on hyv\u00e4 selvitt\u00e4\u00e4 termien laajemmat ja suppeammat k\u00e4sitteet sek\u00e4 vaihtoehtoiset ilmaisut. Vain jo vakiintuneet k\u00e4sitteet ovat p\u00e4\u00e4sseet mukaan.<\/li>\n\n\n\n<li>Alan lehdist\u00e4. Kannattaa seurata alan tai aihepiirin keskeisi\u00e4 lehti\u00e4.<\/li>\n\n\n\n<li>Sanakirjoista, esim. <a href=\"https:\/\/primo.uef.fi\/permalink\/358FIN_UOEF\/10iob6c\/alma9914866433805966\" target=\"_blank\" rel=\"noopener noreferrer\">MOT kielipalvelu. <\/a>Huomaa my\u00f6s Other dictionaries -&gt; MOT Oxford thesaurus in English) [aukeaa uuteen v\u00e4lilehteen UEF-Primoon)<\/li>\n\n\n\n<li>Tietokantojen asiasanastoista, esim. <a href=\"https:\/\/primo.uef.fi\/permalink\/358FIN_UOEF\/10iob6c\/alma9911698053705966\" target=\"_blank\" rel=\"noopener noreferrer\">Ebsco-tietokantojen<\/a>: thesaurus [aukeaa uuteen v\u00e4lilehteen UEF-Primoon)<\/li>\n<\/ul>\n","protected":false},"excerpt":{"rendered":"<p>Tutkimusongelma, tiedonhaun aihe pilkotaan osakokonaisuuksiksi ja niit\u00e4 kuvaaviksi k\u00e4sitteiksi, hakusanoiksi\/hakutermeiksi.Tieteellist\u00e4 l\u00e4hdeaineistoa haetaan useimmiten englanniksi. Mieti ja ker\u00e4\u00e4 hakukokeiluja tehdess\u00e4si: Mist\u00e4 keksi\u00e4 hakusanoja?<\/p>\n","protected":false},"author":190,"featured_media":0,"parent":17,"menu_order":2,"comment_status":"closed","ping_status":"closed","template":"","meta":{"_acf_changed":false,"footnotes":""},"class_list":["post-715","page","type-page","status-publish","hentry"],"acf":[],"yoast_head":"<!-- This site is optimized with the Yoast SEO plugin v27.1.1 - https:\/\/yoast.com\/product\/yoast-seo-wordpress\/ -->\n<title>Aihe hakusanoiksi - Tiedonhaku - Kauppatieteet<\/title>\n<meta name=\"robots\" content=\"index, follow, max-snippet:-1, max-image-preview:large, max-video-preview:-1\" \/>\n<link rel=\"canonical\" href=\"https:\/\/blogs.uef.fi\/tiedonhaku-kauppatieteet\/aiheesta-hakusanoiksi\/aihe-hakusanoiksi\/\" \/>\n<meta property=\"og:locale\" content=\"fi_FI\" \/>\n<meta property=\"og:type\" content=\"article\" \/>\n<meta property=\"og:title\" content=\"Aihe hakusanoiksi - Tiedonhaku - Kauppatieteet\" \/>\n<meta property=\"og:description\" content=\"Tutkimusongelma, tiedonhaun aihe pilkotaan osakokonaisuuksiksi ja niit\u00e4 kuvaaviksi k\u00e4sitteiksi, hakusanoiksi\/hakutermeiksi.Tieteellist\u00e4 l\u00e4hdeaineistoa haetaan useimmiten englanniksi. Mieti ja ker\u00e4\u00e4 hakukokeiluja tehdess\u00e4si: Mist\u00e4 keksi\u00e4 hakusanoja?\" \/>\n<meta property=\"og:url\" content=\"https:\/\/blogs.uef.fi\/tiedonhaku-kauppatieteet\/aiheesta-hakusanoiksi\/aihe-hakusanoiksi\/\" \/>\n<meta property=\"og:site_name\" content=\"Tiedonhaku - Kauppatieteet\" \/>\n<meta property=\"article:modified_time\" content=\"2025-06-30T11:47:23+00:00\" \/>\n<meta name=\"twitter:card\" content=\"summary_large_image\" \/>\n<meta name=\"twitter:label1\" content=\"Arvioitu lukuaika\" \/>\n\t<meta name=\"twitter:data1\" content=\"2 minuuttia\" \/>\n<script type=\"application\/ld+json\" class=\"yoast-schema-graph\">{\"@context\":\"https:\/\/schema.org\",\"@graph\":[{\"@type\":\"WebPage\",\"@id\":\"https:\/\/blogs.uef.fi\/tiedonhaku-kauppatieteet\/aiheesta-hakusanoiksi\/aihe-hakusanoiksi\/\",\"url\":\"https:\/\/blogs.uef.fi\/tiedonhaku-kauppatieteet\/aiheesta-hakusanoiksi\/aihe-hakusanoiksi\/\",\"name\":\"Aihe hakusanoiksi - Tiedonhaku - Kauppatieteet\",\"isPartOf\":{\"@id\":\"https:\/\/blogs.uef.fi\/tiedonhaku-kauppatieteet\/#website\"},\"datePublished\":\"2020-06-18T06:50:08+00:00\",\"dateModified\":\"2025-06-30T11:47:23+00:00\",\"breadcrumb\":{\"@id\":\"https:\/\/blogs.uef.fi\/tiedonhaku-kauppatieteet\/aiheesta-hakusanoiksi\/aihe-hakusanoiksi\/#breadcrumb\"},\"inLanguage\":\"fi\",\"potentialAction\":[{\"@type\":\"ReadAction\",\"target\":[\"https:\/\/blogs.uef.fi\/tiedonhaku-kauppatieteet\/aiheesta-hakusanoiksi\/aihe-hakusanoiksi\/\"]}]},{\"@type\":\"BreadcrumbList\",\"@id\":\"https:\/\/blogs.uef.fi\/tiedonhaku-kauppatieteet\/aiheesta-hakusanoiksi\/aihe-hakusanoiksi\/#breadcrumb\",\"itemListElement\":[{\"@type\":\"ListItem\",\"position\":1,\"name\":\"Home\",\"item\":\"https:\/\/blogs.uef.fi\/tiedonhaku-kauppatieteet\/\"},{\"@type\":\"ListItem\",\"position\":2,\"name\":\"Aiheesta hakusanoiksi\",\"item\":\"https:\/\/blogs.uef.fi\/tiedonhaku-kauppatieteet\/aiheesta-hakusanoiksi\/\"},{\"@type\":\"ListItem\",\"position\":3,\"name\":\"Aihe hakusanoiksi\"}]},{\"@type\":\"WebSite\",\"@id\":\"https:\/\/blogs.uef.fi\/tiedonhaku-kauppatieteet\/#website\",\"url\":\"https:\/\/blogs.uef.fi\/tiedonhaku-kauppatieteet\/\",\"name\":\"Tiedonhaku - Kauppatieteet\",\"description\":\"\",\"potentialAction\":[{\"@type\":\"SearchAction\",\"target\":{\"@type\":\"EntryPoint\",\"urlTemplate\":\"https:\/\/blogs.uef.fi\/tiedonhaku-kauppatieteet\/?s={search_term_string}\"},\"query-input\":{\"@type\":\"PropertyValueSpecification\",\"valueRequired\":true,\"valueName\":\"search_term_string\"}}],\"inLanguage\":\"fi\"}]}<\/script>\n<!-- \/ Yoast SEO plugin. -->","yoast_head_json":{"title":"Aihe hakusanoiksi - Tiedonhaku - Kauppatieteet","robots":{"index":"index","follow":"follow","max-snippet":"max-snippet:-1","max-image-preview":"max-image-preview:large","max-video-preview":"max-video-preview:-1"},"canonical":"https:\/\/blogs.uef.fi\/tiedonhaku-kauppatieteet\/aiheesta-hakusanoiksi\/aihe-hakusanoiksi\/","og_locale":"fi_FI","og_type":"article","og_title":"Aihe hakusanoiksi - Tiedonhaku - Kauppatieteet","og_description":"Tutkimusongelma, tiedonhaun aihe pilkotaan osakokonaisuuksiksi ja niit\u00e4 kuvaaviksi k\u00e4sitteiksi, hakusanoiksi\/hakutermeiksi.Tieteellist\u00e4 l\u00e4hdeaineistoa haetaan useimmiten englanniksi. Mieti ja ker\u00e4\u00e4 hakukokeiluja tehdess\u00e4si: Mist\u00e4 keksi\u00e4 hakusanoja?","og_url":"https:\/\/blogs.uef.fi\/tiedonhaku-kauppatieteet\/aiheesta-hakusanoiksi\/aihe-hakusanoiksi\/","og_site_name":"Tiedonhaku - Kauppatieteet","article_modified_time":"2025-06-30T11:47:23+00:00","twitter_card":"summary_large_image","twitter_misc":{"Arvioitu lukuaika":"2 minuuttia"},"schema":{"@context":"https:\/\/schema.org","@graph":[{"@type":"WebPage","@id":"https:\/\/blogs.uef.fi\/tiedonhaku-kauppatieteet\/aiheesta-hakusanoiksi\/aihe-hakusanoiksi\/","url":"https:\/\/blogs.uef.fi\/tiedonhaku-kauppatieteet\/aiheesta-hakusanoiksi\/aihe-hakusanoiksi\/","name":"Aihe hakusanoiksi - Tiedonhaku - Kauppatieteet","isPartOf":{"@id":"https:\/\/blogs.uef.fi\/tiedonhaku-kauppatieteet\/#website"},"datePublished":"2020-06-18T06:50:08+00:00","dateModified":"2025-06-30T11:47:23+00:00","breadcrumb":{"@id":"https:\/\/blogs.uef.fi\/tiedonhaku-kauppatieteet\/aiheesta-hakusanoiksi\/aihe-hakusanoiksi\/#breadcrumb"},"inLanguage":"fi","potentialAction":[{"@type":"ReadAction","target":["https:\/\/blogs.uef.fi\/tiedonhaku-kauppatieteet\/aiheesta-hakusanoiksi\/aihe-hakusanoiksi\/"]}]},{"@type":"BreadcrumbList","@id":"https:\/\/blogs.uef.fi\/tiedonhaku-kauppatieteet\/aiheesta-hakusanoiksi\/aihe-hakusanoiksi\/#breadcrumb","itemListElement":[{"@type":"ListItem","position":1,"name":"Home","item":"https:\/\/blogs.uef.fi\/tiedonhaku-kauppatieteet\/"},{"@type":"ListItem","position":2,"name":"Aiheesta hakusanoiksi","item":"https:\/\/blogs.uef.fi\/tiedonhaku-kauppatieteet\/aiheesta-hakusanoiksi\/"},{"@type":"ListItem","position":3,"name":"Aihe hakusanoiksi"}]},{"@type":"WebSite","@id":"https:\/\/blogs.uef.fi\/tiedonhaku-kauppatieteet\/#website","url":"https:\/\/blogs.uef.fi\/tiedonhaku-kauppatieteet\/","name":"Tiedonhaku - Kauppatieteet","description":"","potentialAction":[{"@type":"SearchAction","target":{"@type":"EntryPoint","urlTemplate":"https:\/\/blogs.uef.fi\/tiedonhaku-kauppatieteet\/?s={search_term_string}"},"query-input":{"@type":"PropertyValueSpecification","valueRequired":true,"valueName":"search_term_string"}}],"inLanguage":"fi"}]}},"_links":{"self":[{"href":"https:\/\/blogs.uef.fi\/tiedonhaku-kauppatieteet\/wp-json\/wp\/v2\/pages\/715","targetHints":{"allow":["GET"]}}],"collection":[{"href":"https:\/\/blogs.uef.fi\/tiedonhaku-kauppatieteet\/wp-json\/wp\/v2\/pages"}],"about":[{"href":"https:\/\/blogs.uef.fi\/tiedonhaku-kauppatieteet\/wp-json\/wp\/v2\/types\/page"}],"author":[{"embeddable":true,"href":"https:\/\/blogs.uef.fi\/tiedonhaku-kauppatieteet\/wp-json\/wp\/v2\/users\/190"}],"replies":[{"embeddable":true,"href":"https:\/\/blogs.uef.fi\/tiedonhaku-kauppatieteet\/wp-json\/wp\/v2\/comments?post=715"}],"version-history":[{"count":1,"href":"https:\/\/blogs.uef.fi\/tiedonhaku-kauppatieteet\/wp-json\/wp\/v2\/pages\/715\/revisions"}],"predecessor-version":[{"id":3332,"href":"https:\/\/blogs.uef.fi\/tiedonhaku-kauppatieteet\/wp-json\/wp\/v2\/pages\/715\/revisions\/3332"}],"up":[{"embeddable":true,"href":"https:\/\/blogs.uef.fi\/tiedonhaku-kauppatieteet\/wp-json\/wp\/v2\/pages\/17"}],"wp:attachment":[{"href":"https:\/\/blogs.uef.fi\/tiedonhaku-kauppatieteet\/wp-json\/wp\/v2\/media?parent=715"}],"curies":[{"name":"wp","href":"https:\/\/api.w.org\/{rel}","templated":true}]}}