{"id":696,"date":"2020-06-17T06:38:20","date_gmt":"2020-06-17T06:38:20","guid":{"rendered":"https:\/\/blogs.uef.fi\/tiedonhaku-kauppatieteet\/?page_id=696"},"modified":"2022-09-19T09:14:25","modified_gmt":"2022-09-19T09:14:25","slug":"hakusuunnitelma","status":"publish","type":"page","link":"https:\/\/blogs.uef.fi\/tiedonhaku-kauppatieteet\/aiheesta-hakusanoiksi\/hakusuunnitelma\/","title":{"rendered":"Hakusuunnitelma"},"content":{"rendered":"<h1>Tiedonhakusuunnitelma<\/h1>\n<ol>\n<li style=\"list-style-type: none\">\n<ol>\n<li>Tutkimusongelmasi \/ aiheesi<\/li>\n<li>Tee siit\u00e4 k\u00e4sitekartta tai listaa asiakokonaisuuksia.<br \/>\n(voi t\u00e4ydenty\u00e4 hakujen my\u00f6t\u00e4)<\/li>\n<li>Millaisilla sanoilla tai k\u00e4sitteill\u00e4 aiheestasi on voitu kirjoittaa? Millaiset hakusanat kuvaavat aihettasi?\n<ul>\n<li>Listaa hakusanoja sek\u00e4 suomeksi ett\u00e4 englanniksi<\/li>\n<li>Voit tehd\u00e4 koehakuja hahmotellaksesi aihettasi ja hakusanojasi<\/li>\n<\/ul>\n<\/li>\n<li>Miten yhdistelet hakusanojasi?\n<ul>\n<li>Toisilleen vaihtoehtoisia hakusanoja, synonyymej\u00e4 sek\u00e4 aihetta rajaavia hakusanoja (AND,OR, NOT)<\/li>\n<li>Muistitko sanojen taipumisen? (*)<\/li>\n<li>Miten rajaat hakuasi? Miten supistat tai laajennat hakuasi?<\/li>\n<\/ul>\n<\/li>\n<li>Mist\u00e4 tietokannoista l\u00e4hdet hakemaan tietoa?<\/li>\n<\/ol>\n<\/li>\n<\/ol>\n<p>Kotimaiset:<\/p>\n<ul>\n<li style=\"list-style-type: none\">\n<ul>\n<li><a href=\"https:\/\/primo.uef.fi\" target=\"_blank\" rel=\"noopener\">UEF-Primo<\/a><\/li>\n<li>Kansallinen <a href=\"https:\/\/finna.fi\/\" target=\"_blank\" rel=\"noopener\">Finna<\/a>, finna.fi<\/li>\n<li>Alma Talent: <a href=\"https:\/\/primo.uef.fi\/permalink\/358FIN_UOEF\/mhajq\/alma9911701503705966\" target=\"_blank\" rel=\"noopener\">Verkkokirjahylly <\/a><br \/>\nja sen <a href=\"https:\/\/primo.uef.fi\/permalink\/358FIN_UOEF\/mhajq\/alma9911698953705966\" target=\"_blank\" rel=\"noopener\">p\u00e4ivittyv\u00e4t hakuteokset<\/a><\/li>\n<li>Finlex, <a href=\"https:\/\/primo.uef.fi\/permalink\/358FIN_UOEF\/mhajq\/alma9911698823705966\" target=\"_blank\" rel=\"noopener\">Edilex<\/a><\/li>\n<\/ul>\n<\/li>\n<\/ul>\n<p>Kansainv\u00e4liset:<\/p>\n<ul>\n<li style=\"list-style-type: none\">\n<ul>\n<li><a href=\"https:\/\/primo.uef.fi\/permalink\/358FIN_UOEF\/mhajq\/alma9911698053705966\" target=\"_blank\" rel=\"noopener\">Business Source Elite<\/a> (Ebsco)<\/li>\n<li><a href=\"https:\/\/primo.uef.fi\/permalink\/358FIN_UOEF\/mhajq\/alma9914875427805966\" target=\"_blank\" rel=\"noopener\">EconLit<\/a> (Ebsco)<\/li>\n<li><a href=\"https:\/\/primo.uef.fi\/permalink\/358FIN_UOEF\/mhajq\/alma9911700183705966\" target=\"_blank\" rel=\"noopener\">Scopus<\/a> (monialainen)<\/li>\n<li><a href=\"https:\/\/primo.uef.fi\/permalink\/358FIN_UOEF\/mhajq\/alma9911699123705966\" target=\"_blank\" rel=\"noopener\">Web of Science<\/a> (monialainen)<\/li>\n<\/ul>\n<\/li>\n<\/ul>\n<p>Muiden alojen tietokannat? aiheesta riippuen esimerkiksi:<\/p>\n<ul>\n<li style=\"list-style-type: none\">\n<ul>\n<li><a href=\"https:\/\/www.uef.fi\/fi\/kirjasto\/oikeustieteiden-tiedonlahteet\" target=\"_blank\" rel=\"noopener noreferrer\">Oikeustieteiden tiedonl\u00e4hteet<\/a> [aukeaa uuteen v\u00e4lilehteen]<\/li>\n<li><a href=\"https:\/\/www.uef.fi\/fi\/kirjasto\/tietojenkasittelytieteen-tiedonlahteet\" target=\"_blank\" rel=\"noopener\">Tietojenk\u00e4sittelyn tiedonl\u00e4hteet<\/a> [aukeaa uuteen v\u00e4lilehteen]<\/li>\n<li><a href=\"https:\/\/primo.uef.fi\/permalink\/358FIN_UOEF\/mhajq\/alma9911699293705966\" target=\"_blank\" rel=\"noopener\">PsycINFO<\/a> (psykologia yms.)<\/li>\n<\/ul>\n<\/li>\n<\/ul>\n<p>Muuta, mit\u00e4?<\/p>\n<ul>\n<li style=\"list-style-type: none\">\n<ul>\n<li>UEF-Primon kansainv\u00e4listen artikkeleiden haku<\/li>\n<li>Google Scholar<\/li>\n<li>Eri kustantajien lehtiportaalit?<br \/>\n(esim. Elsevier ScienceDirect, Emerald, Wiley Online library, Sage Premier)<\/li>\n<li>Alan t\u00e4rkeimpien lehtien selailu. Mit\u00e4 lehti\u00e4?<\/li>\n<li>Lains\u00e4\u00e4d\u00e4nt\u00f6\u00e4, tilastoja, hy\u00f6dyllisi\u00e4 organisaatioita, muuta?<\/li>\n<\/ul>\n<\/li>\n<\/ul>\n","protected":false},"excerpt":{"rendered":"<p>Tiedonhakusuunnitelma Tutkimusongelmasi \/ aiheesi Tee siit\u00e4 k\u00e4sitekartta tai listaa asiakokonaisuuksia. (voi t\u00e4ydenty\u00e4 hakujen my\u00f6t\u00e4) Millaisilla sanoilla tai k\u00e4sitteill\u00e4 aiheestasi on voitu kirjoittaa? Millaiset hakusanat kuvaavat aihettasi? Listaa hakusanoja sek\u00e4 suomeksi ett\u00e4 englanniksi Voit tehd\u00e4 koehakuja hahmotellaksesi aihettasi ja hakusanojasi Miten yhdistelet hakusanojasi? Toisilleen vaihtoehtoisia hakusanoja, synonyymej\u00e4 sek\u00e4 aihetta rajaavia hakusanoja (AND,OR, NOT) Muistitko sanojen taipumisen? [&hellip;]<\/p>\n","protected":false},"author":190,"featured_media":0,"parent":17,"menu_order":0,"comment_status":"closed","ping_status":"closed","template":"","meta":{"_acf_changed":false,"footnotes":""},"class_list":["post-696","page","type-page","status-publish","hentry"],"acf":[],"yoast_head":"<!-- This site is optimized with the Yoast SEO plugin v27.1.1 - https:\/\/yoast.com\/product\/yoast-seo-wordpress\/ -->\n<title>Hakusuunnitelma - Tiedonhaku - Kauppatieteet<\/title>\n<meta name=\"robots\" content=\"index, follow, max-snippet:-1, max-image-preview:large, max-video-preview:-1\" \/>\n<link rel=\"canonical\" href=\"https:\/\/blogs.uef.fi\/tiedonhaku-kauppatieteet\/aiheesta-hakusanoiksi\/hakusuunnitelma\/\" \/>\n<meta property=\"og:locale\" content=\"fi_FI\" \/>\n<meta property=\"og:type\" content=\"article\" \/>\n<meta property=\"og:title\" content=\"Hakusuunnitelma - Tiedonhaku - Kauppatieteet\" \/>\n<meta property=\"og:description\" content=\"Tiedonhakusuunnitelma Tutkimusongelmasi \/ aiheesi Tee siit\u00e4 k\u00e4sitekartta tai listaa asiakokonaisuuksia. (voi t\u00e4ydenty\u00e4 hakujen my\u00f6t\u00e4) Millaisilla sanoilla tai k\u00e4sitteill\u00e4 aiheestasi on voitu kirjoittaa? Millaiset hakusanat kuvaavat aihettasi? Listaa hakusanoja sek\u00e4 suomeksi ett\u00e4 englanniksi Voit tehd\u00e4 koehakuja hahmotellaksesi aihettasi ja hakusanojasi Miten yhdistelet hakusanojasi? Toisilleen vaihtoehtoisia hakusanoja, synonyymej\u00e4 sek\u00e4 aihetta rajaavia hakusanoja (AND,OR, NOT) Muistitko sanojen taipumisen? [&hellip;]\" \/>\n<meta property=\"og:url\" content=\"https:\/\/blogs.uef.fi\/tiedonhaku-kauppatieteet\/aiheesta-hakusanoiksi\/hakusuunnitelma\/\" \/>\n<meta property=\"og:site_name\" content=\"Tiedonhaku - Kauppatieteet\" \/>\n<meta property=\"article:modified_time\" content=\"2022-09-19T09:14:25+00:00\" \/>\n<meta name=\"twitter:card\" content=\"summary_large_image\" \/>\n<meta name=\"twitter:label1\" content=\"Arvioitu lukuaika\" \/>\n\t<meta name=\"twitter:data1\" content=\"1 minuutti\" \/>\n<script type=\"application\/ld+json\" class=\"yoast-schema-graph\">{\"@context\":\"https:\/\/schema.org\",\"@graph\":[{\"@type\":\"WebPage\",\"@id\":\"https:\/\/blogs.uef.fi\/tiedonhaku-kauppatieteet\/aiheesta-hakusanoiksi\/hakusuunnitelma\/\",\"url\":\"https:\/\/blogs.uef.fi\/tiedonhaku-kauppatieteet\/aiheesta-hakusanoiksi\/hakusuunnitelma\/\",\"name\":\"Hakusuunnitelma - Tiedonhaku - Kauppatieteet\",\"isPartOf\":{\"@id\":\"https:\/\/blogs.uef.fi\/tiedonhaku-kauppatieteet\/#website\"},\"datePublished\":\"2020-06-17T06:38:20+00:00\",\"dateModified\":\"2022-09-19T09:14:25+00:00\",\"breadcrumb\":{\"@id\":\"https:\/\/blogs.uef.fi\/tiedonhaku-kauppatieteet\/aiheesta-hakusanoiksi\/hakusuunnitelma\/#breadcrumb\"},\"inLanguage\":\"fi\",\"potentialAction\":[{\"@type\":\"ReadAction\",\"target\":[\"https:\/\/blogs.uef.fi\/tiedonhaku-kauppatieteet\/aiheesta-hakusanoiksi\/hakusuunnitelma\/\"]}]},{\"@type\":\"BreadcrumbList\",\"@id\":\"https:\/\/blogs.uef.fi\/tiedonhaku-kauppatieteet\/aiheesta-hakusanoiksi\/hakusuunnitelma\/#breadcrumb\",\"itemListElement\":[{\"@type\":\"ListItem\",\"position\":1,\"name\":\"Home\",\"item\":\"https:\/\/blogs.uef.fi\/tiedonhaku-kauppatieteet\/\"},{\"@type\":\"ListItem\",\"position\":2,\"name\":\"Aiheesta hakusanoiksi\",\"item\":\"https:\/\/blogs.uef.fi\/tiedonhaku-kauppatieteet\/aiheesta-hakusanoiksi\/\"},{\"@type\":\"ListItem\",\"position\":3,\"name\":\"Hakusuunnitelma\"}]},{\"@type\":\"WebSite\",\"@id\":\"https:\/\/blogs.uef.fi\/tiedonhaku-kauppatieteet\/#website\",\"url\":\"https:\/\/blogs.uef.fi\/tiedonhaku-kauppatieteet\/\",\"name\":\"Tiedonhaku - Kauppatieteet\",\"description\":\"\",\"potentialAction\":[{\"@type\":\"SearchAction\",\"target\":{\"@type\":\"EntryPoint\",\"urlTemplate\":\"https:\/\/blogs.uef.fi\/tiedonhaku-kauppatieteet\/?s={search_term_string}\"},\"query-input\":{\"@type\":\"PropertyValueSpecification\",\"valueRequired\":true,\"valueName\":\"search_term_string\"}}],\"inLanguage\":\"fi\"}]}<\/script>\n<!-- \/ Yoast SEO plugin. -->","yoast_head_json":{"title":"Hakusuunnitelma - Tiedonhaku - Kauppatieteet","robots":{"index":"index","follow":"follow","max-snippet":"max-snippet:-1","max-image-preview":"max-image-preview:large","max-video-preview":"max-video-preview:-1"},"canonical":"https:\/\/blogs.uef.fi\/tiedonhaku-kauppatieteet\/aiheesta-hakusanoiksi\/hakusuunnitelma\/","og_locale":"fi_FI","og_type":"article","og_title":"Hakusuunnitelma - Tiedonhaku - Kauppatieteet","og_description":"Tiedonhakusuunnitelma Tutkimusongelmasi \/ aiheesi Tee siit\u00e4 k\u00e4sitekartta tai listaa asiakokonaisuuksia. (voi t\u00e4ydenty\u00e4 hakujen my\u00f6t\u00e4) Millaisilla sanoilla tai k\u00e4sitteill\u00e4 aiheestasi on voitu kirjoittaa? Millaiset hakusanat kuvaavat aihettasi? Listaa hakusanoja sek\u00e4 suomeksi ett\u00e4 englanniksi Voit tehd\u00e4 koehakuja hahmotellaksesi aihettasi ja hakusanojasi Miten yhdistelet hakusanojasi? Toisilleen vaihtoehtoisia hakusanoja, synonyymej\u00e4 sek\u00e4 aihetta rajaavia hakusanoja (AND,OR, NOT) Muistitko sanojen taipumisen? [&hellip;]","og_url":"https:\/\/blogs.uef.fi\/tiedonhaku-kauppatieteet\/aiheesta-hakusanoiksi\/hakusuunnitelma\/","og_site_name":"Tiedonhaku - Kauppatieteet","article_modified_time":"2022-09-19T09:14:25+00:00","twitter_card":"summary_large_image","twitter_misc":{"Arvioitu lukuaika":"1 minuutti"},"schema":{"@context":"https:\/\/schema.org","@graph":[{"@type":"WebPage","@id":"https:\/\/blogs.uef.fi\/tiedonhaku-kauppatieteet\/aiheesta-hakusanoiksi\/hakusuunnitelma\/","url":"https:\/\/blogs.uef.fi\/tiedonhaku-kauppatieteet\/aiheesta-hakusanoiksi\/hakusuunnitelma\/","name":"Hakusuunnitelma - Tiedonhaku - Kauppatieteet","isPartOf":{"@id":"https:\/\/blogs.uef.fi\/tiedonhaku-kauppatieteet\/#website"},"datePublished":"2020-06-17T06:38:20+00:00","dateModified":"2022-09-19T09:14:25+00:00","breadcrumb":{"@id":"https:\/\/blogs.uef.fi\/tiedonhaku-kauppatieteet\/aiheesta-hakusanoiksi\/hakusuunnitelma\/#breadcrumb"},"inLanguage":"fi","potentialAction":[{"@type":"ReadAction","target":["https:\/\/blogs.uef.fi\/tiedonhaku-kauppatieteet\/aiheesta-hakusanoiksi\/hakusuunnitelma\/"]}]},{"@type":"BreadcrumbList","@id":"https:\/\/blogs.uef.fi\/tiedonhaku-kauppatieteet\/aiheesta-hakusanoiksi\/hakusuunnitelma\/#breadcrumb","itemListElement":[{"@type":"ListItem","position":1,"name":"Home","item":"https:\/\/blogs.uef.fi\/tiedonhaku-kauppatieteet\/"},{"@type":"ListItem","position":2,"name":"Aiheesta hakusanoiksi","item":"https:\/\/blogs.uef.fi\/tiedonhaku-kauppatieteet\/aiheesta-hakusanoiksi\/"},{"@type":"ListItem","position":3,"name":"Hakusuunnitelma"}]},{"@type":"WebSite","@id":"https:\/\/blogs.uef.fi\/tiedonhaku-kauppatieteet\/#website","url":"https:\/\/blogs.uef.fi\/tiedonhaku-kauppatieteet\/","name":"Tiedonhaku - Kauppatieteet","description":"","potentialAction":[{"@type":"SearchAction","target":{"@type":"EntryPoint","urlTemplate":"https:\/\/blogs.uef.fi\/tiedonhaku-kauppatieteet\/?s={search_term_string}"},"query-input":{"@type":"PropertyValueSpecification","valueRequired":true,"valueName":"search_term_string"}}],"inLanguage":"fi"}]}},"_links":{"self":[{"href":"https:\/\/blogs.uef.fi\/tiedonhaku-kauppatieteet\/wp-json\/wp\/v2\/pages\/696","targetHints":{"allow":["GET"]}}],"collection":[{"href":"https:\/\/blogs.uef.fi\/tiedonhaku-kauppatieteet\/wp-json\/wp\/v2\/pages"}],"about":[{"href":"https:\/\/blogs.uef.fi\/tiedonhaku-kauppatieteet\/wp-json\/wp\/v2\/types\/page"}],"author":[{"embeddable":true,"href":"https:\/\/blogs.uef.fi\/tiedonhaku-kauppatieteet\/wp-json\/wp\/v2\/users\/190"}],"replies":[{"embeddable":true,"href":"https:\/\/blogs.uef.fi\/tiedonhaku-kauppatieteet\/wp-json\/wp\/v2\/comments?post=696"}],"version-history":[{"count":1,"href":"https:\/\/blogs.uef.fi\/tiedonhaku-kauppatieteet\/wp-json\/wp\/v2\/pages\/696\/revisions"}],"predecessor-version":[{"id":2226,"href":"https:\/\/blogs.uef.fi\/tiedonhaku-kauppatieteet\/wp-json\/wp\/v2\/pages\/696\/revisions\/2226"}],"up":[{"embeddable":true,"href":"https:\/\/blogs.uef.fi\/tiedonhaku-kauppatieteet\/wp-json\/wp\/v2\/pages\/17"}],"wp:attachment":[{"href":"https:\/\/blogs.uef.fi\/tiedonhaku-kauppatieteet\/wp-json\/wp\/v2\/media?parent=696"}],"curies":[{"name":"wp","href":"https:\/\/api.w.org\/{rel}","templated":true}]}}