{"id":57,"date":"2020-05-06T07:05:38","date_gmt":"2020-05-06T07:05:38","guid":{"rendered":"https:\/\/blogs.uef.fi\/tiedonhaku-kauppatieteet\/?page_id=57"},"modified":"2023-07-11T10:00:30","modified_gmt":"2023-07-11T10:00:30","slug":"ideoiva-selailevalla-haulkla-alkuun","status":"publish","type":"page","link":"https:\/\/blogs.uef.fi\/tiedonhaku-kauppatieteet\/aiheesta-hakusanoiksi\/ideoiva-selailevalla-haulkla-alkuun\/","title":{"rendered":"Ideoivalla haulla alkuun"},"content":{"rendered":"<div id=\"yui_3_17_2_1_1592374496018_30\" class=\"box generalbox center clearfix py-3\">\n<div id=\"yui_3_17_2_1_1592374496018_29\" class=\"no-overflow\">\n<p><span class=\"\">Kirjallisuuden kartoittaminen merkitsee my\u00f6s tutkimustilanteen kartoittamista, mit\u00e4 aiheesta on julkaistu, ja miten aihetta on tutkittu. <\/span><span class=\"\">Se auttaa aiheen rajaamisessa ja oman ty\u00f6n n\u00e4k\u00f6kulman t\u00e4sment\u00e4misess\u00e4.<\/span><\/p>\n<p><span class=\"\">Tietokantahakuja kannattaa k\u00e4ytt\u00e4\u00e4 hyv\u00e4ksi jo suunnittelu-, valmistelu- ja ideointivaiheessa. Se auttaa aiheen k\u00e4sitteiden ja hakusanojen hahmottelussa ja ker\u00e4\u00e4misess\u00e4. T\u00e4ss\u00e4 vaiheessa ei kannata uppoutua kovin syv\u00e4lle tuloksiin. Ideointivaiheeseen menee jonkin verran aikaa, mutta samalla se t\u00e4sment\u00e4\u00e4 sek\u00e4 aihettasi ett\u00e4 suunnitelmallisempaa (tai systemaattisempaa) tiedonhakuasi.<\/span><\/p>\n<p><span class=\"\">Joskus riitt\u00e4\u00e4 pikaisempi haku, jolla saadaan k\u00e4siin edes jotakin aiheesta. Usein kuitenkin pit\u00e4\u00e4 etsi\u00e4 l\u00e4hteit\u00e4 kattavammin. Esim. opinn\u00e4ytety\u00f6n pohjaksi selvitet\u00e4\u00e4n, mit\u00e4 aiheesta on jo julkaistu ja saatavilla.<\/span><\/p>\n<p>Kannattaa edet\u00e4<br \/>\n-&gt; Tutusta tuntemattomaan\u200b<br \/>\n-&gt; Kotimaisesta ulkomaiseen\u200b<br \/>\n-&gt; L\u00e4helt\u00e4 kauemmas\u200b<br \/>\n-&gt; Yleisest\u00e4 erityiseen \u200b<br \/>\nSamalla ker\u00e4ten vinkkej\u00e4 hakusanoiksi.\u200b<\/p>\n<h3><span class=\"\">Tiedonhakujaan ja aihettaan voi l\u00e4hesty\u00e4 eri tavoin<\/span><\/h3>\n<ul>\n<li><strong><span class=\"\">&#8221;<\/span><span class=\"\">Quick and simple&#8221;<\/span><\/strong><br \/>\n<span class=\"\"><span class=\"\">Haetaan mill\u00e4 tahansa omasta p\u00e4\u00e4st\u00e4 keksityll\u00e4 hakusanalla,\u00a0 jotta saadaan \u00e4kki\u00e4 edes jotakin, mist\u00e4 p\u00e4\u00e4see eteenp\u00e4in.<\/span><\/span><\/li>\n<li><b><span class=\"\">Laajemmasta suppeampaan<\/span><\/b><br \/>\n<span class=\"\"><span class=\"\">Aluksi valitaan tarpeeksi laaja aihealue\/k\u00e4site\/hakusana, ja aletaan supistaa sit\u00e4 tarkentavilla ja rajaavilla k\u00e4sitteill\u00e4.<\/span><\/span><\/li>\n<li><b><span class=\"\">Suppeammasta laajempaan<\/span><\/b><br \/>\n<span class=\"\"><span class=\"\">Ellei tarkka hakutermi anna tulosta, mietit\u00e4\u00e4n, mihin laajempaan aihealueeseen ongelma kuuluu.<\/span><\/span><\/li>\n<li><b><span class=\"\">&#8221;Helmenkasvatus&#8221;\/j\u00e4ljityshaku<br \/>\n<\/span><\/b>T<span class=\"\">\u00e4ydennet\u00e4\u00e4n hakutermej\u00e4 haun aikana saatujen tulosten perusteella, seurataan tulosten tarjoamia johtolankoja uusiin l\u00e4hteisiin.<\/span><span class=\"\">Tuloksesta saadaan vihjeit\u00e4 uusiksi hakusanoiksi, tiedonl\u00e4hteiksi, tekij\u00f6iksi, alan organisaatioksi tai julkaisusarjoiksi.\u00a0\u00a0 <\/span><\/li>\n<\/ul>\n<p><b><span class=\"\">&gt;<\/span> <\/b><span class=\"\">Mielenkiintoisen julkaisun <strong>l\u00e4hdeluettelo<\/strong> johtaa uusiin julkaisuihin &#8211; valitettavasti vain kohti vanhempia l\u00e4hteit\u00e4. <\/span><b><br \/>\n&gt; <\/b><span class=\"\">Joissakin kansainv\u00e4lisiss\u00e4 tietokannoissa (Scopus, Web of Science) pystyy seuraamaan my\u00f6s ao. artikkeliin my\u00f6hemmin tehtyj\u00e4 viittauksia. (<\/span><strong><span class=\"\">cited by<\/span><\/strong><span class=\"\">). My\u00f6s GoogleScholar seuraa<strong> viittausketjuja<\/strong>.<\/span><b><br \/>\n<span class=\"\">&gt;<\/span><\/b><span class=\"\"> Jo tiedetty\u00e4 hyv\u00e4\u00e4 l\u00e4hdett\u00e4 voi k\u00e4ytt\u00e4\u00e4 l\u00e4ht\u00f6kohtana my\u00f6s k\u00e4sitekarttoja tai graafisia tulosn\u00e4kymi\u00e4 tekeviss\u00e4 v\u00e4lineiss\u00e4. (kokeile esim. <a href=\"https:\/\/www.connectedpapers.com\/\" target=\"_blank\" rel=\"noopener\">Connected Papers) <\/a><\/span><b><span class=\"\"><br \/>\n<\/span><\/b><span class=\"\"><b>&gt; <\/b>Hyv\u00e4n kirjan tai artikkelin l\u00f6ydytty\u00e4 hae <strong>kirjoittajan muita julkaisuja<\/strong>.<\/span><br \/>\n<b><span class=\"\">&gt;<\/span><\/b> <span class=\"\">Katso tietokantahaun tuloksissa k\u00e4ytettyj\u00e4 <strong>asiasanoja<\/strong> ja hae niill\u00e4 lis\u00e4\u00e4 aineistoa.\u00a0 <\/span><span class=\"\">My\u00f6s otsikosta ja tiivistelm\u00e4st\u00e4 voi osua silmiin uusia <strong>hakusanaideoita<\/strong>.<\/span><br \/>\n<b>&gt; <\/b><span class=\"\">Tietokantahakujen k<\/span><span class=\"\">entt\u00e4rajauksilla\/-kohdistuksilla voi &#8221;leikki\u00e4&#8221;. Hakusanan etsiminen vain otsikkokent\u00e4st\u00e4 (nimeke; title) voi olla aiheen hahmotteluvaiheessa hy\u00f6dyllist\u00e4, vaikka se usein supistaa hakutulosta liikaa.<\/span><\/p>\n<ul>\n<li><b><span class=\"\">Selailu <\/span><\/b><br \/>\n<span class=\"\"><span class=\"\">My\u00f6s tietokannoissa voidaan selailla (browse), esim. tietyn lehden artikkeleita.<\/span><\/span><\/li>\n<li><strong><span class=\"\">Systemaattinen tiedonhaku<br \/>\n<\/span><\/strong><span class=\"\">Tieteellisen ty\u00f6n pohjaksi selvitet\u00e4\u00e4n kattavasti, mit\u00e4 aiheesta on jo julkaistu ja saatavilla. Mieti kattavasti vaihtoehtoiset ja rajaavat hakusanat ja yhdist\u00e4 niit\u00e4 loogisesti. K\u00e4yt\u00e4 useampia hakuv\u00e4lineit\u00e4\/tietokantoja.<\/span><\/li>\n<\/ul>\n<\/div>\n<\/div>\n","protected":false},"excerpt":{"rendered":"<p>Kirjallisuuden kartoittaminen merkitsee my\u00f6s tutkimustilanteen kartoittamista, mit\u00e4 aiheesta on julkaistu, ja miten aihetta on tutkittu. Se auttaa aiheen rajaamisessa ja oman ty\u00f6n n\u00e4k\u00f6kulman t\u00e4sment\u00e4misess\u00e4. Tietokantahakuja kannattaa k\u00e4ytt\u00e4\u00e4 hyv\u00e4ksi jo suunnittelu-, valmistelu- ja ideointivaiheessa. Se auttaa aiheen k\u00e4sitteiden ja hakusanojen hahmottelussa ja ker\u00e4\u00e4misess\u00e4. T\u00e4ss\u00e4 vaiheessa ei kannata uppoutua kovin syv\u00e4lle tuloksiin. Ideointivaiheeseen menee jonkin verran aikaa, [&hellip;]<\/p>\n","protected":false},"author":190,"featured_media":0,"parent":17,"menu_order":1,"comment_status":"closed","ping_status":"closed","template":"","meta":{"_acf_changed":false,"footnotes":""},"class_list":["post-57","page","type-page","status-publish","hentry"],"acf":[],"yoast_head":"<!-- This site is optimized with the Yoast SEO plugin v27.3 - https:\/\/yoast.com\/product\/yoast-seo-wordpress\/ -->\n<title>Ideoivalla haulla alkuun - Tiedonhaku - Kauppatieteet<\/title>\n<meta name=\"robots\" content=\"index, follow, max-snippet:-1, max-image-preview:large, max-video-preview:-1\" \/>\n<link rel=\"canonical\" href=\"https:\/\/blogs.uef.fi\/tiedonhaku-kauppatieteet\/aiheesta-hakusanoiksi\/ideoiva-selailevalla-haulkla-alkuun\/\" \/>\n<meta property=\"og:locale\" content=\"fi_FI\" \/>\n<meta property=\"og:type\" content=\"article\" \/>\n<meta property=\"og:title\" content=\"Ideoivalla haulla alkuun - Tiedonhaku - Kauppatieteet\" \/>\n<meta property=\"og:description\" content=\"Kirjallisuuden kartoittaminen merkitsee my\u00f6s tutkimustilanteen kartoittamista, mit\u00e4 aiheesta on julkaistu, ja miten aihetta on tutkittu. Se auttaa aiheen rajaamisessa ja oman ty\u00f6n n\u00e4k\u00f6kulman t\u00e4sment\u00e4misess\u00e4. Tietokantahakuja kannattaa k\u00e4ytt\u00e4\u00e4 hyv\u00e4ksi jo suunnittelu-, valmistelu- ja ideointivaiheessa. Se auttaa aiheen k\u00e4sitteiden ja hakusanojen hahmottelussa ja ker\u00e4\u00e4misess\u00e4. T\u00e4ss\u00e4 vaiheessa ei kannata uppoutua kovin syv\u00e4lle tuloksiin. Ideointivaiheeseen menee jonkin verran aikaa, [&hellip;]\" \/>\n<meta property=\"og:url\" content=\"https:\/\/blogs.uef.fi\/tiedonhaku-kauppatieteet\/aiheesta-hakusanoiksi\/ideoiva-selailevalla-haulkla-alkuun\/\" \/>\n<meta property=\"og:site_name\" content=\"Tiedonhaku - Kauppatieteet\" \/>\n<meta property=\"article:modified_time\" content=\"2023-07-11T10:00:30+00:00\" \/>\n<meta name=\"twitter:card\" content=\"summary_large_image\" \/>\n<meta name=\"twitter:label1\" content=\"Arvioitu lukuaika\" \/>\n\t<meta name=\"twitter:data1\" content=\"3 minuuttia\" \/>\n<script type=\"application\/ld+json\" class=\"yoast-schema-graph\">{\"@context\":\"https:\\\/\\\/schema.org\",\"@graph\":[{\"@type\":\"WebPage\",\"@id\":\"https:\\\/\\\/blogs.uef.fi\\\/tiedonhaku-kauppatieteet\\\/aiheesta-hakusanoiksi\\\/ideoiva-selailevalla-haulkla-alkuun\\\/\",\"url\":\"https:\\\/\\\/blogs.uef.fi\\\/tiedonhaku-kauppatieteet\\\/aiheesta-hakusanoiksi\\\/ideoiva-selailevalla-haulkla-alkuun\\\/\",\"name\":\"Ideoivalla haulla alkuun - Tiedonhaku - Kauppatieteet\",\"isPartOf\":{\"@id\":\"https:\\\/\\\/blogs.uef.fi\\\/tiedonhaku-kauppatieteet\\\/#website\"},\"datePublished\":\"2020-05-06T07:05:38+00:00\",\"dateModified\":\"2023-07-11T10:00:30+00:00\",\"breadcrumb\":{\"@id\":\"https:\\\/\\\/blogs.uef.fi\\\/tiedonhaku-kauppatieteet\\\/aiheesta-hakusanoiksi\\\/ideoiva-selailevalla-haulkla-alkuun\\\/#breadcrumb\"},\"inLanguage\":\"fi\",\"potentialAction\":[{\"@type\":\"ReadAction\",\"target\":[\"https:\\\/\\\/blogs.uef.fi\\\/tiedonhaku-kauppatieteet\\\/aiheesta-hakusanoiksi\\\/ideoiva-selailevalla-haulkla-alkuun\\\/\"]}]},{\"@type\":\"BreadcrumbList\",\"@id\":\"https:\\\/\\\/blogs.uef.fi\\\/tiedonhaku-kauppatieteet\\\/aiheesta-hakusanoiksi\\\/ideoiva-selailevalla-haulkla-alkuun\\\/#breadcrumb\",\"itemListElement\":[{\"@type\":\"ListItem\",\"position\":1,\"name\":\"Home\",\"item\":\"https:\\\/\\\/blogs.uef.fi\\\/tiedonhaku-kauppatieteet\\\/\"},{\"@type\":\"ListItem\",\"position\":2,\"name\":\"Aiheesta hakusanoiksi\",\"item\":\"https:\\\/\\\/blogs.uef.fi\\\/tiedonhaku-kauppatieteet\\\/aiheesta-hakusanoiksi\\\/\"},{\"@type\":\"ListItem\",\"position\":3,\"name\":\"Ideoivalla haulla alkuun\"}]},{\"@type\":\"WebSite\",\"@id\":\"https:\\\/\\\/blogs.uef.fi\\\/tiedonhaku-kauppatieteet\\\/#website\",\"url\":\"https:\\\/\\\/blogs.uef.fi\\\/tiedonhaku-kauppatieteet\\\/\",\"name\":\"Tiedonhaku - Kauppatieteet\",\"description\":\"\",\"potentialAction\":[{\"@type\":\"SearchAction\",\"target\":{\"@type\":\"EntryPoint\",\"urlTemplate\":\"https:\\\/\\\/blogs.uef.fi\\\/tiedonhaku-kauppatieteet\\\/?s={search_term_string}\"},\"query-input\":{\"@type\":\"PropertyValueSpecification\",\"valueRequired\":true,\"valueName\":\"search_term_string\"}}],\"inLanguage\":\"fi\"}]}<\/script>\n<!-- \/ Yoast SEO plugin. -->","yoast_head_json":{"title":"Ideoivalla haulla alkuun - Tiedonhaku - Kauppatieteet","robots":{"index":"index","follow":"follow","max-snippet":"max-snippet:-1","max-image-preview":"max-image-preview:large","max-video-preview":"max-video-preview:-1"},"canonical":"https:\/\/blogs.uef.fi\/tiedonhaku-kauppatieteet\/aiheesta-hakusanoiksi\/ideoiva-selailevalla-haulkla-alkuun\/","og_locale":"fi_FI","og_type":"article","og_title":"Ideoivalla haulla alkuun - Tiedonhaku - Kauppatieteet","og_description":"Kirjallisuuden kartoittaminen merkitsee my\u00f6s tutkimustilanteen kartoittamista, mit\u00e4 aiheesta on julkaistu, ja miten aihetta on tutkittu. Se auttaa aiheen rajaamisessa ja oman ty\u00f6n n\u00e4k\u00f6kulman t\u00e4sment\u00e4misess\u00e4. Tietokantahakuja kannattaa k\u00e4ytt\u00e4\u00e4 hyv\u00e4ksi jo suunnittelu-, valmistelu- ja ideointivaiheessa. Se auttaa aiheen k\u00e4sitteiden ja hakusanojen hahmottelussa ja ker\u00e4\u00e4misess\u00e4. T\u00e4ss\u00e4 vaiheessa ei kannata uppoutua kovin syv\u00e4lle tuloksiin. Ideointivaiheeseen menee jonkin verran aikaa, [&hellip;]","og_url":"https:\/\/blogs.uef.fi\/tiedonhaku-kauppatieteet\/aiheesta-hakusanoiksi\/ideoiva-selailevalla-haulkla-alkuun\/","og_site_name":"Tiedonhaku - Kauppatieteet","article_modified_time":"2023-07-11T10:00:30+00:00","twitter_card":"summary_large_image","twitter_misc":{"Arvioitu lukuaika":"3 minuuttia"},"schema":{"@context":"https:\/\/schema.org","@graph":[{"@type":"WebPage","@id":"https:\/\/blogs.uef.fi\/tiedonhaku-kauppatieteet\/aiheesta-hakusanoiksi\/ideoiva-selailevalla-haulkla-alkuun\/","url":"https:\/\/blogs.uef.fi\/tiedonhaku-kauppatieteet\/aiheesta-hakusanoiksi\/ideoiva-selailevalla-haulkla-alkuun\/","name":"Ideoivalla haulla alkuun - Tiedonhaku - Kauppatieteet","isPartOf":{"@id":"https:\/\/blogs.uef.fi\/tiedonhaku-kauppatieteet\/#website"},"datePublished":"2020-05-06T07:05:38+00:00","dateModified":"2023-07-11T10:00:30+00:00","breadcrumb":{"@id":"https:\/\/blogs.uef.fi\/tiedonhaku-kauppatieteet\/aiheesta-hakusanoiksi\/ideoiva-selailevalla-haulkla-alkuun\/#breadcrumb"},"inLanguage":"fi","potentialAction":[{"@type":"ReadAction","target":["https:\/\/blogs.uef.fi\/tiedonhaku-kauppatieteet\/aiheesta-hakusanoiksi\/ideoiva-selailevalla-haulkla-alkuun\/"]}]},{"@type":"BreadcrumbList","@id":"https:\/\/blogs.uef.fi\/tiedonhaku-kauppatieteet\/aiheesta-hakusanoiksi\/ideoiva-selailevalla-haulkla-alkuun\/#breadcrumb","itemListElement":[{"@type":"ListItem","position":1,"name":"Home","item":"https:\/\/blogs.uef.fi\/tiedonhaku-kauppatieteet\/"},{"@type":"ListItem","position":2,"name":"Aiheesta hakusanoiksi","item":"https:\/\/blogs.uef.fi\/tiedonhaku-kauppatieteet\/aiheesta-hakusanoiksi\/"},{"@type":"ListItem","position":3,"name":"Ideoivalla haulla alkuun"}]},{"@type":"WebSite","@id":"https:\/\/blogs.uef.fi\/tiedonhaku-kauppatieteet\/#website","url":"https:\/\/blogs.uef.fi\/tiedonhaku-kauppatieteet\/","name":"Tiedonhaku - Kauppatieteet","description":"","potentialAction":[{"@type":"SearchAction","target":{"@type":"EntryPoint","urlTemplate":"https:\/\/blogs.uef.fi\/tiedonhaku-kauppatieteet\/?s={search_term_string}"},"query-input":{"@type":"PropertyValueSpecification","valueRequired":true,"valueName":"search_term_string"}}],"inLanguage":"fi"}]}},"_links":{"self":[{"href":"https:\/\/blogs.uef.fi\/tiedonhaku-kauppatieteet\/wp-json\/wp\/v2\/pages\/57","targetHints":{"allow":["GET"]}}],"collection":[{"href":"https:\/\/blogs.uef.fi\/tiedonhaku-kauppatieteet\/wp-json\/wp\/v2\/pages"}],"about":[{"href":"https:\/\/blogs.uef.fi\/tiedonhaku-kauppatieteet\/wp-json\/wp\/v2\/types\/page"}],"author":[{"embeddable":true,"href":"https:\/\/blogs.uef.fi\/tiedonhaku-kauppatieteet\/wp-json\/wp\/v2\/users\/190"}],"replies":[{"embeddable":true,"href":"https:\/\/blogs.uef.fi\/tiedonhaku-kauppatieteet\/wp-json\/wp\/v2\/comments?post=57"}],"version-history":[{"count":2,"href":"https:\/\/blogs.uef.fi\/tiedonhaku-kauppatieteet\/wp-json\/wp\/v2\/pages\/57\/revisions"}],"predecessor-version":[{"id":3256,"href":"https:\/\/blogs.uef.fi\/tiedonhaku-kauppatieteet\/wp-json\/wp\/v2\/pages\/57\/revisions\/3256"}],"up":[{"embeddable":true,"href":"https:\/\/blogs.uef.fi\/tiedonhaku-kauppatieteet\/wp-json\/wp\/v2\/pages\/17"}],"wp:attachment":[{"href":"https:\/\/blogs.uef.fi\/tiedonhaku-kauppatieteet\/wp-json\/wp\/v2\/media?parent=57"}],"curies":[{"name":"wp","href":"https:\/\/api.w.org\/{rel}","templated":true}]}}