{"id":554,"date":"2020-06-16T07:07:22","date_gmt":"2020-06-16T07:07:22","guid":{"rendered":"https:\/\/blogs.uef.fi\/tiedonhaku-kauppatieteet\/?page_id=554"},"modified":"2023-04-21T07:50:33","modified_gmt":"2023-04-21T07:50:33","slug":"lakitieto-tilastot-yritystieto","status":"publish","type":"page","link":"https:\/\/blogs.uef.fi\/tiedonhaku-kauppatieteet\/tietokannat\/lakitieto-tilastot-yritystieto\/","title":{"rendered":"Lains\u00e4\u00e4d\u00e4nn\u00f6n ja oikeudellisen tiedon haku"},"content":{"rendered":"<h1>Lains\u00e4\u00e4d\u00e4nn\u00f6n ja muun oikeudellisen tiedon haku<\/h1>\n<ul>\n<li style=\"list-style-type: none\">\n<ul>\n<li><a href=\"https:\/\/www.finlex.fi\/\" target=\"_blank\" rel=\"noopener noreferrer\">FINLEX\u00a0<\/a> [aukeaa uuteen v\u00e4lilehteen]<br \/>\nSuomen s\u00e4\u00e4d\u00f6skokoelma (lait, asetukset, p\u00e4\u00e4t\u00f6kset), valtiosopimukset, s\u00e4\u00e4d\u00f6sk\u00e4\u00e4nn\u00f6kset sek\u00e4 korkeimman oikeuden ja korkeimman hallinto-oikeuden ennakkop\u00e4\u00e4t\u00f6kset. Suomen s\u00e4\u00e4d\u00f6skokoelman virallinen julkaisupaikka. FINLEX on julkinen ja kaikille avoin. <a href=\"https:\/\/www.finlex.fi\/fi\/ohjeet\/\" target=\"_blank\" rel=\"noopener noreferrer\">Finlex-ohjeita<\/a> [aukeaa uuteen v\u00e4lilehteen]<\/li>\n<li><a href=\"https:\/\/primo.uef.fi\/permalink\/358FIN_UOEF\/1jnohnf\/alma9911698823705966\" target=\"_blank\" rel=\"noopener noreferrer\">Edilex <\/a>[aukeaa uuteen v\u00e4lilehteen UEF-Primoon]<br \/>\nAjantasainen lains\u00e4\u00e4d\u00e4nt\u00f6, valtiosopimukset, EY-lains\u00e4\u00e4d\u00e4nt\u00f6,\u00a0 oikeusk\u00e4yt\u00e4nt\u00f6, lis\u00e4ksi mm. artikkeleita ja kirjoja.<\/li>\n<li><a href=\"https:\/\/primo.uef.fi\/permalink\/358FIN_UOEF\/1jnohnf\/alma9911700823705966\" target=\"_blank\" rel=\"noopener noreferrer\">Suomenlaki.com<\/a> [aukeaa uuteen v\u00e4lilehteen UEF-Primoon]<br \/>\nSuomen lains\u00e4\u00e4d\u00e4nt\u00f6 ja oikeustieteellisi\u00e4 kirjoja<\/li>\n<li><a href=\"https:\/\/primo.uef.fi\/permalink\/358FIN_UOEF\/1jnohnf\/alma9911698953705966\" target=\"_blank\" rel=\"noopener noreferrer\">Verkkokirjahyllyn p\u00e4ivittyv\u00e4t hakuteokset \/ Alma Talent <\/a>[aukeaa uuteen v\u00e4lilehteen UEF-Primoon]<br \/>\nKymmeni\u00e4 digitaalisia teoksia juridiikan, talouden ja verotuksen aihealueilta. Teoksia p\u00e4ivitet\u00e4\u00e4n jatkuvasti lains\u00e4\u00e4d\u00e4nn\u00f6n muutosten mukaan.<\/li>\n<li><a href=\"https:\/\/eur-lex.europa.eu\/homepage.html\" target=\"_blank\" rel=\"noopener noreferrer\">EUR-Lex <\/a>[aukeaa uuteen v\u00e4lilehteen]<br \/>\nEuroopan unionin oikeudelliset tekstit, lains\u00e4\u00e4d\u00e4nt\u00f6\u00e4 ja asiakirjoja 24 kielell\u00e4.<br \/>\nEUR-Lex on julkinen ja kaikille avoin.<\/li>\n<\/ul>\n<\/li>\n<\/ul>\n<h2>Lis\u00e4lukemista:<\/h2>\n<p><a href=\"https:\/\/www.eduskunta.fi\/FI\/naineduskuntatoimii\/kirjasto\/aineistot\/kotimainen_oikeus\/kotimaiset-oikeuslahteet\/Sivut\/default.aspx\" target=\"_blank\" rel=\"noopener\">Oikeusl\u00e4hteet tietopaketti<\/a> \/Eduskunnan kirjasto [aukeaa uuteen v\u00e4lilehteen]<\/p>\n<p>Tenhunen, S. (2011). <a href=\"https:\/\/primo.uef.fi\/permalink\/358FIN_UOEF\/10iob6c\/alma997653523705966\" target=\"_blank\" rel=\"noopener\">K\u00e4sikirja oikeudellisen tiedon hakijoille\u202f: kansallisen ja eurooppaoikeuden keskeiset informaatiol\u00e4hteet<\/a>. Susanna Tenhunen. WSOYpro. [aukeaa uuteen v\u00e4lilehteen UEF-Primoon]<\/p>\n<p><a href=\"http:\/\/www.uef.fi\/fi\/web\/kirjasto\/tiedonhaku-ja-tiedonhaun-opetus\/alakohtaiset-tiedonhaun-palvelut\/oikeustieteet\" target=\"_blank\" rel=\"noopener noreferrer\">Oikeustieteen tiedonl\u00e4hteit\u00e4<\/a> UEF-kirjaston sivulla. [aukeaa uuteen v\u00e4lilehteen]<\/p>\n","protected":false},"excerpt":{"rendered":"<p>Lains\u00e4\u00e4d\u00e4nn\u00f6n ja muun oikeudellisen tiedon haku FINLEX\u00a0 [aukeaa uuteen v\u00e4lilehteen] Suomen s\u00e4\u00e4d\u00f6skokoelma (lait, asetukset, p\u00e4\u00e4t\u00f6kset), valtiosopimukset, s\u00e4\u00e4d\u00f6sk\u00e4\u00e4nn\u00f6kset sek\u00e4 korkeimman oikeuden ja korkeimman hallinto-oikeuden ennakkop\u00e4\u00e4t\u00f6kset. Suomen s\u00e4\u00e4d\u00f6skokoelman virallinen julkaisupaikka. FINLEX on julkinen ja kaikille avoin. Finlex-ohjeita [aukeaa uuteen v\u00e4lilehteen] Edilex [aukeaa uuteen v\u00e4lilehteen UEF-Primoon] Ajantasainen lains\u00e4\u00e4d\u00e4nt\u00f6, valtiosopimukset, EY-lains\u00e4\u00e4d\u00e4nt\u00f6,\u00a0 oikeusk\u00e4yt\u00e4nt\u00f6, lis\u00e4ksi mm. artikkeleita ja kirjoja. Suomenlaki.com [aukeaa [&hellip;]<\/p>\n","protected":false},"author":190,"featured_media":0,"parent":67,"menu_order":9,"comment_status":"closed","ping_status":"closed","template":"","meta":{"_acf_changed":false,"footnotes":""},"class_list":["post-554","page","type-page","status-publish","hentry"],"acf":[],"yoast_head":"<!-- This site is optimized with the Yoast SEO plugin v27.1.1 - https:\/\/yoast.com\/product\/yoast-seo-wordpress\/ -->\n<title>Lains\u00e4\u00e4d\u00e4nn\u00f6n ja oikeudellisen tiedon haku - Tiedonhaku - Kauppatieteet<\/title>\n<meta name=\"robots\" content=\"index, follow, max-snippet:-1, max-image-preview:large, max-video-preview:-1\" \/>\n<link rel=\"canonical\" href=\"https:\/\/blogs.uef.fi\/tiedonhaku-kauppatieteet\/tietokannat\/lakitieto-tilastot-yritystieto\/\" \/>\n<meta property=\"og:locale\" content=\"fi_FI\" \/>\n<meta property=\"og:type\" content=\"article\" \/>\n<meta property=\"og:title\" content=\"Lains\u00e4\u00e4d\u00e4nn\u00f6n ja oikeudellisen tiedon haku - Tiedonhaku - Kauppatieteet\" \/>\n<meta property=\"og:description\" content=\"Lains\u00e4\u00e4d\u00e4nn\u00f6n ja muun oikeudellisen tiedon haku FINLEX\u00a0 [aukeaa uuteen v\u00e4lilehteen] Suomen s\u00e4\u00e4d\u00f6skokoelma (lait, asetukset, p\u00e4\u00e4t\u00f6kset), valtiosopimukset, s\u00e4\u00e4d\u00f6sk\u00e4\u00e4nn\u00f6kset sek\u00e4 korkeimman oikeuden ja korkeimman hallinto-oikeuden ennakkop\u00e4\u00e4t\u00f6kset. Suomen s\u00e4\u00e4d\u00f6skokoelman virallinen julkaisupaikka. FINLEX on julkinen ja kaikille avoin. Finlex-ohjeita [aukeaa uuteen v\u00e4lilehteen] Edilex [aukeaa uuteen v\u00e4lilehteen UEF-Primoon] Ajantasainen lains\u00e4\u00e4d\u00e4nt\u00f6, valtiosopimukset, EY-lains\u00e4\u00e4d\u00e4nt\u00f6,\u00a0 oikeusk\u00e4yt\u00e4nt\u00f6, lis\u00e4ksi mm. artikkeleita ja kirjoja. Suomenlaki.com [aukeaa [&hellip;]\" \/>\n<meta property=\"og:url\" content=\"https:\/\/blogs.uef.fi\/tiedonhaku-kauppatieteet\/tietokannat\/lakitieto-tilastot-yritystieto\/\" \/>\n<meta property=\"og:site_name\" content=\"Tiedonhaku - Kauppatieteet\" \/>\n<meta property=\"article:modified_time\" content=\"2023-04-21T07:50:33+00:00\" \/>\n<meta name=\"twitter:card\" content=\"summary_large_image\" \/>\n<meta name=\"twitter:label1\" content=\"Arvioitu lukuaika\" \/>\n\t<meta name=\"twitter:data1\" content=\"1 minuutti\" \/>\n<script type=\"application\/ld+json\" class=\"yoast-schema-graph\">{\"@context\":\"https:\/\/schema.org\",\"@graph\":[{\"@type\":\"WebPage\",\"@id\":\"https:\/\/blogs.uef.fi\/tiedonhaku-kauppatieteet\/tietokannat\/lakitieto-tilastot-yritystieto\/\",\"url\":\"https:\/\/blogs.uef.fi\/tiedonhaku-kauppatieteet\/tietokannat\/lakitieto-tilastot-yritystieto\/\",\"name\":\"Lains\u00e4\u00e4d\u00e4nn\u00f6n ja oikeudellisen tiedon haku - Tiedonhaku - Kauppatieteet\",\"isPartOf\":{\"@id\":\"https:\/\/blogs.uef.fi\/tiedonhaku-kauppatieteet\/#website\"},\"datePublished\":\"2020-06-16T07:07:22+00:00\",\"dateModified\":\"2023-04-21T07:50:33+00:00\",\"breadcrumb\":{\"@id\":\"https:\/\/blogs.uef.fi\/tiedonhaku-kauppatieteet\/tietokannat\/lakitieto-tilastot-yritystieto\/#breadcrumb\"},\"inLanguage\":\"fi\",\"potentialAction\":[{\"@type\":\"ReadAction\",\"target\":[\"https:\/\/blogs.uef.fi\/tiedonhaku-kauppatieteet\/tietokannat\/lakitieto-tilastot-yritystieto\/\"]}]},{\"@type\":\"BreadcrumbList\",\"@id\":\"https:\/\/blogs.uef.fi\/tiedonhaku-kauppatieteet\/tietokannat\/lakitieto-tilastot-yritystieto\/#breadcrumb\",\"itemListElement\":[{\"@type\":\"ListItem\",\"position\":1,\"name\":\"Home\",\"item\":\"https:\/\/blogs.uef.fi\/tiedonhaku-kauppatieteet\/\"},{\"@type\":\"ListItem\",\"position\":2,\"name\":\"Hakukoneet ja tietokannat\",\"item\":\"https:\/\/blogs.uef.fi\/tiedonhaku-kauppatieteet\/tietokannat\/\"},{\"@type\":\"ListItem\",\"position\":3,\"name\":\"Lains\u00e4\u00e4d\u00e4nn\u00f6n ja oikeudellisen tiedon haku\"}]},{\"@type\":\"WebSite\",\"@id\":\"https:\/\/blogs.uef.fi\/tiedonhaku-kauppatieteet\/#website\",\"url\":\"https:\/\/blogs.uef.fi\/tiedonhaku-kauppatieteet\/\",\"name\":\"Tiedonhaku - Kauppatieteet\",\"description\":\"\",\"potentialAction\":[{\"@type\":\"SearchAction\",\"target\":{\"@type\":\"EntryPoint\",\"urlTemplate\":\"https:\/\/blogs.uef.fi\/tiedonhaku-kauppatieteet\/?s={search_term_string}\"},\"query-input\":{\"@type\":\"PropertyValueSpecification\",\"valueRequired\":true,\"valueName\":\"search_term_string\"}}],\"inLanguage\":\"fi\"}]}<\/script>\n<!-- \/ Yoast SEO plugin. -->","yoast_head_json":{"title":"Lains\u00e4\u00e4d\u00e4nn\u00f6n ja oikeudellisen tiedon haku - Tiedonhaku - Kauppatieteet","robots":{"index":"index","follow":"follow","max-snippet":"max-snippet:-1","max-image-preview":"max-image-preview:large","max-video-preview":"max-video-preview:-1"},"canonical":"https:\/\/blogs.uef.fi\/tiedonhaku-kauppatieteet\/tietokannat\/lakitieto-tilastot-yritystieto\/","og_locale":"fi_FI","og_type":"article","og_title":"Lains\u00e4\u00e4d\u00e4nn\u00f6n ja oikeudellisen tiedon haku - Tiedonhaku - Kauppatieteet","og_description":"Lains\u00e4\u00e4d\u00e4nn\u00f6n ja muun oikeudellisen tiedon haku FINLEX\u00a0 [aukeaa uuteen v\u00e4lilehteen] Suomen s\u00e4\u00e4d\u00f6skokoelma (lait, asetukset, p\u00e4\u00e4t\u00f6kset), valtiosopimukset, s\u00e4\u00e4d\u00f6sk\u00e4\u00e4nn\u00f6kset sek\u00e4 korkeimman oikeuden ja korkeimman hallinto-oikeuden ennakkop\u00e4\u00e4t\u00f6kset. Suomen s\u00e4\u00e4d\u00f6skokoelman virallinen julkaisupaikka. FINLEX on julkinen ja kaikille avoin. Finlex-ohjeita [aukeaa uuteen v\u00e4lilehteen] Edilex [aukeaa uuteen v\u00e4lilehteen UEF-Primoon] Ajantasainen lains\u00e4\u00e4d\u00e4nt\u00f6, valtiosopimukset, EY-lains\u00e4\u00e4d\u00e4nt\u00f6,\u00a0 oikeusk\u00e4yt\u00e4nt\u00f6, lis\u00e4ksi mm. artikkeleita ja kirjoja. Suomenlaki.com [aukeaa [&hellip;]","og_url":"https:\/\/blogs.uef.fi\/tiedonhaku-kauppatieteet\/tietokannat\/lakitieto-tilastot-yritystieto\/","og_site_name":"Tiedonhaku - Kauppatieteet","article_modified_time":"2023-04-21T07:50:33+00:00","twitter_card":"summary_large_image","twitter_misc":{"Arvioitu lukuaika":"1 minuutti"},"schema":{"@context":"https:\/\/schema.org","@graph":[{"@type":"WebPage","@id":"https:\/\/blogs.uef.fi\/tiedonhaku-kauppatieteet\/tietokannat\/lakitieto-tilastot-yritystieto\/","url":"https:\/\/blogs.uef.fi\/tiedonhaku-kauppatieteet\/tietokannat\/lakitieto-tilastot-yritystieto\/","name":"Lains\u00e4\u00e4d\u00e4nn\u00f6n ja oikeudellisen tiedon haku - Tiedonhaku - Kauppatieteet","isPartOf":{"@id":"https:\/\/blogs.uef.fi\/tiedonhaku-kauppatieteet\/#website"},"datePublished":"2020-06-16T07:07:22+00:00","dateModified":"2023-04-21T07:50:33+00:00","breadcrumb":{"@id":"https:\/\/blogs.uef.fi\/tiedonhaku-kauppatieteet\/tietokannat\/lakitieto-tilastot-yritystieto\/#breadcrumb"},"inLanguage":"fi","potentialAction":[{"@type":"ReadAction","target":["https:\/\/blogs.uef.fi\/tiedonhaku-kauppatieteet\/tietokannat\/lakitieto-tilastot-yritystieto\/"]}]},{"@type":"BreadcrumbList","@id":"https:\/\/blogs.uef.fi\/tiedonhaku-kauppatieteet\/tietokannat\/lakitieto-tilastot-yritystieto\/#breadcrumb","itemListElement":[{"@type":"ListItem","position":1,"name":"Home","item":"https:\/\/blogs.uef.fi\/tiedonhaku-kauppatieteet\/"},{"@type":"ListItem","position":2,"name":"Hakukoneet ja tietokannat","item":"https:\/\/blogs.uef.fi\/tiedonhaku-kauppatieteet\/tietokannat\/"},{"@type":"ListItem","position":3,"name":"Lains\u00e4\u00e4d\u00e4nn\u00f6n ja oikeudellisen tiedon haku"}]},{"@type":"WebSite","@id":"https:\/\/blogs.uef.fi\/tiedonhaku-kauppatieteet\/#website","url":"https:\/\/blogs.uef.fi\/tiedonhaku-kauppatieteet\/","name":"Tiedonhaku - Kauppatieteet","description":"","potentialAction":[{"@type":"SearchAction","target":{"@type":"EntryPoint","urlTemplate":"https:\/\/blogs.uef.fi\/tiedonhaku-kauppatieteet\/?s={search_term_string}"},"query-input":{"@type":"PropertyValueSpecification","valueRequired":true,"valueName":"search_term_string"}}],"inLanguage":"fi"}]}},"_links":{"self":[{"href":"https:\/\/blogs.uef.fi\/tiedonhaku-kauppatieteet\/wp-json\/wp\/v2\/pages\/554","targetHints":{"allow":["GET"]}}],"collection":[{"href":"https:\/\/blogs.uef.fi\/tiedonhaku-kauppatieteet\/wp-json\/wp\/v2\/pages"}],"about":[{"href":"https:\/\/blogs.uef.fi\/tiedonhaku-kauppatieteet\/wp-json\/wp\/v2\/types\/page"}],"author":[{"embeddable":true,"href":"https:\/\/blogs.uef.fi\/tiedonhaku-kauppatieteet\/wp-json\/wp\/v2\/users\/190"}],"replies":[{"embeddable":true,"href":"https:\/\/blogs.uef.fi\/tiedonhaku-kauppatieteet\/wp-json\/wp\/v2\/comments?post=554"}],"version-history":[{"count":5,"href":"https:\/\/blogs.uef.fi\/tiedonhaku-kauppatieteet\/wp-json\/wp\/v2\/pages\/554\/revisions"}],"predecessor-version":[{"id":1716,"href":"https:\/\/blogs.uef.fi\/tiedonhaku-kauppatieteet\/wp-json\/wp\/v2\/pages\/554\/revisions\/1716"}],"up":[{"embeddable":true,"href":"https:\/\/blogs.uef.fi\/tiedonhaku-kauppatieteet\/wp-json\/wp\/v2\/pages\/67"}],"wp:attachment":[{"href":"https:\/\/blogs.uef.fi\/tiedonhaku-kauppatieteet\/wp-json\/wp\/v2\/media?parent=554"}],"curies":[{"name":"wp","href":"https:\/\/api.w.org\/{rel}","templated":true}]}}