{"id":533,"date":"2020-06-11T06:33:02","date_gmt":"2020-06-11T06:33:02","guid":{"rendered":"https:\/\/blogs.uef.fi\/tiedonhaku-kauppatieteet\/?page_id=533"},"modified":"2025-06-30T10:45:48","modified_gmt":"2025-06-30T08:45:48","slug":"business-source-elite-ebsco-ohjeita-ja-esimerkkeja","status":"publish","type":"page","link":"https:\/\/blogs.uef.fi\/tiedonhaku-kauppatieteet\/tietokannat\/tieteellisten-kansainvalisten-lehtiartikkeleiden-haku\/business-source-elite-ebsco-ohjeita-ja-esimerkkeja\/","title":{"rendered":"Business Source Elite (EBSCO): Ohjeita ja esimerkki"},"content":{"rendered":"<h2>Business Source Ebsco: ohjeita ja esimerkki<\/h2>\n<div id=\"yui_3_17_2_1_1591857385245_32\" class=\"box generalbox center clearfix py-3\">\n<div id=\"yui_3_17_2_1_1591857385245_31\" class=\"no-overflow\">\n<p><a href=\"https:\/\/primo.uef.fi\/permalink\/358FIN_UOEF\/1jnohnf\/alma9911698053705966\" target=\"_blank\" rel=\"noopener\">Tietokantaan Business Source Elite<\/a> [Aukeaa uuteen v\u00e4lilehteen UEF-Primoon; N\u00e4yt\u00e4 verkossa -otsikon alla linkki)<\/p>\n<p>Katso kurssimateriaalista <a href=\"https:\/\/urly.fi\/1FY6\" target=\"_blank\" rel=\"noopener noreferrer\">hakusanoista ja niiden yhdist\u00e4misest\u00e4<\/a>.<\/p>\n<ul>\n<li>Vaihtoehtoiset hakusanat (OR-kytkett\u00e4v\u00e4t) samalle riville \/ samaan hakulaatikkoon ja OR v\u00e4liin.<\/li>\n<li>\u00c4l\u00e4 vaihda hakulaatikoiden v\u00e4liss\u00e4 olevaa ANDia ORiksi!<\/li>\n<li>Sanan monikot ja erilaiset sanamuodot katkaisumerkill\u00e4: *<\/li>\n<li>&#8221;&#8221;-merkit useampiosaisten hakusanojen ymp\u00e4rille (ns. fraasit). Jos n\u00e4in antaa liian pient\u00e4 tulosta, poista &#8221;&#8221;-merkit.<\/li>\n<li>Rajaus tieteellisiin lehtiin kannattaa laittaa p\u00e4\u00e4lle, alalaidassa:\n<ul>\n<li>Limit your results: Peer Reviewed.<\/li>\n<\/ul>\n<\/li>\n<li>\u00c4l\u00e4 k\u00e4yt\u00e4 haussa tietokannan full text -rajausta! Sill\u00e4 j\u00e4\u00e4 tuloksen ulkopuolelle paljon sellaista, johon meille on hankittu saatavuus, p\u00e4\u00e4sy UEF-k\u00e4ytt\u00e4j\u00e4tunnuksin. Koko teksti vain l\u00f6ytyy silloin linkin &#8221;full text availability at UEF&#8221; -takaa.\n<ul>\n<li>Hakurivin per\u00e4ss\u00e4 olevasta pudotusvalikosta ei tarvitse valita mit\u00e4\u00e4n.<br \/>\nOletus: &#8221;Select a field (optional)&#8221; hakee kirjoittamaasi sanaa otsikosta, tiivistelm\u00e4st\u00e4 ja asiasanakentist\u00e4.<\/li>\n<li>K\u00e4ytt\u00f6kelpoisia rajauksia\/kohdistuksia siell\u00e4 ovat:<br \/>\n&#8211; ti title = hakee sanaa\/sanoja pelk\u00e4st\u00e4\u00e4n otsikoista<br \/>\n&#8211; su subject = hakee sanaa\/sanoja pelk\u00e4st\u00e4\u00e4n asiasanakentist\u00e4 (subjects). Varmista ett\u00e4 sanaa silloin k\u00e4ytet\u00e4\u00e4n asiasanana.<\/li>\n<\/ul>\n<\/li>\n<li>Tietokanta lajittelee tulokset ns. relevanssij\u00e4rjestykseen, jolloin parhaiten hakusanoihisi osuvat pit\u00e4isi tulla tuloslistan k\u00e4rkeen.<\/li>\n<li>Hakuhistoria on hyv\u00e4 kopioida ainakin itselleen muistiin -&gt; print search history.<\/li>\n<\/ul>\n<p><strong>Esimerkki:<\/strong>\u00a0Ty\u00f6hyvinvointi et\u00e4t\u00f6iss\u00e4<\/p>\n<p><img loading=\"lazy\" decoding=\"async\" class=\"alignnone size-large wp-image-3590\" src=\"https:\/\/blogs.uef.fi\/tiedonhaku-kauppatieteet\/wp-content\/uploads\/sites\/105\/2025\/06\/Nayttokuva-2025-06-30-100830-1024x437.png\" alt=\"Ebsco Business -hakuesimerkki: telework OR virtual work OR working from home AND employee well-being\" width=\"1024\" height=\"437\" srcset=\"https:\/\/blogs.uef.fi\/tiedonhaku-kauppatieteet\/wp-content\/uploads\/sites\/105\/2025\/06\/Nayttokuva-2025-06-30-100830-1024x437.png 1024w, https:\/\/blogs.uef.fi\/tiedonhaku-kauppatieteet\/wp-content\/uploads\/sites\/105\/2025\/06\/Nayttokuva-2025-06-30-100830-300x128.png 300w, https:\/\/blogs.uef.fi\/tiedonhaku-kauppatieteet\/wp-content\/uploads\/sites\/105\/2025\/06\/Nayttokuva-2025-06-30-100830-768x327.png 768w, https:\/\/blogs.uef.fi\/tiedonhaku-kauppatieteet\/wp-content\/uploads\/sites\/105\/2025\/06\/Nayttokuva-2025-06-30-100830.png 1400w\" sizes=\"auto, (max-width: 1024px) 100vw, 1024px\" \/><\/p>\n<p>Hakuhistoriassa n\u00e4ytt\u00e4\u00e4 t\u00e4lt\u00e4:<\/p>\n<table id=\"print-search-history-table\" border=\"1\" cellspacing=\"0\" cellpadding=\"3\">\n<tbody id=\"yui_3_17_2_1_1635499524816_37\">\n<tr id=\"yui_3_17_2_1_1635499524816_36\">\n<td id=\"yui_3_17_2_1_1635499524816_35\"><span id=\"ctl00_MainContentArea_printSearchHistoryControl_HistoryRepeater_ctl00_lblTerm\">( &#8221;remote work*&#8221; OR &#8221;virtual work*&#8221; OR telework* OR &#8221;work* from home&#8221; ) AND ( &#8221;employee well-being&#8221; OR &#8221;work well-being&#8221; OR &#8221;work related well-being&#8221; OR &#8221;well-being at work&#8221; OR &#8221;job satisfaction&#8221; )<\/span><\/td>\n<td><span id=\"ctl00_MainContentArea_printSearchHistoryControl_HistoryRepeater_ctl00_rpLimiters_ctl00_lblCaption\">Filters<\/span>\u00a0<span id=\"ctl00_MainContentArea_printSearchHistoryControl_HistoryRepeater_ctl00_rpLimiters_ctl00_lblDescription\">&#8211;\u00a0 \u00a0 \u00a0 \u00a0 <\/span><span id=\"ctl00_MainContentArea_printSearchHistoryControl_HistoryRepeater_ctl00_rpLimiters_ctl00_lblDescription\">Peer Reviewed<\/span><\/td>\n<td><span id=\"ctl00_MainContentArea_printSearchHistoryControl_HistoryRepeater_ctl00_rpRunVia_ctl00_lblCaption\">Interface<\/span> <span id=\"ctl00_MainContentArea_printSearchHistoryControl_HistoryRepeater_ctl00_rpRunVia_ctl00_lblDescription\"> &#8211; EBSCOhost Research Databases<\/span><br \/>\n<span id=\"ctl00_MainContentArea_printSearchHistoryControl_HistoryRepeater_ctl00_rpRunVia_ctl04_lblCaption\">Database<\/span> <span id=\"ctl00_MainContentArea_printSearchHistoryControl_HistoryRepeater_ctl00_rpRunVia_ctl04_lblDescription\"> &#8211; Business Source Elite<\/span><\/td>\n<td><span id=\"ctl00_MainContentArea_printSearchHistoryControl_HistoryRepeater_ctl00_lblResults\">Results: 523<\/span><\/p>\n<p>(Hakupv\u00e4 30.6.2025)<\/td>\n<\/tr>\n<\/tbody>\n<\/table>\n<\/div>\n<\/div>\n<div class=\"modified\"><\/div>\n","protected":false},"excerpt":{"rendered":"<p>Business Source Ebsco: ohjeita ja esimerkki Tietokantaan Business Source Elite [Aukeaa uuteen v\u00e4lilehteen UEF-Primoon; N\u00e4yt\u00e4 verkossa -otsikon alla linkki) Katso kurssimateriaalista hakusanoista ja niiden yhdist\u00e4misest\u00e4. Vaihtoehtoiset hakusanat (OR-kytkett\u00e4v\u00e4t) samalle riville \/ samaan hakulaatikkoon ja OR v\u00e4liin. \u00c4l\u00e4 vaihda hakulaatikoiden v\u00e4liss\u00e4 olevaa ANDia ORiksi! Sanan monikot ja erilaiset sanamuodot katkaisumerkill\u00e4: * &#8221;&#8221;-merkit useampiosaisten hakusanojen ymp\u00e4rille (ns. [&hellip;]<\/p>\n","protected":false},"author":190,"featured_media":0,"parent":487,"menu_order":1,"comment_status":"closed","ping_status":"closed","template":"","meta":{"_acf_changed":false,"footnotes":""},"class_list":["post-533","page","type-page","status-publish","hentry"],"acf":[],"yoast_head":"<!-- This site is optimized with the Yoast SEO plugin v27.1.1 - https:\/\/yoast.com\/product\/yoast-seo-wordpress\/ -->\n<title>Business Source Elite (EBSCO): Ohjeita ja esimerkki - Tiedonhaku - Kauppatieteet<\/title>\n<meta name=\"robots\" content=\"index, follow, max-snippet:-1, max-image-preview:large, max-video-preview:-1\" \/>\n<link rel=\"canonical\" href=\"https:\/\/blogs.uef.fi\/tiedonhaku-kauppatieteet\/tietokannat\/tieteellisten-kansainvalisten-lehtiartikkeleiden-haku\/business-source-elite-ebsco-ohjeita-ja-esimerkkeja\/\" \/>\n<meta property=\"og:locale\" content=\"fi_FI\" \/>\n<meta property=\"og:type\" content=\"article\" \/>\n<meta property=\"og:title\" content=\"Business Source Elite (EBSCO): Ohjeita ja esimerkki - Tiedonhaku - Kauppatieteet\" \/>\n<meta property=\"og:description\" content=\"Business Source Ebsco: ohjeita ja esimerkki Tietokantaan Business Source Elite [Aukeaa uuteen v\u00e4lilehteen UEF-Primoon; N\u00e4yt\u00e4 verkossa -otsikon alla linkki) Katso kurssimateriaalista hakusanoista ja niiden yhdist\u00e4misest\u00e4. Vaihtoehtoiset hakusanat (OR-kytkett\u00e4v\u00e4t) samalle riville \/ samaan hakulaatikkoon ja OR v\u00e4liin. \u00c4l\u00e4 vaihda hakulaatikoiden v\u00e4liss\u00e4 olevaa ANDia ORiksi! Sanan monikot ja erilaiset sanamuodot katkaisumerkill\u00e4: * &#8221;&#8221;-merkit useampiosaisten hakusanojen ymp\u00e4rille (ns. [&hellip;]\" \/>\n<meta property=\"og:url\" content=\"https:\/\/blogs.uef.fi\/tiedonhaku-kauppatieteet\/tietokannat\/tieteellisten-kansainvalisten-lehtiartikkeleiden-haku\/business-source-elite-ebsco-ohjeita-ja-esimerkkeja\/\" \/>\n<meta property=\"og:site_name\" content=\"Tiedonhaku - Kauppatieteet\" \/>\n<meta property=\"article:modified_time\" content=\"2025-06-30T08:45:48+00:00\" \/>\n<meta property=\"og:image\" content=\"https:\/\/blogs.uef.fi\/tiedonhaku-kauppatieteet\/wp-content\/uploads\/sites\/105\/2025\/06\/Nayttokuva-2025-06-30-100830.png\" \/>\n\t<meta property=\"og:image:width\" content=\"1400\" \/>\n\t<meta property=\"og:image:height\" content=\"597\" \/>\n\t<meta property=\"og:image:type\" content=\"image\/png\" \/>\n<meta name=\"twitter:card\" content=\"summary_large_image\" \/>\n<meta name=\"twitter:label1\" content=\"Arvioitu lukuaika\" \/>\n\t<meta name=\"twitter:data1\" content=\"2 minuuttia\" \/>\n<script type=\"application\/ld+json\" class=\"yoast-schema-graph\">{\"@context\":\"https:\/\/schema.org\",\"@graph\":[{\"@type\":\"WebPage\",\"@id\":\"https:\/\/blogs.uef.fi\/tiedonhaku-kauppatieteet\/tietokannat\/tieteellisten-kansainvalisten-lehtiartikkeleiden-haku\/business-source-elite-ebsco-ohjeita-ja-esimerkkeja\/\",\"url\":\"https:\/\/blogs.uef.fi\/tiedonhaku-kauppatieteet\/tietokannat\/tieteellisten-kansainvalisten-lehtiartikkeleiden-haku\/business-source-elite-ebsco-ohjeita-ja-esimerkkeja\/\",\"name\":\"Business Source Elite (EBSCO): Ohjeita ja esimerkki - Tiedonhaku - Kauppatieteet\",\"isPartOf\":{\"@id\":\"https:\/\/blogs.uef.fi\/tiedonhaku-kauppatieteet\/#website\"},\"primaryImageOfPage\":{\"@id\":\"https:\/\/blogs.uef.fi\/tiedonhaku-kauppatieteet\/tietokannat\/tieteellisten-kansainvalisten-lehtiartikkeleiden-haku\/business-source-elite-ebsco-ohjeita-ja-esimerkkeja\/#primaryimage\"},\"image\":{\"@id\":\"https:\/\/blogs.uef.fi\/tiedonhaku-kauppatieteet\/tietokannat\/tieteellisten-kansainvalisten-lehtiartikkeleiden-haku\/business-source-elite-ebsco-ohjeita-ja-esimerkkeja\/#primaryimage\"},\"thumbnailUrl\":\"https:\/\/blogs.uef.fi\/tiedonhaku-kauppatieteet\/wp-content\/uploads\/sites\/105\/2025\/06\/Nayttokuva-2025-06-30-100830-1024x437.png\",\"datePublished\":\"2020-06-11T06:33:02+00:00\",\"dateModified\":\"2025-06-30T08:45:48+00:00\",\"breadcrumb\":{\"@id\":\"https:\/\/blogs.uef.fi\/tiedonhaku-kauppatieteet\/tietokannat\/tieteellisten-kansainvalisten-lehtiartikkeleiden-haku\/business-source-elite-ebsco-ohjeita-ja-esimerkkeja\/#breadcrumb\"},\"inLanguage\":\"fi\",\"potentialAction\":[{\"@type\":\"ReadAction\",\"target\":[\"https:\/\/blogs.uef.fi\/tiedonhaku-kauppatieteet\/tietokannat\/tieteellisten-kansainvalisten-lehtiartikkeleiden-haku\/business-source-elite-ebsco-ohjeita-ja-esimerkkeja\/\"]}]},{\"@type\":\"ImageObject\",\"inLanguage\":\"fi\",\"@id\":\"https:\/\/blogs.uef.fi\/tiedonhaku-kauppatieteet\/tietokannat\/tieteellisten-kansainvalisten-lehtiartikkeleiden-haku\/business-source-elite-ebsco-ohjeita-ja-esimerkkeja\/#primaryimage\",\"url\":\"https:\/\/blogs.uef.fi\/tiedonhaku-kauppatieteet\/wp-content\/uploads\/sites\/105\/2025\/06\/Nayttokuva-2025-06-30-100830.png\",\"contentUrl\":\"https:\/\/blogs.uef.fi\/tiedonhaku-kauppatieteet\/wp-content\/uploads\/sites\/105\/2025\/06\/Nayttokuva-2025-06-30-100830.png\",\"width\":1400,\"height\":597,\"caption\":\"Ebsco Business -hakuesimerkki: telework OR virtual work OR working from home AND employee well-being\"},{\"@type\":\"BreadcrumbList\",\"@id\":\"https:\/\/blogs.uef.fi\/tiedonhaku-kauppatieteet\/tietokannat\/tieteellisten-kansainvalisten-lehtiartikkeleiden-haku\/business-source-elite-ebsco-ohjeita-ja-esimerkkeja\/#breadcrumb\",\"itemListElement\":[{\"@type\":\"ListItem\",\"position\":1,\"name\":\"Home\",\"item\":\"https:\/\/blogs.uef.fi\/tiedonhaku-kauppatieteet\/\"},{\"@type\":\"ListItem\",\"position\":2,\"name\":\"Hakukoneet ja tietokannat\",\"item\":\"https:\/\/blogs.uef.fi\/tiedonhaku-kauppatieteet\/tietokannat\/\"},{\"@type\":\"ListItem\",\"position\":3,\"name\":\"Kansainv\u00e4listen, tieteellisten lehtiartikkeleiden haku\",\"item\":\"https:\/\/blogs.uef.fi\/tiedonhaku-kauppatieteet\/tietokannat\/tieteellisten-kansainvalisten-lehtiartikkeleiden-haku\/\"},{\"@type\":\"ListItem\",\"position\":4,\"name\":\"Business Source Elite (EBSCO): Ohjeita ja esimerkki\"}]},{\"@type\":\"WebSite\",\"@id\":\"https:\/\/blogs.uef.fi\/tiedonhaku-kauppatieteet\/#website\",\"url\":\"https:\/\/blogs.uef.fi\/tiedonhaku-kauppatieteet\/\",\"name\":\"Tiedonhaku - Kauppatieteet\",\"description\":\"\",\"potentialAction\":[{\"@type\":\"SearchAction\",\"target\":{\"@type\":\"EntryPoint\",\"urlTemplate\":\"https:\/\/blogs.uef.fi\/tiedonhaku-kauppatieteet\/?s={search_term_string}\"},\"query-input\":{\"@type\":\"PropertyValueSpecification\",\"valueRequired\":true,\"valueName\":\"search_term_string\"}}],\"inLanguage\":\"fi\"}]}<\/script>\n<!-- \/ Yoast SEO plugin. -->","yoast_head_json":{"title":"Business Source Elite (EBSCO): Ohjeita ja esimerkki - Tiedonhaku - Kauppatieteet","robots":{"index":"index","follow":"follow","max-snippet":"max-snippet:-1","max-image-preview":"max-image-preview:large","max-video-preview":"max-video-preview:-1"},"canonical":"https:\/\/blogs.uef.fi\/tiedonhaku-kauppatieteet\/tietokannat\/tieteellisten-kansainvalisten-lehtiartikkeleiden-haku\/business-source-elite-ebsco-ohjeita-ja-esimerkkeja\/","og_locale":"fi_FI","og_type":"article","og_title":"Business Source Elite (EBSCO): Ohjeita ja esimerkki - Tiedonhaku - Kauppatieteet","og_description":"Business Source Ebsco: ohjeita ja esimerkki Tietokantaan Business Source Elite [Aukeaa uuteen v\u00e4lilehteen UEF-Primoon; N\u00e4yt\u00e4 verkossa -otsikon alla linkki) Katso kurssimateriaalista hakusanoista ja niiden yhdist\u00e4misest\u00e4. Vaihtoehtoiset hakusanat (OR-kytkett\u00e4v\u00e4t) samalle riville \/ samaan hakulaatikkoon ja OR v\u00e4liin. \u00c4l\u00e4 vaihda hakulaatikoiden v\u00e4liss\u00e4 olevaa ANDia ORiksi! Sanan monikot ja erilaiset sanamuodot katkaisumerkill\u00e4: * &#8221;&#8221;-merkit useampiosaisten hakusanojen ymp\u00e4rille (ns. [&hellip;]","og_url":"https:\/\/blogs.uef.fi\/tiedonhaku-kauppatieteet\/tietokannat\/tieteellisten-kansainvalisten-lehtiartikkeleiden-haku\/business-source-elite-ebsco-ohjeita-ja-esimerkkeja\/","og_site_name":"Tiedonhaku - Kauppatieteet","article_modified_time":"2025-06-30T08:45:48+00:00","og_image":[{"width":1400,"height":597,"url":"https:\/\/blogs.uef.fi\/tiedonhaku-kauppatieteet\/wp-content\/uploads\/sites\/105\/2025\/06\/Nayttokuva-2025-06-30-100830.png","type":"image\/png"}],"twitter_card":"summary_large_image","twitter_misc":{"Arvioitu lukuaika":"2 minuuttia"},"schema":{"@context":"https:\/\/schema.org","@graph":[{"@type":"WebPage","@id":"https:\/\/blogs.uef.fi\/tiedonhaku-kauppatieteet\/tietokannat\/tieteellisten-kansainvalisten-lehtiartikkeleiden-haku\/business-source-elite-ebsco-ohjeita-ja-esimerkkeja\/","url":"https:\/\/blogs.uef.fi\/tiedonhaku-kauppatieteet\/tietokannat\/tieteellisten-kansainvalisten-lehtiartikkeleiden-haku\/business-source-elite-ebsco-ohjeita-ja-esimerkkeja\/","name":"Business Source Elite (EBSCO): Ohjeita ja esimerkki - Tiedonhaku - Kauppatieteet","isPartOf":{"@id":"https:\/\/blogs.uef.fi\/tiedonhaku-kauppatieteet\/#website"},"primaryImageOfPage":{"@id":"https:\/\/blogs.uef.fi\/tiedonhaku-kauppatieteet\/tietokannat\/tieteellisten-kansainvalisten-lehtiartikkeleiden-haku\/business-source-elite-ebsco-ohjeita-ja-esimerkkeja\/#primaryimage"},"image":{"@id":"https:\/\/blogs.uef.fi\/tiedonhaku-kauppatieteet\/tietokannat\/tieteellisten-kansainvalisten-lehtiartikkeleiden-haku\/business-source-elite-ebsco-ohjeita-ja-esimerkkeja\/#primaryimage"},"thumbnailUrl":"https:\/\/blogs.uef.fi\/tiedonhaku-kauppatieteet\/wp-content\/uploads\/sites\/105\/2025\/06\/Nayttokuva-2025-06-30-100830-1024x437.png","datePublished":"2020-06-11T06:33:02+00:00","dateModified":"2025-06-30T08:45:48+00:00","breadcrumb":{"@id":"https:\/\/blogs.uef.fi\/tiedonhaku-kauppatieteet\/tietokannat\/tieteellisten-kansainvalisten-lehtiartikkeleiden-haku\/business-source-elite-ebsco-ohjeita-ja-esimerkkeja\/#breadcrumb"},"inLanguage":"fi","potentialAction":[{"@type":"ReadAction","target":["https:\/\/blogs.uef.fi\/tiedonhaku-kauppatieteet\/tietokannat\/tieteellisten-kansainvalisten-lehtiartikkeleiden-haku\/business-source-elite-ebsco-ohjeita-ja-esimerkkeja\/"]}]},{"@type":"ImageObject","inLanguage":"fi","@id":"https:\/\/blogs.uef.fi\/tiedonhaku-kauppatieteet\/tietokannat\/tieteellisten-kansainvalisten-lehtiartikkeleiden-haku\/business-source-elite-ebsco-ohjeita-ja-esimerkkeja\/#primaryimage","url":"https:\/\/blogs.uef.fi\/tiedonhaku-kauppatieteet\/wp-content\/uploads\/sites\/105\/2025\/06\/Nayttokuva-2025-06-30-100830.png","contentUrl":"https:\/\/blogs.uef.fi\/tiedonhaku-kauppatieteet\/wp-content\/uploads\/sites\/105\/2025\/06\/Nayttokuva-2025-06-30-100830.png","width":1400,"height":597,"caption":"Ebsco Business -hakuesimerkki: telework OR virtual work OR working from home AND employee well-being"},{"@type":"BreadcrumbList","@id":"https:\/\/blogs.uef.fi\/tiedonhaku-kauppatieteet\/tietokannat\/tieteellisten-kansainvalisten-lehtiartikkeleiden-haku\/business-source-elite-ebsco-ohjeita-ja-esimerkkeja\/#breadcrumb","itemListElement":[{"@type":"ListItem","position":1,"name":"Home","item":"https:\/\/blogs.uef.fi\/tiedonhaku-kauppatieteet\/"},{"@type":"ListItem","position":2,"name":"Hakukoneet ja tietokannat","item":"https:\/\/blogs.uef.fi\/tiedonhaku-kauppatieteet\/tietokannat\/"},{"@type":"ListItem","position":3,"name":"Kansainv\u00e4listen, tieteellisten lehtiartikkeleiden haku","item":"https:\/\/blogs.uef.fi\/tiedonhaku-kauppatieteet\/tietokannat\/tieteellisten-kansainvalisten-lehtiartikkeleiden-haku\/"},{"@type":"ListItem","position":4,"name":"Business Source Elite (EBSCO): Ohjeita ja esimerkki"}]},{"@type":"WebSite","@id":"https:\/\/blogs.uef.fi\/tiedonhaku-kauppatieteet\/#website","url":"https:\/\/blogs.uef.fi\/tiedonhaku-kauppatieteet\/","name":"Tiedonhaku - Kauppatieteet","description":"","potentialAction":[{"@type":"SearchAction","target":{"@type":"EntryPoint","urlTemplate":"https:\/\/blogs.uef.fi\/tiedonhaku-kauppatieteet\/?s={search_term_string}"},"query-input":{"@type":"PropertyValueSpecification","valueRequired":true,"valueName":"search_term_string"}}],"inLanguage":"fi"}]}},"_links":{"self":[{"href":"https:\/\/blogs.uef.fi\/tiedonhaku-kauppatieteet\/wp-json\/wp\/v2\/pages\/533","targetHints":{"allow":["GET"]}}],"collection":[{"href":"https:\/\/blogs.uef.fi\/tiedonhaku-kauppatieteet\/wp-json\/wp\/v2\/pages"}],"about":[{"href":"https:\/\/blogs.uef.fi\/tiedonhaku-kauppatieteet\/wp-json\/wp\/v2\/types\/page"}],"author":[{"embeddable":true,"href":"https:\/\/blogs.uef.fi\/tiedonhaku-kauppatieteet\/wp-json\/wp\/v2\/users\/190"}],"replies":[{"embeddable":true,"href":"https:\/\/blogs.uef.fi\/tiedonhaku-kauppatieteet\/wp-json\/wp\/v2\/comments?post=533"}],"version-history":[{"count":2,"href":"https:\/\/blogs.uef.fi\/tiedonhaku-kauppatieteet\/wp-json\/wp\/v2\/pages\/533\/revisions"}],"predecessor-version":[{"id":3595,"href":"https:\/\/blogs.uef.fi\/tiedonhaku-kauppatieteet\/wp-json\/wp\/v2\/pages\/533\/revisions\/3595"}],"up":[{"embeddable":true,"href":"https:\/\/blogs.uef.fi\/tiedonhaku-kauppatieteet\/wp-json\/wp\/v2\/pages\/487"}],"wp:attachment":[{"href":"https:\/\/blogs.uef.fi\/tiedonhaku-kauppatieteet\/wp-json\/wp\/v2\/media?parent=533"}],"curies":[{"name":"wp","href":"https:\/\/api.w.org\/{rel}","templated":true}]}}