{"id":487,"date":"2020-06-05T12:35:45","date_gmt":"2020-06-05T12:35:45","guid":{"rendered":"https:\/\/blogs.uef.fi\/tiedonhaku-kauppatieteet\/?page_id=487"},"modified":"2025-06-30T11:22:37","modified_gmt":"2025-06-30T09:22:37","slug":"tieteellisten-kansainvalisten-lehtiartikkeleiden-haku","status":"publish","type":"page","link":"https:\/\/blogs.uef.fi\/tiedonhaku-kauppatieteet\/tietokannat\/tieteellisten-kansainvalisten-lehtiartikkeleiden-haku\/","title":{"rendered":"Kansainv\u00e4listen, tieteellisten lehtiartikkeleiden haku"},"content":{"rendered":"<p><span class=\"\">Artikkelit kansainv\u00e4lisiss\u00e4 tieteellisiss\u00e4 aikakauslehdiss\u00e4 ovat t\u00e4rke\u00e4\u00e4 tutkimuskirjallisuutta kauppatieteiss\u00e4. Kansainv\u00e4listen tietokantojen avulla saat k\u00e4sityksen, mit\u00e4 etsim\u00e4st\u00e4si aiheesta ylip\u00e4\u00e4ns\u00e4 on julkaistu. Tietokantoihin seurataan suurta m\u00e4\u00e4r\u00e4\u00e4 eri kustantajien lehti\u00e4. Lehtiartikkelitietojen lis\u00e4ksi tietoja on usein my\u00f6s konferenssijulkaisuista ja kirja-aineistosta. Samoja, p\u00e4\u00e4llekk\u00e4isi\u00e4kin tuloksia eri tietokannoista tulee.\u00a0<\/span><\/p>\n<p><span class=\"\">Artikkelit ovat saatavissa joko kokonaisuudessaan (full text) tai pelkkin\u00e4 viittein\u00e4 tietokannasta ja kirjaston lehtitilauksista riippuen.<br \/>\n<\/span><br \/>\n<strong><span class=\"\">Kirjaudu omilla<\/span><span class=\"\"> UEF-k\u00e4ytt\u00e4j\u00e4tu<\/span><span class=\"\">nnuksillasi.<\/span><\/strong><\/p>\n<ul>\n<li><strong><a href=\"https:\/\/primo.uef.fi\/permalink\/358FIN_UOEF\/1jnohnf\/alma9911698053705966\" target=\"_blank\" rel=\"noopener noreferrer\"><span class=\"\">B<\/span><span class=\"\">usiness Source Elite<\/span><\/a><\/strong><span class=\"\"> [aukeaa uuteen v\u00e4lilehteen UEF-Primoon] <\/span><span class=\"\">Kansainv\u00e4lisi\u00e4 liiketalouden ja kansantalouden aikakauslehtiartikkeleita. Liiketalouteen kohdistunein tietokanta n\u00e4ist\u00e4. Jos aiheesi on monialaisempi, hae esim. Scopuksesta tai Web of Sciencest\u00e4.<br \/>\n<\/span><a href=\"https:\/\/urly.fi\/1Fw7\" target=\"_blank\" rel=\"noopener noreferrer\"><span class=\"\">Esimerkki ja ohjeita<\/span><\/a> [aukeaa uuteen v\u00e4lilehteen]<\/li>\n<li><strong><a href=\"https:\/\/primo.uef.fi\/permalink\/358FIN_UOEF\/mhajq\/alma9914875427805966\" target=\"_blank\" rel=\"noopener noreferrer\">EconLit\u00a0<\/a><\/strong><span class=\"\"><strong>[<\/strong>aukeaa uuteen v\u00e4lilehteen UEF-Primoon] <\/span>American Economic Associationin tuottama taloustieteellisen tutkimuksen tietokanta. Tietoa artikkeleista, kirjoista, ty\u00f6papereista, v\u00e4it\u00f6skirjoista.<br \/>\nToimii samalla Ebsco-k\u00e4ytt\u00f6liittym\u00e4ll\u00e4 kuin Business Source.<\/li>\n<li><a href=\"https:\/\/primo.uef.fi\/permalink\/358FIN_UOEF\/1jnohnf\/alma9911700183705966\" target=\"_blank\" rel=\"noopener noreferrer\"><span class=\"\"><strong>Scopus<\/strong>\u00a0<\/span><\/a><span class=\"\"><span class=\"\">[aukeaa uuteen v\u00e4lilehteen UEF-Primoon] <\/span><\/span>Laaja, <span class=\"\">monialainen<\/span><span class=\"\"> tietokanta, joka sis\u00e4lt\u00e4\u00e4 tietoja lehtiartikkeleiden lis\u00e4ksi\u00a0konferenssijulkaisuista, patenteista, kirjoista.<br \/>\nTietokantaan seurataan hyv\u00e4tasoisia kauppatieteen lehti\u00e4kin. Hy\u00f6dyllinen varsinkin, jos aiheesi on l\u00e4hell\u00e4 tekniikkaa ja insin\u00f6\u00f6ritieteit\u00e4. Paljon my\u00f6s terveystieteit\u00e4. Tietokannassa mahdollisuus rajata vain tietyn alan jukaisuihin (subject area).<br \/>\n&#8211; Mahdollisuus my\u00f6s siteerauksien hakuun (=mihin kyseisess\u00e4 artikkelissa on viitattu ja miss\u00e4 on viitattu t\u00e4h\u00e4n kyseiseen artikkeliin; viittausketjut).<\/span><br \/>\n<a href=\"https:\/\/youtu.be\/hXeph3fNIrs\" target=\"_blank\" rel=\"noopener\">Searching with keywords in Scopus<\/a> (2021) \/Cardiff University Library<br \/>\n(Youtube 3:52 min.; ei \u00e4\u00e4nt\u00e4; aukeaa uuteen v\u00e4lilehteen)<\/li>\n<li><strong><a href=\"https:\/\/primo.uef.fi\/permalink\/358FIN_UOEF\/1jnohnf\/alma9911699123705966\" target=\"_blank\" rel=\"noopener noreferrer\"><span class=\"\">Web of Science <\/span><\/a><\/strong><span class=\"\">[aukeaa uuteen v\u00e4lilehteen UEF-Primoon]<\/span><span class=\"\">(Sis\u00e4lt\u00e4\u00e4: Social Sciences Citation Index)<\/span><br \/>\n<span class=\"\">&#8211; Laaja, monialainen <\/span><span class=\"\">t\u00e4m\u00e4kin. Scopuksen kilpailija.<br \/>\n&#8211; Tietokannassa mahdollisuus rajata vain tietyn alan jukaisuihin (subject category).<\/span><br \/>\n<span class=\"\">&#8211; Mahdollisuus my\u00f6s siteeraushakuun (=mihin kyseisess\u00e4 artikkelissa on viitattu ja miss\u00e4 on viitattu t\u00e4h\u00e4n kyseiseen artikkeliin; viittausketjut).<\/span><\/li>\n<li><a href=\"https:\/\/primo.uef.fi\/permalink\/358FIN_UOEF\/mhajq\/alma9911698103705966\" target=\"_blank\" rel=\"noopener\"><span class=\"\"><strong>IEEE Xplore<\/strong> \u00a0<\/span><\/a><span class=\"\">[aukeaa uuteen v\u00e4lilehteen UEF-Primoon]<\/span><br \/>\n&#8211; tietotekniikkaa, elektroniikkaa\u00a0yms.<\/li>\n<li><strong><a href=\"https:\/\/primo.uef.fi\/\" target=\"_blank\" rel=\"noopener noreferrer\"><span class=\"\">UEF-Primon kansainv\u00e4liset artikkelit -haku<\/span><\/a><\/strong> <span class=\"\">[aukeaa uuteen v\u00e4lilehteen UEF-Primoon]<\/span><span class=\"\">&#8211; hakee monista tietokannoista samaan aikaan<br \/>\n&#8211; <\/span><span class=\"\">laaja, monialainen<br \/>\n&#8211; vertaisarvioitu-rajaus tarpeen<br \/>\n&#8211; aihe-rajaus (filtteri oikeassa laidassa) kokeilun arvoinen<br \/>\n<\/span><\/li>\n<li><span class=\"\">Tarvittaessa katso my\u00f6s <\/span><a href=\"http:\/\/www.uef.fi\/fi\/web\/kirjasto\/tiedonhaku-ja-tiedonhaun-opetus\/alakohtaiset-tiedonhaun-palvelut\/oikeustieteet\" target=\"_blank\" rel=\"noopener noreferrer\"><strong><span class=\"\">oikeustieteellisist\u00e4 l\u00e4hteist\u00e4\/tietokannoista<\/span><\/strong><\/a> [aukeaa uuteen v\u00e4lilehteen]<\/li>\n<\/ul>\n<table id=\"AutoNumber1\" border=\"0\" cellspacing=\"0\" cellpadding=\"5\" bgcolor=\"#ffffff\">\n<tbody>\n<tr>\n<td width=\"9%\"><strong><a href=\"https:\/\/blogs.uef.fi\/ueflibrary\/visuaalisia-tiedonhaun-valineita\/\" target=\"_blank\" rel=\"noopener\">Kokeile teko\u00e4lypohjaista, visuaalisia tiedonhaun v\u00e4lineit\u00e4 <\/a><\/strong>[aukeaa uuteen v\u00e4lilehteen]<br \/>\n(esim. Connected Papers, Open Knowledge Maps)<\/td>\n<\/tr>\n<\/tbody>\n<\/table>\n<ul>\n<li>\n<h2><span class=\"\">E-Lehtipalvelut\/Verkkolehtiportaalit <\/span><span class=\"\">(yksitt\u00e4isten kustantajien lehtipaketit)<\/span><\/h2>\n<p><span class=\"\">Lehtikustantajien omat tietokannat ovat suppeampia kuin yll\u00e4 luetellut, ja tietenkin pit\u00e4v\u00e4t sis\u00e4ll\u00e4\u00e4n vain kyseisen kustantajan lehtien artikkeleita. N\u00e4iss\u00e4 on h<\/span><span class=\"\">yv\u00e4 valikoima tieteellisi\u00e4 (peer reviewed) lehti\u00e4, mutta <\/span><b><span class=\"\">eri kustantajat<\/span><\/b><span class=\"\"> on tarkistettava erikseen.<br \/>\n<\/span><br \/>\n<span class=\"\">Huomaa, ett\u00e4 esimerkiksi Journal of Financen artikkelit eiv\u00e4t l\u00f6ydy ScienceDirectin kautta, koska ei ole Elsevierin kustantama lehti (vaan Wileyn).<\/span><\/p>\n<ul>\n<li><strong><a href=\"https:\/\/primo.uef.fi\/permalink\/358FIN_UOEF\/1jnohnf\/alma9911699603705966\" target=\"_blank\" rel=\"noopener noreferrer\"><span class=\"\">Science Direct<\/span><\/a><\/strong><span class=\"\"> (Elsevier) [aukeaa uuteen v\u00e4lilehteen UEF-Primoon]<br \/>\n<\/span><span class=\"\">Monialainen, kauppatieteit\u00e4 &#8211; international management, marketing, organizational behavior\u00a0&amp; HRM, strategy &amp; management, tourism, leisure &amp; hospitality &#8211;\u00a0e<\/span><span class=\"\">sim. European Management Journal, Human Resource Management Review, Industrial Marketing Management, International Business Review, Journal of Business Venturing<\/span><\/li>\n<li><strong><a href=\"https:\/\/primo.uef.fi\/permalink\/358FIN_UOEF\/1jnohnf\/alma9911699573705966\" target=\"_blank\" rel=\"noopener noreferrer\"><span class=\"\">Wiley Online Library<\/span><\/a><\/strong> <span class=\"\">[aukeaa uuteen v\u00e4lilehteen UEF-Primoon] <\/span><span class=\"\">Monialainen, kauppatieteit\u00e4\u00a0&#8211; business &amp; management, accounting, finance, economics &#8211; e<\/span><span class=\"\">sim. Accounting &amp; Finance, Journal of Finance, Journal of Futures Markets, Management and Organization Review,\u00a0Psychology &amp; Marketing, British Journal of Management <\/span><\/li>\n<\/ul>\n<ul>\n<li><strong><a href=\"https:\/\/primo.uef.fi\/permalink\/358FIN_UOEF\/1jnohnf\/alma9911699543705966\" target=\"_blank\" rel=\"noopener noreferrer\"><span class=\"\">Emerald<\/span><span class=\"\">\u00a0Journals <\/span><\/a><\/strong><span class=\"\">[aukeaa uuteen v\u00e4lilehteen UEF-Primoon] <\/span><span class=\"\">Aihealueina esim. accounting &amp; finance, HR &amp; organizational behavior, marketing, management science &amp; operations. <\/span><span class=\"\">Esim. Journal of risk finance, International journal of managerial finance, Journal of intellectual capital, Accounting research journal, Journal of consumer marketing<br \/>\n<\/span><\/li>\n<li><strong><a href=\"https:\/\/primo.uef.fi\/permalink\/358FIN_UOEF\/1jnohnf\/alma9911701293705966\" target=\"_blank\" rel=\"noopener noreferrer\"><span class=\"\">SAGE Premier <\/span><\/a><\/strong><span class=\"\">[aukeaa uuteen v\u00e4lilehteen UEF-Primoon] <\/span><span class=\"\">Hyvin varsinkin management &amp; organization studies\u00a0-lehti\u00e4. <\/span><span class=\"\">Esim. Family business review, Global business review, Human relations, Leadership, Marketing theory, Organization studies, Public relations quarterly<\/span><\/li>\n<\/ul>\n<\/li>\n<\/ul>\n<h2><span class=\"\">E-Lehtipalvelut\/Verkkolehtiportaalit <\/span><span class=\"\">(yksitt\u00e4isten kustantajien lehtipaketit)<\/span><\/h2>\n<p><span class=\"\">Lehtikustantajien omat tietokannat ovat suppeampia kuin yll\u00e4 luetellut, ja tietenkin pit\u00e4v\u00e4t sis\u00e4ll\u00e4\u00e4n vain kyseisen kustantajan lehtien artikkeleita. N\u00e4iss\u00e4 on h<\/span><span class=\"\">yv\u00e4 valikoima tieteellisi\u00e4 (peer reviewed) lehti\u00e4, mutta <\/span><b><span class=\"\">eri kustantajat<\/span><\/b><span class=\"\"> on tarkistettava erikseen.<br \/>\n<\/span><br \/>\n<span class=\"\">Huomaa, ett\u00e4 esimerkiksi Journal of Financen artikkelit eiv\u00e4t l\u00f6ydy ScienceDirectin kautta, koska ei ole Elsevierin kustantama lehti (vaan Wileyn).<\/span><\/p>\n<ul>\n<li><a href=\"https:\/\/primo.uef.fi\/permalink\/358FIN_UOEF\/1jnohnf\/alma9911699603705966\" target=\"_blank\" rel=\"noopener noreferrer\"><span class=\"\">Science Direct<\/span><\/a><span class=\"\"> (Elsevier) [aukeaa uuteen v\u00e4lilehteen UEF-Primoon]<br \/>\n<\/span><span class=\"\">Monialainen, kauppatieteit\u00e4 &#8211; international management, marketing, organizational behavior\u00a0&amp; HRM, strategy &amp; management, tourism, leisure &amp; hospitality &#8211;\u00a0e<\/span><span class=\"\">sim. European Management Journal, Human Resource Management Review, Industrial Marketing Management, International Business Review, Journal of Business Venturing<\/span><\/li>\n<\/ul>\n<ul>\n<li><a href=\"https:\/\/primo.uef.fi\/permalink\/358FIN_UOEF\/1jnohnf\/alma9911699573705966\" target=\"_blank\" rel=\"noopener noreferrer\"><span class=\"\">Wiley Online Library<\/span><\/a> <span class=\"\">[aukeaa uuteen v\u00e4lilehteen UEF-Primoon]<\/span><span class=\"\">Monialainen, kauppatieteit\u00e4\u00a0&#8211; business &amp; management, accounting, finance, economics &#8211; e<\/span><span class=\"\">sim. Accounting &amp; Finance, Journal of Finance, Journal of Futures Markets, Management and Organization Review,\u00a0Psychology &amp; Marketing, British Journal of Management <\/span><\/li>\n<\/ul>\n<ul>\n<li><a href=\"https:\/\/primo.uef.fi\/permalink\/358FIN_UOEF\/1jnohnf\/alma9911699543705966\" target=\"_blank\" rel=\"noopener noreferrer\"><span class=\"\">Emerald<\/span><span class=\"\">\u00a0Journals <\/span><\/a><span class=\"\">[aukeaa uuteen v\u00e4lilehteen UEF-Primoon]<\/span><span class=\"\">Aihealueina esim. accounting &amp; finance, HR &amp; organizational behavior, marketing, management science &amp; operations. <\/span><span class=\"\">Esim. Journal of risk finance, International journal of managerial finance, Journal of intellectual capital, Accounting research journal, Journal of consumer marketing<br \/>\n<\/span><\/li>\n<\/ul>\n<ul>\n<li><a href=\"https:\/\/primo.uef.fi\/permalink\/358FIN_UOEF\/1jnohnf\/alma9911701293705966\" target=\"_blank\" rel=\"noopener noreferrer\"><span class=\"\">SAGE Premier <\/span><\/a><span class=\"\">[aukeaa uuteen v\u00e4lilehteen UEF-Primoon]<\/span><span class=\"\">Hyvin varsinkin management &amp; organization studies\u00a0-lehti\u00e4. <\/span><span class=\"\">Esim. Family business review, Global business review, Human relations, Leadership, Marketing theory, Organization studies, Public relations quarterly<\/span><\/li>\n<\/ul>\n","protected":false},"excerpt":{"rendered":"<p>Artikkelit kansainv\u00e4lisiss\u00e4 tieteellisiss\u00e4 aikakauslehdiss\u00e4 ovat t\u00e4rke\u00e4\u00e4 tutkimuskirjallisuutta kauppatieteiss\u00e4. Kansainv\u00e4listen tietokantojen avulla saat k\u00e4sityksen, mit\u00e4 etsim\u00e4st\u00e4si aiheesta ylip\u00e4\u00e4ns\u00e4 on julkaistu. Tietokantoihin seurataan suurta m\u00e4\u00e4r\u00e4\u00e4 eri kustantajien lehti\u00e4. Lehtiartikkelitietojen lis\u00e4ksi tietoja on usein my\u00f6s konferenssijulkaisuista ja kirja-aineistosta. Samoja, p\u00e4\u00e4llekk\u00e4isi\u00e4kin tuloksia eri tietokannoista tulee.\u00a0 Artikkelit ovat saatavissa joko kokonaisuudessaan (full text) tai pelkkin\u00e4 viittein\u00e4 tietokannasta ja kirjaston lehtitilauksista [&hellip;]<\/p>\n","protected":false},"author":190,"featured_media":0,"parent":67,"menu_order":8,"comment_status":"closed","ping_status":"closed","template":"","meta":{"_acf_changed":false,"footnotes":""},"class_list":["post-487","page","type-page","status-publish","hentry"],"acf":[],"yoast_head":"<!-- This site is optimized with the Yoast SEO plugin v27.3 - https:\/\/yoast.com\/product\/yoast-seo-wordpress\/ -->\n<title>Kansainv\u00e4listen, tieteellisten lehtiartikkeleiden haku - Tiedonhaku - Kauppatieteet<\/title>\n<meta name=\"robots\" content=\"index, follow, max-snippet:-1, max-image-preview:large, max-video-preview:-1\" \/>\n<link rel=\"canonical\" href=\"https:\/\/blogs.uef.fi\/tiedonhaku-kauppatieteet\/tietokannat\/tieteellisten-kansainvalisten-lehtiartikkeleiden-haku\/\" \/>\n<meta property=\"og:locale\" content=\"fi_FI\" \/>\n<meta property=\"og:type\" content=\"article\" \/>\n<meta property=\"og:title\" content=\"Kansainv\u00e4listen, tieteellisten lehtiartikkeleiden haku - Tiedonhaku - Kauppatieteet\" \/>\n<meta property=\"og:description\" content=\"Artikkelit kansainv\u00e4lisiss\u00e4 tieteellisiss\u00e4 aikakauslehdiss\u00e4 ovat t\u00e4rke\u00e4\u00e4 tutkimuskirjallisuutta kauppatieteiss\u00e4. Kansainv\u00e4listen tietokantojen avulla saat k\u00e4sityksen, mit\u00e4 etsim\u00e4st\u00e4si aiheesta ylip\u00e4\u00e4ns\u00e4 on julkaistu. Tietokantoihin seurataan suurta m\u00e4\u00e4r\u00e4\u00e4 eri kustantajien lehti\u00e4. Lehtiartikkelitietojen lis\u00e4ksi tietoja on usein my\u00f6s konferenssijulkaisuista ja kirja-aineistosta. Samoja, p\u00e4\u00e4llekk\u00e4isi\u00e4kin tuloksia eri tietokannoista tulee.\u00a0 Artikkelit ovat saatavissa joko kokonaisuudessaan (full text) tai pelkkin\u00e4 viittein\u00e4 tietokannasta ja kirjaston lehtitilauksista [&hellip;]\" \/>\n<meta property=\"og:url\" content=\"https:\/\/blogs.uef.fi\/tiedonhaku-kauppatieteet\/tietokannat\/tieteellisten-kansainvalisten-lehtiartikkeleiden-haku\/\" \/>\n<meta property=\"og:site_name\" content=\"Tiedonhaku - Kauppatieteet\" \/>\n<meta property=\"article:modified_time\" content=\"2025-06-30T09:22:37+00:00\" \/>\n<meta name=\"twitter:card\" content=\"summary_large_image\" \/>\n<meta name=\"twitter:label1\" content=\"Arvioitu lukuaika\" \/>\n\t<meta name=\"twitter:data1\" content=\"5 minuuttia\" \/>\n<script type=\"application\/ld+json\" class=\"yoast-schema-graph\">{\"@context\":\"https:\\\/\\\/schema.org\",\"@graph\":[{\"@type\":\"WebPage\",\"@id\":\"https:\\\/\\\/blogs.uef.fi\\\/tiedonhaku-kauppatieteet\\\/tietokannat\\\/tieteellisten-kansainvalisten-lehtiartikkeleiden-haku\\\/\",\"url\":\"https:\\\/\\\/blogs.uef.fi\\\/tiedonhaku-kauppatieteet\\\/tietokannat\\\/tieteellisten-kansainvalisten-lehtiartikkeleiden-haku\\\/\",\"name\":\"Kansainv\u00e4listen, tieteellisten lehtiartikkeleiden haku - Tiedonhaku - Kauppatieteet\",\"isPartOf\":{\"@id\":\"https:\\\/\\\/blogs.uef.fi\\\/tiedonhaku-kauppatieteet\\\/#website\"},\"datePublished\":\"2020-06-05T12:35:45+00:00\",\"dateModified\":\"2025-06-30T09:22:37+00:00\",\"breadcrumb\":{\"@id\":\"https:\\\/\\\/blogs.uef.fi\\\/tiedonhaku-kauppatieteet\\\/tietokannat\\\/tieteellisten-kansainvalisten-lehtiartikkeleiden-haku\\\/#breadcrumb\"},\"inLanguage\":\"fi\",\"potentialAction\":[{\"@type\":\"ReadAction\",\"target\":[\"https:\\\/\\\/blogs.uef.fi\\\/tiedonhaku-kauppatieteet\\\/tietokannat\\\/tieteellisten-kansainvalisten-lehtiartikkeleiden-haku\\\/\"]}]},{\"@type\":\"BreadcrumbList\",\"@id\":\"https:\\\/\\\/blogs.uef.fi\\\/tiedonhaku-kauppatieteet\\\/tietokannat\\\/tieteellisten-kansainvalisten-lehtiartikkeleiden-haku\\\/#breadcrumb\",\"itemListElement\":[{\"@type\":\"ListItem\",\"position\":1,\"name\":\"Home\",\"item\":\"https:\\\/\\\/blogs.uef.fi\\\/tiedonhaku-kauppatieteet\\\/\"},{\"@type\":\"ListItem\",\"position\":2,\"name\":\"Hakukoneet ja tietokannat\",\"item\":\"https:\\\/\\\/blogs.uef.fi\\\/tiedonhaku-kauppatieteet\\\/tietokannat\\\/\"},{\"@type\":\"ListItem\",\"position\":3,\"name\":\"Kansainv\u00e4listen, tieteellisten lehtiartikkeleiden haku\"}]},{\"@type\":\"WebSite\",\"@id\":\"https:\\\/\\\/blogs.uef.fi\\\/tiedonhaku-kauppatieteet\\\/#website\",\"url\":\"https:\\\/\\\/blogs.uef.fi\\\/tiedonhaku-kauppatieteet\\\/\",\"name\":\"Tiedonhaku - Kauppatieteet\",\"description\":\"\",\"potentialAction\":[{\"@type\":\"SearchAction\",\"target\":{\"@type\":\"EntryPoint\",\"urlTemplate\":\"https:\\\/\\\/blogs.uef.fi\\\/tiedonhaku-kauppatieteet\\\/?s={search_term_string}\"},\"query-input\":{\"@type\":\"PropertyValueSpecification\",\"valueRequired\":true,\"valueName\":\"search_term_string\"}}],\"inLanguage\":\"fi\"}]}<\/script>\n<!-- \/ Yoast SEO plugin. -->","yoast_head_json":{"title":"Kansainv\u00e4listen, tieteellisten lehtiartikkeleiden haku - Tiedonhaku - Kauppatieteet","robots":{"index":"index","follow":"follow","max-snippet":"max-snippet:-1","max-image-preview":"max-image-preview:large","max-video-preview":"max-video-preview:-1"},"canonical":"https:\/\/blogs.uef.fi\/tiedonhaku-kauppatieteet\/tietokannat\/tieteellisten-kansainvalisten-lehtiartikkeleiden-haku\/","og_locale":"fi_FI","og_type":"article","og_title":"Kansainv\u00e4listen, tieteellisten lehtiartikkeleiden haku - Tiedonhaku - Kauppatieteet","og_description":"Artikkelit kansainv\u00e4lisiss\u00e4 tieteellisiss\u00e4 aikakauslehdiss\u00e4 ovat t\u00e4rke\u00e4\u00e4 tutkimuskirjallisuutta kauppatieteiss\u00e4. Kansainv\u00e4listen tietokantojen avulla saat k\u00e4sityksen, mit\u00e4 etsim\u00e4st\u00e4si aiheesta ylip\u00e4\u00e4ns\u00e4 on julkaistu. Tietokantoihin seurataan suurta m\u00e4\u00e4r\u00e4\u00e4 eri kustantajien lehti\u00e4. Lehtiartikkelitietojen lis\u00e4ksi tietoja on usein my\u00f6s konferenssijulkaisuista ja kirja-aineistosta. Samoja, p\u00e4\u00e4llekk\u00e4isi\u00e4kin tuloksia eri tietokannoista tulee.\u00a0 Artikkelit ovat saatavissa joko kokonaisuudessaan (full text) tai pelkkin\u00e4 viittein\u00e4 tietokannasta ja kirjaston lehtitilauksista [&hellip;]","og_url":"https:\/\/blogs.uef.fi\/tiedonhaku-kauppatieteet\/tietokannat\/tieteellisten-kansainvalisten-lehtiartikkeleiden-haku\/","og_site_name":"Tiedonhaku - Kauppatieteet","article_modified_time":"2025-06-30T09:22:37+00:00","twitter_card":"summary_large_image","twitter_misc":{"Arvioitu lukuaika":"5 minuuttia"},"schema":{"@context":"https:\/\/schema.org","@graph":[{"@type":"WebPage","@id":"https:\/\/blogs.uef.fi\/tiedonhaku-kauppatieteet\/tietokannat\/tieteellisten-kansainvalisten-lehtiartikkeleiden-haku\/","url":"https:\/\/blogs.uef.fi\/tiedonhaku-kauppatieteet\/tietokannat\/tieteellisten-kansainvalisten-lehtiartikkeleiden-haku\/","name":"Kansainv\u00e4listen, tieteellisten lehtiartikkeleiden haku - Tiedonhaku - Kauppatieteet","isPartOf":{"@id":"https:\/\/blogs.uef.fi\/tiedonhaku-kauppatieteet\/#website"},"datePublished":"2020-06-05T12:35:45+00:00","dateModified":"2025-06-30T09:22:37+00:00","breadcrumb":{"@id":"https:\/\/blogs.uef.fi\/tiedonhaku-kauppatieteet\/tietokannat\/tieteellisten-kansainvalisten-lehtiartikkeleiden-haku\/#breadcrumb"},"inLanguage":"fi","potentialAction":[{"@type":"ReadAction","target":["https:\/\/blogs.uef.fi\/tiedonhaku-kauppatieteet\/tietokannat\/tieteellisten-kansainvalisten-lehtiartikkeleiden-haku\/"]}]},{"@type":"BreadcrumbList","@id":"https:\/\/blogs.uef.fi\/tiedonhaku-kauppatieteet\/tietokannat\/tieteellisten-kansainvalisten-lehtiartikkeleiden-haku\/#breadcrumb","itemListElement":[{"@type":"ListItem","position":1,"name":"Home","item":"https:\/\/blogs.uef.fi\/tiedonhaku-kauppatieteet\/"},{"@type":"ListItem","position":2,"name":"Hakukoneet ja tietokannat","item":"https:\/\/blogs.uef.fi\/tiedonhaku-kauppatieteet\/tietokannat\/"},{"@type":"ListItem","position":3,"name":"Kansainv\u00e4listen, tieteellisten lehtiartikkeleiden haku"}]},{"@type":"WebSite","@id":"https:\/\/blogs.uef.fi\/tiedonhaku-kauppatieteet\/#website","url":"https:\/\/blogs.uef.fi\/tiedonhaku-kauppatieteet\/","name":"Tiedonhaku - Kauppatieteet","description":"","potentialAction":[{"@type":"SearchAction","target":{"@type":"EntryPoint","urlTemplate":"https:\/\/blogs.uef.fi\/tiedonhaku-kauppatieteet\/?s={search_term_string}"},"query-input":{"@type":"PropertyValueSpecification","valueRequired":true,"valueName":"search_term_string"}}],"inLanguage":"fi"}]}},"_links":{"self":[{"href":"https:\/\/blogs.uef.fi\/tiedonhaku-kauppatieteet\/wp-json\/wp\/v2\/pages\/487","targetHints":{"allow":["GET"]}}],"collection":[{"href":"https:\/\/blogs.uef.fi\/tiedonhaku-kauppatieteet\/wp-json\/wp\/v2\/pages"}],"about":[{"href":"https:\/\/blogs.uef.fi\/tiedonhaku-kauppatieteet\/wp-json\/wp\/v2\/types\/page"}],"author":[{"embeddable":true,"href":"https:\/\/blogs.uef.fi\/tiedonhaku-kauppatieteet\/wp-json\/wp\/v2\/users\/190"}],"replies":[{"embeddable":true,"href":"https:\/\/blogs.uef.fi\/tiedonhaku-kauppatieteet\/wp-json\/wp\/v2\/comments?post=487"}],"version-history":[{"count":1,"href":"https:\/\/blogs.uef.fi\/tiedonhaku-kauppatieteet\/wp-json\/wp\/v2\/pages\/487\/revisions"}],"predecessor-version":[{"id":3605,"href":"https:\/\/blogs.uef.fi\/tiedonhaku-kauppatieteet\/wp-json\/wp\/v2\/pages\/487\/revisions\/3605"}],"up":[{"embeddable":true,"href":"https:\/\/blogs.uef.fi\/tiedonhaku-kauppatieteet\/wp-json\/wp\/v2\/pages\/67"}],"wp:attachment":[{"href":"https:\/\/blogs.uef.fi\/tiedonhaku-kauppatieteet\/wp-json\/wp\/v2\/media?parent=487"}],"curies":[{"name":"wp","href":"https:\/\/api.w.org\/{rel}","templated":true}]}}