{"id":475,"date":"2020-06-05T12:07:31","date_gmt":"2020-06-05T12:07:31","guid":{"rendered":"https:\/\/blogs.uef.fi\/tiedonhaku-kauppatieteet\/?page_id=475"},"modified":"2022-09-13T09:59:11","modified_gmt":"2022-09-13T09:59:11","slug":"kotimaisten-artikkeleiden-haku","status":"publish","type":"page","link":"https:\/\/blogs.uef.fi\/tiedonhaku-kauppatieteet\/tietokannat\/kotimaisten-artikkeleiden-haku\/","title":{"rendered":"Kotimaisten lehtiartikkeleiden haku"},"content":{"rendered":"<h1>Kotimaisten lehtiartikkeleiden haku<\/h1>\n<p>Kotimaisiin artikkelitietokantoihin seurataan tieteellisyydelt\u00e4\u00e4n ja ammatillisuudeltaan eri tasoisia lehti\u00e4, joten kannattaa olla kriittinen my\u00f6s n\u00e4iss\u00e4. Tarkista, onko lehdell\u00e4 <a href=\"https:\/\/jfp.csc.fi\/\" target=\"_blank\" rel=\"noopener\">julkaisufoorumiluokitus (JUFO)<\/a> [aukeaa uuteen v\u00e4lilehteen]<\/p>\n<ul>\n<li style=\"list-style-type: none\">\n<ul>\n<li><a href=\"https:\/\/finna.fi\/\" target=\"_blank\" rel=\"noopener noreferrer\">Kansallisen Finnan<\/a>\u00a0 [aukeaa uuteen v\u00e4lilehteen]tuloksiin tulee my\u00f6s artikkeleiden tietoja.<br \/>\nRajaus vasemman laidan aineistotyypeist\u00e4: lehti\/artikkeli.<br \/>\nTuloksiin tulee my\u00f6s ammatillisia ja yleistajuisia lehtiartikkeleita. Tieteellisyydell\u00e4\/vertaisarvioinnilla ei pysty rajaamaan.<\/li>\n<li><a href=\"https:\/\/tiedejatutkimus.fi\/fi\/\" target=\"_blank\" rel=\"noopener\">Tiedejatutkimus.fi<\/a> (ent. Juuli) [aukeaa uuteen v\u00e4lilehteen]<br \/>\nSuomalaisten yliopistojen ja tutkimuslaitosten julkaisutietoja.<br \/>\nSuuri osa on julkaistu kansainv\u00e4lisiss\u00e4 tietellisiss\u00e4 l\u00e4hteiss\u00e4 englanninkielell\u00e4.<br \/>\nHaun j\u00e4lkeen voi rajata esim. yliopistoittain, tieteenaloittain, julkaisuvuosittain tai julkaisutyypeitt\u00e4in.<\/li>\n<li><a href=\"https:\/\/primo.uef.fi\/permalink\/358FIN_UOEF\/mhajq\/alma9911698823705966\" target=\"_blank\" rel=\"noopener\">Edilex <\/a>[aukeaa uuteen v\u00e4lilehteen UEF-Primoon]<br \/>\nsis\u00e4lt\u00e4\u00e4 my\u00f6s lehtiartikkeleita (Lehdist\u00e4: Verotus, Oikeus, Defensor Legis, Ymp\u00e4rist\u00f6juridiikka)<\/li>\n<\/ul>\n<\/li>\n<\/ul>\n","protected":false},"excerpt":{"rendered":"<p>Kotimaisten lehtiartikkeleiden haku Kotimaisiin artikkelitietokantoihin seurataan tieteellisyydelt\u00e4\u00e4n ja ammatillisuudeltaan eri tasoisia lehti\u00e4, joten kannattaa olla kriittinen my\u00f6s n\u00e4iss\u00e4. Tarkista, onko lehdell\u00e4 julkaisufoorumiluokitus (JUFO) [aukeaa uuteen v\u00e4lilehteen] Kansallisen Finnan\u00a0 [aukeaa uuteen v\u00e4lilehteen]tuloksiin tulee my\u00f6s artikkeleiden tietoja. Rajaus vasemman laidan aineistotyypeist\u00e4: lehti\/artikkeli. Tuloksiin tulee my\u00f6s ammatillisia ja yleistajuisia lehtiartikkeleita. Tieteellisyydell\u00e4\/vertaisarvioinnilla ei pysty rajaamaan. Tiedejatutkimus.fi (ent. Juuli) [aukeaa [&hellip;]<\/p>\n","protected":false},"author":190,"featured_media":0,"parent":67,"menu_order":7,"comment_status":"closed","ping_status":"closed","template":"","meta":{"_acf_changed":false,"footnotes":""},"class_list":["post-475","page","type-page","status-publish","hentry"],"acf":[],"yoast_head":"<!-- This site is optimized with the Yoast SEO plugin v27.1.1 - https:\/\/yoast.com\/product\/yoast-seo-wordpress\/ -->\n<title>Kotimaisten lehtiartikkeleiden haku - Tiedonhaku - Kauppatieteet<\/title>\n<meta name=\"robots\" content=\"index, follow, max-snippet:-1, max-image-preview:large, max-video-preview:-1\" \/>\n<link rel=\"canonical\" href=\"https:\/\/blogs.uef.fi\/tiedonhaku-kauppatieteet\/tietokannat\/kotimaisten-artikkeleiden-haku\/\" \/>\n<meta property=\"og:locale\" content=\"fi_FI\" \/>\n<meta property=\"og:type\" content=\"article\" \/>\n<meta property=\"og:title\" content=\"Kotimaisten lehtiartikkeleiden haku - Tiedonhaku - Kauppatieteet\" \/>\n<meta property=\"og:description\" content=\"Kotimaisten lehtiartikkeleiden haku Kotimaisiin artikkelitietokantoihin seurataan tieteellisyydelt\u00e4\u00e4n ja ammatillisuudeltaan eri tasoisia lehti\u00e4, joten kannattaa olla kriittinen my\u00f6s n\u00e4iss\u00e4. Tarkista, onko lehdell\u00e4 julkaisufoorumiluokitus (JUFO) [aukeaa uuteen v\u00e4lilehteen] Kansallisen Finnan\u00a0 [aukeaa uuteen v\u00e4lilehteen]tuloksiin tulee my\u00f6s artikkeleiden tietoja. Rajaus vasemman laidan aineistotyypeist\u00e4: lehti\/artikkeli. Tuloksiin tulee my\u00f6s ammatillisia ja yleistajuisia lehtiartikkeleita. Tieteellisyydell\u00e4\/vertaisarvioinnilla ei pysty rajaamaan. Tiedejatutkimus.fi (ent. Juuli) [aukeaa [&hellip;]\" \/>\n<meta property=\"og:url\" content=\"https:\/\/blogs.uef.fi\/tiedonhaku-kauppatieteet\/tietokannat\/kotimaisten-artikkeleiden-haku\/\" \/>\n<meta property=\"og:site_name\" content=\"Tiedonhaku - Kauppatieteet\" \/>\n<meta property=\"article:modified_time\" content=\"2022-09-13T09:59:11+00:00\" \/>\n<meta name=\"twitter:card\" content=\"summary_large_image\" \/>\n<meta name=\"twitter:label1\" content=\"Arvioitu lukuaika\" \/>\n\t<meta name=\"twitter:data1\" content=\"1 minuutti\" \/>\n<script type=\"application\/ld+json\" class=\"yoast-schema-graph\">{\"@context\":\"https:\/\/schema.org\",\"@graph\":[{\"@type\":\"WebPage\",\"@id\":\"https:\/\/blogs.uef.fi\/tiedonhaku-kauppatieteet\/tietokannat\/kotimaisten-artikkeleiden-haku\/\",\"url\":\"https:\/\/blogs.uef.fi\/tiedonhaku-kauppatieteet\/tietokannat\/kotimaisten-artikkeleiden-haku\/\",\"name\":\"Kotimaisten lehtiartikkeleiden haku - Tiedonhaku - Kauppatieteet\",\"isPartOf\":{\"@id\":\"https:\/\/blogs.uef.fi\/tiedonhaku-kauppatieteet\/#website\"},\"datePublished\":\"2020-06-05T12:07:31+00:00\",\"dateModified\":\"2022-09-13T09:59:11+00:00\",\"breadcrumb\":{\"@id\":\"https:\/\/blogs.uef.fi\/tiedonhaku-kauppatieteet\/tietokannat\/kotimaisten-artikkeleiden-haku\/#breadcrumb\"},\"inLanguage\":\"fi\",\"potentialAction\":[{\"@type\":\"ReadAction\",\"target\":[\"https:\/\/blogs.uef.fi\/tiedonhaku-kauppatieteet\/tietokannat\/kotimaisten-artikkeleiden-haku\/\"]}]},{\"@type\":\"BreadcrumbList\",\"@id\":\"https:\/\/blogs.uef.fi\/tiedonhaku-kauppatieteet\/tietokannat\/kotimaisten-artikkeleiden-haku\/#breadcrumb\",\"itemListElement\":[{\"@type\":\"ListItem\",\"position\":1,\"name\":\"Home\",\"item\":\"https:\/\/blogs.uef.fi\/tiedonhaku-kauppatieteet\/\"},{\"@type\":\"ListItem\",\"position\":2,\"name\":\"Hakukoneet ja tietokannat\",\"item\":\"https:\/\/blogs.uef.fi\/tiedonhaku-kauppatieteet\/tietokannat\/\"},{\"@type\":\"ListItem\",\"position\":3,\"name\":\"Kotimaisten lehtiartikkeleiden haku\"}]},{\"@type\":\"WebSite\",\"@id\":\"https:\/\/blogs.uef.fi\/tiedonhaku-kauppatieteet\/#website\",\"url\":\"https:\/\/blogs.uef.fi\/tiedonhaku-kauppatieteet\/\",\"name\":\"Tiedonhaku - Kauppatieteet\",\"description\":\"\",\"potentialAction\":[{\"@type\":\"SearchAction\",\"target\":{\"@type\":\"EntryPoint\",\"urlTemplate\":\"https:\/\/blogs.uef.fi\/tiedonhaku-kauppatieteet\/?s={search_term_string}\"},\"query-input\":{\"@type\":\"PropertyValueSpecification\",\"valueRequired\":true,\"valueName\":\"search_term_string\"}}],\"inLanguage\":\"fi\"}]}<\/script>\n<!-- \/ Yoast SEO plugin. -->","yoast_head_json":{"title":"Kotimaisten lehtiartikkeleiden haku - Tiedonhaku - Kauppatieteet","robots":{"index":"index","follow":"follow","max-snippet":"max-snippet:-1","max-image-preview":"max-image-preview:large","max-video-preview":"max-video-preview:-1"},"canonical":"https:\/\/blogs.uef.fi\/tiedonhaku-kauppatieteet\/tietokannat\/kotimaisten-artikkeleiden-haku\/","og_locale":"fi_FI","og_type":"article","og_title":"Kotimaisten lehtiartikkeleiden haku - Tiedonhaku - Kauppatieteet","og_description":"Kotimaisten lehtiartikkeleiden haku Kotimaisiin artikkelitietokantoihin seurataan tieteellisyydelt\u00e4\u00e4n ja ammatillisuudeltaan eri tasoisia lehti\u00e4, joten kannattaa olla kriittinen my\u00f6s n\u00e4iss\u00e4. Tarkista, onko lehdell\u00e4 julkaisufoorumiluokitus (JUFO) [aukeaa uuteen v\u00e4lilehteen] Kansallisen Finnan\u00a0 [aukeaa uuteen v\u00e4lilehteen]tuloksiin tulee my\u00f6s artikkeleiden tietoja. Rajaus vasemman laidan aineistotyypeist\u00e4: lehti\/artikkeli. Tuloksiin tulee my\u00f6s ammatillisia ja yleistajuisia lehtiartikkeleita. Tieteellisyydell\u00e4\/vertaisarvioinnilla ei pysty rajaamaan. Tiedejatutkimus.fi (ent. Juuli) [aukeaa [&hellip;]","og_url":"https:\/\/blogs.uef.fi\/tiedonhaku-kauppatieteet\/tietokannat\/kotimaisten-artikkeleiden-haku\/","og_site_name":"Tiedonhaku - Kauppatieteet","article_modified_time":"2022-09-13T09:59:11+00:00","twitter_card":"summary_large_image","twitter_misc":{"Arvioitu lukuaika":"1 minuutti"},"schema":{"@context":"https:\/\/schema.org","@graph":[{"@type":"WebPage","@id":"https:\/\/blogs.uef.fi\/tiedonhaku-kauppatieteet\/tietokannat\/kotimaisten-artikkeleiden-haku\/","url":"https:\/\/blogs.uef.fi\/tiedonhaku-kauppatieteet\/tietokannat\/kotimaisten-artikkeleiden-haku\/","name":"Kotimaisten lehtiartikkeleiden haku - Tiedonhaku - Kauppatieteet","isPartOf":{"@id":"https:\/\/blogs.uef.fi\/tiedonhaku-kauppatieteet\/#website"},"datePublished":"2020-06-05T12:07:31+00:00","dateModified":"2022-09-13T09:59:11+00:00","breadcrumb":{"@id":"https:\/\/blogs.uef.fi\/tiedonhaku-kauppatieteet\/tietokannat\/kotimaisten-artikkeleiden-haku\/#breadcrumb"},"inLanguage":"fi","potentialAction":[{"@type":"ReadAction","target":["https:\/\/blogs.uef.fi\/tiedonhaku-kauppatieteet\/tietokannat\/kotimaisten-artikkeleiden-haku\/"]}]},{"@type":"BreadcrumbList","@id":"https:\/\/blogs.uef.fi\/tiedonhaku-kauppatieteet\/tietokannat\/kotimaisten-artikkeleiden-haku\/#breadcrumb","itemListElement":[{"@type":"ListItem","position":1,"name":"Home","item":"https:\/\/blogs.uef.fi\/tiedonhaku-kauppatieteet\/"},{"@type":"ListItem","position":2,"name":"Hakukoneet ja tietokannat","item":"https:\/\/blogs.uef.fi\/tiedonhaku-kauppatieteet\/tietokannat\/"},{"@type":"ListItem","position":3,"name":"Kotimaisten lehtiartikkeleiden haku"}]},{"@type":"WebSite","@id":"https:\/\/blogs.uef.fi\/tiedonhaku-kauppatieteet\/#website","url":"https:\/\/blogs.uef.fi\/tiedonhaku-kauppatieteet\/","name":"Tiedonhaku - Kauppatieteet","description":"","potentialAction":[{"@type":"SearchAction","target":{"@type":"EntryPoint","urlTemplate":"https:\/\/blogs.uef.fi\/tiedonhaku-kauppatieteet\/?s={search_term_string}"},"query-input":{"@type":"PropertyValueSpecification","valueRequired":true,"valueName":"search_term_string"}}],"inLanguage":"fi"}]}},"_links":{"self":[{"href":"https:\/\/blogs.uef.fi\/tiedonhaku-kauppatieteet\/wp-json\/wp\/v2\/pages\/475","targetHints":{"allow":["GET"]}}],"collection":[{"href":"https:\/\/blogs.uef.fi\/tiedonhaku-kauppatieteet\/wp-json\/wp\/v2\/pages"}],"about":[{"href":"https:\/\/blogs.uef.fi\/tiedonhaku-kauppatieteet\/wp-json\/wp\/v2\/types\/page"}],"author":[{"embeddable":true,"href":"https:\/\/blogs.uef.fi\/tiedonhaku-kauppatieteet\/wp-json\/wp\/v2\/users\/190"}],"replies":[{"embeddable":true,"href":"https:\/\/blogs.uef.fi\/tiedonhaku-kauppatieteet\/wp-json\/wp\/v2\/comments?post=475"}],"version-history":[{"count":2,"href":"https:\/\/blogs.uef.fi\/tiedonhaku-kauppatieteet\/wp-json\/wp\/v2\/pages\/475\/revisions"}],"predecessor-version":[{"id":2173,"href":"https:\/\/blogs.uef.fi\/tiedonhaku-kauppatieteet\/wp-json\/wp\/v2\/pages\/475\/revisions\/2173"}],"up":[{"embeddable":true,"href":"https:\/\/blogs.uef.fi\/tiedonhaku-kauppatieteet\/wp-json\/wp\/v2\/pages\/67"}],"wp:attachment":[{"href":"https:\/\/blogs.uef.fi\/tiedonhaku-kauppatieteet\/wp-json\/wp\/v2\/media?parent=475"}],"curies":[{"name":"wp","href":"https:\/\/api.w.org\/{rel}","templated":true}]}}