{"id":451,"date":"2020-06-05T10:24:32","date_gmt":"2020-06-05T10:24:32","guid":{"rendered":"https:\/\/blogs.uef.fi\/tiedonhaku-kauppatieteet\/?page_id=451"},"modified":"2025-06-06T14:06:45","modified_gmt":"2025-06-06T12:06:45","slug":"vaitoskirjojen-ja-opinnaytetoiden-haku","status":"publish","type":"page","link":"https:\/\/blogs.uef.fi\/tiedonhaku-kauppatieteet\/tietokannat\/vaitoskirjojen-ja-opinnaytetoiden-haku\/","title":{"rendered":"V\u00e4it\u00f6skirjojen ja opinn\u00e4ytet\u00f6iden haku"},"content":{"rendered":"<h1>V\u00e4it\u00f6skirjojen ja muiden opinn\u00e4ytet\u00f6iden haku<\/h1>\n<p><b>V\u00e4it\u00f6skirjaa<\/b> ((academic\/doctoral) dissertation, (doctoral) thesis)<br \/>\npidet\u00e4\u00e4n ensimm\u00e4isen\u00e4 tutkijan itsen\u00e4isen\u00e4 tutkimuksena ja <b>lisensiaattity\u00f6t\u00e4 <\/b>(lisensiaatin ty\u00f6) ensimm\u00e4isen\u00e4 siteerauksen kest\u00e4v\u00e4n\u00e4 tutkimuksena. Nykyisin lisensiaattit\u00f6it\u00e4 julkaistaan melko v\u00e4h\u00e4n, koska tehd\u00e4\u00e4n suoraan v\u00e4it\u00f6skirjoja.<br \/>\n<b>Pro gradu \u2013tutkielmat<\/b> ovat opiskelijoiden harjoitust\u00f6it\u00e4, joten niit\u00e4 ei k\u00e4ytet\u00e4 tieteellisen ty\u00f6n l\u00e4htein\u00e4 kuin poikkeustapauksissa. Hyv\u00e4tasoisten pro gradu -t\u00f6iden l\u00e4hdeluetteloista voi olla hy\u00f6ty\u00e4 ja voit katsoa niist\u00e4 mallia muotoseikkoihin.<\/p>\n<h2><strong>It\u00e4-Suomen yliopiston v\u00e4it\u00f6skirjat ja pro gradut<br \/>\n<\/strong><\/h2>\n<ul>\n<li>\n<div><strong>\u00a0<\/strong><a href=\"https:\/\/erepo.uef.fi\/\" target=\"_blank\" rel=\"noopener\"><strong>UEF eRepo <\/strong><\/a>[aukeaa uuteen v\u00e4lilehteen]<\/div>\n<\/li>\n<\/ul>\n<p id=\"yui_3_17_2_1_1591352550501_35\"><span id=\"yui_3_17_2_1_1591352550501_34\"><span id=\"yui_3_17_2_1_1591352550501_33\"><span id=\"yui_3_17_2_1_1591352550501_32\"><span id=\"yui_3_17_2_1_1591352550501_31\">Mik\u00e4li opiskelija ei ole antanut opinn\u00e4ytteelleen e-julkaisulupaa, se on luettavissa <strong>vain<\/strong> kampuskirjastoissa ja <strong>vain<\/strong> tietyilt\u00e4 koneilla. Aivan kaikki ei siis ole avoimesti luettavissa verkossa.<br \/>\n<\/span><\/span><\/span><\/span><\/p>\n<p>Tiedot l\u00f6ytyv\u00e4t my\u00f6s UEF-Primon ja Finna.fi:n kautta.<\/p>\n<h2>Kaikkien Suomessa tehtyjen v\u00e4it\u00f6skirjojen haku:<\/h2>\n<ul>\n<li><strong><a href=\"https:\/\/finna.fi\/\" target=\"_blank\" rel=\"noopener noreferrer\">Kansallinen Finna\u00a0 <\/a><\/strong>Finna.fi [aukeaa uuteen v\u00e4lilehteen]<\/li>\n<\/ul>\n<p>Tee ensin haku hakusanoillasi. Rajaa sitten vasemmasta laidasta:<br \/>\n<strong>Aineistotyyppi -&gt; Opinn\u00e4yte -&gt; V\u00e4it\u00f6skirja<\/strong><\/p>\n<h2>Muualta kuin Suomesta<\/h2>\n<ul>\n<li>Google ja <strong><a href=\"https:\/\/scholar.google.fi\/\" target=\"_blank\" rel=\"noopener\">Google Scholar<\/a><\/strong> [aukeaa uuteen v\u00e4lilehteen] l\u00f6yt\u00e4v\u00e4t eritasoisia opinn\u00e4ytet\u00f6it\u00e4 melko tehokkaasti, varsinkin silloin kun jo tied\u00e4t, mit\u00e4 olet etsim\u00e4ss\u00e4.<\/li>\n<\/ul>\n<p>Suomenkielisill\u00e4 hakusanoilla usein tulee <strong>ammattikorkeakoulujen opinn\u00e4ytet\u00f6it\u00e4<\/strong>, bachelor thesis -tasoisia siis. Huomaa <a title=\"theseus\" href=\"http:\/\/publications.theseus.fi\/\" target=\"_blank\" rel=\"noopener noreferrer\">http:\/\/publications.theseus.fi\/ <\/a>-alkuiset url-osoitteet [aukeaa uuteen v\u00e4lilehteen].<br \/>\nAmk-opinn\u00e4ytet\u00f6it\u00e4 tulee my\u00f6s Finna.fi-hakuihin.<\/p>\n<ul>\n<li><a href=\"https:\/\/www.uef.fi\/fi\/kirjasto\/avoimen-tiedon-hakuopas\" target=\"_blank\" rel=\"noopener\">Avoimen tiedon hakuv\u00e4lineit\u00e4<\/a> kannattaa kokeilla. Ne haravoivat tietoja esim. eri organisaatioiden julkaisuarkistoista (repositories, esim. eRepo), joten sis\u00e4lt\u00e4v\u00e4t my\u00f6s artikkelitietoja sek\u00e4 bachelor\/master thesis- tasoisten opinn\u00e4ytteit\u00e4. Rajausmahdollisuudet kannattaa hy\u00f6dynt\u00e4\u00e4. Esim.<\/li>\n<\/ul>\n<p><a href=\"https:\/\/www.base-search.net\/\" target=\"_blank\" rel=\"noopener\"><strong>BASE <\/strong><\/a>[aukeaa uuteen v\u00e4lilehteen]<br \/>\nRefine Search Result -&gt; Document type -&gt; Doctoral and postdoctoral thesis<\/p>\n<p><b><span class=\"\">Huomaa!<\/span><\/b><br \/>\nDissertation ja thesis -sanoja k\u00e4ytet\u00e4\u00e4n eri tavalla eri maissa. P\u00e4\u00e4s\u00e4\u00e4nt\u00f6:<\/p>\n<p>&#8221;In the <strong>US<\/strong>,<br \/>\n<span id=\"e196\" dir=\"ltr\" lang=\"en\" data-qaid=\"message-text\"><\/span>A person needs to write a<b> thesis<\/b> if he doing a<b> master\u2019s <\/b>level of education.<br \/>\nA person needs to write a<b> dissertation<\/b>, if he doing the <b>doctoral <\/b>degree.<\/p>\n<p>In the <strong>UK<\/strong>,<br \/>\nA person would be awarded a <b>master<\/b> level of degree if he has successfully submitted <b>dissertation<\/b> work.<br \/>\nA person needs to write a <b>thesis<\/b> if he doing a <b>PhD(Doctoral)<\/b> degree.&#8221;<\/p>\n<p>(l\u00e4hde: <a title=\"https:\/\/www.ilovephd.com\/what-is-the-difference-between-thesis-and-dissertation\/\" href=\"https:\/\/www.ilovephd.com\/what-is-the-difference-between-thesis-and-dissertation\/\" target=\"_blank\" rel=\"nofollow noopener noreferrer\">https:\/\/www.ilovephd.com\/what-is-the-difference-between-thesis-and-dissertation\/<\/a> [aukeaa uuteen v\u00e4lilehteen])<\/p>\n","protected":false},"excerpt":{"rendered":"<p>V\u00e4it\u00f6skirjojen ja muiden opinn\u00e4ytet\u00f6iden haku V\u00e4it\u00f6skirjaa ((academic\/doctoral) dissertation, (doctoral) thesis) pidet\u00e4\u00e4n ensimm\u00e4isen\u00e4 tutkijan itsen\u00e4isen\u00e4 tutkimuksena ja lisensiaattity\u00f6t\u00e4 (lisensiaatin ty\u00f6) ensimm\u00e4isen\u00e4 siteerauksen kest\u00e4v\u00e4n\u00e4 tutkimuksena. Nykyisin lisensiaattit\u00f6it\u00e4 julkaistaan melko v\u00e4h\u00e4n, koska tehd\u00e4\u00e4n suoraan v\u00e4it\u00f6skirjoja. Pro gradu \u2013tutkielmat ovat opiskelijoiden harjoitust\u00f6it\u00e4, joten niit\u00e4 ei k\u00e4ytet\u00e4 tieteellisen ty\u00f6n l\u00e4htein\u00e4 kuin poikkeustapauksissa. Hyv\u00e4tasoisten pro gradu -t\u00f6iden l\u00e4hdeluetteloista voi olla hy\u00f6ty\u00e4 [&hellip;]<\/p>\n","protected":false},"author":190,"featured_media":0,"parent":67,"menu_order":6,"comment_status":"closed","ping_status":"closed","template":"","meta":{"_acf_changed":false,"footnotes":""},"class_list":["post-451","page","type-page","status-publish","hentry"],"acf":[],"yoast_head":"<!-- This site is optimized with the Yoast SEO plugin v27.3 - https:\/\/yoast.com\/product\/yoast-seo-wordpress\/ -->\n<title>V\u00e4it\u00f6skirjojen ja opinn\u00e4ytet\u00f6iden haku - Tiedonhaku - Kauppatieteet<\/title>\n<meta name=\"robots\" content=\"index, follow, max-snippet:-1, max-image-preview:large, max-video-preview:-1\" \/>\n<link rel=\"canonical\" href=\"https:\/\/blogs.uef.fi\/tiedonhaku-kauppatieteet\/tietokannat\/vaitoskirjojen-ja-opinnaytetoiden-haku\/\" \/>\n<meta property=\"og:locale\" content=\"fi_FI\" \/>\n<meta property=\"og:type\" content=\"article\" \/>\n<meta property=\"og:title\" content=\"V\u00e4it\u00f6skirjojen ja opinn\u00e4ytet\u00f6iden haku - Tiedonhaku - Kauppatieteet\" \/>\n<meta property=\"og:description\" content=\"V\u00e4it\u00f6skirjojen ja muiden opinn\u00e4ytet\u00f6iden haku V\u00e4it\u00f6skirjaa ((academic\/doctoral) dissertation, (doctoral) thesis) pidet\u00e4\u00e4n ensimm\u00e4isen\u00e4 tutkijan itsen\u00e4isen\u00e4 tutkimuksena ja lisensiaattity\u00f6t\u00e4 (lisensiaatin ty\u00f6) ensimm\u00e4isen\u00e4 siteerauksen kest\u00e4v\u00e4n\u00e4 tutkimuksena. Nykyisin lisensiaattit\u00f6it\u00e4 julkaistaan melko v\u00e4h\u00e4n, koska tehd\u00e4\u00e4n suoraan v\u00e4it\u00f6skirjoja. Pro gradu \u2013tutkielmat ovat opiskelijoiden harjoitust\u00f6it\u00e4, joten niit\u00e4 ei k\u00e4ytet\u00e4 tieteellisen ty\u00f6n l\u00e4htein\u00e4 kuin poikkeustapauksissa. Hyv\u00e4tasoisten pro gradu -t\u00f6iden l\u00e4hdeluetteloista voi olla hy\u00f6ty\u00e4 [&hellip;]\" \/>\n<meta property=\"og:url\" content=\"https:\/\/blogs.uef.fi\/tiedonhaku-kauppatieteet\/tietokannat\/vaitoskirjojen-ja-opinnaytetoiden-haku\/\" \/>\n<meta property=\"og:site_name\" content=\"Tiedonhaku - Kauppatieteet\" \/>\n<meta property=\"article:modified_time\" content=\"2025-06-06T12:06:45+00:00\" \/>\n<meta name=\"twitter:card\" content=\"summary_large_image\" \/>\n<meta name=\"twitter:label1\" content=\"Arvioitu lukuaika\" \/>\n\t<meta name=\"twitter:data1\" content=\"2 minuuttia\" \/>\n<script type=\"application\/ld+json\" class=\"yoast-schema-graph\">{\"@context\":\"https:\\\/\\\/schema.org\",\"@graph\":[{\"@type\":\"WebPage\",\"@id\":\"https:\\\/\\\/blogs.uef.fi\\\/tiedonhaku-kauppatieteet\\\/tietokannat\\\/vaitoskirjojen-ja-opinnaytetoiden-haku\\\/\",\"url\":\"https:\\\/\\\/blogs.uef.fi\\\/tiedonhaku-kauppatieteet\\\/tietokannat\\\/vaitoskirjojen-ja-opinnaytetoiden-haku\\\/\",\"name\":\"V\u00e4it\u00f6skirjojen ja opinn\u00e4ytet\u00f6iden haku - Tiedonhaku - Kauppatieteet\",\"isPartOf\":{\"@id\":\"https:\\\/\\\/blogs.uef.fi\\\/tiedonhaku-kauppatieteet\\\/#website\"},\"datePublished\":\"2020-06-05T10:24:32+00:00\",\"dateModified\":\"2025-06-06T12:06:45+00:00\",\"breadcrumb\":{\"@id\":\"https:\\\/\\\/blogs.uef.fi\\\/tiedonhaku-kauppatieteet\\\/tietokannat\\\/vaitoskirjojen-ja-opinnaytetoiden-haku\\\/#breadcrumb\"},\"inLanguage\":\"fi\",\"potentialAction\":[{\"@type\":\"ReadAction\",\"target\":[\"https:\\\/\\\/blogs.uef.fi\\\/tiedonhaku-kauppatieteet\\\/tietokannat\\\/vaitoskirjojen-ja-opinnaytetoiden-haku\\\/\"]}]},{\"@type\":\"BreadcrumbList\",\"@id\":\"https:\\\/\\\/blogs.uef.fi\\\/tiedonhaku-kauppatieteet\\\/tietokannat\\\/vaitoskirjojen-ja-opinnaytetoiden-haku\\\/#breadcrumb\",\"itemListElement\":[{\"@type\":\"ListItem\",\"position\":1,\"name\":\"Home\",\"item\":\"https:\\\/\\\/blogs.uef.fi\\\/tiedonhaku-kauppatieteet\\\/\"},{\"@type\":\"ListItem\",\"position\":2,\"name\":\"Hakukoneet ja tietokannat\",\"item\":\"https:\\\/\\\/blogs.uef.fi\\\/tiedonhaku-kauppatieteet\\\/tietokannat\\\/\"},{\"@type\":\"ListItem\",\"position\":3,\"name\":\"V\u00e4it\u00f6skirjojen ja opinn\u00e4ytet\u00f6iden haku\"}]},{\"@type\":\"WebSite\",\"@id\":\"https:\\\/\\\/blogs.uef.fi\\\/tiedonhaku-kauppatieteet\\\/#website\",\"url\":\"https:\\\/\\\/blogs.uef.fi\\\/tiedonhaku-kauppatieteet\\\/\",\"name\":\"Tiedonhaku - Kauppatieteet\",\"description\":\"\",\"potentialAction\":[{\"@type\":\"SearchAction\",\"target\":{\"@type\":\"EntryPoint\",\"urlTemplate\":\"https:\\\/\\\/blogs.uef.fi\\\/tiedonhaku-kauppatieteet\\\/?s={search_term_string}\"},\"query-input\":{\"@type\":\"PropertyValueSpecification\",\"valueRequired\":true,\"valueName\":\"search_term_string\"}}],\"inLanguage\":\"fi\"}]}<\/script>\n<!-- \/ Yoast SEO plugin. -->","yoast_head_json":{"title":"V\u00e4it\u00f6skirjojen ja opinn\u00e4ytet\u00f6iden haku - Tiedonhaku - Kauppatieteet","robots":{"index":"index","follow":"follow","max-snippet":"max-snippet:-1","max-image-preview":"max-image-preview:large","max-video-preview":"max-video-preview:-1"},"canonical":"https:\/\/blogs.uef.fi\/tiedonhaku-kauppatieteet\/tietokannat\/vaitoskirjojen-ja-opinnaytetoiden-haku\/","og_locale":"fi_FI","og_type":"article","og_title":"V\u00e4it\u00f6skirjojen ja opinn\u00e4ytet\u00f6iden haku - Tiedonhaku - Kauppatieteet","og_description":"V\u00e4it\u00f6skirjojen ja muiden opinn\u00e4ytet\u00f6iden haku V\u00e4it\u00f6skirjaa ((academic\/doctoral) dissertation, (doctoral) thesis) pidet\u00e4\u00e4n ensimm\u00e4isen\u00e4 tutkijan itsen\u00e4isen\u00e4 tutkimuksena ja lisensiaattity\u00f6t\u00e4 (lisensiaatin ty\u00f6) ensimm\u00e4isen\u00e4 siteerauksen kest\u00e4v\u00e4n\u00e4 tutkimuksena. Nykyisin lisensiaattit\u00f6it\u00e4 julkaistaan melko v\u00e4h\u00e4n, koska tehd\u00e4\u00e4n suoraan v\u00e4it\u00f6skirjoja. Pro gradu \u2013tutkielmat ovat opiskelijoiden harjoitust\u00f6it\u00e4, joten niit\u00e4 ei k\u00e4ytet\u00e4 tieteellisen ty\u00f6n l\u00e4htein\u00e4 kuin poikkeustapauksissa. Hyv\u00e4tasoisten pro gradu -t\u00f6iden l\u00e4hdeluetteloista voi olla hy\u00f6ty\u00e4 [&hellip;]","og_url":"https:\/\/blogs.uef.fi\/tiedonhaku-kauppatieteet\/tietokannat\/vaitoskirjojen-ja-opinnaytetoiden-haku\/","og_site_name":"Tiedonhaku - Kauppatieteet","article_modified_time":"2025-06-06T12:06:45+00:00","twitter_card":"summary_large_image","twitter_misc":{"Arvioitu lukuaika":"2 minuuttia"},"schema":{"@context":"https:\/\/schema.org","@graph":[{"@type":"WebPage","@id":"https:\/\/blogs.uef.fi\/tiedonhaku-kauppatieteet\/tietokannat\/vaitoskirjojen-ja-opinnaytetoiden-haku\/","url":"https:\/\/blogs.uef.fi\/tiedonhaku-kauppatieteet\/tietokannat\/vaitoskirjojen-ja-opinnaytetoiden-haku\/","name":"V\u00e4it\u00f6skirjojen ja opinn\u00e4ytet\u00f6iden haku - Tiedonhaku - Kauppatieteet","isPartOf":{"@id":"https:\/\/blogs.uef.fi\/tiedonhaku-kauppatieteet\/#website"},"datePublished":"2020-06-05T10:24:32+00:00","dateModified":"2025-06-06T12:06:45+00:00","breadcrumb":{"@id":"https:\/\/blogs.uef.fi\/tiedonhaku-kauppatieteet\/tietokannat\/vaitoskirjojen-ja-opinnaytetoiden-haku\/#breadcrumb"},"inLanguage":"fi","potentialAction":[{"@type":"ReadAction","target":["https:\/\/blogs.uef.fi\/tiedonhaku-kauppatieteet\/tietokannat\/vaitoskirjojen-ja-opinnaytetoiden-haku\/"]}]},{"@type":"BreadcrumbList","@id":"https:\/\/blogs.uef.fi\/tiedonhaku-kauppatieteet\/tietokannat\/vaitoskirjojen-ja-opinnaytetoiden-haku\/#breadcrumb","itemListElement":[{"@type":"ListItem","position":1,"name":"Home","item":"https:\/\/blogs.uef.fi\/tiedonhaku-kauppatieteet\/"},{"@type":"ListItem","position":2,"name":"Hakukoneet ja tietokannat","item":"https:\/\/blogs.uef.fi\/tiedonhaku-kauppatieteet\/tietokannat\/"},{"@type":"ListItem","position":3,"name":"V\u00e4it\u00f6skirjojen ja opinn\u00e4ytet\u00f6iden haku"}]},{"@type":"WebSite","@id":"https:\/\/blogs.uef.fi\/tiedonhaku-kauppatieteet\/#website","url":"https:\/\/blogs.uef.fi\/tiedonhaku-kauppatieteet\/","name":"Tiedonhaku - Kauppatieteet","description":"","potentialAction":[{"@type":"SearchAction","target":{"@type":"EntryPoint","urlTemplate":"https:\/\/blogs.uef.fi\/tiedonhaku-kauppatieteet\/?s={search_term_string}"},"query-input":{"@type":"PropertyValueSpecification","valueRequired":true,"valueName":"search_term_string"}}],"inLanguage":"fi"}]}},"_links":{"self":[{"href":"https:\/\/blogs.uef.fi\/tiedonhaku-kauppatieteet\/wp-json\/wp\/v2\/pages\/451","targetHints":{"allow":["GET"]}}],"collection":[{"href":"https:\/\/blogs.uef.fi\/tiedonhaku-kauppatieteet\/wp-json\/wp\/v2\/pages"}],"about":[{"href":"https:\/\/blogs.uef.fi\/tiedonhaku-kauppatieteet\/wp-json\/wp\/v2\/types\/page"}],"author":[{"embeddable":true,"href":"https:\/\/blogs.uef.fi\/tiedonhaku-kauppatieteet\/wp-json\/wp\/v2\/users\/190"}],"replies":[{"embeddable":true,"href":"https:\/\/blogs.uef.fi\/tiedonhaku-kauppatieteet\/wp-json\/wp\/v2\/comments?post=451"}],"version-history":[{"count":1,"href":"https:\/\/blogs.uef.fi\/tiedonhaku-kauppatieteet\/wp-json\/wp\/v2\/pages\/451\/revisions"}],"predecessor-version":[{"id":3570,"href":"https:\/\/blogs.uef.fi\/tiedonhaku-kauppatieteet\/wp-json\/wp\/v2\/pages\/451\/revisions\/3570"}],"up":[{"embeddable":true,"href":"https:\/\/blogs.uef.fi\/tiedonhaku-kauppatieteet\/wp-json\/wp\/v2\/pages\/67"}],"wp:attachment":[{"href":"https:\/\/blogs.uef.fi\/tiedonhaku-kauppatieteet\/wp-json\/wp\/v2\/media?parent=451"}],"curies":[{"name":"wp","href":"https:\/\/api.w.org\/{rel}","templated":true}]}}