{"id":424,"date":"2020-06-05T10:10:03","date_gmt":"2020-06-05T10:10:03","guid":{"rendered":"https:\/\/blogs.uef.fi\/tiedonhaku-kauppatieteet\/?page_id=424"},"modified":"2025-06-06T13:31:04","modified_gmt":"2025-06-06T11:31:04","slug":"kirja-aineiston-haku-myos-e-kirjat","status":"publish","type":"page","link":"https:\/\/blogs.uef.fi\/tiedonhaku-kauppatieteet\/tietokannat\/kirja-aineiston-haku-myos-e-kirjat\/","title":{"rendered":"Kirjojen ja e-kirjojen haku"},"content":{"rendered":"<h1>Kirjojen ja e-kirjojen haku<\/h1>\n<p>Kirjoista saa vakiintuneen ja yleisesti hyv\u00e4ksytyn kokonaiskuvan ja taustatietoa aiheestaan. Vaikka tietokirjat vanhenevat nopeasti, kullakin alalla on my\u00f6s klassikkonsa, joihin aina viitataan. Perusasiat taustatietoineen l\u00f6ytyv\u00e4t alan oppikirjoista ja k\u00e4sikirjoista, mutta uusin tutkimustieto l\u00f6ytyy artikkeleista.<\/p>\n<p>Kirjoja kannattaa yleens\u00e4 hakea hieman omaa aihettaan laajemmin.<\/p>\n<h2><a href=\"https:\/\/primo.uef.fi\/\" target=\"_blank\" rel=\"noopener noreferrer\"><strong>UEF-Primo<\/strong><\/a> <strong>[aukeaa uuteen v\u00e4lilehteen]<\/strong><\/h2>\n<p>It\u00e4-Suomen yliopiston kirjaston kokoelmatiedot, sek\u00e4 painetut ja e-kirjat. <a href=\"https:\/\/www.uef.fi\/fi\/kirjasto\/uef-primo-pikaopas\" target=\"_blank\" rel=\"noopener\">Pikaohje <\/a>ja <a href=\"https:\/\/www.uef.fi\/fi\/uef-primon-ohjevideot\" target=\"_blank\" rel=\"noopener\">ohjevideoita<\/a>. [linkit aukeavat uuteen v\u00e4lilehteen]<\/p>\n<p>E-kirjat l\u00f6ytyv\u00e4t samaan hakutulokseen kuin painetut. Jos haluat tuloksiin pelkki\u00e4 e-kirjoja, tee haku normaalisti aihettasi kuvaavilla hakusanoilla (mieluummin englanninkielisill\u00e4) tai tiet\u00e4m\u00e4si teoksen nimell\u00e4.<br \/>\nRajaa sitten oikeasta laidasta:<br \/>\nSaatavuus: Saatavilla verkossa ja tarpeen mukaan<br \/>\nAineistotyyppi: Kirjat<\/p>\n<p>Hankitut e-kirjat vaativat kirjautumisen UEF-k\u00e4ytt\u00e4j\u00e4tunnuksin.<a href=\"http:\/\/www.uef.fi\/fi\/web\/kirjasto\/kokoelmat\/e-kirjat\" target=\"_blank\" rel=\"noopener noreferrer\"><br \/>\nE-kirjaohjeita kirjaston kotisivuilla<\/a>. [aukeaa uuteen v\u00e4lilehteen]<br \/>\nEsim. tallennus- ja tulostusoikeuksissa on rajoituksia. Joihinkin tarvitset Adobe Digital Editions -lukuohjelman.<\/p>\n<h2>E-kirjapaketit<\/h2>\n<p>Erikseen kannattaa muistaa muutamat &#8221;e-kirjapaketit&#8221;. Teosten nimeketasolla tiedot l\u00f6ytyv\u00e4t UEF-Primostakin, mutta tarkempia hakuja pystyt tekem\u00e4\u00e4n suoraan ao. k\u00e4ytt\u00f6liittym\u00e4st\u00e4.<\/p>\n<ul>\n<li style=\"list-style-type: none\">\n<ul>\n<li id=\"yui_3_17_2_1_1591351657238_44\"><span id=\"yui_3_17_2_1_1591351657238_43\"><span id=\"yui_3_17_2_1_1591351657238_42\"><a id=\"yui_3_17_2_1_1591351657238_41\" href=\"https:\/\/primo.uef.fi\/permalink\/358FIN_UOEF\/1jnohnf\/alma9911698953705966\" rel=\"noopener noreferrer\"><span id=\"yui_3_17_2_1_1591351657238_49\"><span id=\"yui_3_17_2_1_1591351657238_48\"><\/span><\/span><\/a><a id=\"yui_3_17_2_1_1591351657238_47\" href=\"https:\/\/primo.uef.fi\/permalink\/358FIN_UOEF\/1jnohnf\/alma9911701503705966\" target=\"_blank\" rel=\"noopener noreferrer\">Verkkokirjahylly<\/a> \/ AlmaTalentin digitaalinen ammattikirjasto. [aukeaa uuteen v\u00e4lilehteen UEF-Primon kautta]<br \/>\n<\/span><\/span><span id=\"yui_3_17_2_1_1591351657238_43\"><span id=\"yui_3_17_2_1_1591351657238_42\"><\/span><\/span><span id=\"yui_3_17_2_1_1591351657238_43\"><span id=\"yui_3_17_2_1_1591351657238_42\"><a id=\"yui_3_17_2_1_1591351657238_41\" href=\"https:\/\/primo.uef.fi\/permalink\/358FIN_UOEF\/1jnohnf\/alma9911698953705966\" target=\"_blank\" rel=\"noopener noreferrer\">P\u00e4ivittyv\u00e4t hakuteokset<\/a>, juridiikan, talouden ja verotuksen aihealueilta. <\/span><\/span><span id=\"yui_3_17_2_1_1591351657238_43\"><span id=\"yui_3_17_2_1_1591351657238_42\">[aukeaa uuteen v\u00e4lilehteen]<\/span><\/span><span id=\"yui_3_17_2_1_1591351657238_43\"><span id=\"yui_3_17_2_1_1591351657238_42\"><\/span><\/span><span id=\"yui_3_17_2_1_1591351657238_49\"><span id=\"yui_3_17_2_1_1591351657238_48\"><\/span><\/span><\/li>\n<li><span lang=\"FI\"><a href=\"https:\/\/primo.uef.fi\/permalink\/358FIN_UOEF\/1jnohnf\/alma9911700543705966\" target=\"_blank\" rel=\"noopener noreferrer\">SAGE Research Methods<\/a>,\u00a0<\/span>tutkimusmenetelm\u00e4kirjallisuutta [aukeaa uuteen v\u00e4lilehteen UEF-Primon kautta]<\/li>\n<li><a href=\"https:\/\/primo.uef.fi\/permalink\/358FIN_UOEF\/1jnohnf\/alma9911700483705966\" target=\"_blank\" rel=\"noopener noreferrer\">Sage Knowledge Books and Reference<\/a>, handbooks [aukeaa uuteen v\u00e4lilehteen UEF-Primon kautta]<\/li>\n<li><a href=\"https:\/\/primo.uef.fi\/permalink\/358FIN_UOEF\/1jnohnf\/alma9911700473705966\" target=\"_blank\" rel=\"noopener noreferrer\">Oxford Handbooks Online &#8211; Business &amp; Managemen<\/a><a href=\"https:\/\/uef.finna.fi\/Record\/metalib_uef.FIN34562\" target=\"_blank\" rel=\"noopener noreferrer\">t<\/a>, handbooks [aukeaa uuteen v\u00e4lilehteen UEF-Primon kautta]<\/li>\n<li><a href=\"https:\/\/primo.uef.fi\/permalink\/358FIN_UOEF\/1jnohnf\/alma9911698923705966\" target=\"_blank\" rel=\"noopener noreferrer\">International Encyclopedia of the Social &amp; Behavioral Sciences <\/a>hakuteos, [aukeaa uuteen v\u00e4lilehteen UEF-Primon kautta]<\/li>\n<\/ul>\n<\/li>\n<\/ul>\n<h2><span id=\"yui_3_17_2_1_1591351657238_34\"><span id=\"yui_3_17_2_1_1591351657238_33\"><span id=\"yui_3_17_2_1_1591351657238_32\"><span id=\"yui_3_17_2_1_1591351657238_31\"><a id=\"yui_3_17_2_1_1591351657238_30\" href=\"https:\/\/finna.fi\/\" target=\"_blank\" rel=\"noopener noreferrer\"><strong id=\"yui_3_17_2_1_1591351657238_29\">Kansallinen Finna<\/strong><\/a> Finna.fi [aukeaa uuteen v\u00e4lilehteen]<\/span><\/span><\/span><\/span><\/h2>\n<p>Tiedot kaikkien Suomen yliopisto- ja ammattikorkeakoulukirjastojen kokoelmiin sis\u00e4ltyvist\u00e4 aineistoista (sek\u00e4 yleisist\u00e4 kirjastoista, museoista ja arkistoista) l\u00f6ytyv\u00e4t t\u00e4\u00e4lt\u00e4. UEF-kirjaston kokoelmatiedot ovat mukana, lukuun ottamatta elektronista aineistoa.<\/p>\n<p>Suosittelemme hakemaan t\u00e4\u00e4lt\u00e4, kun haluat l\u00f6yt\u00e4\u00e4 aiheeseesi mahdollisimman kattavasti Suomessa olevaa kirja-aineistoa tai esimerkiksi etsi\u00e4 Suomen eri yliopistoissa tehtyj\u00e4 v\u00e4it\u00f6skirjoja. T\u00e4\u00e4lt\u00e4 l\u00f6ytyy my\u00f6s paljon opinn\u00e4ytet\u00f6it\u00e4, graduja ja ammattikorkeakoulut\u00f6it\u00e4.<\/p>\n<hr \/>\n<p><a href=\"https:\/\/www.uef.fi\/fi\/kirjasto\/asiakkaana\" target=\"_blank\" rel=\"noopener\">Lainaamisesta, varaamisesta yms. kirjaston sivulla.<\/a> [aukeaa uuteen v\u00e4lilehteen]<\/p>\n<p><a href=\"https:\/\/www.uef.fi\/fi\/kirjasto\/asiakkaana#accordion-8593\" target=\"_blank\" rel=\"noopener\">Lainapyynn\u00f6t muista kirjastoista<\/a> (kaukopalvelu; UEFilaisille 17\u20ac kotimaasta ja Pohjoismaista, paitsi Varastokirjasto 1\u20ac) [aukeaa uuteen v\u00e4lilehteen]<\/p>\n<p id=\"yui_3_17_2_1_1591351657238_54\"><span id=\"yui_3_17_2_1_1591351657238_53\">Jos kokoelmistamme ei l\u00f6ydy etsim\u00e4\u00e4si kirjaa tai aihetta, voit tehd\u00e4 <a href=\"https:\/\/link.webropolsurveys.com\/Participation\/Public\/b3293add-c4ce-4a3f-815f-fe9f26a6b1c2?displayId=Fin2070458&amp;surveyLocale=fi\" target=\"_blank\" rel=\"noopener\">hankintaehdotuksia<\/a>. [aukeaa uuteen v\u00e4lilehteen]<br \/>\n<\/span><\/p>\n","protected":false},"excerpt":{"rendered":"<p>Kirjojen ja e-kirjojen haku Kirjoista saa vakiintuneen ja yleisesti hyv\u00e4ksytyn kokonaiskuvan ja taustatietoa aiheestaan. Vaikka tietokirjat vanhenevat nopeasti, kullakin alalla on my\u00f6s klassikkonsa, joihin aina viitataan. Perusasiat taustatietoineen l\u00f6ytyv\u00e4t alan oppikirjoista ja k\u00e4sikirjoista, mutta uusin tutkimustieto l\u00f6ytyy artikkeleista. Kirjoja kannattaa yleens\u00e4 hakea hieman omaa aihettaan laajemmin. UEF-Primo [aukeaa uuteen v\u00e4lilehteen] It\u00e4-Suomen yliopiston kirjaston kokoelmatiedot, sek\u00e4 [&hellip;]<\/p>\n","protected":false},"author":190,"featured_media":0,"parent":67,"menu_order":5,"comment_status":"closed","ping_status":"closed","template":"","meta":{"_acf_changed":false,"footnotes":""},"class_list":["post-424","page","type-page","status-publish","hentry"],"acf":[],"yoast_head":"<!-- This site is optimized with the Yoast SEO plugin v27.1.1 - https:\/\/yoast.com\/product\/yoast-seo-wordpress\/ -->\n<title>Kirjojen ja e-kirjojen haku - Tiedonhaku - Kauppatieteet<\/title>\n<meta name=\"robots\" content=\"index, follow, max-snippet:-1, max-image-preview:large, max-video-preview:-1\" \/>\n<link rel=\"canonical\" href=\"https:\/\/blogs.uef.fi\/tiedonhaku-kauppatieteet\/tietokannat\/kirja-aineiston-haku-myos-e-kirjat\/\" \/>\n<meta property=\"og:locale\" content=\"fi_FI\" \/>\n<meta property=\"og:type\" content=\"article\" \/>\n<meta property=\"og:title\" content=\"Kirjojen ja e-kirjojen haku - Tiedonhaku - Kauppatieteet\" \/>\n<meta property=\"og:description\" content=\"Kirjojen ja e-kirjojen haku Kirjoista saa vakiintuneen ja yleisesti hyv\u00e4ksytyn kokonaiskuvan ja taustatietoa aiheestaan. Vaikka tietokirjat vanhenevat nopeasti, kullakin alalla on my\u00f6s klassikkonsa, joihin aina viitataan. Perusasiat taustatietoineen l\u00f6ytyv\u00e4t alan oppikirjoista ja k\u00e4sikirjoista, mutta uusin tutkimustieto l\u00f6ytyy artikkeleista. Kirjoja kannattaa yleens\u00e4 hakea hieman omaa aihettaan laajemmin. UEF-Primo [aukeaa uuteen v\u00e4lilehteen] It\u00e4-Suomen yliopiston kirjaston kokoelmatiedot, sek\u00e4 [&hellip;]\" \/>\n<meta property=\"og:url\" content=\"https:\/\/blogs.uef.fi\/tiedonhaku-kauppatieteet\/tietokannat\/kirja-aineiston-haku-myos-e-kirjat\/\" \/>\n<meta property=\"og:site_name\" content=\"Tiedonhaku - Kauppatieteet\" \/>\n<meta property=\"article:modified_time\" content=\"2025-06-06T11:31:04+00:00\" \/>\n<meta name=\"twitter:card\" content=\"summary_large_image\" \/>\n<meta name=\"twitter:label1\" content=\"Arvioitu lukuaika\" \/>\n\t<meta name=\"twitter:data1\" content=\"2 minuuttia\" \/>\n<script type=\"application\/ld+json\" class=\"yoast-schema-graph\">{\"@context\":\"https:\/\/schema.org\",\"@graph\":[{\"@type\":\"WebPage\",\"@id\":\"https:\/\/blogs.uef.fi\/tiedonhaku-kauppatieteet\/tietokannat\/kirja-aineiston-haku-myos-e-kirjat\/\",\"url\":\"https:\/\/blogs.uef.fi\/tiedonhaku-kauppatieteet\/tietokannat\/kirja-aineiston-haku-myos-e-kirjat\/\",\"name\":\"Kirjojen ja e-kirjojen haku - Tiedonhaku - Kauppatieteet\",\"isPartOf\":{\"@id\":\"https:\/\/blogs.uef.fi\/tiedonhaku-kauppatieteet\/#website\"},\"datePublished\":\"2020-06-05T10:10:03+00:00\",\"dateModified\":\"2025-06-06T11:31:04+00:00\",\"breadcrumb\":{\"@id\":\"https:\/\/blogs.uef.fi\/tiedonhaku-kauppatieteet\/tietokannat\/kirja-aineiston-haku-myos-e-kirjat\/#breadcrumb\"},\"inLanguage\":\"fi\",\"potentialAction\":[{\"@type\":\"ReadAction\",\"target\":[\"https:\/\/blogs.uef.fi\/tiedonhaku-kauppatieteet\/tietokannat\/kirja-aineiston-haku-myos-e-kirjat\/\"]}]},{\"@type\":\"BreadcrumbList\",\"@id\":\"https:\/\/blogs.uef.fi\/tiedonhaku-kauppatieteet\/tietokannat\/kirja-aineiston-haku-myos-e-kirjat\/#breadcrumb\",\"itemListElement\":[{\"@type\":\"ListItem\",\"position\":1,\"name\":\"Home\",\"item\":\"https:\/\/blogs.uef.fi\/tiedonhaku-kauppatieteet\/\"},{\"@type\":\"ListItem\",\"position\":2,\"name\":\"Hakukoneet ja tietokannat\",\"item\":\"https:\/\/blogs.uef.fi\/tiedonhaku-kauppatieteet\/tietokannat\/\"},{\"@type\":\"ListItem\",\"position\":3,\"name\":\"Kirjojen ja e-kirjojen haku\"}]},{\"@type\":\"WebSite\",\"@id\":\"https:\/\/blogs.uef.fi\/tiedonhaku-kauppatieteet\/#website\",\"url\":\"https:\/\/blogs.uef.fi\/tiedonhaku-kauppatieteet\/\",\"name\":\"Tiedonhaku - Kauppatieteet\",\"description\":\"\",\"potentialAction\":[{\"@type\":\"SearchAction\",\"target\":{\"@type\":\"EntryPoint\",\"urlTemplate\":\"https:\/\/blogs.uef.fi\/tiedonhaku-kauppatieteet\/?s={search_term_string}\"},\"query-input\":{\"@type\":\"PropertyValueSpecification\",\"valueRequired\":true,\"valueName\":\"search_term_string\"}}],\"inLanguage\":\"fi\"}]}<\/script>\n<!-- \/ Yoast SEO plugin. -->","yoast_head_json":{"title":"Kirjojen ja e-kirjojen haku - Tiedonhaku - Kauppatieteet","robots":{"index":"index","follow":"follow","max-snippet":"max-snippet:-1","max-image-preview":"max-image-preview:large","max-video-preview":"max-video-preview:-1"},"canonical":"https:\/\/blogs.uef.fi\/tiedonhaku-kauppatieteet\/tietokannat\/kirja-aineiston-haku-myos-e-kirjat\/","og_locale":"fi_FI","og_type":"article","og_title":"Kirjojen ja e-kirjojen haku - Tiedonhaku - Kauppatieteet","og_description":"Kirjojen ja e-kirjojen haku Kirjoista saa vakiintuneen ja yleisesti hyv\u00e4ksytyn kokonaiskuvan ja taustatietoa aiheestaan. Vaikka tietokirjat vanhenevat nopeasti, kullakin alalla on my\u00f6s klassikkonsa, joihin aina viitataan. Perusasiat taustatietoineen l\u00f6ytyv\u00e4t alan oppikirjoista ja k\u00e4sikirjoista, mutta uusin tutkimustieto l\u00f6ytyy artikkeleista. Kirjoja kannattaa yleens\u00e4 hakea hieman omaa aihettaan laajemmin. UEF-Primo [aukeaa uuteen v\u00e4lilehteen] It\u00e4-Suomen yliopiston kirjaston kokoelmatiedot, sek\u00e4 [&hellip;]","og_url":"https:\/\/blogs.uef.fi\/tiedonhaku-kauppatieteet\/tietokannat\/kirja-aineiston-haku-myos-e-kirjat\/","og_site_name":"Tiedonhaku - Kauppatieteet","article_modified_time":"2025-06-06T11:31:04+00:00","twitter_card":"summary_large_image","twitter_misc":{"Arvioitu lukuaika":"2 minuuttia"},"schema":{"@context":"https:\/\/schema.org","@graph":[{"@type":"WebPage","@id":"https:\/\/blogs.uef.fi\/tiedonhaku-kauppatieteet\/tietokannat\/kirja-aineiston-haku-myos-e-kirjat\/","url":"https:\/\/blogs.uef.fi\/tiedonhaku-kauppatieteet\/tietokannat\/kirja-aineiston-haku-myos-e-kirjat\/","name":"Kirjojen ja e-kirjojen haku - Tiedonhaku - Kauppatieteet","isPartOf":{"@id":"https:\/\/blogs.uef.fi\/tiedonhaku-kauppatieteet\/#website"},"datePublished":"2020-06-05T10:10:03+00:00","dateModified":"2025-06-06T11:31:04+00:00","breadcrumb":{"@id":"https:\/\/blogs.uef.fi\/tiedonhaku-kauppatieteet\/tietokannat\/kirja-aineiston-haku-myos-e-kirjat\/#breadcrumb"},"inLanguage":"fi","potentialAction":[{"@type":"ReadAction","target":["https:\/\/blogs.uef.fi\/tiedonhaku-kauppatieteet\/tietokannat\/kirja-aineiston-haku-myos-e-kirjat\/"]}]},{"@type":"BreadcrumbList","@id":"https:\/\/blogs.uef.fi\/tiedonhaku-kauppatieteet\/tietokannat\/kirja-aineiston-haku-myos-e-kirjat\/#breadcrumb","itemListElement":[{"@type":"ListItem","position":1,"name":"Home","item":"https:\/\/blogs.uef.fi\/tiedonhaku-kauppatieteet\/"},{"@type":"ListItem","position":2,"name":"Hakukoneet ja tietokannat","item":"https:\/\/blogs.uef.fi\/tiedonhaku-kauppatieteet\/tietokannat\/"},{"@type":"ListItem","position":3,"name":"Kirjojen ja e-kirjojen haku"}]},{"@type":"WebSite","@id":"https:\/\/blogs.uef.fi\/tiedonhaku-kauppatieteet\/#website","url":"https:\/\/blogs.uef.fi\/tiedonhaku-kauppatieteet\/","name":"Tiedonhaku - Kauppatieteet","description":"","potentialAction":[{"@type":"SearchAction","target":{"@type":"EntryPoint","urlTemplate":"https:\/\/blogs.uef.fi\/tiedonhaku-kauppatieteet\/?s={search_term_string}"},"query-input":{"@type":"PropertyValueSpecification","valueRequired":true,"valueName":"search_term_string"}}],"inLanguage":"fi"}]}},"_links":{"self":[{"href":"https:\/\/blogs.uef.fi\/tiedonhaku-kauppatieteet\/wp-json\/wp\/v2\/pages\/424","targetHints":{"allow":["GET"]}}],"collection":[{"href":"https:\/\/blogs.uef.fi\/tiedonhaku-kauppatieteet\/wp-json\/wp\/v2\/pages"}],"about":[{"href":"https:\/\/blogs.uef.fi\/tiedonhaku-kauppatieteet\/wp-json\/wp\/v2\/types\/page"}],"author":[{"embeddable":true,"href":"https:\/\/blogs.uef.fi\/tiedonhaku-kauppatieteet\/wp-json\/wp\/v2\/users\/190"}],"replies":[{"embeddable":true,"href":"https:\/\/blogs.uef.fi\/tiedonhaku-kauppatieteet\/wp-json\/wp\/v2\/comments?post=424"}],"version-history":[{"count":3,"href":"https:\/\/blogs.uef.fi\/tiedonhaku-kauppatieteet\/wp-json\/wp\/v2\/pages\/424\/revisions"}],"predecessor-version":[{"id":3564,"href":"https:\/\/blogs.uef.fi\/tiedonhaku-kauppatieteet\/wp-json\/wp\/v2\/pages\/424\/revisions\/3564"}],"up":[{"embeddable":true,"href":"https:\/\/blogs.uef.fi\/tiedonhaku-kauppatieteet\/wp-json\/wp\/v2\/pages\/67"}],"wp:attachment":[{"href":"https:\/\/blogs.uef.fi\/tiedonhaku-kauppatieteet\/wp-json\/wp\/v2\/media?parent=424"}],"curies":[{"name":"wp","href":"https:\/\/api.w.org\/{rel}","templated":true}]}}