{"id":390,"date":"2020-06-04T13:20:22","date_gmt":"2020-06-04T13:20:22","guid":{"rendered":"https:\/\/blogs.uef.fi\/tiedonhaku-kauppatieteet\/?page_id=390"},"modified":"2022-10-03T11:19:01","modified_gmt":"2022-10-03T11:19:01","slug":"uef-primo","status":"publish","type":"page","link":"https:\/\/blogs.uef.fi\/tiedonhaku-kauppatieteet\/tietokannat\/uef-primo\/","title":{"rendered":"UEF-Primo"},"content":{"rendered":"<h1 id=\"yui_3_17_2_1_1591276629380_29\">UEF-Primo, kokoelmatietokanta ja hakukone UEFin e-aineistoon<\/h1>\n<p>UEF-Primosta l\u00f6ytyv\u00e4t tiedot kirjaston kokoelmiin hankituista kirjoista ja lehdist\u00e4 (sek\u00e4 painetuista ett\u00e4 elektronisista). My\u00f6s tietokantalinkit l\u00f6ytyv\u00e4t UEF-Primon kautta.<\/p>\n<p>Varsinkin kampusalueen ulkopuolella: <b>Kirjaudu aina sis\u00e4\u00e4n omilla UEF-k\u00e4ytt\u00e4j\u00e4tunnuksilla<\/b>, niin saat k\u00e4ytt\u00f6\u00f6si my\u00f6s hankitut elektroniset aineistot. Kirjasto suosittelee <a href=\"https:\/\/www.uef.fi\/fi\/kirjasto\/elektronisten-aineistojen-etakaytto\" target=\"_blank\" rel=\"noopener\">rekister\u00f6itymist\u00e4 asiakkaaksi<\/a> (Tuudo).<\/p>\n<p>Englanninkielisill\u00e4 hakusanoilla kannattaa hakea kirjatyyppist\u00e4kin aineistoa, e-kirjat silloin paremmin tarttuvat tuloksiin.<\/p>\n<p>Voit hakea UEF-Primolla <strong>kansainv\u00e4lisi\u00e4 artikkeleitakin<\/strong>.<br \/>\nKohdistus hakurivin pudotusvalikosta: kansainv\u00e4liset artikkelit.<br \/>\nArtikkelihakuihin kannattaa kokeilla my\u00f6s esim. <a href=\"https:\/\/primo.uef.fi\/permalink\/358FIN_UOEF\/mhajq\/alma9911698053705966\" target=\"_blank\" rel=\"noopener\">Business Source Elite (Ebsco) -tietokantaa. [aukeaa uuteen v\u00e4lilehteen UEF-Primossa]<\/a><\/p>\n<p><a href=\"https:\/\/primo.uef.fi\/\" target=\"_blank\" rel=\"noopener\">UEF-Primo <\/a>[aukeaa uuteen v\u00e4lilehteen]<br \/>\nOhjeita aloitusn\u00e4kym\u00e4n oikeassa laidassa, esim. <a href=\"https:\/\/www.uef.fi\/fi\/kirjasto\/uef-primo-pikaopas#accordion-730253\" target=\"_blank\" rel=\"noopener\">Hakusanojen yhdist\u00e4minen tarkennetussa haussa. <\/a>[aukeaa uuteen v\u00e4lilehteen]<\/p>\n","protected":false},"excerpt":{"rendered":"<p>UEF-Primo, kokoelmatietokanta ja hakukone UEFin e-aineistoon UEF-Primosta l\u00f6ytyv\u00e4t tiedot kirjaston kokoelmiin hankituista kirjoista ja lehdist\u00e4 (sek\u00e4 painetuista ett\u00e4 elektronisista). My\u00f6s tietokantalinkit l\u00f6ytyv\u00e4t UEF-Primon kautta. Varsinkin kampusalueen ulkopuolella: Kirjaudu aina sis\u00e4\u00e4n omilla UEF-k\u00e4ytt\u00e4j\u00e4tunnuksilla, niin saat k\u00e4ytt\u00f6\u00f6si my\u00f6s hankitut elektroniset aineistot. Kirjasto suosittelee rekister\u00f6itymist\u00e4 asiakkaaksi (Tuudo). Englanninkielisill\u00e4 hakusanoilla kannattaa hakea kirjatyyppist\u00e4kin aineistoa, e-kirjat silloin paremmin tarttuvat tuloksiin. [&hellip;]<\/p>\n","protected":false},"author":190,"featured_media":0,"parent":67,"menu_order":4,"comment_status":"closed","ping_status":"closed","template":"","meta":{"_acf_changed":false,"footnotes":""},"class_list":["post-390","page","type-page","status-publish","hentry"],"acf":[],"yoast_head":"<!-- This site is optimized with the Yoast SEO plugin v27.1.1 - https:\/\/yoast.com\/product\/yoast-seo-wordpress\/ -->\n<title>UEF-Primo - Tiedonhaku - Kauppatieteet<\/title>\n<meta name=\"robots\" content=\"index, follow, max-snippet:-1, max-image-preview:large, max-video-preview:-1\" \/>\n<link rel=\"canonical\" href=\"https:\/\/blogs.uef.fi\/tiedonhaku-kauppatieteet\/tietokannat\/uef-primo\/\" \/>\n<meta property=\"og:locale\" content=\"fi_FI\" \/>\n<meta property=\"og:type\" content=\"article\" \/>\n<meta property=\"og:title\" content=\"UEF-Primo - Tiedonhaku - Kauppatieteet\" \/>\n<meta property=\"og:description\" content=\"UEF-Primo, kokoelmatietokanta ja hakukone UEFin e-aineistoon UEF-Primosta l\u00f6ytyv\u00e4t tiedot kirjaston kokoelmiin hankituista kirjoista ja lehdist\u00e4 (sek\u00e4 painetuista ett\u00e4 elektronisista). My\u00f6s tietokantalinkit l\u00f6ytyv\u00e4t UEF-Primon kautta. Varsinkin kampusalueen ulkopuolella: Kirjaudu aina sis\u00e4\u00e4n omilla UEF-k\u00e4ytt\u00e4j\u00e4tunnuksilla, niin saat k\u00e4ytt\u00f6\u00f6si my\u00f6s hankitut elektroniset aineistot. Kirjasto suosittelee rekister\u00f6itymist\u00e4 asiakkaaksi (Tuudo). Englanninkielisill\u00e4 hakusanoilla kannattaa hakea kirjatyyppist\u00e4kin aineistoa, e-kirjat silloin paremmin tarttuvat tuloksiin. [&hellip;]\" \/>\n<meta property=\"og:url\" content=\"https:\/\/blogs.uef.fi\/tiedonhaku-kauppatieteet\/tietokannat\/uef-primo\/\" \/>\n<meta property=\"og:site_name\" content=\"Tiedonhaku - Kauppatieteet\" \/>\n<meta property=\"article:modified_time\" content=\"2022-10-03T11:19:01+00:00\" \/>\n<meta name=\"twitter:card\" content=\"summary_large_image\" \/>\n<meta name=\"twitter:label1\" content=\"Arvioitu lukuaika\" \/>\n\t<meta name=\"twitter:data1\" content=\"1 minuutti\" \/>\n<script type=\"application\/ld+json\" class=\"yoast-schema-graph\">{\"@context\":\"https:\/\/schema.org\",\"@graph\":[{\"@type\":\"WebPage\",\"@id\":\"https:\/\/blogs.uef.fi\/tiedonhaku-kauppatieteet\/tietokannat\/uef-primo\/\",\"url\":\"https:\/\/blogs.uef.fi\/tiedonhaku-kauppatieteet\/tietokannat\/uef-primo\/\",\"name\":\"UEF-Primo - Tiedonhaku - Kauppatieteet\",\"isPartOf\":{\"@id\":\"https:\/\/blogs.uef.fi\/tiedonhaku-kauppatieteet\/#website\"},\"datePublished\":\"2020-06-04T13:20:22+00:00\",\"dateModified\":\"2022-10-03T11:19:01+00:00\",\"breadcrumb\":{\"@id\":\"https:\/\/blogs.uef.fi\/tiedonhaku-kauppatieteet\/tietokannat\/uef-primo\/#breadcrumb\"},\"inLanguage\":\"fi\",\"potentialAction\":[{\"@type\":\"ReadAction\",\"target\":[\"https:\/\/blogs.uef.fi\/tiedonhaku-kauppatieteet\/tietokannat\/uef-primo\/\"]}]},{\"@type\":\"BreadcrumbList\",\"@id\":\"https:\/\/blogs.uef.fi\/tiedonhaku-kauppatieteet\/tietokannat\/uef-primo\/#breadcrumb\",\"itemListElement\":[{\"@type\":\"ListItem\",\"position\":1,\"name\":\"Home\",\"item\":\"https:\/\/blogs.uef.fi\/tiedonhaku-kauppatieteet\/\"},{\"@type\":\"ListItem\",\"position\":2,\"name\":\"Hakukoneet ja tietokannat\",\"item\":\"https:\/\/blogs.uef.fi\/tiedonhaku-kauppatieteet\/tietokannat\/\"},{\"@type\":\"ListItem\",\"position\":3,\"name\":\"UEF-Primo\"}]},{\"@type\":\"WebSite\",\"@id\":\"https:\/\/blogs.uef.fi\/tiedonhaku-kauppatieteet\/#website\",\"url\":\"https:\/\/blogs.uef.fi\/tiedonhaku-kauppatieteet\/\",\"name\":\"Tiedonhaku - Kauppatieteet\",\"description\":\"\",\"potentialAction\":[{\"@type\":\"SearchAction\",\"target\":{\"@type\":\"EntryPoint\",\"urlTemplate\":\"https:\/\/blogs.uef.fi\/tiedonhaku-kauppatieteet\/?s={search_term_string}\"},\"query-input\":{\"@type\":\"PropertyValueSpecification\",\"valueRequired\":true,\"valueName\":\"search_term_string\"}}],\"inLanguage\":\"fi\"}]}<\/script>\n<!-- \/ Yoast SEO plugin. -->","yoast_head_json":{"title":"UEF-Primo - Tiedonhaku - Kauppatieteet","robots":{"index":"index","follow":"follow","max-snippet":"max-snippet:-1","max-image-preview":"max-image-preview:large","max-video-preview":"max-video-preview:-1"},"canonical":"https:\/\/blogs.uef.fi\/tiedonhaku-kauppatieteet\/tietokannat\/uef-primo\/","og_locale":"fi_FI","og_type":"article","og_title":"UEF-Primo - Tiedonhaku - Kauppatieteet","og_description":"UEF-Primo, kokoelmatietokanta ja hakukone UEFin e-aineistoon UEF-Primosta l\u00f6ytyv\u00e4t tiedot kirjaston kokoelmiin hankituista kirjoista ja lehdist\u00e4 (sek\u00e4 painetuista ett\u00e4 elektronisista). My\u00f6s tietokantalinkit l\u00f6ytyv\u00e4t UEF-Primon kautta. Varsinkin kampusalueen ulkopuolella: Kirjaudu aina sis\u00e4\u00e4n omilla UEF-k\u00e4ytt\u00e4j\u00e4tunnuksilla, niin saat k\u00e4ytt\u00f6\u00f6si my\u00f6s hankitut elektroniset aineistot. Kirjasto suosittelee rekister\u00f6itymist\u00e4 asiakkaaksi (Tuudo). Englanninkielisill\u00e4 hakusanoilla kannattaa hakea kirjatyyppist\u00e4kin aineistoa, e-kirjat silloin paremmin tarttuvat tuloksiin. [&hellip;]","og_url":"https:\/\/blogs.uef.fi\/tiedonhaku-kauppatieteet\/tietokannat\/uef-primo\/","og_site_name":"Tiedonhaku - Kauppatieteet","article_modified_time":"2022-10-03T11:19:01+00:00","twitter_card":"summary_large_image","twitter_misc":{"Arvioitu lukuaika":"1 minuutti"},"schema":{"@context":"https:\/\/schema.org","@graph":[{"@type":"WebPage","@id":"https:\/\/blogs.uef.fi\/tiedonhaku-kauppatieteet\/tietokannat\/uef-primo\/","url":"https:\/\/blogs.uef.fi\/tiedonhaku-kauppatieteet\/tietokannat\/uef-primo\/","name":"UEF-Primo - Tiedonhaku - Kauppatieteet","isPartOf":{"@id":"https:\/\/blogs.uef.fi\/tiedonhaku-kauppatieteet\/#website"},"datePublished":"2020-06-04T13:20:22+00:00","dateModified":"2022-10-03T11:19:01+00:00","breadcrumb":{"@id":"https:\/\/blogs.uef.fi\/tiedonhaku-kauppatieteet\/tietokannat\/uef-primo\/#breadcrumb"},"inLanguage":"fi","potentialAction":[{"@type":"ReadAction","target":["https:\/\/blogs.uef.fi\/tiedonhaku-kauppatieteet\/tietokannat\/uef-primo\/"]}]},{"@type":"BreadcrumbList","@id":"https:\/\/blogs.uef.fi\/tiedonhaku-kauppatieteet\/tietokannat\/uef-primo\/#breadcrumb","itemListElement":[{"@type":"ListItem","position":1,"name":"Home","item":"https:\/\/blogs.uef.fi\/tiedonhaku-kauppatieteet\/"},{"@type":"ListItem","position":2,"name":"Hakukoneet ja tietokannat","item":"https:\/\/blogs.uef.fi\/tiedonhaku-kauppatieteet\/tietokannat\/"},{"@type":"ListItem","position":3,"name":"UEF-Primo"}]},{"@type":"WebSite","@id":"https:\/\/blogs.uef.fi\/tiedonhaku-kauppatieteet\/#website","url":"https:\/\/blogs.uef.fi\/tiedonhaku-kauppatieteet\/","name":"Tiedonhaku - Kauppatieteet","description":"","potentialAction":[{"@type":"SearchAction","target":{"@type":"EntryPoint","urlTemplate":"https:\/\/blogs.uef.fi\/tiedonhaku-kauppatieteet\/?s={search_term_string}"},"query-input":{"@type":"PropertyValueSpecification","valueRequired":true,"valueName":"search_term_string"}}],"inLanguage":"fi"}]}},"_links":{"self":[{"href":"https:\/\/blogs.uef.fi\/tiedonhaku-kauppatieteet\/wp-json\/wp\/v2\/pages\/390","targetHints":{"allow":["GET"]}}],"collection":[{"href":"https:\/\/blogs.uef.fi\/tiedonhaku-kauppatieteet\/wp-json\/wp\/v2\/pages"}],"about":[{"href":"https:\/\/blogs.uef.fi\/tiedonhaku-kauppatieteet\/wp-json\/wp\/v2\/types\/page"}],"author":[{"embeddable":true,"href":"https:\/\/blogs.uef.fi\/tiedonhaku-kauppatieteet\/wp-json\/wp\/v2\/users\/190"}],"replies":[{"embeddable":true,"href":"https:\/\/blogs.uef.fi\/tiedonhaku-kauppatieteet\/wp-json\/wp\/v2\/comments?post=390"}],"version-history":[{"count":2,"href":"https:\/\/blogs.uef.fi\/tiedonhaku-kauppatieteet\/wp-json\/wp\/v2\/pages\/390\/revisions"}],"predecessor-version":[{"id":2229,"href":"https:\/\/blogs.uef.fi\/tiedonhaku-kauppatieteet\/wp-json\/wp\/v2\/pages\/390\/revisions\/2229"}],"up":[{"embeddable":true,"href":"https:\/\/blogs.uef.fi\/tiedonhaku-kauppatieteet\/wp-json\/wp\/v2\/pages\/67"}],"wp:attachment":[{"href":"https:\/\/blogs.uef.fi\/tiedonhaku-kauppatieteet\/wp-json\/wp\/v2\/media?parent=390"}],"curies":[{"name":"wp","href":"https:\/\/api.w.org\/{rel}","templated":true}]}}