{"id":3460,"date":"2023-08-22T09:10:00","date_gmt":"2023-08-22T09:10:00","guid":{"rendered":"https:\/\/blogs.uef.fi\/tiedonhaku-kauppatieteet\/?page_id=3460"},"modified":"2025-07-18T11:46:44","modified_gmt":"2025-07-18T09:46:44","slug":"tekoaly-tiedonhaussa","status":"publish","type":"page","link":"https:\/\/blogs.uef.fi\/tiedonhaku-kauppatieteet\/tekoaly-tiedonhaussa\/","title":{"rendered":"Teko\u00e4ly tiedonhaussa"},"content":{"rendered":"\n<p>Teko\u00e4ly\u00e4 on k\u00e4ytetty hakukoneiden ja tietokantojen toimintaa ohjaavissa algoritmeiss\u00e4 jo pitk\u00e4\u00e4n, mutta viimeaikainen kehitys generatiivisen teko\u00e4lyn ja laajojen kielimallien k\u00e4ytt\u00f6\u00f6notossa on ollut nopeaa. Tiedonhaun n\u00e4k\u00f6kulmasta teko\u00e4lyn potentiaali on suurten tietom\u00e4\u00e4rien tiivist\u00e4misess\u00e4 ja j\u00e4sentelyss\u00e4. Teko\u00e4ly auttaa hahmottamaan aiheita ja k\u00e4sitteit\u00e4. Niiden avulla voi saada ideoita hakusanoiksi.<\/p>\n\n\n\n<p>UEFn opiskelijana kannattaa tutustua ainakin seuraaviin sivustoihin ja ohjeisiin:<\/p>\n\n\n\n<ul class=\"wp-block-list\">\n<li><a href=\"https:\/\/www.uef.fi\/fi\/kirjasto\/tekoaly-tiedonhaussa\" target=\"_blank\" rel=\"noreferrer noopener\">Teko\u00e4ly tiedonhaussa<\/a> (UEF:n kirjaston tekem\u00e4 ohjeistus)<\/li>\n\n\n\n<li><a href=\"https:\/\/kamu.uef.fi\/tietopankki\/opiskelijan-oikeudet-ja-velvollisuudet\/tekoalyn-kayttaminen-opetuksessa-ja-tutkimuksessa\/\" target=\"_blank\" rel=\"noreferrer noopener\">Teko\u00e4lyn k\u00e4ytt\u00e4minen opetuksessa ja tutkimuksessa<\/a> (UEF:n ohjeistus)<\/li>\n<\/ul>\n\n\n\n<p><\/p>\n\n\n\n<h2 class=\"wp-block-heading\"><strong>Kielimalli ei ole hakukone<\/strong><\/h2>\n\n\n\n<p>T\u00e4ll\u00e4 hetkell\u00e4 pinnalla ovat erityisesti generativiinen, vuorovaikutteinen teko\u00e4ly ja suurilla datamassoilla koulutetut kielimallit, Large Language Models LLM, joita hy\u00f6dynt\u00e4v\u00e4t esimerkiksi <a href=\"https:\/\/chat.openai.com\/auth\/login\" target=\"_blank\" rel=\"noreferrer noopener\">ChatGPT<\/a> (OpenAI),<a href=\"https:\/\/copilot.microsoft.com\/chats\/TXCEWqLS8UviYabG6seRS\"> Microsoftin Copilot<\/a>, <a href=\"https:\/\/gemini.google.com\/\" target=\"_blank\" rel=\"noreferrer noopener\">Googlen Gemini<\/a> [avautuvat uudessa v\u00e4lilehdess\u00e4].<\/p>\n\n\n\n<p>Kielimallit eiv\u00e4t hae tietoa netist\u00e4 tai tietokannoista, vaan ne perustuvat sanojen per\u00e4kk\u00e4isen esiintymisen todenn\u00e4k\u00f6isyyksiin. Siksi ne eiv\u00e4t sellaisenaan sovellu tieteellisen tiedon hakuun.<\/p>\n\n\n\n<p>Tekstin paikkansapit\u00e4vyys on aina tarkistettava jostain muualta.<\/p>\n\n\n\n<p>Jos kielimallia k\u00e4ytt\u00e4v\u00e4 chattibotti antaa l\u00e4hdeviitteit\u00e4, on aina tarkistettava, ovatko ne aitoja l\u00e4hteit\u00e4 vai onko ohjelma vain &#8221;hallusinoinut&#8221; l\u00e4hteit\u00e4, joita ei ole olemassakaan.<\/p>\n\n\n\n<h2 class=\"wp-block-heading\"><strong>Hakusanojen ideointiin<\/strong><\/h2>\n\n\n\n<p>Kielimalleja voi k\u00e4ytt\u00e4\u00e4 apuna esimerkiksi aiheeseen tutustumisessa tai hakusanojen hahmottelussa. Erityisesti uuden ja itselle vieraan aiheen analysoinnissa voi teko\u00e4lyst\u00e4 olla paljonkin apua.<\/p>\n\n\n\n<p>Teko\u00e4ly my\u00f6s k\u00e4\u00e4nt\u00e4\u00e4 melko hyvin hakusanoja suomesta englanniksi. <\/p>\n\n\n\n<p>Ehdotettuihin hakusanoihin\/fraaseihin ei kuitenkaan pid\u00e4 luottaa ilman kritiikki\u00e4. <br>Sin\u00e4ll\u00e4\u00e4n niill\u00e4 on helppo kokeilla hakua jostain oman alan tieteellisest\u00e4 tietokannasta tai Google Scholarista. Yleens\u00e4 ehdotuksista joutuu ryhmittelem\u00e4\u00e4n toisilleen vaihtoehtoisia k\u00e4sitteit\u00e4 ja rajaavia k\u00e4sitteit\u00e4, sek\u00e4 pilkkomaan ne hakusanoiksi ja niiden yhdistelmiksi.<\/p>\n\n\n\n<h2 class=\"wp-block-heading\"><strong>Teko\u00e4ly tiivist\u00e4\u00e4 laajat asiakokonaisuudet<\/strong><\/h2>\n\n\n\n<p>Tiedonhaun tarkoituksena ei aina ole l\u00f6yt\u00e4\u00e4 kaikkea aiheeseen liittyv\u00e4\u00e4, vaan koneen voi antaa valikoida relevanteimmat tulokset. N\u00e4in pyrit\u00e4\u00e4n tehostamaan tiedonhakijan jatkoty\u00f6skentely\u00e4 v\u00e4hent\u00e4m\u00e4ll\u00e4 aikaa viev\u00e4\u00e4 hakutulosten selailua.<\/p>\n\n\n\n<p>Tulokset voidaan esitt\u00e4\u00e4 esimerkiksi visuaalisessa muodossa k\u00e4siterypp\u00e4in\u00e4 tai erilaisina verkostoina. <a href=\"https:\/\/blogs.uef.fi\/ueflibrary\/visuaalisia-tiedonhaun-valineita\/\" target=\"_blank\" rel=\"noreferrer noopener\">Connected Papers, Open Knowledge Maps ja Research Rabbit -visuaalisten v\u00e4lineiden kokeilusta<\/a> [avautuu uudessa v\u00e4lilehdess\u00e4].<\/p>\n\n\n\n<p>N\u00e4iden hakuv\u00e4lineiden ongelmana on ennen kaikkea hakuprosessin l\u00e4pin\u00e4kym\u00e4tt\u00f6myys. Hakujen tulosjoukot ovat yleens\u00e4 suurehkoja eik\u00e4 ole mit\u00e4\u00e4n keinoa varmistaa, miten lajittelu toimii ja j\u00e4\u00e4k\u00f6 relevanttia aineistoa mahdollisesti pois tuloksesta.<\/p>\n\n\n\n<p>Koko ajan ilmestyy lis\u00e4\u00e4 v\u00e4lineit\u00e4 my\u00f6s artikkelien sis\u00e4ll\u00f6n\/asiakokonaisuuksien tiivist\u00e4miseen, yhteenvetojen tekemiseen tai tekstin oikolukuun ym. Artikkelihakuihin voi kokeilla my\u00f6s esimerkiksi n\u00e4it\u00e4: <a href=\"https:\/\/elicit.org\/\" target=\"_blank\" rel=\"noreferrer noopener\">Elicit<\/a>, <a href=\"https:\/\/scite.ai\/\" target=\"_blank\" rel=\"noreferrer noopener\">Scite<\/a>, <a href=\"https:\/\/consensus.app\/\" target=\"_blank\" rel=\"noreferrer noopener\">Consensus<\/a>, <a href=\"https:\/\/keenious.com\/\" target=\"_blank\" rel=\"noreferrer noopener\">Keenious<\/a> [avautuvat uudessa v\u00e4lilehdess\u00e4].<\/p>\n\n\n\n<p>Vaikka v\u00e4lineet tarjoavat uusia mahdollisuuksia ja niit\u00e4 voi ja kannattaa hy\u00f6dynt\u00e4\u00e4, systemaattisemmassa ja laajemmassa tiedonhaussa (esim. opinn\u00e4ytett\u00e4v\u00e4 varten teht\u00e4v\u00e4 haku) ne eiv\u00e4t kuitenkaan yksinomaan riit\u00e4. <\/p>\n\n\n\n<h2 class=\"wp-block-heading\">Muista<\/h2>\n\n\n\n<ul class=\"wp-block-list\">\n<li>Useimpiin teko\u00e4lyv\u00e4linesiin pit\u00e4\u00e4 kirjautua, on luotava oma k\u00e4ytt\u00e4j\u00e4tili. T\u00e4t\u00e4 ei kenelt\u00e4k\u00e4\u00e4n kuitenkaan voida vaatia.<\/li>\n\n\n\n<li>Teko\u00e4ly ei vapauta kirjoittajaa tiedon todenper\u00e4isyyden, luotettavuuden tai tieteellisyyden arvioinnista eik\u00e4 l\u00e4hteiden tarkistamisesta.<\/li>\n\n\n\n<li>Edelleen kirjoittaja on itse vastuussa tekstist\u00e4\u00e4n.<\/li>\n\n\n\n<li>Kerro, jos olet k\u00e4ytt\u00e4nyt teko\u00e4ly\u00e4 ty\u00f6ss\u00e4si sek\u00e4 mit\u00e4 ja miss\u00e4 vaiheessa.<\/li>\n\n\n\n<li>\u00c4l\u00e4 jaa yksityist\u00e4 tietoa!<\/li>\n\n\n\n<li>Muutokset ja kehitys ovat nopeita.<\/li>\n<\/ul>\n\n\n\n<h2 class=\"wp-block-heading\">Lis\u00e4lukemista:<\/h2>\n\n\n\n<p>[avautuvat uudessa ikkunassa:]<\/p>\n\n\n\n<p><\/p>\n\n\n\n<ul class=\"wp-block-list\">\n<li><a href=\"https:\/\/blogs.uef.fi\/ueflibrary\/tekoaly-ei-vielakaan-tee-toitamme\/\" target=\"_blank\" rel=\"noreferrer noopener\">Teko\u00e4ly ei viel\u00e4k\u00e4\u00e4n tee t\u00f6it\u00e4mme<\/a> (UEF-kirjasto, blogikirjoitus ChatGPT:st\u00e4)<\/li>\n\n\n\n<li><a href=\"https:\/\/blogs.uef.fi\/ueflibrary\/visuaalisia-tiedonhaun-valineita\/\" target=\"_blank\" rel=\"noreferrer noopener\">Visuaalisia tiedonhaun v\u00e4lineit\u00e4<\/a> (UEF-kirjasto, blogikirjoituksessa Connected papers, Open knowledge maps, Research Rabbit)<\/li>\n\n\n\n<li><a href=\"https:\/\/libguides.tuni.fi\/tiedonhaun-opas\/tiedonhaku-tekoaly\" target=\"_blank\" rel=\"noreferrer noopener\">Tiedonhaku ja teko\u00e4ly \/ Tampereen yliopiston kirjasto<\/a><\/li>\n<\/ul>\n\n\n\n<p><\/p>\n","protected":false},"excerpt":{"rendered":"<p>Teko\u00e4ly\u00e4 on k\u00e4ytetty hakukoneiden ja tietokantojen toimintaa ohjaavissa algoritmeiss\u00e4 jo pitk\u00e4\u00e4n, mutta viimeaikainen kehitys generatiivisen teko\u00e4lyn ja laajojen kielimallien k\u00e4ytt\u00f6\u00f6notossa on ollut nopeaa. Tiedonhaun n\u00e4k\u00f6kulmasta teko\u00e4lyn potentiaali on suurten tietom\u00e4\u00e4rien tiivist\u00e4misess\u00e4 ja j\u00e4sentelyss\u00e4. Teko\u00e4ly auttaa hahmottamaan aiheita ja k\u00e4sitteit\u00e4. Niiden avulla voi saada ideoita hakusanoiksi. UEFn opiskelijana kannattaa tutustua ainakin seuraaviin sivustoihin ja ohjeisiin: Kielimalli [&hellip;]<\/p>\n","protected":false},"author":135,"featured_media":0,"parent":0,"menu_order":0,"comment_status":"closed","ping_status":"closed","template":"","meta":{"_acf_changed":false,"footnotes":""},"class_list":["post-3460","page","type-page","status-publish","hentry"],"acf":[],"yoast_head":"<!-- This site is optimized with the Yoast SEO plugin v27.1.1 - https:\/\/yoast.com\/product\/yoast-seo-wordpress\/ -->\n<title>Teko\u00e4ly tiedonhaussa - Tiedonhaku - Kauppatieteet<\/title>\n<meta name=\"robots\" content=\"index, follow, max-snippet:-1, max-image-preview:large, max-video-preview:-1\" \/>\n<link rel=\"canonical\" href=\"https:\/\/blogs.uef.fi\/tiedonhaku-kauppatieteet\/tekoaly-tiedonhaussa\/\" \/>\n<meta property=\"og:locale\" content=\"fi_FI\" \/>\n<meta property=\"og:type\" content=\"article\" \/>\n<meta property=\"og:title\" content=\"Teko\u00e4ly tiedonhaussa - Tiedonhaku - Kauppatieteet\" \/>\n<meta property=\"og:description\" content=\"Teko\u00e4ly\u00e4 on k\u00e4ytetty hakukoneiden ja tietokantojen toimintaa ohjaavissa algoritmeiss\u00e4 jo pitk\u00e4\u00e4n, mutta viimeaikainen kehitys generatiivisen teko\u00e4lyn ja laajojen kielimallien k\u00e4ytt\u00f6\u00f6notossa on ollut nopeaa. Tiedonhaun n\u00e4k\u00f6kulmasta teko\u00e4lyn potentiaali on suurten tietom\u00e4\u00e4rien tiivist\u00e4misess\u00e4 ja j\u00e4sentelyss\u00e4. Teko\u00e4ly auttaa hahmottamaan aiheita ja k\u00e4sitteit\u00e4. Niiden avulla voi saada ideoita hakusanoiksi. UEFn opiskelijana kannattaa tutustua ainakin seuraaviin sivustoihin ja ohjeisiin: Kielimalli [&hellip;]\" \/>\n<meta property=\"og:url\" content=\"https:\/\/blogs.uef.fi\/tiedonhaku-kauppatieteet\/tekoaly-tiedonhaussa\/\" \/>\n<meta property=\"og:site_name\" content=\"Tiedonhaku - Kauppatieteet\" \/>\n<meta property=\"article:modified_time\" content=\"2025-07-18T09:46:44+00:00\" \/>\n<meta name=\"twitter:card\" content=\"summary_large_image\" \/>\n<meta name=\"twitter:label1\" content=\"Arvioitu lukuaika\" \/>\n\t<meta name=\"twitter:data1\" content=\"3 minuuttia\" \/>\n<script type=\"application\/ld+json\" class=\"yoast-schema-graph\">{\"@context\":\"https:\/\/schema.org\",\"@graph\":[{\"@type\":\"WebPage\",\"@id\":\"https:\/\/blogs.uef.fi\/tiedonhaku-kauppatieteet\/tekoaly-tiedonhaussa\/\",\"url\":\"https:\/\/blogs.uef.fi\/tiedonhaku-kauppatieteet\/tekoaly-tiedonhaussa\/\",\"name\":\"Teko\u00e4ly tiedonhaussa - Tiedonhaku - Kauppatieteet\",\"isPartOf\":{\"@id\":\"https:\/\/blogs.uef.fi\/tiedonhaku-kauppatieteet\/#website\"},\"datePublished\":\"2023-08-22T09:10:00+00:00\",\"dateModified\":\"2025-07-18T09:46:44+00:00\",\"breadcrumb\":{\"@id\":\"https:\/\/blogs.uef.fi\/tiedonhaku-kauppatieteet\/tekoaly-tiedonhaussa\/#breadcrumb\"},\"inLanguage\":\"fi\",\"potentialAction\":[{\"@type\":\"ReadAction\",\"target\":[\"https:\/\/blogs.uef.fi\/tiedonhaku-kauppatieteet\/tekoaly-tiedonhaussa\/\"]}]},{\"@type\":\"BreadcrumbList\",\"@id\":\"https:\/\/blogs.uef.fi\/tiedonhaku-kauppatieteet\/tekoaly-tiedonhaussa\/#breadcrumb\",\"itemListElement\":[{\"@type\":\"ListItem\",\"position\":1,\"name\":\"Home\",\"item\":\"https:\/\/blogs.uef.fi\/tiedonhaku-kauppatieteet\/\"},{\"@type\":\"ListItem\",\"position\":2,\"name\":\"Teko\u00e4ly tiedonhaussa\"}]},{\"@type\":\"WebSite\",\"@id\":\"https:\/\/blogs.uef.fi\/tiedonhaku-kauppatieteet\/#website\",\"url\":\"https:\/\/blogs.uef.fi\/tiedonhaku-kauppatieteet\/\",\"name\":\"Tiedonhaku - Kauppatieteet\",\"description\":\"\",\"potentialAction\":[{\"@type\":\"SearchAction\",\"target\":{\"@type\":\"EntryPoint\",\"urlTemplate\":\"https:\/\/blogs.uef.fi\/tiedonhaku-kauppatieteet\/?s={search_term_string}\"},\"query-input\":{\"@type\":\"PropertyValueSpecification\",\"valueRequired\":true,\"valueName\":\"search_term_string\"}}],\"inLanguage\":\"fi\"}]}<\/script>\n<!-- \/ Yoast SEO plugin. -->","yoast_head_json":{"title":"Teko\u00e4ly tiedonhaussa - Tiedonhaku - Kauppatieteet","robots":{"index":"index","follow":"follow","max-snippet":"max-snippet:-1","max-image-preview":"max-image-preview:large","max-video-preview":"max-video-preview:-1"},"canonical":"https:\/\/blogs.uef.fi\/tiedonhaku-kauppatieteet\/tekoaly-tiedonhaussa\/","og_locale":"fi_FI","og_type":"article","og_title":"Teko\u00e4ly tiedonhaussa - Tiedonhaku - Kauppatieteet","og_description":"Teko\u00e4ly\u00e4 on k\u00e4ytetty hakukoneiden ja tietokantojen toimintaa ohjaavissa algoritmeiss\u00e4 jo pitk\u00e4\u00e4n, mutta viimeaikainen kehitys generatiivisen teko\u00e4lyn ja laajojen kielimallien k\u00e4ytt\u00f6\u00f6notossa on ollut nopeaa. Tiedonhaun n\u00e4k\u00f6kulmasta teko\u00e4lyn potentiaali on suurten tietom\u00e4\u00e4rien tiivist\u00e4misess\u00e4 ja j\u00e4sentelyss\u00e4. Teko\u00e4ly auttaa hahmottamaan aiheita ja k\u00e4sitteit\u00e4. Niiden avulla voi saada ideoita hakusanoiksi. UEFn opiskelijana kannattaa tutustua ainakin seuraaviin sivustoihin ja ohjeisiin: Kielimalli [&hellip;]","og_url":"https:\/\/blogs.uef.fi\/tiedonhaku-kauppatieteet\/tekoaly-tiedonhaussa\/","og_site_name":"Tiedonhaku - Kauppatieteet","article_modified_time":"2025-07-18T09:46:44+00:00","twitter_card":"summary_large_image","twitter_misc":{"Arvioitu lukuaika":"3 minuuttia"},"schema":{"@context":"https:\/\/schema.org","@graph":[{"@type":"WebPage","@id":"https:\/\/blogs.uef.fi\/tiedonhaku-kauppatieteet\/tekoaly-tiedonhaussa\/","url":"https:\/\/blogs.uef.fi\/tiedonhaku-kauppatieteet\/tekoaly-tiedonhaussa\/","name":"Teko\u00e4ly tiedonhaussa - Tiedonhaku - Kauppatieteet","isPartOf":{"@id":"https:\/\/blogs.uef.fi\/tiedonhaku-kauppatieteet\/#website"},"datePublished":"2023-08-22T09:10:00+00:00","dateModified":"2025-07-18T09:46:44+00:00","breadcrumb":{"@id":"https:\/\/blogs.uef.fi\/tiedonhaku-kauppatieteet\/tekoaly-tiedonhaussa\/#breadcrumb"},"inLanguage":"fi","potentialAction":[{"@type":"ReadAction","target":["https:\/\/blogs.uef.fi\/tiedonhaku-kauppatieteet\/tekoaly-tiedonhaussa\/"]}]},{"@type":"BreadcrumbList","@id":"https:\/\/blogs.uef.fi\/tiedonhaku-kauppatieteet\/tekoaly-tiedonhaussa\/#breadcrumb","itemListElement":[{"@type":"ListItem","position":1,"name":"Home","item":"https:\/\/blogs.uef.fi\/tiedonhaku-kauppatieteet\/"},{"@type":"ListItem","position":2,"name":"Teko\u00e4ly tiedonhaussa"}]},{"@type":"WebSite","@id":"https:\/\/blogs.uef.fi\/tiedonhaku-kauppatieteet\/#website","url":"https:\/\/blogs.uef.fi\/tiedonhaku-kauppatieteet\/","name":"Tiedonhaku - Kauppatieteet","description":"","potentialAction":[{"@type":"SearchAction","target":{"@type":"EntryPoint","urlTemplate":"https:\/\/blogs.uef.fi\/tiedonhaku-kauppatieteet\/?s={search_term_string}"},"query-input":{"@type":"PropertyValueSpecification","valueRequired":true,"valueName":"search_term_string"}}],"inLanguage":"fi"}]}},"_links":{"self":[{"href":"https:\/\/blogs.uef.fi\/tiedonhaku-kauppatieteet\/wp-json\/wp\/v2\/pages\/3460","targetHints":{"allow":["GET"]}}],"collection":[{"href":"https:\/\/blogs.uef.fi\/tiedonhaku-kauppatieteet\/wp-json\/wp\/v2\/pages"}],"about":[{"href":"https:\/\/blogs.uef.fi\/tiedonhaku-kauppatieteet\/wp-json\/wp\/v2\/types\/page"}],"author":[{"embeddable":true,"href":"https:\/\/blogs.uef.fi\/tiedonhaku-kauppatieteet\/wp-json\/wp\/v2\/users\/135"}],"replies":[{"embeddable":true,"href":"https:\/\/blogs.uef.fi\/tiedonhaku-kauppatieteet\/wp-json\/wp\/v2\/comments?post=3460"}],"version-history":[{"count":2,"href":"https:\/\/blogs.uef.fi\/tiedonhaku-kauppatieteet\/wp-json\/wp\/v2\/pages\/3460\/revisions"}],"predecessor-version":[{"id":3633,"href":"https:\/\/blogs.uef.fi\/tiedonhaku-kauppatieteet\/wp-json\/wp\/v2\/pages\/3460\/revisions\/3633"}],"wp:attachment":[{"href":"https:\/\/blogs.uef.fi\/tiedonhaku-kauppatieteet\/wp-json\/wp\/v2\/media?parent=3460"}],"curies":[{"name":"wp","href":"https:\/\/api.w.org\/{rel}","templated":true}]}}