{"id":310,"date":"2020-06-04T07:22:18","date_gmt":"2020-06-04T07:22:18","guid":{"rendered":"https:\/\/blogs.uef.fi\/tiedonhaku-kauppatieteet\/?page_id=310"},"modified":"2025-06-06T12:06:35","modified_gmt":"2025-06-06T10:06:35","slug":"google_scholar_ja_muut","status":"publish","type":"page","link":"https:\/\/blogs.uef.fi\/tiedonhaku-kauppatieteet\/tietokannat\/google_scholar_ja_muut\/","title":{"rendered":"Google, Google Scholar, UEF-Primo ja muut"},"content":{"rendered":"\n<p>Erilaisia hakuv\u00e4lineit\u00e4 on ehk\u00e4 liikaakin. Erityyppist\u00e4 aineistoa erilaisiin tiedontarpeisiin kannattaa hakea hieman eri hakuv\u00e4lineill\u00e4. Haetko kirjoja vai artikkeleita? Tarvitsetko tilastoja tai lains\u00e4\u00e4d\u00e4nn\u00f6n valmisteluasiakirjoja? Pit\u00e4\u00e4k\u00f6 sinun l\u00f6yt\u00e4\u00e4 kattavasti aiheestasi kirjoitettua? Mink\u00e4 kielist\u00e4, mink\u00e4 maalaista l\u00e4hdeaineistoa tarvitset? Kokeile joka tapauksessa useampia hakuv\u00e4lineit\u00e4 \u2013 varsinkin jos olet tekem\u00e4ss\u00e4 kattavaa kirjallisuuskatsausta.<\/p>\n\n\n\n<h2 class=\"wp-block-heading\">Google<\/h2>\n\n\n\n<p>Google on ehk\u00e4 tavallisin tiedonhaun aloitusv\u00e4line.<br>Ole kriittinen tiedon laadun ja tason suhteen. Google l\u00f6yt\u00e4\u00e4 monenlaisia l\u00e4hteit\u00e4, joista l\u00e4hesk\u00e4\u00e4n kaikki eiv\u00e4t ainakaan tieteellisen ty\u00f6n l\u00e4hteiksi kelpaa.&nbsp; Jonkinlaisen yleiskuvan kuitenkin aiheeseesi sill\u00e4 saat ja vinkkej\u00e4 eteenp\u00e4in. &#8221;Tavallinen&#8221; Google l\u00f6yt\u00e4\u00e4 hyvin mm.:<\/p>\n\n\n\n<ul class=\"wp-block-list\">\n<li>nopeita vastauksia tarkkoihin faktakysymyksiin<\/li>\n\n\n\n<li>hallinnon, ministeri\u00f6iden yms. tietoja<\/li>\n\n\n\n<li>yritysten ja organisaatioiden kotisivuja<\/li>\n\n\n\n<li>blogeja ja keskustelualueita aiheeseesi<\/li>\n\n\n\n<li>uutisia (joita seuraamalla voi l\u00f6yt\u00e4\u00e4 alkuper\u00e4isen tutkimusl\u00e4hteenkin)<\/li>\n\n\n\n<li>vapaita, avoimia julkaisuja, esim. open access -artikkeleita. Sill\u00e4 on hyv\u00e4 tarkistaa esim. l\u00f6ytyyk\u00f6 etsim\u00e4si artikkeli tai raportti vapaasti verkosta.<\/li>\n<\/ul>\n\n\n\n<p>Tulosten relevanssilajittelu (hakusanoihin osuvimmat tuloslistan k\u00e4rjess\u00e4) useimmiten auttaa, mutta joskus hukkaa tiedon alemmas listalla. P\u00e4\u00e4s\u00e4\u00e4nt\u00f6isesti hakusanojen sijainti tekstin alussa nostaa sijoitusta tuloslistauksessa. Mainokset sek\u00e4 paljon viittauksia ja avauksia saaneet julkaisut yleens\u00e4 tulevat tuloslistan alkuun.<\/p>\n\n\n\n<p>Google my\u00f6s personoi tuloksia, ne ovat erilaisia eri hakijoille eri koneilla. Se muistaa aiemman haku- ja selaushistorian ja p\u00e4\u00e4ttelee t\u00e4m\u00e4n avulla, mitk\u00e4 asiat sinua kiinnostavat.<\/p>\n\n\n\n<p>Googlessa (asetukset-linkin takana) on my\u00f6s<a href=\"https:\/\/www.google.fi\/advanced_search?hl=fi&amp;fg=1\" target=\"_blank\" rel=\"noopener\"> tarkennettu haku<\/a>. [aukeaa uuteen v\u00e4lilehteen]<br>Esimerkiksi luotettavien organisaatioiden tuottamat raportit ovat yleens\u00e4 pdf-muodossa. Kun haluat l\u00f6yt\u00e4\u00e4 t\u00e4llaisia, voit &#8221;Tiedostotyyppi&#8221;-kohdasta valita &#8221;Adobe Acrobat PDF (.pdf)&#8221;. Voit my\u00f6s mietti\u00e4, mik\u00e4 organisaatio olisi tarvitsemaasi tietoa tuottanut, ja laittaa kyseisen organisaation verkkotunnuksen (domain-nimen) rajaukseksi kohtaan &#8221;Haku sivustosta tai verkkotunnuksesta:&#8221;<\/p>\n\n\n\n<h2 class=\"wp-block-heading\">Google Scholar<\/h2>\n\n\n\n<p>Vaihda <a href=\"https:\/\/scholar.google.fi\/\" target=\"_blank\" rel=\"noopener\">Google Scholariin<\/a> [aukeaa uuteen v\u00e4lilehteen], kun sinun pit\u00e4\u00e4 l\u00f6yt\u00e4\u00e4 tieteellisempi\u00e4 l\u00e4hteit\u00e4. Se ei l\u00f6yd\u00e4 tavallisia web-sivuja, vaan tieteellisten julkaisijoiden, yliopistojen ja muiden tieteellisiksi katsottujen organisaatioiden raportteja, tutkielmia, opinn\u00e4ytet\u00f6it\u00e4, artikkeleita, kirjoja, ty\u00f6papereita, konferenssijulkaisuja ym. julkaisutyyppisi\u00e4 l\u00e4hteit\u00e4. Google l\u00f6yt\u00e4\u00e4 monentyyppist\u00e4 \u201dharmaatakin kirjallisuutta\u201d, mutta sis\u00e4ll\u00f6n kattavuudesta ei ole tietoa.<\/p>\n\n\n\n<p>Ole kuitenkin kriittinen! Kaikki Scholarin tavoittama aineisto ei t\u00e4yt\u00e4 tieteellisyyden kriteereit\u00e4. Varsinkin suomenkielell\u00e4 haettaessa tuloksiin tulee paljon amk-opinn\u00e4ytet\u00f6it\u00e4 ja pro graduja. Kannattaa hakea englanniksi.<\/p>\n\n\n\n<p>Google Scholar on hy\u00f6dyllinen mm.:<\/p>\n\n\n\n<ul class=\"wp-block-list\">\n<li>Tutkimuksen aloitukseen. Saat ehk\u00e4 muutaman relevantin artikkelin alkuun p\u00e4\u00e4semiseksi. Mutta \u00e4l\u00e4 luota pelk\u00e4st\u00e4\u00e4n niihin.<\/li>\n\n\n\n<li>Voi auttaa l\u00f6yt\u00e4m\u00e4\u00e4n aiheesi \u201cavaintekij\u00e4t\u201d, eniten viitatut kirjoittajat.<\/li>\n\n\n\n<li>Auttaa terminologian ja hakusanojen ideointiin.<\/li>\n\n\n\n<li>Viittausten m\u00e4\u00e4r\u00e4 (cited by) ja aiheeseen liittyvi\u00e4 artikkeleita (related articles) auttavat lis\u00e4l\u00e4hteisiin ja ideointiin.<\/li>\n<\/ul>\n\n\n\n<p>Mit\u00e4 kattavampi ja systemaattisempi hakusi pit\u00e4\u00e4 olla, sit\u00e4 varmemmin pit\u00e4\u00e4 hakea alan (artikkeli-viite-)tietokannasta\/tietokannoista erikseen. Systemaattisiin katsauksiin tiedonhaut pit\u00e4\u00e4 aina tehd\u00e4 useammasta artikkelitietokannasta.<br>Tietokannoissa on paremmat rajausmahdollisuudet kuin Googleissa. My\u00f6s tieto tietokantaan seurattavista l\u00e4hteist\u00e4 ja niiden valintakriteereist\u00e4 on tiedonhakijan varmistettavissa.<\/p>\n\n\n\n<p>Se mik\u00e4 toimii Google-hauissa, ei v\u00e4ltt\u00e4m\u00e4tt\u00e4 toimi varsinaisissa tietokantahauissa. Google ymm\u00e4rt\u00e4\u00e4 melko hyvin kokonaisia lauseita (kysymyksi\u00e4, taivutusmuotoja, the-a-artikkeleita, prepositioita sis\u00e4lt\u00e4vi\u00e4) ja hakee automaattisesti asiaan liittyvi\u00e4 termej\u00e4. Googlessa hakusanojen j\u00e4rjestyksell\u00e4 on merkityst\u00e4. Kirjoita haun kannalta t\u00e4rkeimm\u00e4t sanat alkuun.<br>Tietokantahauissa aiheesi on pilkottava hakusanoiksi ja niiden loogisiksi yhdistelmiksi.<\/p>\n\n\n\n<p>Ellei kokoteksti aukea, kirjaudu UEF-tunnuksillasi <a href=\"https:\/\/primo.uef.fi\/\" target=\"_blank\" rel=\"noopener\">UEF-Primoon<\/a> [aukeaa uuteen v\u00e4lilehteen] ja tarkista saatavuus sit\u00e4 kautta. Ns. maksumuuri tulee UEF-tunnuksilla ylitetty\u00e4.<\/p>\n\n\n\n<h2 class=\"wp-block-heading\">UEF-Primo<\/h2>\n\n\n\n<p><a href=\"https:\/\/primo.uef.fi\/\" target=\"_blank\" rel=\"noopener\">UEF-Primo<\/a> on hy\u00f6dyllinen mm.<\/p>\n\n\n\n<ul class=\"wp-block-list\">\n<li>Erikseen UEFilaisten k\u00e4ytt\u00f6\u00f6n maksetun aineiston l\u00f6yt\u00e4miseen ja k\u00e4siin saamiseen.<\/li>\n\n\n\n<li>Kirjatyyppisen aineiston hakuun (kirjat ja e-kirjat).<\/li>\n\n\n\n<li>Kansaiv\u00e4listen artikkeleiden hakuun.<br>Hakee useista maksullisistakin tietokannoista yhdell\u00e4 kertaa.<br>V\u00e4h\u00e4n googlemainen haku, hakee my\u00f6s muita kuin tieteellisi\u00e4 artikkeleita. Laaja, monialainen haku, mutta tulosten rajausmahdollisuuksista l\u00f6ytyy esim. saatavuus, vertaisarvioidut kausijulkaisut, aineistotyyppi ja aihe.<\/li>\n\n\n\n<li>Full text -saatavuus on parempi kuin Google-hauissa.<\/li>\n<\/ul>\n\n\n\n<h2 class=\"wp-block-heading\">Tietokannat<\/h2>\n\n\n\n<p>Tietokanta on koko ajan p\u00e4ivittyv\u00e4 kokoelma tietoja tietyn alan (suppean tai laajan) tieteellisist\u00e4 julkaisuista. Usein n\u00e4it\u00e4 puhutaan kirjallisuustietokannoiksi, artikkelitietokannoiksi tai viitetietokannoiksi (bibliographic\/reference databases \/ library databases).<br>Esim. <a href=\"https:\/\/primo.uef.fi\/permalink\/358FIN_UOEF\/mhajq\/alma9911698053705966\" target=\"_blank\" rel=\"noopener\">Business Source Elite<\/a> (Ebsco), <a href=\"https:\/\/primo.uef.fi\/permalink\/358FIN_UOEF\/mhajq\/alma9911700183705966\" target=\"_blank\" rel=\"noopener\">Scopus<\/a><\/p>\n\n\n\n<p>Suurimmaksi osaksi tietokannat sis\u00e4lt\u00e4v\u00e4t tietoja tieteellisist\u00e4 lehtiartikkeleista, mutta joissakin on mukana my\u00f6s valikoitujen kirjojen, kirjan kappaleiden, konferenssijulkaisujen yms. tietoja.<\/p>\n\n\n\n<p>Etuja:<\/p>\n\n\n\n<ul class=\"wp-block-list\">\n<li>Valikoitu ja arvioitu sis\u00e4lt\u00f6<\/li>\n\n\n\n<li>Luotettavuus, tieteellisyys (vertaisarvioitu\/scholarly\/peer reviewed ainakin rajausmahdollisuutena)<\/li>\n\n\n\n<li>Kattavuus, esim. tietyn alan t\u00e4rkeimm\u00e4t julkaisut.<\/li>\n\n\n\n<li>L\u00e4pin\u00e4kyv\u00e4sti tieto, mit\u00e4 julkaisuja ja milt\u00e4 vuosilta tietokantaan on seurattu.<\/li>\n\n\n\n<li>J\u00e4rjestetty rakenne.<br>Mahdollistaa haun kohdistamisen\/rajaamisen johonkin tiettyyn osaan dokumenttia (kent\u00e4t) ja tulosten lajitteluj\u00e4rjestyksen vaihtamisen luotettavasti. (esim. aikaj\u00e4rjestys, tekij\u00e4n mukaan, otsikon mukaan)<\/li>\n\n\n\n<li>Monipuoliset hakumahdollisuudet ja rajausmahdollisuudet<\/li>\n\n\n\n<li>Lis\u00e4arvona aihetta\/asiaa kuvaavat asiasanat (subject terms) -&gt; vinkkej\u00e4 hakusanoiksi<\/li>\n\n\n\n<li>Tieteenalarajaus laajoissa tietokannoissa tai tieteenalakohtainen tietokanta<\/li>\n<\/ul>\n\n\n\n<p><\/p>\n\n\n\n<figure class=\"wp-block-image aligncenter wp-image-1839\"><img loading=\"lazy\" decoding=\"async\" width=\"1280\" height=\"720\" src=\"https:\/\/blogs.uef.fi\/tiedonhaku-kauppatieteet\/wp-content\/uploads\/sites\/105\/2021\/09\/google_tietokantahaku.jpg\" alt=\"Google_tarkennettu_haku_vs_tietokantahaku_esimerkki\" class=\"wp-image-1839\" srcset=\"https:\/\/blogs.uef.fi\/tiedonhaku-kauppatieteet\/wp-content\/uploads\/sites\/105\/2021\/09\/google_tietokantahaku.jpg 1280w, https:\/\/blogs.uef.fi\/tiedonhaku-kauppatieteet\/wp-content\/uploads\/sites\/105\/2021\/09\/google_tietokantahaku-300x169.jpg 300w, https:\/\/blogs.uef.fi\/tiedonhaku-kauppatieteet\/wp-content\/uploads\/sites\/105\/2021\/09\/google_tietokantahaku-1024x576.jpg 1024w, https:\/\/blogs.uef.fi\/tiedonhaku-kauppatieteet\/wp-content\/uploads\/sites\/105\/2021\/09\/google_tietokantahaku-768x432.jpg 768w\" sizes=\"auto, (max-width: 1280px) 100vw, 1280px\" \/><figcaption class=\"wp-element-caption\">Googlen tarkennettu haku verrattuna artikkelitietokannan hakuun. Miten ANDilla ja ORilla yhdistett\u00e4v\u00e4t hakusanat.<\/figcaption><\/figure>\n\n\n\n<p>Voit my\u00f6s tarvita <a href=\"https:\/\/blogs.uef.fi\/tiedonhaku-kauppatieteet\/tietokannat\/lakitieto-tilastot-yritystieto\/\">lains\u00e4\u00e4d\u00e4nn\u00f6n l\u00e4hteit\u00e4<\/a>, <a href=\"https:\/\/blogs.uef.fi\/tiedonhaku-kauppatieteet\/tilasto-ja-yritystiedon-haku\/\">tilasto- tai markkinatiedon l\u00e4hteit\u00e4<\/a> yms.<\/p>\n\n\n\n<h2 class=\"wp-block-heading\">Teko\u00e4lyv\u00e4lineit\u00e4<\/h2>\n\n\n\n<p>Avoimen tieteen ja teko\u00e4lyn kehittymisen my\u00f6t\u00e4 ilmestyy my\u00f6s uusia hakuv\u00e4lineit\u00e4, esimerkiksi: <a href=\"https:\/\/blogs.uef.fi\/ueflibrary\/visuaalisia-tiedonhaun-valineita\/\" target=\"_blank\" rel=\"noopener\">Visuaalisia tiedonhaun v\u00e4lineit\u00e4 <\/a>[aukeaa uuteen v\u00e4lilehteen]<\/p>\n\n\n\n<p>Generatiivisesta teko\u00e4lyst\u00e4 ja ChatGPT:st\u00e4 tiedonhaussa: <a href=\"https:\/\/blogs.uef.fi\/ueflibrary\/tekoaly-ei-vielakaan-tee-toitamme\/\" target=\"_blank\" rel=\"noreferrer noopener\">Teko\u00e4ly ei viel\u00e4k\u00e4\u00e4n tee t\u00f6it\u00e4mme<\/a> [aukeaa uuteen v\u00e4lilehteen]<\/p>\n\n\n\n<p><\/p>\n","protected":false},"excerpt":{"rendered":"<p>Erilaisia hakuv\u00e4lineit\u00e4 on ehk\u00e4 liikaakin. Erityyppist\u00e4 aineistoa erilaisiin tiedontarpeisiin kannattaa hakea hieman eri hakuv\u00e4lineill\u00e4. Haetko kirjoja vai artikkeleita? Tarvitsetko tilastoja tai lains\u00e4\u00e4d\u00e4nn\u00f6n valmisteluasiakirjoja? Pit\u00e4\u00e4k\u00f6 sinun l\u00f6yt\u00e4\u00e4 kattavasti aiheestasi kirjoitettua? Mink\u00e4 kielist\u00e4, mink\u00e4 maalaista l\u00e4hdeaineistoa tarvitset? Kokeile joka tapauksessa useampia hakuv\u00e4lineit\u00e4 \u2013 varsinkin jos olet tekem\u00e4ss\u00e4 kattavaa kirjallisuuskatsausta. Google Google on ehk\u00e4 tavallisin tiedonhaun aloitusv\u00e4line.Ole kriittinen [&hellip;]<\/p>\n","protected":false},"author":135,"featured_media":0,"parent":67,"menu_order":1,"comment_status":"closed","ping_status":"closed","template":"","meta":{"_acf_changed":false,"footnotes":""},"class_list":["post-310","page","type-page","status-publish","hentry"],"acf":[],"yoast_head":"<!-- This site is optimized with the Yoast SEO plugin v27.3 - https:\/\/yoast.com\/product\/yoast-seo-wordpress\/ -->\n<title>Google, Google Scholar, UEF-Primo ja muut - Tiedonhaku - Kauppatieteet<\/title>\n<meta name=\"robots\" content=\"index, follow, max-snippet:-1, max-image-preview:large, max-video-preview:-1\" \/>\n<link rel=\"canonical\" href=\"https:\/\/blogs.uef.fi\/tiedonhaku-kauppatieteet\/tietokannat\/google_scholar_ja_muut\/\" \/>\n<meta property=\"og:locale\" content=\"fi_FI\" \/>\n<meta property=\"og:type\" content=\"article\" \/>\n<meta property=\"og:title\" content=\"Google, Google Scholar, UEF-Primo ja muut - Tiedonhaku - Kauppatieteet\" \/>\n<meta property=\"og:description\" content=\"Erilaisia hakuv\u00e4lineit\u00e4 on ehk\u00e4 liikaakin. Erityyppist\u00e4 aineistoa erilaisiin tiedontarpeisiin kannattaa hakea hieman eri hakuv\u00e4lineill\u00e4. Haetko kirjoja vai artikkeleita? Tarvitsetko tilastoja tai lains\u00e4\u00e4d\u00e4nn\u00f6n valmisteluasiakirjoja? Pit\u00e4\u00e4k\u00f6 sinun l\u00f6yt\u00e4\u00e4 kattavasti aiheestasi kirjoitettua? Mink\u00e4 kielist\u00e4, mink\u00e4 maalaista l\u00e4hdeaineistoa tarvitset? Kokeile joka tapauksessa useampia hakuv\u00e4lineit\u00e4 \u2013 varsinkin jos olet tekem\u00e4ss\u00e4 kattavaa kirjallisuuskatsausta. Google Google on ehk\u00e4 tavallisin tiedonhaun aloitusv\u00e4line.Ole kriittinen [&hellip;]\" \/>\n<meta property=\"og:url\" content=\"https:\/\/blogs.uef.fi\/tiedonhaku-kauppatieteet\/tietokannat\/google_scholar_ja_muut\/\" \/>\n<meta property=\"og:site_name\" content=\"Tiedonhaku - Kauppatieteet\" \/>\n<meta property=\"article:modified_time\" content=\"2025-06-06T10:06:35+00:00\" \/>\n<meta property=\"og:image\" content=\"https:\/\/blogs.uef.fi\/tiedonhaku-kauppatieteet\/wp-content\/uploads\/sites\/105\/2021\/09\/google_tietokantahaku.jpg\" \/>\n\t<meta property=\"og:image:width\" content=\"1280\" \/>\n\t<meta property=\"og:image:height\" content=\"720\" \/>\n\t<meta property=\"og:image:type\" content=\"image\/jpeg\" \/>\n<meta name=\"twitter:card\" content=\"summary_large_image\" \/>\n<meta name=\"twitter:label1\" content=\"Arvioitu lukuaika\" \/>\n\t<meta name=\"twitter:data1\" content=\"5 minuuttia\" \/>\n<script type=\"application\/ld+json\" class=\"yoast-schema-graph\">{\"@context\":\"https:\\\/\\\/schema.org\",\"@graph\":[{\"@type\":\"WebPage\",\"@id\":\"https:\\\/\\\/blogs.uef.fi\\\/tiedonhaku-kauppatieteet\\\/tietokannat\\\/google_scholar_ja_muut\\\/\",\"url\":\"https:\\\/\\\/blogs.uef.fi\\\/tiedonhaku-kauppatieteet\\\/tietokannat\\\/google_scholar_ja_muut\\\/\",\"name\":\"Google, Google Scholar, UEF-Primo ja muut - Tiedonhaku - Kauppatieteet\",\"isPartOf\":{\"@id\":\"https:\\\/\\\/blogs.uef.fi\\\/tiedonhaku-kauppatieteet\\\/#website\"},\"primaryImageOfPage\":{\"@id\":\"https:\\\/\\\/blogs.uef.fi\\\/tiedonhaku-kauppatieteet\\\/tietokannat\\\/google_scholar_ja_muut\\\/#primaryimage\"},\"image\":{\"@id\":\"https:\\\/\\\/blogs.uef.fi\\\/tiedonhaku-kauppatieteet\\\/tietokannat\\\/google_scholar_ja_muut\\\/#primaryimage\"},\"thumbnailUrl\":\"https:\\\/\\\/blogs.uef.fi\\\/tiedonhaku-kauppatieteet\\\/wp-content\\\/uploads\\\/sites\\\/105\\\/2021\\\/09\\\/google_tietokantahaku.jpg\",\"datePublished\":\"2020-06-04T07:22:18+00:00\",\"dateModified\":\"2025-06-06T10:06:35+00:00\",\"breadcrumb\":{\"@id\":\"https:\\\/\\\/blogs.uef.fi\\\/tiedonhaku-kauppatieteet\\\/tietokannat\\\/google_scholar_ja_muut\\\/#breadcrumb\"},\"inLanguage\":\"fi\",\"potentialAction\":[{\"@type\":\"ReadAction\",\"target\":[\"https:\\\/\\\/blogs.uef.fi\\\/tiedonhaku-kauppatieteet\\\/tietokannat\\\/google_scholar_ja_muut\\\/\"]}]},{\"@type\":\"ImageObject\",\"inLanguage\":\"fi\",\"@id\":\"https:\\\/\\\/blogs.uef.fi\\\/tiedonhaku-kauppatieteet\\\/tietokannat\\\/google_scholar_ja_muut\\\/#primaryimage\",\"url\":\"https:\\\/\\\/blogs.uef.fi\\\/tiedonhaku-kauppatieteet\\\/wp-content\\\/uploads\\\/sites\\\/105\\\/2021\\\/09\\\/google_tietokantahaku.jpg\",\"contentUrl\":\"https:\\\/\\\/blogs.uef.fi\\\/tiedonhaku-kauppatieteet\\\/wp-content\\\/uploads\\\/sites\\\/105\\\/2021\\\/09\\\/google_tietokantahaku.jpg\",\"width\":1280,\"height\":720,\"caption\":\"Google_tarkennettu_haku_vs_tietokantahaku_esimerkki\"},{\"@type\":\"BreadcrumbList\",\"@id\":\"https:\\\/\\\/blogs.uef.fi\\\/tiedonhaku-kauppatieteet\\\/tietokannat\\\/google_scholar_ja_muut\\\/#breadcrumb\",\"itemListElement\":[{\"@type\":\"ListItem\",\"position\":1,\"name\":\"Home\",\"item\":\"https:\\\/\\\/blogs.uef.fi\\\/tiedonhaku-kauppatieteet\\\/\"},{\"@type\":\"ListItem\",\"position\":2,\"name\":\"Hakukoneet ja tietokannat\",\"item\":\"https:\\\/\\\/blogs.uef.fi\\\/tiedonhaku-kauppatieteet\\\/tietokannat\\\/\"},{\"@type\":\"ListItem\",\"position\":3,\"name\":\"Google, Google Scholar, UEF-Primo ja muut\"}]},{\"@type\":\"WebSite\",\"@id\":\"https:\\\/\\\/blogs.uef.fi\\\/tiedonhaku-kauppatieteet\\\/#website\",\"url\":\"https:\\\/\\\/blogs.uef.fi\\\/tiedonhaku-kauppatieteet\\\/\",\"name\":\"Tiedonhaku - Kauppatieteet\",\"description\":\"\",\"potentialAction\":[{\"@type\":\"SearchAction\",\"target\":{\"@type\":\"EntryPoint\",\"urlTemplate\":\"https:\\\/\\\/blogs.uef.fi\\\/tiedonhaku-kauppatieteet\\\/?s={search_term_string}\"},\"query-input\":{\"@type\":\"PropertyValueSpecification\",\"valueRequired\":true,\"valueName\":\"search_term_string\"}}],\"inLanguage\":\"fi\"}]}<\/script>\n<!-- \/ Yoast SEO plugin. -->","yoast_head_json":{"title":"Google, Google Scholar, UEF-Primo ja muut - Tiedonhaku - Kauppatieteet","robots":{"index":"index","follow":"follow","max-snippet":"max-snippet:-1","max-image-preview":"max-image-preview:large","max-video-preview":"max-video-preview:-1"},"canonical":"https:\/\/blogs.uef.fi\/tiedonhaku-kauppatieteet\/tietokannat\/google_scholar_ja_muut\/","og_locale":"fi_FI","og_type":"article","og_title":"Google, Google Scholar, UEF-Primo ja muut - Tiedonhaku - Kauppatieteet","og_description":"Erilaisia hakuv\u00e4lineit\u00e4 on ehk\u00e4 liikaakin. Erityyppist\u00e4 aineistoa erilaisiin tiedontarpeisiin kannattaa hakea hieman eri hakuv\u00e4lineill\u00e4. Haetko kirjoja vai artikkeleita? Tarvitsetko tilastoja tai lains\u00e4\u00e4d\u00e4nn\u00f6n valmisteluasiakirjoja? Pit\u00e4\u00e4k\u00f6 sinun l\u00f6yt\u00e4\u00e4 kattavasti aiheestasi kirjoitettua? Mink\u00e4 kielist\u00e4, mink\u00e4 maalaista l\u00e4hdeaineistoa tarvitset? Kokeile joka tapauksessa useampia hakuv\u00e4lineit\u00e4 \u2013 varsinkin jos olet tekem\u00e4ss\u00e4 kattavaa kirjallisuuskatsausta. Google Google on ehk\u00e4 tavallisin tiedonhaun aloitusv\u00e4line.Ole kriittinen [&hellip;]","og_url":"https:\/\/blogs.uef.fi\/tiedonhaku-kauppatieteet\/tietokannat\/google_scholar_ja_muut\/","og_site_name":"Tiedonhaku - Kauppatieteet","article_modified_time":"2025-06-06T10:06:35+00:00","og_image":[{"width":1280,"height":720,"url":"https:\/\/blogs.uef.fi\/tiedonhaku-kauppatieteet\/wp-content\/uploads\/sites\/105\/2021\/09\/google_tietokantahaku.jpg","type":"image\/jpeg"}],"twitter_card":"summary_large_image","twitter_misc":{"Arvioitu lukuaika":"5 minuuttia"},"schema":{"@context":"https:\/\/schema.org","@graph":[{"@type":"WebPage","@id":"https:\/\/blogs.uef.fi\/tiedonhaku-kauppatieteet\/tietokannat\/google_scholar_ja_muut\/","url":"https:\/\/blogs.uef.fi\/tiedonhaku-kauppatieteet\/tietokannat\/google_scholar_ja_muut\/","name":"Google, Google Scholar, UEF-Primo ja muut - Tiedonhaku - Kauppatieteet","isPartOf":{"@id":"https:\/\/blogs.uef.fi\/tiedonhaku-kauppatieteet\/#website"},"primaryImageOfPage":{"@id":"https:\/\/blogs.uef.fi\/tiedonhaku-kauppatieteet\/tietokannat\/google_scholar_ja_muut\/#primaryimage"},"image":{"@id":"https:\/\/blogs.uef.fi\/tiedonhaku-kauppatieteet\/tietokannat\/google_scholar_ja_muut\/#primaryimage"},"thumbnailUrl":"https:\/\/blogs.uef.fi\/tiedonhaku-kauppatieteet\/wp-content\/uploads\/sites\/105\/2021\/09\/google_tietokantahaku.jpg","datePublished":"2020-06-04T07:22:18+00:00","dateModified":"2025-06-06T10:06:35+00:00","breadcrumb":{"@id":"https:\/\/blogs.uef.fi\/tiedonhaku-kauppatieteet\/tietokannat\/google_scholar_ja_muut\/#breadcrumb"},"inLanguage":"fi","potentialAction":[{"@type":"ReadAction","target":["https:\/\/blogs.uef.fi\/tiedonhaku-kauppatieteet\/tietokannat\/google_scholar_ja_muut\/"]}]},{"@type":"ImageObject","inLanguage":"fi","@id":"https:\/\/blogs.uef.fi\/tiedonhaku-kauppatieteet\/tietokannat\/google_scholar_ja_muut\/#primaryimage","url":"https:\/\/blogs.uef.fi\/tiedonhaku-kauppatieteet\/wp-content\/uploads\/sites\/105\/2021\/09\/google_tietokantahaku.jpg","contentUrl":"https:\/\/blogs.uef.fi\/tiedonhaku-kauppatieteet\/wp-content\/uploads\/sites\/105\/2021\/09\/google_tietokantahaku.jpg","width":1280,"height":720,"caption":"Google_tarkennettu_haku_vs_tietokantahaku_esimerkki"},{"@type":"BreadcrumbList","@id":"https:\/\/blogs.uef.fi\/tiedonhaku-kauppatieteet\/tietokannat\/google_scholar_ja_muut\/#breadcrumb","itemListElement":[{"@type":"ListItem","position":1,"name":"Home","item":"https:\/\/blogs.uef.fi\/tiedonhaku-kauppatieteet\/"},{"@type":"ListItem","position":2,"name":"Hakukoneet ja tietokannat","item":"https:\/\/blogs.uef.fi\/tiedonhaku-kauppatieteet\/tietokannat\/"},{"@type":"ListItem","position":3,"name":"Google, Google Scholar, UEF-Primo ja muut"}]},{"@type":"WebSite","@id":"https:\/\/blogs.uef.fi\/tiedonhaku-kauppatieteet\/#website","url":"https:\/\/blogs.uef.fi\/tiedonhaku-kauppatieteet\/","name":"Tiedonhaku - Kauppatieteet","description":"","potentialAction":[{"@type":"SearchAction","target":{"@type":"EntryPoint","urlTemplate":"https:\/\/blogs.uef.fi\/tiedonhaku-kauppatieteet\/?s={search_term_string}"},"query-input":{"@type":"PropertyValueSpecification","valueRequired":true,"valueName":"search_term_string"}}],"inLanguage":"fi"}]}},"_links":{"self":[{"href":"https:\/\/blogs.uef.fi\/tiedonhaku-kauppatieteet\/wp-json\/wp\/v2\/pages\/310","targetHints":{"allow":["GET"]}}],"collection":[{"href":"https:\/\/blogs.uef.fi\/tiedonhaku-kauppatieteet\/wp-json\/wp\/v2\/pages"}],"about":[{"href":"https:\/\/blogs.uef.fi\/tiedonhaku-kauppatieteet\/wp-json\/wp\/v2\/types\/page"}],"author":[{"embeddable":true,"href":"https:\/\/blogs.uef.fi\/tiedonhaku-kauppatieteet\/wp-json\/wp\/v2\/users\/135"}],"replies":[{"embeddable":true,"href":"https:\/\/blogs.uef.fi\/tiedonhaku-kauppatieteet\/wp-json\/wp\/v2\/comments?post=310"}],"version-history":[{"count":2,"href":"https:\/\/blogs.uef.fi\/tiedonhaku-kauppatieteet\/wp-json\/wp\/v2\/pages\/310\/revisions"}],"predecessor-version":[{"id":3544,"href":"https:\/\/blogs.uef.fi\/tiedonhaku-kauppatieteet\/wp-json\/wp\/v2\/pages\/310\/revisions\/3544"}],"up":[{"embeddable":true,"href":"https:\/\/blogs.uef.fi\/tiedonhaku-kauppatieteet\/wp-json\/wp\/v2\/pages\/67"}],"wp:attachment":[{"href":"https:\/\/blogs.uef.fi\/tiedonhaku-kauppatieteet\/wp-json\/wp\/v2\/media?parent=310"}],"curies":[{"name":"wp","href":"https:\/\/api.w.org\/{rel}","templated":true}]}}