{"id":281,"date":"2020-06-02T12:58:30","date_gmt":"2020-06-02T12:58:30","guid":{"rendered":"https:\/\/blogs.uef.fi\/tiedonhaku-kauppatieteet\/?page_id=281"},"modified":"2023-09-11T13:41:39","modified_gmt":"2023-09-11T13:41:39","slug":"enta-hakujen-jalkeen","status":"publish","type":"page","link":"https:\/\/blogs.uef.fi\/tiedonhaku-kauppatieteet\/enta-hakujen-jalkeen\/","title":{"rendered":"L\u00e4hteet ja viitteet"},"content":{"rendered":"\n<p><\/p>\n\n\n\n<div class=\"links-block\">\n\n    \n    <ul class=\"link-list\">\n            <\/ul>\n<\/div>\n\n\n<div class=\"links-block\">\n\n            <h3>L\u00e4hdekirjallisuuden k\u00e4ytt\u00f6<\/h3>\n    \n    <ul class=\"link-list\">\n        \n            \n            <li class=\"link-list-item\">\n                <a href=\"https:\/\/blogs.uef.fi\/tiedonhaku-kauppatieteet\/miten-saan-tekstin-auki-full-text\/\" class=\"link-reset link hover-scale-down\">\n                    <svg\n        width=\"43\" height=\"25\"\n        viewBox=\"0 0 43 25\"\n        xmlns=\"http:\/\/www.w3.org\/2000\/svg\">\n    <path\n        d=\"M30.027 0 43 12.5 30.027 25 27 22.083 34.351 15H0v-5h34.351L27 2.917z\"\n        fill=\"currentColor\"\n        fill-rule=\"evenodd\"\/>\n<\/svg>                    <div>Aukeaako koko teksti (full text)?<\/div>\n                <\/a>\n                <div class=\"link-info\">\n                                    <\/div>\n            <\/li>\n\n        \n            <li class=\"link-list-item\">\n                <a href=\"https:\/\/sites.uef.fi\/tiedonhaku-kirjasto\/miten-viittaan-oikein-lahteiden-merkitseminen\/\" class=\"link-reset link hover-scale-down\">\n                    <svg\n        width=\"43\" height=\"25\"\n        viewBox=\"0 0 43 25\"\n        xmlns=\"http:\/\/www.w3.org\/2000\/svg\">\n    <path\n        d=\"M30.027 0 43 12.5 30.027 25 27 22.083 34.351 15H0v-5h34.351L27 2.917z\"\n        fill=\"currentColor\"\n        fill-rule=\"evenodd\"\/>\n<\/svg>                    <div>Miten viittaan oikein? L\u00e4hteiden merkitseminen<\/div>\n                <\/a>\n                <div class=\"link-info\">\n                                    <\/div>\n            <\/li>\n\n        \n            <li class=\"link-list-item\">\n                <a href=\"https:\/\/studentuef.sharepoint.com\/sites\/KauppatieteidenopintoyhteisBusinessSchoolStudentsCommunity\/SitePages\/Ohjeita-kirjallisten-t%C3%B6iden-tekemiseen.aspx\" class=\"link-reset link hover-scale-down\">\n                    <svg\n        width=\"43\" height=\"25\"\n        viewBox=\"0 0 43 25\"\n        xmlns=\"http:\/\/www.w3.org\/2000\/svg\">\n    <path\n        d=\"M30.027 0 43 12.5 30.027 25 27 22.083 34.351 15H0v-5h34.351L27 2.917z\"\n        fill=\"currentColor\"\n        fill-rule=\"evenodd\"\/>\n<\/svg>                    <div>UEF kauppatieteiden laitos: Ohjeet kirjallisten t\u00f6iden laadintaan ja mallipohjaan<\/div>\n                <\/a>\n                <div class=\"link-info\">\n                                            <div class=\"link-info-type\">Ohjeita my\u00f6s l\u00e4hdeviitteisiin ja l\u00e4hdeluetteloihin. KAMUssa, vaatii UEF-k\u00e4ytt\u00e4j\u00e4tunnukset. <\/div>\n                                    <\/div>\n            <\/li>\n\n        \n            <li class=\"link-list-item\">\n                <a href=\"https:\/\/sites.uef.fi\/tiedonhaku-kirjasto\/viitteidenhallintajarjestelmat\/\" class=\"link-reset link hover-scale-down\">\n                    <svg\n        width=\"43\" height=\"25\"\n        viewBox=\"0 0 43 25\"\n        xmlns=\"http:\/\/www.w3.org\/2000\/svg\">\n    <path\n        d=\"M30.027 0 43 12.5 30.027 25 27 22.083 34.351 15H0v-5h34.351L27 2.917z\"\n        fill=\"currentColor\"\n        fill-rule=\"evenodd\"\/>\n<\/svg>                    <div>Viitteidenhallintaj\u00e4rjestelm\u00e4t<\/div>\n                <\/a>\n                <div class=\"link-info\">\n                                            <div class=\"link-info-type\">Zotero, Mendeley<\/div>\n                                    <\/div>\n            <\/li>\n\n        \n            <li class=\"link-list-item\">\n                <a href=\"https:\/\/sites.uef.fi\/tiedonhaku-kirjasto\/tekijanoikeudet\/\" class=\"link-reset link hover-scale-down\">\n                    <svg\n        width=\"43\" height=\"25\"\n        viewBox=\"0 0 43 25\"\n        xmlns=\"http:\/\/www.w3.org\/2000\/svg\">\n    <path\n        d=\"M30.027 0 43 12.5 30.027 25 27 22.083 34.351 15H0v-5h34.351L27 2.917z\"\n        fill=\"currentColor\"\n        fill-rule=\"evenodd\"\/>\n<\/svg>                    <div>Tekij\u00e4noikeudet ja k\u00e4ytt\u00f6ehdot<\/div>\n                <\/a>\n                <div class=\"link-info\">\n                                    <\/div>\n            <\/li>\n\n                <\/ul>\n<\/div>","protected":false},"excerpt":{"rendered":"","protected":false},"author":190,"featured_media":0,"parent":0,"menu_order":0,"comment_status":"closed","ping_status":"closed","template":"","meta":{"_acf_changed":false,"footnotes":""},"class_list":["post-281","page","type-page","status-publish","hentry"],"acf":[],"yoast_head":"<!-- This site is optimized with the Yoast SEO plugin v27.3 - https:\/\/yoast.com\/product\/yoast-seo-wordpress\/ -->\n<title>L\u00e4hteet ja viitteet - Tiedonhaku - Kauppatieteet<\/title>\n<meta name=\"robots\" content=\"index, follow, max-snippet:-1, max-image-preview:large, max-video-preview:-1\" \/>\n<link rel=\"canonical\" href=\"https:\/\/blogs.uef.fi\/tiedonhaku-kauppatieteet\/enta-hakujen-jalkeen\/\" \/>\n<meta property=\"og:locale\" content=\"fi_FI\" \/>\n<meta property=\"og:type\" content=\"article\" \/>\n<meta property=\"og:title\" content=\"L\u00e4hteet ja viitteet - Tiedonhaku - Kauppatieteet\" \/>\n<meta property=\"og:url\" content=\"https:\/\/blogs.uef.fi\/tiedonhaku-kauppatieteet\/enta-hakujen-jalkeen\/\" \/>\n<meta property=\"og:site_name\" content=\"Tiedonhaku - Kauppatieteet\" \/>\n<meta property=\"article:modified_time\" content=\"2023-09-11T13:41:39+00:00\" \/>\n<meta name=\"twitter:card\" content=\"summary_large_image\" \/>\n<script type=\"application\/ld+json\" class=\"yoast-schema-graph\">{\"@context\":\"https:\\\/\\\/schema.org\",\"@graph\":[{\"@type\":\"WebPage\",\"@id\":\"https:\\\/\\\/blogs.uef.fi\\\/tiedonhaku-kauppatieteet\\\/enta-hakujen-jalkeen\\\/\",\"url\":\"https:\\\/\\\/blogs.uef.fi\\\/tiedonhaku-kauppatieteet\\\/enta-hakujen-jalkeen\\\/\",\"name\":\"L\u00e4hteet ja viitteet - Tiedonhaku - Kauppatieteet\",\"isPartOf\":{\"@id\":\"https:\\\/\\\/blogs.uef.fi\\\/tiedonhaku-kauppatieteet\\\/#website\"},\"datePublished\":\"2020-06-02T12:58:30+00:00\",\"dateModified\":\"2023-09-11T13:41:39+00:00\",\"breadcrumb\":{\"@id\":\"https:\\\/\\\/blogs.uef.fi\\\/tiedonhaku-kauppatieteet\\\/enta-hakujen-jalkeen\\\/#breadcrumb\"},\"inLanguage\":\"fi\",\"potentialAction\":[{\"@type\":\"ReadAction\",\"target\":[\"https:\\\/\\\/blogs.uef.fi\\\/tiedonhaku-kauppatieteet\\\/enta-hakujen-jalkeen\\\/\"]}]},{\"@type\":\"BreadcrumbList\",\"@id\":\"https:\\\/\\\/blogs.uef.fi\\\/tiedonhaku-kauppatieteet\\\/enta-hakujen-jalkeen\\\/#breadcrumb\",\"itemListElement\":[{\"@type\":\"ListItem\",\"position\":1,\"name\":\"Home\",\"item\":\"https:\\\/\\\/blogs.uef.fi\\\/tiedonhaku-kauppatieteet\\\/\"},{\"@type\":\"ListItem\",\"position\":2,\"name\":\"L\u00e4hteet ja viitteet\"}]},{\"@type\":\"WebSite\",\"@id\":\"https:\\\/\\\/blogs.uef.fi\\\/tiedonhaku-kauppatieteet\\\/#website\",\"url\":\"https:\\\/\\\/blogs.uef.fi\\\/tiedonhaku-kauppatieteet\\\/\",\"name\":\"Tiedonhaku - Kauppatieteet\",\"description\":\"\",\"potentialAction\":[{\"@type\":\"SearchAction\",\"target\":{\"@type\":\"EntryPoint\",\"urlTemplate\":\"https:\\\/\\\/blogs.uef.fi\\\/tiedonhaku-kauppatieteet\\\/?s={search_term_string}\"},\"query-input\":{\"@type\":\"PropertyValueSpecification\",\"valueRequired\":true,\"valueName\":\"search_term_string\"}}],\"inLanguage\":\"fi\"}]}<\/script>\n<!-- \/ Yoast SEO plugin. -->","yoast_head_json":{"title":"L\u00e4hteet ja viitteet - Tiedonhaku - Kauppatieteet","robots":{"index":"index","follow":"follow","max-snippet":"max-snippet:-1","max-image-preview":"max-image-preview:large","max-video-preview":"max-video-preview:-1"},"canonical":"https:\/\/blogs.uef.fi\/tiedonhaku-kauppatieteet\/enta-hakujen-jalkeen\/","og_locale":"fi_FI","og_type":"article","og_title":"L\u00e4hteet ja viitteet - Tiedonhaku - Kauppatieteet","og_url":"https:\/\/blogs.uef.fi\/tiedonhaku-kauppatieteet\/enta-hakujen-jalkeen\/","og_site_name":"Tiedonhaku - Kauppatieteet","article_modified_time":"2023-09-11T13:41:39+00:00","twitter_card":"summary_large_image","schema":{"@context":"https:\/\/schema.org","@graph":[{"@type":"WebPage","@id":"https:\/\/blogs.uef.fi\/tiedonhaku-kauppatieteet\/enta-hakujen-jalkeen\/","url":"https:\/\/blogs.uef.fi\/tiedonhaku-kauppatieteet\/enta-hakujen-jalkeen\/","name":"L\u00e4hteet ja viitteet - Tiedonhaku - Kauppatieteet","isPartOf":{"@id":"https:\/\/blogs.uef.fi\/tiedonhaku-kauppatieteet\/#website"},"datePublished":"2020-06-02T12:58:30+00:00","dateModified":"2023-09-11T13:41:39+00:00","breadcrumb":{"@id":"https:\/\/blogs.uef.fi\/tiedonhaku-kauppatieteet\/enta-hakujen-jalkeen\/#breadcrumb"},"inLanguage":"fi","potentialAction":[{"@type":"ReadAction","target":["https:\/\/blogs.uef.fi\/tiedonhaku-kauppatieteet\/enta-hakujen-jalkeen\/"]}]},{"@type":"BreadcrumbList","@id":"https:\/\/blogs.uef.fi\/tiedonhaku-kauppatieteet\/enta-hakujen-jalkeen\/#breadcrumb","itemListElement":[{"@type":"ListItem","position":1,"name":"Home","item":"https:\/\/blogs.uef.fi\/tiedonhaku-kauppatieteet\/"},{"@type":"ListItem","position":2,"name":"L\u00e4hteet ja viitteet"}]},{"@type":"WebSite","@id":"https:\/\/blogs.uef.fi\/tiedonhaku-kauppatieteet\/#website","url":"https:\/\/blogs.uef.fi\/tiedonhaku-kauppatieteet\/","name":"Tiedonhaku - Kauppatieteet","description":"","potentialAction":[{"@type":"SearchAction","target":{"@type":"EntryPoint","urlTemplate":"https:\/\/blogs.uef.fi\/tiedonhaku-kauppatieteet\/?s={search_term_string}"},"query-input":{"@type":"PropertyValueSpecification","valueRequired":true,"valueName":"search_term_string"}}],"inLanguage":"fi"}]}},"_links":{"self":[{"href":"https:\/\/blogs.uef.fi\/tiedonhaku-kauppatieteet\/wp-json\/wp\/v2\/pages\/281","targetHints":{"allow":["GET"]}}],"collection":[{"href":"https:\/\/blogs.uef.fi\/tiedonhaku-kauppatieteet\/wp-json\/wp\/v2\/pages"}],"about":[{"href":"https:\/\/blogs.uef.fi\/tiedonhaku-kauppatieteet\/wp-json\/wp\/v2\/types\/page"}],"author":[{"embeddable":true,"href":"https:\/\/blogs.uef.fi\/tiedonhaku-kauppatieteet\/wp-json\/wp\/v2\/users\/190"}],"replies":[{"embeddable":true,"href":"https:\/\/blogs.uef.fi\/tiedonhaku-kauppatieteet\/wp-json\/wp\/v2\/comments?post=281"}],"version-history":[{"count":2,"href":"https:\/\/blogs.uef.fi\/tiedonhaku-kauppatieteet\/wp-json\/wp\/v2\/pages\/281\/revisions"}],"predecessor-version":[{"id":3502,"href":"https:\/\/blogs.uef.fi\/tiedonhaku-kauppatieteet\/wp-json\/wp\/v2\/pages\/281\/revisions\/3502"}],"wp:attachment":[{"href":"https:\/\/blogs.uef.fi\/tiedonhaku-kauppatieteet\/wp-json\/wp\/v2\/media?parent=281"}],"curies":[{"name":"wp","href":"https:\/\/api.w.org\/{rel}","templated":true}]}}