{"id":254,"date":"2020-06-02T12:41:48","date_gmt":"2020-06-02T12:41:48","guid":{"rendered":"https:\/\/blogs.uef.fi\/tiedonhaku-kauppatieteet\/?page_id=254"},"modified":"2020-06-02T12:48:57","modified_gmt":"2020-06-02T12:48:57","slug":"mista-tiedan-onko-julkaisu-lehti-artikkeli-tieteellinen","status":"publish","type":"page","link":"https:\/\/blogs.uef.fi\/tiedonhaku-kauppatieteet\/tieteellinen-julkaiseminen\/mista-tiedan-onko-julkaisu-lehti-artikkeli-tieteellinen\/","title":{"rendered":"Mist\u00e4 tied\u00e4n, onko julkaisu\/lehti\/artikkeli tieteellinen?"},"content":{"rendered":"<p>Tieteellisyyden kriteerin\u00e4 yleisesti pidet\u00e4\u00e4n julkaistavaksi aiottujen k\u00e4sikirjoitusten vertaisarviointia\/referee-\/peer review -menettely\u00e4. <a href=\"https:\/\/blogs.uef.fi\/tiedonhaku-yhteiskuntatiede\/vertaisarviointi\/\">Vertaisarviointi<\/a> on laadun tae.<br \/>\nTieteellisen lehden toimituskunta k\u00e4ytt\u00e4\u00e4 tieteenalan asiantuntijoita (refereet) etuk\u00e4teisarvioinnissa. Lehden toimituskunta arvioi lehteen l\u00e4hetetyn kirjoituksen julkaisukelpoisuutta ja relevanssia lehden linjan ja lukijakunnan kannalta. Refereet arvioivat kirjoitusten asiasis\u00e4lt\u00f6\u00e4 ja tieteellist\u00e4 merkitt\u00e4vyytt\u00e4.<\/p>\n<p><strong><a href=\"https:\/\/www.tsv.fi\/julkaisufoorumi\/haku.php\">Julkaisufoorumi<\/a>&#8211;<\/strong>luokituksen haku (JUFO, JUFO-taso 1 t\u00e4ytt\u00e4\u00e4 tieteellisyyskriteerin)<\/p>\n<p>Lehden omilta (julkaisijan) sivulta peer reviewed -tieto yleens\u00e4 l\u00f6ytyy esim. kohdista: &#8221;about&#8221;, &#8221;editorial policy&#8221;, &#8221;editorial board&#8221; tms.<\/p>\n<p>Kirjojen laaduntarkkailu on kustantajien, kustannustoimittajien ja n\u00e4iden k\u00e4ytt\u00e4mien asiantuntijoiden vastuulla. Julkaisufoorumissa on arvioitu my\u00f6s kustantajia.<\/p>\n<p>Useilla aloilla julkaistaan paljon my\u00f6s alan ammattilaisille, yrityksille ja viranomaisille. Julkaisut eiv\u00e4t (v\u00e4ltt\u00e4m\u00e4tt\u00e4) t\u00e4yt\u00e4 tieteellisyyden kriteereit\u00e4, joten varmista ainelaitokseltasi t\u00e4llaisten julkaisujen k\u00e4ytt\u00e4minen opinn\u00e4ytety\u00f6n l\u00e4htein\u00e4. Ministeri\u00f6t, kunnat sek\u00e4 erilaiset j\u00e4rjest\u00f6t, seurat ja liitot julkaisevat selvitys- tai raporttityyppist\u00e4 kirjallisuutta ja my\u00f6s ammattilehdiss\u00e4 julkaistaan artikkeleita.<\/p>\n<p>Yleens\u00e4 neuvotaan suhtautumaan tieteellisin\u00e4 l\u00e4htein\u00e4 kriittisesti :<\/p>\n<ul>\n<li>ammattilehtiin ja j\u00e4rjest\u00f6jen julkaisuihin<\/li>\n<li>sanomalehtiin<\/li>\n<li>hallinnon selvityksiin<\/li>\n<li>amk-opinn\u00e4ytet\u00f6ihin ja pro gradu -t\u00f6ihin<\/li>\n<li>oppikirjoihin (muista kuitenkin, ett\u00e4 tieteellisi\u00e4kin teoksia k\u00e4ytet\u00e4\u00e4n kurssikirjoina)<\/li>\n<li>&#8221;konsulttikirjallisuuteen&#8221;<\/li>\n<li>kirjallisuuteen, jossa ei ole laadukasta sis\u00e4llysluetteloa tai l\u00e4hdeluetteloa<\/li>\n<\/ul>\n<p><strong>Tieteellinen vai ammatillinen\/populaari lehti?<\/strong><\/p>\n<table id=\"AutoNumber2\" border=\"1\" cellspacing=\"1\">\n<tbody>\n<tr>\n<td width=\"33%\"><\/td>\n<td width=\"33%\"><b>Tieteellinen lehti<\/b><\/td>\n<td width=\"34%\"><b>Populaari lehti<\/b><\/td>\n<\/tr>\n<tr>\n<td width=\"33%\">Referee l. peer review-menettely<\/td>\n<td width=\"33%\">on<\/td>\n<td width=\"34%\">ei<\/td>\n<\/tr>\n<tr>\n<td width=\"33%\">Artikkelien pituus ja kattavuus<\/td>\n<td width=\"33%\">perusteellisuus, syv\u00e4llisyys,<br \/>\nraportoi tutkimustuloksia<\/td>\n<td width=\"34%\">yleiskatsauksia, lyhyempi\u00e4 kuin tieteellisess\u00e4 lehdess\u00e4<\/td>\n<\/tr>\n<tr>\n<td width=\"33%\">Tekij\u00e4<\/td>\n<td width=\"33%\">alan asiantuntija<\/td>\n<td width=\"34%\">toimittaja<\/td>\n<\/tr>\n<tr>\n<td width=\"33%\">Kieli<\/td>\n<td width=\"33%\">tieteenalan \u201djargon\u201d<\/td>\n<td width=\"34%\">yleiskieli<\/td>\n<\/tr>\n<tr>\n<td width=\"33%\">Rakenne<\/td>\n<td width=\"33%\">usein\u00a0m\u00e4\u00e4r\u00e4muotoinen<\/td>\n<td width=\"34%\">ei m\u00e4\u00e4r\u00e4tty\u00e4 muotoa<\/td>\n<\/tr>\n<tr>\n<td width=\"33%\">Viittaukset, l\u00e4hdeluettelot<\/td>\n<td width=\"33%\">l\u00e4hdeluettelo ja viittaukset<\/td>\n<td width=\"34%\">ei l\u00e4hdeluetteloa eik\u00e4 viittauksia<\/td>\n<\/tr>\n<tr>\n<td width=\"33%\">Kuvitus<\/td>\n<td width=\"33%\">taulukot, kaaviot yms<\/td>\n<td width=\"34%\">v\u00e4rikuvat, valokuvat, mainokset&#8230;<\/td>\n<\/tr>\n<tr>\n<td width=\"33%\">Ilmestymistiheys<\/td>\n<td width=\"33%\">esim. 4-6 krt\/v tai 1krt\/kk<\/td>\n<td width=\"34%\">useammin kuin tieteellinen lehti (ei erotteleva ominaisuus)<\/td>\n<\/tr>\n<tr>\n<td width=\"33%\">Kohderyhm\u00e4<\/td>\n<td width=\"33%\">&#8221;scholars&#8221;\/&#8221;professionals&#8221;<\/td>\n<td width=\"34%\">&#8221;general public&#8221;\/&#8221;professionals&#8221;<\/td>\n<\/tr>\n<tr>\n<td width=\"33%\">Esimerkkej\u00e4<\/td>\n<td width=\"33%\">Academy of Management Review<br \/>\nEuropean Journal of Marketing<br \/>\nJournal of Finance<\/td>\n<td width=\"34%\">BusinessWeek<br \/>\nEconomist<br \/>\nForbes<\/td>\n<\/tr>\n<\/tbody>\n<\/table>\n<p>Kannattaa kuitenkin muistaa, ett\u00e4 tieteellisiss\u00e4 lehdiss\u00e4 julkaistaan my\u00f6s p\u00e4\u00e4kirjoituksia, uutisia, kirja-arvoisteluja, kommentteja yms. teksti\u00e4, jota ei ole vertaisarvioitu.<\/p>\n<p>Sen lis\u00e4ksi ett\u00e4 tieteellinen artikkeli raportoi tutkimustuloksia perusteellisesti ja syv\u00e4llisesti k\u00e4ytt\u00e4en tietyn tieteenalan kielt\u00e4 sek\u00e4 taulukoita ja kaavioita, viittauksia ja perusteellista l\u00e4hdeluetteloa, tieteellinen artikkeli noudattaa yleens\u00e4 tietty\u00e4 muotoa\/rakennetta, tieteellist\u00e4 esitystapaa:<br \/>\n<i>(jokaisella lehdell\u00e4 kuitenkin omat kirjoitusohjeensa)<\/i><\/p>\n<ul>\n<li>Otsikko, tekij\u00e4(t), organisaatio\/osoite<\/li>\n<li>Tiivistelm\u00e4, abstrakti (abstract)<\/li>\n<li>Johdanto (Introduction)<\/li>\n<li>Menetelm\u00e4t (methods)<\/li>\n<li>Tulokset ja niiden tarkastelu (results, discussion)<\/li>\n<li>Johtop\u00e4\u00e4t\u00f6kset (conclusions)<\/li>\n<li>Kiitokset (acknowledgements)<\/li>\n<li>L\u00e4hdeluettelo (references)<\/li>\n<\/ul>\n<p>Yhteiskuntatieteiss\u00e4 tutkimuksen esitt\u00e4mistapa ei ole yleens\u00e4 niin standardoitua kuin luonnontieteiss\u00e4. My\u00f6s eri maiden julkaisemisen muodolliset kriteerit vahtelevat.<\/p>\n<p>Avoimen tieteen lieveilmi\u00f6it\u00e4. <a href=\"https:\/\/blogs.uef.fi\/ueflibrary\/varo-saalistajia-beware-of-predators\/\" target=\"_blank\" rel=\"noopener noreferrer\">Varo saalistajia\/predatory publishers!<\/a><\/p>\n","protected":false},"excerpt":{"rendered":"<p>Tieteellisyyden kriteerin\u00e4 yleisesti pidet\u00e4\u00e4n julkaistavaksi aiottujen k\u00e4sikirjoitusten vertaisarviointia\/referee-\/peer review -menettely\u00e4. Vertaisarviointi on laadun tae. Tieteellisen lehden toimituskunta k\u00e4ytt\u00e4\u00e4 tieteenalan asiantuntijoita (refereet) etuk\u00e4teisarvioinnissa. Lehden toimituskunta arvioi lehteen l\u00e4hetetyn kirjoituksen julkaisukelpoisuutta ja relevanssia lehden linjan ja lukijakunnan kannalta. Refereet arvioivat kirjoitusten asiasis\u00e4lt\u00f6\u00e4 ja tieteellist\u00e4 merkitt\u00e4vyytt\u00e4. Julkaisufoorumi&#8211;luokituksen haku (JUFO, JUFO-taso 1 t\u00e4ytt\u00e4\u00e4 tieteellisyyskriteerin) Lehden omilta (julkaisijan) sivulta peer [&hellip;]<\/p>\n","protected":false},"author":190,"featured_media":0,"parent":61,"menu_order":3,"comment_status":"closed","ping_status":"closed","template":"","meta":{"_acf_changed":false,"footnotes":""},"class_list":["post-254","page","type-page","status-publish","hentry"],"acf":[],"yoast_head":"<!-- This site is optimized with the Yoast SEO plugin v27.1.1 - https:\/\/yoast.com\/product\/yoast-seo-wordpress\/ -->\n<title>Mist\u00e4 tied\u00e4n, onko julkaisu\/lehti\/artikkeli tieteellinen? - Tiedonhaku - Kauppatieteet<\/title>\n<meta name=\"robots\" content=\"index, follow, max-snippet:-1, max-image-preview:large, max-video-preview:-1\" \/>\n<link rel=\"canonical\" href=\"https:\/\/blogs.uef.fi\/tiedonhaku-kauppatieteet\/tieteellinen-julkaiseminen\/mista-tiedan-onko-julkaisu-lehti-artikkeli-tieteellinen\/\" \/>\n<meta property=\"og:locale\" content=\"fi_FI\" \/>\n<meta property=\"og:type\" content=\"article\" \/>\n<meta property=\"og:title\" content=\"Mist\u00e4 tied\u00e4n, onko julkaisu\/lehti\/artikkeli tieteellinen? - Tiedonhaku - Kauppatieteet\" \/>\n<meta property=\"og:description\" content=\"Tieteellisyyden kriteerin\u00e4 yleisesti pidet\u00e4\u00e4n julkaistavaksi aiottujen k\u00e4sikirjoitusten vertaisarviointia\/referee-\/peer review -menettely\u00e4. Vertaisarviointi on laadun tae. Tieteellisen lehden toimituskunta k\u00e4ytt\u00e4\u00e4 tieteenalan asiantuntijoita (refereet) etuk\u00e4teisarvioinnissa. Lehden toimituskunta arvioi lehteen l\u00e4hetetyn kirjoituksen julkaisukelpoisuutta ja relevanssia lehden linjan ja lukijakunnan kannalta. Refereet arvioivat kirjoitusten asiasis\u00e4lt\u00f6\u00e4 ja tieteellist\u00e4 merkitt\u00e4vyytt\u00e4. Julkaisufoorumi&#8211;luokituksen haku (JUFO, JUFO-taso 1 t\u00e4ytt\u00e4\u00e4 tieteellisyyskriteerin) Lehden omilta (julkaisijan) sivulta peer [&hellip;]\" \/>\n<meta property=\"og:url\" content=\"https:\/\/blogs.uef.fi\/tiedonhaku-kauppatieteet\/tieteellinen-julkaiseminen\/mista-tiedan-onko-julkaisu-lehti-artikkeli-tieteellinen\/\" \/>\n<meta property=\"og:site_name\" content=\"Tiedonhaku - Kauppatieteet\" \/>\n<meta property=\"article:modified_time\" content=\"2020-06-02T12:48:57+00:00\" \/>\n<meta name=\"twitter:card\" content=\"summary_large_image\" \/>\n<meta name=\"twitter:label1\" content=\"Arvioitu lukuaika\" \/>\n\t<meta name=\"twitter:data1\" content=\"2 minuuttia\" \/>\n<script type=\"application\/ld+json\" class=\"yoast-schema-graph\">{\"@context\":\"https:\/\/schema.org\",\"@graph\":[{\"@type\":\"WebPage\",\"@id\":\"https:\/\/blogs.uef.fi\/tiedonhaku-kauppatieteet\/tieteellinen-julkaiseminen\/mista-tiedan-onko-julkaisu-lehti-artikkeli-tieteellinen\/\",\"url\":\"https:\/\/blogs.uef.fi\/tiedonhaku-kauppatieteet\/tieteellinen-julkaiseminen\/mista-tiedan-onko-julkaisu-lehti-artikkeli-tieteellinen\/\",\"name\":\"Mist\u00e4 tied\u00e4n, onko julkaisu\/lehti\/artikkeli tieteellinen? - Tiedonhaku - Kauppatieteet\",\"isPartOf\":{\"@id\":\"https:\/\/blogs.uef.fi\/tiedonhaku-kauppatieteet\/#website\"},\"datePublished\":\"2020-06-02T12:41:48+00:00\",\"dateModified\":\"2020-06-02T12:48:57+00:00\",\"breadcrumb\":{\"@id\":\"https:\/\/blogs.uef.fi\/tiedonhaku-kauppatieteet\/tieteellinen-julkaiseminen\/mista-tiedan-onko-julkaisu-lehti-artikkeli-tieteellinen\/#breadcrumb\"},\"inLanguage\":\"fi\",\"potentialAction\":[{\"@type\":\"ReadAction\",\"target\":[\"https:\/\/blogs.uef.fi\/tiedonhaku-kauppatieteet\/tieteellinen-julkaiseminen\/mista-tiedan-onko-julkaisu-lehti-artikkeli-tieteellinen\/\"]}]},{\"@type\":\"BreadcrumbList\",\"@id\":\"https:\/\/blogs.uef.fi\/tiedonhaku-kauppatieteet\/tieteellinen-julkaiseminen\/mista-tiedan-onko-julkaisu-lehti-artikkeli-tieteellinen\/#breadcrumb\",\"itemListElement\":[{\"@type\":\"ListItem\",\"position\":1,\"name\":\"Home\",\"item\":\"https:\/\/blogs.uef.fi\/tiedonhaku-kauppatieteet\/\"},{\"@type\":\"ListItem\",\"position\":2,\"name\":\"Tieteellinen julkaiseminen\",\"item\":\"https:\/\/blogs.uef.fi\/tiedonhaku-kauppatieteet\/tieteellinen-julkaiseminen\/\"},{\"@type\":\"ListItem\",\"position\":3,\"name\":\"Mist\u00e4 tied\u00e4n, onko julkaisu\/lehti\/artikkeli tieteellinen?\"}]},{\"@type\":\"WebSite\",\"@id\":\"https:\/\/blogs.uef.fi\/tiedonhaku-kauppatieteet\/#website\",\"url\":\"https:\/\/blogs.uef.fi\/tiedonhaku-kauppatieteet\/\",\"name\":\"Tiedonhaku - Kauppatieteet\",\"description\":\"\",\"potentialAction\":[{\"@type\":\"SearchAction\",\"target\":{\"@type\":\"EntryPoint\",\"urlTemplate\":\"https:\/\/blogs.uef.fi\/tiedonhaku-kauppatieteet\/?s={search_term_string}\"},\"query-input\":{\"@type\":\"PropertyValueSpecification\",\"valueRequired\":true,\"valueName\":\"search_term_string\"}}],\"inLanguage\":\"fi\"}]}<\/script>\n<!-- \/ Yoast SEO plugin. -->","yoast_head_json":{"title":"Mist\u00e4 tied\u00e4n, onko julkaisu\/lehti\/artikkeli tieteellinen? - Tiedonhaku - Kauppatieteet","robots":{"index":"index","follow":"follow","max-snippet":"max-snippet:-1","max-image-preview":"max-image-preview:large","max-video-preview":"max-video-preview:-1"},"canonical":"https:\/\/blogs.uef.fi\/tiedonhaku-kauppatieteet\/tieteellinen-julkaiseminen\/mista-tiedan-onko-julkaisu-lehti-artikkeli-tieteellinen\/","og_locale":"fi_FI","og_type":"article","og_title":"Mist\u00e4 tied\u00e4n, onko julkaisu\/lehti\/artikkeli tieteellinen? - Tiedonhaku - Kauppatieteet","og_description":"Tieteellisyyden kriteerin\u00e4 yleisesti pidet\u00e4\u00e4n julkaistavaksi aiottujen k\u00e4sikirjoitusten vertaisarviointia\/referee-\/peer review -menettely\u00e4. Vertaisarviointi on laadun tae. Tieteellisen lehden toimituskunta k\u00e4ytt\u00e4\u00e4 tieteenalan asiantuntijoita (refereet) etuk\u00e4teisarvioinnissa. Lehden toimituskunta arvioi lehteen l\u00e4hetetyn kirjoituksen julkaisukelpoisuutta ja relevanssia lehden linjan ja lukijakunnan kannalta. Refereet arvioivat kirjoitusten asiasis\u00e4lt\u00f6\u00e4 ja tieteellist\u00e4 merkitt\u00e4vyytt\u00e4. Julkaisufoorumi&#8211;luokituksen haku (JUFO, JUFO-taso 1 t\u00e4ytt\u00e4\u00e4 tieteellisyyskriteerin) Lehden omilta (julkaisijan) sivulta peer [&hellip;]","og_url":"https:\/\/blogs.uef.fi\/tiedonhaku-kauppatieteet\/tieteellinen-julkaiseminen\/mista-tiedan-onko-julkaisu-lehti-artikkeli-tieteellinen\/","og_site_name":"Tiedonhaku - Kauppatieteet","article_modified_time":"2020-06-02T12:48:57+00:00","twitter_card":"summary_large_image","twitter_misc":{"Arvioitu lukuaika":"2 minuuttia"},"schema":{"@context":"https:\/\/schema.org","@graph":[{"@type":"WebPage","@id":"https:\/\/blogs.uef.fi\/tiedonhaku-kauppatieteet\/tieteellinen-julkaiseminen\/mista-tiedan-onko-julkaisu-lehti-artikkeli-tieteellinen\/","url":"https:\/\/blogs.uef.fi\/tiedonhaku-kauppatieteet\/tieteellinen-julkaiseminen\/mista-tiedan-onko-julkaisu-lehti-artikkeli-tieteellinen\/","name":"Mist\u00e4 tied\u00e4n, onko julkaisu\/lehti\/artikkeli tieteellinen? - Tiedonhaku - Kauppatieteet","isPartOf":{"@id":"https:\/\/blogs.uef.fi\/tiedonhaku-kauppatieteet\/#website"},"datePublished":"2020-06-02T12:41:48+00:00","dateModified":"2020-06-02T12:48:57+00:00","breadcrumb":{"@id":"https:\/\/blogs.uef.fi\/tiedonhaku-kauppatieteet\/tieteellinen-julkaiseminen\/mista-tiedan-onko-julkaisu-lehti-artikkeli-tieteellinen\/#breadcrumb"},"inLanguage":"fi","potentialAction":[{"@type":"ReadAction","target":["https:\/\/blogs.uef.fi\/tiedonhaku-kauppatieteet\/tieteellinen-julkaiseminen\/mista-tiedan-onko-julkaisu-lehti-artikkeli-tieteellinen\/"]}]},{"@type":"BreadcrumbList","@id":"https:\/\/blogs.uef.fi\/tiedonhaku-kauppatieteet\/tieteellinen-julkaiseminen\/mista-tiedan-onko-julkaisu-lehti-artikkeli-tieteellinen\/#breadcrumb","itemListElement":[{"@type":"ListItem","position":1,"name":"Home","item":"https:\/\/blogs.uef.fi\/tiedonhaku-kauppatieteet\/"},{"@type":"ListItem","position":2,"name":"Tieteellinen julkaiseminen","item":"https:\/\/blogs.uef.fi\/tiedonhaku-kauppatieteet\/tieteellinen-julkaiseminen\/"},{"@type":"ListItem","position":3,"name":"Mist\u00e4 tied\u00e4n, onko julkaisu\/lehti\/artikkeli tieteellinen?"}]},{"@type":"WebSite","@id":"https:\/\/blogs.uef.fi\/tiedonhaku-kauppatieteet\/#website","url":"https:\/\/blogs.uef.fi\/tiedonhaku-kauppatieteet\/","name":"Tiedonhaku - Kauppatieteet","description":"","potentialAction":[{"@type":"SearchAction","target":{"@type":"EntryPoint","urlTemplate":"https:\/\/blogs.uef.fi\/tiedonhaku-kauppatieteet\/?s={search_term_string}"},"query-input":{"@type":"PropertyValueSpecification","valueRequired":true,"valueName":"search_term_string"}}],"inLanguage":"fi"}]}},"_links":{"self":[{"href":"https:\/\/blogs.uef.fi\/tiedonhaku-kauppatieteet\/wp-json\/wp\/v2\/pages\/254","targetHints":{"allow":["GET"]}}],"collection":[{"href":"https:\/\/blogs.uef.fi\/tiedonhaku-kauppatieteet\/wp-json\/wp\/v2\/pages"}],"about":[{"href":"https:\/\/blogs.uef.fi\/tiedonhaku-kauppatieteet\/wp-json\/wp\/v2\/types\/page"}],"author":[{"embeddable":true,"href":"https:\/\/blogs.uef.fi\/tiedonhaku-kauppatieteet\/wp-json\/wp\/v2\/users\/190"}],"replies":[{"embeddable":true,"href":"https:\/\/blogs.uef.fi\/tiedonhaku-kauppatieteet\/wp-json\/wp\/v2\/comments?post=254"}],"version-history":[{"count":3,"href":"https:\/\/blogs.uef.fi\/tiedonhaku-kauppatieteet\/wp-json\/wp\/v2\/pages\/254\/revisions"}],"predecessor-version":[{"id":272,"href":"https:\/\/blogs.uef.fi\/tiedonhaku-kauppatieteet\/wp-json\/wp\/v2\/pages\/254\/revisions\/272"}],"up":[{"embeddable":true,"href":"https:\/\/blogs.uef.fi\/tiedonhaku-kauppatieteet\/wp-json\/wp\/v2\/pages\/61"}],"wp:attachment":[{"href":"https:\/\/blogs.uef.fi\/tiedonhaku-kauppatieteet\/wp-json\/wp\/v2\/media?parent=254"}],"curies":[{"name":"wp","href":"https:\/\/api.w.org\/{rel}","templated":true}]}}