{"id":21,"date":"2019-06-27T08:15:58","date_gmt":"2019-06-27T08:15:58","guid":{"rendered":"https:\/\/blogs.uef.fi\/tiedonhaku-kauppatieteet\/?page_id=21"},"modified":"2023-07-07T10:24:29","modified_gmt":"2023-07-07T10:24:29","slug":"tiedon-luotettavuus-ja-tieteellisyys","status":"publish","type":"page","link":"https:\/\/blogs.uef.fi\/tiedonhaku-kauppatieteet\/tiedon-luotettavuus-ja-tieteellisyys\/","title":{"rendered":"Onko l\u00e4hde tieteellinen?"},"content":{"rendered":"<h2>Vertaisarviointi, tieteellisyyden kriteeri<\/h2>\n<p>Tieteellisyyden kriteerin\u00e4 yleisesti pidet\u00e4\u00e4n julkaistavaksi aiottujen k\u00e4sikirjoitusten vertaisarviointia, referee-\/peer review -menettely\u00e4.<br \/>\nHuom! \u00c4l\u00e4 sekoita katsausartikkeliin = review.<\/p>\n<p><a href=\"https:\/\/www.lib.ncsu.edu\/tutorials\/peerreview\" target=\"_blank\" rel=\"noopener\">Peer review in three minutes<\/a> [aukeaa uuteen v\u00e4lilehteen]<br \/>\n(video; North Carolina State University, NCSU Libraries)<\/p>\n<p>Tieteellisen lehden toimituskunta k\u00e4ytt\u00e4\u00e4 tieteenalan asiantuntijoita (refereet, (peer) reviewers) etuk\u00e4teisarvioinnissa. Lehteen l\u00e4hetetty\u00e4 k\u00e4sikirjoitusta arvioidaan lehden linjan, asiasis\u00e4ll\u00f6n, tieteellisen p\u00e4tevyyden ja merkitt\u00e4vyyden, alkuper\u00e4isyyden ja muun\u00a0 julkaisukelpoisuuden kannalta. Arviointiprosessissa tarkistetaan my\u00f6s, ett\u00e4 tekstin rakenne vastaa alan ja lehden tieteellisen kirjoittamisen k\u00e4yt\u00e4nt\u00f6j\u00e4. Arvioijat tekev\u00e4t suosituksen k\u00e4sikirjoituksen hyv\u00e4ksymisest\u00e4 tai hylk\u00e4\u00e4misest\u00e4 tai korjausehdotuksia kirjoittajille.<\/p>\n<p>Vertaisarviointi viiv\u00e4stytt\u00e4\u00e4 julkaisemista useita kuukausia. Lis\u00e4ksi ongelmana pidet\u00e4\u00e4n sen puolueellisuutta, mink\u00e4 korjaamiseksi useissa lehdiss\u00e4 k\u00e4ytet\u00e4\u00e4n sokkoarviointia. Silloin arvioitsijat eiv\u00e4t tied\u00e4, kenen kirjoittajien k\u00e4sikirjoitus on kyseess\u00e4 (blinded peer review). Tavallisesti my\u00f6sk\u00e4\u00e4n arvioitsijoiden nimi\u00e4 ei kerrota kirjoittajille (double blinded).<\/p>\n<p><a href=\"https:\/\/www.hs.fi\/tiede\/art-2000006556452.html?share=b124fb25b2589c752f9b02f59b6434d8\" target=\"_blank\" rel=\"noopener\">Tieteen luotettavuus nojaa vertaisarviointiin, mutta siin\u00e4 voi olla aukkoja<\/a> . Helsingin sanomat 30.6.2020. [aukeaa uuteen v\u00e4lilehteen vain HS-tilaajatunnuksilla.]<\/p>\n<h2>Tarkista julkaisukanavan tieteellinen taso<\/h2>\n<ul>\n<li><a href=\"https:\/\/julkaisufoorumi.fi\/fi\" target=\"_blank\" rel=\"noopener\">Julkaisufoorumi<\/a> -&gt; JUFO-portaali [aukeaa uuteen v\u00e4lilehteen]<br \/>\non kaikki tieteenalat kattava tasoluokitus tieteellisille lehdille, konferensseille ja kirjakustantajille. Luokituksessa on kolme tasoa. Jo taso 1 t\u00e4ytt\u00e4\u00e4 vertaisarviointi-\/tieteellisyyskriteerin.<br \/>\n-&gt; Tarkista lehden nimell\u00e4, kustantajalla tai konferenssin nimell\u00e4.<\/li>\n<li>Lehden\/julkaisijan omilta kotisivulta peer review -tieto yleens\u00e4 l\u00f6ytyy kohdista: &#8221;about&#8221;, &#8221;editorial policy&#8221;, &#8221;editorial board&#8221; tms.<br \/>\nKannattaa muistaa, ett\u00e4 tieteellisiss\u00e4 lehdiss\u00e4 julkaistaan my\u00f6s uutisia, p\u00e4\u00e4kirjoituksia, kirja-arvosteluja, kommentteja tai lyhyempi\u00e4 juttuja, joita ei ole vertaisarvioitu. Sivum\u00e4\u00e4ri\u00e4 voi olla hyv\u00e4 tarkkailla.<\/li>\n<li>Tieteellisi\u00e4 kustantajia on hyv\u00e4 oppia tunnistamaan jo google-tulostenkin linkeist\u00e4, esimerkiksi Elsevier, Emerald, Wiley, Sage, Springer, Taylor &amp; Francis&#8230;<\/li>\n<\/ul>\n<p>Kirjojen laaduntarkkailu on kustantajien, kustannustoimittajien ja n\u00e4iden k\u00e4ytt\u00e4mien asiantuntijoiden vastuulla. Julkaisufoorumista voit hakea my\u00f6s kustantajan\/julkaisijan tieteellisyytt\u00e4.<\/p>\n<p>Useilla aloilla julkaistaan paljon my\u00f6s alan ammattilaisille, yrityksille ja viranomaisille. Ministeri\u00f6t, kunnat sek\u00e4 erilaiset j\u00e4rjest\u00f6t, seurat ja liitot julkaisevat selvitys- tai raporttityyppist\u00e4 kirjallisuutta ja my\u00f6s ammattilehdiss\u00e4 julkaistaan artikkeleita. Julkaisut eiv\u00e4t yleens\u00e4 t\u00e4yt\u00e4 tieteellisyyden kriteereit\u00e4.<br \/>\nTy\u00f6paperit (working papers) on tarkoitettu tieteellisen yhteis\u00f6n keskusteluun, eiv\u00e4tk\u00e4 ne yleens\u00e4 ao. vaiheessa ole k\u00e4yneet l\u00e4pi vertaisarviointia.<br \/>\nVarmista ainelaitokseltasi\/ohjaajalta t\u00e4llaisten julkaisujen k\u00e4ytt\u00e4minen l\u00e4htein\u00e4.<\/p>\n<p>Kriittisesti neuvotaan yleens\u00e4 suhtautumaan (tieteellisen ty\u00f6n l\u00e4htein\u00e4):<\/p>\n<ul>\n<li>ammattilehtiin ja j\u00e4rjest\u00f6jen julkaisuihin<\/li>\n<li>sanomalehtiin<\/li>\n<li>hallinnon selvityksiin<\/li>\n<li>pro gradu -t\u00f6ihin, amk-opinn\u00e4ytet\u00f6ihin ja vastaaviin<\/li>\n<li>oppikirjoihin<\/li>\n<li>kirjallisuuteen, jossa ei ole laadukasta sis\u00e4llysluetteloa<\/li>\n<\/ul>\n<h2><strong>Tieteellinen vai ammatillinen\/populaari lehti?<\/strong><\/h2>\n<table id=\"AutoNumber2\" border=\"1\" cellspacing=\"1\">\n<tbody>\n<tr>\n<td width=\"33%\"><\/td>\n<td width=\"33%\"><b>Tieteellinen lehti<\/b><\/td>\n<td width=\"34%\"><b>Ammatillinen\/yleistajuinen\u00a0 lehti<\/b><\/td>\n<\/tr>\n<tr>\n<td width=\"33%\">Referee l. peer review-menettely<\/td>\n<td width=\"33%\">on<\/td>\n<td width=\"34%\">ei<\/td>\n<\/tr>\n<tr>\n<td width=\"33%\">Artikkelien pituus ja kattavuus<\/td>\n<td width=\"33%\">perusteellisuus, syv\u00e4llisyys,<br \/>\nraportoi tutkimustuloksia<\/td>\n<td width=\"34%\">yleiskatsauksia, lyhyempi\u00e4 kuin tieteellisess\u00e4 lehdess\u00e4<\/td>\n<\/tr>\n<tr>\n<td width=\"33%\">Tekij\u00e4<\/td>\n<td width=\"33%\">alan asiantuntija<\/td>\n<td width=\"34%\">toimittaja<\/td>\n<\/tr>\n<tr>\n<td width=\"33%\">Kieli<\/td>\n<td width=\"33%\">tieteenalan \u201djargon\u201d<\/td>\n<td width=\"34%\">yleiskieli<\/td>\n<\/tr>\n<tr>\n<td width=\"33%\">Rakenne<\/td>\n<td width=\"33%\">usein\u00a0m\u00e4\u00e4r\u00e4muotoinen<\/td>\n<td width=\"34%\">ei m\u00e4\u00e4r\u00e4tty\u00e4 muotoa<\/td>\n<\/tr>\n<tr>\n<td width=\"33%\">Viittaukset, l\u00e4hdeluettelot<\/td>\n<td width=\"33%\">l\u00e4hdeluettelo ja viittaukset<\/td>\n<td width=\"34%\">ei l\u00e4hdeluetteloa eik\u00e4 viittauksia<\/td>\n<\/tr>\n<tr>\n<td width=\"33%\">Kuvitus<\/td>\n<td width=\"33%\">taulukot, kaaviot yms<\/td>\n<td width=\"34%\">v\u00e4rikuvat, valokuvat, mainokset&#8230;<\/td>\n<\/tr>\n<tr>\n<td width=\"33%\">Ilmestymistiheys<\/td>\n<td width=\"33%\">esim. 4-6 krt\/v tai 1krt\/kk<\/td>\n<td width=\"34%\">useammin kuin tieteellinen lehti (ei erotteleva ominaisuus)<\/td>\n<\/tr>\n<tr>\n<td width=\"33%\">Kohderyhm\u00e4<\/td>\n<td width=\"33%\">&#8221;scholars&#8221;\/&#8221;professionals&#8221;<\/td>\n<td width=\"34%\">&#8221;general public&#8221;\/&#8221;professionals&#8221;<\/td>\n<\/tr>\n<tr>\n<td width=\"33%\">Esimerkkej\u00e4<\/td>\n<td width=\"33%\">Academy of Management Review<br \/>\nEuropean Journal of Marketing<br \/>\nJournal of Finance<\/td>\n<td width=\"34%\">BusinessWeek<br \/>\nEconomist<br \/>\nForbes<\/td>\n<\/tr>\n<\/tbody>\n<\/table>\n<h3>Tieteellisen artikkelin rakenne<\/h3>\n<p>Sen lis\u00e4ksi ett\u00e4 tieteellinen artikkeli raportoi tutkimustuloksia syv\u00e4llisesti k\u00e4ytt\u00e4en tietyn tieteenalan kielt\u00e4 sek\u00e4 taulukoita ja kaavioita, viittauksia ja perusteellista l\u00e4hdeluetteloa, se noudattaa usein tietty\u00e4 muotoa\/rakennetta, tieteellist\u00e4 esitystapaa &#8211; olkoonkin, ett\u00e4 jokaisella lehdell\u00e4 on kuitenkin omat kirjoitusohjeensa.<\/p>\n<ul>\n<li>Otsikko, tekij\u00e4(t), organisaatio\/osoite<\/li>\n<li>Tiivistelm\u00e4, abstrakti (Abstract)<\/li>\n<li>Johdanto (Introduction)<\/li>\n<li>Menetelm\u00e4t (Methods)<\/li>\n<li>Tulokset ja niiden tarkastelu (Results, discussion)<\/li>\n<li>Johtop\u00e4\u00e4t\u00f6kset (Conclusions)<\/li>\n<li>Kiitokset (Acknowledgements)<\/li>\n<li>L\u00e4hdeluettelo (References)<\/li>\n<\/ul>\n<p>Yhteiskuntatieteiss\u00e4 tutkimuksen esitt\u00e4mistapa ei ole yleens\u00e4 niin standardoitua kuin luonnontieteiss\u00e4. My\u00f6s eri maiden julkaisemisen muodolliset kriteerit vahtelevat.<\/p>\n<p>Avoimen tieteen lieveilmi\u00f6it\u00e4. <a href=\"https:\/\/blogs.uef.fi\/ueflibrary\/varo-saalistajia-beware-of-predators\/\" target=\"_blank\" rel=\"noopener noreferrer\">Varo saalistajia\/predatory publishers!<\/a> [aukeaa uuteen v\u00e4lilehteen]<br \/>\n<a href=\"https:\/\/thinkchecksubmit.org\/journals\/finnish\/\" target=\"_blank\" rel=\"noopener\">Think. Check. Submit<\/a> tarkistuslista l\u00e4hinn\u00e4 kirjoittajien avuksi. [aukeaa uuteen v\u00e4lilehteen]<\/p>\n","protected":false},"excerpt":{"rendered":"<p>Vertaisarviointi, tieteellisyyden kriteeri Tieteellisyyden kriteerin\u00e4 yleisesti pidet\u00e4\u00e4n julkaistavaksi aiottujen k\u00e4sikirjoitusten vertaisarviointia, referee-\/peer review -menettely\u00e4. Huom! \u00c4l\u00e4 sekoita katsausartikkeliin = review. Peer review in three minutes [aukeaa uuteen v\u00e4lilehteen] (video; North Carolina State University, NCSU Libraries) Tieteellisen lehden toimituskunta k\u00e4ytt\u00e4\u00e4 tieteenalan asiantuntijoita (refereet, (peer) reviewers) etuk\u00e4teisarvioinnissa. Lehteen l\u00e4hetetty\u00e4 k\u00e4sikirjoitusta arvioidaan lehden linjan, asiasis\u00e4ll\u00f6n, tieteellisen p\u00e4tevyyden ja [&hellip;]<\/p>\n","protected":false},"author":135,"featured_media":0,"parent":0,"menu_order":6,"comment_status":"closed","ping_status":"closed","template":"","meta":{"_acf_changed":false,"footnotes":""},"class_list":["post-21","page","type-page","status-publish","hentry"],"acf":[],"yoast_head":"<!-- This site is optimized with the Yoast SEO plugin v27.1.1 - https:\/\/yoast.com\/product\/yoast-seo-wordpress\/ -->\n<title>Onko l\u00e4hde tieteellinen? - Tiedonhaku - Kauppatieteet<\/title>\n<meta name=\"robots\" content=\"index, follow, max-snippet:-1, max-image-preview:large, max-video-preview:-1\" \/>\n<link rel=\"canonical\" href=\"https:\/\/blogs.uef.fi\/tiedonhaku-kauppatieteet\/tiedon-luotettavuus-ja-tieteellisyys\/\" \/>\n<meta property=\"og:locale\" content=\"fi_FI\" \/>\n<meta property=\"og:type\" content=\"article\" \/>\n<meta property=\"og:title\" content=\"Onko l\u00e4hde tieteellinen? - Tiedonhaku - Kauppatieteet\" \/>\n<meta property=\"og:description\" content=\"Vertaisarviointi, tieteellisyyden kriteeri Tieteellisyyden kriteerin\u00e4 yleisesti pidet\u00e4\u00e4n julkaistavaksi aiottujen k\u00e4sikirjoitusten vertaisarviointia, referee-\/peer review -menettely\u00e4. Huom! \u00c4l\u00e4 sekoita katsausartikkeliin = review. Peer review in three minutes [aukeaa uuteen v\u00e4lilehteen] (video; North Carolina State University, NCSU Libraries) Tieteellisen lehden toimituskunta k\u00e4ytt\u00e4\u00e4 tieteenalan asiantuntijoita (refereet, (peer) reviewers) etuk\u00e4teisarvioinnissa. Lehteen l\u00e4hetetty\u00e4 k\u00e4sikirjoitusta arvioidaan lehden linjan, asiasis\u00e4ll\u00f6n, tieteellisen p\u00e4tevyyden ja [&hellip;]\" \/>\n<meta property=\"og:url\" content=\"https:\/\/blogs.uef.fi\/tiedonhaku-kauppatieteet\/tiedon-luotettavuus-ja-tieteellisyys\/\" \/>\n<meta property=\"og:site_name\" content=\"Tiedonhaku - Kauppatieteet\" \/>\n<meta property=\"article:modified_time\" content=\"2023-07-07T10:24:29+00:00\" \/>\n<meta name=\"twitter:card\" content=\"summary_large_image\" \/>\n<meta name=\"twitter:label1\" content=\"Arvioitu lukuaika\" \/>\n\t<meta name=\"twitter:data1\" content=\"4 minuuttia\" \/>\n<script type=\"application\/ld+json\" class=\"yoast-schema-graph\">{\"@context\":\"https:\/\/schema.org\",\"@graph\":[{\"@type\":\"WebPage\",\"@id\":\"https:\/\/blogs.uef.fi\/tiedonhaku-kauppatieteet\/tiedon-luotettavuus-ja-tieteellisyys\/\",\"url\":\"https:\/\/blogs.uef.fi\/tiedonhaku-kauppatieteet\/tiedon-luotettavuus-ja-tieteellisyys\/\",\"name\":\"Onko l\u00e4hde tieteellinen? - Tiedonhaku - Kauppatieteet\",\"isPartOf\":{\"@id\":\"https:\/\/blogs.uef.fi\/tiedonhaku-kauppatieteet\/#website\"},\"datePublished\":\"2019-06-27T08:15:58+00:00\",\"dateModified\":\"2023-07-07T10:24:29+00:00\",\"breadcrumb\":{\"@id\":\"https:\/\/blogs.uef.fi\/tiedonhaku-kauppatieteet\/tiedon-luotettavuus-ja-tieteellisyys\/#breadcrumb\"},\"inLanguage\":\"fi\",\"potentialAction\":[{\"@type\":\"ReadAction\",\"target\":[\"https:\/\/blogs.uef.fi\/tiedonhaku-kauppatieteet\/tiedon-luotettavuus-ja-tieteellisyys\/\"]}]},{\"@type\":\"BreadcrumbList\",\"@id\":\"https:\/\/blogs.uef.fi\/tiedonhaku-kauppatieteet\/tiedon-luotettavuus-ja-tieteellisyys\/#breadcrumb\",\"itemListElement\":[{\"@type\":\"ListItem\",\"position\":1,\"name\":\"Home\",\"item\":\"https:\/\/blogs.uef.fi\/tiedonhaku-kauppatieteet\/\"},{\"@type\":\"ListItem\",\"position\":2,\"name\":\"Onko l\u00e4hde tieteellinen?\"}]},{\"@type\":\"WebSite\",\"@id\":\"https:\/\/blogs.uef.fi\/tiedonhaku-kauppatieteet\/#website\",\"url\":\"https:\/\/blogs.uef.fi\/tiedonhaku-kauppatieteet\/\",\"name\":\"Tiedonhaku - Kauppatieteet\",\"description\":\"\",\"potentialAction\":[{\"@type\":\"SearchAction\",\"target\":{\"@type\":\"EntryPoint\",\"urlTemplate\":\"https:\/\/blogs.uef.fi\/tiedonhaku-kauppatieteet\/?s={search_term_string}\"},\"query-input\":{\"@type\":\"PropertyValueSpecification\",\"valueRequired\":true,\"valueName\":\"search_term_string\"}}],\"inLanguage\":\"fi\"}]}<\/script>\n<!-- \/ Yoast SEO plugin. -->","yoast_head_json":{"title":"Onko l\u00e4hde tieteellinen? - Tiedonhaku - Kauppatieteet","robots":{"index":"index","follow":"follow","max-snippet":"max-snippet:-1","max-image-preview":"max-image-preview:large","max-video-preview":"max-video-preview:-1"},"canonical":"https:\/\/blogs.uef.fi\/tiedonhaku-kauppatieteet\/tiedon-luotettavuus-ja-tieteellisyys\/","og_locale":"fi_FI","og_type":"article","og_title":"Onko l\u00e4hde tieteellinen? - Tiedonhaku - Kauppatieteet","og_description":"Vertaisarviointi, tieteellisyyden kriteeri Tieteellisyyden kriteerin\u00e4 yleisesti pidet\u00e4\u00e4n julkaistavaksi aiottujen k\u00e4sikirjoitusten vertaisarviointia, referee-\/peer review -menettely\u00e4. Huom! \u00c4l\u00e4 sekoita katsausartikkeliin = review. Peer review in three minutes [aukeaa uuteen v\u00e4lilehteen] (video; North Carolina State University, NCSU Libraries) Tieteellisen lehden toimituskunta k\u00e4ytt\u00e4\u00e4 tieteenalan asiantuntijoita (refereet, (peer) reviewers) etuk\u00e4teisarvioinnissa. Lehteen l\u00e4hetetty\u00e4 k\u00e4sikirjoitusta arvioidaan lehden linjan, asiasis\u00e4ll\u00f6n, tieteellisen p\u00e4tevyyden ja [&hellip;]","og_url":"https:\/\/blogs.uef.fi\/tiedonhaku-kauppatieteet\/tiedon-luotettavuus-ja-tieteellisyys\/","og_site_name":"Tiedonhaku - Kauppatieteet","article_modified_time":"2023-07-07T10:24:29+00:00","twitter_card":"summary_large_image","twitter_misc":{"Arvioitu lukuaika":"4 minuuttia"},"schema":{"@context":"https:\/\/schema.org","@graph":[{"@type":"WebPage","@id":"https:\/\/blogs.uef.fi\/tiedonhaku-kauppatieteet\/tiedon-luotettavuus-ja-tieteellisyys\/","url":"https:\/\/blogs.uef.fi\/tiedonhaku-kauppatieteet\/tiedon-luotettavuus-ja-tieteellisyys\/","name":"Onko l\u00e4hde tieteellinen? - Tiedonhaku - Kauppatieteet","isPartOf":{"@id":"https:\/\/blogs.uef.fi\/tiedonhaku-kauppatieteet\/#website"},"datePublished":"2019-06-27T08:15:58+00:00","dateModified":"2023-07-07T10:24:29+00:00","breadcrumb":{"@id":"https:\/\/blogs.uef.fi\/tiedonhaku-kauppatieteet\/tiedon-luotettavuus-ja-tieteellisyys\/#breadcrumb"},"inLanguage":"fi","potentialAction":[{"@type":"ReadAction","target":["https:\/\/blogs.uef.fi\/tiedonhaku-kauppatieteet\/tiedon-luotettavuus-ja-tieteellisyys\/"]}]},{"@type":"BreadcrumbList","@id":"https:\/\/blogs.uef.fi\/tiedonhaku-kauppatieteet\/tiedon-luotettavuus-ja-tieteellisyys\/#breadcrumb","itemListElement":[{"@type":"ListItem","position":1,"name":"Home","item":"https:\/\/blogs.uef.fi\/tiedonhaku-kauppatieteet\/"},{"@type":"ListItem","position":2,"name":"Onko l\u00e4hde tieteellinen?"}]},{"@type":"WebSite","@id":"https:\/\/blogs.uef.fi\/tiedonhaku-kauppatieteet\/#website","url":"https:\/\/blogs.uef.fi\/tiedonhaku-kauppatieteet\/","name":"Tiedonhaku - Kauppatieteet","description":"","potentialAction":[{"@type":"SearchAction","target":{"@type":"EntryPoint","urlTemplate":"https:\/\/blogs.uef.fi\/tiedonhaku-kauppatieteet\/?s={search_term_string}"},"query-input":{"@type":"PropertyValueSpecification","valueRequired":true,"valueName":"search_term_string"}}],"inLanguage":"fi"}]}},"_links":{"self":[{"href":"https:\/\/blogs.uef.fi\/tiedonhaku-kauppatieteet\/wp-json\/wp\/v2\/pages\/21","targetHints":{"allow":["GET"]}}],"collection":[{"href":"https:\/\/blogs.uef.fi\/tiedonhaku-kauppatieteet\/wp-json\/wp\/v2\/pages"}],"about":[{"href":"https:\/\/blogs.uef.fi\/tiedonhaku-kauppatieteet\/wp-json\/wp\/v2\/types\/page"}],"author":[{"embeddable":true,"href":"https:\/\/blogs.uef.fi\/tiedonhaku-kauppatieteet\/wp-json\/wp\/v2\/users\/135"}],"replies":[{"embeddable":true,"href":"https:\/\/blogs.uef.fi\/tiedonhaku-kauppatieteet\/wp-json\/wp\/v2\/comments?post=21"}],"version-history":[{"count":1,"href":"https:\/\/blogs.uef.fi\/tiedonhaku-kauppatieteet\/wp-json\/wp\/v2\/pages\/21\/revisions"}],"predecessor-version":[{"id":3176,"href":"https:\/\/blogs.uef.fi\/tiedonhaku-kauppatieteet\/wp-json\/wp\/v2\/pages\/21\/revisions\/3176"}],"wp:attachment":[{"href":"https:\/\/blogs.uef.fi\/tiedonhaku-kauppatieteet\/wp-json\/wp\/v2\/media?parent=21"}],"curies":[{"name":"wp","href":"https:\/\/api.w.org\/{rel}","templated":true}]}}