{"id":171,"date":"2020-05-26T12:33:24","date_gmt":"2020-05-26T12:33:24","guid":{"rendered":"https:\/\/blogs.uef.fi\/tiedonhaku-kauppatieteet\/?page_id=171"},"modified":"2025-07-31T14:29:08","modified_gmt":"2025-07-31T12:29:08","slug":"tieteelliset_lehdet","status":"publish","type":"page","link":"https:\/\/blogs.uef.fi\/tiedonhaku-kauppatieteet\/tieteellinen-julkaiseminen\/tieteelliset_lehdet\/","title":{"rendered":"Tieteelliset lehdet (journals)"},"content":{"rendered":"<p>Kansainv\u00e4listen tieteellisten lehtien suuria kustantajia ovat mm. Elsevier, Emerald, Wiley, Sage, Springer, Taylor &amp; Francis, Cambridge University Press.<\/p>\n<p>T\u00e4rkeit\u00e4 tieteellisi\u00e4 lehti\u00e4 ovat esim.<\/p>\n<ul>\n<li><a href=\"https:\/\/primo.uef.fi\/permalink\/358FIN_UOEF\/g1i500\/alma9914835675305966\" target=\"_blank\" rel=\"noopener\">Academy of management journal,<\/a><\/li>\n<li><a href=\"https:\/\/primo.uef.fi\/permalink\/358FIN_UOEF\/g1i500\/alma9914835674805966\" target=\"_blank\" rel=\"noopener\">Accounting review<\/a>,<\/li>\n<li><a href=\"https:\/\/primo.uef.fi\/permalink\/358FIN_UOEF\/g1i500\/alma9914866723705966\" target=\"_blank\" rel=\"noopener\">Entrepreneurship: Theory and Practice<\/a>,<\/li>\n<li><a href=\"https:\/\/primo.uef.fi\/permalink\/358FIN_UOEF\/g1i500\/alma9914832079105966\" target=\"_blank\" rel=\"noopener\">Journal of International Business Studies (JIBS)<\/a>,<\/li>\n<li><a href=\"https:\/\/primo.uef.fi\/permalink\/358FIN_UOEF\/g1i500\/alma9914825301705966\" target=\"_blank\" rel=\"noopener\">Journal of finance<\/a>,<\/li>\n<li><a href=\"https:\/\/primo.uef.fi\/permalink\/358FIN_UOEF\/g1i500\/alma9914825299105966\" target=\"_blank\" rel=\"noopener\">Journal of marketing<\/a>,<\/li>\n<li><a href=\"https:\/\/primo.uef.fi\/permalink\/358FIN_UOEF\/g1i500\/alma9914834244905966\" target=\"_blank\" rel=\"noopener\">Organization studies, <\/a><\/li>\n<li><a href=\"https:\/\/primo.uef.fi\/permalink\/358FIN_UOEF\/g1i500\/alma9914832168705966\" target=\"_blank\" rel=\"noopener\">Strategic management journal<\/a><br \/>\nja\u00a0 monet muut [linkit aukeavat uuteen v\u00e4lilehteen UEF-Primoon]<\/li>\n<\/ul>\n<p>N\u00e4m\u00e4 l\u00f6yd\u00e4t\u00a0<a href=\"https:\/\/primo.uef.fi\/discovery\/jsearch?vid=358FIN_UOEF:VU1\" target=\"_blank\" rel=\"noopener noreferrer\"> <strong>UEF-Primon<\/strong><\/a> kautta [aukeaa uuteen ikkunaan].<br \/>\nKirjoita lehtihakuun lehden nimi (ei artikkelia) &#8211; tai selaa aihealueittain. Kirjaudu UEF-k\u00e4ytt\u00e4j\u00e4tunnuksillasi.<\/p>\n<h2>Lehden tieteellinen taso<strong><br \/>\n<\/strong><\/h2>\n<ul>\n<li>Julkaisufoorumin <a href=\"https:\/\/jfp.csc.fi\/jufoportaali\" target=\"_blank\" rel=\"noopener\">JUFO-portaalista<\/a> (julkaisukanavahaku)<br \/>\nvoit tarkistaa lehden tieteellisen tason.<br \/>\nJo taso 1 t\u00e4ytt\u00e4\u00e4 tieteellisyyskriteerin, mutta kovempitasoisia ovat 2-3. <a href=\"https:\/\/julkaisufoorumi.fi\/fi\/arvioinnit\" target=\"_blank\" rel=\"noopener\">JUFOn arviointiperusteista<\/a>. [linkit aukeavat uuteen v\u00e4lilehteen]<\/li>\n<\/ul>\n<p>Kauppatieteen lehti\u00e4 arvioivat ja rankkaavat my\u00f6s [linkit aukeavat uuteen v\u00e4lilehteen]<\/p>\n<ul>\n<li><a href=\"https:\/\/www.ft.com\/content\/3405a512-5cbb-11e1-8f1f-00144feabdc0\" target=\"_blank\" rel=\"noopener noreferrer\">FT50<\/a> (Financial Times)<\/li>\n<li><a href=\"https:\/\/charteredabs.org\/academic-journal-guide\" target=\"_blank\" rel=\"noopener noreferrer\">Academic journal guide<\/a>\u00a0 (ABS; Chartered Association of Business Schools, UK; rekister\u00f6idy)<\/li>\n<li>Yhteenvetolista\u00a0<a href=\"https:\/\/harzing.com\/resources\/journal-quality-list\" target=\"_blank\" rel=\"noopener noreferrer\">Journal quality list,\u00a0<\/a> &#8221;collation of journal rankings from a variety of sources&#8221; \/ Anne-Will Harzing<\/li>\n<li><a href=\"https:\/\/www.uef.fi\/fi\/kirjasto\/tutkimuksen-arviointi#accordion-7022\" target=\"_blank\" rel=\"noopener\">\u00a0Impact factors<\/a>. Artikkeleiden viittausm\u00e4\u00e4rien mukaan.<\/li>\n<\/ul>\n<p>Tieteellisten lehtien artikkeleita l\u00f6yd\u00e4t esimerkiksi <a href=\"https:\/\/scholar.google.fi\" target=\"_blank\" rel=\"noopener\">Google Scholarilla<\/a>, <a href=\"https:\/\/primo.uef.fi\/discovery\/search?vid=358FIN_UOEF:VU1\" target=\"_blank\" rel=\"noopener\">UEF-Primon<\/a> kansainv\u00e4listen artikkeleiden haulla tai <a href=\"https:\/\/primo.uef.fi\/permalink\/358FIN_UOEF\/mhajq\/alma9911698053705966\" target=\"_blank\" rel=\"noopener\">Ebsco Business source elite<\/a> -tietokannan kautta.<br \/>\nOle tarkkana varsinkin Google Scholarin tieteellisyyden arvioinnissa. UEF-Primossa ja Business Sourcessa haun saa rajattua vain vertaisarviointia k\u00e4ytt\u00e4vien lehtien artikkeleihin (peer reviewed).<\/p>\n<h2>Kustantajien lehtiportaalit<\/h2>\n<table id=\"AutoNumber1\" border=\"0\" cellpadding=\"2\" bgcolor=\"#ffffff\">\n<tbody>\n<tr>\n<td width=\"100%\">Eri kustantajien portaaleista voit selata heid\u00e4n lehti\u00e4\u00e4n &#8211; tai tehd\u00e4 aiheellasi hakuja. Huomaa, ett\u00e4 silloin tuloksissa on vain kyseisen kustantajan lehtiartikkeleita.<strong>Esim. Journal of Finance ei ole Elsevierin lehti -&gt; ei l\u00f6ydy ScienceDirectist\u00e4.<\/strong><\/p>\n<ul>\n<li>\n<h3><b><a href=\"https:\/\/primo.uef.fi\/permalink\/358FIN_UOEF\/1jnohnf\/alma9911699603705966\" target=\"_blank\" rel=\"noopener noreferrer\"><u>Science Direct<\/u><\/a> (Elsevier)<\/b> [aukeaa uuteen v\u00e4lilehteen]<b><br \/>\n<\/b><\/h3>\n<p>Monialainen; kauppatieteit\u00e4 aloilta international management, marketing, organizational behavior &amp; HRM, strategy &amp; management, tourism, leisure &amp; hospitality &#8211; esim.\u00a0lehdet\u00a0European Management Journal, Human Resource Management Review, Industrial Marketing Management, International Business Review, Journal of Business Venturing.<\/li>\n<li>\n<h3><a href=\"https:\/\/primo.uef.fi\/permalink\/358FIN_UOEF\/1jnohnf\/alma9911699573705966\" target=\"_blank\" rel=\"noopener noreferrer\"><b><u>Wiley Online Library<\/u><\/b><\/a> [aukeaa uuteen v\u00e4lilehteen]<\/h3>\n<p>Monialainen; kauppatieteit\u00e4 aloilta: business &amp; management, accounting, finance, economics &#8211; esim. lehdet: Accounting &amp; Finance, Journal of Finance, Journal of Futures Markets, Management and Organization Review,\u00a0Psychology &amp; Marketing, British Journal of Management.<\/li>\n<li>\n<h3><a href=\"https:\/\/primo.uef.fi\/permalink\/358FIN_UOEF\/1jnohnf\/alma9911699543705966\" target=\"_blank\" rel=\"noopener noreferrer\"><b><u>Emerald\u00a0Journals<\/u><\/b><\/a> [aukeaa uuteen v\u00e4lilehteen]<\/h3>\n<p>Aihealueina esim. accounting &amp; finance, HR &amp; organizational behavior, marketing, management science &amp; operations. Esim. lehdet:\u00a0Journal of risk finance, International journal of managerial finance, Journal of intellectual capital, Accounting research journal, Journal of consumer marketing.<\/li>\n<li>\n<h3><a href=\"https:\/\/primo.uef.fi\/permalink\/358FIN_UOEF\/1jnohnf\/alma9911701293705966\" target=\"_blank\" rel=\"noopener noreferrer\"><strong><u>SAGE Premier<\/u><\/strong><\/a> [aukeaa uuteen v\u00e4lilehteen]<u><\/u><\/h3>\n<p>Hyvin varsinkin management &amp; organization studies\u00a0-lehti\u00e4. Esim. Family business review, Global business review, Human relations, Leadership, Marketing theory, Organization studies, Public relations quarterly.<\/li>\n<\/ul>\n<\/td>\n<\/tr>\n<\/tbody>\n<\/table>\n<p>Verkossa julkaistaan my\u00f6s tieteellisi\u00e4 <b>open access (OA) -lehti\u00e4<\/b>, joihin p\u00e4\u00e4see maksutta mist\u00e4 tahansa. OA-lehti\u00e4 ja niiden artikkeleita l\u00f6ytyy esimerkiksi<br \/>\n<a href=\"https:\/\/www.doaj.org\/\" target=\"_blank\" rel=\"noopener\">Directory of Open Access Journals <\/a>(DOAJ) -&gt; subject: <a href=\"https:\/\/www.doaj.org\/search?source=%7B%22query%22%3A%7B%22filtered%22%3A%7B%22filter%22%3A%7B%22bool%22%3A%7B%22must%22%3A%5B%7B%22term%22%3A%7B%22index.classification.exact%22%3A%22Social%20Sciences%22%7D%7D%2C%7B%22term%22%3A%7B%22index.classification.exact%22%3A%22Business%22%7D%7D%2C%7B%22term%22%3A%7B%22_type%22%3A%22journal%22%7D%7D%5D%7D%7D%2C%22query%22%3A%7B%22match_all%22%3A%7B%7D%7D%7D%7D%7D\" target=\"_blank\" rel=\"noopener\">Business journals<\/a> (huom. &#8221;revista&#8221;-kielipainotteisuus) [linkit aukeavat uuteen v\u00e4lilehteen].<\/p>\n<p><span id=\"yui_3_17_2_1_1590585690479_31\"><span id=\"yui_3_17_2_1_1590585690479_30\">Vaikka yliopiston kirjasto onkin hankkinut varsin kattavan elektronisten lehtien kokoelman, on ep\u00e4todenn\u00e4k\u00f6ist\u00e4, ett\u00e4 kaikkeen tarvittavaan on p\u00e4\u00e4sy verkosta (avoimesti tai kirjautumalla UEF-Primon kautta).<br \/>\n<a href=\"https:\/\/blogs.uef.fi\/tiedonhaku-kauppatieteet\/miten-saan-tekstin-auki-full-text\/\" target=\"_blank\" rel=\"noopener\">Full text -saatavuudesta<\/a> [aukeaa uuteen v\u00e4lilehteen].<br \/>\n<\/span><\/span><\/p>\n","protected":false},"excerpt":{"rendered":"<p>Kansainv\u00e4listen tieteellisten lehtien suuria kustantajia ovat mm. Elsevier, Emerald, Wiley, Sage, Springer, Taylor &amp; Francis, Cambridge University Press. T\u00e4rkeit\u00e4 tieteellisi\u00e4 lehti\u00e4 ovat esim. Academy of management journal, Accounting review, Entrepreneurship: Theory and Practice, Journal of International Business Studies (JIBS), Journal of finance, Journal of marketing, Organization studies, Strategic management journal ja\u00a0 monet muut [linkit aukeavat [&hellip;]<\/p>\n","protected":false},"author":135,"featured_media":0,"parent":61,"menu_order":0,"comment_status":"closed","ping_status":"closed","template":"","meta":{"_acf_changed":false,"footnotes":""},"class_list":["post-171","page","type-page","status-publish","hentry"],"acf":[],"yoast_head":"<!-- This site is optimized with the Yoast SEO plugin v27.1.1 - https:\/\/yoast.com\/product\/yoast-seo-wordpress\/ -->\n<title>Tieteelliset lehdet (journals) - Tiedonhaku - Kauppatieteet<\/title>\n<meta name=\"robots\" content=\"index, follow, max-snippet:-1, max-image-preview:large, max-video-preview:-1\" \/>\n<link rel=\"canonical\" href=\"https:\/\/blogs.uef.fi\/tiedonhaku-kauppatieteet\/tieteellinen-julkaiseminen\/tieteelliset_lehdet\/\" \/>\n<meta property=\"og:locale\" content=\"fi_FI\" \/>\n<meta property=\"og:type\" content=\"article\" \/>\n<meta property=\"og:title\" content=\"Tieteelliset lehdet (journals) - Tiedonhaku - Kauppatieteet\" \/>\n<meta property=\"og:description\" content=\"Kansainv\u00e4listen tieteellisten lehtien suuria kustantajia ovat mm. Elsevier, Emerald, Wiley, Sage, Springer, Taylor &amp; Francis, Cambridge University Press. T\u00e4rkeit\u00e4 tieteellisi\u00e4 lehti\u00e4 ovat esim. Academy of management journal, Accounting review, Entrepreneurship: Theory and Practice, Journal of International Business Studies (JIBS), Journal of finance, Journal of marketing, Organization studies, Strategic management journal ja\u00a0 monet muut [linkit aukeavat [&hellip;]\" \/>\n<meta property=\"og:url\" content=\"https:\/\/blogs.uef.fi\/tiedonhaku-kauppatieteet\/tieteellinen-julkaiseminen\/tieteelliset_lehdet\/\" \/>\n<meta property=\"og:site_name\" content=\"Tiedonhaku - Kauppatieteet\" \/>\n<meta property=\"article:modified_time\" content=\"2025-07-31T12:29:08+00:00\" \/>\n<meta name=\"twitter:card\" content=\"summary_large_image\" \/>\n<meta name=\"twitter:label1\" content=\"Arvioitu lukuaika\" \/>\n\t<meta name=\"twitter:data1\" content=\"3 minuuttia\" \/>\n<script type=\"application\/ld+json\" class=\"yoast-schema-graph\">{\"@context\":\"https:\/\/schema.org\",\"@graph\":[{\"@type\":\"WebPage\",\"@id\":\"https:\/\/blogs.uef.fi\/tiedonhaku-kauppatieteet\/tieteellinen-julkaiseminen\/tieteelliset_lehdet\/\",\"url\":\"https:\/\/blogs.uef.fi\/tiedonhaku-kauppatieteet\/tieteellinen-julkaiseminen\/tieteelliset_lehdet\/\",\"name\":\"Tieteelliset lehdet (journals) - Tiedonhaku - Kauppatieteet\",\"isPartOf\":{\"@id\":\"https:\/\/blogs.uef.fi\/tiedonhaku-kauppatieteet\/#website\"},\"datePublished\":\"2020-05-26T12:33:24+00:00\",\"dateModified\":\"2025-07-31T12:29:08+00:00\",\"breadcrumb\":{\"@id\":\"https:\/\/blogs.uef.fi\/tiedonhaku-kauppatieteet\/tieteellinen-julkaiseminen\/tieteelliset_lehdet\/#breadcrumb\"},\"inLanguage\":\"fi\",\"potentialAction\":[{\"@type\":\"ReadAction\",\"target\":[\"https:\/\/blogs.uef.fi\/tiedonhaku-kauppatieteet\/tieteellinen-julkaiseminen\/tieteelliset_lehdet\/\"]}]},{\"@type\":\"BreadcrumbList\",\"@id\":\"https:\/\/blogs.uef.fi\/tiedonhaku-kauppatieteet\/tieteellinen-julkaiseminen\/tieteelliset_lehdet\/#breadcrumb\",\"itemListElement\":[{\"@type\":\"ListItem\",\"position\":1,\"name\":\"Home\",\"item\":\"https:\/\/blogs.uef.fi\/tiedonhaku-kauppatieteet\/\"},{\"@type\":\"ListItem\",\"position\":2,\"name\":\"Tieteellinen julkaiseminen\",\"item\":\"https:\/\/blogs.uef.fi\/tiedonhaku-kauppatieteet\/tieteellinen-julkaiseminen\/\"},{\"@type\":\"ListItem\",\"position\":3,\"name\":\"Tieteelliset lehdet (journals)\"}]},{\"@type\":\"WebSite\",\"@id\":\"https:\/\/blogs.uef.fi\/tiedonhaku-kauppatieteet\/#website\",\"url\":\"https:\/\/blogs.uef.fi\/tiedonhaku-kauppatieteet\/\",\"name\":\"Tiedonhaku - Kauppatieteet\",\"description\":\"\",\"potentialAction\":[{\"@type\":\"SearchAction\",\"target\":{\"@type\":\"EntryPoint\",\"urlTemplate\":\"https:\/\/blogs.uef.fi\/tiedonhaku-kauppatieteet\/?s={search_term_string}\"},\"query-input\":{\"@type\":\"PropertyValueSpecification\",\"valueRequired\":true,\"valueName\":\"search_term_string\"}}],\"inLanguage\":\"fi\"}]}<\/script>\n<!-- \/ Yoast SEO plugin. -->","yoast_head_json":{"title":"Tieteelliset lehdet (journals) - Tiedonhaku - Kauppatieteet","robots":{"index":"index","follow":"follow","max-snippet":"max-snippet:-1","max-image-preview":"max-image-preview:large","max-video-preview":"max-video-preview:-1"},"canonical":"https:\/\/blogs.uef.fi\/tiedonhaku-kauppatieteet\/tieteellinen-julkaiseminen\/tieteelliset_lehdet\/","og_locale":"fi_FI","og_type":"article","og_title":"Tieteelliset lehdet (journals) - Tiedonhaku - Kauppatieteet","og_description":"Kansainv\u00e4listen tieteellisten lehtien suuria kustantajia ovat mm. Elsevier, Emerald, Wiley, Sage, Springer, Taylor &amp; Francis, Cambridge University Press. T\u00e4rkeit\u00e4 tieteellisi\u00e4 lehti\u00e4 ovat esim. Academy of management journal, Accounting review, Entrepreneurship: Theory and Practice, Journal of International Business Studies (JIBS), Journal of finance, Journal of marketing, Organization studies, Strategic management journal ja\u00a0 monet muut [linkit aukeavat [&hellip;]","og_url":"https:\/\/blogs.uef.fi\/tiedonhaku-kauppatieteet\/tieteellinen-julkaiseminen\/tieteelliset_lehdet\/","og_site_name":"Tiedonhaku - Kauppatieteet","article_modified_time":"2025-07-31T12:29:08+00:00","twitter_card":"summary_large_image","twitter_misc":{"Arvioitu lukuaika":"3 minuuttia"},"schema":{"@context":"https:\/\/schema.org","@graph":[{"@type":"WebPage","@id":"https:\/\/blogs.uef.fi\/tiedonhaku-kauppatieteet\/tieteellinen-julkaiseminen\/tieteelliset_lehdet\/","url":"https:\/\/blogs.uef.fi\/tiedonhaku-kauppatieteet\/tieteellinen-julkaiseminen\/tieteelliset_lehdet\/","name":"Tieteelliset lehdet (journals) - Tiedonhaku - Kauppatieteet","isPartOf":{"@id":"https:\/\/blogs.uef.fi\/tiedonhaku-kauppatieteet\/#website"},"datePublished":"2020-05-26T12:33:24+00:00","dateModified":"2025-07-31T12:29:08+00:00","breadcrumb":{"@id":"https:\/\/blogs.uef.fi\/tiedonhaku-kauppatieteet\/tieteellinen-julkaiseminen\/tieteelliset_lehdet\/#breadcrumb"},"inLanguage":"fi","potentialAction":[{"@type":"ReadAction","target":["https:\/\/blogs.uef.fi\/tiedonhaku-kauppatieteet\/tieteellinen-julkaiseminen\/tieteelliset_lehdet\/"]}]},{"@type":"BreadcrumbList","@id":"https:\/\/blogs.uef.fi\/tiedonhaku-kauppatieteet\/tieteellinen-julkaiseminen\/tieteelliset_lehdet\/#breadcrumb","itemListElement":[{"@type":"ListItem","position":1,"name":"Home","item":"https:\/\/blogs.uef.fi\/tiedonhaku-kauppatieteet\/"},{"@type":"ListItem","position":2,"name":"Tieteellinen julkaiseminen","item":"https:\/\/blogs.uef.fi\/tiedonhaku-kauppatieteet\/tieteellinen-julkaiseminen\/"},{"@type":"ListItem","position":3,"name":"Tieteelliset lehdet (journals)"}]},{"@type":"WebSite","@id":"https:\/\/blogs.uef.fi\/tiedonhaku-kauppatieteet\/#website","url":"https:\/\/blogs.uef.fi\/tiedonhaku-kauppatieteet\/","name":"Tiedonhaku - Kauppatieteet","description":"","potentialAction":[{"@type":"SearchAction","target":{"@type":"EntryPoint","urlTemplate":"https:\/\/blogs.uef.fi\/tiedonhaku-kauppatieteet\/?s={search_term_string}"},"query-input":{"@type":"PropertyValueSpecification","valueRequired":true,"valueName":"search_term_string"}}],"inLanguage":"fi"}]}},"_links":{"self":[{"href":"https:\/\/blogs.uef.fi\/tiedonhaku-kauppatieteet\/wp-json\/wp\/v2\/pages\/171","targetHints":{"allow":["GET"]}}],"collection":[{"href":"https:\/\/blogs.uef.fi\/tiedonhaku-kauppatieteet\/wp-json\/wp\/v2\/pages"}],"about":[{"href":"https:\/\/blogs.uef.fi\/tiedonhaku-kauppatieteet\/wp-json\/wp\/v2\/types\/page"}],"author":[{"embeddable":true,"href":"https:\/\/blogs.uef.fi\/tiedonhaku-kauppatieteet\/wp-json\/wp\/v2\/users\/135"}],"replies":[{"embeddable":true,"href":"https:\/\/blogs.uef.fi\/tiedonhaku-kauppatieteet\/wp-json\/wp\/v2\/comments?post=171"}],"version-history":[{"count":2,"href":"https:\/\/blogs.uef.fi\/tiedonhaku-kauppatieteet\/wp-json\/wp\/v2\/pages\/171\/revisions"}],"predecessor-version":[{"id":3656,"href":"https:\/\/blogs.uef.fi\/tiedonhaku-kauppatieteet\/wp-json\/wp\/v2\/pages\/171\/revisions\/3656"}],"up":[{"embeddable":true,"href":"https:\/\/blogs.uef.fi\/tiedonhaku-kauppatieteet\/wp-json\/wp\/v2\/pages\/61"}],"wp:attachment":[{"href":"https:\/\/blogs.uef.fi\/tiedonhaku-kauppatieteet\/wp-json\/wp\/v2\/media?parent=171"}],"curies":[{"name":"wp","href":"https:\/\/api.w.org\/{rel}","templated":true}]}}