{"id":1353,"date":"2020-08-25T13:41:17","date_gmt":"2020-08-25T13:41:17","guid":{"rendered":"https:\/\/blogs.uef.fi\/tiedonhaku-kauppatieteet\/?page_id=1353"},"modified":"2025-06-18T13:40:15","modified_gmt":"2025-06-18T11:40:15","slug":"viitteet-hallintaan","status":"publish","type":"page","link":"https:\/\/blogs.uef.fi\/tiedonhaku-kauppatieteet\/viitteet-hallintaan\/","title":{"rendered":"L\u00e4hdeluettelot ja -viitteet hallintaan"},"content":{"rendered":"<p>Kun tekee hakuja useista eri tietokannoista, on k\u00e4tev\u00e4\u00e4 koota tulokset ja valitut tietueet\/viitteet yhteen paikkaan, viitteidenhallintaj\u00e4rjestelm\u00e4\u00e4n.<br \/>\n<strong>Zotero<\/strong> ja <strong>Mendeley<\/strong> ovat yleisesti k\u00e4ytettyj\u00e4 vapaita ohjelmia.<\/p>\n<p><a href=\"https:\/\/www.uef.fi\/fi\/kirjasto\/lahdeviitteet#paragraph-13100\" target=\"_blank\" rel=\"noopener\">Linkit ja ohjeita l\u00f6yd\u00e4t UEF-kirjaston sivuilta <\/a>[aukeaa uuteen v\u00e4lilehteen]<\/p>\n<p>Mit\u00e4 viitteidenhallintaj\u00e4rjestelm\u00e4ll\u00e4 voi tehd\u00e4?<\/p>\n<ul>\n<li style=\"list-style-type: none\">\n<ul>\n<li>luoda oman viitetietokannan<\/li>\n<li>siirt\u00e4\u00e4 eri tietokannoista tuloksia<\/li>\n<li>poistaa mahdolliset p\u00e4\u00e4llekk\u00e4iset l\u00e4hteet (duplicates)<\/li>\n<li>kansioida viitteit\u00e4 eri tarkoituksiin<\/li>\n<li>tehd\u00e4 l\u00e4hdeluettelon<\/li>\n<li>lis\u00e4t\u00e4 l\u00e4hdeviitteet tekstiin<\/li>\n<\/ul>\n<\/li>\n<\/ul>\n","protected":false},"excerpt":{"rendered":"<p>Kun tekee hakuja useista eri tietokannoista, on k\u00e4tev\u00e4\u00e4 koota tulokset ja valitut tietueet\/viitteet yhteen paikkaan, viitteidenhallintaj\u00e4rjestelm\u00e4\u00e4n. Zotero ja Mendeley ovat yleisesti k\u00e4ytettyj\u00e4 vapaita ohjelmia. Linkit ja ohjeita l\u00f6yd\u00e4t UEF-kirjaston sivuilta [aukeaa uuteen v\u00e4lilehteen] Mit\u00e4 viitteidenhallintaj\u00e4rjestelm\u00e4ll\u00e4 voi tehd\u00e4? luoda oman viitetietokannan siirt\u00e4\u00e4 eri tietokannoista tuloksia poistaa mahdolliset p\u00e4\u00e4llekk\u00e4iset l\u00e4hteet (duplicates) kansioida viitteit\u00e4 eri tarkoituksiin tehd\u00e4 l\u00e4hdeluettelon [&hellip;]<\/p>\n","protected":false},"author":135,"featured_media":0,"parent":0,"menu_order":0,"comment_status":"closed","ping_status":"closed","template":"","meta":{"_acf_changed":false,"footnotes":""},"class_list":["post-1353","page","type-page","status-publish","hentry"],"acf":[],"yoast_head":"<!-- This site is optimized with the Yoast SEO plugin v27.3 - https:\/\/yoast.com\/product\/yoast-seo-wordpress\/ -->\n<title>L\u00e4hdeluettelot ja -viitteet hallintaan - Tiedonhaku - Kauppatieteet<\/title>\n<meta name=\"robots\" content=\"index, follow, max-snippet:-1, max-image-preview:large, max-video-preview:-1\" \/>\n<link rel=\"canonical\" href=\"https:\/\/blogs.uef.fi\/tiedonhaku-kauppatieteet\/viitteet-hallintaan\/\" \/>\n<meta property=\"og:locale\" content=\"fi_FI\" \/>\n<meta property=\"og:type\" content=\"article\" \/>\n<meta property=\"og:title\" content=\"L\u00e4hdeluettelot ja -viitteet hallintaan - Tiedonhaku - Kauppatieteet\" \/>\n<meta property=\"og:description\" content=\"Kun tekee hakuja useista eri tietokannoista, on k\u00e4tev\u00e4\u00e4 koota tulokset ja valitut tietueet\/viitteet yhteen paikkaan, viitteidenhallintaj\u00e4rjestelm\u00e4\u00e4n. Zotero ja Mendeley ovat yleisesti k\u00e4ytettyj\u00e4 vapaita ohjelmia. Linkit ja ohjeita l\u00f6yd\u00e4t UEF-kirjaston sivuilta [aukeaa uuteen v\u00e4lilehteen] Mit\u00e4 viitteidenhallintaj\u00e4rjestelm\u00e4ll\u00e4 voi tehd\u00e4? luoda oman viitetietokannan siirt\u00e4\u00e4 eri tietokannoista tuloksia poistaa mahdolliset p\u00e4\u00e4llekk\u00e4iset l\u00e4hteet (duplicates) kansioida viitteit\u00e4 eri tarkoituksiin tehd\u00e4 l\u00e4hdeluettelon [&hellip;]\" \/>\n<meta property=\"og:url\" content=\"https:\/\/blogs.uef.fi\/tiedonhaku-kauppatieteet\/viitteet-hallintaan\/\" \/>\n<meta property=\"og:site_name\" content=\"Tiedonhaku - Kauppatieteet\" \/>\n<meta property=\"article:modified_time\" content=\"2025-06-18T11:40:15+00:00\" \/>\n<meta name=\"twitter:card\" content=\"summary_large_image\" \/>\n<meta name=\"twitter:label1\" content=\"Arvioitu lukuaika\" \/>\n\t<meta name=\"twitter:data1\" content=\"1 minuutti\" \/>\n<script type=\"application\/ld+json\" class=\"yoast-schema-graph\">{\"@context\":\"https:\\\/\\\/schema.org\",\"@graph\":[{\"@type\":\"WebPage\",\"@id\":\"https:\\\/\\\/blogs.uef.fi\\\/tiedonhaku-kauppatieteet\\\/viitteet-hallintaan\\\/\",\"url\":\"https:\\\/\\\/blogs.uef.fi\\\/tiedonhaku-kauppatieteet\\\/viitteet-hallintaan\\\/\",\"name\":\"L\u00e4hdeluettelot ja -viitteet hallintaan - Tiedonhaku - Kauppatieteet\",\"isPartOf\":{\"@id\":\"https:\\\/\\\/blogs.uef.fi\\\/tiedonhaku-kauppatieteet\\\/#website\"},\"datePublished\":\"2020-08-25T13:41:17+00:00\",\"dateModified\":\"2025-06-18T11:40:15+00:00\",\"breadcrumb\":{\"@id\":\"https:\\\/\\\/blogs.uef.fi\\\/tiedonhaku-kauppatieteet\\\/viitteet-hallintaan\\\/#breadcrumb\"},\"inLanguage\":\"fi\",\"potentialAction\":[{\"@type\":\"ReadAction\",\"target\":[\"https:\\\/\\\/blogs.uef.fi\\\/tiedonhaku-kauppatieteet\\\/viitteet-hallintaan\\\/\"]}]},{\"@type\":\"BreadcrumbList\",\"@id\":\"https:\\\/\\\/blogs.uef.fi\\\/tiedonhaku-kauppatieteet\\\/viitteet-hallintaan\\\/#breadcrumb\",\"itemListElement\":[{\"@type\":\"ListItem\",\"position\":1,\"name\":\"Home\",\"item\":\"https:\\\/\\\/blogs.uef.fi\\\/tiedonhaku-kauppatieteet\\\/\"},{\"@type\":\"ListItem\",\"position\":2,\"name\":\"L\u00e4hdeluettelot ja -viitteet hallintaan\"}]},{\"@type\":\"WebSite\",\"@id\":\"https:\\\/\\\/blogs.uef.fi\\\/tiedonhaku-kauppatieteet\\\/#website\",\"url\":\"https:\\\/\\\/blogs.uef.fi\\\/tiedonhaku-kauppatieteet\\\/\",\"name\":\"Tiedonhaku - Kauppatieteet\",\"description\":\"\",\"potentialAction\":[{\"@type\":\"SearchAction\",\"target\":{\"@type\":\"EntryPoint\",\"urlTemplate\":\"https:\\\/\\\/blogs.uef.fi\\\/tiedonhaku-kauppatieteet\\\/?s={search_term_string}\"},\"query-input\":{\"@type\":\"PropertyValueSpecification\",\"valueRequired\":true,\"valueName\":\"search_term_string\"}}],\"inLanguage\":\"fi\"}]}<\/script>\n<!-- \/ Yoast SEO plugin. -->","yoast_head_json":{"title":"L\u00e4hdeluettelot ja -viitteet hallintaan - Tiedonhaku - Kauppatieteet","robots":{"index":"index","follow":"follow","max-snippet":"max-snippet:-1","max-image-preview":"max-image-preview:large","max-video-preview":"max-video-preview:-1"},"canonical":"https:\/\/blogs.uef.fi\/tiedonhaku-kauppatieteet\/viitteet-hallintaan\/","og_locale":"fi_FI","og_type":"article","og_title":"L\u00e4hdeluettelot ja -viitteet hallintaan - Tiedonhaku - Kauppatieteet","og_description":"Kun tekee hakuja useista eri tietokannoista, on k\u00e4tev\u00e4\u00e4 koota tulokset ja valitut tietueet\/viitteet yhteen paikkaan, viitteidenhallintaj\u00e4rjestelm\u00e4\u00e4n. Zotero ja Mendeley ovat yleisesti k\u00e4ytettyj\u00e4 vapaita ohjelmia. Linkit ja ohjeita l\u00f6yd\u00e4t UEF-kirjaston sivuilta [aukeaa uuteen v\u00e4lilehteen] Mit\u00e4 viitteidenhallintaj\u00e4rjestelm\u00e4ll\u00e4 voi tehd\u00e4? luoda oman viitetietokannan siirt\u00e4\u00e4 eri tietokannoista tuloksia poistaa mahdolliset p\u00e4\u00e4llekk\u00e4iset l\u00e4hteet (duplicates) kansioida viitteit\u00e4 eri tarkoituksiin tehd\u00e4 l\u00e4hdeluettelon [&hellip;]","og_url":"https:\/\/blogs.uef.fi\/tiedonhaku-kauppatieteet\/viitteet-hallintaan\/","og_site_name":"Tiedonhaku - Kauppatieteet","article_modified_time":"2025-06-18T11:40:15+00:00","twitter_card":"summary_large_image","twitter_misc":{"Arvioitu lukuaika":"1 minuutti"},"schema":{"@context":"https:\/\/schema.org","@graph":[{"@type":"WebPage","@id":"https:\/\/blogs.uef.fi\/tiedonhaku-kauppatieteet\/viitteet-hallintaan\/","url":"https:\/\/blogs.uef.fi\/tiedonhaku-kauppatieteet\/viitteet-hallintaan\/","name":"L\u00e4hdeluettelot ja -viitteet hallintaan - Tiedonhaku - Kauppatieteet","isPartOf":{"@id":"https:\/\/blogs.uef.fi\/tiedonhaku-kauppatieteet\/#website"},"datePublished":"2020-08-25T13:41:17+00:00","dateModified":"2025-06-18T11:40:15+00:00","breadcrumb":{"@id":"https:\/\/blogs.uef.fi\/tiedonhaku-kauppatieteet\/viitteet-hallintaan\/#breadcrumb"},"inLanguage":"fi","potentialAction":[{"@type":"ReadAction","target":["https:\/\/blogs.uef.fi\/tiedonhaku-kauppatieteet\/viitteet-hallintaan\/"]}]},{"@type":"BreadcrumbList","@id":"https:\/\/blogs.uef.fi\/tiedonhaku-kauppatieteet\/viitteet-hallintaan\/#breadcrumb","itemListElement":[{"@type":"ListItem","position":1,"name":"Home","item":"https:\/\/blogs.uef.fi\/tiedonhaku-kauppatieteet\/"},{"@type":"ListItem","position":2,"name":"L\u00e4hdeluettelot ja -viitteet hallintaan"}]},{"@type":"WebSite","@id":"https:\/\/blogs.uef.fi\/tiedonhaku-kauppatieteet\/#website","url":"https:\/\/blogs.uef.fi\/tiedonhaku-kauppatieteet\/","name":"Tiedonhaku - Kauppatieteet","description":"","potentialAction":[{"@type":"SearchAction","target":{"@type":"EntryPoint","urlTemplate":"https:\/\/blogs.uef.fi\/tiedonhaku-kauppatieteet\/?s={search_term_string}"},"query-input":{"@type":"PropertyValueSpecification","valueRequired":true,"valueName":"search_term_string"}}],"inLanguage":"fi"}]}},"_links":{"self":[{"href":"https:\/\/blogs.uef.fi\/tiedonhaku-kauppatieteet\/wp-json\/wp\/v2\/pages\/1353","targetHints":{"allow":["GET"]}}],"collection":[{"href":"https:\/\/blogs.uef.fi\/tiedonhaku-kauppatieteet\/wp-json\/wp\/v2\/pages"}],"about":[{"href":"https:\/\/blogs.uef.fi\/tiedonhaku-kauppatieteet\/wp-json\/wp\/v2\/types\/page"}],"author":[{"embeddable":true,"href":"https:\/\/blogs.uef.fi\/tiedonhaku-kauppatieteet\/wp-json\/wp\/v2\/users\/135"}],"replies":[{"embeddable":true,"href":"https:\/\/blogs.uef.fi\/tiedonhaku-kauppatieteet\/wp-json\/wp\/v2\/comments?post=1353"}],"version-history":[{"count":1,"href":"https:\/\/blogs.uef.fi\/tiedonhaku-kauppatieteet\/wp-json\/wp\/v2\/pages\/1353\/revisions"}],"predecessor-version":[{"id":3575,"href":"https:\/\/blogs.uef.fi\/tiedonhaku-kauppatieteet\/wp-json\/wp\/v2\/pages\/1353\/revisions\/3575"}],"wp:attachment":[{"href":"https:\/\/blogs.uef.fi\/tiedonhaku-kauppatieteet\/wp-json\/wp\/v2\/media?parent=1353"}],"curies":[{"name":"wp","href":"https:\/\/api.w.org\/{rel}","templated":true}]}}