{"id":1307,"date":"2020-08-19T08:06:17","date_gmt":"2020-08-19T08:06:17","guid":{"rendered":"https:\/\/blogs.uef.fi\/tiedonhaku-kauppatieteet\/?page_id=1307"},"modified":"2025-06-27T14:04:28","modified_gmt":"2025-06-27T12:04:28","slug":"tilasto-ja-yritystiedon-haku","status":"publish","type":"page","link":"https:\/\/blogs.uef.fi\/tiedonhaku-kauppatieteet\/tilasto-ja-yritystiedon-haku\/","title":{"rendered":"Tilasto-, markkina- ja yritystiedon haku"},"content":{"rendered":"<h2>Tilastotiedon haku<\/h2>\n<ul>\n<li style=\"list-style-type: none\">\n<ul id=\"yui_3_17_2_1_1592303448060_41\">\n<li id=\"yui_3_17_2_1_1592303448060_40\"><a id=\"yui_3_17_2_1_1592303448060_39\" href=\"https:\/\/statfin.stat.fi\/PxWeb\/pxweb\/fi\/StatFin\/\" target=\"_blank\" rel=\"noopener noreferrer\"><span id=\"yui_3_17_2_1_1592303448060_38\">StatFin-tilastotietokanta<\/span><\/a> + <a href=\"https:\/\/www.stat.fi\/tup\/tilastotietokannat\/kayttoohjeet.html\" target=\"_blank\" rel=\"noopener\">k\u00e4ytt\u00f6ohjeita<\/a> [aukeavat uuteen v\u00e4lilehteen]<span id=\"yui_3_17_2_1_1592303448060_43\"><br \/>\n<\/span><\/li>\n<li id=\"yui_3_17_2_1_1592303448060_48\"><a id=\"yui_3_17_2_1_1592303448060_50\" href=\"https:\/\/ec.europa.eu\/eurostat\/data\/database\" target=\"_blank\" rel=\"noopener noreferrer\"><span id=\"yui_3_17_2_1_1592303448060_49\">EuroStat<\/span><\/a>-tilastotietokanta [aukeaa uuteen v\u00e4lilehteen]<\/li>\n<li id=\"yui_3_17_2_1_1592303448060_54\"><a id=\"yui_3_17_2_1_1592303448060_53\" href=\"https:\/\/www.oecd.org\/en\/data.html\" target=\"_blank\" rel=\"noopener noreferrer\"><span id=\"yui_3_17_2_1_1592303448060_52\">OECD statistical portal<\/span><\/a> [aukeaa uuteen v\u00e4lilehteen]<\/li>\n<li><a href=\"https:\/\/urly.fi\/1FKH\" target=\"_blank\" rel=\"noopener\">Statista<\/a> [aukeaa uuteen v\u00e4lilehteen UEF-Primoon]<br \/>\nLaaja kansainv\u00e4linen dataportaali, joka sis\u00e4lt\u00e4\u00e4 tilastoja, tutkimustietoa, markkinatietoa ja tietoa kulutusk\u00e4ytt\u00e4ytymisest\u00e4&#8230;<\/li>\n<\/ul>\n<\/li>\n<\/ul>\n<p id=\"yui_3_17_2_1_1592303448060_31\"><span id=\"yui_3_17_2_1_1592303448060_30\"><a id=\"yui_3_17_2_1_1592303448060_29\" href=\"http:\/\/guides.stat.fi\/kotimaisentilastotiedonopas\/\" target=\"_blank\" rel=\"noopener noreferrer\">Kotimaisen tilastotiedon opas<\/a> (Tilastokeskus) [aukeaa uuteen v\u00e4lilehteen]<br \/>\n<\/span><span id=\"yui_3_17_2_1_1592303448060_36\"><a id=\"yui_3_17_2_1_1592303448060_35\" href=\"http:\/\/guides.stat.fi\/kansainvalisentilastotiedonopas\" target=\"_blank\" rel=\"noopener noreferrer\">Kansainv\u00e4lisen tilastotiedon opas<\/a> (Tilastokeskus) [aukeaa uuteen v\u00e4lilehteen]<\/span><\/p>\n<h2>Yritystietoja ja muita tiedonl\u00e4hteit\u00e4<\/h2>\n<ul>\n<li style=\"list-style-type: none\">\n<ul>\n<li><a href=\"https:\/\/primo.uef.fi\/permalink\/358FIN_UOEF\/1jnohnf\/alma9911700453705966\" target=\"_blank\" rel=\"noopener noreferrer\">Orbis Europe<\/a> (ent. Amadeus): Financial information of companies across Europe, eurooppalaisia yritystietoja [aukeaa uuteen v\u00e4lilehteen]<\/li>\n<li><a href=\"https:\/\/primo.uef.fi\/permalink\/358FIN_UOEF\/1jnohnf\/alma9911700913705966\" target=\"_blank\" rel=\"noopener noreferrer\"><span class=\"\">MarketLine Company Profiles<\/span><\/a> [aukeaa uuteen v\u00e4lilehteen]<\/li>\n<li><a href=\"http:\/\/www.kauppalehti.fi\/5\/i\/yritykset\/yrityshaku\/\" target=\"_blank\" rel=\"noopener noreferrer\"><span class=\"\">Kauppalehti: Yrityshaku <\/span><\/a><span class=\"\">(kaikkien suomalaisten yritysten, elinkeinonharjoittajien, asunto-osakeyhti\u00f6iden ja rekister\u00f6ityjen yhteis\u00f6jen tiedot. <\/span><span class=\"\">Maksuttomien perustietojen lis\u00e4ksi palvelusta voi ostaa laajempia analyysiraportteja yrityksist\u00e4. Haku nimell\u00e4, toimialoittain tai paikkakunnittain.) <\/span><span class=\"\">[aukeaa uuteen v\u00e4lilehteen]<\/span><\/li>\n<\/ul>\n<\/li>\n<\/ul>\n","protected":false},"excerpt":{"rendered":"<p>Tilastotiedon haku StatFin-tilastotietokanta + k\u00e4ytt\u00f6ohjeita [aukeavat uuteen v\u00e4lilehteen] EuroStat-tilastotietokanta [aukeaa uuteen v\u00e4lilehteen] OECD statistical portal [aukeaa uuteen v\u00e4lilehteen] Statista [aukeaa uuteen v\u00e4lilehteen UEF-Primoon] Laaja kansainv\u00e4linen dataportaali, joka sis\u00e4lt\u00e4\u00e4 tilastoja, tutkimustietoa, markkinatietoa ja tietoa kulutusk\u00e4ytt\u00e4ytymisest\u00e4&#8230; Kotimaisen tilastotiedon opas (Tilastokeskus) [aukeaa uuteen v\u00e4lilehteen] Kansainv\u00e4lisen tilastotiedon opas (Tilastokeskus) [aukeaa uuteen v\u00e4lilehteen] Yritystietoja ja muita tiedonl\u00e4hteit\u00e4 Orbis Europe (ent. [&hellip;]<\/p>\n","protected":false},"author":135,"featured_media":0,"parent":0,"menu_order":0,"comment_status":"closed","ping_status":"closed","template":"","meta":{"_acf_changed":false,"footnotes":""},"class_list":["post-1307","page","type-page","status-publish","hentry"],"acf":[],"yoast_head":"<!-- This site is optimized with the Yoast SEO plugin v27.1.1 - https:\/\/yoast.com\/product\/yoast-seo-wordpress\/ -->\n<title>Tilasto-, markkina- ja yritystiedon haku - Tiedonhaku - Kauppatieteet<\/title>\n<meta name=\"robots\" content=\"index, follow, max-snippet:-1, max-image-preview:large, max-video-preview:-1\" \/>\n<link rel=\"canonical\" href=\"https:\/\/blogs.uef.fi\/tiedonhaku-kauppatieteet\/tilasto-ja-yritystiedon-haku\/\" \/>\n<meta property=\"og:locale\" content=\"fi_FI\" \/>\n<meta property=\"og:type\" content=\"article\" \/>\n<meta property=\"og:title\" content=\"Tilasto-, markkina- ja yritystiedon haku - Tiedonhaku - Kauppatieteet\" \/>\n<meta property=\"og:description\" content=\"Tilastotiedon haku StatFin-tilastotietokanta + k\u00e4ytt\u00f6ohjeita [aukeavat uuteen v\u00e4lilehteen] EuroStat-tilastotietokanta [aukeaa uuteen v\u00e4lilehteen] OECD statistical portal [aukeaa uuteen v\u00e4lilehteen] Statista [aukeaa uuteen v\u00e4lilehteen UEF-Primoon] Laaja kansainv\u00e4linen dataportaali, joka sis\u00e4lt\u00e4\u00e4 tilastoja, tutkimustietoa, markkinatietoa ja tietoa kulutusk\u00e4ytt\u00e4ytymisest\u00e4&#8230; Kotimaisen tilastotiedon opas (Tilastokeskus) [aukeaa uuteen v\u00e4lilehteen] Kansainv\u00e4lisen tilastotiedon opas (Tilastokeskus) [aukeaa uuteen v\u00e4lilehteen] Yritystietoja ja muita tiedonl\u00e4hteit\u00e4 Orbis Europe (ent. [&hellip;]\" \/>\n<meta property=\"og:url\" content=\"https:\/\/blogs.uef.fi\/tiedonhaku-kauppatieteet\/tilasto-ja-yritystiedon-haku\/\" \/>\n<meta property=\"og:site_name\" content=\"Tiedonhaku - Kauppatieteet\" \/>\n<meta property=\"article:modified_time\" content=\"2025-06-27T12:04:28+00:00\" \/>\n<meta name=\"twitter:card\" content=\"summary_large_image\" \/>\n<meta name=\"twitter:label1\" content=\"Arvioitu lukuaika\" \/>\n\t<meta name=\"twitter:data1\" content=\"1 minuutti\" \/>\n<script type=\"application\/ld+json\" class=\"yoast-schema-graph\">{\"@context\":\"https:\/\/schema.org\",\"@graph\":[{\"@type\":\"WebPage\",\"@id\":\"https:\/\/blogs.uef.fi\/tiedonhaku-kauppatieteet\/tilasto-ja-yritystiedon-haku\/\",\"url\":\"https:\/\/blogs.uef.fi\/tiedonhaku-kauppatieteet\/tilasto-ja-yritystiedon-haku\/\",\"name\":\"Tilasto-, markkina- ja yritystiedon haku - Tiedonhaku - Kauppatieteet\",\"isPartOf\":{\"@id\":\"https:\/\/blogs.uef.fi\/tiedonhaku-kauppatieteet\/#website\"},\"datePublished\":\"2020-08-19T08:06:17+00:00\",\"dateModified\":\"2025-06-27T12:04:28+00:00\",\"breadcrumb\":{\"@id\":\"https:\/\/blogs.uef.fi\/tiedonhaku-kauppatieteet\/tilasto-ja-yritystiedon-haku\/#breadcrumb\"},\"inLanguage\":\"fi\",\"potentialAction\":[{\"@type\":\"ReadAction\",\"target\":[\"https:\/\/blogs.uef.fi\/tiedonhaku-kauppatieteet\/tilasto-ja-yritystiedon-haku\/\"]}]},{\"@type\":\"BreadcrumbList\",\"@id\":\"https:\/\/blogs.uef.fi\/tiedonhaku-kauppatieteet\/tilasto-ja-yritystiedon-haku\/#breadcrumb\",\"itemListElement\":[{\"@type\":\"ListItem\",\"position\":1,\"name\":\"Home\",\"item\":\"https:\/\/blogs.uef.fi\/tiedonhaku-kauppatieteet\/\"},{\"@type\":\"ListItem\",\"position\":2,\"name\":\"Tilasto-, markkina- ja yritystiedon haku\"}]},{\"@type\":\"WebSite\",\"@id\":\"https:\/\/blogs.uef.fi\/tiedonhaku-kauppatieteet\/#website\",\"url\":\"https:\/\/blogs.uef.fi\/tiedonhaku-kauppatieteet\/\",\"name\":\"Tiedonhaku - Kauppatieteet\",\"description\":\"\",\"potentialAction\":[{\"@type\":\"SearchAction\",\"target\":{\"@type\":\"EntryPoint\",\"urlTemplate\":\"https:\/\/blogs.uef.fi\/tiedonhaku-kauppatieteet\/?s={search_term_string}\"},\"query-input\":{\"@type\":\"PropertyValueSpecification\",\"valueRequired\":true,\"valueName\":\"search_term_string\"}}],\"inLanguage\":\"fi\"}]}<\/script>\n<!-- \/ Yoast SEO plugin. -->","yoast_head_json":{"title":"Tilasto-, markkina- ja yritystiedon haku - Tiedonhaku - Kauppatieteet","robots":{"index":"index","follow":"follow","max-snippet":"max-snippet:-1","max-image-preview":"max-image-preview:large","max-video-preview":"max-video-preview:-1"},"canonical":"https:\/\/blogs.uef.fi\/tiedonhaku-kauppatieteet\/tilasto-ja-yritystiedon-haku\/","og_locale":"fi_FI","og_type":"article","og_title":"Tilasto-, markkina- ja yritystiedon haku - Tiedonhaku - Kauppatieteet","og_description":"Tilastotiedon haku StatFin-tilastotietokanta + k\u00e4ytt\u00f6ohjeita [aukeavat uuteen v\u00e4lilehteen] EuroStat-tilastotietokanta [aukeaa uuteen v\u00e4lilehteen] OECD statistical portal [aukeaa uuteen v\u00e4lilehteen] Statista [aukeaa uuteen v\u00e4lilehteen UEF-Primoon] Laaja kansainv\u00e4linen dataportaali, joka sis\u00e4lt\u00e4\u00e4 tilastoja, tutkimustietoa, markkinatietoa ja tietoa kulutusk\u00e4ytt\u00e4ytymisest\u00e4&#8230; Kotimaisen tilastotiedon opas (Tilastokeskus) [aukeaa uuteen v\u00e4lilehteen] Kansainv\u00e4lisen tilastotiedon opas (Tilastokeskus) [aukeaa uuteen v\u00e4lilehteen] Yritystietoja ja muita tiedonl\u00e4hteit\u00e4 Orbis Europe (ent. [&hellip;]","og_url":"https:\/\/blogs.uef.fi\/tiedonhaku-kauppatieteet\/tilasto-ja-yritystiedon-haku\/","og_site_name":"Tiedonhaku - Kauppatieteet","article_modified_time":"2025-06-27T12:04:28+00:00","twitter_card":"summary_large_image","twitter_misc":{"Arvioitu lukuaika":"1 minuutti"},"schema":{"@context":"https:\/\/schema.org","@graph":[{"@type":"WebPage","@id":"https:\/\/blogs.uef.fi\/tiedonhaku-kauppatieteet\/tilasto-ja-yritystiedon-haku\/","url":"https:\/\/blogs.uef.fi\/tiedonhaku-kauppatieteet\/tilasto-ja-yritystiedon-haku\/","name":"Tilasto-, markkina- ja yritystiedon haku - Tiedonhaku - Kauppatieteet","isPartOf":{"@id":"https:\/\/blogs.uef.fi\/tiedonhaku-kauppatieteet\/#website"},"datePublished":"2020-08-19T08:06:17+00:00","dateModified":"2025-06-27T12:04:28+00:00","breadcrumb":{"@id":"https:\/\/blogs.uef.fi\/tiedonhaku-kauppatieteet\/tilasto-ja-yritystiedon-haku\/#breadcrumb"},"inLanguage":"fi","potentialAction":[{"@type":"ReadAction","target":["https:\/\/blogs.uef.fi\/tiedonhaku-kauppatieteet\/tilasto-ja-yritystiedon-haku\/"]}]},{"@type":"BreadcrumbList","@id":"https:\/\/blogs.uef.fi\/tiedonhaku-kauppatieteet\/tilasto-ja-yritystiedon-haku\/#breadcrumb","itemListElement":[{"@type":"ListItem","position":1,"name":"Home","item":"https:\/\/blogs.uef.fi\/tiedonhaku-kauppatieteet\/"},{"@type":"ListItem","position":2,"name":"Tilasto-, markkina- ja yritystiedon haku"}]},{"@type":"WebSite","@id":"https:\/\/blogs.uef.fi\/tiedonhaku-kauppatieteet\/#website","url":"https:\/\/blogs.uef.fi\/tiedonhaku-kauppatieteet\/","name":"Tiedonhaku - Kauppatieteet","description":"","potentialAction":[{"@type":"SearchAction","target":{"@type":"EntryPoint","urlTemplate":"https:\/\/blogs.uef.fi\/tiedonhaku-kauppatieteet\/?s={search_term_string}"},"query-input":{"@type":"PropertyValueSpecification","valueRequired":true,"valueName":"search_term_string"}}],"inLanguage":"fi"}]}},"_links":{"self":[{"href":"https:\/\/blogs.uef.fi\/tiedonhaku-kauppatieteet\/wp-json\/wp\/v2\/pages\/1307","targetHints":{"allow":["GET"]}}],"collection":[{"href":"https:\/\/blogs.uef.fi\/tiedonhaku-kauppatieteet\/wp-json\/wp\/v2\/pages"}],"about":[{"href":"https:\/\/blogs.uef.fi\/tiedonhaku-kauppatieteet\/wp-json\/wp\/v2\/types\/page"}],"author":[{"embeddable":true,"href":"https:\/\/blogs.uef.fi\/tiedonhaku-kauppatieteet\/wp-json\/wp\/v2\/users\/135"}],"replies":[{"embeddable":true,"href":"https:\/\/blogs.uef.fi\/tiedonhaku-kauppatieteet\/wp-json\/wp\/v2\/comments?post=1307"}],"version-history":[{"count":1,"href":"https:\/\/blogs.uef.fi\/tiedonhaku-kauppatieteet\/wp-json\/wp\/v2\/pages\/1307\/revisions"}],"predecessor-version":[{"id":3583,"href":"https:\/\/blogs.uef.fi\/tiedonhaku-kauppatieteet\/wp-json\/wp\/v2\/pages\/1307\/revisions\/3583"}],"wp:attachment":[{"href":"https:\/\/blogs.uef.fi\/tiedonhaku-kauppatieteet\/wp-json\/wp\/v2\/media?parent=1307"}],"curies":[{"name":"wp","href":"https:\/\/api.w.org\/{rel}","templated":true}]}}