{"id":104,"date":"2020-05-18T12:49:24","date_gmt":"2020-05-18T12:49:24","guid":{"rendered":"https:\/\/blogs.uef.fi\/tiedonhaku-kauppatieteet\/?page_id=104"},"modified":"2025-07-31T15:13:56","modified_gmt":"2025-07-31T13:13:56","slug":"julkaiseminen-kauppatieteissa-missa-tutkimusta-julkaistaan","status":"publish","type":"page","link":"https:\/\/blogs.uef.fi\/tiedonhaku-kauppatieteet\/tieteellinen-julkaiseminen\/julkaiseminen-kauppatieteissa-missa-tutkimusta-julkaistaan\/","title":{"rendered":"Julkaiseminen kauppatieteiss\u00e4"},"content":{"rendered":"\n<h2 class=\"wp-block-heading\">Miss\u00e4 tutkimusta julkaistaan?<\/h2>\n\n\n\n<p><span style=\"color: #000000\">Julkaiseminen on julkisuuteen tulemista. Julkaisujen avulla akateeminen yhteis\u00f6 pystyy arvioimaan ja kritisoimaan tutkimusta. Julkaisemalla tutkijat meritoituvat (p\u00e4tev\u00f6ityv\u00e4t ja ansioituvat).<\/span><\/p>\n\n\n\n<p><span style=\"color: #000000\">Eri tieteenaloilla julkaisemisen tavat ja kanavat vaihtelevat. Artikkelijulkaiseminen englanniksi kansainv\u00e4lisiss\u00e4 tieteellisiss\u00e4 aikakauslehdiss\u00e4 on t\u00e4rke\u00e4\u00e4 my\u00f6s kauppatieteiss\u00e4. Alan uusin tutkimustieto siis ilmestyy useimmiten artikkeleina tieteellisiss\u00e4 lehdiss\u00e4 englannin kielell\u00e4 ja suuri osa tiedosta ei koskaan ilmesty kirjoina.<\/span> <span style=\"color: #000000\">My\u00f6s konferensseilla on t\u00e4rke\u00e4 merkitys uuden tiedon levitt\u00e4misess\u00e4.<\/span><\/p>\n\n\n\n<p><span style=\"color: #000000\">Tavallisia ei-tieteellisi\u00e4 julkaisukanavia ovat ammattilehdet sek\u00e4 erilaiset raportit ja selvitykset. Alan ammattilaisten lis\u00e4ksi n\u00e4iden kohdeyleis\u00f6in\u00e4 voidaan pit\u00e4\u00e4 poliittisia p\u00e4\u00e4t\u00f6ksentekij\u00f6it\u00e4, rahoittajia, kaupallisten yritysten edustajia tai tavallisia kansalaisia. <\/span><\/p>\n\n\n\n<p><span style=\"color: #000000\">Kirja on tavallinen vakiintuneemman tiedon julkaisukanava, esim. teorioita ja tutkimusmenetelmi\u00e4. Klassikot eiv\u00e4t vanhene.<\/span><span id=\"yui_3_17_2_1_1589805945398_39\"><span id=\"yui_3_17_2_1_1589805945398_38\"><span id=\"yui_3_17_2_1_1589805945398_37\"><span id=\"yui_3_17_2_1_1589805945398_36\"><span id=\"yui_3_17_2_1_1589805945398_35\"><span id=\"yui_3_17_2_1_1589805945398_34\"><\/span><\/span><\/span><\/span><\/span><\/span><span id=\"yui_3_17_2_1_1589805945398_39\"><span id=\"yui_3_17_2_1_1589805945398_38\"><span id=\"yui_3_17_2_1_1589805945398_37\"><span id=\"yui_3_17_2_1_1589805945398_36\"><span id=\"yui_3_17_2_1_1589805945398_35\"><span id=\"yui_3_17_2_1_1589805945398_34\"><\/span><\/span><\/span><\/span><\/span><\/span><\/p>\n\n\n\n<h2 class=\"wp-block-heading\" id=\"yui_3_17_2_1_1589805945398_43\">Julkaisutyyppej\u00e4<\/h2>\n\n\n\n<ul class=\"wp-block-list\">\n<li><strong>Vertaisarvioidut <\/strong><b>tieteelliset artikkelit <\/b><br>tieteellisiss\u00e4 aikakauslehdiss\u00e4,<br>konferenssijulkaisuissa tai <br>kokoomateoksen (kirjan) osina.<\/li>\n\n\n\n<li><b>Tieteelliset kirjat<\/b><br>Tieteelliset erillisteokset (monografiat) tai<br>toimitetut kirjat (kokoomateokset)<\/li>\n\n\n\n<li><b>Ammattiyhteis\u00f6lle suunnatut julkaisut<\/b><br>Artikkelit ammattilehdiss\u00e4, k\u00e4sikirjoissa tai oppikirjoissa,<br>Kehitt\u00e4misraportit tai selvitykset,<br>Oppikirjat, ammatilliset k\u00e4sikirjat tai opaskirjat,<br>Toimitetut ammatillisen teokset<\/li>\n\n\n\n<li><b>Suurelle yleis\u00f6lle suunnatut julkaisut<\/b><br>Yleistajuiset artikkelit, sanomalehtiartikkelit,<br>Yleistajuiset erillisteokset tai toimitetut teokset (kirjat)<\/li>\n\n\n\n<li><b>Opinn\u00e4ytteet<\/b><br>V\u00e4it\u00f6skirjat<br>Pro gradu -ty\u00f6t eiv\u00e4t ole tieteellisi\u00e4 julkaisuja, opiskelijoiden harjoitust\u00f6it\u00e4.<\/li>\n<\/ul>\n\n\n\n<h2 class=\"wp-block-heading\">Mit\u00e4 tarkoittaa vertaisarvioitu?<\/h2>\n\n\n\n<p>Tieteellisyyden kriteerin\u00e4 yleisesti pidet\u00e4\u00e4n julkaistavaksi aiottujen k\u00e4sikirjoitusten vertaisarviointia, referee-\/peer review -menettely\u00e4. Tieteenalan asiantuntijat (\u201dvertaiset\u201d; refereet, peers) arvioivat k\u00e4sikirjoitukset. <br>Lis\u00e4\u00e4 vertaisarvioinnista kappaleessa: <a href=\"https:\/\/blogs.uef.fi\/tiedonhaku-kauppatieteet\/tiedon-luotettavuus-ja-tieteellisyys\/\">Onko l\u00e4hde tieteellinen<\/a>?<\/p>\n\n\n\n<h2 class=\"wp-block-heading\"><span id=\"yui_3_17_2_1_1589805945398_39\"><span id=\"yui_3_17_2_1_1589805945398_38\"><span id=\"yui_3_17_2_1_1589805945398_37\"><span id=\"yui_3_17_2_1_1589805945398_36\"><span id=\"yui_3_17_2_1_1589805945398_35\"><span id=\"yui_3_17_2_1_1589805945398_34\">Tutustu tieteenalasi julkaisukulttuuriin<\/span><\/span><\/span><\/span><\/span><\/span><\/h2>\n\n\n\n<p><a href=\"https:\/\/tiedejatutkimus.fi\/fi\/\" target=\"_blank\" rel=\"noopener\">Tiedejatutkimus.fi<\/a> -portaalista v<span id=\"yui_3_17_2_1_1589805945398_39\"><span id=\"yui_3_17_2_1_1589805945398_38\"><span id=\"yui_3_17_2_1_1589805945398_37\"><span id=\"yui_3_17_2_1_1589805945398_36\"><span id=\"yui_3_17_2_1_1589805945398_35\"><span id=\"yui_3_17_2_1_1589805945398_34\">oit hakea kaikkien Suomen tutkimusorganisaatioiden julkaisuja.<br><a href=\"https:\/\/tiedejatutkimus.fi\/fi\/results\/publications\/?target=&amp;page=1&amp;field=512\" target=\"_blank\" rel=\"noopener\">Liiketaloustieteen julkaisut<\/a> [aukeaa uuteen v\u00e4lilehteen]<br>-&gt; Kavenna vasemmasta laidasta esim. julkaisutyypeill\u00e4, vertaisarvioinnilla, tieteellisyydell\u00e4\/ammatillisuudella\/yleistajuisuudella (julkaisun yleis\u00f6), kielell\u00e4, yliopistolla, julkaisuvuodella. <\/span><\/span><span id=\"yui_3_17_2_1_1589805945398_48\"><\/span><\/span><\/span><\/span><\/span><\/p>\n\n\n\n<p><\/p>\n","protected":false},"excerpt":{"rendered":"<p>Miss\u00e4 tutkimusta julkaistaan? Julkaiseminen on julkisuuteen tulemista. Julkaisujen avulla akateeminen yhteis\u00f6 pystyy arvioimaan ja kritisoimaan tutkimusta. Julkaisemalla tutkijat meritoituvat (p\u00e4tev\u00f6ityv\u00e4t ja ansioituvat). Eri tieteenaloilla julkaisemisen tavat ja kanavat vaihtelevat. Artikkelijulkaiseminen englanniksi kansainv\u00e4lisiss\u00e4 tieteellisiss\u00e4 aikakauslehdiss\u00e4 on t\u00e4rke\u00e4\u00e4 my\u00f6s kauppatieteiss\u00e4. Alan uusin tutkimustieto siis ilmestyy useimmiten artikkeleina tieteellisiss\u00e4 lehdiss\u00e4 englannin kielell\u00e4 ja suuri osa tiedosta ei koskaan [&hellip;]<\/p>\n","protected":false},"author":135,"featured_media":0,"parent":61,"menu_order":0,"comment_status":"closed","ping_status":"closed","template":"","meta":{"_acf_changed":false,"footnotes":""},"class_list":["post-104","page","type-page","status-publish","hentry"],"acf":[],"yoast_head":"<!-- This site is optimized with the Yoast SEO plugin v27.1.1 - https:\/\/yoast.com\/product\/yoast-seo-wordpress\/ -->\n<title>Julkaiseminen kauppatieteiss\u00e4 - Tiedonhaku - Kauppatieteet<\/title>\n<meta name=\"robots\" content=\"index, follow, max-snippet:-1, max-image-preview:large, max-video-preview:-1\" \/>\n<link rel=\"canonical\" href=\"https:\/\/blogs.uef.fi\/tiedonhaku-kauppatieteet\/tieteellinen-julkaiseminen\/julkaiseminen-kauppatieteissa-missa-tutkimusta-julkaistaan\/\" \/>\n<meta property=\"og:locale\" content=\"fi_FI\" \/>\n<meta property=\"og:type\" content=\"article\" \/>\n<meta property=\"og:title\" content=\"Julkaiseminen kauppatieteiss\u00e4 - Tiedonhaku - Kauppatieteet\" \/>\n<meta property=\"og:description\" content=\"Miss\u00e4 tutkimusta julkaistaan? Julkaiseminen on julkisuuteen tulemista. Julkaisujen avulla akateeminen yhteis\u00f6 pystyy arvioimaan ja kritisoimaan tutkimusta. Julkaisemalla tutkijat meritoituvat (p\u00e4tev\u00f6ityv\u00e4t ja ansioituvat). Eri tieteenaloilla julkaisemisen tavat ja kanavat vaihtelevat. Artikkelijulkaiseminen englanniksi kansainv\u00e4lisiss\u00e4 tieteellisiss\u00e4 aikakauslehdiss\u00e4 on t\u00e4rke\u00e4\u00e4 my\u00f6s kauppatieteiss\u00e4. Alan uusin tutkimustieto siis ilmestyy useimmiten artikkeleina tieteellisiss\u00e4 lehdiss\u00e4 englannin kielell\u00e4 ja suuri osa tiedosta ei koskaan [&hellip;]\" \/>\n<meta property=\"og:url\" content=\"https:\/\/blogs.uef.fi\/tiedonhaku-kauppatieteet\/tieteellinen-julkaiseminen\/julkaiseminen-kauppatieteissa-missa-tutkimusta-julkaistaan\/\" \/>\n<meta property=\"og:site_name\" content=\"Tiedonhaku - Kauppatieteet\" \/>\n<meta property=\"article:modified_time\" content=\"2025-07-31T13:13:56+00:00\" \/>\n<meta name=\"twitter:card\" content=\"summary_large_image\" \/>\n<meta name=\"twitter:label1\" content=\"Arvioitu lukuaika\" \/>\n\t<meta name=\"twitter:data1\" content=\"2 minuuttia\" \/>\n<script type=\"application\/ld+json\" class=\"yoast-schema-graph\">{\"@context\":\"https:\/\/schema.org\",\"@graph\":[{\"@type\":\"WebPage\",\"@id\":\"https:\/\/blogs.uef.fi\/tiedonhaku-kauppatieteet\/tieteellinen-julkaiseminen\/julkaiseminen-kauppatieteissa-missa-tutkimusta-julkaistaan\/\",\"url\":\"https:\/\/blogs.uef.fi\/tiedonhaku-kauppatieteet\/tieteellinen-julkaiseminen\/julkaiseminen-kauppatieteissa-missa-tutkimusta-julkaistaan\/\",\"name\":\"Julkaiseminen kauppatieteiss\u00e4 - Tiedonhaku - Kauppatieteet\",\"isPartOf\":{\"@id\":\"https:\/\/blogs.uef.fi\/tiedonhaku-kauppatieteet\/#website\"},\"datePublished\":\"2020-05-18T12:49:24+00:00\",\"dateModified\":\"2025-07-31T13:13:56+00:00\",\"breadcrumb\":{\"@id\":\"https:\/\/blogs.uef.fi\/tiedonhaku-kauppatieteet\/tieteellinen-julkaiseminen\/julkaiseminen-kauppatieteissa-missa-tutkimusta-julkaistaan\/#breadcrumb\"},\"inLanguage\":\"fi\",\"potentialAction\":[{\"@type\":\"ReadAction\",\"target\":[\"https:\/\/blogs.uef.fi\/tiedonhaku-kauppatieteet\/tieteellinen-julkaiseminen\/julkaiseminen-kauppatieteissa-missa-tutkimusta-julkaistaan\/\"]}]},{\"@type\":\"BreadcrumbList\",\"@id\":\"https:\/\/blogs.uef.fi\/tiedonhaku-kauppatieteet\/tieteellinen-julkaiseminen\/julkaiseminen-kauppatieteissa-missa-tutkimusta-julkaistaan\/#breadcrumb\",\"itemListElement\":[{\"@type\":\"ListItem\",\"position\":1,\"name\":\"Home\",\"item\":\"https:\/\/blogs.uef.fi\/tiedonhaku-kauppatieteet\/\"},{\"@type\":\"ListItem\",\"position\":2,\"name\":\"Tieteellinen julkaiseminen\",\"item\":\"https:\/\/blogs.uef.fi\/tiedonhaku-kauppatieteet\/tieteellinen-julkaiseminen\/\"},{\"@type\":\"ListItem\",\"position\":3,\"name\":\"Julkaiseminen kauppatieteiss\u00e4\"}]},{\"@type\":\"WebSite\",\"@id\":\"https:\/\/blogs.uef.fi\/tiedonhaku-kauppatieteet\/#website\",\"url\":\"https:\/\/blogs.uef.fi\/tiedonhaku-kauppatieteet\/\",\"name\":\"Tiedonhaku - Kauppatieteet\",\"description\":\"\",\"potentialAction\":[{\"@type\":\"SearchAction\",\"target\":{\"@type\":\"EntryPoint\",\"urlTemplate\":\"https:\/\/blogs.uef.fi\/tiedonhaku-kauppatieteet\/?s={search_term_string}\"},\"query-input\":{\"@type\":\"PropertyValueSpecification\",\"valueRequired\":true,\"valueName\":\"search_term_string\"}}],\"inLanguage\":\"fi\"}]}<\/script>\n<!-- \/ Yoast SEO plugin. -->","yoast_head_json":{"title":"Julkaiseminen kauppatieteiss\u00e4 - Tiedonhaku - Kauppatieteet","robots":{"index":"index","follow":"follow","max-snippet":"max-snippet:-1","max-image-preview":"max-image-preview:large","max-video-preview":"max-video-preview:-1"},"canonical":"https:\/\/blogs.uef.fi\/tiedonhaku-kauppatieteet\/tieteellinen-julkaiseminen\/julkaiseminen-kauppatieteissa-missa-tutkimusta-julkaistaan\/","og_locale":"fi_FI","og_type":"article","og_title":"Julkaiseminen kauppatieteiss\u00e4 - Tiedonhaku - Kauppatieteet","og_description":"Miss\u00e4 tutkimusta julkaistaan? Julkaiseminen on julkisuuteen tulemista. Julkaisujen avulla akateeminen yhteis\u00f6 pystyy arvioimaan ja kritisoimaan tutkimusta. Julkaisemalla tutkijat meritoituvat (p\u00e4tev\u00f6ityv\u00e4t ja ansioituvat). Eri tieteenaloilla julkaisemisen tavat ja kanavat vaihtelevat. Artikkelijulkaiseminen englanniksi kansainv\u00e4lisiss\u00e4 tieteellisiss\u00e4 aikakauslehdiss\u00e4 on t\u00e4rke\u00e4\u00e4 my\u00f6s kauppatieteiss\u00e4. Alan uusin tutkimustieto siis ilmestyy useimmiten artikkeleina tieteellisiss\u00e4 lehdiss\u00e4 englannin kielell\u00e4 ja suuri osa tiedosta ei koskaan [&hellip;]","og_url":"https:\/\/blogs.uef.fi\/tiedonhaku-kauppatieteet\/tieteellinen-julkaiseminen\/julkaiseminen-kauppatieteissa-missa-tutkimusta-julkaistaan\/","og_site_name":"Tiedonhaku - Kauppatieteet","article_modified_time":"2025-07-31T13:13:56+00:00","twitter_card":"summary_large_image","twitter_misc":{"Arvioitu lukuaika":"2 minuuttia"},"schema":{"@context":"https:\/\/schema.org","@graph":[{"@type":"WebPage","@id":"https:\/\/blogs.uef.fi\/tiedonhaku-kauppatieteet\/tieteellinen-julkaiseminen\/julkaiseminen-kauppatieteissa-missa-tutkimusta-julkaistaan\/","url":"https:\/\/blogs.uef.fi\/tiedonhaku-kauppatieteet\/tieteellinen-julkaiseminen\/julkaiseminen-kauppatieteissa-missa-tutkimusta-julkaistaan\/","name":"Julkaiseminen kauppatieteiss\u00e4 - Tiedonhaku - Kauppatieteet","isPartOf":{"@id":"https:\/\/blogs.uef.fi\/tiedonhaku-kauppatieteet\/#website"},"datePublished":"2020-05-18T12:49:24+00:00","dateModified":"2025-07-31T13:13:56+00:00","breadcrumb":{"@id":"https:\/\/blogs.uef.fi\/tiedonhaku-kauppatieteet\/tieteellinen-julkaiseminen\/julkaiseminen-kauppatieteissa-missa-tutkimusta-julkaistaan\/#breadcrumb"},"inLanguage":"fi","potentialAction":[{"@type":"ReadAction","target":["https:\/\/blogs.uef.fi\/tiedonhaku-kauppatieteet\/tieteellinen-julkaiseminen\/julkaiseminen-kauppatieteissa-missa-tutkimusta-julkaistaan\/"]}]},{"@type":"BreadcrumbList","@id":"https:\/\/blogs.uef.fi\/tiedonhaku-kauppatieteet\/tieteellinen-julkaiseminen\/julkaiseminen-kauppatieteissa-missa-tutkimusta-julkaistaan\/#breadcrumb","itemListElement":[{"@type":"ListItem","position":1,"name":"Home","item":"https:\/\/blogs.uef.fi\/tiedonhaku-kauppatieteet\/"},{"@type":"ListItem","position":2,"name":"Tieteellinen julkaiseminen","item":"https:\/\/blogs.uef.fi\/tiedonhaku-kauppatieteet\/tieteellinen-julkaiseminen\/"},{"@type":"ListItem","position":3,"name":"Julkaiseminen kauppatieteiss\u00e4"}]},{"@type":"WebSite","@id":"https:\/\/blogs.uef.fi\/tiedonhaku-kauppatieteet\/#website","url":"https:\/\/blogs.uef.fi\/tiedonhaku-kauppatieteet\/","name":"Tiedonhaku - Kauppatieteet","description":"","potentialAction":[{"@type":"SearchAction","target":{"@type":"EntryPoint","urlTemplate":"https:\/\/blogs.uef.fi\/tiedonhaku-kauppatieteet\/?s={search_term_string}"},"query-input":{"@type":"PropertyValueSpecification","valueRequired":true,"valueName":"search_term_string"}}],"inLanguage":"fi"}]}},"_links":{"self":[{"href":"https:\/\/blogs.uef.fi\/tiedonhaku-kauppatieteet\/wp-json\/wp\/v2\/pages\/104","targetHints":{"allow":["GET"]}}],"collection":[{"href":"https:\/\/blogs.uef.fi\/tiedonhaku-kauppatieteet\/wp-json\/wp\/v2\/pages"}],"about":[{"href":"https:\/\/blogs.uef.fi\/tiedonhaku-kauppatieteet\/wp-json\/wp\/v2\/types\/page"}],"author":[{"embeddable":true,"href":"https:\/\/blogs.uef.fi\/tiedonhaku-kauppatieteet\/wp-json\/wp\/v2\/users\/135"}],"replies":[{"embeddable":true,"href":"https:\/\/blogs.uef.fi\/tiedonhaku-kauppatieteet\/wp-json\/wp\/v2\/comments?post=104"}],"version-history":[{"count":2,"href":"https:\/\/blogs.uef.fi\/tiedonhaku-kauppatieteet\/wp-json\/wp\/v2\/pages\/104\/revisions"}],"predecessor-version":[{"id":3657,"href":"https:\/\/blogs.uef.fi\/tiedonhaku-kauppatieteet\/wp-json\/wp\/v2\/pages\/104\/revisions\/3657"}],"up":[{"embeddable":true,"href":"https:\/\/blogs.uef.fi\/tiedonhaku-kauppatieteet\/wp-json\/wp\/v2\/pages\/61"}],"wp:attachment":[{"href":"https:\/\/blogs.uef.fi\/tiedonhaku-kauppatieteet\/wp-json\/wp\/v2\/media?parent=104"}],"curies":[{"name":"wp","href":"https:\/\/api.w.org\/{rel}","templated":true}]}}