{"id":804,"date":"2017-08-18T10:41:13","date_gmt":"2017-08-18T10:41:13","guid":{"rendered":"https:\/\/ueflibraryfys.wordpress.com\/?page_id=804"},"modified":"2024-03-21T15:32:18","modified_gmt":"2024-03-21T13:32:18","slug":"hakukentat","status":"publish","type":"page","link":"https:\/\/blogs.uef.fi\/tiedonhaku-fysiikka\/hakulauseet\/hakukentat\/","title":{"rendered":"Hakukent\u00e4t"},"content":{"rendered":"\n<p>Tietokannassa yksitt\u00e4inen tietue koostuu kentist\u00e4.<\/p>\n\n\n\n<p><strong>Hakusanoja voi haussa kohdistaa erilaisiin kenttiin<\/strong> ja t\u00e4ll\u00e4 on vaikutusta sek\u00e4 tuloksen m\u00e4\u00e4r\u00e4\u00e4n ett\u00e4 aiheenmukaisuuteen.<\/p>\n\n\n\n<p>Mit\u00e4 v\u00e4hemm\u00e4n kentti\u00e4 on mukana haun piiriss\u00e4, sen v\u00e4hemm\u00e4n tulee tuloksia. Laajin tulos tulee silloin, kun mit\u00e4\u00e4n erityista kentt\u00e4\u00e4 ei valita, vaan sanan  voi l\u00f6yty\u00e4 mist\u00e4 tahansa kent\u00e4st\u00e4 (kaikki kent\u00e4t, all fields).<br><br>My\u00f6s itse kent\u00e4n ominaisuuksilla on vaikutusta tulosten m\u00e4\u00e4r\u00e4\u00e4n. Tyypillisesti asiasanat ja otsikko sis\u00e4lt\u00e4v\u00e4t v\u00e4hemm\u00e4n teksti\u00e4, jolloin my\u00f6s hakuosuman todenn\u00e4k\u00f6isyys on pienempi.&nbsp; T\u00e4ll\u00e4 on kuitenkin k\u00e4\u00e4nt\u00e4en positiivinen vaikutus tuloksen tarkkuuteen.<\/p>\n\n\n\n<p><strong>Kirja- ja artikkelitietokannoissa kentti\u00e4 ovat<\/strong>:<\/p>\n\n\n\n<ul class=\"wp-block-list\">\n<li>otsikko (= nimeke = title)<\/li>\n\n\n\n<li>tekij\u00e4 (= author)<\/li>\n\n\n\n<li>asiasanat (= aihe = subject = keyword)<\/li>\n\n\n\n<li>julkaisutiedot<\/li>\n<\/ul>\n\n\n\n<p><strong>Lis\u00e4ksi tietokannasta rippuen on tallennettu esimerkiksi seuraavia kentti\u00e4:<\/strong><\/p>\n\n\n\n<ul class=\"wp-block-list\">\n<li>tiivistelm\u00e4<\/li>\n\n\n\n<li>sis\u00e4llysluettelo<\/li>\n\n\n\n<li>l\u00e4hdeluettelo<\/li>\n\n\n\n<li>kokoteksti (= full text = julkaisu kokonaisuudessaan)<\/li>\n<\/ul>\n\n\n\n<h2 class=\"wp-block-heading\">Otsikko ja asiasanat kertovat olennaisimman<\/h2>\n\n\n\n<p>Otsikko- ja Asiasanakentist\u00e4 hakeminen aiheenmukaisessa haussa antaa kaikista <strong>tarkimman tuloksen<\/strong>. Kumpikin kentt\u00e4 sis\u00e4lt\u00e4\u00e4 sanoja, jotka ovat keskeisi\u00e4 my\u00f6s julkaisun sis\u00e4ll\u00f6ss\u00e4. Hakusanojen kohdistaminen n\u00e4ihin kenttiin on erityisen hy\u00f6dyllist\u00e4 silloin, kun haussa muutoin tulee paljon ja\/tai ep\u00e4tarkkoja tuloksia.<\/p>\n\n\n\n<h2 class=\"wp-block-heading\">Tiivistelm\u00e4 t\u00e4ydent\u00e4\u00e4<\/h2>\n\n\n\n<p>Tiivistelm\u00e4ss\u00e4 esiintyv\u00e4 sana <strong>voi olla keskeinen<\/strong> koko sis\u00e4ll\u00f6n kannalta tai sitten ei \u2013 paljon riippuu hakuaiheesta. T\u00e4ll\u00f6in useampien hakusanojen k\u00e4ytt\u00f6 auttaa tarkentamaan aihetta.<\/p>\n\n\n\n<h2 class=\"wp-block-heading\">Kokoteksti on todella laaja hakukohteena<\/h2>\n\n\n\n<p>Julkaisun eli kokotekstin sis\u00e4lt\u00e4 mist\u00e4 tahansa l\u00f6ytyv\u00e4 sana saattaa olla keskeinen tai se saattaa esiinty\u00e4 vain merkityksett\u00f6m\u00e4ss\u00e4 sivulauseessa &#8211; ja kaikkea silt\u00e4 v\u00e4lilt\u00e4. <br><br>Tietokannoissa hakukohde <strong>All fields\/Kaikki kent\u00e4t<\/strong> tms. ei v\u00e4ltt\u00e4m\u00e4tt\u00e4 tarkoita artikkeleiden sis\u00e4lt\u00e4 hakemista eli kokotekstihakua perinteisess\u00e4 mieless\u00e4. Jos tietokanta ei sis\u00e4ll\u00e4 artikkeleiden kokotekstej\u00e4, haun piiriss\u00e4 on t\u00e4ll\u00f6in otsikon, tiivistelm\u00e4n ja asiasanojen lis\u00e4ksi esimerkiksi lehtien nimet, kirjoittajien nimet ja yhteystiedot sek\u00e4 artikkeleiden l\u00e4hdeluettelot.<\/p>\n\n\n\n<p>Kokotekstist\u00e4 tai julkaisun kaikista tiedoista hakeminen voi olla tarpeellista ainakin silloin, kun <strong>hakuaihe (ja -termi) on hyvin harvinainen<\/strong>.<\/p>\n\n\n\n<div class=\"links-block\">\n\n    \n    <ul class=\"link-list\">\n        \n            \n            <li class=\"link-list-item\">\n                <a href=\"https:\/\/uef.cloud.panopto.eu\/Panopto\/Pages\/Viewer.aspx?id=ccd53167-9d41-48fe-b9a6-b03d00707255\" class=\"link-reset link hover-scale-down\">\n                    <svg\n        width=\"43\" height=\"25\"\n        viewBox=\"0 0 43 25\"\n        xmlns=\"http:\/\/www.w3.org\/2000\/svg\">\n    <path\n        d=\"M30.027 0 43 12.5 30.027 25 27 22.083 34.351 15H0v-5h34.351L27 2.917z\"\n        fill=\"currentColor\"\n        fill-rule=\"evenodd\"\/>\n<\/svg>                    <div>Katso video hakukenttien merkityksest\u00e4 haun ja tuloksen kannalta (2:50)<\/div>\n                <\/a>\n                <div class=\"link-info\">\n                                    <\/div>\n            <\/li>\n\n                <\/ul>\n<\/div>\n\n\n<h2 class=\"wp-block-heading\">Hakukenttien k\u00e4ytt\u00f6 tietokannoissa<\/h2>\n\n\n\n<p>Hakukent\u00e4n p\u00e4\u00e4see valitsemaan ainakin tarkennetussa haussa (Advanced search), joskus my\u00f6s perushaussa.<\/p>\n\n\n\n<figure class=\"wp-block-image alignnone size-full wp-image-1654\"><img loading=\"lazy\" decoding=\"async\" width=\"1239\" height=\"521\" src=\"https:\/\/blogs.uef.fi\/tiedonhaku-fysiikka\/wp-content\/uploads\/sites\/49\/2020\/09\/FYS_UP_kentat.jpg\" alt=\"Kuvakappaukset UEF-Primosta. Toisessa Perushakuun on kirjoitettu hakusana &quot;fluid mechanics&quot;. Hakurivin alla on alasvetovalikko, josta Kaikki kent\u00e4t valinnan sijaan voi valita otsikon, tekij\u00e4n, aiheen tai ISBN-tunnuksen haun kohteeksi. Toisessa kuvassa on Tarkennettu haku. Hakuun on kirjoitettu ensimm\u00e4iselle riville hakusanaksi &quot;fluid mechanics&quot;. Hakurivin edest\u00e4 on valittu haun kohteeksi Nimeke. Toisella rivill\u00e4 on hakusana: model*. Haun kohde on Aihe. Rivit on yhdistetty toisiinsa AND-operaattorilla.\" class=\"wp-image-1654\" style=\"object-fit:cover\" srcset=\"https:\/\/blogs.uef.fi\/tiedonhaku-fysiikka\/wp-content\/uploads\/sites\/49\/2020\/09\/FYS_UP_kentat.jpg 1239w, https:\/\/blogs.uef.fi\/tiedonhaku-fysiikka\/wp-content\/uploads\/sites\/49\/2020\/09\/FYS_UP_kentat-300x126.jpg 300w, https:\/\/blogs.uef.fi\/tiedonhaku-fysiikka\/wp-content\/uploads\/sites\/49\/2020\/09\/FYS_UP_kentat-1024x431.jpg 1024w, https:\/\/blogs.uef.fi\/tiedonhaku-fysiikka\/wp-content\/uploads\/sites\/49\/2020\/09\/FYS_UP_kentat-768x323.jpg 768w\" sizes=\"auto, (max-width: 1239px) 100vw, 1239px\" \/><figcaption class=\"wp-element-caption\"><em>Esimerkki hakukenttien valinnasta UEF-Primossa.<\/em><\/figcaption><\/figure>\n\n\n\n<p class=\"has-text-align-right\">Seuraava sivu: <a href=\"https:\/\/blogs.uef.fi\/tiedonhaku-fysiikka\/kayttoliittymat-2\/\">K\u00e4ytt\u00f6liittymien hakulogiikka<\/a><\/p>\n","protected":false},"excerpt":{"rendered":"<p>Tietokannassa yksitt\u00e4inen tietue koostuu kentist\u00e4. Hakusanoja voi haussa kohdistaa erilaisiin kenttiin ja t\u00e4ll\u00e4 on vaikutusta sek\u00e4 tuloksen m\u00e4\u00e4r\u00e4\u00e4n ett\u00e4 aiheenmukaisuuteen. Mit\u00e4 v\u00e4hemm\u00e4n kentti\u00e4 on mukana haun piiriss\u00e4, sen v\u00e4hemm\u00e4n tulee tuloksia. Laajin tulos tulee silloin, kun mit\u00e4\u00e4n erityista kentt\u00e4\u00e4 ei valita, vaan sanan voi l\u00f6yty\u00e4 mist\u00e4 tahansa kent\u00e4st\u00e4 (kaikki kent\u00e4t, all fields). My\u00f6s itse kent\u00e4n [&hellip;]<\/p>\n","protected":false},"author":127,"featured_media":0,"parent":945,"menu_order":2,"comment_status":"closed","ping_status":"closed","template":"","meta":{"_acf_changed":false,"footnotes":""},"class_list":["post-804","page","type-page","status-publish","hentry"],"acf":[],"yoast_head":"<!-- This site is optimized with the Yoast SEO plugin v27.3 - https:\/\/yoast.com\/product\/yoast-seo-wordpress\/ -->\n<title>Hakukent\u00e4t - Fysiikan ja tekniikan tiedonhaku<\/title>\n<meta name=\"robots\" content=\"index, follow, max-snippet:-1, max-image-preview:large, max-video-preview:-1\" \/>\n<link rel=\"canonical\" href=\"https:\/\/blogs.uef.fi\/tiedonhaku-fysiikka\/hakulauseet\/hakukentat\/\" \/>\n<meta property=\"og:locale\" content=\"fi_FI\" \/>\n<meta property=\"og:type\" content=\"article\" \/>\n<meta property=\"og:title\" content=\"Hakukent\u00e4t - Fysiikan ja tekniikan tiedonhaku\" \/>\n<meta property=\"og:description\" content=\"Tietokannassa yksitt\u00e4inen tietue koostuu kentist\u00e4. Hakusanoja voi haussa kohdistaa erilaisiin kenttiin ja t\u00e4ll\u00e4 on vaikutusta sek\u00e4 tuloksen m\u00e4\u00e4r\u00e4\u00e4n ett\u00e4 aiheenmukaisuuteen. Mit\u00e4 v\u00e4hemm\u00e4n kentti\u00e4 on mukana haun piiriss\u00e4, sen v\u00e4hemm\u00e4n tulee tuloksia. Laajin tulos tulee silloin, kun mit\u00e4\u00e4n erityista kentt\u00e4\u00e4 ei valita, vaan sanan voi l\u00f6yty\u00e4 mist\u00e4 tahansa kent\u00e4st\u00e4 (kaikki kent\u00e4t, all fields). My\u00f6s itse kent\u00e4n [&hellip;]\" \/>\n<meta property=\"og:url\" content=\"https:\/\/blogs.uef.fi\/tiedonhaku-fysiikka\/hakulauseet\/hakukentat\/\" \/>\n<meta property=\"og:site_name\" content=\"Fysiikan ja tekniikan tiedonhaku\" \/>\n<meta property=\"article:modified_time\" content=\"2024-03-21T13:32:18+00:00\" \/>\n<meta property=\"og:image\" content=\"https:\/\/blogs.uef.fi\/tiedonhaku-fysiikka\/wp-content\/uploads\/sites\/49\/2020\/09\/FYS_UP_kentat.jpg\" \/>\n<meta name=\"twitter:card\" content=\"summary_large_image\" \/>\n<meta name=\"twitter:label1\" content=\"Arvioitu lukuaika\" \/>\n\t<meta name=\"twitter:data1\" content=\"3 minuuttia\" \/>\n<script type=\"application\/ld+json\" class=\"yoast-schema-graph\">{\"@context\":\"https:\\\/\\\/schema.org\",\"@graph\":[{\"@type\":\"WebPage\",\"@id\":\"https:\\\/\\\/blogs.uef.fi\\\/tiedonhaku-fysiikka\\\/hakulauseet\\\/hakukentat\\\/\",\"url\":\"https:\\\/\\\/blogs.uef.fi\\\/tiedonhaku-fysiikka\\\/hakulauseet\\\/hakukentat\\\/\",\"name\":\"Hakukent\u00e4t - Fysiikan ja tekniikan tiedonhaku\",\"isPartOf\":{\"@id\":\"https:\\\/\\\/blogs.uef.fi\\\/tiedonhaku-fysiikka\\\/#website\"},\"primaryImageOfPage\":{\"@id\":\"https:\\\/\\\/blogs.uef.fi\\\/tiedonhaku-fysiikka\\\/hakulauseet\\\/hakukentat\\\/#primaryimage\"},\"image\":{\"@id\":\"https:\\\/\\\/blogs.uef.fi\\\/tiedonhaku-fysiikka\\\/hakulauseet\\\/hakukentat\\\/#primaryimage\"},\"thumbnailUrl\":\"https:\\\/\\\/blogs.uef.fi\\\/tiedonhaku-fysiikka\\\/wp-content\\\/uploads\\\/sites\\\/49\\\/2020\\\/09\\\/FYS_UP_kentat.jpg\",\"datePublished\":\"2017-08-18T10:41:13+00:00\",\"dateModified\":\"2024-03-21T13:32:18+00:00\",\"breadcrumb\":{\"@id\":\"https:\\\/\\\/blogs.uef.fi\\\/tiedonhaku-fysiikka\\\/hakulauseet\\\/hakukentat\\\/#breadcrumb\"},\"inLanguage\":\"fi\",\"potentialAction\":[{\"@type\":\"ReadAction\",\"target\":[\"https:\\\/\\\/blogs.uef.fi\\\/tiedonhaku-fysiikka\\\/hakulauseet\\\/hakukentat\\\/\"]}]},{\"@type\":\"ImageObject\",\"inLanguage\":\"fi\",\"@id\":\"https:\\\/\\\/blogs.uef.fi\\\/tiedonhaku-fysiikka\\\/hakulauseet\\\/hakukentat\\\/#primaryimage\",\"url\":\"https:\\\/\\\/blogs.uef.fi\\\/tiedonhaku-fysiikka\\\/wp-content\\\/uploads\\\/sites\\\/49\\\/2020\\\/09\\\/FYS_UP_kentat.jpg\",\"contentUrl\":\"https:\\\/\\\/blogs.uef.fi\\\/tiedonhaku-fysiikka\\\/wp-content\\\/uploads\\\/sites\\\/49\\\/2020\\\/09\\\/FYS_UP_kentat.jpg\",\"width\":1239,\"height\":521,\"caption\":\"Perushaun kuvassa yksi hakukentt\u00e4 on 'Otsikko', Tarkennetun haun puolella vastaava termi onkin 'Nimeke'. Samaa tarkoittavat molemmat.\"},{\"@type\":\"BreadcrumbList\",\"@id\":\"https:\\\/\\\/blogs.uef.fi\\\/tiedonhaku-fysiikka\\\/hakulauseet\\\/hakukentat\\\/#breadcrumb\",\"itemListElement\":[{\"@type\":\"ListItem\",\"position\":1,\"name\":\"Home\",\"item\":\"https:\\\/\\\/blogs.uef.fi\\\/tiedonhaku-fysiikka\\\/\"},{\"@type\":\"ListItem\",\"position\":2,\"name\":\"Hakulauseet\",\"item\":\"https:\\\/\\\/blogs.uef.fi\\\/tiedonhaku-fysiikka\\\/hakulauseet\\\/\"},{\"@type\":\"ListItem\",\"position\":3,\"name\":\"Hakukent\u00e4t\"}]},{\"@type\":\"WebSite\",\"@id\":\"https:\\\/\\\/blogs.uef.fi\\\/tiedonhaku-fysiikka\\\/#website\",\"url\":\"https:\\\/\\\/blogs.uef.fi\\\/tiedonhaku-fysiikka\\\/\",\"name\":\"Fysiikan ja tekniikan tiedonhaku\",\"description\":\"\",\"potentialAction\":[{\"@type\":\"SearchAction\",\"target\":{\"@type\":\"EntryPoint\",\"urlTemplate\":\"https:\\\/\\\/blogs.uef.fi\\\/tiedonhaku-fysiikka\\\/?s={search_term_string}\"},\"query-input\":{\"@type\":\"PropertyValueSpecification\",\"valueRequired\":true,\"valueName\":\"search_term_string\"}}],\"inLanguage\":\"fi\"}]}<\/script>\n<!-- \/ Yoast SEO plugin. -->","yoast_head_json":{"title":"Hakukent\u00e4t - Fysiikan ja tekniikan tiedonhaku","robots":{"index":"index","follow":"follow","max-snippet":"max-snippet:-1","max-image-preview":"max-image-preview:large","max-video-preview":"max-video-preview:-1"},"canonical":"https:\/\/blogs.uef.fi\/tiedonhaku-fysiikka\/hakulauseet\/hakukentat\/","og_locale":"fi_FI","og_type":"article","og_title":"Hakukent\u00e4t - Fysiikan ja tekniikan tiedonhaku","og_description":"Tietokannassa yksitt\u00e4inen tietue koostuu kentist\u00e4. Hakusanoja voi haussa kohdistaa erilaisiin kenttiin ja t\u00e4ll\u00e4 on vaikutusta sek\u00e4 tuloksen m\u00e4\u00e4r\u00e4\u00e4n ett\u00e4 aiheenmukaisuuteen. Mit\u00e4 v\u00e4hemm\u00e4n kentti\u00e4 on mukana haun piiriss\u00e4, sen v\u00e4hemm\u00e4n tulee tuloksia. Laajin tulos tulee silloin, kun mit\u00e4\u00e4n erityista kentt\u00e4\u00e4 ei valita, vaan sanan voi l\u00f6yty\u00e4 mist\u00e4 tahansa kent\u00e4st\u00e4 (kaikki kent\u00e4t, all fields). My\u00f6s itse kent\u00e4n [&hellip;]","og_url":"https:\/\/blogs.uef.fi\/tiedonhaku-fysiikka\/hakulauseet\/hakukentat\/","og_site_name":"Fysiikan ja tekniikan tiedonhaku","article_modified_time":"2024-03-21T13:32:18+00:00","og_image":[{"url":"https:\/\/blogs.uef.fi\/tiedonhaku-fysiikka\/wp-content\/uploads\/sites\/49\/2020\/09\/FYS_UP_kentat.jpg","type":"","width":"","height":""}],"twitter_card":"summary_large_image","twitter_misc":{"Arvioitu lukuaika":"3 minuuttia"},"schema":{"@context":"https:\/\/schema.org","@graph":[{"@type":"WebPage","@id":"https:\/\/blogs.uef.fi\/tiedonhaku-fysiikka\/hakulauseet\/hakukentat\/","url":"https:\/\/blogs.uef.fi\/tiedonhaku-fysiikka\/hakulauseet\/hakukentat\/","name":"Hakukent\u00e4t - Fysiikan ja tekniikan tiedonhaku","isPartOf":{"@id":"https:\/\/blogs.uef.fi\/tiedonhaku-fysiikka\/#website"},"primaryImageOfPage":{"@id":"https:\/\/blogs.uef.fi\/tiedonhaku-fysiikka\/hakulauseet\/hakukentat\/#primaryimage"},"image":{"@id":"https:\/\/blogs.uef.fi\/tiedonhaku-fysiikka\/hakulauseet\/hakukentat\/#primaryimage"},"thumbnailUrl":"https:\/\/blogs.uef.fi\/tiedonhaku-fysiikka\/wp-content\/uploads\/sites\/49\/2020\/09\/FYS_UP_kentat.jpg","datePublished":"2017-08-18T10:41:13+00:00","dateModified":"2024-03-21T13:32:18+00:00","breadcrumb":{"@id":"https:\/\/blogs.uef.fi\/tiedonhaku-fysiikka\/hakulauseet\/hakukentat\/#breadcrumb"},"inLanguage":"fi","potentialAction":[{"@type":"ReadAction","target":["https:\/\/blogs.uef.fi\/tiedonhaku-fysiikka\/hakulauseet\/hakukentat\/"]}]},{"@type":"ImageObject","inLanguage":"fi","@id":"https:\/\/blogs.uef.fi\/tiedonhaku-fysiikka\/hakulauseet\/hakukentat\/#primaryimage","url":"https:\/\/blogs.uef.fi\/tiedonhaku-fysiikka\/wp-content\/uploads\/sites\/49\/2020\/09\/FYS_UP_kentat.jpg","contentUrl":"https:\/\/blogs.uef.fi\/tiedonhaku-fysiikka\/wp-content\/uploads\/sites\/49\/2020\/09\/FYS_UP_kentat.jpg","width":1239,"height":521,"caption":"Perushaun kuvassa yksi hakukentt\u00e4 on 'Otsikko', Tarkennetun haun puolella vastaava termi onkin 'Nimeke'. Samaa tarkoittavat molemmat."},{"@type":"BreadcrumbList","@id":"https:\/\/blogs.uef.fi\/tiedonhaku-fysiikka\/hakulauseet\/hakukentat\/#breadcrumb","itemListElement":[{"@type":"ListItem","position":1,"name":"Home","item":"https:\/\/blogs.uef.fi\/tiedonhaku-fysiikka\/"},{"@type":"ListItem","position":2,"name":"Hakulauseet","item":"https:\/\/blogs.uef.fi\/tiedonhaku-fysiikka\/hakulauseet\/"},{"@type":"ListItem","position":3,"name":"Hakukent\u00e4t"}]},{"@type":"WebSite","@id":"https:\/\/blogs.uef.fi\/tiedonhaku-fysiikka\/#website","url":"https:\/\/blogs.uef.fi\/tiedonhaku-fysiikka\/","name":"Fysiikan ja tekniikan tiedonhaku","description":"","potentialAction":[{"@type":"SearchAction","target":{"@type":"EntryPoint","urlTemplate":"https:\/\/blogs.uef.fi\/tiedonhaku-fysiikka\/?s={search_term_string}"},"query-input":{"@type":"PropertyValueSpecification","valueRequired":true,"valueName":"search_term_string"}}],"inLanguage":"fi"}]}},"_links":{"self":[{"href":"https:\/\/blogs.uef.fi\/tiedonhaku-fysiikka\/wp-json\/wp\/v2\/pages\/804","targetHints":{"allow":["GET"]}}],"collection":[{"href":"https:\/\/blogs.uef.fi\/tiedonhaku-fysiikka\/wp-json\/wp\/v2\/pages"}],"about":[{"href":"https:\/\/blogs.uef.fi\/tiedonhaku-fysiikka\/wp-json\/wp\/v2\/types\/page"}],"author":[{"embeddable":true,"href":"https:\/\/blogs.uef.fi\/tiedonhaku-fysiikka\/wp-json\/wp\/v2\/users\/127"}],"replies":[{"embeddable":true,"href":"https:\/\/blogs.uef.fi\/tiedonhaku-fysiikka\/wp-json\/wp\/v2\/comments?post=804"}],"version-history":[{"count":2,"href":"https:\/\/blogs.uef.fi\/tiedonhaku-fysiikka\/wp-json\/wp\/v2\/pages\/804\/revisions"}],"predecessor-version":[{"id":4166,"href":"https:\/\/blogs.uef.fi\/tiedonhaku-fysiikka\/wp-json\/wp\/v2\/pages\/804\/revisions\/4166"}],"up":[{"embeddable":true,"href":"https:\/\/blogs.uef.fi\/tiedonhaku-fysiikka\/wp-json\/wp\/v2\/pages\/945"}],"wp:attachment":[{"href":"https:\/\/blogs.uef.fi\/tiedonhaku-fysiikka\/wp-json\/wp\/v2\/media?parent=804"}],"curies":[{"name":"wp","href":"https:\/\/api.w.org\/{rel}","templated":true}]}}