{"id":61,"date":"2015-07-30T11:52:50","date_gmt":"2015-07-30T11:52:50","guid":{"rendered":"https:\/\/ueflibraryfys.wordpress.com\/?page_id=61"},"modified":"2025-07-03T16:42:03","modified_gmt":"2025-07-03T13:42:03","slug":"tieteelliset-julkaisut-eri-aloilla","status":"publish","type":"page","link":"https:\/\/blogs.uef.fi\/tiedonhaku-fysiikka\/tieteelliset-julkaisut\/tieteelliset-julkaisut-eri-aloilla\/","title":{"rendered":"Tieteelliset julkaisut eri aloilla"},"content":{"rendered":"\n<p>Eri tieteenaloilla on omat perinteens\u00e4 tavassa julkaista tutkimusty\u00f6n tulokset.<\/p>\n\n\n\n<p><strong>Luonnontieteet<\/strong><\/p>\n\n\n\n<ul class=\"wp-block-list\">\n<li>Luonnontieteet edustavat tapaa, jossa tutkimukset pyrit\u00e4\u00e4n julkaisemaan tieteellisiss\u00e4 lehdiss\u00e4 artikkeleina ja kansainv\u00e4lisesti. Kansainv\u00e4linen julkaiseminen on luontevaa, koska aiheetkin ovat universaaleja: katso esimerkki <a href=\"http:\/\/iopscience.iop.org\/0143-0807\/16\/4\/005\/\">tieteellisest\u00e4 artikkelista<\/a>. <\/li>\n<\/ul>\n\n\n\n<p><strong>Tekniikka<\/strong><\/p>\n\n\n\n<ul class=\"wp-block-list\">\n<li>Tekniikan alallakin julkaistaan paljon artikkeleita, my\u00f6s kokousjulkaisuissa. Ammattijulkaisujakin ilmestyy jonkin verran, mik\u00e4 on luonnollista, koska kyseess\u00e4 on soveltava tiede. Lis\u00e4ksi on tavallista julkaista tutkimustiedon lis\u00e4ksi patentteja.<\/li>\n<\/ul>\n\n\n\n<p><strong>Mets\u00e4tieteet, terveystieteet ja muut soveltavat tieteet<\/strong><\/p>\n\n\n\n<ul class=\"wp-block-list\">\n<li>Mets\u00e4tieteiss\u00e4 ja terveystieteiss\u00e4 noudatetaan samaa artikkelipainotteista julkaisutapaa kuin luonnontieteiss\u00e4, joskin n\u00e4ill\u00e4 aloilla on tarpeen julkaista my\u00f6s ammatillista tietoa.<\/li>\n<\/ul>\n\n\n\n<p><strong>Humanistiset tieteet<\/strong><\/p>\n\n\n\n<ul class=\"wp-block-list\">\n<li>Humanistisilla tieteenaloilla taas perinteiset kirjat sek\u00e4 kotimaisten kustantajien kautta julkaiseminen ovat tavallisempia kuin artikkelialoilla.<\/li>\n<\/ul>\n\n\n\n<p><strong>Yhteiskuntatieteet<\/strong><\/p>\n\n\n\n<ul class=\"wp-block-list\">\n<li>Yhteiskuntatiede on tavoiltaan edellisten alojen v\u00e4lilt\u00e4. Yhteiskuntatieteiss\u00e4 on t\u00e4rke\u00e4t\u00e4 my\u00f6s julkinen keskustelu, jota k\u00e4yd\u00e4\u00e4n mm. lehtien v\u00e4lityksell\u00e4.<\/li>\n<\/ul>\n\n\n\n<figure class=\"wp-block-image size-full\"><img loading=\"lazy\" decoding=\"async\" width=\"967\" height=\"417\" src=\"https:\/\/blogs.uef.fi\/tiedonhaku-fysiikka\/wp-content\/uploads\/sites\/49\/2025\/07\/YHT_prosentti_julkaisut_2024.png\" alt=\"\" class=\"wp-image-4492\" srcset=\"https:\/\/blogs.uef.fi\/tiedonhaku-fysiikka\/wp-content\/uploads\/sites\/49\/2025\/07\/YHT_prosentti_julkaisut_2024.png 967w, https:\/\/blogs.uef.fi\/tiedonhaku-fysiikka\/wp-content\/uploads\/sites\/49\/2025\/07\/YHT_prosentti_julkaisut_2024-300x129.png 300w, https:\/\/blogs.uef.fi\/tiedonhaku-fysiikka\/wp-content\/uploads\/sites\/49\/2025\/07\/YHT_prosentti_julkaisut_2024-768x331.png 768w\" sizes=\"auto, (max-width: 967px) 100vw, 967px\" \/><figcaption class=\"wp-element-caption\"><em>Suomalaisten yliopistojen julkaisut vuonna 2024 julkaisutyypeitt\u00e4in ja aloittain, <strong>prosenttia<\/strong>. L\u00e4hde: Opetushallinnon tilastopalvelu <a href=\"https:\/\/vipunen.fi\/fi-fi\/_layouts\/15\/xlviewer.aspx?id=\/fi-fi\/Raportit\/Yliopistokoulutus%20-%20julkaisut%20-%20tieteenala.xlsb\">Vipunen<\/a>.<\/em><\/figcaption><\/figure>\n\n\n\n<h2 class=\"wp-block-heading\">Erot tieteenaloilla tasottuvat<\/h2>\n\n\n\n<p>Kaikkiaan tieteenalojen erot ovat jossakin m\u00e4\u00e4rin v\u00e4hentyneet viime vuosina &#8211; <strong>artikkelityyppinen julkaiseminen<\/strong> on kasvussa kaikilla tieteenaloilla.<br><br>Samoin siirtyminen kansallisista kielist\u00e4 <strong>englannin kieleen<\/strong> on ollut merkitt\u00e4v\u00e4\u00e4.<\/p>\n\n\n\n<h2 class=\"wp-block-heading\">Kuinka paljon maailmalla julkaistaan?<\/h2>\n\n\n\n<p>Maailmalla julkaistiin vuonna 2022 <strong>noin 3,3 miljoonaa tieteellist\u00e4 artikkelia<\/strong> joko lehdiss\u00e4 tai konferenssijulkaisuissa. Julkaisujen m\u00e4\u00e4r\u00e4 on kasvanut l\u00e4hes 59 % kymmeness\u00e4 vuodessa (2012-2022). Kasvu on nopeinta kehittyviss\u00e4 maissa.<\/p>\n\n\n\n<p>Vuonna 2016 Kiina ohitti ensi kertaa Yhdysvallat julkaisujen m\u00e4\u00e4r\u00e4ss\u00e4. Muita suuria julkaisumaita ovat Intia, Saksa, Iso-Britannia ja Japani. N\u00e4m\u00e4 kuusi maata kattavat jo yli puolet kaikista julkaisuista. Suomen osuus julkaisuista on alle yhden prosentin.<\/p>\n\n\n\n<p class=\"has-text-align-right has-small-font-size\"><em>L\u00e4hde: <br>National Science Board (2023). Science and engineering indicators. Publications Output: U.S. Trends and International Comparisons. <a href=\"https:\/\/ncses.nsf.gov\/pubs\/nsb202333\/publication-output-by-region-country-or-economy-and-by-scientific-field\" target=\"_blank\" rel=\"noreferrer noopener\">Publication Output by Country, Region, or Economy and Scientific Field <\/a>(linkki aukeaa uuteen ikkunaan). <br>T\u00e4m\u00e4 aineisto perustuu Scopus-tietokantaan ja siten siin\u00e4 korostuu englanninkielinen tutkimus<\/em>.<\/p>\n\n\n\n<p>Tieteellisen tutkimuksen ja julkaisemisen m\u00e4\u00e4r\u00e4 on luonnollisesti yhteydess\u00e4 taloudellisiin resursseihin, eik\u00e4 suoraan v\u00e4est\u00f6m\u00e4\u00e4r\u00e4\u00e4n tai maantieteeseen. Alla oleva kuva havainnollistaa eri maiden osuutta tieteellisess\u00e4 julkaisemisessa.<\/p>\n\n\n\n<figure class=\"wp-block-image size-full is-resized\"><img loading=\"lazy\" decoding=\"async\" width=\"1638\" height=\"816\" src=\"https:\/\/blogs.uef.fi\/tiedonhaku-fysiikka\/wp-content\/uploads\/sites\/49\/2018\/05\/kartta.png\" alt=\"\" class=\"wp-image-983\" srcset=\"https:\/\/blogs.uef.fi\/tiedonhaku-fysiikka\/wp-content\/uploads\/sites\/49\/2018\/05\/kartta.png 1638w, https:\/\/blogs.uef.fi\/tiedonhaku-fysiikka\/wp-content\/uploads\/sites\/49\/2018\/05\/kartta-300x149.png 300w, https:\/\/blogs.uef.fi\/tiedonhaku-fysiikka\/wp-content\/uploads\/sites\/49\/2018\/05\/kartta-768x383.png 768w, https:\/\/blogs.uef.fi\/tiedonhaku-fysiikka\/wp-content\/uploads\/sites\/49\/2018\/05\/kartta-1024x510.png 1024w\" sizes=\"auto, (max-width: 1638px) 100vw, 1638px\" \/><figcaption class=\"wp-element-caption\"><em>Alkuper\u00e4inen kuva: <a href=\"https:\/\/worldmapper.org\/maps\/science-paperspublished-2016\/?sf_action=get_data&amp;sf_data=results&amp;_sft_product_cat=science\">Science Papers Published 2016<\/a> (worldmapper.org) CC BY-NC-SA 4.0<\/em><\/figcaption><\/figure>\n\n\n\n<h2 class=\"wp-block-heading\">Fysiikan ja tekniikan alan julkaisut<\/h2>\n\n\n\n<p>Em. Science and engineering indicators -raportin mukaan <strong>fysiikan alan julkaisuja on kaikista julkaisuista 8% ja tekniikan julkaisuja 17%.<\/strong> Kehittyviss\u00e4 maissa julkaistaan fysiikan ja tekniikan alan artikkeleita suhteellisesti enemm\u00e4n kuin kehittyneiss\u00e4 maissa, joissa eniten julkaistaan terveystieteisiin liittyvi\u00e4 artikkeleita. <br><br>Suomen sis\u00e4ll\u00e4 tekniikan alan julkaisut (4 538 kpl) olivat noin 10% kaikista yliopistojen julkaisuista (43 262 kpl) vuonna 2024. Vastaavat luvut fysiikan alalta ovat 1 626 kpl, eli 4% kaikista yliopistojen julkaisuista. (L<em>\u00e4hde: OKM:n tilastotietokanta <a href=\"https:\/\/vipunen.fi\/fi-fi\/_layouts\/15\/xlviewer.aspx?id=\/fi-fi\/Raportit\/Yliopistokoulutus%20-%20julkaisut%20-%20tieteenala.xlsb\">Vipunen<\/a><\/em>).<\/p>\n\n\n\n<p class=\"has-text-align-right\">Seuraava sivu: <a href=\"https:\/\/blogs.uef.fi\/tiedonhaku-fysiikka\/hakusanat\/hakuongelman-tasmentaminen\/\">Hakuaiheen k\u00e4sittely<\/a>. <\/p>\n","protected":false},"excerpt":{"rendered":"<p>Eri tieteenaloilla on omat perinteens\u00e4 tavassa julkaista tutkimusty\u00f6n tulokset. Luonnontieteet Tekniikka Mets\u00e4tieteet, terveystieteet ja muut soveltavat tieteet Humanistiset tieteet Yhteiskuntatieteet Erot tieteenaloilla tasottuvat Kaikkiaan tieteenalojen erot ovat jossakin m\u00e4\u00e4rin v\u00e4hentyneet viime vuosina &#8211; artikkelityyppinen julkaiseminen on kasvussa kaikilla tieteenaloilla. Samoin siirtyminen kansallisista kielist\u00e4 englannin kieleen on ollut merkitt\u00e4v\u00e4\u00e4. Kuinka paljon maailmalla julkaistaan? Maailmalla julkaistiin vuonna [&hellip;]<\/p>\n","protected":false},"author":127,"featured_media":0,"parent":10,"menu_order":4,"comment_status":"closed","ping_status":"closed","template":"","meta":{"_acf_changed":false,"footnotes":""},"class_list":["post-61","page","type-page","status-publish","hentry"],"acf":[],"yoast_head":"<!-- This site is optimized with the Yoast SEO plugin v27.3 - https:\/\/yoast.com\/product\/yoast-seo-wordpress\/ -->\n<title>Tieteelliset julkaisut eri aloilla - Fysiikan ja tekniikan tiedonhaku<\/title>\n<meta name=\"robots\" content=\"index, follow, max-snippet:-1, max-image-preview:large, max-video-preview:-1\" \/>\n<link rel=\"canonical\" href=\"https:\/\/blogs.uef.fi\/tiedonhaku-fysiikka\/tieteelliset-julkaisut\/tieteelliset-julkaisut-eri-aloilla\/\" \/>\n<meta property=\"og:locale\" content=\"fi_FI\" \/>\n<meta property=\"og:type\" content=\"article\" \/>\n<meta property=\"og:title\" content=\"Tieteelliset julkaisut eri aloilla - Fysiikan ja tekniikan tiedonhaku\" \/>\n<meta property=\"og:description\" content=\"Eri tieteenaloilla on omat perinteens\u00e4 tavassa julkaista tutkimusty\u00f6n tulokset. Luonnontieteet Tekniikka Mets\u00e4tieteet, terveystieteet ja muut soveltavat tieteet Humanistiset tieteet Yhteiskuntatieteet Erot tieteenaloilla tasottuvat Kaikkiaan tieteenalojen erot ovat jossakin m\u00e4\u00e4rin v\u00e4hentyneet viime vuosina &#8211; artikkelityyppinen julkaiseminen on kasvussa kaikilla tieteenaloilla. Samoin siirtyminen kansallisista kielist\u00e4 englannin kieleen on ollut merkitt\u00e4v\u00e4\u00e4. Kuinka paljon maailmalla julkaistaan? Maailmalla julkaistiin vuonna [&hellip;]\" \/>\n<meta property=\"og:url\" content=\"https:\/\/blogs.uef.fi\/tiedonhaku-fysiikka\/tieteelliset-julkaisut\/tieteelliset-julkaisut-eri-aloilla\/\" \/>\n<meta property=\"og:site_name\" content=\"Fysiikan ja tekniikan tiedonhaku\" \/>\n<meta property=\"article:modified_time\" content=\"2025-07-03T13:42:03+00:00\" \/>\n<meta property=\"og:image\" content=\"https:\/\/blogs.uef.fi\/tiedonhaku-fysiikka\/wp-content\/uploads\/sites\/49\/2025\/07\/YHT_prosentti_julkaisut_2024.png\" \/>\n\t<meta property=\"og:image:width\" content=\"967\" \/>\n\t<meta property=\"og:image:height\" content=\"417\" \/>\n\t<meta property=\"og:image:type\" content=\"image\/png\" \/>\n<meta name=\"twitter:card\" content=\"summary_large_image\" \/>\n<meta name=\"twitter:label1\" content=\"Arvioitu lukuaika\" \/>\n\t<meta name=\"twitter:data1\" content=\"3 minuuttia\" \/>\n<script type=\"application\/ld+json\" class=\"yoast-schema-graph\">{\"@context\":\"https:\\\/\\\/schema.org\",\"@graph\":[{\"@type\":\"WebPage\",\"@id\":\"https:\\\/\\\/blogs.uef.fi\\\/tiedonhaku-fysiikka\\\/tieteelliset-julkaisut\\\/tieteelliset-julkaisut-eri-aloilla\\\/\",\"url\":\"https:\\\/\\\/blogs.uef.fi\\\/tiedonhaku-fysiikka\\\/tieteelliset-julkaisut\\\/tieteelliset-julkaisut-eri-aloilla\\\/\",\"name\":\"Tieteelliset julkaisut eri aloilla - Fysiikan ja tekniikan tiedonhaku\",\"isPartOf\":{\"@id\":\"https:\\\/\\\/blogs.uef.fi\\\/tiedonhaku-fysiikka\\\/#website\"},\"primaryImageOfPage\":{\"@id\":\"https:\\\/\\\/blogs.uef.fi\\\/tiedonhaku-fysiikka\\\/tieteelliset-julkaisut\\\/tieteelliset-julkaisut-eri-aloilla\\\/#primaryimage\"},\"image\":{\"@id\":\"https:\\\/\\\/blogs.uef.fi\\\/tiedonhaku-fysiikka\\\/tieteelliset-julkaisut\\\/tieteelliset-julkaisut-eri-aloilla\\\/#primaryimage\"},\"thumbnailUrl\":\"https:\\\/\\\/blogs.uef.fi\\\/tiedonhaku-fysiikka\\\/wp-content\\\/uploads\\\/sites\\\/49\\\/2025\\\/07\\\/YHT_prosentti_julkaisut_2024.png\",\"datePublished\":\"2015-07-30T11:52:50+00:00\",\"dateModified\":\"2025-07-03T13:42:03+00:00\",\"breadcrumb\":{\"@id\":\"https:\\\/\\\/blogs.uef.fi\\\/tiedonhaku-fysiikka\\\/tieteelliset-julkaisut\\\/tieteelliset-julkaisut-eri-aloilla\\\/#breadcrumb\"},\"inLanguage\":\"fi\",\"potentialAction\":[{\"@type\":\"ReadAction\",\"target\":[\"https:\\\/\\\/blogs.uef.fi\\\/tiedonhaku-fysiikka\\\/tieteelliset-julkaisut\\\/tieteelliset-julkaisut-eri-aloilla\\\/\"]}]},{\"@type\":\"ImageObject\",\"inLanguage\":\"fi\",\"@id\":\"https:\\\/\\\/blogs.uef.fi\\\/tiedonhaku-fysiikka\\\/tieteelliset-julkaisut\\\/tieteelliset-julkaisut-eri-aloilla\\\/#primaryimage\",\"url\":\"https:\\\/\\\/blogs.uef.fi\\\/tiedonhaku-fysiikka\\\/wp-content\\\/uploads\\\/sites\\\/49\\\/2025\\\/07\\\/YHT_prosentti_julkaisut_2024.png\",\"contentUrl\":\"https:\\\/\\\/blogs.uef.fi\\\/tiedonhaku-fysiikka\\\/wp-content\\\/uploads\\\/sites\\\/49\\\/2025\\\/07\\\/YHT_prosentti_julkaisut_2024.png\",\"width\":967,\"height\":417,\"caption\":\"Suomalaisten yliopistojen julkaisut vuonna 2024 julkaisutyypeitt\u00e4in ja aloittain, prosenttia. L\u00e4hde: Opetushallinnon tilastopalvelu Vipunen.\"},{\"@type\":\"BreadcrumbList\",\"@id\":\"https:\\\/\\\/blogs.uef.fi\\\/tiedonhaku-fysiikka\\\/tieteelliset-julkaisut\\\/tieteelliset-julkaisut-eri-aloilla\\\/#breadcrumb\",\"itemListElement\":[{\"@type\":\"ListItem\",\"position\":1,\"name\":\"Home\",\"item\":\"https:\\\/\\\/blogs.uef.fi\\\/tiedonhaku-fysiikka\\\/\"},{\"@type\":\"ListItem\",\"position\":2,\"name\":\"Tieteelliset julkaisut\",\"item\":\"https:\\\/\\\/blogs.uef.fi\\\/tiedonhaku-fysiikka\\\/tieteelliset-julkaisut\\\/\"},{\"@type\":\"ListItem\",\"position\":3,\"name\":\"Tieteelliset julkaisut eri aloilla\"}]},{\"@type\":\"WebSite\",\"@id\":\"https:\\\/\\\/blogs.uef.fi\\\/tiedonhaku-fysiikka\\\/#website\",\"url\":\"https:\\\/\\\/blogs.uef.fi\\\/tiedonhaku-fysiikka\\\/\",\"name\":\"Fysiikan ja tekniikan tiedonhaku\",\"description\":\"\",\"potentialAction\":[{\"@type\":\"SearchAction\",\"target\":{\"@type\":\"EntryPoint\",\"urlTemplate\":\"https:\\\/\\\/blogs.uef.fi\\\/tiedonhaku-fysiikka\\\/?s={search_term_string}\"},\"query-input\":{\"@type\":\"PropertyValueSpecification\",\"valueRequired\":true,\"valueName\":\"search_term_string\"}}],\"inLanguage\":\"fi\"}]}<\/script>\n<!-- \/ Yoast SEO plugin. -->","yoast_head_json":{"title":"Tieteelliset julkaisut eri aloilla - Fysiikan ja tekniikan tiedonhaku","robots":{"index":"index","follow":"follow","max-snippet":"max-snippet:-1","max-image-preview":"max-image-preview:large","max-video-preview":"max-video-preview:-1"},"canonical":"https:\/\/blogs.uef.fi\/tiedonhaku-fysiikka\/tieteelliset-julkaisut\/tieteelliset-julkaisut-eri-aloilla\/","og_locale":"fi_FI","og_type":"article","og_title":"Tieteelliset julkaisut eri aloilla - Fysiikan ja tekniikan tiedonhaku","og_description":"Eri tieteenaloilla on omat perinteens\u00e4 tavassa julkaista tutkimusty\u00f6n tulokset. Luonnontieteet Tekniikka Mets\u00e4tieteet, terveystieteet ja muut soveltavat tieteet Humanistiset tieteet Yhteiskuntatieteet Erot tieteenaloilla tasottuvat Kaikkiaan tieteenalojen erot ovat jossakin m\u00e4\u00e4rin v\u00e4hentyneet viime vuosina &#8211; artikkelityyppinen julkaiseminen on kasvussa kaikilla tieteenaloilla. Samoin siirtyminen kansallisista kielist\u00e4 englannin kieleen on ollut merkitt\u00e4v\u00e4\u00e4. Kuinka paljon maailmalla julkaistaan? Maailmalla julkaistiin vuonna [&hellip;]","og_url":"https:\/\/blogs.uef.fi\/tiedonhaku-fysiikka\/tieteelliset-julkaisut\/tieteelliset-julkaisut-eri-aloilla\/","og_site_name":"Fysiikan ja tekniikan tiedonhaku","article_modified_time":"2025-07-03T13:42:03+00:00","og_image":[{"width":967,"height":417,"url":"https:\/\/blogs.uef.fi\/tiedonhaku-fysiikka\/wp-content\/uploads\/sites\/49\/2025\/07\/YHT_prosentti_julkaisut_2024.png","type":"image\/png"}],"twitter_card":"summary_large_image","twitter_misc":{"Arvioitu lukuaika":"3 minuuttia"},"schema":{"@context":"https:\/\/schema.org","@graph":[{"@type":"WebPage","@id":"https:\/\/blogs.uef.fi\/tiedonhaku-fysiikka\/tieteelliset-julkaisut\/tieteelliset-julkaisut-eri-aloilla\/","url":"https:\/\/blogs.uef.fi\/tiedonhaku-fysiikka\/tieteelliset-julkaisut\/tieteelliset-julkaisut-eri-aloilla\/","name":"Tieteelliset julkaisut eri aloilla - Fysiikan ja tekniikan tiedonhaku","isPartOf":{"@id":"https:\/\/blogs.uef.fi\/tiedonhaku-fysiikka\/#website"},"primaryImageOfPage":{"@id":"https:\/\/blogs.uef.fi\/tiedonhaku-fysiikka\/tieteelliset-julkaisut\/tieteelliset-julkaisut-eri-aloilla\/#primaryimage"},"image":{"@id":"https:\/\/blogs.uef.fi\/tiedonhaku-fysiikka\/tieteelliset-julkaisut\/tieteelliset-julkaisut-eri-aloilla\/#primaryimage"},"thumbnailUrl":"https:\/\/blogs.uef.fi\/tiedonhaku-fysiikka\/wp-content\/uploads\/sites\/49\/2025\/07\/YHT_prosentti_julkaisut_2024.png","datePublished":"2015-07-30T11:52:50+00:00","dateModified":"2025-07-03T13:42:03+00:00","breadcrumb":{"@id":"https:\/\/blogs.uef.fi\/tiedonhaku-fysiikka\/tieteelliset-julkaisut\/tieteelliset-julkaisut-eri-aloilla\/#breadcrumb"},"inLanguage":"fi","potentialAction":[{"@type":"ReadAction","target":["https:\/\/blogs.uef.fi\/tiedonhaku-fysiikka\/tieteelliset-julkaisut\/tieteelliset-julkaisut-eri-aloilla\/"]}]},{"@type":"ImageObject","inLanguage":"fi","@id":"https:\/\/blogs.uef.fi\/tiedonhaku-fysiikka\/tieteelliset-julkaisut\/tieteelliset-julkaisut-eri-aloilla\/#primaryimage","url":"https:\/\/blogs.uef.fi\/tiedonhaku-fysiikka\/wp-content\/uploads\/sites\/49\/2025\/07\/YHT_prosentti_julkaisut_2024.png","contentUrl":"https:\/\/blogs.uef.fi\/tiedonhaku-fysiikka\/wp-content\/uploads\/sites\/49\/2025\/07\/YHT_prosentti_julkaisut_2024.png","width":967,"height":417,"caption":"Suomalaisten yliopistojen julkaisut vuonna 2024 julkaisutyypeitt\u00e4in ja aloittain, prosenttia. L\u00e4hde: Opetushallinnon tilastopalvelu Vipunen."},{"@type":"BreadcrumbList","@id":"https:\/\/blogs.uef.fi\/tiedonhaku-fysiikka\/tieteelliset-julkaisut\/tieteelliset-julkaisut-eri-aloilla\/#breadcrumb","itemListElement":[{"@type":"ListItem","position":1,"name":"Home","item":"https:\/\/blogs.uef.fi\/tiedonhaku-fysiikka\/"},{"@type":"ListItem","position":2,"name":"Tieteelliset julkaisut","item":"https:\/\/blogs.uef.fi\/tiedonhaku-fysiikka\/tieteelliset-julkaisut\/"},{"@type":"ListItem","position":3,"name":"Tieteelliset julkaisut eri aloilla"}]},{"@type":"WebSite","@id":"https:\/\/blogs.uef.fi\/tiedonhaku-fysiikka\/#website","url":"https:\/\/blogs.uef.fi\/tiedonhaku-fysiikka\/","name":"Fysiikan ja tekniikan tiedonhaku","description":"","potentialAction":[{"@type":"SearchAction","target":{"@type":"EntryPoint","urlTemplate":"https:\/\/blogs.uef.fi\/tiedonhaku-fysiikka\/?s={search_term_string}"},"query-input":{"@type":"PropertyValueSpecification","valueRequired":true,"valueName":"search_term_string"}}],"inLanguage":"fi"}]}},"_links":{"self":[{"href":"https:\/\/blogs.uef.fi\/tiedonhaku-fysiikka\/wp-json\/wp\/v2\/pages\/61","targetHints":{"allow":["GET"]}}],"collection":[{"href":"https:\/\/blogs.uef.fi\/tiedonhaku-fysiikka\/wp-json\/wp\/v2\/pages"}],"about":[{"href":"https:\/\/blogs.uef.fi\/tiedonhaku-fysiikka\/wp-json\/wp\/v2\/types\/page"}],"author":[{"embeddable":true,"href":"https:\/\/blogs.uef.fi\/tiedonhaku-fysiikka\/wp-json\/wp\/v2\/users\/127"}],"replies":[{"embeddable":true,"href":"https:\/\/blogs.uef.fi\/tiedonhaku-fysiikka\/wp-json\/wp\/v2\/comments?post=61"}],"version-history":[{"count":1,"href":"https:\/\/blogs.uef.fi\/tiedonhaku-fysiikka\/wp-json\/wp\/v2\/pages\/61\/revisions"}],"predecessor-version":[{"id":4494,"href":"https:\/\/blogs.uef.fi\/tiedonhaku-fysiikka\/wp-json\/wp\/v2\/pages\/61\/revisions\/4494"}],"up":[{"embeddable":true,"href":"https:\/\/blogs.uef.fi\/tiedonhaku-fysiikka\/wp-json\/wp\/v2\/pages\/10"}],"wp:attachment":[{"href":"https:\/\/blogs.uef.fi\/tiedonhaku-fysiikka\/wp-json\/wp\/v2\/media?parent=61"}],"curies":[{"name":"wp","href":"https:\/\/api.w.org\/{rel}","templated":true}]}}