{"id":49,"date":"2015-07-30T11:30:52","date_gmt":"2015-07-30T11:30:52","guid":{"rendered":"https:\/\/ueflibraryfys.wordpress.com\/?page_id=49"},"modified":"2024-05-17T14:36:08","modified_gmt":"2024-05-17T11:36:08","slug":"julkaisutyypit","status":"publish","type":"page","link":"https:\/\/blogs.uef.fi\/tiedonhaku-fysiikka\/tieteelliset-julkaisut\/julkaisutyypit\/","title":{"rendered":"Julkaisutyypit"},"content":{"rendered":"\n<p>Yleisin tapa julkaista tutkimustietoja on <strong>artikkeli tieteellisess\u00e4 lehdess\u00e4<\/strong>. My\u00f6s <strong>kirjat, sarjat ja konferenssijulkaisut<\/strong> ovat keskeisi\u00e4 julkaisukanavia.<\/p>\n\n\n\n<figure class=\"wp-block-image size-full\"><img loading=\"lazy\" decoding=\"async\" width=\"1149\" height=\"491\" src=\"https:\/\/blogs.uef.fi\/tiedonhaku-fysiikka\/wp-content\/uploads\/sites\/49\/2021\/08\/julkaisutyypit.png\" alt=\"Kaaviokuva, jossa esitetty julkaisutyyppej\u00e4 ja niiden sis\u00e4lt\u00f6j\u00e4. Journal-julkaisun alla lueteltu Alkuper\u00e4is-\/tutkimusartikkeli, katsausartikkeli, muut artikkelit. Kirjan alla lueteltu kirja, artikkelikokoelma. Sarjajulkaisun alla lueteltu kirja, artikkelikokoelma. Konferenssijulkaisun alla lueteltu esitelm\u00e4, posteri.\" class=\"wp-image-1746\" style=\"object-fit:cover\" srcset=\"https:\/\/blogs.uef.fi\/tiedonhaku-fysiikka\/wp-content\/uploads\/sites\/49\/2021\/08\/julkaisutyypit.png 1149w, https:\/\/blogs.uef.fi\/tiedonhaku-fysiikka\/wp-content\/uploads\/sites\/49\/2021\/08\/julkaisutyypit-300x128.png 300w, https:\/\/blogs.uef.fi\/tiedonhaku-fysiikka\/wp-content\/uploads\/sites\/49\/2021\/08\/julkaisutyypit-1024x438.png 1024w, https:\/\/blogs.uef.fi\/tiedonhaku-fysiikka\/wp-content\/uploads\/sites\/49\/2021\/08\/julkaisutyypit-768x328.png 768w\" sizes=\"auto, (max-width: 1149px) 100vw, 1149px\" \/><figcaption class=\"wp-element-caption\"><em>Eri julkaisutyypitkin sis\u00e4lt\u00e4v\u00e4t monenmuotoisia aineistoja.<\/em><\/figcaption><\/figure>\n\n\n\n<p>Kirjallisuustietokannoissa, joita t\u00e4ss\u00e4 oppimateriaalissa esitell\u00e4\u00e4n, on helppo tarvittaessa rajata tuloksista n\u00e4kyviin vain tietty\/tietyt julkaisutyypit (document type). T\u00e4m\u00e4 tehd\u00e4\u00e4n valmiiden filttereiden avulla.<\/p>\n\n\n\n<h2 class=\"wp-block-heading\">Artikkelit raportoivat uusia tutkimustuloksia<\/h2>\n\n\n\n<p><strong>Tieteellisen lehden (journal)<\/strong> sis\u00e4lt\u00f6 jakautuu yksitt\u00e4isiin artikkeleihin. Artikkeleita on kahta p\u00e4\u00e4tyyppi\u00e4: alkuper\u00e4isartikkeleita ja katsaus- eli review-artikkeleita.<\/p>\n\n\n\n<p>Varsinaisten<strong> tutkimusartikkelien<\/strong> lis\u00e4ksi tieteelliset lehdet voivat sis\u00e4lt\u00e4\u00e4 my\u00f6s erilaisia <strong>katsauksia, uutisia, kirjeit\u00e4 ja keskustelua.<\/strong><\/p>\n\n\n\n<p>Arkikieless\u00e4 tieteellisi\u00e4 lehti\u00e4 kutsutaan usein sarjoiksi, mik\u00e4 voi aiheuttaa sekaannuksia (ks. alla sarjajulkaisuista). Jotkut tutkijat puhuvat my\u00f6s \u2019journaaleista\u2019. Esimerkkej\u00e4 tieteellisist\u00e4 lehdist\u00e4:<\/p>\n\n\n    <div class=\"funders grid\">\n                        <div class=\"funders__item grid__item\">\n                            <div class=\"funders__image\">\n                    <img decoding=\"async\" src=\"https:\/\/blogs.uef.fi\/tiedonhaku-fysiikka\/wp-content\/uploads\/sites\/49\/2023\/04\/TEK_journal.png\" alt=\"Bioactive materials -lehden kansi. Kansi mustapohjainen, kuva ihmisen sis\u00e4elimist\u00e4, yksityiskohtana suolistoa.\" \/>\n                <\/div>\n                                    <p class=\"funders__description\">Tekniikan alan tieteellinen lehti<\/p>\n                                                <\/div>\n                        \n                        <div class=\"funders__item grid__item\">\n                            <div class=\"funders__image\">\n                    <img decoding=\"async\" src=\"https:\/\/blogs.uef.fi\/tiedonhaku-fysiikka\/wp-content\/uploads\/sites\/49\/2021\/08\/FYSlehti.png\" alt=\"Advances in Physics -lehden kansi. Kansikuva puna-keltapohjainen, jota koristaa abstrakti kuvio.\" \/>\n                <\/div>\n                                    <p class=\"funders__description\">Fysiikan alan tieteellinen lehti<\/p>\n                                                <\/div>\n                        \n            <\/div>\n\n\n\n<p><\/p>\n\n\n\n<h3 class=\"wp-block-heading\">Alkuper\u00e4isartikkeli<\/h3>\n\n\n\n<p>Alkuper\u00e4isartikkeli (original\/research article\/paper) sis\u00e4lt\u00e4\u00e4 joko t\u00e4ysin uusia tutkimustuloksia tai vanhojen tulosten uutta tulkintaa.<\/p>\n\n\n\n<p>Alkuper\u00e4isartikkeli on lyhyehk\u00f6, keskim\u00e4\u00e4rin 7-10 sivun mittainen esitys jostain kyseisen lehden tieteenalaan liittyv\u00e4st\u00e4 selke\u00e4sti rajatusta ongelmasta.  Pelk\u00e4st\u00e4\u00e4n alkuper\u00e4isartikkeleita lukemalla on hankalaa saada yleisk\u00e4sityst\u00e4 laajemmista aiheista ja tiet\u00e4myksen tasosta tieteenalalla.<\/p>\n\n\n\n<h3 class=\"wp-block-heading\">Katsausartikkeli<\/h3>\n\n\n\n<p>Katsausartikkelit (review article) kokoavat yhteen aikaisempien tutkimusten tuloksia.<\/p>\n\n\n\n<p>Katsausartikkeleita laativat tieteenalojen kokeneet asiantuntijat. Katsausartikkelia varten k\u00e4yd\u00e4\u00e4n l\u00e4pi kaikki t\u00e4rkeimm\u00e4t kyseiseen aiheeseen liittyv\u00e4t alkuper\u00e4isartikkelit.  Katsaukset ovat yleens\u00e4 pitki\u00e4, kymmenien sivujen mittaisia, ja niiss\u00e4 on kattavat l\u00e4hdeluettelot.<\/p>\n\n\n\n<p>Katsausartikkeleita julkaistaan sek\u00e4 tavanomaisissa tieteellisiss\u00e4 lehdiss\u00e4 ett\u00e4 erityisiss\u00e4 katsaussarjoissa. <a href=\"https:\/\/primo.uef.fi\/permalink\/358FIN_UOEF\/10iob6c\/alma9911697903705966\" target=\"_blank\" rel=\"noopener noreferrer\">Annual Reviews (linkki aukeaa uuteen ikkunaan)<\/a> on yksi tunnetuimmista katsaussarjoista (linkki aukeaa uuteen ikkunaan).<\/p>\n\n\n\n<p>Lehdiss\u00e4 saattaa olla muitakin artikkelityyppej\u00e4. Niiden nimitykset vaihtelevat lehditt\u00e4in. Usein n\u00e4iden artikkeleiden tarkoitus on nostaa esiin joitakin t\u00e4rkeit\u00e4 n\u00e4k\u00f6kohtia tai uusia l\u00f6yd\u00f6ksi\u00e4 tutkimuksista, jotka eiv\u00e4t viel\u00e4 ole valmiita julkaistavaksi varsinaisina tutkimusartikkeleina. My\u00f6s er\u00e4\u00e4nlaista tieteellist\u00e4 keskustelua k\u00e4yd\u00e4\u00e4n lehtien v\u00e4lityksell\u00e4.<\/p>\n\n\n\n<h2 class=\"wp-block-heading\">Sarjat kertovat tietyss\u00e4 organisaatiossa tehdyst\u00e4 tutkimuksesta<\/h2>\n\n\n\n<p>Julkaisusarjat ovat erityisesti tutkimuslaitosten ja muiden julkisorganisaatioiden tavallinen v\u00e4yl\u00e4 ty\u00f6n tulosten julkistamiseen ja siten t\u00e4rkeit\u00e4 tiedonl\u00e4hteit\u00e4.<br><br>Esimerkiksi v\u00e4it\u00f6skirjat julkaistaan Suomessa yliopistojen sarjoissa l\u00e4hes poikkeuksetta.<br><\/p>\n\n\n\n<figure class=\"wp-block-image size-full is-resized\"><img loading=\"lazy\" decoding=\"async\" width=\"377\" height=\"547\" src=\"https:\/\/blogs.uef.fi\/tiedonhaku-fysiikka\/wp-content\/uploads\/sites\/49\/2021\/08\/FYSvaitos.png\" alt=\"Dissertations in forestry and natural sciences -sarjaan kuuluvan v\u00e4it\u00f6skirjan kansikuva. Turkoosi pohja, v\u00e4it\u00f6ksen nimi, tekij\u00e4 ja sarjan tiedot valkoisella tekstill\u00e4. UEFin logo.\" class=\"wp-image-1761\" style=\"width:189px;height:274px\" srcset=\"https:\/\/blogs.uef.fi\/tiedonhaku-fysiikka\/wp-content\/uploads\/sites\/49\/2021\/08\/FYSvaitos.png 377w, https:\/\/blogs.uef.fi\/tiedonhaku-fysiikka\/wp-content\/uploads\/sites\/49\/2021\/08\/FYSvaitos-207x300.png 207w\" sizes=\"auto, (max-width: 377px) 100vw, 377px\" \/><figcaption class=\"wp-element-caption\"><em>UEF:in oma sarjajulkaisu.<\/em><\/figcaption><\/figure>\n\n\n\n<p>Sarja ilmestyy tietyll\u00e4 nimell\u00e4 ja toistuvina osina kuten lehtikin. Sarjat ja lehdet ovatkin yhteiselt\u00e4 nimelt\u00e4\u00e4n kausijulkaisut. Sarjan osat eiv\u00e4t kuitenkaan v\u00e4ltt\u00e4m\u00e4tt\u00e4 ilmesty yht\u00e4 s\u00e4\u00e4nn\u00f6llisin v\u00e4lein kuin lehtien numerot. Sarjan osa ilmestyy, kun julkaisu on valmis. Osien m\u00e4\u00e4r\u00e4 per vuosi voi sekin vaihdella. Yleens\u00e4 eri osilla on omat teemansa tai aiheensa kirjan tapaan. Sarjajulkaisu voi olla monografia tai kokoomateos.<\/p>\n\n\n\n<p>Kaikkein \u201dtieteellisimm\u00e4t\u201d uudet tulokset julkaistaan nykyisin mieluiten artikkelina vertaisarvioiduissa lehdiss\u00e4, mutta sarjajulkaisujen kautta v\u00e4litet\u00e4\u00e4n edelleenkin runsaasti <strong>raportti-, selvitys- ja casetyyppist\u00e4 tutkimustietoa.<\/strong> Sarjajulkaisu ei useinkaan ole vertaisarvioitu, mutta silti k\u00e4ytt\u00f6kelpoinen l\u00e4hde.<\/p>\n\n\n\n<p>Viime vuosina paljon sarjajulkaisuja on siirtynyt vain <strong>verkossa julkaistaviksi<\/strong>, mik\u00e4 on heikent\u00e4nyt niiden l\u00f6ytyvyytt\u00e4 esim. kirjastotietokannoista. Sarjoja l\u00f6yt\u00e4\u00e4 paremmin eri organisaatioiden omista verkkojulkaisuj\u00e4rjestelmist\u00e4. Hakukoneiden tuloksiin voi my\u00f6s tarttua sarjajulkaisuja.<\/p>\n\n\n\n<h2 class=\"wp-block-heading\">Konferenssijulkaisut ovat nopea tapa julkaista uusia asioita<\/h2>\n\n\n\n<p>Uusia tutkimustuloksia esitell\u00e4\u00e4n aluksi tieteellisiss\u00e4 kokouksissa. Kokouksessa pidetyt esitelm\u00e4t tai niiden lyhennelm\u00e4t sek\u00e4 mahdollisesti posterit kootaan yleens\u00e4 kokousjulkaisun muotoon. T\u00e4m\u00e4 pyrit\u00e4\u00e4n tekem\u00e4\u00e4n mahdollisimman lyhyell\u00e4 viiveell\u00e4, usein jopa ennen kokouksen alkua.<br><br>Kansainv\u00e4listen kokousten julkaisut tunnistaa usein siit\u00e4, ett\u00e4 niiden nimess\u00e4 esiintyy sana \u201dproceedings.\u201d<\/p>\n\n\n\n<figure class=\"wp-block-image size-full is-resized\"><img loading=\"lazy\" decoding=\"async\" width=\"493\" height=\"697\" src=\"https:\/\/blogs.uef.fi\/tiedonhaku-fysiikka\/wp-content\/uploads\/sites\/49\/2015\/07\/proceedingskuva.png\" alt=\"Benelux Chapter of the Photonics Societyn konferenssijulkaisun kansikuva. Vihre\u00e4ll\u00e4 pohjalla konferenssin ja julkaisun tiedot, vasemmalla valkoinen palsta, jossa julkaisijan ja yhteisty\u00f6tahojen logoja.\" class=\"wp-image-75\" style=\"width:190px\" srcset=\"https:\/\/blogs.uef.fi\/tiedonhaku-fysiikka\/wp-content\/uploads\/sites\/49\/2015\/07\/proceedingskuva.png 493w, https:\/\/blogs.uef.fi\/tiedonhaku-fysiikka\/wp-content\/uploads\/sites\/49\/2015\/07\/proceedingskuva-212x300.png 212w\" sizes=\"auto, (max-width: 493px) 100vw, 493px\" \/><figcaption class=\"wp-element-caption\"><em>Konferenssijulkaisu.<\/em><\/figcaption><\/figure>\n\n\n\n<p>Fysiikan alalla tunnettu kokousten j\u00e4rjest\u00e4j\u00e4 on IEEE. T\u00e4m\u00e4n organisaation julkaisuja l\u00f6yd\u00e4t esim. IEEE Xplore -tietokannasta (my\u00f6s nimell\u00e4: IEEE\/IEE Electronic Library &#8211; IEL).<\/p>\n\n\n\n<h2 class=\"wp-block-heading\">Kirjat kertovat aiheestaan laajasti<\/h2>\n\n\n\n<p>Kirja eli monografia kirjoitetaan yleens\u00e4 siin\u00e4 vaiheessa, kun tiet\u00e4mys aiheesta on yleisesti hyv\u00e4ksytty\u00e4 ja vakiintunutta. Kirjan julkaiseminen vie aikaa, ja kirjatiedoilta yleens\u00e4 my\u00f6s odotetaan tietty\u00e4 pysyvyytt\u00e4.<br><br>Kirja esittelee ilmi\u00f6n taustat ja antaa kokonaiskuvan aiheesta.<br><\/p>\n\n\n\n<figure class=\"wp-block-image size-full is-resized\"><img loading=\"lazy\" decoding=\"async\" width=\"498\" height=\"653\" src=\"https:\/\/blogs.uef.fi\/tiedonhaku-fysiikka\/wp-content\/uploads\/sites\/49\/2015\/07\/kirjankuva.png\" alt=\"Aerosol measurement -kirjan kansikuva. Kellert\u00e4v\u00e4 pohja, jolla koristeena molekyylimalliwn kuvia.\" class=\"wp-image-76\" style=\"width:190px\" srcset=\"https:\/\/blogs.uef.fi\/tiedonhaku-fysiikka\/wp-content\/uploads\/sites\/49\/2015\/07\/kirjankuva.png 498w, https:\/\/blogs.uef.fi\/tiedonhaku-fysiikka\/wp-content\/uploads\/sites\/49\/2015\/07\/kirjankuva-229x300.png 229w\" sizes=\"auto, (max-width: 498px) 100vw, 498px\" \/><figcaption class=\"wp-element-caption\"><em>T\u00e4m\u00e4 kirja l\u00f6ytyy kirjastosta sek\u00e4 painettuna ett\u00e4 e-kirjana<\/em>.<\/figcaption><\/figure>\n\n\n\n<h3 class=\"wp-block-heading\">Kokoomateos<\/h3>\n\n\n\n<p>Kokoomateoksella tarkoitetaan kirjaa, joka on <strong>toimitettu (edited)<\/strong> useamman kirjoittajan erillisist\u00e4 artikkeleista. Toimittaja (editor) voi olla my\u00f6s jonkin artikkelin kirjoittaja (author), mutta v\u00e4ltt\u00e4m\u00e4t\u00f6nt\u00e4 t\u00e4m\u00e4 ei ole.<\/p>\n\n\n\n<h2 class=\"wp-block-heading\">Muita aineistotyyppej\u00e4<\/h2>\n\n\n\n<p>Muita aineistotyyppej\u00e4 ovat esimerkiksi patentit, standardit, tilastot, kartat, av-aineistot, data.<\/p>\n\n\n\n<p class=\"has-text-align-right\">Seuraava sivu: <a href=\"https:\/\/blogs.uef.fi\/tiedonhaku-fysiikka\/tieteelliset-julkaisut\/tieteelliset-julkaisut-eri-aloilla\/\">Tieteelliset julkaisut eri aloilla<\/a>.<\/p>\n","protected":false},"excerpt":{"rendered":"<p>Yleisin tapa julkaista tutkimustietoja on artikkeli tieteellisess\u00e4 lehdess\u00e4. My\u00f6s kirjat, sarjat ja konferenssijulkaisut ovat keskeisi\u00e4 julkaisukanavia. Kirjallisuustietokannoissa, joita t\u00e4ss\u00e4 oppimateriaalissa esitell\u00e4\u00e4n, on helppo tarvittaessa rajata tuloksista n\u00e4kyviin vain tietty\/tietyt julkaisutyypit (document type). T\u00e4m\u00e4 tehd\u00e4\u00e4n valmiiden filttereiden avulla. Artikkelit raportoivat uusia tutkimustuloksia Tieteellisen lehden (journal) sis\u00e4lt\u00f6 jakautuu yksitt\u00e4isiin artikkeleihin. Artikkeleita on kahta p\u00e4\u00e4tyyppi\u00e4: alkuper\u00e4isartikkeleita ja katsaus- [&hellip;]<\/p>\n","protected":false},"author":127,"featured_media":0,"parent":10,"menu_order":5,"comment_status":"closed","ping_status":"closed","template":"","meta":{"_acf_changed":false,"footnotes":""},"class_list":["post-49","page","type-page","status-publish","hentry"],"acf":[],"yoast_head":"<!-- This site is optimized with the Yoast SEO plugin v27.3 - https:\/\/yoast.com\/product\/yoast-seo-wordpress\/ -->\n<title>Julkaisutyypit - Fysiikan ja tekniikan tiedonhaku<\/title>\n<meta name=\"robots\" content=\"index, follow, max-snippet:-1, max-image-preview:large, max-video-preview:-1\" \/>\n<link rel=\"canonical\" href=\"https:\/\/blogs.uef.fi\/tiedonhaku-fysiikka\/tieteelliset-julkaisut\/julkaisutyypit\/\" \/>\n<meta property=\"og:locale\" content=\"fi_FI\" \/>\n<meta property=\"og:type\" content=\"article\" \/>\n<meta property=\"og:title\" content=\"Julkaisutyypit - Fysiikan ja tekniikan tiedonhaku\" \/>\n<meta property=\"og:description\" content=\"Yleisin tapa julkaista tutkimustietoja on artikkeli tieteellisess\u00e4 lehdess\u00e4. My\u00f6s kirjat, sarjat ja konferenssijulkaisut ovat keskeisi\u00e4 julkaisukanavia. Kirjallisuustietokannoissa, joita t\u00e4ss\u00e4 oppimateriaalissa esitell\u00e4\u00e4n, on helppo tarvittaessa rajata tuloksista n\u00e4kyviin vain tietty\/tietyt julkaisutyypit (document type). T\u00e4m\u00e4 tehd\u00e4\u00e4n valmiiden filttereiden avulla. Artikkelit raportoivat uusia tutkimustuloksia Tieteellisen lehden (journal) sis\u00e4lt\u00f6 jakautuu yksitt\u00e4isiin artikkeleihin. Artikkeleita on kahta p\u00e4\u00e4tyyppi\u00e4: alkuper\u00e4isartikkeleita ja katsaus- [&hellip;]\" \/>\n<meta property=\"og:url\" content=\"https:\/\/blogs.uef.fi\/tiedonhaku-fysiikka\/tieteelliset-julkaisut\/julkaisutyypit\/\" \/>\n<meta property=\"og:site_name\" content=\"Fysiikan ja tekniikan tiedonhaku\" \/>\n<meta property=\"article:modified_time\" content=\"2024-05-17T11:36:08+00:00\" \/>\n<meta property=\"og:image\" content=\"https:\/\/blogs.uef.fi\/tiedonhaku-fysiikka\/wp-content\/uploads\/sites\/49\/2021\/08\/julkaisutyypit.png\" \/>\n<meta name=\"twitter:card\" content=\"summary_large_image\" \/>\n<meta name=\"twitter:label1\" content=\"Arvioitu lukuaika\" \/>\n\t<meta name=\"twitter:data1\" content=\"5 minuuttia\" \/>\n<script type=\"application\/ld+json\" class=\"yoast-schema-graph\">{\"@context\":\"https:\\\/\\\/schema.org\",\"@graph\":[{\"@type\":\"WebPage\",\"@id\":\"https:\\\/\\\/blogs.uef.fi\\\/tiedonhaku-fysiikka\\\/tieteelliset-julkaisut\\\/julkaisutyypit\\\/\",\"url\":\"https:\\\/\\\/blogs.uef.fi\\\/tiedonhaku-fysiikka\\\/tieteelliset-julkaisut\\\/julkaisutyypit\\\/\",\"name\":\"Julkaisutyypit - Fysiikan ja tekniikan tiedonhaku\",\"isPartOf\":{\"@id\":\"https:\\\/\\\/blogs.uef.fi\\\/tiedonhaku-fysiikka\\\/#website\"},\"primaryImageOfPage\":{\"@id\":\"https:\\\/\\\/blogs.uef.fi\\\/tiedonhaku-fysiikka\\\/tieteelliset-julkaisut\\\/julkaisutyypit\\\/#primaryimage\"},\"image\":{\"@id\":\"https:\\\/\\\/blogs.uef.fi\\\/tiedonhaku-fysiikka\\\/tieteelliset-julkaisut\\\/julkaisutyypit\\\/#primaryimage\"},\"thumbnailUrl\":\"https:\\\/\\\/blogs.uef.fi\\\/tiedonhaku-fysiikka\\\/wp-content\\\/uploads\\\/sites\\\/49\\\/2021\\\/08\\\/julkaisutyypit.png\",\"datePublished\":\"2015-07-30T11:30:52+00:00\",\"dateModified\":\"2024-05-17T11:36:08+00:00\",\"breadcrumb\":{\"@id\":\"https:\\\/\\\/blogs.uef.fi\\\/tiedonhaku-fysiikka\\\/tieteelliset-julkaisut\\\/julkaisutyypit\\\/#breadcrumb\"},\"inLanguage\":\"fi\",\"potentialAction\":[{\"@type\":\"ReadAction\",\"target\":[\"https:\\\/\\\/blogs.uef.fi\\\/tiedonhaku-fysiikka\\\/tieteelliset-julkaisut\\\/julkaisutyypit\\\/\"]}]},{\"@type\":\"ImageObject\",\"inLanguage\":\"fi\",\"@id\":\"https:\\\/\\\/blogs.uef.fi\\\/tiedonhaku-fysiikka\\\/tieteelliset-julkaisut\\\/julkaisutyypit\\\/#primaryimage\",\"url\":\"https:\\\/\\\/blogs.uef.fi\\\/tiedonhaku-fysiikka\\\/wp-content\\\/uploads\\\/sites\\\/49\\\/2021\\\/08\\\/julkaisutyypit.png\",\"contentUrl\":\"https:\\\/\\\/blogs.uef.fi\\\/tiedonhaku-fysiikka\\\/wp-content\\\/uploads\\\/sites\\\/49\\\/2021\\\/08\\\/julkaisutyypit.png\",\"width\":1149,\"height\":491},{\"@type\":\"BreadcrumbList\",\"@id\":\"https:\\\/\\\/blogs.uef.fi\\\/tiedonhaku-fysiikka\\\/tieteelliset-julkaisut\\\/julkaisutyypit\\\/#breadcrumb\",\"itemListElement\":[{\"@type\":\"ListItem\",\"position\":1,\"name\":\"Home\",\"item\":\"https:\\\/\\\/blogs.uef.fi\\\/tiedonhaku-fysiikka\\\/\"},{\"@type\":\"ListItem\",\"position\":2,\"name\":\"Tieteelliset julkaisut\",\"item\":\"https:\\\/\\\/blogs.uef.fi\\\/tiedonhaku-fysiikka\\\/tieteelliset-julkaisut\\\/\"},{\"@type\":\"ListItem\",\"position\":3,\"name\":\"Julkaisutyypit\"}]},{\"@type\":\"WebSite\",\"@id\":\"https:\\\/\\\/blogs.uef.fi\\\/tiedonhaku-fysiikka\\\/#website\",\"url\":\"https:\\\/\\\/blogs.uef.fi\\\/tiedonhaku-fysiikka\\\/\",\"name\":\"Fysiikan ja tekniikan tiedonhaku\",\"description\":\"\",\"potentialAction\":[{\"@type\":\"SearchAction\",\"target\":{\"@type\":\"EntryPoint\",\"urlTemplate\":\"https:\\\/\\\/blogs.uef.fi\\\/tiedonhaku-fysiikka\\\/?s={search_term_string}\"},\"query-input\":{\"@type\":\"PropertyValueSpecification\",\"valueRequired\":true,\"valueName\":\"search_term_string\"}}],\"inLanguage\":\"fi\"}]}<\/script>\n<!-- \/ Yoast SEO plugin. -->","yoast_head_json":{"title":"Julkaisutyypit - Fysiikan ja tekniikan tiedonhaku","robots":{"index":"index","follow":"follow","max-snippet":"max-snippet:-1","max-image-preview":"max-image-preview:large","max-video-preview":"max-video-preview:-1"},"canonical":"https:\/\/blogs.uef.fi\/tiedonhaku-fysiikka\/tieteelliset-julkaisut\/julkaisutyypit\/","og_locale":"fi_FI","og_type":"article","og_title":"Julkaisutyypit - Fysiikan ja tekniikan tiedonhaku","og_description":"Yleisin tapa julkaista tutkimustietoja on artikkeli tieteellisess\u00e4 lehdess\u00e4. My\u00f6s kirjat, sarjat ja konferenssijulkaisut ovat keskeisi\u00e4 julkaisukanavia. Kirjallisuustietokannoissa, joita t\u00e4ss\u00e4 oppimateriaalissa esitell\u00e4\u00e4n, on helppo tarvittaessa rajata tuloksista n\u00e4kyviin vain tietty\/tietyt julkaisutyypit (document type). T\u00e4m\u00e4 tehd\u00e4\u00e4n valmiiden filttereiden avulla. Artikkelit raportoivat uusia tutkimustuloksia Tieteellisen lehden (journal) sis\u00e4lt\u00f6 jakautuu yksitt\u00e4isiin artikkeleihin. Artikkeleita on kahta p\u00e4\u00e4tyyppi\u00e4: alkuper\u00e4isartikkeleita ja katsaus- [&hellip;]","og_url":"https:\/\/blogs.uef.fi\/tiedonhaku-fysiikka\/tieteelliset-julkaisut\/julkaisutyypit\/","og_site_name":"Fysiikan ja tekniikan tiedonhaku","article_modified_time":"2024-05-17T11:36:08+00:00","og_image":[{"url":"https:\/\/blogs.uef.fi\/tiedonhaku-fysiikka\/wp-content\/uploads\/sites\/49\/2021\/08\/julkaisutyypit.png","type":"","width":"","height":""}],"twitter_card":"summary_large_image","twitter_misc":{"Arvioitu lukuaika":"5 minuuttia"},"schema":{"@context":"https:\/\/schema.org","@graph":[{"@type":"WebPage","@id":"https:\/\/blogs.uef.fi\/tiedonhaku-fysiikka\/tieteelliset-julkaisut\/julkaisutyypit\/","url":"https:\/\/blogs.uef.fi\/tiedonhaku-fysiikka\/tieteelliset-julkaisut\/julkaisutyypit\/","name":"Julkaisutyypit - Fysiikan ja tekniikan tiedonhaku","isPartOf":{"@id":"https:\/\/blogs.uef.fi\/tiedonhaku-fysiikka\/#website"},"primaryImageOfPage":{"@id":"https:\/\/blogs.uef.fi\/tiedonhaku-fysiikka\/tieteelliset-julkaisut\/julkaisutyypit\/#primaryimage"},"image":{"@id":"https:\/\/blogs.uef.fi\/tiedonhaku-fysiikka\/tieteelliset-julkaisut\/julkaisutyypit\/#primaryimage"},"thumbnailUrl":"https:\/\/blogs.uef.fi\/tiedonhaku-fysiikka\/wp-content\/uploads\/sites\/49\/2021\/08\/julkaisutyypit.png","datePublished":"2015-07-30T11:30:52+00:00","dateModified":"2024-05-17T11:36:08+00:00","breadcrumb":{"@id":"https:\/\/blogs.uef.fi\/tiedonhaku-fysiikka\/tieteelliset-julkaisut\/julkaisutyypit\/#breadcrumb"},"inLanguage":"fi","potentialAction":[{"@type":"ReadAction","target":["https:\/\/blogs.uef.fi\/tiedonhaku-fysiikka\/tieteelliset-julkaisut\/julkaisutyypit\/"]}]},{"@type":"ImageObject","inLanguage":"fi","@id":"https:\/\/blogs.uef.fi\/tiedonhaku-fysiikka\/tieteelliset-julkaisut\/julkaisutyypit\/#primaryimage","url":"https:\/\/blogs.uef.fi\/tiedonhaku-fysiikka\/wp-content\/uploads\/sites\/49\/2021\/08\/julkaisutyypit.png","contentUrl":"https:\/\/blogs.uef.fi\/tiedonhaku-fysiikka\/wp-content\/uploads\/sites\/49\/2021\/08\/julkaisutyypit.png","width":1149,"height":491},{"@type":"BreadcrumbList","@id":"https:\/\/blogs.uef.fi\/tiedonhaku-fysiikka\/tieteelliset-julkaisut\/julkaisutyypit\/#breadcrumb","itemListElement":[{"@type":"ListItem","position":1,"name":"Home","item":"https:\/\/blogs.uef.fi\/tiedonhaku-fysiikka\/"},{"@type":"ListItem","position":2,"name":"Tieteelliset julkaisut","item":"https:\/\/blogs.uef.fi\/tiedonhaku-fysiikka\/tieteelliset-julkaisut\/"},{"@type":"ListItem","position":3,"name":"Julkaisutyypit"}]},{"@type":"WebSite","@id":"https:\/\/blogs.uef.fi\/tiedonhaku-fysiikka\/#website","url":"https:\/\/blogs.uef.fi\/tiedonhaku-fysiikka\/","name":"Fysiikan ja tekniikan tiedonhaku","description":"","potentialAction":[{"@type":"SearchAction","target":{"@type":"EntryPoint","urlTemplate":"https:\/\/blogs.uef.fi\/tiedonhaku-fysiikka\/?s={search_term_string}"},"query-input":{"@type":"PropertyValueSpecification","valueRequired":true,"valueName":"search_term_string"}}],"inLanguage":"fi"}]}},"_links":{"self":[{"href":"https:\/\/blogs.uef.fi\/tiedonhaku-fysiikka\/wp-json\/wp\/v2\/pages\/49","targetHints":{"allow":["GET"]}}],"collection":[{"href":"https:\/\/blogs.uef.fi\/tiedonhaku-fysiikka\/wp-json\/wp\/v2\/pages"}],"about":[{"href":"https:\/\/blogs.uef.fi\/tiedonhaku-fysiikka\/wp-json\/wp\/v2\/types\/page"}],"author":[{"embeddable":true,"href":"https:\/\/blogs.uef.fi\/tiedonhaku-fysiikka\/wp-json\/wp\/v2\/users\/127"}],"replies":[{"embeddable":true,"href":"https:\/\/blogs.uef.fi\/tiedonhaku-fysiikka\/wp-json\/wp\/v2\/comments?post=49"}],"version-history":[{"count":2,"href":"https:\/\/blogs.uef.fi\/tiedonhaku-fysiikka\/wp-json\/wp\/v2\/pages\/49\/revisions"}],"predecessor-version":[{"id":4264,"href":"https:\/\/blogs.uef.fi\/tiedonhaku-fysiikka\/wp-json\/wp\/v2\/pages\/49\/revisions\/4264"}],"up":[{"embeddable":true,"href":"https:\/\/blogs.uef.fi\/tiedonhaku-fysiikka\/wp-json\/wp\/v2\/pages\/10"}],"wp:attachment":[{"href":"https:\/\/blogs.uef.fi\/tiedonhaku-fysiikka\/wp-json\/wp\/v2\/media?parent=49"}],"curies":[{"name":"wp","href":"https:\/\/api.w.org\/{rel}","templated":true}]}}