{"id":452,"date":"2015-09-16T11:40:59","date_gmt":"2015-09-16T11:40:59","guid":{"rendered":"https:\/\/ueflibraryfys.wordpress.com\/?page_id=452"},"modified":"2024-01-18T15:20:19","modified_gmt":"2024-01-18T13:20:19","slug":"kayttoliittymat-2","status":"publish","type":"page","link":"https:\/\/blogs.uef.fi\/tiedonhaku-fysiikka\/hakulauseet\/kayttoliittymat-2\/","title":{"rendered":"K\u00e4ytt\u00f6liittymien hakulogiikka"},"content":{"rendered":"\n<p style=\"font-size:17px\">K\u00e4ytt\u00f6liittymi\u00e4 eli hakulomakkeita on tietokannoissa useampia, ja niiden nimitykset ja toimintatavat ovat tietokantakohtaisia. Perusidea on kuitenkin kaikissa samanlainen.<\/p>\n\n\n\n<p><strong>T\u00e4rkeit\u00e4 seikkoja hakulogiikan kannalta:<\/strong><\/p>\n\n\n\n<ul class=\"wp-block-list\">\n<li>hakulogiikka pit\u00e4\u00e4 osua kohdilleen: <strong>OR-operaatiot pit\u00e4\u00e4 suorittaa ensin<\/strong><\/li>\n\n\n\n<li>hakusanat pit\u00e4\u00e4 sijoittaa hakulomakkeelle siten ett\u00e4 em. s\u00e4\u00e4nt\u00f6 toteutuu<\/li>\n<\/ul>\n\n\n\n<h2 class=\"wp-block-heading\">Pika- eli perushaku ei aina ole helpoin<\/h2>\n\n\n\n<p>Tutuin versio on pikahakuun viittaava \u201cyhden rivin\u201d hakulomake. Se muistuttaa ulkoisesti Google-hakua, mutta on kuitenkin erilainen!<\/p>\n\n\n\n<p><strong>Pikahaku haku sopii kokeilevaan tiedonhakuun yhdell\u00e4 tai kahdella sanalla. <\/strong>Monimuotoisempiakin hakuja voi tehd\u00e4, mutta se vaatii huolellisuutta.<\/p>\n\n\n\n<p><strong>\u00c4l\u00e4 k\u00e4yt\u00e4 luonnollista kielt\u00e4, vaan yksitt\u00e4isi\u00e4 termej\u00e4, jotka yhdistet\u00e4\u00e4n operaattorein<\/strong>. <br><br>Jotta OR-operaatio toeutuisi ensin, pit\u00e4\u00e4 se kertoa hakuj\u00e4rjestelm\u00e4lle sijoittamalla OR-operaatio sulkujen sis\u00e4\u00e4n. Operaattorit ja sulut OR-operaation ymp\u00e4rille kirjoitetaan itse. Muista my\u00f6s katkaisumerkin k\u00e4ytt\u00f6 sek\u00e4 fraasin ymp\u00e4rille lainausmerkit.<\/p>\n\n\n\n<figure class=\"wp-block-image size-full\"><img loading=\"lazy\" decoding=\"async\" width=\"741\" height=\"60\" src=\"https:\/\/blogs.uef.fi\/tiedonhaku-fysiikka\/wp-content\/uploads\/sites\/49\/2018\/05\/basic.jpg\" alt=\"Kuvakaappaus. Hakuriville on kirjoitettu hakulause: (\u201cinformation search&quot; OR &quot;information retrieval\u201d) AND student AND university.\" class=\"wp-image-965\" srcset=\"https:\/\/blogs.uef.fi\/tiedonhaku-fysiikka\/wp-content\/uploads\/sites\/49\/2018\/05\/basic.jpg 741w, https:\/\/blogs.uef.fi\/tiedonhaku-fysiikka\/wp-content\/uploads\/sites\/49\/2018\/05\/basic-300x24.jpg 300w\" sizes=\"auto, (max-width: 741px) 100vw, 741px\" \/><\/figure>\n\n\n\n<p>Jos sanojen v\u00e4liin ei kirjoita operaattoria, on kyseess\u00e4 automaattisesti AND-operaatio.<\/p>\n\n\n\n<ul class=\"has-white-background-color has-background wp-block-list\">\n<li><em>cosmic radiation = cosmic AND radiation<\/em><\/li>\n\n\n\n<li><em>&#8221;cosmic radiation&#8221; \u2260 cosmic radiation<\/em><\/li>\n<\/ul>\n\n\n\n<h2 class=\"wp-block-heading\">Tarkennettu haku ohjaa kirjoittamaan haun oikein<\/h2>\n\n\n\n<p>Vaikka tarkennetun haun hakulomake saattaa n\u00e4ytt\u00e4\u00e4 ty\u00f6l\u00e4\u00e4mm\u00e4lt\u00e4, se on itse asiassa n\u00e4pp\u00e4r\u00e4 apuv\u00e4line.<\/p>\n\n\n\n<p><strong>Ohjaaville\/tarkentaville hakulomakkeille on helpompi muodostaa loogisia hakuja<\/strong>, jos hakulause sis\u00e4lt\u00e4\u00e4 muitakin kuin AND-operaatioita. Operaattoreita ja hakukentti\u00e4 on helppo valita valmiista valikoista.<\/p>\n\n\n\n<p>Ohjaavillakin lomakkeilla voi toki sattua logiikkavirheit\u00e4. Varminta on kirjoittaa samaan k\u00e4sitteeseen viittaavat vaihtoehtoiset sanat (<strong>OR-operaatiot) aina samalle riville<\/strong>. Sanojen v\u00e4liin kirjoitetaan itse OR-sana. <strong>Rivien v\u00e4lill\u00e4 on AND-operaattori.<\/strong><\/p>\n\n\n\n<figure class=\"wp-block-image size-full\"><img loading=\"lazy\" decoding=\"async\" width=\"734\" height=\"205\" src=\"https:\/\/blogs.uef.fi\/tiedonhaku-fysiikka\/wp-content\/uploads\/sites\/49\/2015\/09\/advance.jpg\" alt=\"Kuvakaappaus hakulomakkeesta. Ylimm\u00e4ll\u00e4 rivill\u00e4 lukee hakusanat: \u201cinformation search&quot; OR &quot;information retrieval\u201d. Seuraavalla rivill\u00e4 lukee hakusana: student. Sit\u00e4 seuraavalla hakurivill\u00e4 lukee: university OR college. Rivien v\u00e4lill\u00e4 on valittuna operaattori AND. Kaikkien rivien haku kohdistuu Topic-kentt\u00e4\u00e4n.\" class=\"wp-image-454\" srcset=\"https:\/\/blogs.uef.fi\/tiedonhaku-fysiikka\/wp-content\/uploads\/sites\/49\/2015\/09\/advance.jpg 734w, https:\/\/blogs.uef.fi\/tiedonhaku-fysiikka\/wp-content\/uploads\/sites\/49\/2015\/09\/advance-300x84.jpg 300w\" sizes=\"auto, (max-width: 734px) 100vw, 734px\" \/><\/figure>\n\n\n\n<div class=\"links-block\">\n\n    \n    <ul class=\"link-list\">\n        \n            \n            <li class=\"link-list-item\">\n                <a href=\"https:\/\/uef.cloud.panopto.eu\/Panopto\/Pages\/Viewer.aspx?id=9395f255-eef1-4ac3-9689-b03d00a32d51\" class=\"link-reset link hover-scale-down\">\n                    <svg\n        width=\"43\" height=\"25\"\n        viewBox=\"0 0 43 25\"\n        xmlns=\"http:\/\/www.w3.org\/2000\/svg\">\n    <path\n        d=\"M30.027 0 43 12.5 30.027 25 27 22.083 34.351 15H0v-5h34.351L27 2.917z\"\n        fill=\"currentColor\"\n        fill-rule=\"evenodd\"\/>\n<\/svg>                    <div>Katso video perus- ja tarkennetusta hausta UEF-Primossa (1:36)<\/div>\n                <\/a>\n                <div class=\"link-info\">\n                                    <\/div>\n            <\/li>\n\n                <\/ul>\n<\/div>\n\n\n<h2 class=\"wp-block-heading\">Yhteinen malli sopii kaikkiin tietokantoihin<\/h2>\n\n\n\n<p><strong>Perusidea on aina sama palvelusta riippumatta<\/strong>. Kukin k\u00e4site kirjoitetaan omalle rivilleen, OR-operaattori sijoitetaan saman k\u00e4sitteen eri vaihtoehtoisten ilmaisujen v\u00e4lille. Rivien v\u00e4lill\u00e4 s\u00e4ilyy AND-operaattori.<\/p>\n\n\n\n<figure class=\"wp-block-image size-full is-resized\"><img loading=\"lazy\" decoding=\"async\" width=\"823\" height=\"447\" src=\"https:\/\/blogs.uef.fi\/tiedonhaku-fysiikka\/wp-content\/uploads\/sites\/49\/2023\/04\/tarkennettu_malli.png\" alt=\"Yleinen kuva tarkennetun haun mallista. Ylimm\u00e4ll\u00e4 rivill\u00e4 lukee: air OR atmospheric OR hygroscopic. Per\u00e4ss\u00e4 selitys: 1. k\u00e4site. Toisella rivill\u00e4 lukee: moisture OR humidity. Per\u00e4ss\u00e4 selitys: 2. k\u00e4site. Kolmannella rivill\u00e4 ei hakusanoja, mutta OR kirjoitettu osoittamaan tapaa esitt\u00e4\u00e4 mahdollisten sanojen yhdist\u00e4minen. Per\u00e4ss\u00e4 selite: n. k\u00e4site.\" class=\"wp-image-2747\" style=\"width:617px;height:335px\" srcset=\"https:\/\/blogs.uef.fi\/tiedonhaku-fysiikka\/wp-content\/uploads\/sites\/49\/2023\/04\/tarkennettu_malli.png 823w, https:\/\/blogs.uef.fi\/tiedonhaku-fysiikka\/wp-content\/uploads\/sites\/49\/2023\/04\/tarkennettu_malli-300x163.png 300w, https:\/\/blogs.uef.fi\/tiedonhaku-fysiikka\/wp-content\/uploads\/sites\/49\/2023\/04\/tarkennettu_malli-768x417.png 768w\" sizes=\"auto, (max-width: 823px) 100vw, 823px\" \/><\/figure>\n\n\n\n<p class=\"has-text-align-right\">Seuraava sivu: <a href=\"https:\/\/blogs.uef.fi\/tiedonhaku-fysiikka\/hakutapoja\/\">Hakutapoja<\/a><\/p>\n","protected":false},"excerpt":{"rendered":"<p>K\u00e4ytt\u00f6liittymi\u00e4 eli hakulomakkeita on tietokannoissa useampia, ja niiden nimitykset ja toimintatavat ovat tietokantakohtaisia. Perusidea on kuitenkin kaikissa samanlainen. T\u00e4rkeit\u00e4 seikkoja hakulogiikan kannalta: Pika- eli perushaku ei aina ole helpoin Tutuin versio on pikahakuun viittaava \u201cyhden rivin\u201d hakulomake. Se muistuttaa ulkoisesti Google-hakua, mutta on kuitenkin erilainen! Pikahaku haku sopii kokeilevaan tiedonhakuun yhdell\u00e4 tai kahdella sanalla. Monimuotoisempiakin [&hellip;]<\/p>\n","protected":false},"author":127,"featured_media":0,"parent":945,"menu_order":3,"comment_status":"closed","ping_status":"closed","template":"","meta":{"_acf_changed":false,"footnotes":""},"class_list":["post-452","page","type-page","status-publish","hentry"],"acf":[],"yoast_head":"<!-- This site is optimized with the Yoast SEO plugin v27.1.1 - https:\/\/yoast.com\/product\/yoast-seo-wordpress\/ -->\n<title>K\u00e4ytt\u00f6liittymien hakulogiikka - Fysiikan ja tekniikan tiedonhaku<\/title>\n<meta name=\"robots\" content=\"index, follow, max-snippet:-1, max-image-preview:large, max-video-preview:-1\" \/>\n<link rel=\"canonical\" href=\"https:\/\/blogs.uef.fi\/tiedonhaku-fysiikka\/hakulauseet\/kayttoliittymat-2\/\" \/>\n<meta property=\"og:locale\" content=\"fi_FI\" \/>\n<meta property=\"og:type\" content=\"article\" \/>\n<meta property=\"og:title\" content=\"K\u00e4ytt\u00f6liittymien hakulogiikka - Fysiikan ja tekniikan tiedonhaku\" \/>\n<meta property=\"og:description\" content=\"K\u00e4ytt\u00f6liittymi\u00e4 eli hakulomakkeita on tietokannoissa useampia, ja niiden nimitykset ja toimintatavat ovat tietokantakohtaisia. Perusidea on kuitenkin kaikissa samanlainen. T\u00e4rkeit\u00e4 seikkoja hakulogiikan kannalta: Pika- eli perushaku ei aina ole helpoin Tutuin versio on pikahakuun viittaava \u201cyhden rivin\u201d hakulomake. Se muistuttaa ulkoisesti Google-hakua, mutta on kuitenkin erilainen! Pikahaku haku sopii kokeilevaan tiedonhakuun yhdell\u00e4 tai kahdella sanalla. Monimuotoisempiakin [&hellip;]\" \/>\n<meta property=\"og:url\" content=\"https:\/\/blogs.uef.fi\/tiedonhaku-fysiikka\/hakulauseet\/kayttoliittymat-2\/\" \/>\n<meta property=\"og:site_name\" content=\"Fysiikan ja tekniikan tiedonhaku\" \/>\n<meta property=\"article:modified_time\" content=\"2024-01-18T13:20:19+00:00\" \/>\n<meta property=\"og:image\" content=\"https:\/\/blogs.uef.fi\/tiedonhaku-fysiikka\/wp-content\/uploads\/sites\/49\/2018\/05\/basic.jpg\" \/>\n<meta name=\"twitter:card\" content=\"summary_large_image\" \/>\n<meta name=\"twitter:label1\" content=\"Arvioitu lukuaika\" \/>\n\t<meta name=\"twitter:data1\" content=\"3 minuuttia\" \/>\n<script type=\"application\/ld+json\" class=\"yoast-schema-graph\">{\"@context\":\"https:\/\/schema.org\",\"@graph\":[{\"@type\":\"WebPage\",\"@id\":\"https:\/\/blogs.uef.fi\/tiedonhaku-fysiikka\/hakulauseet\/kayttoliittymat-2\/\",\"url\":\"https:\/\/blogs.uef.fi\/tiedonhaku-fysiikka\/hakulauseet\/kayttoliittymat-2\/\",\"name\":\"K\u00e4ytt\u00f6liittymien hakulogiikka - Fysiikan ja tekniikan tiedonhaku\",\"isPartOf\":{\"@id\":\"https:\/\/blogs.uef.fi\/tiedonhaku-fysiikka\/#website\"},\"primaryImageOfPage\":{\"@id\":\"https:\/\/blogs.uef.fi\/tiedonhaku-fysiikka\/hakulauseet\/kayttoliittymat-2\/#primaryimage\"},\"image\":{\"@id\":\"https:\/\/blogs.uef.fi\/tiedonhaku-fysiikka\/hakulauseet\/kayttoliittymat-2\/#primaryimage\"},\"thumbnailUrl\":\"https:\/\/blogs.uef.fi\/tiedonhaku-fysiikka\/wp-content\/uploads\/sites\/49\/2018\/05\/basic.jpg\",\"datePublished\":\"2015-09-16T11:40:59+00:00\",\"dateModified\":\"2024-01-18T13:20:19+00:00\",\"breadcrumb\":{\"@id\":\"https:\/\/blogs.uef.fi\/tiedonhaku-fysiikka\/hakulauseet\/kayttoliittymat-2\/#breadcrumb\"},\"inLanguage\":\"fi\",\"potentialAction\":[{\"@type\":\"ReadAction\",\"target\":[\"https:\/\/blogs.uef.fi\/tiedonhaku-fysiikka\/hakulauseet\/kayttoliittymat-2\/\"]}]},{\"@type\":\"ImageObject\",\"inLanguage\":\"fi\",\"@id\":\"https:\/\/blogs.uef.fi\/tiedonhaku-fysiikka\/hakulauseet\/kayttoliittymat-2\/#primaryimage\",\"url\":\"https:\/\/blogs.uef.fi\/tiedonhaku-fysiikka\/wp-content\/uploads\/sites\/49\/2018\/05\/basic.jpg\",\"contentUrl\":\"https:\/\/blogs.uef.fi\/tiedonhaku-fysiikka\/wp-content\/uploads\/sites\/49\/2018\/05\/basic.jpg\",\"width\":741,\"height\":60},{\"@type\":\"BreadcrumbList\",\"@id\":\"https:\/\/blogs.uef.fi\/tiedonhaku-fysiikka\/hakulauseet\/kayttoliittymat-2\/#breadcrumb\",\"itemListElement\":[{\"@type\":\"ListItem\",\"position\":1,\"name\":\"Home\",\"item\":\"https:\/\/blogs.uef.fi\/tiedonhaku-fysiikka\/\"},{\"@type\":\"ListItem\",\"position\":2,\"name\":\"Hakulauseet\",\"item\":\"https:\/\/blogs.uef.fi\/tiedonhaku-fysiikka\/hakulauseet\/\"},{\"@type\":\"ListItem\",\"position\":3,\"name\":\"K\u00e4ytt\u00f6liittymien hakulogiikka\"}]},{\"@type\":\"WebSite\",\"@id\":\"https:\/\/blogs.uef.fi\/tiedonhaku-fysiikka\/#website\",\"url\":\"https:\/\/blogs.uef.fi\/tiedonhaku-fysiikka\/\",\"name\":\"Fysiikan ja tekniikan tiedonhaku\",\"description\":\"\",\"potentialAction\":[{\"@type\":\"SearchAction\",\"target\":{\"@type\":\"EntryPoint\",\"urlTemplate\":\"https:\/\/blogs.uef.fi\/tiedonhaku-fysiikka\/?s={search_term_string}\"},\"query-input\":{\"@type\":\"PropertyValueSpecification\",\"valueRequired\":true,\"valueName\":\"search_term_string\"}}],\"inLanguage\":\"fi\"}]}<\/script>\n<!-- \/ Yoast SEO plugin. -->","yoast_head_json":{"title":"K\u00e4ytt\u00f6liittymien hakulogiikka - Fysiikan ja tekniikan tiedonhaku","robots":{"index":"index","follow":"follow","max-snippet":"max-snippet:-1","max-image-preview":"max-image-preview:large","max-video-preview":"max-video-preview:-1"},"canonical":"https:\/\/blogs.uef.fi\/tiedonhaku-fysiikka\/hakulauseet\/kayttoliittymat-2\/","og_locale":"fi_FI","og_type":"article","og_title":"K\u00e4ytt\u00f6liittymien hakulogiikka - Fysiikan ja tekniikan tiedonhaku","og_description":"K\u00e4ytt\u00f6liittymi\u00e4 eli hakulomakkeita on tietokannoissa useampia, ja niiden nimitykset ja toimintatavat ovat tietokantakohtaisia. Perusidea on kuitenkin kaikissa samanlainen. T\u00e4rkeit\u00e4 seikkoja hakulogiikan kannalta: Pika- eli perushaku ei aina ole helpoin Tutuin versio on pikahakuun viittaava \u201cyhden rivin\u201d hakulomake. Se muistuttaa ulkoisesti Google-hakua, mutta on kuitenkin erilainen! Pikahaku haku sopii kokeilevaan tiedonhakuun yhdell\u00e4 tai kahdella sanalla. Monimuotoisempiakin [&hellip;]","og_url":"https:\/\/blogs.uef.fi\/tiedonhaku-fysiikka\/hakulauseet\/kayttoliittymat-2\/","og_site_name":"Fysiikan ja tekniikan tiedonhaku","article_modified_time":"2024-01-18T13:20:19+00:00","og_image":[{"url":"https:\/\/blogs.uef.fi\/tiedonhaku-fysiikka\/wp-content\/uploads\/sites\/49\/2018\/05\/basic.jpg","type":"","width":"","height":""}],"twitter_card":"summary_large_image","twitter_misc":{"Arvioitu lukuaika":"3 minuuttia"},"schema":{"@context":"https:\/\/schema.org","@graph":[{"@type":"WebPage","@id":"https:\/\/blogs.uef.fi\/tiedonhaku-fysiikka\/hakulauseet\/kayttoliittymat-2\/","url":"https:\/\/blogs.uef.fi\/tiedonhaku-fysiikka\/hakulauseet\/kayttoliittymat-2\/","name":"K\u00e4ytt\u00f6liittymien hakulogiikka - Fysiikan ja tekniikan tiedonhaku","isPartOf":{"@id":"https:\/\/blogs.uef.fi\/tiedonhaku-fysiikka\/#website"},"primaryImageOfPage":{"@id":"https:\/\/blogs.uef.fi\/tiedonhaku-fysiikka\/hakulauseet\/kayttoliittymat-2\/#primaryimage"},"image":{"@id":"https:\/\/blogs.uef.fi\/tiedonhaku-fysiikka\/hakulauseet\/kayttoliittymat-2\/#primaryimage"},"thumbnailUrl":"https:\/\/blogs.uef.fi\/tiedonhaku-fysiikka\/wp-content\/uploads\/sites\/49\/2018\/05\/basic.jpg","datePublished":"2015-09-16T11:40:59+00:00","dateModified":"2024-01-18T13:20:19+00:00","breadcrumb":{"@id":"https:\/\/blogs.uef.fi\/tiedonhaku-fysiikka\/hakulauseet\/kayttoliittymat-2\/#breadcrumb"},"inLanguage":"fi","potentialAction":[{"@type":"ReadAction","target":["https:\/\/blogs.uef.fi\/tiedonhaku-fysiikka\/hakulauseet\/kayttoliittymat-2\/"]}]},{"@type":"ImageObject","inLanguage":"fi","@id":"https:\/\/blogs.uef.fi\/tiedonhaku-fysiikka\/hakulauseet\/kayttoliittymat-2\/#primaryimage","url":"https:\/\/blogs.uef.fi\/tiedonhaku-fysiikka\/wp-content\/uploads\/sites\/49\/2018\/05\/basic.jpg","contentUrl":"https:\/\/blogs.uef.fi\/tiedonhaku-fysiikka\/wp-content\/uploads\/sites\/49\/2018\/05\/basic.jpg","width":741,"height":60},{"@type":"BreadcrumbList","@id":"https:\/\/blogs.uef.fi\/tiedonhaku-fysiikka\/hakulauseet\/kayttoliittymat-2\/#breadcrumb","itemListElement":[{"@type":"ListItem","position":1,"name":"Home","item":"https:\/\/blogs.uef.fi\/tiedonhaku-fysiikka\/"},{"@type":"ListItem","position":2,"name":"Hakulauseet","item":"https:\/\/blogs.uef.fi\/tiedonhaku-fysiikka\/hakulauseet\/"},{"@type":"ListItem","position":3,"name":"K\u00e4ytt\u00f6liittymien hakulogiikka"}]},{"@type":"WebSite","@id":"https:\/\/blogs.uef.fi\/tiedonhaku-fysiikka\/#website","url":"https:\/\/blogs.uef.fi\/tiedonhaku-fysiikka\/","name":"Fysiikan ja tekniikan tiedonhaku","description":"","potentialAction":[{"@type":"SearchAction","target":{"@type":"EntryPoint","urlTemplate":"https:\/\/blogs.uef.fi\/tiedonhaku-fysiikka\/?s={search_term_string}"},"query-input":{"@type":"PropertyValueSpecification","valueRequired":true,"valueName":"search_term_string"}}],"inLanguage":"fi"}]}},"_links":{"self":[{"href":"https:\/\/blogs.uef.fi\/tiedonhaku-fysiikka\/wp-json\/wp\/v2\/pages\/452","targetHints":{"allow":["GET"]}}],"collection":[{"href":"https:\/\/blogs.uef.fi\/tiedonhaku-fysiikka\/wp-json\/wp\/v2\/pages"}],"about":[{"href":"https:\/\/blogs.uef.fi\/tiedonhaku-fysiikka\/wp-json\/wp\/v2\/types\/page"}],"author":[{"embeddable":true,"href":"https:\/\/blogs.uef.fi\/tiedonhaku-fysiikka\/wp-json\/wp\/v2\/users\/127"}],"replies":[{"embeddable":true,"href":"https:\/\/blogs.uef.fi\/tiedonhaku-fysiikka\/wp-json\/wp\/v2\/comments?post=452"}],"version-history":[{"count":2,"href":"https:\/\/blogs.uef.fi\/tiedonhaku-fysiikka\/wp-json\/wp\/v2\/pages\/452\/revisions"}],"predecessor-version":[{"id":4026,"href":"https:\/\/blogs.uef.fi\/tiedonhaku-fysiikka\/wp-json\/wp\/v2\/pages\/452\/revisions\/4026"}],"up":[{"embeddable":true,"href":"https:\/\/blogs.uef.fi\/tiedonhaku-fysiikka\/wp-json\/wp\/v2\/pages\/945"}],"wp:attachment":[{"href":"https:\/\/blogs.uef.fi\/tiedonhaku-fysiikka\/wp-json\/wp\/v2\/media?parent=452"}],"curies":[{"name":"wp","href":"https:\/\/api.w.org\/{rel}","templated":true}]}}