{"id":330,"date":"2015-08-07T09:48:17","date_gmt":"2015-08-07T09:48:17","guid":{"rendered":"https:\/\/ueflibraryfys.wordpress.com\/?page_id=330"},"modified":"2024-05-17T10:37:01","modified_gmt":"2024-05-17T07:37:01","slug":"asiasanastot","status":"publish","type":"page","link":"https:\/\/blogs.uef.fi\/tiedonhaku-fysiikka\/hakusanat\/asiasanastot\/","title":{"rendered":"Asiasanastot"},"content":{"rendered":"\n<p style=\"font-size:17px\">Asiasanastot (englanniksi usein Thesaurus) ovat <strong>luetteloita k\u00e4ytett\u00e4vist\u00e4 asiasanoista.<\/strong> Asiasanastoissa my\u00f6s<strong> m\u00e4\u00e4ritell\u00e4\u00e4n k\u00e4sitteit\u00e4<\/strong> ja kuvataan niiden v\u00e4lisi\u00e4 suhteita:<em> assosiatiiviset k\u00e4sitteet<\/em> (related), <em>yl\u00e4k\u00e4sitteet<\/em> (broader) ja <em>alak\u00e4sitteet <\/em>(narrower).<\/p>\n\n\n\n<h2 class=\"wp-block-heading\">Asiasanastot auttavat hakusanojen valinnassa<\/h2>\n\n\n\n<p>Asiasanastoista:<\/p>\n\n\n\n<ul class=\"wp-block-list\">\n<li>etsit\u00e4\u00e4n <strong>oikeat hakusanat<\/strong> asiasanahakua varten<\/li>\n\n\n\n<li>haetaan <strong>vinkkej\u00e4<\/strong> hakusanoiksi ylip\u00e4\u00e4t\u00e4\u00e4n; my\u00f6s rinnakkaiset ja yl\u00e4- ja alak\u00e4sitteet voivat olla hy\u00f6dyllisi\u00e4<\/li>\n<\/ul>\n\n\n\n<p>Vaikka ei k\u00e4ytt\u00e4isik\u00e4\u00e4n varsinaista asiasanastoa apuna, kannattaa silti seurata tietokannoissa asiasanakentt\u00e4\u00e4. Sielt\u00e4 n\u00e4et helposti hyvi\u00e4 hakusanoja, joita voit k\u00e4ytt\u00e4\u00e4 haussasi.<\/p>\n\n\n\n<figure class=\"wp-block-image size-full is-resized\"><img decoding=\"async\" src=\"https:\/\/blogs.uef.fi\/tiedonhaku-kemia\/wp-content\/uploads\/sites\/177\/2022\/04\/KEM_asiasanat_LCSH.png\" alt=\"Kuvakaappaus kirjan asiasanoista eli aiheista. Sanat ovat: climatic changes, environmental aspects, hydrologic cycle, global temperature changes, atmospheric chemistry.\" class=\"wp-image-1244\" \/><figcaption class=\"wp-element-caption\"><em>Esimerkiksi \u201dclimate change\u201d -termille l\u00f6ytyy asiasanavastine \u201dclimatic changes\u201d UEF-Primossa.<\/em><\/figcaption><\/figure>\n\n\n\n<h3 class=\"wp-block-heading\">Yleinen suomalainen ontologia YSO<\/h3>\n\n\n\n<p><a href=\"https:\/\/finto.fi\/yso\/fi\/\" target=\"_blank\" rel=\"noopener\">Yleinen Suomalainen Ontologia (YSO), linkki aukeaa uuteen ikkunaan<\/a> on Suomessa k\u00e4ytett\u00e4v\u00e4 asiasanasto. YSOa k\u00e4ytet\u00e4\u00e4n sek\u00e4 UEF-Primon tietueissa ett\u00e4 kansallisessa Finnassa.<\/p>\n\n\n\n<p>YSO kattaa kaikkien tieteen- ja tiedonalojen keskeisimm\u00e4n terminologian. Fysiikan ja muiden luonnontieteiden kattavuus on kuitenkin ohuempi kuin muilla aloilla.<\/p>\n\n\n\n<p>Termeille saa my\u00f6s englannin- ja ruotsinkielisen vastineen.<\/p>\n\n\n\n<figure class=\"wp-block-image alignnone size-full wp-image-1311\"><img loading=\"lazy\" decoding=\"async\" width=\"1029\" height=\"463\" src=\"https:\/\/blogs.uef.fi\/tiedonhaku-fysiikka\/wp-content\/uploads\/sites\/49\/2019\/06\/FYSyso.jpg\" alt=\"Kuvakaappaus YSOsta. Oikealla ylh\u00e4\u00e4ll\u00e4 on hakuruutu. Sivun vasen laita esitt\u00e4\u00e4 sanan paikan k\u00e4sitehierarkiassa. Sivun oikea laita kertoo tiedot haetusta termist\u00e4, joka kuvassa on dynamiikka.\" class=\"wp-image-1311\" srcset=\"https:\/\/blogs.uef.fi\/tiedonhaku-fysiikka\/wp-content\/uploads\/sites\/49\/2019\/06\/FYSyso.jpg 1029w, https:\/\/blogs.uef.fi\/tiedonhaku-fysiikka\/wp-content\/uploads\/sites\/49\/2019\/06\/FYSyso-300x135.jpg 300w, https:\/\/blogs.uef.fi\/tiedonhaku-fysiikka\/wp-content\/uploads\/sites\/49\/2019\/06\/FYSyso-768x346.jpg 768w, https:\/\/blogs.uef.fi\/tiedonhaku-fysiikka\/wp-content\/uploads\/sites\/49\/2019\/06\/FYSyso-1024x461.jpg 1024w, https:\/\/blogs.uef.fi\/tiedonhaku-fysiikka\/wp-content\/uploads\/sites\/49\/2019\/06\/FYSyso-845x380.jpg 845w\" sizes=\"auto, (max-width: 1029px) 100vw, 1029px\" \/><figcaption class=\"wp-element-caption\"><em>YSOsta voit hakea yksitt\u00e4ist\u00e4 sanaa (oikealla ylh\u00e4\u00e4ll\u00e4).<\/em><\/figcaption><\/figure>\n\n\n\n<p>Asiasanastoa voi k\u00e4ytt\u00e4\u00e4 apuna my\u00f6s hakusanojen ideointivaiheessa, vaikka tekisikin haut vapaasanahakuina. Sielt\u00e4 voi l\u00f6yty\u00e4 vihjeit\u00e4 hakusanoiksi sek\u00e4 k\u00e4\u00e4nn\u00f6ksi\u00e4 sanoista.<\/p>\n\n\n\n<h4 class=\"wp-block-heading\">YSOn k\u00e4ytt\u00f6ohje<\/h4>\n\n\n\n<p><strong>K\u00c4YTETT\u00c4V\u00c4 TERMI<\/strong> kertoo sanaston hyv\u00e4ksym\u00e4n asiasanan tietylle k\u00e4sitteelle. <strong>OHJAUSTERMIT<\/strong> (kuvassa kinetiikka) kertovat, mik\u00e4 sanan sijasta asiasanaa k\u00e4ytet\u00e4\u00e4n. Ohjaustermi\u00e4 ei siis voi tallentaa tietokantaan asiasanaksi (aihe), mutta sit\u00e4 voi hyvin k\u00e4ytt\u00e4\u00e4 vapaasanahaussa.<\/p>\n\n\n\n<p><strong>Fysiikkaan liittyvi\u00e4 sanoja<\/strong> voi selata klikkaamalla YSO:n etusivulla ensin linkki\u00e4 \u2019Ryhm\u00e4t\u2019 ja sitten kohtaa \u201c07 Fysiikka\u201d.<\/p>\n\n\n\n<p>Asiasanastot el\u00e4v\u00e4t jatkuvasti: tapa asiasanoittaa tietty asia on voinut muuttua vuosien kuluessa, esimerkiksi:<\/p>\n\n\n\n<ul class=\"wp-block-list\">\n<li>\u2019<em>nanoelektroniikka<\/em>\u2019 tuli asiasanaksi vasta vuonna 2013;<\/li>\n\n\n\n<li>sit\u00e4 ennen asiasanoitus saattoi olla esim:<br>&#8217;<em>elektroniikka \u2013 nanotekniikka\u2019<\/em><\/li>\n<\/ul>\n\n\n\n<h3 class=\"wp-block-heading\">Library of Congress :Subject Headings<\/h3>\n\n\n\n<p>Kongressin kirjaston asiasanasto on laajalti k\u00e4ytetty englanninkielinen kaikkien alojen sanasto. N\u00e4it\u00e4 asiasanoja tallennetaan my\u00f6s UEF-Primoon.<\/p>\n\n\n\n<ul class=\"has-white-background-color has-background wp-block-list\">\n<li>Wave-motion, Theory of \u00a0<br><br>UF (used for) : <em>Undulatory theory<\/em><br>BT (broader term) : <em>Mechanics<\/em><br>NT (narrower term) : <em>Coupled mode theory; Elastic wave propagation; Interference (Light); Nonlinear waves; Polarization (Light); Radio wave propagation; Solitons; Sound; Spectrum analysis; Wave equation; Wave theory of light<\/em><\/li>\n<\/ul>\n\n\n\n<h3 class=\"wp-block-heading\">Fysiikan alan omat asiasanastot<\/h3>\n\n\n\n<p><a href=\"https:\/\/physh.aps.org\/\" target=\"_blank\" rel=\"noopener noreferrer\">PhySH Physics subject headings (linkki aukeaa uuteen ikkunaan)<\/a> \/ AIP American Institute of Physics<\/p>\n\n\n\n<p><a href=\"https:\/\/www.osapublishing.org\/author\/thesaurus\/OSAThes_home.cfm\" target=\"_blank\" rel=\"noopener noreferrer\">OSA Optics and Photonics Topics (linkki aukeaa uuteen ikkunaan)<\/a> \/ OSA Publishing, The Optical Society<\/p>\n\n\n\n<p>N\u00e4it\u00e4 k\u00e4ytet\u00e4\u00e4n yksitt\u00e4isiss\u00e4 lehdiss\u00e4 ja niist\u00e4 koostuvissa lehtitietokannoissa (esim. Scitation ja Optics IB))<\/p>\n\n\n\n<h2 class=\"wp-block-heading\">Ent\u00e4 jos omalle aiheelle ei l\u00f6ydy sanastosta asiasanaa?<\/h2>\n\n\n\n<p>T\u00e4m\u00e4 on hyvin tavallista, varsinkin hyvin tarkkojen tai uusien termien kohdalla.<\/p>\n\n\n\n<p>Aina kuitenkin p\u00e4tee, ett\u00e4 <strong>mill\u00e4 tahansa sanalla voi hakea sanahakuna\/vapaatekstihakuna.<\/strong><\/p>\n\n\n\n<p>Asiasanastoa voi k\u00e4ytt\u00e4\u00e4 apuna my\u00f6s hakusanojen ideointivaiheessa, vaikka tekisikin haut vapaasanahakuina. Sielt\u00e4 voi l\u00f6yty\u00e4 vihjeit\u00e4 hakusanoiksi sek\u00e4 k\u00e4\u00e4nn\u00f6ksi\u00e4 sanoista.<\/p>\n\n\n\n<p><strong>Eri tietokannoissa erilainen asiasanapolitiikka<\/strong>. Esimerkiksi IEEE-tietokannassa k\u00e4ytet\u00e4\u00e4n omia IEEE termej\u00e4 sek\u00e4 INSCPEC-sanaston termej\u00e4. Sen sijaan Web of Science \u2013tietokannassa ei ole k\u00e4yt\u00f6ss\u00e4 mit\u00e4\u00e4n m\u00e4\u00e4ritelty\u00e4 sanastoa.<\/p>\n\n\n\n<p class=\"has-text-align-right\">Seuraava sivu: <a href=\"https:\/\/blogs.uef.fi\/tiedonhaku-fysiikka\/luokitukset\/\">Luokitukset<\/a><\/p>\n","protected":false},"excerpt":{"rendered":"<p>Asiasanastot (englanniksi usein Thesaurus) ovat luetteloita k\u00e4ytett\u00e4vist\u00e4 asiasanoista. Asiasanastoissa my\u00f6s m\u00e4\u00e4ritell\u00e4\u00e4n k\u00e4sitteit\u00e4 ja kuvataan niiden v\u00e4lisi\u00e4 suhteita: assosiatiiviset k\u00e4sitteet (related), yl\u00e4k\u00e4sitteet (broader) ja alak\u00e4sitteet (narrower). Asiasanastot auttavat hakusanojen valinnassa Asiasanastoista: Vaikka ei k\u00e4ytt\u00e4isik\u00e4\u00e4n varsinaista asiasanastoa apuna, kannattaa silti seurata tietokannoissa asiasanakentt\u00e4\u00e4. Sielt\u00e4 n\u00e4et helposti hyvi\u00e4 hakusanoja, joita voit k\u00e4ytt\u00e4\u00e4 haussasi. Yleinen suomalainen ontologia YSO Yleinen [&hellip;]<\/p>\n","protected":false},"author":127,"featured_media":0,"parent":12,"menu_order":6,"comment_status":"closed","ping_status":"closed","template":"","meta":{"_acf_changed":false,"footnotes":""},"class_list":["post-330","page","type-page","status-publish","hentry"],"acf":[],"yoast_head":"<!-- This site is optimized with the Yoast SEO plugin v27.3 - https:\/\/yoast.com\/product\/yoast-seo-wordpress\/ -->\n<title>Asiasanastot - Fysiikan ja tekniikan tiedonhaku<\/title>\n<meta name=\"robots\" content=\"index, follow, max-snippet:-1, max-image-preview:large, max-video-preview:-1\" \/>\n<link rel=\"canonical\" href=\"https:\/\/blogs.uef.fi\/tiedonhaku-fysiikka\/hakusanat\/asiasanastot\/\" \/>\n<meta property=\"og:locale\" content=\"fi_FI\" \/>\n<meta property=\"og:type\" content=\"article\" \/>\n<meta property=\"og:title\" content=\"Asiasanastot - Fysiikan ja tekniikan tiedonhaku\" \/>\n<meta property=\"og:description\" content=\"Asiasanastot (englanniksi usein Thesaurus) ovat luetteloita k\u00e4ytett\u00e4vist\u00e4 asiasanoista. Asiasanastoissa my\u00f6s m\u00e4\u00e4ritell\u00e4\u00e4n k\u00e4sitteit\u00e4 ja kuvataan niiden v\u00e4lisi\u00e4 suhteita: assosiatiiviset k\u00e4sitteet (related), yl\u00e4k\u00e4sitteet (broader) ja alak\u00e4sitteet (narrower). Asiasanastot auttavat hakusanojen valinnassa Asiasanastoista: Vaikka ei k\u00e4ytt\u00e4isik\u00e4\u00e4n varsinaista asiasanastoa apuna, kannattaa silti seurata tietokannoissa asiasanakentt\u00e4\u00e4. Sielt\u00e4 n\u00e4et helposti hyvi\u00e4 hakusanoja, joita voit k\u00e4ytt\u00e4\u00e4 haussasi. Yleinen suomalainen ontologia YSO Yleinen [&hellip;]\" \/>\n<meta property=\"og:url\" content=\"https:\/\/blogs.uef.fi\/tiedonhaku-fysiikka\/hakusanat\/asiasanastot\/\" \/>\n<meta property=\"og:site_name\" content=\"Fysiikan ja tekniikan tiedonhaku\" \/>\n<meta property=\"article:modified_time\" content=\"2024-05-17T07:37:01+00:00\" \/>\n<meta property=\"og:image\" content=\"https:\/\/blogs.uef.fi\/tiedonhaku-kemia\/wp-content\/uploads\/sites\/177\/2022\/04\/KEM_asiasanat_LCSH.png\" \/>\n<meta name=\"twitter:card\" content=\"summary_large_image\" \/>\n<meta name=\"twitter:label1\" content=\"Arvioitu lukuaika\" \/>\n\t<meta name=\"twitter:data1\" content=\"3 minuuttia\" \/>\n<script type=\"application\/ld+json\" class=\"yoast-schema-graph\">{\"@context\":\"https:\\\/\\\/schema.org\",\"@graph\":[{\"@type\":\"WebPage\",\"@id\":\"https:\\\/\\\/blogs.uef.fi\\\/tiedonhaku-fysiikka\\\/hakusanat\\\/asiasanastot\\\/\",\"url\":\"https:\\\/\\\/blogs.uef.fi\\\/tiedonhaku-fysiikka\\\/hakusanat\\\/asiasanastot\\\/\",\"name\":\"Asiasanastot - Fysiikan ja tekniikan tiedonhaku\",\"isPartOf\":{\"@id\":\"https:\\\/\\\/blogs.uef.fi\\\/tiedonhaku-fysiikka\\\/#website\"},\"primaryImageOfPage\":{\"@id\":\"https:\\\/\\\/blogs.uef.fi\\\/tiedonhaku-fysiikka\\\/hakusanat\\\/asiasanastot\\\/#primaryimage\"},\"image\":{\"@id\":\"https:\\\/\\\/blogs.uef.fi\\\/tiedonhaku-fysiikka\\\/hakusanat\\\/asiasanastot\\\/#primaryimage\"},\"thumbnailUrl\":\"https:\\\/\\\/blogs.uef.fi\\\/tiedonhaku-kemia\\\/wp-content\\\/uploads\\\/sites\\\/177\\\/2022\\\/04\\\/KEM_asiasanat_LCSH.png\",\"datePublished\":\"2015-08-07T09:48:17+00:00\",\"dateModified\":\"2024-05-17T07:37:01+00:00\",\"breadcrumb\":{\"@id\":\"https:\\\/\\\/blogs.uef.fi\\\/tiedonhaku-fysiikka\\\/hakusanat\\\/asiasanastot\\\/#breadcrumb\"},\"inLanguage\":\"fi\",\"potentialAction\":[{\"@type\":\"ReadAction\",\"target\":[\"https:\\\/\\\/blogs.uef.fi\\\/tiedonhaku-fysiikka\\\/hakusanat\\\/asiasanastot\\\/\"]}]},{\"@type\":\"ImageObject\",\"inLanguage\":\"fi\",\"@id\":\"https:\\\/\\\/blogs.uef.fi\\\/tiedonhaku-fysiikka\\\/hakusanat\\\/asiasanastot\\\/#primaryimage\",\"url\":\"https:\\\/\\\/blogs.uef.fi\\\/tiedonhaku-kemia\\\/wp-content\\\/uploads\\\/sites\\\/177\\\/2022\\\/04\\\/KEM_asiasanat_LCSH.png\",\"contentUrl\":\"https:\\\/\\\/blogs.uef.fi\\\/tiedonhaku-kemia\\\/wp-content\\\/uploads\\\/sites\\\/177\\\/2022\\\/04\\\/KEM_asiasanat_LCSH.png\"},{\"@type\":\"BreadcrumbList\",\"@id\":\"https:\\\/\\\/blogs.uef.fi\\\/tiedonhaku-fysiikka\\\/hakusanat\\\/asiasanastot\\\/#breadcrumb\",\"itemListElement\":[{\"@type\":\"ListItem\",\"position\":1,\"name\":\"Home\",\"item\":\"https:\\\/\\\/blogs.uef.fi\\\/tiedonhaku-fysiikka\\\/\"},{\"@type\":\"ListItem\",\"position\":2,\"name\":\"Hakusanat\",\"item\":\"https:\\\/\\\/blogs.uef.fi\\\/tiedonhaku-fysiikka\\\/hakusanat\\\/\"},{\"@type\":\"ListItem\",\"position\":3,\"name\":\"Asiasanastot\"}]},{\"@type\":\"WebSite\",\"@id\":\"https:\\\/\\\/blogs.uef.fi\\\/tiedonhaku-fysiikka\\\/#website\",\"url\":\"https:\\\/\\\/blogs.uef.fi\\\/tiedonhaku-fysiikka\\\/\",\"name\":\"Fysiikan ja tekniikan tiedonhaku\",\"description\":\"\",\"potentialAction\":[{\"@type\":\"SearchAction\",\"target\":{\"@type\":\"EntryPoint\",\"urlTemplate\":\"https:\\\/\\\/blogs.uef.fi\\\/tiedonhaku-fysiikka\\\/?s={search_term_string}\"},\"query-input\":{\"@type\":\"PropertyValueSpecification\",\"valueRequired\":true,\"valueName\":\"search_term_string\"}}],\"inLanguage\":\"fi\"}]}<\/script>\n<!-- \/ Yoast SEO plugin. -->","yoast_head_json":{"title":"Asiasanastot - Fysiikan ja tekniikan tiedonhaku","robots":{"index":"index","follow":"follow","max-snippet":"max-snippet:-1","max-image-preview":"max-image-preview:large","max-video-preview":"max-video-preview:-1"},"canonical":"https:\/\/blogs.uef.fi\/tiedonhaku-fysiikka\/hakusanat\/asiasanastot\/","og_locale":"fi_FI","og_type":"article","og_title":"Asiasanastot - Fysiikan ja tekniikan tiedonhaku","og_description":"Asiasanastot (englanniksi usein Thesaurus) ovat luetteloita k\u00e4ytett\u00e4vist\u00e4 asiasanoista. Asiasanastoissa my\u00f6s m\u00e4\u00e4ritell\u00e4\u00e4n k\u00e4sitteit\u00e4 ja kuvataan niiden v\u00e4lisi\u00e4 suhteita: assosiatiiviset k\u00e4sitteet (related), yl\u00e4k\u00e4sitteet (broader) ja alak\u00e4sitteet (narrower). Asiasanastot auttavat hakusanojen valinnassa Asiasanastoista: Vaikka ei k\u00e4ytt\u00e4isik\u00e4\u00e4n varsinaista asiasanastoa apuna, kannattaa silti seurata tietokannoissa asiasanakentt\u00e4\u00e4. Sielt\u00e4 n\u00e4et helposti hyvi\u00e4 hakusanoja, joita voit k\u00e4ytt\u00e4\u00e4 haussasi. Yleinen suomalainen ontologia YSO Yleinen [&hellip;]","og_url":"https:\/\/blogs.uef.fi\/tiedonhaku-fysiikka\/hakusanat\/asiasanastot\/","og_site_name":"Fysiikan ja tekniikan tiedonhaku","article_modified_time":"2024-05-17T07:37:01+00:00","og_image":[{"url":"https:\/\/blogs.uef.fi\/tiedonhaku-kemia\/wp-content\/uploads\/sites\/177\/2022\/04\/KEM_asiasanat_LCSH.png","type":"","width":"","height":""}],"twitter_card":"summary_large_image","twitter_misc":{"Arvioitu lukuaika":"3 minuuttia"},"schema":{"@context":"https:\/\/schema.org","@graph":[{"@type":"WebPage","@id":"https:\/\/blogs.uef.fi\/tiedonhaku-fysiikka\/hakusanat\/asiasanastot\/","url":"https:\/\/blogs.uef.fi\/tiedonhaku-fysiikka\/hakusanat\/asiasanastot\/","name":"Asiasanastot - Fysiikan ja tekniikan tiedonhaku","isPartOf":{"@id":"https:\/\/blogs.uef.fi\/tiedonhaku-fysiikka\/#website"},"primaryImageOfPage":{"@id":"https:\/\/blogs.uef.fi\/tiedonhaku-fysiikka\/hakusanat\/asiasanastot\/#primaryimage"},"image":{"@id":"https:\/\/blogs.uef.fi\/tiedonhaku-fysiikka\/hakusanat\/asiasanastot\/#primaryimage"},"thumbnailUrl":"https:\/\/blogs.uef.fi\/tiedonhaku-kemia\/wp-content\/uploads\/sites\/177\/2022\/04\/KEM_asiasanat_LCSH.png","datePublished":"2015-08-07T09:48:17+00:00","dateModified":"2024-05-17T07:37:01+00:00","breadcrumb":{"@id":"https:\/\/blogs.uef.fi\/tiedonhaku-fysiikka\/hakusanat\/asiasanastot\/#breadcrumb"},"inLanguage":"fi","potentialAction":[{"@type":"ReadAction","target":["https:\/\/blogs.uef.fi\/tiedonhaku-fysiikka\/hakusanat\/asiasanastot\/"]}]},{"@type":"ImageObject","inLanguage":"fi","@id":"https:\/\/blogs.uef.fi\/tiedonhaku-fysiikka\/hakusanat\/asiasanastot\/#primaryimage","url":"https:\/\/blogs.uef.fi\/tiedonhaku-kemia\/wp-content\/uploads\/sites\/177\/2022\/04\/KEM_asiasanat_LCSH.png","contentUrl":"https:\/\/blogs.uef.fi\/tiedonhaku-kemia\/wp-content\/uploads\/sites\/177\/2022\/04\/KEM_asiasanat_LCSH.png"},{"@type":"BreadcrumbList","@id":"https:\/\/blogs.uef.fi\/tiedonhaku-fysiikka\/hakusanat\/asiasanastot\/#breadcrumb","itemListElement":[{"@type":"ListItem","position":1,"name":"Home","item":"https:\/\/blogs.uef.fi\/tiedonhaku-fysiikka\/"},{"@type":"ListItem","position":2,"name":"Hakusanat","item":"https:\/\/blogs.uef.fi\/tiedonhaku-fysiikka\/hakusanat\/"},{"@type":"ListItem","position":3,"name":"Asiasanastot"}]},{"@type":"WebSite","@id":"https:\/\/blogs.uef.fi\/tiedonhaku-fysiikka\/#website","url":"https:\/\/blogs.uef.fi\/tiedonhaku-fysiikka\/","name":"Fysiikan ja tekniikan tiedonhaku","description":"","potentialAction":[{"@type":"SearchAction","target":{"@type":"EntryPoint","urlTemplate":"https:\/\/blogs.uef.fi\/tiedonhaku-fysiikka\/?s={search_term_string}"},"query-input":{"@type":"PropertyValueSpecification","valueRequired":true,"valueName":"search_term_string"}}],"inLanguage":"fi"}]}},"_links":{"self":[{"href":"https:\/\/blogs.uef.fi\/tiedonhaku-fysiikka\/wp-json\/wp\/v2\/pages\/330","targetHints":{"allow":["GET"]}}],"collection":[{"href":"https:\/\/blogs.uef.fi\/tiedonhaku-fysiikka\/wp-json\/wp\/v2\/pages"}],"about":[{"href":"https:\/\/blogs.uef.fi\/tiedonhaku-fysiikka\/wp-json\/wp\/v2\/types\/page"}],"author":[{"embeddable":true,"href":"https:\/\/blogs.uef.fi\/tiedonhaku-fysiikka\/wp-json\/wp\/v2\/users\/127"}],"replies":[{"embeddable":true,"href":"https:\/\/blogs.uef.fi\/tiedonhaku-fysiikka\/wp-json\/wp\/v2\/comments?post=330"}],"version-history":[{"count":1,"href":"https:\/\/blogs.uef.fi\/tiedonhaku-fysiikka\/wp-json\/wp\/v2\/pages\/330\/revisions"}],"predecessor-version":[{"id":4008,"href":"https:\/\/blogs.uef.fi\/tiedonhaku-fysiikka\/wp-json\/wp\/v2\/pages\/330\/revisions\/4008"}],"up":[{"embeddable":true,"href":"https:\/\/blogs.uef.fi\/tiedonhaku-fysiikka\/wp-json\/wp\/v2\/pages\/12"}],"wp:attachment":[{"href":"https:\/\/blogs.uef.fi\/tiedonhaku-fysiikka\/wp-json\/wp\/v2\/media?parent=330"}],"curies":[{"name":"wp","href":"https:\/\/api.w.org\/{rel}","templated":true}]}}