{"id":275,"date":"2015-08-07T05:50:36","date_gmt":"2015-08-07T05:50:36","guid":{"rendered":"https:\/\/ueflibraryfys.wordpress.com\/?page_id=275"},"modified":"2025-01-03T15:03:05","modified_gmt":"2025-01-03T13:03:05","slug":"viittaaminen","status":"publish","type":"page","link":"https:\/\/blogs.uef.fi\/tiedonhaku-fysiikka\/hakutulokset\/viittaaminen\/","title":{"rendered":"Viittaaminen ja tekij\u00e4noikeus"},"content":{"rendered":"\n<p style=\"font-size:17px\">L\u00e4hteisiin viittaaminen muodostuu kahdesta osasta:<\/p>\n\n\n\n<ul class=\"wp-block-list\">\n<li>l\u00e4hdeviitteest\u00e4 (tekstiviitteest\u00e4)<\/li>\n\n\n\n<li>l\u00e4hdeluettelosta (kirjallisuusluettelosta)<\/li>\n<\/ul>\n\n\n\n<p><strong>Lyhyt l\u00e4hdeviite ohjaa julkaisun lopussa olevaan l\u00e4hdeluetteloon<\/strong>, jonka tulee sis\u00e4lt\u00e4\u00e4 tarkat tiedot k\u00e4ytetyist\u00e4 l\u00e4hteist\u00e4. Luettelon avulla lukija halutessaan l\u00f6yt\u00e4\u00e4 l\u00e4hteet.<\/p>\n\n\n\n<figure class=\"wp-block-image size-full is-resized\"><img loading=\"lazy\" decoding=\"async\" width=\"1797\" height=\"471\" src=\"https:\/\/blogs.uef.fi\/tiedonhaku-fysiikka\/wp-content\/uploads\/sites\/49\/2021\/09\/FYStekstiviittaus.png\" alt=\"Kuvakaappaus. P\u00e4tk\u00e4 teksti\u00e4 artikkelista. Suluissa tietol\u00e4hde: kaksi sukunime\u00e4 Crouch &amp; Mazur; vuosiluku 2001.\" class=\"wp-image-1963\" srcset=\"https:\/\/blogs.uef.fi\/tiedonhaku-fysiikka\/wp-content\/uploads\/sites\/49\/2021\/09\/FYStekstiviittaus.png 1797w, https:\/\/blogs.uef.fi\/tiedonhaku-fysiikka\/wp-content\/uploads\/sites\/49\/2021\/09\/FYStekstiviittaus-300x79.png 300w, https:\/\/blogs.uef.fi\/tiedonhaku-fysiikka\/wp-content\/uploads\/sites\/49\/2021\/09\/FYStekstiviittaus-1024x268.png 1024w, https:\/\/blogs.uef.fi\/tiedonhaku-fysiikka\/wp-content\/uploads\/sites\/49\/2021\/09\/FYStekstiviittaus-768x201.png 768w, https:\/\/blogs.uef.fi\/tiedonhaku-fysiikka\/wp-content\/uploads\/sites\/49\/2021\/09\/FYStekstiviittaus-1536x403.png 1536w\" sizes=\"auto, (max-width: 1797px) 100vw, 1797px\" \/><figcaption class=\"wp-element-caption\"><em>Tekstin sis\u00e4inen viite on lyhyt.<\/em><\/figcaption><\/figure>\n\n\n\n<p><strong>L\u00e4hdeluettelossa on tiedot k\u00e4ytetyist\u00e4 l\u00e4hteist\u00e4.<\/strong> L\u00e4hdeluetteloon merkit\u00e4\u00e4n kaikki ne l\u00e4hteet, joihin ty\u00f6ss\u00e4 on viitattu. L\u00e4hdeviitteen ja l\u00e4hdeluettelon tietojen t\u00e4ytyy vastata tarkasti toisiaan, jotta tekstiss\u00e4 mainittu l\u00e4hde l\u00f6ytyy l\u00e4hdeluettelosta helposti.<\/p>\n\n\n\n<figure class=\"wp-block-image size-full is-resized\"><img loading=\"lazy\" decoding=\"async\" width=\"2593\" height=\"1000\" src=\"https:\/\/blogs.uef.fi\/tiedonhaku-fysiikka\/wp-content\/uploads\/sites\/49\/2021\/09\/FYSlahdeviittaus.png\" alt=\"Teksti\u00e4: yhden artikkelin tiedot sellaisena kuin ne ovat l\u00e4hdeluettelossa. Vuosiluku tulee tekij\u00f6iden j\u00e4lkeen. Lehden nimi on artikkelin nimen j\u00e4lkeen. Sen per\u00e4ss\u00e4 numerot, joista ensimm\u00e4inen tarkoittaa lehden volyymi\u00e4 ja sulkujen sis\u00e4ll\u00e4 lehden numeroa. Lopuksi sivunumerot tunnuksella: p. numero v\u00e4liviiva numero.\" class=\"wp-image-1969\" srcset=\"https:\/\/blogs.uef.fi\/tiedonhaku-fysiikka\/wp-content\/uploads\/sites\/49\/2021\/09\/FYSlahdeviittaus.png 2593w, https:\/\/blogs.uef.fi\/tiedonhaku-fysiikka\/wp-content\/uploads\/sites\/49\/2021\/09\/FYSlahdeviittaus-300x116.png 300w, https:\/\/blogs.uef.fi\/tiedonhaku-fysiikka\/wp-content\/uploads\/sites\/49\/2021\/09\/FYSlahdeviittaus-1024x395.png 1024w, https:\/\/blogs.uef.fi\/tiedonhaku-fysiikka\/wp-content\/uploads\/sites\/49\/2021\/09\/FYSlahdeviittaus-768x296.png 768w, https:\/\/blogs.uef.fi\/tiedonhaku-fysiikka\/wp-content\/uploads\/sites\/49\/2021\/09\/FYSlahdeviittaus-1536x592.png 1536w, https:\/\/blogs.uef.fi\/tiedonhaku-fysiikka\/wp-content\/uploads\/sites\/49\/2021\/09\/FYSlahdeviittaus-2048x790.png 2048w\" sizes=\"auto, (max-width: 2593px) 100vw, 2593px\" \/><figcaption class=\"wp-element-caption\"><em>Yhden lehtiartikkelin tiedot l\u00e4hdeluettelossa.<\/em><\/figcaption><\/figure>\n\n\n\n<p>L\u00e4hdeluettelossa annetaan lukijalle riitt\u00e4v\u00e4t tiedot tunnistaa ja l\u00f6yt\u00e4\u00e4 julkaisu, johon kirjoituksessa viitataan. N\u00e4in esim. tutkielman tarkastaja voi tarkistaa esitetyn paikkansapit\u00e4vyyden. Lis\u00e4ksi l\u00e4hdeviitteill\u00e4 annetaan tunnustus sille, jolle tunnustus kuuluu.<\/p>\n\n\n\n<p>Tiedonl\u00e4hde voi olla muukin kuin kirjallinen l\u00e4hde, esimerkiksi suullinen tieto tai haastattelu. N\u00e4m\u00e4kin l\u00e4hteet merkit\u00e4\u00e4n aina. Kullakin oppiaineella ja organisaatiolla on omat ohjeensa siit\u00e4, kuinka t\u00e4m\u00e4 tehd\u00e4\u00e4n, eik\u00e4 k\u00e4yt\u00e4nt\u00f6 ole niin vakiintunut kuin kirjallisuusl\u00e4hteiden kohdalla.<\/p>\n\n\n\n<h2 class=\"wp-block-heading\">Tietokantojen tietueista l\u00f6ytyy samoja elementtej\u00e4 kuin l\u00e4hdeluettelon viitteist\u00e4<\/h2>\n\n\n\n<figure class=\"wp-block-image size-full\"><img loading=\"lazy\" decoding=\"async\" width=\"789\" height=\"159\" src=\"https:\/\/blogs.uef.fi\/tiedonhaku-fysiikka\/wp-content\/uploads\/sites\/49\/2021\/09\/FYStietokantatietue.png\" alt=\"Kuvakaappaus tietokannasta: artikkelin tiedot. N\u00e4kyvill\u00e4 artikkelin nimi, tekij\u00e4t sek\u00e4 julkaisun tiedot. P\u00e4tk\u00e4 tiivistelm\u00e4st\u00e4 ja tieto, ett\u00e4 artikkeli on vertaisarvioitu. Lis\u00e4ksi toiminton\u00e4pp\u00e4imi\u00e4.\" class=\"wp-image-1960\" srcset=\"https:\/\/blogs.uef.fi\/tiedonhaku-fysiikka\/wp-content\/uploads\/sites\/49\/2021\/09\/FYStietokantatietue.png 789w, https:\/\/blogs.uef.fi\/tiedonhaku-fysiikka\/wp-content\/uploads\/sites\/49\/2021\/09\/FYStietokantatietue-300x60.png 300w, https:\/\/blogs.uef.fi\/tiedonhaku-fysiikka\/wp-content\/uploads\/sites\/49\/2021\/09\/FYStietokantatietue-768x155.png 768w\" sizes=\"auto, (max-width: 789px) 100vw, 789px\" \/><figcaption class=\"wp-element-caption\"><em>Kuva UEF-Primon tietueesta.<\/em><\/figcaption><\/figure>\n\n\n\n<p>Tietokannasta voit saada my\u00f6s apua l\u00e4hdeviitteen kirjoittamiseen. Monessa tietokannassa on toiminto, jolla saat n\u00e4yt\u00f6ll\u00e4 n\u00e4kyv\u00e4st\u00e4 julkaisusta automaattisesti \u201draakaviitteen\u201d, jota voit jalostaa edelleen omien ohjeidesi mukaisesti.<\/p>\n\n\n\n<figure class=\"wp-block-image size-full\"><img loading=\"lazy\" decoding=\"async\" width=\"1510\" height=\"603\" src=\"https:\/\/blogs.uef.fi\/tiedonhaku-fysiikka\/wp-content\/uploads\/sites\/49\/2025\/01\/KEM_viitetyylit.png\" alt=\"Kuvakaappaus. Kirjan tietojen toimintorivill\u00e4 kuvakkeita, joita ymp\u00e4r\u00f6ity kohta: &quot; VIITE. N\u00e4kyvill\u00e4 Vancouver-mallinen viittaus. Ohje: Tyylein\u00e4 on tarjolla seitsem\u00e4n yleisesti k\u00e4ytetty\u00e4 kansainv\u00e4list\u00e4 viittausmallia. Muokkaa ja t\u00e4ydenn\u00e4 viittausta tarvittaessa.\" class=\"wp-image-4478\" srcset=\"https:\/\/blogs.uef.fi\/tiedonhaku-fysiikka\/wp-content\/uploads\/sites\/49\/2025\/01\/KEM_viitetyylit.png 1510w, https:\/\/blogs.uef.fi\/tiedonhaku-fysiikka\/wp-content\/uploads\/sites\/49\/2025\/01\/KEM_viitetyylit-300x120.png 300w, https:\/\/blogs.uef.fi\/tiedonhaku-fysiikka\/wp-content\/uploads\/sites\/49\/2025\/01\/KEM_viitetyylit-1024x409.png 1024w, https:\/\/blogs.uef.fi\/tiedonhaku-fysiikka\/wp-content\/uploads\/sites\/49\/2025\/01\/KEM_viitetyylit-768x307.png 768w\" sizes=\"auto, (max-width: 1510px) 100vw, 1510px\" \/><figcaption class=\"wp-element-caption\">Kuvan esimerkki on UEF-Primosta. Kansainv\u00e4lisiss\u00e4 tietokannoissa toiminnon nimi on Cite.<\/figcaption><\/figure>\n\n\n\n<div class=\"links-block\">\n\n    \n    <ul class=\"link-list\">\n        \n            \n            <li class=\"link-list-item\">\n                <a href=\"https:\/\/uef.cloud.panopto.eu\/Panopto\/Pages\/Viewer.aspx?id=ae7f707a-bec5-4ea3-a0f1-b03d0097e437\" class=\"link-reset link hover-scale-down\">\n                    <svg\n        width=\"43\" height=\"25\"\n        viewBox=\"0 0 43 25\"\n        xmlns=\"http:\/\/www.w3.org\/2000\/svg\">\n    <path\n        d=\"M30.027 0 43 12.5 30.027 25 27 22.083 34.351 15H0v-5h34.351L27 2.917z\"\n        fill=\"currentColor\"\n        fill-rule=\"evenodd\"\/>\n<\/svg>                    <div>Katso video Viite-napin ym. toiminton\u00e4pp\u00e4inten k\u00e4yt\u00f6st\u00e4 (1:09)<\/div>\n                <\/a>\n                <div class=\"link-info\">\n                                    <\/div>\n            <\/li>\n\n                <\/ul>\n<\/div>\n\n\n<h2 class=\"wp-block-heading\">Tulkitse l\u00e4hdeluetteloa oikein<\/h2>\n\n\n\n<p>Koska l\u00e4hdeluettelo on tarkoitettu alkuper\u00e4isten julkaisjen j\u00e4ljitt\u00e4miseen, opit k\u00e4ytt\u00e4m\u00e4\u00e4n l\u00e4hdeluetteloa samalla kun opettelet itse kirjoittamaan oman ty\u00f6si l\u00e4hdeluettelon. Merkint\u00e4tavoissa on hieman eroja julkaisusta ja tieteenalasta riippuen, mutta perusasiat ovat melko samanlaisia.<\/p>\n\n\n\n<figure class=\"wp-block-image size-full is-resized\"><img loading=\"lazy\" decoding=\"async\" width=\"1775\" height=\"565\" src=\"https:\/\/blogs.uef.fi\/tiedonhaku-fysiikka\/wp-content\/uploads\/sites\/49\/2021\/09\/FYSviitteet.png\" alt=\"Teksti\u00e4. Kolme erilaista l\u00e4hdeviitett\u00e4. Kun viitteess\u00e4 on n\u00e4kyvill\u00e4 sivunumerot tietyll\u00e4 v\u00e4lill\u00e4, se tarkoittaa, ett\u00e4 kyseess\u00e4 on artikkeli. Kun sivuja ei mainita, kyseess\u00e4 on kirja. Jos viitteess\u00e4 on mainittu In (tai suomeksi Julkaisussa:) se tarkoittaa, ett\u00e4 kyseess\u00e4 on artikkeli kirjassa.\" class=\"wp-image-2096\" srcset=\"https:\/\/blogs.uef.fi\/tiedonhaku-fysiikka\/wp-content\/uploads\/sites\/49\/2021\/09\/FYSviitteet.png 1775w, https:\/\/blogs.uef.fi\/tiedonhaku-fysiikka\/wp-content\/uploads\/sites\/49\/2021\/09\/FYSviitteet-300x95.png 300w, https:\/\/blogs.uef.fi\/tiedonhaku-fysiikka\/wp-content\/uploads\/sites\/49\/2021\/09\/FYSviitteet-1024x326.png 1024w, https:\/\/blogs.uef.fi\/tiedonhaku-fysiikka\/wp-content\/uploads\/sites\/49\/2021\/09\/FYSviitteet-768x244.png 768w, https:\/\/blogs.uef.fi\/tiedonhaku-fysiikka\/wp-content\/uploads\/sites\/49\/2021\/09\/FYSviitteet-1536x489.png 1536w\" sizes=\"auto, (max-width: 1775px) 100vw, 1775px\" \/><\/figure>\n\n\n\n<h2 class=\"wp-block-heading\">Mik\u00e4 on plagioinnin ja viittaamisen v\u00e4linen ero?<\/h2>\n\n\n\n<p>Plagiointi = \u201cToisen henkil\u00f6n ty\u00f6n j\u00e4ljent\u00e4minen ja esitt\u00e4minen omanaan, henkisen omaisuuden varastaminen.\u201d (l\u00e4hde: Nurmi T.: Suomen kielen sanakirja, Jyv\u00e4skyl\u00e4: Gummerus, 1992).<\/p>\n\n\n\n<p><strong>Plagiointia on se, ett\u00e4 ei esitet\u00e4 l\u00e4hdett\u00e4, josta tieto, ajatus tai selitys on oikeasti per\u00e4isin.<\/strong><\/p>\n\n\n\n<p>Sen sijaan viittaamalla l\u00e4hteisiin kirjoittaja osoittaa, mit\u00e4 aikaisempia teorioita, metodeja ja tuloksia h\u00e4nell\u00e4 on ollut tiedossaan ja miten h\u00e4n suhteuttaa omat tuloksensa toisten tulkintoihin. Viittaaminen kuuluu olennaisesti tutkimukseen.<\/p>\n\n\n\n<p><strong>Viittaus eli referointi tarkoittaa toisen henkil\u00f6n ajatuksen esitt\u00e4mist\u00e4 omin sanoin.<\/strong> T\u00e4m\u00e4 on suoteltu tapa tutkimusjulkaisussa.<br><br><strong>Lainaus eli sitaatti tarkoittaa sanasta sanaan kopioitua otetta toisen kirjoittamasta tekstist\u00e4.<\/strong> <\/p>\n\n\n\n<p>Lainaus pit\u00e4\u00e4 merkit\u00e4 selv\u00e4sti, esim. lainausmerkein (lyhyt p\u00e4tk\u00e4) tai sisent\u00e4m\u00e4ll\u00e4 (useampi virke). Suoraa lainausta k\u00e4ytet\u00e4\u00e4n vain silloin kun on olennaista esitt\u00e4\u00e4 asia juuri samoin sanoin kuin alkuper\u00e4isess\u00e4 tekstiss\u00e4. Lainaus tehd\u00e4\u00e4n mahdollisimman lyhyen\u00e4.<\/p>\n\n\n\n<h2 class=\"wp-block-heading\">Tekij\u00e4noikeus ohjaa k\u00e4ytt\u00f6\u00e4<\/h2>\n\n\n\n<p><a href=\"http:\/\/www.finlex.fi\/fi\/laki\/ajantasa\/1961\/19610404\">Tekij\u00e4noikeuslaki(1961\/404) <\/a>ja -asetus s\u00e4\u00e4telev\u00e4t julkaisujen (julkaistujen teosten) k\u00e4ytt\u00f6\u00e4 yleisesti. Elektroninenkin aineisto on tekij\u00e4noikeuslain suojaamaa.<\/p>\n\n\n\n<p>Sitaattioikeuden mukaan teoksesta saa ottaa lainauksia, kuten edell\u00e4 on kuvattu. Sitaati pit\u00e4\u00e4 olla tarkoituksenmukainen ja mahdollisimman lyhyt. Tekstiin viittaaminen ei yleens\u00e4 ole ongelmallista, koska julkaisusta ei lainata kuin pieni\u00e4 osia.<\/p>\n\n\n\n<h3 class=\"wp-block-heading\">Voinko k\u00e4ytt\u00e4\u00e4 kuvia, karttoja ja taulukoita omassa ty\u00f6ss\u00e4ni?<\/h3>\n\n\n\n<p>Valokuvien ja yksityiskohtaisten karttojen kanssa pit\u00e4\u00e4 olla erityisen tarkkana. Ne ovat yleens\u00e4 itsen\u00e4isi\u00e4 kokonaisuuksia, joita ei voi k\u00e4ytt\u00e4\u00e4 sellaisenaan ilman tekij\u00e4n lupaa. <\/p>\n\n\n\n<p>Varsinkin valokuvien k\u00e4ytt\u00f6 pelk\u00e4st\u00e4\u00e4n el\u00e4v\u00f6itt\u00e4m\u00e4\u00e4n teksti\u00e4 on kielletty. Valokuvaa voi k\u00e4ytt\u00e4\u00e4 jos se sis\u00e4lt\u00e4\u00e4 erityist\u00e4 informaatiota, jota muuten on vaikea todentaa. Poikkeus ovat <strong><a href=\"https:\/\/creativecommons.fi\/lisenssit\/\">CC-lisensoidut<\/a><\/strong> ja <strong>Public domain<\/strong> -aineistot, joita voi k\u00e4ytt\u00e4\u00e4 kyselem\u00e4tt\u00e4, lisenssiehtojen mukaan.<\/p>\n\n\n\n<p>Sen sijaan taulukon tiedot voi siirt\u00e4\u00e4 omaan ty\u00f6h\u00f6n, kunhan viittaus alkuper\u00e4iseen l\u00e4hteeseen on asianmukainen.<\/p>\n\n\n\n<h2 class=\"wp-block-heading\">Tietokantojen k\u00e4ytt\u00f6oikeudet<\/h2>\n\n\n\n<p>Tekij\u00e4noikeuksien&nbsp; lis\u00e4ksi aineistojen k\u00e4ytt\u00f6\u00e4 s\u00e4\u00e4telev\u00e4t kustantajien ja aineiston tarjoajien oikeudet. N\u00e4m\u00e4 liittyv\u00e4t <strong>k\u00e4ytt\u00f6tarkoitukseen, tallentamiseen ja aineistojen jakamiseen<\/strong> edelleen.<\/p>\n\n\n\n<h3 class=\"wp-block-heading\">Verkkoaineistojen k\u00e4ytt\u00f6<\/h3>\n\n\n\n<p><strong>Kirjaston hankkimien<\/strong> elektronisen julkaisujen (e-kirjojen, e-lehtien, hakuteoksien, sanakirjojen) sek\u00e4 tietokantojen k\u00e4ytt\u00f6\u00e4 s\u00e4\u00e4telev\u00e4t erilliset sopimusehdot.<\/p>\n\n\n\n<h3 class=\"wp-block-heading\">Mit\u00e4 saa tehd\u00e4?<\/h3>\n\n\n\n<ul class=\"wp-block-list\">\n<li>k\u00e4ytt\u00e4\u00e4 opiskeluun ja tutkimukseen<\/li>\n\n\n\n<li>kohtuullisessa m\u00e4\u00e4rin tulostaa paperille ja tallentaa tiedostoon hakutuloksia ja artikkeleita<\/li>\n\n\n\n<li>tulostaa tai tallentaa osia e-kirjoista<\/li>\n\n\n\n<li>l\u00e4hett\u00e4\u00e4 yksitt\u00e4isi\u00e4 tiedostoja s\u00e4hk\u00f6isesti kollegalle h\u00e4nen omaan tutkimusk\u00e4ytt\u00f6\u00f6ns\u00e4, \u201dtieteellisen kommunikaation nimiss\u00e4\u201d<\/li>\n\n\n\n<li>tehd\u00e4 oppimisymp\u00e4rist\u00f6\u00f6n tai verkkosivuille linkin artikkeliin, e-kirjaan tms.<\/li>\n<\/ul>\n\n\n\n<h3 class=\"wp-block-heading\">Mit\u00e4 ei saa tehd\u00e4?<\/h3>\n\n\n\n<ul class=\"wp-block-list\">\n<li>k\u00e4ytt\u00e4\u00e4 kaupallisiin tarkoituksiin<\/li>\n\n\n\n<li>tallentaa hakutuloksia suuria m\u00e4\u00e4ri\u00e4 j\u00e4rjestelm\u00e4llisesti<\/li>\n\n\n\n<li>tallentaa tai tulostaa kokonaista e-kirjaa<\/li>\n\n\n\n<li>jakaa aineistoa muille kuin sen k\u00e4ytt\u00f6\u00f6n oikeutetuille<\/li>\n\n\n\n<li>tallentaa alkuper\u00e4ist\u00e4 artikkelia (esim. pdf) ja muita vastaavia e-aineistoja oppimisymp\u00e4rist\u00f6\u00f6n tai verkkosivuille<\/li>\n<\/ul>\n\n\n\n<h3 class=\"wp-block-heading\">Kuka saa k\u00e4ytt\u00e4\u00e4?<\/h3>\n\n\n\n<ul class=\"wp-block-list\">\n<li>Ostetut elektroniset aineistot ovat It\u00e4-Suomen yliopiston <strong>perus- ja jatko-opiskelijoiden sek\u00e4 henkil\u00f6kunnan<\/strong> k\u00e4ytett\u00e4viss\u00e4 yliopiston verkossa sek\u00e4 et\u00e4yhteydell\u00e4 muualtakin.<\/li>\n\n\n\n<li><strong>Ulkopuoliset asiakkaat<\/strong> saavat k\u00e4ytt\u00e4\u00e4 aineistoja kampuskirjaston asiakaskoneilla.<\/li>\n<\/ul>\n\n\n\n<p class=\"has-text-align-right\">Oppimateriaali p\u00e4\u00e4ttyy t\u00e4h\u00e4n. Palaa <a href=\"https:\/\/blogs.uef.fi\/tiedonhaku-fysiikka\/\">kurssin etusivulle<\/a>.<\/p>\n","protected":false},"excerpt":{"rendered":"<p>L\u00e4hteisiin viittaaminen muodostuu kahdesta osasta: Lyhyt l\u00e4hdeviite ohjaa julkaisun lopussa olevaan l\u00e4hdeluetteloon, jonka tulee sis\u00e4lt\u00e4\u00e4 tarkat tiedot k\u00e4ytetyist\u00e4 l\u00e4hteist\u00e4. Luettelon avulla lukija halutessaan l\u00f6yt\u00e4\u00e4 l\u00e4hteet. L\u00e4hdeluettelossa on tiedot k\u00e4ytetyist\u00e4 l\u00e4hteist\u00e4. L\u00e4hdeluetteloon merkit\u00e4\u00e4n kaikki ne l\u00e4hteet, joihin ty\u00f6ss\u00e4 on viitattu. L\u00e4hdeviitteen ja l\u00e4hdeluettelon tietojen t\u00e4ytyy vastata tarkasti toisiaan, jotta tekstiss\u00e4 mainittu l\u00e4hde l\u00f6ytyy l\u00e4hdeluettelosta helposti. L\u00e4hdeluettelossa [&hellip;]<\/p>\n","protected":false},"author":127,"featured_media":0,"parent":953,"menu_order":4,"comment_status":"closed","ping_status":"closed","template":"","meta":{"_acf_changed":false,"footnotes":""},"class_list":["post-275","page","type-page","status-publish","hentry"],"acf":[],"yoast_head":"<!-- This site is optimized with the Yoast SEO plugin v27.1.1 - https:\/\/yoast.com\/product\/yoast-seo-wordpress\/ -->\n<title>Viittaaminen ja tekij\u00e4noikeus - Fysiikan ja tekniikan tiedonhaku<\/title>\n<meta name=\"robots\" content=\"index, follow, max-snippet:-1, max-image-preview:large, max-video-preview:-1\" \/>\n<link rel=\"canonical\" href=\"https:\/\/blogs.uef.fi\/tiedonhaku-fysiikka\/hakutulokset\/viittaaminen\/\" \/>\n<meta property=\"og:locale\" content=\"fi_FI\" \/>\n<meta property=\"og:type\" content=\"article\" \/>\n<meta property=\"og:title\" content=\"Viittaaminen ja tekij\u00e4noikeus - Fysiikan ja tekniikan tiedonhaku\" \/>\n<meta property=\"og:description\" content=\"L\u00e4hteisiin viittaaminen muodostuu kahdesta osasta: Lyhyt l\u00e4hdeviite ohjaa julkaisun lopussa olevaan l\u00e4hdeluetteloon, jonka tulee sis\u00e4lt\u00e4\u00e4 tarkat tiedot k\u00e4ytetyist\u00e4 l\u00e4hteist\u00e4. Luettelon avulla lukija halutessaan l\u00f6yt\u00e4\u00e4 l\u00e4hteet. L\u00e4hdeluettelossa on tiedot k\u00e4ytetyist\u00e4 l\u00e4hteist\u00e4. L\u00e4hdeluetteloon merkit\u00e4\u00e4n kaikki ne l\u00e4hteet, joihin ty\u00f6ss\u00e4 on viitattu. L\u00e4hdeviitteen ja l\u00e4hdeluettelon tietojen t\u00e4ytyy vastata tarkasti toisiaan, jotta tekstiss\u00e4 mainittu l\u00e4hde l\u00f6ytyy l\u00e4hdeluettelosta helposti. L\u00e4hdeluettelossa [&hellip;]\" \/>\n<meta property=\"og:url\" content=\"https:\/\/blogs.uef.fi\/tiedonhaku-fysiikka\/hakutulokset\/viittaaminen\/\" \/>\n<meta property=\"og:site_name\" content=\"Fysiikan ja tekniikan tiedonhaku\" \/>\n<meta property=\"article:modified_time\" content=\"2025-01-03T13:03:05+00:00\" \/>\n<meta property=\"og:image\" content=\"https:\/\/blogs.uef.fi\/tiedonhaku-fysiikka\/wp-content\/uploads\/sites\/49\/2021\/09\/FYStekstiviittaus.png\" \/>\n\t<meta property=\"og:image:width\" content=\"1797\" \/>\n\t<meta property=\"og:image:height\" content=\"471\" \/>\n\t<meta property=\"og:image:type\" content=\"image\/png\" \/>\n<meta name=\"twitter:card\" content=\"summary_large_image\" \/>\n<meta name=\"twitter:label1\" content=\"Arvioitu lukuaika\" \/>\n\t<meta name=\"twitter:data1\" content=\"5 minuuttia\" \/>\n<script type=\"application\/ld+json\" class=\"yoast-schema-graph\">{\"@context\":\"https:\/\/schema.org\",\"@graph\":[{\"@type\":\"WebPage\",\"@id\":\"https:\/\/blogs.uef.fi\/tiedonhaku-fysiikka\/hakutulokset\/viittaaminen\/\",\"url\":\"https:\/\/blogs.uef.fi\/tiedonhaku-fysiikka\/hakutulokset\/viittaaminen\/\",\"name\":\"Viittaaminen ja tekij\u00e4noikeus - Fysiikan ja tekniikan tiedonhaku\",\"isPartOf\":{\"@id\":\"https:\/\/blogs.uef.fi\/tiedonhaku-fysiikka\/#website\"},\"primaryImageOfPage\":{\"@id\":\"https:\/\/blogs.uef.fi\/tiedonhaku-fysiikka\/hakutulokset\/viittaaminen\/#primaryimage\"},\"image\":{\"@id\":\"https:\/\/blogs.uef.fi\/tiedonhaku-fysiikka\/hakutulokset\/viittaaminen\/#primaryimage\"},\"thumbnailUrl\":\"https:\/\/blogs.uef.fi\/tiedonhaku-fysiikka\/wp-content\/uploads\/sites\/49\/2021\/09\/FYStekstiviittaus.png\",\"datePublished\":\"2015-08-07T05:50:36+00:00\",\"dateModified\":\"2025-01-03T13:03:05+00:00\",\"breadcrumb\":{\"@id\":\"https:\/\/blogs.uef.fi\/tiedonhaku-fysiikka\/hakutulokset\/viittaaminen\/#breadcrumb\"},\"inLanguage\":\"fi\",\"potentialAction\":[{\"@type\":\"ReadAction\",\"target\":[\"https:\/\/blogs.uef.fi\/tiedonhaku-fysiikka\/hakutulokset\/viittaaminen\/\"]}]},{\"@type\":\"ImageObject\",\"inLanguage\":\"fi\",\"@id\":\"https:\/\/blogs.uef.fi\/tiedonhaku-fysiikka\/hakutulokset\/viittaaminen\/#primaryimage\",\"url\":\"https:\/\/blogs.uef.fi\/tiedonhaku-fysiikka\/wp-content\/uploads\/sites\/49\/2021\/09\/FYStekstiviittaus.png\",\"contentUrl\":\"https:\/\/blogs.uef.fi\/tiedonhaku-fysiikka\/wp-content\/uploads\/sites\/49\/2021\/09\/FYStekstiviittaus.png\",\"width\":1797,\"height\":471},{\"@type\":\"BreadcrumbList\",\"@id\":\"https:\/\/blogs.uef.fi\/tiedonhaku-fysiikka\/hakutulokset\/viittaaminen\/#breadcrumb\",\"itemListElement\":[{\"@type\":\"ListItem\",\"position\":1,\"name\":\"Home\",\"item\":\"https:\/\/blogs.uef.fi\/tiedonhaku-fysiikka\/\"},{\"@type\":\"ListItem\",\"position\":2,\"name\":\"Hakutulokset\",\"item\":\"https:\/\/blogs.uef.fi\/tiedonhaku-fysiikka\/hakutulokset\/\"},{\"@type\":\"ListItem\",\"position\":3,\"name\":\"Viittaaminen ja tekij\u00e4noikeus\"}]},{\"@type\":\"WebSite\",\"@id\":\"https:\/\/blogs.uef.fi\/tiedonhaku-fysiikka\/#website\",\"url\":\"https:\/\/blogs.uef.fi\/tiedonhaku-fysiikka\/\",\"name\":\"Fysiikan ja tekniikan tiedonhaku\",\"description\":\"\",\"potentialAction\":[{\"@type\":\"SearchAction\",\"target\":{\"@type\":\"EntryPoint\",\"urlTemplate\":\"https:\/\/blogs.uef.fi\/tiedonhaku-fysiikka\/?s={search_term_string}\"},\"query-input\":{\"@type\":\"PropertyValueSpecification\",\"valueRequired\":true,\"valueName\":\"search_term_string\"}}],\"inLanguage\":\"fi\"}]}<\/script>\n<!-- \/ Yoast SEO plugin. -->","yoast_head_json":{"title":"Viittaaminen ja tekij\u00e4noikeus - Fysiikan ja tekniikan tiedonhaku","robots":{"index":"index","follow":"follow","max-snippet":"max-snippet:-1","max-image-preview":"max-image-preview:large","max-video-preview":"max-video-preview:-1"},"canonical":"https:\/\/blogs.uef.fi\/tiedonhaku-fysiikka\/hakutulokset\/viittaaminen\/","og_locale":"fi_FI","og_type":"article","og_title":"Viittaaminen ja tekij\u00e4noikeus - Fysiikan ja tekniikan tiedonhaku","og_description":"L\u00e4hteisiin viittaaminen muodostuu kahdesta osasta: Lyhyt l\u00e4hdeviite ohjaa julkaisun lopussa olevaan l\u00e4hdeluetteloon, jonka tulee sis\u00e4lt\u00e4\u00e4 tarkat tiedot k\u00e4ytetyist\u00e4 l\u00e4hteist\u00e4. Luettelon avulla lukija halutessaan l\u00f6yt\u00e4\u00e4 l\u00e4hteet. L\u00e4hdeluettelossa on tiedot k\u00e4ytetyist\u00e4 l\u00e4hteist\u00e4. L\u00e4hdeluetteloon merkit\u00e4\u00e4n kaikki ne l\u00e4hteet, joihin ty\u00f6ss\u00e4 on viitattu. L\u00e4hdeviitteen ja l\u00e4hdeluettelon tietojen t\u00e4ytyy vastata tarkasti toisiaan, jotta tekstiss\u00e4 mainittu l\u00e4hde l\u00f6ytyy l\u00e4hdeluettelosta helposti. L\u00e4hdeluettelossa [&hellip;]","og_url":"https:\/\/blogs.uef.fi\/tiedonhaku-fysiikka\/hakutulokset\/viittaaminen\/","og_site_name":"Fysiikan ja tekniikan tiedonhaku","article_modified_time":"2025-01-03T13:03:05+00:00","og_image":[{"width":1797,"height":471,"url":"https:\/\/blogs.uef.fi\/tiedonhaku-fysiikka\/wp-content\/uploads\/sites\/49\/2021\/09\/FYStekstiviittaus.png","type":"image\/png"}],"twitter_card":"summary_large_image","twitter_misc":{"Arvioitu lukuaika":"5 minuuttia"},"schema":{"@context":"https:\/\/schema.org","@graph":[{"@type":"WebPage","@id":"https:\/\/blogs.uef.fi\/tiedonhaku-fysiikka\/hakutulokset\/viittaaminen\/","url":"https:\/\/blogs.uef.fi\/tiedonhaku-fysiikka\/hakutulokset\/viittaaminen\/","name":"Viittaaminen ja tekij\u00e4noikeus - Fysiikan ja tekniikan tiedonhaku","isPartOf":{"@id":"https:\/\/blogs.uef.fi\/tiedonhaku-fysiikka\/#website"},"primaryImageOfPage":{"@id":"https:\/\/blogs.uef.fi\/tiedonhaku-fysiikka\/hakutulokset\/viittaaminen\/#primaryimage"},"image":{"@id":"https:\/\/blogs.uef.fi\/tiedonhaku-fysiikka\/hakutulokset\/viittaaminen\/#primaryimage"},"thumbnailUrl":"https:\/\/blogs.uef.fi\/tiedonhaku-fysiikka\/wp-content\/uploads\/sites\/49\/2021\/09\/FYStekstiviittaus.png","datePublished":"2015-08-07T05:50:36+00:00","dateModified":"2025-01-03T13:03:05+00:00","breadcrumb":{"@id":"https:\/\/blogs.uef.fi\/tiedonhaku-fysiikka\/hakutulokset\/viittaaminen\/#breadcrumb"},"inLanguage":"fi","potentialAction":[{"@type":"ReadAction","target":["https:\/\/blogs.uef.fi\/tiedonhaku-fysiikka\/hakutulokset\/viittaaminen\/"]}]},{"@type":"ImageObject","inLanguage":"fi","@id":"https:\/\/blogs.uef.fi\/tiedonhaku-fysiikka\/hakutulokset\/viittaaminen\/#primaryimage","url":"https:\/\/blogs.uef.fi\/tiedonhaku-fysiikka\/wp-content\/uploads\/sites\/49\/2021\/09\/FYStekstiviittaus.png","contentUrl":"https:\/\/blogs.uef.fi\/tiedonhaku-fysiikka\/wp-content\/uploads\/sites\/49\/2021\/09\/FYStekstiviittaus.png","width":1797,"height":471},{"@type":"BreadcrumbList","@id":"https:\/\/blogs.uef.fi\/tiedonhaku-fysiikka\/hakutulokset\/viittaaminen\/#breadcrumb","itemListElement":[{"@type":"ListItem","position":1,"name":"Home","item":"https:\/\/blogs.uef.fi\/tiedonhaku-fysiikka\/"},{"@type":"ListItem","position":2,"name":"Hakutulokset","item":"https:\/\/blogs.uef.fi\/tiedonhaku-fysiikka\/hakutulokset\/"},{"@type":"ListItem","position":3,"name":"Viittaaminen ja tekij\u00e4noikeus"}]},{"@type":"WebSite","@id":"https:\/\/blogs.uef.fi\/tiedonhaku-fysiikka\/#website","url":"https:\/\/blogs.uef.fi\/tiedonhaku-fysiikka\/","name":"Fysiikan ja tekniikan tiedonhaku","description":"","potentialAction":[{"@type":"SearchAction","target":{"@type":"EntryPoint","urlTemplate":"https:\/\/blogs.uef.fi\/tiedonhaku-fysiikka\/?s={search_term_string}"},"query-input":{"@type":"PropertyValueSpecification","valueRequired":true,"valueName":"search_term_string"}}],"inLanguage":"fi"}]}},"_links":{"self":[{"href":"https:\/\/blogs.uef.fi\/tiedonhaku-fysiikka\/wp-json\/wp\/v2\/pages\/275","targetHints":{"allow":["GET"]}}],"collection":[{"href":"https:\/\/blogs.uef.fi\/tiedonhaku-fysiikka\/wp-json\/wp\/v2\/pages"}],"about":[{"href":"https:\/\/blogs.uef.fi\/tiedonhaku-fysiikka\/wp-json\/wp\/v2\/types\/page"}],"author":[{"embeddable":true,"href":"https:\/\/blogs.uef.fi\/tiedonhaku-fysiikka\/wp-json\/wp\/v2\/users\/127"}],"replies":[{"embeddable":true,"href":"https:\/\/blogs.uef.fi\/tiedonhaku-fysiikka\/wp-json\/wp\/v2\/comments?post=275"}],"version-history":[{"count":2,"href":"https:\/\/blogs.uef.fi\/tiedonhaku-fysiikka\/wp-json\/wp\/v2\/pages\/275\/revisions"}],"predecessor-version":[{"id":4481,"href":"https:\/\/blogs.uef.fi\/tiedonhaku-fysiikka\/wp-json\/wp\/v2\/pages\/275\/revisions\/4481"}],"up":[{"embeddable":true,"href":"https:\/\/blogs.uef.fi\/tiedonhaku-fysiikka\/wp-json\/wp\/v2\/pages\/953"}],"wp:attachment":[{"href":"https:\/\/blogs.uef.fi\/tiedonhaku-fysiikka\/wp-json\/wp\/v2\/media?parent=275"}],"curies":[{"name":"wp","href":"https:\/\/api.w.org\/{rel}","templated":true}]}}