{"id":273,"date":"2015-08-07T05:45:55","date_gmt":"2015-08-07T05:45:55","guid":{"rendered":"https:\/\/ueflibraryfys.wordpress.com\/?page_id=273"},"modified":"2024-10-02T15:56:59","modified_gmt":"2024-10-02T12:56:59","slug":"tulosten-tallentaminen","status":"publish","type":"page","link":"https:\/\/blogs.uef.fi\/tiedonhaku-fysiikka\/hakutulokset\/tulosten-tallentaminen\/","title":{"rendered":"Tulosten tallentaminen"},"content":{"rendered":"\n<p>Tietokannoissa on mahdollista tallentaa kulloinkin tehdyt haut ja niiden tulokset <strong>hakuhistorian (Search history)<\/strong> kautta. Tallentaminen edellytt\u00e4\u00e4 oman k\u00e4ytt\u00e4j\u00e4tunnuksen luomista. Monissa tietokannoissa hakuhistoria on n\u00e4kyvill\u00e4 koko istunnon ajan ilman erillist\u00e4 k\u00e4ytt\u00e4j\u00e4tunnusta ja kirjautumista. IEEE-tietokanta kuitenkin vaatii tunnuksen tekemist\u00e4, jotta historia olisi n\u00e4kyvill\u00e4.<\/p>\n\n\n\n<figure class=\"wp-block-image size-full\"><img loading=\"lazy\" decoding=\"async\" width=\"1347\" height=\"712\" src=\"https:\/\/blogs.uef.fi\/tiedonhaku-fysiikka\/wp-content\/uploads\/sites\/49\/2024\/01\/hakuhistoriat.png\" alt=\"Kuvakappaukset kolmesta tietokannasta. Punainen rinkula osoittaa hakuhistorian paikan. Scopus: Search-sivun alalaita. Web of Science: vasen toimintopalkki, kolmas kuvake (kello-ikoni). ProQuest: toinen toimintorivi ylh\u00e4\u00e4ll\u00e4, kohta Recent searches.\" class=\"wp-image-4138\" srcset=\"https:\/\/blogs.uef.fi\/tiedonhaku-fysiikka\/wp-content\/uploads\/sites\/49\/2024\/01\/hakuhistoriat.png 1347w, https:\/\/blogs.uef.fi\/tiedonhaku-fysiikka\/wp-content\/uploads\/sites\/49\/2024\/01\/hakuhistoriat-300x159.png 300w, https:\/\/blogs.uef.fi\/tiedonhaku-fysiikka\/wp-content\/uploads\/sites\/49\/2024\/01\/hakuhistoriat-1024x541.png 1024w, https:\/\/blogs.uef.fi\/tiedonhaku-fysiikka\/wp-content\/uploads\/sites\/49\/2024\/01\/hakuhistoriat-768x406.png 768w\" sizes=\"auto, (max-width: 1347px) 100vw, 1347px\" \/><figcaption class=\"wp-element-caption\"><em>Hakuhistorioiden paikat Scopus, Web of Science- ja Proquest-tietokannoissa.<\/em><\/figcaption><\/figure>\n\n\n\n<p>Hakujen tuloksia voi my\u00f6s tulostaa, l\u00e4hett\u00e4\u00e4 s\u00e4hk\u00f6postilla itselleen tai muille, tai siirt\u00e4\u00e4 toiseen ohjelmaan, esimerkiksi viitteidenhallintaohjelmaan tai Exceliin. T\u00e4m\u00e4 ei vaadi erillist\u00e4 k\u00e4ytt\u00e4j\u00e4tunnusta.<\/p>\n\n\n\n<h2 class=\"wp-block-heading\">Viitteidenhallintaohjelma s\u00e4ilytt\u00e4\u00e4 l\u00f6yt\u00e4m\u00e4si julkaisut<\/h2>\n\n\n\n<p>Kun tekee hakuja useissa eri tietokannoissa, on k\u00e4tev\u00e4\u00e4 koota halutut tietueet yhteen paikkaan k\u00e4ytt\u00f6\u00e4 odottamaan. Viitteidenhallintaohjelmat on t\u00e4llaisia tallennusalustoja.<\/p>\n\n\n\n<p>K\u00e4ytett\u00e4vi\u00e4 viitteidenhallintaohjelmia on useita, esimerkiksi Zotero ja Mendeley. <\/p>\n\n\n\n<h3 class=\"wp-block-heading\">Tietojen siirto tietokannoista<\/h3>\n\n\n\n<p>Joissakin tietokannoissa on suora linkki viitteiden siirt\u00e4miseksi tiettyyn viitteidenhallintaohjelmaan. Jos sellaista ei ole, voidaan k\u00e4ytt\u00e4\u00e4 tallennusta .ris -formaattiin tiedostoksi. Useimmiten l\u00e4hdet\u00e4\u00e4n liikkeelle Export-linkin kautta. <\/p>\n\n\n\n<p>Tiedosto voidaan sitten tuoda viitteidenhallintaohjelmaan Import-toiminnolla. Ohjelmaan siirret\u00e4\u00e4n varsinaisesti vain julkaisun viitetiedot, mutta artikkelin voi liitt\u00e4\u00e4 tiedostona mukaan j\u00e4lkeenp\u00e4in. <\/p>\n\n\n\n<figure class=\"wp-block-image size-full is-resized\"><img loading=\"lazy\" decoding=\"async\" width=\"1446\" height=\"710\" src=\"https:\/\/blogs.uef.fi\/tiedonhaku-fysiikka\/wp-content\/uploads\/sites\/49\/2023\/04\/TEK_export.png\" alt=\"Kuvaakaappaus IEEE xploresta. Ylh\u00e4\u00e4lt\u00e4 toimintorivilt\u00e4 valitaan: export, jonka j\u00e4lkeen aukeaa uusi ikkuna, jossa valitaan siirrett\u00e4v\u00e4ksi 'citations' ja muodoksi (format) RIS. Siirto tapahtuu painamalla linkki\u00e4 Export.\" class=\"wp-image-2729\" srcset=\"https:\/\/blogs.uef.fi\/tiedonhaku-fysiikka\/wp-content\/uploads\/sites\/49\/2023\/04\/TEK_export.png 1446w, https:\/\/blogs.uef.fi\/tiedonhaku-fysiikka\/wp-content\/uploads\/sites\/49\/2023\/04\/TEK_export-300x147.png 300w, https:\/\/blogs.uef.fi\/tiedonhaku-fysiikka\/wp-content\/uploads\/sites\/49\/2023\/04\/TEK_export-1024x503.png 1024w, https:\/\/blogs.uef.fi\/tiedonhaku-fysiikka\/wp-content\/uploads\/sites\/49\/2023\/04\/TEK_export-768x377.png 768w\" sizes=\"auto, (max-width: 1446px) 100vw, 1446px\" \/><figcaption class=\"wp-element-caption\"><em>Esimerkki viitteiden siirrosta IEEE xplore -tietokannasta. Siirrett\u00e4v\u00e4n tiedoston muodoksi valitaan RIS. <\/em><\/figcaption><\/figure>\n\n\n\n<p>Zotero-viitteidenhallintaohjelmassa selaimeen voi liitt\u00e4\u00e4 lis\u00e4osan Zotero Connector, joka vie n\u00e4yt\u00f6ll\u00e4 n\u00e4kyv\u00e4t tulokset suoraan Zoteroon. Kyseess\u00e4 voi olla tuloslistaus, kuten kuvassa, yksitt\u00e4inen viite tai vaikkapa nettisivu.<\/p>\n\n\n\n<figure class=\"wp-block-image size-full is-resized\"><img loading=\"lazy\" decoding=\"async\" width=\"1110\" height=\"623\" src=\"https:\/\/blogs.uef.fi\/tiedonhaku-fysiikka\/wp-content\/uploads\/sites\/49\/2022\/09\/FYS_zotero.png\" alt=\"Kuvakaappaus. N\u00e4kyvilla lista tietokantahaun tuloksia. Firefox-selaimen oikeasta yl\u00e4kulmasta on ympyr\u00f6ity keltainen kansio-kuvake. Kuvakkeesta nuoli Zoterosta leikattuun kuvaan, jossa sivun tulokset n\u00e4kyv\u00e4t tiiviin\u00e4 listana. Listan otsikko: Select which items you\u2019d like to add to your library. Selitt\u00e4v\u00e4 teksti: Zotero connectorin avulla voi vied\u00e4 n\u00e4yt\u00f6ll\u00e4 n\u00e4kyv\u00e4t tulokset helposti talteen.\" class=\"wp-image-2557\" srcset=\"https:\/\/blogs.uef.fi\/tiedonhaku-fysiikka\/wp-content\/uploads\/sites\/49\/2022\/09\/FYS_zotero.png 1110w, https:\/\/blogs.uef.fi\/tiedonhaku-fysiikka\/wp-content\/uploads\/sites\/49\/2022\/09\/FYS_zotero-300x168.png 300w, https:\/\/blogs.uef.fi\/tiedonhaku-fysiikka\/wp-content\/uploads\/sites\/49\/2022\/09\/FYS_zotero-1024x575.png 1024w, https:\/\/blogs.uef.fi\/tiedonhaku-fysiikka\/wp-content\/uploads\/sites\/49\/2022\/09\/FYS_zotero-768x431.png 768w\" sizes=\"auto, (max-width: 1110px) 100vw, 1110px\" \/><figcaption class=\"wp-element-caption\">Lis\u00e4osa n\u00e4kyy selaimessa pienen\u00e4 kuvakkeena, jonka ulkoasu vaihtelee hieman. T\u00e4ss\u00e4 esimerkiss\u00e4 se on keltainen kansio, koska ollaan viem\u00e4ss\u00e4 kokonaista listaa, ei yksitt\u00e4ist\u00e4 artikkelia.<\/figcaption><\/figure>\n\n\n\n<p>Viitteidenhallintaohjelman avulla on my\u00f6s k\u00e4tev\u00e4\u00e4 tarkistaa, onko kyseinen viite jo ennest\u00e4\u00e4n tallessa &#8211; n\u00e4in sinun ei tarvitse mietti\u00e4 asiaa, kun valitset tuloksia siirrett\u00e4v\u00e4ksi tietokannassa.<\/p>\n\n\n\n<p>Lue kirjaston kotisivulta lis\u00e4\u00e4 <a href=\"https:\/\/www.uef.fi\/fi\/kirjasto\/lahdeviitteet#paragraph-13098\">Zotero- ja Mendeley-ohjelmista<\/a>.<\/p>\n\n\n\n<h3 class=\"wp-block-heading\">Tee l\u00e4hdeluettelo viitteidenhallintaohjelmassa<\/h3>\n\n\n\n<p>Paitsi s\u00e4il\u00f6\u00e4 hakujen tuloksia, <strong>viitteidenhallintaohjelman avulla voidaan my\u00f6s tehd\u00e4 valmiita l\u00e4hdeluetteloita<\/strong>. L\u00e4hdeluettelon muoto voidaan valita valmiista malleista tai tehd\u00e4 itse. L\u00e4hdeluettelon voi siirt\u00e4\u00e4 tekstink\u00e4sittelyohjelmaan.<\/p>\n\n\n\n<p class=\"has-text-align-right\">Seuraava sivu: <a href=\"https:\/\/blogs.uef.fi\/tiedonhaku-fysiikka\/viittaaminen\/\">Viittaaminen ja tekij\u00e4noikeus<\/a><\/p>\n","protected":false},"excerpt":{"rendered":"<p>Tietokannoissa on mahdollista tallentaa kulloinkin tehdyt haut ja niiden tulokset hakuhistorian (Search history) kautta. Tallentaminen edellytt\u00e4\u00e4 oman k\u00e4ytt\u00e4j\u00e4tunnuksen luomista. Monissa tietokannoissa hakuhistoria on n\u00e4kyvill\u00e4 koko istunnon ajan ilman erillist\u00e4 k\u00e4ytt\u00e4j\u00e4tunnusta ja kirjautumista. IEEE-tietokanta kuitenkin vaatii tunnuksen tekemist\u00e4, jotta historia olisi n\u00e4kyvill\u00e4. Hakujen tuloksia voi my\u00f6s tulostaa, l\u00e4hett\u00e4\u00e4 s\u00e4hk\u00f6postilla itselleen tai muille, tai siirt\u00e4\u00e4 toiseen ohjelmaan, [&hellip;]<\/p>\n","protected":false},"author":127,"featured_media":0,"parent":953,"menu_order":3,"comment_status":"closed","ping_status":"closed","template":"","meta":{"_acf_changed":false,"footnotes":""},"class_list":["post-273","page","type-page","status-publish","hentry"],"acf":[],"yoast_head":"<!-- This site is optimized with the Yoast SEO plugin v27.1.1 - https:\/\/yoast.com\/product\/yoast-seo-wordpress\/ -->\n<title>Tulosten tallentaminen - Fysiikan ja tekniikan tiedonhaku<\/title>\n<meta name=\"robots\" content=\"index, follow, max-snippet:-1, max-image-preview:large, max-video-preview:-1\" \/>\n<link rel=\"canonical\" href=\"https:\/\/blogs.uef.fi\/tiedonhaku-fysiikka\/hakutulokset\/tulosten-tallentaminen\/\" \/>\n<meta property=\"og:locale\" content=\"fi_FI\" \/>\n<meta property=\"og:type\" content=\"article\" \/>\n<meta property=\"og:title\" content=\"Tulosten tallentaminen - Fysiikan ja tekniikan tiedonhaku\" \/>\n<meta property=\"og:description\" content=\"Tietokannoissa on mahdollista tallentaa kulloinkin tehdyt haut ja niiden tulokset hakuhistorian (Search history) kautta. Tallentaminen edellytt\u00e4\u00e4 oman k\u00e4ytt\u00e4j\u00e4tunnuksen luomista. Monissa tietokannoissa hakuhistoria on n\u00e4kyvill\u00e4 koko istunnon ajan ilman erillist\u00e4 k\u00e4ytt\u00e4j\u00e4tunnusta ja kirjautumista. IEEE-tietokanta kuitenkin vaatii tunnuksen tekemist\u00e4, jotta historia olisi n\u00e4kyvill\u00e4. Hakujen tuloksia voi my\u00f6s tulostaa, l\u00e4hett\u00e4\u00e4 s\u00e4hk\u00f6postilla itselleen tai muille, tai siirt\u00e4\u00e4 toiseen ohjelmaan, [&hellip;]\" \/>\n<meta property=\"og:url\" content=\"https:\/\/blogs.uef.fi\/tiedonhaku-fysiikka\/hakutulokset\/tulosten-tallentaminen\/\" \/>\n<meta property=\"og:site_name\" content=\"Fysiikan ja tekniikan tiedonhaku\" \/>\n<meta property=\"article:modified_time\" content=\"2024-10-02T12:56:59+00:00\" \/>\n<meta property=\"og:image\" content=\"https:\/\/blogs.uef.fi\/tiedonhaku-fysiikka\/wp-content\/uploads\/sites\/49\/2024\/01\/hakuhistoriat.png\" \/>\n<meta name=\"twitter:card\" content=\"summary_large_image\" \/>\n<meta name=\"twitter:label1\" content=\"Arvioitu lukuaika\" \/>\n\t<meta name=\"twitter:data1\" content=\"3 minuuttia\" \/>\n<script type=\"application\/ld+json\" class=\"yoast-schema-graph\">{\"@context\":\"https:\/\/schema.org\",\"@graph\":[{\"@type\":\"WebPage\",\"@id\":\"https:\/\/blogs.uef.fi\/tiedonhaku-fysiikka\/hakutulokset\/tulosten-tallentaminen\/\",\"url\":\"https:\/\/blogs.uef.fi\/tiedonhaku-fysiikka\/hakutulokset\/tulosten-tallentaminen\/\",\"name\":\"Tulosten tallentaminen - Fysiikan ja tekniikan tiedonhaku\",\"isPartOf\":{\"@id\":\"https:\/\/blogs.uef.fi\/tiedonhaku-fysiikka\/#website\"},\"primaryImageOfPage\":{\"@id\":\"https:\/\/blogs.uef.fi\/tiedonhaku-fysiikka\/hakutulokset\/tulosten-tallentaminen\/#primaryimage\"},\"image\":{\"@id\":\"https:\/\/blogs.uef.fi\/tiedonhaku-fysiikka\/hakutulokset\/tulosten-tallentaminen\/#primaryimage\"},\"thumbnailUrl\":\"https:\/\/blogs.uef.fi\/tiedonhaku-fysiikka\/wp-content\/uploads\/sites\/49\/2024\/01\/hakuhistoriat.png\",\"datePublished\":\"2015-08-07T05:45:55+00:00\",\"dateModified\":\"2024-10-02T12:56:59+00:00\",\"breadcrumb\":{\"@id\":\"https:\/\/blogs.uef.fi\/tiedonhaku-fysiikka\/hakutulokset\/tulosten-tallentaminen\/#breadcrumb\"},\"inLanguage\":\"fi\",\"potentialAction\":[{\"@type\":\"ReadAction\",\"target\":[\"https:\/\/blogs.uef.fi\/tiedonhaku-fysiikka\/hakutulokset\/tulosten-tallentaminen\/\"]}]},{\"@type\":\"ImageObject\",\"inLanguage\":\"fi\",\"@id\":\"https:\/\/blogs.uef.fi\/tiedonhaku-fysiikka\/hakutulokset\/tulosten-tallentaminen\/#primaryimage\",\"url\":\"https:\/\/blogs.uef.fi\/tiedonhaku-fysiikka\/wp-content\/uploads\/sites\/49\/2024\/01\/hakuhistoriat.png\",\"contentUrl\":\"https:\/\/blogs.uef.fi\/tiedonhaku-fysiikka\/wp-content\/uploads\/sites\/49\/2024\/01\/hakuhistoriat.png\",\"width\":1347,\"height\":712},{\"@type\":\"BreadcrumbList\",\"@id\":\"https:\/\/blogs.uef.fi\/tiedonhaku-fysiikka\/hakutulokset\/tulosten-tallentaminen\/#breadcrumb\",\"itemListElement\":[{\"@type\":\"ListItem\",\"position\":1,\"name\":\"Home\",\"item\":\"https:\/\/blogs.uef.fi\/tiedonhaku-fysiikka\/\"},{\"@type\":\"ListItem\",\"position\":2,\"name\":\"Hakutulokset\",\"item\":\"https:\/\/blogs.uef.fi\/tiedonhaku-fysiikka\/hakutulokset\/\"},{\"@type\":\"ListItem\",\"position\":3,\"name\":\"Tulosten tallentaminen\"}]},{\"@type\":\"WebSite\",\"@id\":\"https:\/\/blogs.uef.fi\/tiedonhaku-fysiikka\/#website\",\"url\":\"https:\/\/blogs.uef.fi\/tiedonhaku-fysiikka\/\",\"name\":\"Fysiikan ja tekniikan tiedonhaku\",\"description\":\"\",\"potentialAction\":[{\"@type\":\"SearchAction\",\"target\":{\"@type\":\"EntryPoint\",\"urlTemplate\":\"https:\/\/blogs.uef.fi\/tiedonhaku-fysiikka\/?s={search_term_string}\"},\"query-input\":{\"@type\":\"PropertyValueSpecification\",\"valueRequired\":true,\"valueName\":\"search_term_string\"}}],\"inLanguage\":\"fi\"}]}<\/script>\n<!-- \/ Yoast SEO plugin. -->","yoast_head_json":{"title":"Tulosten tallentaminen - Fysiikan ja tekniikan tiedonhaku","robots":{"index":"index","follow":"follow","max-snippet":"max-snippet:-1","max-image-preview":"max-image-preview:large","max-video-preview":"max-video-preview:-1"},"canonical":"https:\/\/blogs.uef.fi\/tiedonhaku-fysiikka\/hakutulokset\/tulosten-tallentaminen\/","og_locale":"fi_FI","og_type":"article","og_title":"Tulosten tallentaminen - Fysiikan ja tekniikan tiedonhaku","og_description":"Tietokannoissa on mahdollista tallentaa kulloinkin tehdyt haut ja niiden tulokset hakuhistorian (Search history) kautta. Tallentaminen edellytt\u00e4\u00e4 oman k\u00e4ytt\u00e4j\u00e4tunnuksen luomista. Monissa tietokannoissa hakuhistoria on n\u00e4kyvill\u00e4 koko istunnon ajan ilman erillist\u00e4 k\u00e4ytt\u00e4j\u00e4tunnusta ja kirjautumista. IEEE-tietokanta kuitenkin vaatii tunnuksen tekemist\u00e4, jotta historia olisi n\u00e4kyvill\u00e4. Hakujen tuloksia voi my\u00f6s tulostaa, l\u00e4hett\u00e4\u00e4 s\u00e4hk\u00f6postilla itselleen tai muille, tai siirt\u00e4\u00e4 toiseen ohjelmaan, [&hellip;]","og_url":"https:\/\/blogs.uef.fi\/tiedonhaku-fysiikka\/hakutulokset\/tulosten-tallentaminen\/","og_site_name":"Fysiikan ja tekniikan tiedonhaku","article_modified_time":"2024-10-02T12:56:59+00:00","og_image":[{"url":"https:\/\/blogs.uef.fi\/tiedonhaku-fysiikka\/wp-content\/uploads\/sites\/49\/2024\/01\/hakuhistoriat.png","type":"","width":"","height":""}],"twitter_card":"summary_large_image","twitter_misc":{"Arvioitu lukuaika":"3 minuuttia"},"schema":{"@context":"https:\/\/schema.org","@graph":[{"@type":"WebPage","@id":"https:\/\/blogs.uef.fi\/tiedonhaku-fysiikka\/hakutulokset\/tulosten-tallentaminen\/","url":"https:\/\/blogs.uef.fi\/tiedonhaku-fysiikka\/hakutulokset\/tulosten-tallentaminen\/","name":"Tulosten tallentaminen - Fysiikan ja tekniikan tiedonhaku","isPartOf":{"@id":"https:\/\/blogs.uef.fi\/tiedonhaku-fysiikka\/#website"},"primaryImageOfPage":{"@id":"https:\/\/blogs.uef.fi\/tiedonhaku-fysiikka\/hakutulokset\/tulosten-tallentaminen\/#primaryimage"},"image":{"@id":"https:\/\/blogs.uef.fi\/tiedonhaku-fysiikka\/hakutulokset\/tulosten-tallentaminen\/#primaryimage"},"thumbnailUrl":"https:\/\/blogs.uef.fi\/tiedonhaku-fysiikka\/wp-content\/uploads\/sites\/49\/2024\/01\/hakuhistoriat.png","datePublished":"2015-08-07T05:45:55+00:00","dateModified":"2024-10-02T12:56:59+00:00","breadcrumb":{"@id":"https:\/\/blogs.uef.fi\/tiedonhaku-fysiikka\/hakutulokset\/tulosten-tallentaminen\/#breadcrumb"},"inLanguage":"fi","potentialAction":[{"@type":"ReadAction","target":["https:\/\/blogs.uef.fi\/tiedonhaku-fysiikka\/hakutulokset\/tulosten-tallentaminen\/"]}]},{"@type":"ImageObject","inLanguage":"fi","@id":"https:\/\/blogs.uef.fi\/tiedonhaku-fysiikka\/hakutulokset\/tulosten-tallentaminen\/#primaryimage","url":"https:\/\/blogs.uef.fi\/tiedonhaku-fysiikka\/wp-content\/uploads\/sites\/49\/2024\/01\/hakuhistoriat.png","contentUrl":"https:\/\/blogs.uef.fi\/tiedonhaku-fysiikka\/wp-content\/uploads\/sites\/49\/2024\/01\/hakuhistoriat.png","width":1347,"height":712},{"@type":"BreadcrumbList","@id":"https:\/\/blogs.uef.fi\/tiedonhaku-fysiikka\/hakutulokset\/tulosten-tallentaminen\/#breadcrumb","itemListElement":[{"@type":"ListItem","position":1,"name":"Home","item":"https:\/\/blogs.uef.fi\/tiedonhaku-fysiikka\/"},{"@type":"ListItem","position":2,"name":"Hakutulokset","item":"https:\/\/blogs.uef.fi\/tiedonhaku-fysiikka\/hakutulokset\/"},{"@type":"ListItem","position":3,"name":"Tulosten tallentaminen"}]},{"@type":"WebSite","@id":"https:\/\/blogs.uef.fi\/tiedonhaku-fysiikka\/#website","url":"https:\/\/blogs.uef.fi\/tiedonhaku-fysiikka\/","name":"Fysiikan ja tekniikan tiedonhaku","description":"","potentialAction":[{"@type":"SearchAction","target":{"@type":"EntryPoint","urlTemplate":"https:\/\/blogs.uef.fi\/tiedonhaku-fysiikka\/?s={search_term_string}"},"query-input":{"@type":"PropertyValueSpecification","valueRequired":true,"valueName":"search_term_string"}}],"inLanguage":"fi"}]}},"_links":{"self":[{"href":"https:\/\/blogs.uef.fi\/tiedonhaku-fysiikka\/wp-json\/wp\/v2\/pages\/273","targetHints":{"allow":["GET"]}}],"collection":[{"href":"https:\/\/blogs.uef.fi\/tiedonhaku-fysiikka\/wp-json\/wp\/v2\/pages"}],"about":[{"href":"https:\/\/blogs.uef.fi\/tiedonhaku-fysiikka\/wp-json\/wp\/v2\/types\/page"}],"author":[{"embeddable":true,"href":"https:\/\/blogs.uef.fi\/tiedonhaku-fysiikka\/wp-json\/wp\/v2\/users\/127"}],"replies":[{"embeddable":true,"href":"https:\/\/blogs.uef.fi\/tiedonhaku-fysiikka\/wp-json\/wp\/v2\/comments?post=273"}],"version-history":[{"count":2,"href":"https:\/\/blogs.uef.fi\/tiedonhaku-fysiikka\/wp-json\/wp\/v2\/pages\/273\/revisions"}],"predecessor-version":[{"id":4470,"href":"https:\/\/blogs.uef.fi\/tiedonhaku-fysiikka\/wp-json\/wp\/v2\/pages\/273\/revisions\/4470"}],"up":[{"embeddable":true,"href":"https:\/\/blogs.uef.fi\/tiedonhaku-fysiikka\/wp-json\/wp\/v2\/pages\/953"}],"wp:attachment":[{"href":"https:\/\/blogs.uef.fi\/tiedonhaku-fysiikka\/wp-json\/wp\/v2\/media?parent=273"}],"curies":[{"name":"wp","href":"https:\/\/api.w.org\/{rel}","templated":true}]}}