{"id":254,"date":"2015-08-06T09:17:00","date_gmt":"2015-08-06T09:17:00","guid":{"rendered":"https:\/\/ueflibraryfys.wordpress.com\/?page_id=254"},"modified":"2021-09-01T16:29:25","modified_gmt":"2021-09-01T13:29:25","slug":"vinkkeja-google-hakuihin","status":"publish","type":"page","link":"https:\/\/blogs.uef.fi\/tiedonhaku-fysiikka\/vinkkeja-google-hakuihin\/","title":{"rendered":"Vinkkej\u00e4 Google-hakuihin"},"content":{"rendered":"<h1>Vinkkej\u00e4 Google-hakuihin<\/h1>\n<p><strong>Hakulogiikka <\/strong>Google-hakujen takana on osittain samaa kuin kirjallisuustietokannoissa, esimerkiksi operaattorit ovat k\u00e4ytett\u00e4viss\u00e4 Googlessakin.<\/p>\n<ul>\n<li>hakusanojen v\u00e4lill\u00e4 on ik\u00e4\u00e4n kuin <strong>AND-operaattori<\/strong><\/li>\n<li><strong>OR-operaattori <\/strong>l\u00f6ytyy Googlen Tarkennetun haun puolelta (katso alta)<\/li>\n<li><strong>NOT-operaattori<\/strong> on Googlessa k\u00e4tev\u00e4 toteuttaa miinus-merkin avulla. N\u00e4in voit sulkea tuloksesta pois ep\u00e4toivottuja tuloksia, keskustelupalstoja tai blogeja:<\/li>\n<\/ul>\n<p style=\"padding-left: 40px\"><em>opetusmenetelm\u00e4t peruskoulussa -blogi<\/em><\/p>\n<p><strong>Lainausmerkit <\/strong>toimivat <strong>fraasin<\/strong> merkkin\u00e4 Googlessakin.<\/p>\n<p><strong>Mit\u00e4<\/strong> <strong>enemm\u00e4n hakusanoja<\/strong> k\u00e4yt\u00e4t, sen t\u00e4sm\u00e4llisemp\u00e4\u00e4n tulokseen voit p\u00e4\u00e4ty\u00e4. T\u00e4st\u00e4 on apua varsinkin silloin, kun hakusanat ovat laaja-alaisia ja monimerkityksisi\u00e4.<br \/>\n<strong>Sanaj\u00e4rjestys<\/strong> vaikuttaa lopputulokseen. Kokeile kirjoittaa sanat eri j\u00e4rjestykseen.<br \/>\n<strong>T\u00e4rke\u00e4n sanan<\/strong> voi kirjoittaa hakuun useamman kerran, niin sen merkitys korostuu.<br \/>\n<strong>Ammattilaisten k\u00e4ytt\u00e4m\u00e4t ja<\/strong> <strong>tieteelliset termit<\/strong> rajaavat tuloksesta pois ep\u00e4relevanttia ainesta.<\/p>\n<h2>Googlen kohdennetut hakukoneet<\/h2>\n<h3>Google Scholar<\/h3>\n<p>Googlen <strong>tieteelliseen tietoon erikoistunut hakukone<\/strong> p\u00e4\u00e4see osittain samoille l\u00e4hteille kuin kirjallisuustietokannatkin. Esim. isojen kustantajien tieteelliset lehdet ovat Scholar-haun piiriss\u00e4.<\/p>\n<p><strong>L\u00f6ydetyn artikkelin aukaiseminen<\/strong> ei kuitenkaan onnistu, ettet ole kampusverkon koneella tai kirjautuneena UEF-Primoon.<\/p>\n<div id=\"primary\" class=\"content-area\">\n<article id=\"post-155\" class=\"post-155 page type-page status-publish hentry\">\n<header class=\"entry-header\"><\/header>\n<div class=\"entry-content\">\n<p>Scholarin hakutoiminnot ovat googlemaisen helpot, mutta haun muokkaamisen mahdollisuudet ovat rajalliset ja tuloksen selailu pidemm\u00e4lle melko ik\u00e4v\u00e4\u00e4.<\/p>\n<p>Kuitenkin Scholarilla tavoittaa todenn\u00e4k\u00f6isesti muutaman hyv\u00e4n artikkelin, joita on hyv\u00e4 k\u00e4ytt\u00e4\u00e4 l\u00e4ht\u00f6kohtana tarkemmassa tietokantahaussa.<\/p>\n<p>Kaikki Scholarin tavoittama aineisto <strong>ei ole oikeasti tieteellist\u00e4<\/strong>, joten tulosten kanssa pit\u00e4\u00e4 olla kriittinen. Scholar-haku sis\u00e4lt\u00e4\u00e4 mm. saalistajalehti\u00e4.<\/p>\n<h3>Google Books<\/h3>\n<p>Google kirjahakukone on n\u00e4pp\u00e4r\u00e4 apuv\u00e4line, kun halutaan hakea tietoa <strong>kirjojen sis\u00e4lt\u00e4, kokotekstist\u00e4<\/strong>. Tekij\u00e4noikeussyist\u00e4 kirjoja ei kuitenkaan voi lukea Google Booksissa kokonaan. L\u00f6ydetyn kirjan voi kuitenkin <strong>j\u00e4ljitt\u00e4\u00e4 kirjastosta,<\/strong> painettuna tai e-versiona.<\/p>\n<h2>Tarkennettu haku<\/h2>\n<\/div>\n<\/article>\n<\/div>\n<div id=\"page\" class=\"hfeed\">\n<div id=\"main\">\n<div id=\"primary\"><\/div>\n<\/div>\n<\/div>\n<p>Googlessakin on Tarkennettu haku, t\u00e4m\u00e4 n\u00e4kym\u00e4 on Scholarista:<\/p>\n<p><img loading=\"lazy\" decoding=\"async\" class=\"alignnone wp-image-300\" src=\"https:\/\/blogs.uef.fi\/tiedonhaku-fysiikka\/wp-content\/uploads\/sites\/49\/2015\/08\/gtarkennettu.png\" alt=\"Kuvakaappaus Google tarkennetusta hausta. Hakua voi kohdistaa tiettyihin tietoihin, kuten vuosi ja otsikko. Hakuun voi rajata tietyn kirjoittajan tai lehden. Hakusanojen suhteen toisiinsa voi valita. \" width=\"500\" height=\"368\" srcset=\"https:\/\/blogs.uef.fi\/tiedonhaku-fysiikka\/wp-content\/uploads\/sites\/49\/2015\/08\/gtarkennettu.png 538w, https:\/\/blogs.uef.fi\/tiedonhaku-fysiikka\/wp-content\/uploads\/sites\/49\/2015\/08\/gtarkennettu-300x221.png 300w\" sizes=\"auto, (max-width: 500px) 100vw, 500px\" \/><\/p>\n<p>Tarjolla on tietokannoista tutut toiminnot: operaattorit, fraasihaku, kentt\u00e4kohdistus, rajaukset. Ne eiv\u00e4t kuitenkaan v\u00e4ltt\u00e4m\u00e4tt\u00e4 toimi ihan samalla tarkkuudella kuin tietokannoissa.<\/p>\n<h2>Mit\u00e4 Google l\u00f6yt\u00e4\u00e4?<\/h2>\n<p>Googlella l\u00f6yt\u00e4\u00e4 n\u00e4pp\u00e4r\u00e4sti vastauksia <strong>yksitt\u00e4isiin kysymyksiin ja faktoihin<\/strong>: kuka oli <a href=\"https:\/\/fi.wikipedia.org\/wiki\/Fifan_vuoden_pelaaja\" target=\"_blank\" rel=\"noopener noreferrer\">maailman paras jalkapalloilija vuonna 2008<\/a>? Mik\u00e4 <a href=\"http:\/\/ekoodit.fi\/E322\/lesitiini\/\" target=\"_blank\" rel=\"noopener noreferrer\">lis\u00e4aine on E322<\/a>?<\/p>\n<p><strong>Laajemmat ja monimutkaisemmat kysymykset<\/strong> ovat hankalampia haettavia. Tutkimuksen tueksi tarvitaan usein my\u00f6s l\u00e4hteit\u00e4, jotka eiv\u00e4t ole l\u00f6ydett\u00e4viss\u00e4 netist\u00e4 hakukoneilla. Esimerkiksi artikkeliviitetetietokantojen, kuten Scopus, sis\u00e4lt\u00f6 sellaisenaan ei ole Google-haun ulottuvilla.<\/p>\n<p>Erityisesti pit\u00e4\u00e4 huomata, ett\u00e4 <strong>hakutulos on satunnainen ja vaihtelee ajasta ja paikasta toiseen<\/strong>, eik\u00e4 paras l\u00e4hde v\u00e4ltt\u00e4m\u00e4tt\u00e4 ole ensimm\u00e4isill\u00e4 sivuilla. Sivujen v\u00e4listen linkitysten, klikkausten ja k\u00e4ytt\u00e4j\u00e4profiloinnin merkitys on yleisesti tiedossa. Itse sivujen sis\u00e4lt\u00f6ihin, teksteihin liittyvi\u00e4 seikkoja ovat mm:<\/p>\n<ul>\n<li><strong>Pitk\u00e4t tekstit<\/strong> l\u00f6ytyv\u00e4t todenn\u00e4k\u00f6isemmin kuin lyhyet.<\/li>\n<li><strong>P\u00e4ivitetyt sivut<\/strong> l\u00f6ytyv\u00e4t paremmin kuin staattiset.<\/li>\n<li><strong>Hakusanojen sijainti<\/strong> tekstin alussa nostaa sijoitusta tuloslistauksessa.<\/li>\n<li>Hakusanojen <strong>keskin\u00e4inen sijainti ja yleisyys<\/strong> tekstiss\u00e4 vaikuttavat<\/li>\n<\/ul>\n<p>Kaikkiaan Google k\u00e4ytt\u00e4\u00e4 yli 200 erilaista \u2018signaalia\u2019 tulosten lajitteluun.<\/p>\n<p>Googlen uusin ominaisuus on <strong>koneoppiva teko\u00e4ly<\/strong> (BrainRank), joka perustuu massiiviseen hakuk\u00e4ytt\u00e4ytymisdataan ja sen analysointiin, jolloin hakukone v\u00e4hemm\u00e4n riippuvainen siit\u00e4, mit\u00e4 yksitt\u00e4iseen hakuun kulloinkin kirjoittaa \u2013 hakukone ik\u00e4\u00e4n kuin tekee \u201cparemman\u201d haun k\u00e4ytt\u00e4j\u00e4n puolesta, vaikka k\u00e4ytt\u00e4j\u00e4 ei itse sit\u00e4 huomaa.<\/p>\n","protected":false},"excerpt":{"rendered":"<p>Vinkkej\u00e4 Google-hakuihin Hakulogiikka Google-hakujen takana on osittain samaa kuin kirjallisuustietokannoissa, esimerkiksi operaattorit ovat k\u00e4ytett\u00e4viss\u00e4 Googlessakin. hakusanojen v\u00e4lill\u00e4 on ik\u00e4\u00e4n kuin AND-operaattori OR-operaattori l\u00f6ytyy Googlen Tarkennetun haun puolelta (katso alta) NOT-operaattori on Googlessa k\u00e4tev\u00e4 toteuttaa miinus-merkin avulla. N\u00e4in voit sulkea tuloksesta pois ep\u00e4toivottuja tuloksia, keskustelupalstoja tai blogeja: opetusmenetelm\u00e4t peruskoulussa -blogi Lainausmerkit toimivat fraasin merkkin\u00e4 Googlessakin. Mit\u00e4 [&hellip;]<\/p>\n","protected":false},"author":127,"featured_media":0,"parent":0,"menu_order":0,"comment_status":"closed","ping_status":"closed","template":"","meta":{"_acf_changed":false,"footnotes":""},"class_list":["post-254","page","type-page","status-publish","hentry"],"acf":[],"yoast_head":"<!-- This site is optimized with the Yoast SEO plugin v27.1.1 - https:\/\/yoast.com\/product\/yoast-seo-wordpress\/ -->\n<title>Vinkkej\u00e4 Google-hakuihin - Fysiikan ja tekniikan tiedonhaku<\/title>\n<meta name=\"robots\" content=\"index, follow, max-snippet:-1, max-image-preview:large, max-video-preview:-1\" \/>\n<link rel=\"canonical\" href=\"https:\/\/blogs.uef.fi\/tiedonhaku-fysiikka\/vinkkeja-google-hakuihin\/\" \/>\n<meta property=\"og:locale\" content=\"fi_FI\" \/>\n<meta property=\"og:type\" content=\"article\" \/>\n<meta property=\"og:title\" content=\"Vinkkej\u00e4 Google-hakuihin - Fysiikan ja tekniikan tiedonhaku\" \/>\n<meta property=\"og:description\" content=\"Vinkkej\u00e4 Google-hakuihin Hakulogiikka Google-hakujen takana on osittain samaa kuin kirjallisuustietokannoissa, esimerkiksi operaattorit ovat k\u00e4ytett\u00e4viss\u00e4 Googlessakin. hakusanojen v\u00e4lill\u00e4 on ik\u00e4\u00e4n kuin AND-operaattori OR-operaattori l\u00f6ytyy Googlen Tarkennetun haun puolelta (katso alta) NOT-operaattori on Googlessa k\u00e4tev\u00e4 toteuttaa miinus-merkin avulla. N\u00e4in voit sulkea tuloksesta pois ep\u00e4toivottuja tuloksia, keskustelupalstoja tai blogeja: opetusmenetelm\u00e4t peruskoulussa -blogi Lainausmerkit toimivat fraasin merkkin\u00e4 Googlessakin. Mit\u00e4 [&hellip;]\" \/>\n<meta property=\"og:url\" content=\"https:\/\/blogs.uef.fi\/tiedonhaku-fysiikka\/vinkkeja-google-hakuihin\/\" \/>\n<meta property=\"og:site_name\" content=\"Fysiikan ja tekniikan tiedonhaku\" \/>\n<meta property=\"article:modified_time\" content=\"2021-09-01T13:29:25+00:00\" \/>\n<meta property=\"og:image\" content=\"https:\/\/blogs.uef.fi\/tiedonhaku-fysiikka\/wp-content\/uploads\/sites\/49\/2015\/08\/gtarkennettu.png\" \/>\n<meta name=\"twitter:card\" content=\"summary_large_image\" \/>\n<meta name=\"twitter:label1\" content=\"Arvioitu lukuaika\" \/>\n\t<meta name=\"twitter:data1\" content=\"3 minuuttia\" \/>\n<script type=\"application\/ld+json\" class=\"yoast-schema-graph\">{\"@context\":\"https:\/\/schema.org\",\"@graph\":[{\"@type\":\"WebPage\",\"@id\":\"https:\/\/blogs.uef.fi\/tiedonhaku-fysiikka\/vinkkeja-google-hakuihin\/\",\"url\":\"https:\/\/blogs.uef.fi\/tiedonhaku-fysiikka\/vinkkeja-google-hakuihin\/\",\"name\":\"Vinkkej\u00e4 Google-hakuihin - Fysiikan ja tekniikan tiedonhaku\",\"isPartOf\":{\"@id\":\"https:\/\/blogs.uef.fi\/tiedonhaku-fysiikka\/#website\"},\"primaryImageOfPage\":{\"@id\":\"https:\/\/blogs.uef.fi\/tiedonhaku-fysiikka\/vinkkeja-google-hakuihin\/#primaryimage\"},\"image\":{\"@id\":\"https:\/\/blogs.uef.fi\/tiedonhaku-fysiikka\/vinkkeja-google-hakuihin\/#primaryimage\"},\"thumbnailUrl\":\"https:\/\/blogs.uef.fi\/tiedonhaku-fysiikka\/wp-content\/uploads\/sites\/49\/2015\/08\/gtarkennettu.png\",\"datePublished\":\"2015-08-06T09:17:00+00:00\",\"dateModified\":\"2021-09-01T13:29:25+00:00\",\"breadcrumb\":{\"@id\":\"https:\/\/blogs.uef.fi\/tiedonhaku-fysiikka\/vinkkeja-google-hakuihin\/#breadcrumb\"},\"inLanguage\":\"fi\",\"potentialAction\":[{\"@type\":\"ReadAction\",\"target\":[\"https:\/\/blogs.uef.fi\/tiedonhaku-fysiikka\/vinkkeja-google-hakuihin\/\"]}]},{\"@type\":\"ImageObject\",\"inLanguage\":\"fi\",\"@id\":\"https:\/\/blogs.uef.fi\/tiedonhaku-fysiikka\/vinkkeja-google-hakuihin\/#primaryimage\",\"url\":\"https:\/\/blogs.uef.fi\/tiedonhaku-fysiikka\/wp-content\/uploads\/sites\/49\/2015\/08\/gtarkennettu.png\",\"contentUrl\":\"https:\/\/blogs.uef.fi\/tiedonhaku-fysiikka\/wp-content\/uploads\/sites\/49\/2015\/08\/gtarkennettu.png\",\"width\":538,\"height\":396},{\"@type\":\"BreadcrumbList\",\"@id\":\"https:\/\/blogs.uef.fi\/tiedonhaku-fysiikka\/vinkkeja-google-hakuihin\/#breadcrumb\",\"itemListElement\":[{\"@type\":\"ListItem\",\"position\":1,\"name\":\"Home\",\"item\":\"https:\/\/blogs.uef.fi\/tiedonhaku-fysiikka\/\"},{\"@type\":\"ListItem\",\"position\":2,\"name\":\"Vinkkej\u00e4 Google-hakuihin\"}]},{\"@type\":\"WebSite\",\"@id\":\"https:\/\/blogs.uef.fi\/tiedonhaku-fysiikka\/#website\",\"url\":\"https:\/\/blogs.uef.fi\/tiedonhaku-fysiikka\/\",\"name\":\"Fysiikan ja tekniikan tiedonhaku\",\"description\":\"\",\"potentialAction\":[{\"@type\":\"SearchAction\",\"target\":{\"@type\":\"EntryPoint\",\"urlTemplate\":\"https:\/\/blogs.uef.fi\/tiedonhaku-fysiikka\/?s={search_term_string}\"},\"query-input\":{\"@type\":\"PropertyValueSpecification\",\"valueRequired\":true,\"valueName\":\"search_term_string\"}}],\"inLanguage\":\"fi\"}]}<\/script>\n<!-- \/ Yoast SEO plugin. -->","yoast_head_json":{"title":"Vinkkej\u00e4 Google-hakuihin - Fysiikan ja tekniikan tiedonhaku","robots":{"index":"index","follow":"follow","max-snippet":"max-snippet:-1","max-image-preview":"max-image-preview:large","max-video-preview":"max-video-preview:-1"},"canonical":"https:\/\/blogs.uef.fi\/tiedonhaku-fysiikka\/vinkkeja-google-hakuihin\/","og_locale":"fi_FI","og_type":"article","og_title":"Vinkkej\u00e4 Google-hakuihin - Fysiikan ja tekniikan tiedonhaku","og_description":"Vinkkej\u00e4 Google-hakuihin Hakulogiikka Google-hakujen takana on osittain samaa kuin kirjallisuustietokannoissa, esimerkiksi operaattorit ovat k\u00e4ytett\u00e4viss\u00e4 Googlessakin. hakusanojen v\u00e4lill\u00e4 on ik\u00e4\u00e4n kuin AND-operaattori OR-operaattori l\u00f6ytyy Googlen Tarkennetun haun puolelta (katso alta) NOT-operaattori on Googlessa k\u00e4tev\u00e4 toteuttaa miinus-merkin avulla. N\u00e4in voit sulkea tuloksesta pois ep\u00e4toivottuja tuloksia, keskustelupalstoja tai blogeja: opetusmenetelm\u00e4t peruskoulussa -blogi Lainausmerkit toimivat fraasin merkkin\u00e4 Googlessakin. Mit\u00e4 [&hellip;]","og_url":"https:\/\/blogs.uef.fi\/tiedonhaku-fysiikka\/vinkkeja-google-hakuihin\/","og_site_name":"Fysiikan ja tekniikan tiedonhaku","article_modified_time":"2021-09-01T13:29:25+00:00","og_image":[{"url":"https:\/\/blogs.uef.fi\/tiedonhaku-fysiikka\/wp-content\/uploads\/sites\/49\/2015\/08\/gtarkennettu.png","type":"","width":"","height":""}],"twitter_card":"summary_large_image","twitter_misc":{"Arvioitu lukuaika":"3 minuuttia"},"schema":{"@context":"https:\/\/schema.org","@graph":[{"@type":"WebPage","@id":"https:\/\/blogs.uef.fi\/tiedonhaku-fysiikka\/vinkkeja-google-hakuihin\/","url":"https:\/\/blogs.uef.fi\/tiedonhaku-fysiikka\/vinkkeja-google-hakuihin\/","name":"Vinkkej\u00e4 Google-hakuihin - Fysiikan ja tekniikan tiedonhaku","isPartOf":{"@id":"https:\/\/blogs.uef.fi\/tiedonhaku-fysiikka\/#website"},"primaryImageOfPage":{"@id":"https:\/\/blogs.uef.fi\/tiedonhaku-fysiikka\/vinkkeja-google-hakuihin\/#primaryimage"},"image":{"@id":"https:\/\/blogs.uef.fi\/tiedonhaku-fysiikka\/vinkkeja-google-hakuihin\/#primaryimage"},"thumbnailUrl":"https:\/\/blogs.uef.fi\/tiedonhaku-fysiikka\/wp-content\/uploads\/sites\/49\/2015\/08\/gtarkennettu.png","datePublished":"2015-08-06T09:17:00+00:00","dateModified":"2021-09-01T13:29:25+00:00","breadcrumb":{"@id":"https:\/\/blogs.uef.fi\/tiedonhaku-fysiikka\/vinkkeja-google-hakuihin\/#breadcrumb"},"inLanguage":"fi","potentialAction":[{"@type":"ReadAction","target":["https:\/\/blogs.uef.fi\/tiedonhaku-fysiikka\/vinkkeja-google-hakuihin\/"]}]},{"@type":"ImageObject","inLanguage":"fi","@id":"https:\/\/blogs.uef.fi\/tiedonhaku-fysiikka\/vinkkeja-google-hakuihin\/#primaryimage","url":"https:\/\/blogs.uef.fi\/tiedonhaku-fysiikka\/wp-content\/uploads\/sites\/49\/2015\/08\/gtarkennettu.png","contentUrl":"https:\/\/blogs.uef.fi\/tiedonhaku-fysiikka\/wp-content\/uploads\/sites\/49\/2015\/08\/gtarkennettu.png","width":538,"height":396},{"@type":"BreadcrumbList","@id":"https:\/\/blogs.uef.fi\/tiedonhaku-fysiikka\/vinkkeja-google-hakuihin\/#breadcrumb","itemListElement":[{"@type":"ListItem","position":1,"name":"Home","item":"https:\/\/blogs.uef.fi\/tiedonhaku-fysiikka\/"},{"@type":"ListItem","position":2,"name":"Vinkkej\u00e4 Google-hakuihin"}]},{"@type":"WebSite","@id":"https:\/\/blogs.uef.fi\/tiedonhaku-fysiikka\/#website","url":"https:\/\/blogs.uef.fi\/tiedonhaku-fysiikka\/","name":"Fysiikan ja tekniikan tiedonhaku","description":"","potentialAction":[{"@type":"SearchAction","target":{"@type":"EntryPoint","urlTemplate":"https:\/\/blogs.uef.fi\/tiedonhaku-fysiikka\/?s={search_term_string}"},"query-input":{"@type":"PropertyValueSpecification","valueRequired":true,"valueName":"search_term_string"}}],"inLanguage":"fi"}]}},"_links":{"self":[{"href":"https:\/\/blogs.uef.fi\/tiedonhaku-fysiikka\/wp-json\/wp\/v2\/pages\/254","targetHints":{"allow":["GET"]}}],"collection":[{"href":"https:\/\/blogs.uef.fi\/tiedonhaku-fysiikka\/wp-json\/wp\/v2\/pages"}],"about":[{"href":"https:\/\/blogs.uef.fi\/tiedonhaku-fysiikka\/wp-json\/wp\/v2\/types\/page"}],"author":[{"embeddable":true,"href":"https:\/\/blogs.uef.fi\/tiedonhaku-fysiikka\/wp-json\/wp\/v2\/users\/127"}],"replies":[{"embeddable":true,"href":"https:\/\/blogs.uef.fi\/tiedonhaku-fysiikka\/wp-json\/wp\/v2\/comments?post=254"}],"version-history":[{"count":2,"href":"https:\/\/blogs.uef.fi\/tiedonhaku-fysiikka\/wp-json\/wp\/v2\/pages\/254\/revisions"}],"predecessor-version":[{"id":1993,"href":"https:\/\/blogs.uef.fi\/tiedonhaku-fysiikka\/wp-json\/wp\/v2\/pages\/254\/revisions\/1993"}],"wp:attachment":[{"href":"https:\/\/blogs.uef.fi\/tiedonhaku-fysiikka\/wp-json\/wp\/v2\/media?parent=254"}],"curies":[{"name":"wp","href":"https:\/\/api.w.org\/{rel}","templated":true}]}}