{"id":216,"date":"2015-08-05T10:54:44","date_gmt":"2015-08-05T10:54:44","guid":{"rendered":"https:\/\/ueflibraryfys.wordpress.com\/?page_id=216"},"modified":"2024-01-18T15:27:47","modified_gmt":"2024-01-18T13:27:47","slug":"enemman-tuloksia","status":"publish","type":"page","link":"https:\/\/blogs.uef.fi\/tiedonhaku-fysiikka\/hakulauseet\/enemman-tuloksia\/","title":{"rendered":"Enemm\u00e4n tuloksia"},"content":{"rendered":"\n<p style=\"font-size:17px\">Kun hakulauseesi tuottaa vain niukasti tuloksia, voit kokeilla seuraavia keinoja:<\/p>\n\n\n\n<ul class=\"wp-block-list\">\n<li>tarkista <strong>kirjoitusvirheet<\/strong> ja sanan <strong>kirjoitusmuodot<\/strong> (yhteen vai erikseen, lyhenteet yms.)<\/li>\n<\/ul>\n\n\n\n<ul class=\"wp-block-list\">\n<li>mieti, onko sanalle <strong>rinnakkaista<\/strong> kirjoitus-\/ilmaisumuotoa<br><br><em>optoelectronics&nbsp;&nbsp; -&gt; optical electronics<\/em><br><em>geomagnetismi&nbsp; -&gt; maamagnetismi<\/em><br><em>LNG -&gt; nesteytetty maakaasu<\/em><\/li>\n<\/ul>\n\n\n\n<p><\/p>\n\n\n\n<ul class=\"wp-block-list\">\n<li>etsi hakusanoillesi synonyymeja ja <strong>rinnakkaistermej\u00e4<\/strong> (lis\u00e4t\u00e4\u00e4n OR:lla)<br><br><em>fullereeni\u00a0 -&gt; fullereeni OR pallohiili<\/em><\/li>\n<\/ul>\n\n\n\n<ul class=\"wp-block-list\">\n<li><strong>v\u00e4henn\u00e4<\/strong> hakulausekkeesta AND-operaattorilla yhdistettyj\u00e4, <strong>rajaavia hakusanoja<\/strong><br><br><em>waste AND biomass AND oil AND pyrolysis -&gt; biomass AND oil AND pyrolysis<\/em><\/li>\n<\/ul>\n\n\n\n<ul class=\"wp-block-list\">\n<li><strong>pura fraasit<\/strong> tai yhdyssanat, jos sanojen esiintyminen yhdess\u00e4 ei ole v\u00e4ltt\u00e4m\u00e4t\u00f6nt\u00e4 tai sanojen v\u00e4liss\u00e4 voisi olla jotain muutakin<br><br><em>&#8221;infrared radiation&#8221;\u00a0 -&gt;infrared AND radiation<\/em><br><em>kuituoptiikka -&gt; kuidut AND optiikka<\/em><\/li>\n<\/ul>\n\n\n\n<ul class=\"wp-block-list\">\n<li>k\u00e4yt\u00e4<strong> sanankatkaisua<\/strong><br><br><em>taustas\u00e4teily -&gt;taustas\u00e4teily*<\/em><\/li>\n<\/ul>\n\n\n\n<ul class=\"wp-block-list\">\n<li>mieti mihin <strong>laajempaan aihealueeseen<\/strong> ongelmasi kuuluu ja k\u00e4yt\u00e4 laajempaa hakutermi\u00e4<br><br><em>nanohiukkaset\u00a0 -&gt; pienhiukkaset<\/em><\/li>\n<\/ul>\n\n\n\n<ul class=\"wp-block-list\">\n<li>k\u00e4yt\u00e4 <strong>vapaasanahakua<\/strong>, jos olet k\u00e4ytt\u00e4nyt asiasanahakua tai muuta kentt\u00e4rajausta<\/li>\n<\/ul>\n\n\n\n<ul class=\"wp-block-list\">\n<li><strong>poista<\/strong> vuosi- ym. rajoitukset<\/li>\n<\/ul>\n\n\n\n<ul class=\"wp-block-list\">\n<li>tarkista, onko k\u00e4ytt\u00e4m\u00e4si <strong>tietokanta sopiva<\/strong> aiheesi kannalta<\/li>\n<\/ul>\n\n\n\n<p><strong>Vinkki:<br><\/strong>Joskus jokin yksitt\u00e4inen sana voi olla tietokannassa niin harvinainen, ett\u00e4 sen rinnalle ei kannata ottaa mit\u00e4\u00e4n muuta hakusanaa. <strong>Voit testata sanan yleisyytt\u00e4 tekem\u00e4ll\u00e4 yksinkertaisen sanahaun.<\/strong><\/p>\n\n\n\n<p class=\"has-text-align-right\">Seuraava sivu: <a href=\"https:\/\/blogs.uef.fi\/tiedonhaku-fysiikka\/uef-primo\/\">Aloita UEF-Primosta<\/a><\/p>\n","protected":false},"excerpt":{"rendered":"<p>Kun hakulauseesi tuottaa vain niukasti tuloksia, voit kokeilla seuraavia keinoja: Vinkki:Joskus jokin yksitt\u00e4inen sana voi olla tietokannassa niin harvinainen, ett\u00e4 sen rinnalle ei kannata ottaa mit\u00e4\u00e4n muuta hakusanaa. Voit testata sanan yleisyytt\u00e4 tekem\u00e4ll\u00e4 yksinkertaisen sanahaun. Seuraava sivu: Aloita UEF-Primosta<\/p>\n","protected":false},"author":127,"featured_media":0,"parent":945,"menu_order":7,"comment_status":"closed","ping_status":"closed","template":"","meta":{"_acf_changed":false,"footnotes":""},"class_list":["post-216","page","type-page","status-publish","hentry"],"acf":[],"yoast_head":"<!-- This site is optimized with the Yoast SEO plugin v27.1.1 - https:\/\/yoast.com\/product\/yoast-seo-wordpress\/ -->\n<title>Enemm\u00e4n tuloksia - Fysiikan ja tekniikan tiedonhaku<\/title>\n<meta name=\"robots\" content=\"index, follow, max-snippet:-1, max-image-preview:large, max-video-preview:-1\" \/>\n<link rel=\"canonical\" href=\"https:\/\/blogs.uef.fi\/tiedonhaku-fysiikka\/hakulauseet\/enemman-tuloksia\/\" \/>\n<meta property=\"og:locale\" content=\"fi_FI\" \/>\n<meta property=\"og:type\" content=\"article\" \/>\n<meta property=\"og:title\" content=\"Enemm\u00e4n tuloksia - Fysiikan ja tekniikan tiedonhaku\" \/>\n<meta property=\"og:description\" content=\"Kun hakulauseesi tuottaa vain niukasti tuloksia, voit kokeilla seuraavia keinoja: Vinkki:Joskus jokin yksitt\u00e4inen sana voi olla tietokannassa niin harvinainen, ett\u00e4 sen rinnalle ei kannata ottaa mit\u00e4\u00e4n muuta hakusanaa. Voit testata sanan yleisyytt\u00e4 tekem\u00e4ll\u00e4 yksinkertaisen sanahaun. Seuraava sivu: Aloita UEF-Primosta\" \/>\n<meta property=\"og:url\" content=\"https:\/\/blogs.uef.fi\/tiedonhaku-fysiikka\/hakulauseet\/enemman-tuloksia\/\" \/>\n<meta property=\"og:site_name\" content=\"Fysiikan ja tekniikan tiedonhaku\" \/>\n<meta property=\"article:modified_time\" content=\"2024-01-18T13:27:47+00:00\" \/>\n<meta name=\"twitter:card\" content=\"summary_large_image\" \/>\n<meta name=\"twitter:label1\" content=\"Arvioitu lukuaika\" \/>\n\t<meta name=\"twitter:data1\" content=\"1 minuutti\" \/>\n<script type=\"application\/ld+json\" class=\"yoast-schema-graph\">{\"@context\":\"https:\/\/schema.org\",\"@graph\":[{\"@type\":\"WebPage\",\"@id\":\"https:\/\/blogs.uef.fi\/tiedonhaku-fysiikka\/hakulauseet\/enemman-tuloksia\/\",\"url\":\"https:\/\/blogs.uef.fi\/tiedonhaku-fysiikka\/hakulauseet\/enemman-tuloksia\/\",\"name\":\"Enemm\u00e4n tuloksia - Fysiikan ja tekniikan tiedonhaku\",\"isPartOf\":{\"@id\":\"https:\/\/blogs.uef.fi\/tiedonhaku-fysiikka\/#website\"},\"datePublished\":\"2015-08-05T10:54:44+00:00\",\"dateModified\":\"2024-01-18T13:27:47+00:00\",\"breadcrumb\":{\"@id\":\"https:\/\/blogs.uef.fi\/tiedonhaku-fysiikka\/hakulauseet\/enemman-tuloksia\/#breadcrumb\"},\"inLanguage\":\"fi\",\"potentialAction\":[{\"@type\":\"ReadAction\",\"target\":[\"https:\/\/blogs.uef.fi\/tiedonhaku-fysiikka\/hakulauseet\/enemman-tuloksia\/\"]}]},{\"@type\":\"BreadcrumbList\",\"@id\":\"https:\/\/blogs.uef.fi\/tiedonhaku-fysiikka\/hakulauseet\/enemman-tuloksia\/#breadcrumb\",\"itemListElement\":[{\"@type\":\"ListItem\",\"position\":1,\"name\":\"Home\",\"item\":\"https:\/\/blogs.uef.fi\/tiedonhaku-fysiikka\/\"},{\"@type\":\"ListItem\",\"position\":2,\"name\":\"Hakulauseet\",\"item\":\"https:\/\/blogs.uef.fi\/tiedonhaku-fysiikka\/hakulauseet\/\"},{\"@type\":\"ListItem\",\"position\":3,\"name\":\"Enemm\u00e4n tuloksia\"}]},{\"@type\":\"WebSite\",\"@id\":\"https:\/\/blogs.uef.fi\/tiedonhaku-fysiikka\/#website\",\"url\":\"https:\/\/blogs.uef.fi\/tiedonhaku-fysiikka\/\",\"name\":\"Fysiikan ja tekniikan tiedonhaku\",\"description\":\"\",\"potentialAction\":[{\"@type\":\"SearchAction\",\"target\":{\"@type\":\"EntryPoint\",\"urlTemplate\":\"https:\/\/blogs.uef.fi\/tiedonhaku-fysiikka\/?s={search_term_string}\"},\"query-input\":{\"@type\":\"PropertyValueSpecification\",\"valueRequired\":true,\"valueName\":\"search_term_string\"}}],\"inLanguage\":\"fi\"}]}<\/script>\n<!-- \/ Yoast SEO plugin. -->","yoast_head_json":{"title":"Enemm\u00e4n tuloksia - Fysiikan ja tekniikan tiedonhaku","robots":{"index":"index","follow":"follow","max-snippet":"max-snippet:-1","max-image-preview":"max-image-preview:large","max-video-preview":"max-video-preview:-1"},"canonical":"https:\/\/blogs.uef.fi\/tiedonhaku-fysiikka\/hakulauseet\/enemman-tuloksia\/","og_locale":"fi_FI","og_type":"article","og_title":"Enemm\u00e4n tuloksia - Fysiikan ja tekniikan tiedonhaku","og_description":"Kun hakulauseesi tuottaa vain niukasti tuloksia, voit kokeilla seuraavia keinoja: Vinkki:Joskus jokin yksitt\u00e4inen sana voi olla tietokannassa niin harvinainen, ett\u00e4 sen rinnalle ei kannata ottaa mit\u00e4\u00e4n muuta hakusanaa. Voit testata sanan yleisyytt\u00e4 tekem\u00e4ll\u00e4 yksinkertaisen sanahaun. Seuraava sivu: Aloita UEF-Primosta","og_url":"https:\/\/blogs.uef.fi\/tiedonhaku-fysiikka\/hakulauseet\/enemman-tuloksia\/","og_site_name":"Fysiikan ja tekniikan tiedonhaku","article_modified_time":"2024-01-18T13:27:47+00:00","twitter_card":"summary_large_image","twitter_misc":{"Arvioitu lukuaika":"1 minuutti"},"schema":{"@context":"https:\/\/schema.org","@graph":[{"@type":"WebPage","@id":"https:\/\/blogs.uef.fi\/tiedonhaku-fysiikka\/hakulauseet\/enemman-tuloksia\/","url":"https:\/\/blogs.uef.fi\/tiedonhaku-fysiikka\/hakulauseet\/enemman-tuloksia\/","name":"Enemm\u00e4n tuloksia - Fysiikan ja tekniikan tiedonhaku","isPartOf":{"@id":"https:\/\/blogs.uef.fi\/tiedonhaku-fysiikka\/#website"},"datePublished":"2015-08-05T10:54:44+00:00","dateModified":"2024-01-18T13:27:47+00:00","breadcrumb":{"@id":"https:\/\/blogs.uef.fi\/tiedonhaku-fysiikka\/hakulauseet\/enemman-tuloksia\/#breadcrumb"},"inLanguage":"fi","potentialAction":[{"@type":"ReadAction","target":["https:\/\/blogs.uef.fi\/tiedonhaku-fysiikka\/hakulauseet\/enemman-tuloksia\/"]}]},{"@type":"BreadcrumbList","@id":"https:\/\/blogs.uef.fi\/tiedonhaku-fysiikka\/hakulauseet\/enemman-tuloksia\/#breadcrumb","itemListElement":[{"@type":"ListItem","position":1,"name":"Home","item":"https:\/\/blogs.uef.fi\/tiedonhaku-fysiikka\/"},{"@type":"ListItem","position":2,"name":"Hakulauseet","item":"https:\/\/blogs.uef.fi\/tiedonhaku-fysiikka\/hakulauseet\/"},{"@type":"ListItem","position":3,"name":"Enemm\u00e4n tuloksia"}]},{"@type":"WebSite","@id":"https:\/\/blogs.uef.fi\/tiedonhaku-fysiikka\/#website","url":"https:\/\/blogs.uef.fi\/tiedonhaku-fysiikka\/","name":"Fysiikan ja tekniikan tiedonhaku","description":"","potentialAction":[{"@type":"SearchAction","target":{"@type":"EntryPoint","urlTemplate":"https:\/\/blogs.uef.fi\/tiedonhaku-fysiikka\/?s={search_term_string}"},"query-input":{"@type":"PropertyValueSpecification","valueRequired":true,"valueName":"search_term_string"}}],"inLanguage":"fi"}]}},"_links":{"self":[{"href":"https:\/\/blogs.uef.fi\/tiedonhaku-fysiikka\/wp-json\/wp\/v2\/pages\/216","targetHints":{"allow":["GET"]}}],"collection":[{"href":"https:\/\/blogs.uef.fi\/tiedonhaku-fysiikka\/wp-json\/wp\/v2\/pages"}],"about":[{"href":"https:\/\/blogs.uef.fi\/tiedonhaku-fysiikka\/wp-json\/wp\/v2\/types\/page"}],"author":[{"embeddable":true,"href":"https:\/\/blogs.uef.fi\/tiedonhaku-fysiikka\/wp-json\/wp\/v2\/users\/127"}],"replies":[{"embeddable":true,"href":"https:\/\/blogs.uef.fi\/tiedonhaku-fysiikka\/wp-json\/wp\/v2\/comments?post=216"}],"version-history":[{"count":1,"href":"https:\/\/blogs.uef.fi\/tiedonhaku-fysiikka\/wp-json\/wp\/v2\/pages\/216\/revisions"}],"predecessor-version":[{"id":4044,"href":"https:\/\/blogs.uef.fi\/tiedonhaku-fysiikka\/wp-json\/wp\/v2\/pages\/216\/revisions\/4044"}],"up":[{"embeddable":true,"href":"https:\/\/blogs.uef.fi\/tiedonhaku-fysiikka\/wp-json\/wp\/v2\/pages\/945"}],"wp:attachment":[{"href":"https:\/\/blogs.uef.fi\/tiedonhaku-fysiikka\/wp-json\/wp\/v2\/media?parent=216"}],"curies":[{"name":"wp","href":"https:\/\/api.w.org\/{rel}","templated":true}]}}