{"id":214,"date":"2015-08-05T10:53:42","date_gmt":"2015-08-05T10:53:42","guid":{"rendered":"https:\/\/ueflibraryfys.wordpress.com\/?page_id=214"},"modified":"2024-07-04T12:51:22","modified_gmt":"2024-07-04T09:51:22","slug":"tarkempia-tuloksia","status":"publish","type":"page","link":"https:\/\/blogs.uef.fi\/tiedonhaku-fysiikka\/hakulauseet\/tarkempia-tuloksia\/","title":{"rendered":"Hakulauseen muokkaaminen"},"content":{"rendered":"\n<p>Hakua voidaan muokata tarpeen mukaan:<\/p>\n\n\n\n<ul class=\"wp-block-list\">\n<li>s\u00e4\u00e4telem\u00e4ll\u00e4 <strong>k\u00e4sitteiden<\/strong> m\u00e4\u00e4r\u00e4\u00e4 hakulauseessa<\/li>\n\n\n\n<li>kohdistamalla hakua tietueen eri <strong>kenttiin<\/strong><\/li>\n\n\n\n<li>valitsemalla erilaisia <strong>hakusanoja<\/strong> k\u00e4sitteit\u00e4 kuvaamaan<\/li>\n\n\n\n<li>valitsemalla k\u00e4ytt\u00e4\u00e4k\u00f6 <strong>sanakatkaisua<\/strong> vai ei<\/li>\n\n\n\n<li><strong>rajauksilla<\/strong><\/li>\n<\/ul>\n\n\n\n<figure class=\"wp-block-image size-full\"><img loading=\"lazy\" decoding=\"async\" width=\"1237\" height=\"867\" src=\"https:\/\/blogs.uef.fi\/tiedonhaku-fysiikka\/wp-content\/uploads\/sites\/49\/2024\/07\/muokkaus.png\" alt=\"Muutokset hakulauseeseen, kun tulee liikaa tai ep\u00e4tarkkaa. K\u00e4sitteiden m\u00e4\u00e4r\u00e4: Ota mukaan lis\u00e4\u00e4 k\u00e4sitteit\u00e4 AND-operaattorilla. Hakukent\u00e4t: K\u00e4yt\u00e4 asiasana-, nimeke- ja (tiivistelm\u00e4)kentti\u00e4. Hakusanat: Tarkenna hakusana t\u00e4sm\u00e4llisemm\u00e4ksi, k\u00e4yt\u00e4 fraasia AND-operaation sijaan,  k\u00e4yt\u00e4 perusvartaloa pidemp\u00e4\u00e4 sanankatkaisua tai poista sanankatkaisu, k\u00e4yt\u00e4 rajauksia eli filttereit\u00e4. \nMuutokset hakulauseeseen, kun tulee liian v\u00e4h\u00e4n tai aihetta ei l\u00f6ydy. K\u00e4sitteiden m\u00e4\u00e4r\u00e4: J\u00e4t\u00e4 v\u00e4hiten t\u00e4rke\u00e4 k\u00e4site pois ja hae eri yhdistelmill\u00e4. Hakukent\u00e4t: Hae vapaasti kaikista kentist\u00e4. Hakusanat: K\u00e4yt\u00e4 laajempaa termi\u00e4, muuta fraasi AND-operaatioksi, lis\u00e4\u00e4 vaihtoehtoisia sanoja OR- operaattorilla, kokeile sanankatkaisua.\" class=\"wp-image-4335\" srcset=\"https:\/\/blogs.uef.fi\/tiedonhaku-fysiikka\/wp-content\/uploads\/sites\/49\/2024\/07\/muokkaus.png 1237w, https:\/\/blogs.uef.fi\/tiedonhaku-fysiikka\/wp-content\/uploads\/sites\/49\/2024\/07\/muokkaus-300x210.png 300w, https:\/\/blogs.uef.fi\/tiedonhaku-fysiikka\/wp-content\/uploads\/sites\/49\/2024\/07\/muokkaus-1024x718.png 1024w, https:\/\/blogs.uef.fi\/tiedonhaku-fysiikka\/wp-content\/uploads\/sites\/49\/2024\/07\/muokkaus-768x538.png 768w\" sizes=\"auto, (max-width: 1237px) 100vw, 1237px\" \/><figcaption class=\"wp-element-caption\"><em>Jo saadun hakutuloksen perusteella voidaan p\u00e4\u00e4tell\u00e4, mill\u00e4 tavoin hakulausetta voisi muuttaa. Katso esimerkkej\u00e4 alempaa.<\/em><\/figcaption><\/figure>\n\n\n\n<div class=\"links-block\">\n\n    \n    <ul class=\"link-list\">\n        \n            \n            <li class=\"link-list-item\">\n                <a href=\"https:\/\/uef.cloud.panopto.eu\/Panopto\/Pages\/Viewer.aspx?id=a735b98c-e9f7-456d-8147-b03c007a3950\" class=\"link-reset link hover-scale-down\">\n                    <svg\n        width=\"43\" height=\"25\"\n        viewBox=\"0 0 43 25\"\n        xmlns=\"http:\/\/www.w3.org\/2000\/svg\">\n    <path\n        d=\"M30.027 0 43 12.5 30.027 25 27 22.083 34.351 15H0v-5h34.351L27 2.917z\"\n        fill=\"currentColor\"\n        fill-rule=\"evenodd\"\/>\n<\/svg>                    <div>Katso esimerkkiaihe haun muokkauksesta (1:56)<\/div>\n                <\/a>\n                <div class=\"link-info\">\n                                    <\/div>\n            <\/li>\n\n                <\/ul>\n<\/div>\n\n\n<h2 class=\"wp-block-heading\">N\u00e4in saat v\u00e4hemm\u00e4n ja aiheenmukaisempia tuloksia<\/h2>\n\n\n\n<p style=\"font-size:17px\">Kun hakusi tuottaa &#8221;liian paljon&#8221; ja\/tai aiheeltaan ep\u00e4tarkkoja tuloksia, kokeile seuraavia keinoja:<\/p>\n\n\n\n<ul class=\"wp-block-list\">\n<li>lis\u00e4\u00e4 hakuun<strong> rajoittavia sanoja<\/strong> (AND:lla; AND-kytkettyj\u00e4 voi olla tarvittaessa vaikka kuinka paljon)<br><br><em>aerosolit -&gt;aerosolit AND vaikutukset&nbsp; -&gt; aerosolit AND vaikutukset AND terveys<\/em><\/li>\n<\/ul>\n\n\n\n<ul class=\"wp-block-list\">\n<li>rajaa hakua <strong>otsikko-kentt\u00e4\u00e4n<\/strong><\/li>\n<\/ul>\n\n\n\n<ul class=\"wp-block-list\">\n<li>rajaa hakua <strong>asiasanakentt\u00e4\u00e4n <\/strong>&#8211; k\u00e4yt\u00e4 asiasanaston sanoja! Ks. <a href=\"https:\/\/blogs.uef.fi\/tiedonhaku-fysiikka\/asiasanastot\/\">asiasanahausta<\/a><\/li>\n<\/ul>\n\n\n\n<p><\/p>\n\n\n\n<ul class=\"wp-block-list\">\n<li>kokeile suppeampia, <strong>aihettasi t\u00e4sm\u00e4llisemmin<\/strong> kuvaavia hakusanoja<br><br><em>kuvantaminen&nbsp; -&gt;tomografia&nbsp; -&gt;impedanssitomografia<\/em><\/li>\n<\/ul>\n\n\n\n<ul class=\"wp-block-list\">\n<li><strong>poista<\/strong> hakusanoja tai sanankatkaisuja, jotka tuovat paljon<strong> aiheeseen liittym\u00e4tt\u00f6mi\u00e4<\/strong> tuloksia<br><br><em>\u00e4\u00e4niymp\u00e4rist\u00f6 OR melu&nbsp; -&gt;\u00e4\u00e4niymp\u00e4rist\u00f6<\/em><br><br><em>katkaistu sana dynam* viittaa liian moneen asiaan (esim. dynamiikka, dynaaminen, dynamiitti, dynamo)<\/em><\/li>\n<\/ul>\n\n\n\n<ul class=\"wp-block-list\">\n<li>joskus on hy\u00f6dyllist\u00e4 k\u00e4ytt\u00e4\u00e4 rajaavana termin\u00e4 hyvin <strong>laajaa, koko aihealuetta<\/strong> rajaavaa termi\u00e4:<br><br><em>komposiitit -&gt; komposiitit AND nano*<\/em><br>katkaisu kattaa sanat: <em>nanotekniikka, nanoteknologia, nanoelektroniikka jne.<\/em><\/li>\n<\/ul>\n\n\n\n<ul class=\"wp-block-list\">\n<li>k\u00e4yt\u00e4<strong> fraasia<\/strong> and-operaation sijaan<br><br><em>diffuse AND reflection&nbsp; -&gt;\u201ddiffuse reflection\u201d&nbsp;&nbsp;&nbsp;&nbsp;<\/em><\/li>\n<\/ul>\n\n\n\n<ul class=\"wp-block-list\">\n<li>kokeile sulkea joitakin sanoja hakutuloksen<strong> ulkopuolelle<\/strong> NOT-operaattorilla<br><br><em>biomekaniikka NOT gradu<\/em><\/li>\n<\/ul>\n\n\n\n<ul class=\"wp-block-list\">\n<li>rajaa hakua esim. <strong>julkaisuvuodella, -kielell\u00e4 tai -tyypill\u00e4<\/strong> (esim. peer review\/scholarly-lehtiin)<\/li>\n<\/ul>\n\n\n\n<h2 class=\"wp-block-heading\">N\u00e4in kasvatat tulosten m\u00e4\u00e4r\u00e4\u00e4<\/h2>\n\n\n\n<p>Kun hakulauseesi tuottaa vain niukasti tuloksia, voit kokeilla seuraavia keinoja:<\/p>\n\n\n\n<ul class=\"wp-block-list\">\n<li>tarkista <strong>kirjoitusvirheet<\/strong> ja sanan <strong>kirjoitusmuodot<\/strong> (yhteen vai erikseen, lyhenteet yms.)<\/li>\n\n\n\n<li>mieti, onko sanalle <strong>rinnakkaista<\/strong> kirjoitus-\/ilmaisumuotoa<br><br><em>optoelectronics&nbsp;&nbsp; -&gt; optical electronics<\/em><br><em>geomagnetismi&nbsp; -&gt; maamagnetismi<\/em><br><em>LNG -&gt; nesteytetty maakaasu<\/em><\/li>\n<\/ul>\n\n\n\n<ul class=\"wp-block-list\">\n<li>etsi hakusanoillesi synonyymeja ja <strong>rinnakkaistermej\u00e4<\/strong> (lis\u00e4t\u00e4\u00e4n OR:lla)<br><br><em>fullereeni&nbsp; -&gt; fullereeni OR pallohiili<\/em><\/li>\n\n\n\n<li><strong>v\u00e4henn\u00e4<\/strong> hakulausekkeesta AND-operaattorilla yhdistettyj\u00e4, <strong>rajaavia hakusanoja<\/strong><br><br><em>waste AND biomass AND oil AND pyrolysis -&gt; biomass AND oil AND pyrolysis<\/em><\/li>\n\n\n\n<li><strong>pura fraasit<\/strong> tai yhdyssanat, jos sanojen esiintyminen yhdess\u00e4 ei ole v\u00e4ltt\u00e4m\u00e4t\u00f6nt\u00e4 tai sanojen v\u00e4liss\u00e4 voisi olla jotain muutakin<br><br><em>\u201dinfrared radiation\u201d&nbsp; -&gt;infrared AND radiation<\/em><br><em>kuituoptiikka -&gt; kuidut AND optiikka<\/em><\/li>\n\n\n\n<li>k\u00e4yt\u00e4<strong> sanankatkaisua<\/strong><br><br><em>taustas\u00e4teily -&gt;taustas\u00e4teily*<\/em><\/li>\n\n\n\n<li>mieti mihin <strong>laajempaan aihealueeseen<\/strong> ongelmasi kuuluu ja k\u00e4yt\u00e4 laajempaa hakutermi\u00e4<br><br><em>nanohiukkaset&nbsp; -&gt; pienhiukkaset<\/em><\/li>\n\n\n\n<li>k\u00e4yt\u00e4 <strong>vapaasanahakua<\/strong>, jos olet k\u00e4ytt\u00e4nyt asiasanahakua tai muuta kentt\u00e4rajausta<\/li>\n\n\n\n<li><strong>poista<\/strong> vuosi- ym. rajoitukset<\/li>\n\n\n\n<li>tarkista, onko k\u00e4ytt\u00e4m\u00e4si <strong>tietokanta sopiva<\/strong> aiheesi kannalta<\/li>\n<\/ul>\n\n\n\n<p><strong>Vinkki:<br><\/strong>Joskus jokin yksitt\u00e4inen sana voi olla tietokannassa niin harvinainen, ett\u00e4 sen rinnalle ei kannata ottaa mit\u00e4\u00e4n muuta hakusanaa. <strong>Voit testata sanan yleisyytt\u00e4 tekem\u00e4ll\u00e4 yksinkertaisen sanahaun.<\/strong><\/p>\n\n\n\n<p class=\"has-text-align-right\">Seuraava sivu: <a href=\"https:\/\/blogs.uef.fi\/tiedonhaku-fysiikka\/uef-primo\/\">Aloita UEF-Primosta<\/a>.<\/p>\n","protected":false},"excerpt":{"rendered":"<p>Hakua voidaan muokata tarpeen mukaan: N\u00e4in saat v\u00e4hemm\u00e4n ja aiheenmukaisempia tuloksia Kun hakusi tuottaa &#8221;liian paljon&#8221; ja\/tai aiheeltaan ep\u00e4tarkkoja tuloksia, kokeile seuraavia keinoja: N\u00e4in kasvatat tulosten m\u00e4\u00e4r\u00e4\u00e4 Kun hakulauseesi tuottaa vain niukasti tuloksia, voit kokeilla seuraavia keinoja: Vinkki:Joskus jokin yksitt\u00e4inen sana voi olla tietokannassa niin harvinainen, ett\u00e4 sen rinnalle ei kannata ottaa mit\u00e4\u00e4n muuta hakusanaa. [&hellip;]<\/p>\n","protected":false},"author":127,"featured_media":0,"parent":945,"menu_order":6,"comment_status":"closed","ping_status":"closed","template":"","meta":{"_acf_changed":false,"footnotes":""},"class_list":["post-214","page","type-page","status-publish","hentry"],"acf":[],"yoast_head":"<!-- This site is optimized with the Yoast SEO plugin v27.3 - https:\/\/yoast.com\/product\/yoast-seo-wordpress\/ -->\n<title>Hakulauseen muokkaaminen - Fysiikan ja tekniikan tiedonhaku<\/title>\n<meta name=\"robots\" content=\"index, follow, max-snippet:-1, max-image-preview:large, max-video-preview:-1\" \/>\n<link rel=\"canonical\" href=\"https:\/\/blogs.uef.fi\/tiedonhaku-fysiikka\/hakulauseet\/tarkempia-tuloksia\/\" \/>\n<meta property=\"og:locale\" content=\"fi_FI\" \/>\n<meta property=\"og:type\" content=\"article\" \/>\n<meta property=\"og:title\" content=\"Hakulauseen muokkaaminen - Fysiikan ja tekniikan tiedonhaku\" \/>\n<meta property=\"og:description\" content=\"Hakua voidaan muokata tarpeen mukaan: N\u00e4in saat v\u00e4hemm\u00e4n ja aiheenmukaisempia tuloksia Kun hakusi tuottaa &#8221;liian paljon&#8221; ja\/tai aiheeltaan ep\u00e4tarkkoja tuloksia, kokeile seuraavia keinoja: N\u00e4in kasvatat tulosten m\u00e4\u00e4r\u00e4\u00e4 Kun hakulauseesi tuottaa vain niukasti tuloksia, voit kokeilla seuraavia keinoja: Vinkki:Joskus jokin yksitt\u00e4inen sana voi olla tietokannassa niin harvinainen, ett\u00e4 sen rinnalle ei kannata ottaa mit\u00e4\u00e4n muuta hakusanaa. [&hellip;]\" \/>\n<meta property=\"og:url\" content=\"https:\/\/blogs.uef.fi\/tiedonhaku-fysiikka\/hakulauseet\/tarkempia-tuloksia\/\" \/>\n<meta property=\"og:site_name\" content=\"Fysiikan ja tekniikan tiedonhaku\" \/>\n<meta property=\"article:modified_time\" content=\"2024-07-04T09:51:22+00:00\" \/>\n<meta property=\"og:image\" content=\"https:\/\/blogs.uef.fi\/tiedonhaku-fysiikka\/wp-content\/uploads\/sites\/49\/2024\/07\/muokkaus.png\" \/>\n<meta name=\"twitter:card\" content=\"summary_large_image\" \/>\n<meta name=\"twitter:label1\" content=\"Arvioitu lukuaika\" \/>\n\t<meta name=\"twitter:data1\" content=\"3 minuuttia\" \/>\n<script type=\"application\/ld+json\" class=\"yoast-schema-graph\">{\"@context\":\"https:\\\/\\\/schema.org\",\"@graph\":[{\"@type\":\"WebPage\",\"@id\":\"https:\\\/\\\/blogs.uef.fi\\\/tiedonhaku-fysiikka\\\/hakulauseet\\\/tarkempia-tuloksia\\\/\",\"url\":\"https:\\\/\\\/blogs.uef.fi\\\/tiedonhaku-fysiikka\\\/hakulauseet\\\/tarkempia-tuloksia\\\/\",\"name\":\"Hakulauseen muokkaaminen - Fysiikan ja tekniikan tiedonhaku\",\"isPartOf\":{\"@id\":\"https:\\\/\\\/blogs.uef.fi\\\/tiedonhaku-fysiikka\\\/#website\"},\"primaryImageOfPage\":{\"@id\":\"https:\\\/\\\/blogs.uef.fi\\\/tiedonhaku-fysiikka\\\/hakulauseet\\\/tarkempia-tuloksia\\\/#primaryimage\"},\"image\":{\"@id\":\"https:\\\/\\\/blogs.uef.fi\\\/tiedonhaku-fysiikka\\\/hakulauseet\\\/tarkempia-tuloksia\\\/#primaryimage\"},\"thumbnailUrl\":\"https:\\\/\\\/blogs.uef.fi\\\/tiedonhaku-fysiikka\\\/wp-content\\\/uploads\\\/sites\\\/49\\\/2024\\\/07\\\/muokkaus.png\",\"datePublished\":\"2015-08-05T10:53:42+00:00\",\"dateModified\":\"2024-07-04T09:51:22+00:00\",\"breadcrumb\":{\"@id\":\"https:\\\/\\\/blogs.uef.fi\\\/tiedonhaku-fysiikka\\\/hakulauseet\\\/tarkempia-tuloksia\\\/#breadcrumb\"},\"inLanguage\":\"fi\",\"potentialAction\":[{\"@type\":\"ReadAction\",\"target\":[\"https:\\\/\\\/blogs.uef.fi\\\/tiedonhaku-fysiikka\\\/hakulauseet\\\/tarkempia-tuloksia\\\/\"]}]},{\"@type\":\"ImageObject\",\"inLanguage\":\"fi\",\"@id\":\"https:\\\/\\\/blogs.uef.fi\\\/tiedonhaku-fysiikka\\\/hakulauseet\\\/tarkempia-tuloksia\\\/#primaryimage\",\"url\":\"https:\\\/\\\/blogs.uef.fi\\\/tiedonhaku-fysiikka\\\/wp-content\\\/uploads\\\/sites\\\/49\\\/2024\\\/07\\\/muokkaus.png\",\"contentUrl\":\"https:\\\/\\\/blogs.uef.fi\\\/tiedonhaku-fysiikka\\\/wp-content\\\/uploads\\\/sites\\\/49\\\/2024\\\/07\\\/muokkaus.png\",\"width\":1237,\"height\":867,\"caption\":\"Muutokset hakulauseeseen, kun tulee liikaa tai ep\u00e4tarkkaa. K\u00e4sitteiden m\u00e4\u00e4r\u00e4: Ota mukaan lis\u00e4\u00e4 k\u00e4sitteit\u00e4 AND-operaattorilla. Hakukent\u00e4t: K\u00e4yt\u00e4 asiasana-, nimeke- ja (tiivistelm\u00e4)kentti\u00e4. Hakusanat: Tarkenna hakusana t\u00e4sm\u00e4llisemm\u00e4ksi, k\u00e4yt\u00e4 fraasia AND-operaation sijaan, k\u00e4yt\u00e4 perusvartaloa pidemp\u00e4\u00e4 sanankatkaisua tai poista sanankatkaisu, k\u00e4yt\u00e4 rajauksia eli filttereit\u00e4. Muutokset hakulauseeseen, kun tulee liian v\u00e4h\u00e4n tai aihetta ei l\u00f6ydy. K\u00e4sitteiden m\u00e4\u00e4r\u00e4: J\u00e4t\u00e4 v\u00e4hiten t\u00e4rke\u00e4 k\u00e4site pois ja hae eri yhdistelmill\u00e4. Hakukent\u00e4t: Hae vapaasti kaikista kentist\u00e4. Hakusanat: K\u00e4yt\u00e4 laajempaa termi\u00e4, muuta fraasi AND-operaatioksi, lis\u00e4\u00e4 vaihtoehtoisia sanoja OR- operaattorilla, kokeile sanankatkaisua.\"},{\"@type\":\"BreadcrumbList\",\"@id\":\"https:\\\/\\\/blogs.uef.fi\\\/tiedonhaku-fysiikka\\\/hakulauseet\\\/tarkempia-tuloksia\\\/#breadcrumb\",\"itemListElement\":[{\"@type\":\"ListItem\",\"position\":1,\"name\":\"Home\",\"item\":\"https:\\\/\\\/blogs.uef.fi\\\/tiedonhaku-fysiikka\\\/\"},{\"@type\":\"ListItem\",\"position\":2,\"name\":\"Hakulauseet\",\"item\":\"https:\\\/\\\/blogs.uef.fi\\\/tiedonhaku-fysiikka\\\/hakulauseet\\\/\"},{\"@type\":\"ListItem\",\"position\":3,\"name\":\"Hakulauseen muokkaaminen\"}]},{\"@type\":\"WebSite\",\"@id\":\"https:\\\/\\\/blogs.uef.fi\\\/tiedonhaku-fysiikka\\\/#website\",\"url\":\"https:\\\/\\\/blogs.uef.fi\\\/tiedonhaku-fysiikka\\\/\",\"name\":\"Fysiikan ja tekniikan tiedonhaku\",\"description\":\"\",\"potentialAction\":[{\"@type\":\"SearchAction\",\"target\":{\"@type\":\"EntryPoint\",\"urlTemplate\":\"https:\\\/\\\/blogs.uef.fi\\\/tiedonhaku-fysiikka\\\/?s={search_term_string}\"},\"query-input\":{\"@type\":\"PropertyValueSpecification\",\"valueRequired\":true,\"valueName\":\"search_term_string\"}}],\"inLanguage\":\"fi\"}]}<\/script>\n<!-- \/ Yoast SEO plugin. -->","yoast_head_json":{"title":"Hakulauseen muokkaaminen - Fysiikan ja tekniikan tiedonhaku","robots":{"index":"index","follow":"follow","max-snippet":"max-snippet:-1","max-image-preview":"max-image-preview:large","max-video-preview":"max-video-preview:-1"},"canonical":"https:\/\/blogs.uef.fi\/tiedonhaku-fysiikka\/hakulauseet\/tarkempia-tuloksia\/","og_locale":"fi_FI","og_type":"article","og_title":"Hakulauseen muokkaaminen - Fysiikan ja tekniikan tiedonhaku","og_description":"Hakua voidaan muokata tarpeen mukaan: N\u00e4in saat v\u00e4hemm\u00e4n ja aiheenmukaisempia tuloksia Kun hakusi tuottaa &#8221;liian paljon&#8221; ja\/tai aiheeltaan ep\u00e4tarkkoja tuloksia, kokeile seuraavia keinoja: N\u00e4in kasvatat tulosten m\u00e4\u00e4r\u00e4\u00e4 Kun hakulauseesi tuottaa vain niukasti tuloksia, voit kokeilla seuraavia keinoja: Vinkki:Joskus jokin yksitt\u00e4inen sana voi olla tietokannassa niin harvinainen, ett\u00e4 sen rinnalle ei kannata ottaa mit\u00e4\u00e4n muuta hakusanaa. [&hellip;]","og_url":"https:\/\/blogs.uef.fi\/tiedonhaku-fysiikka\/hakulauseet\/tarkempia-tuloksia\/","og_site_name":"Fysiikan ja tekniikan tiedonhaku","article_modified_time":"2024-07-04T09:51:22+00:00","og_image":[{"url":"https:\/\/blogs.uef.fi\/tiedonhaku-fysiikka\/wp-content\/uploads\/sites\/49\/2024\/07\/muokkaus.png","type":"","width":"","height":""}],"twitter_card":"summary_large_image","twitter_misc":{"Arvioitu lukuaika":"3 minuuttia"},"schema":{"@context":"https:\/\/schema.org","@graph":[{"@type":"WebPage","@id":"https:\/\/blogs.uef.fi\/tiedonhaku-fysiikka\/hakulauseet\/tarkempia-tuloksia\/","url":"https:\/\/blogs.uef.fi\/tiedonhaku-fysiikka\/hakulauseet\/tarkempia-tuloksia\/","name":"Hakulauseen muokkaaminen - Fysiikan ja tekniikan tiedonhaku","isPartOf":{"@id":"https:\/\/blogs.uef.fi\/tiedonhaku-fysiikka\/#website"},"primaryImageOfPage":{"@id":"https:\/\/blogs.uef.fi\/tiedonhaku-fysiikka\/hakulauseet\/tarkempia-tuloksia\/#primaryimage"},"image":{"@id":"https:\/\/blogs.uef.fi\/tiedonhaku-fysiikka\/hakulauseet\/tarkempia-tuloksia\/#primaryimage"},"thumbnailUrl":"https:\/\/blogs.uef.fi\/tiedonhaku-fysiikka\/wp-content\/uploads\/sites\/49\/2024\/07\/muokkaus.png","datePublished":"2015-08-05T10:53:42+00:00","dateModified":"2024-07-04T09:51:22+00:00","breadcrumb":{"@id":"https:\/\/blogs.uef.fi\/tiedonhaku-fysiikka\/hakulauseet\/tarkempia-tuloksia\/#breadcrumb"},"inLanguage":"fi","potentialAction":[{"@type":"ReadAction","target":["https:\/\/blogs.uef.fi\/tiedonhaku-fysiikka\/hakulauseet\/tarkempia-tuloksia\/"]}]},{"@type":"ImageObject","inLanguage":"fi","@id":"https:\/\/blogs.uef.fi\/tiedonhaku-fysiikka\/hakulauseet\/tarkempia-tuloksia\/#primaryimage","url":"https:\/\/blogs.uef.fi\/tiedonhaku-fysiikka\/wp-content\/uploads\/sites\/49\/2024\/07\/muokkaus.png","contentUrl":"https:\/\/blogs.uef.fi\/tiedonhaku-fysiikka\/wp-content\/uploads\/sites\/49\/2024\/07\/muokkaus.png","width":1237,"height":867,"caption":"Muutokset hakulauseeseen, kun tulee liikaa tai ep\u00e4tarkkaa. K\u00e4sitteiden m\u00e4\u00e4r\u00e4: Ota mukaan lis\u00e4\u00e4 k\u00e4sitteit\u00e4 AND-operaattorilla. Hakukent\u00e4t: K\u00e4yt\u00e4 asiasana-, nimeke- ja (tiivistelm\u00e4)kentti\u00e4. Hakusanat: Tarkenna hakusana t\u00e4sm\u00e4llisemm\u00e4ksi, k\u00e4yt\u00e4 fraasia AND-operaation sijaan, k\u00e4yt\u00e4 perusvartaloa pidemp\u00e4\u00e4 sanankatkaisua tai poista sanankatkaisu, k\u00e4yt\u00e4 rajauksia eli filttereit\u00e4. Muutokset hakulauseeseen, kun tulee liian v\u00e4h\u00e4n tai aihetta ei l\u00f6ydy. K\u00e4sitteiden m\u00e4\u00e4r\u00e4: J\u00e4t\u00e4 v\u00e4hiten t\u00e4rke\u00e4 k\u00e4site pois ja hae eri yhdistelmill\u00e4. Hakukent\u00e4t: Hae vapaasti kaikista kentist\u00e4. Hakusanat: K\u00e4yt\u00e4 laajempaa termi\u00e4, muuta fraasi AND-operaatioksi, lis\u00e4\u00e4 vaihtoehtoisia sanoja OR- operaattorilla, kokeile sanankatkaisua."},{"@type":"BreadcrumbList","@id":"https:\/\/blogs.uef.fi\/tiedonhaku-fysiikka\/hakulauseet\/tarkempia-tuloksia\/#breadcrumb","itemListElement":[{"@type":"ListItem","position":1,"name":"Home","item":"https:\/\/blogs.uef.fi\/tiedonhaku-fysiikka\/"},{"@type":"ListItem","position":2,"name":"Hakulauseet","item":"https:\/\/blogs.uef.fi\/tiedonhaku-fysiikka\/hakulauseet\/"},{"@type":"ListItem","position":3,"name":"Hakulauseen muokkaaminen"}]},{"@type":"WebSite","@id":"https:\/\/blogs.uef.fi\/tiedonhaku-fysiikka\/#website","url":"https:\/\/blogs.uef.fi\/tiedonhaku-fysiikka\/","name":"Fysiikan ja tekniikan tiedonhaku","description":"","potentialAction":[{"@type":"SearchAction","target":{"@type":"EntryPoint","urlTemplate":"https:\/\/blogs.uef.fi\/tiedonhaku-fysiikka\/?s={search_term_string}"},"query-input":{"@type":"PropertyValueSpecification","valueRequired":true,"valueName":"search_term_string"}}],"inLanguage":"fi"}]}},"_links":{"self":[{"href":"https:\/\/blogs.uef.fi\/tiedonhaku-fysiikka\/wp-json\/wp\/v2\/pages\/214","targetHints":{"allow":["GET"]}}],"collection":[{"href":"https:\/\/blogs.uef.fi\/tiedonhaku-fysiikka\/wp-json\/wp\/v2\/pages"}],"about":[{"href":"https:\/\/blogs.uef.fi\/tiedonhaku-fysiikka\/wp-json\/wp\/v2\/types\/page"}],"author":[{"embeddable":true,"href":"https:\/\/blogs.uef.fi\/tiedonhaku-fysiikka\/wp-json\/wp\/v2\/users\/127"}],"replies":[{"embeddable":true,"href":"https:\/\/blogs.uef.fi\/tiedonhaku-fysiikka\/wp-json\/wp\/v2\/comments?post=214"}],"version-history":[{"count":2,"href":"https:\/\/blogs.uef.fi\/tiedonhaku-fysiikka\/wp-json\/wp\/v2\/pages\/214\/revisions"}],"predecessor-version":[{"id":4355,"href":"https:\/\/blogs.uef.fi\/tiedonhaku-fysiikka\/wp-json\/wp\/v2\/pages\/214\/revisions\/4355"}],"up":[{"embeddable":true,"href":"https:\/\/blogs.uef.fi\/tiedonhaku-fysiikka\/wp-json\/wp\/v2\/pages\/945"}],"wp:attachment":[{"href":"https:\/\/blogs.uef.fi\/tiedonhaku-fysiikka\/wp-json\/wp\/v2\/media?parent=214"}],"curies":[{"name":"wp","href":"https:\/\/api.w.org\/{rel}","templated":true}]}}