{"id":206,"date":"2015-08-05T09:33:02","date_gmt":"2015-08-05T09:33:02","guid":{"rendered":"https:\/\/ueflibraryfys.wordpress.com\/?page_id=206"},"modified":"2025-01-23T10:29:03","modified_gmt":"2025-01-23T08:29:03","slug":"vaitoskirjojen-ja-gradujen-hakeminen","status":"publish","type":"page","link":"https:\/\/blogs.uef.fi\/tiedonhaku-fysiikka\/hakukoneet\/vaitoskirjojen-ja-gradujen-hakeminen\/","title":{"rendered":"V\u00e4it\u00f6skirjojen ja gradujen hakeminen"},"content":{"rendered":"\n<p>Opinn\u00e4ytteet tallennetaan korkeakoulujen omiin <strong>julkaisuarkistoihin<\/strong>. Tiedot opinn\u00e4ytteist\u00e4 tallentaan <strong>kirjastotietokantoihin<\/strong>.<\/p>\n\n\n\n<p>Vanhemmat opinn\u00e4ytteet (UEFissa ennen vuotta 2012) ovat kirjastoissa vain <strong>painettuina tai mikrotallenteina<\/strong>.<\/p>\n\n\n\n<p>Opinn\u00e4ytteit\u00e4 voisi siis hakea esimerkiksi (linkit aukeavat uuteen ikkunaan):<\/p>\n\n\n\n<ul class=\"wp-block-list\">\n<li><a href=\"https:\/\/primo.uef.fi\/discovery\/search?vid=358FIN_UOEF:VU1\" target=\"_blank\" rel=\"noopener\">UEF-Primosta<\/a><\/li>\n\n\n\n<li>kansallisesta <a href=\"https:\/\/finna.fi\/\" target=\"_blank\" rel=\"noopener\">Finnasta<\/a><\/li>\n\n\n\n<li><a href=\"https:\/\/erepo.uef.fi\/\" target=\"_blank\" rel=\"noopener\">UEF-eReposta<\/a> (UEFin julkaisuarkisto)<\/li>\n\n\n\n<li>Googlella (vinkki: lis\u00e4\u00e4 hakusanaksi gradu \/ v\u00e4it\u00f6skirja \/ thesis yms.)<\/li>\n<\/ul>\n\n\n\n<h2 class=\"wp-block-heading\">Hakuvinkit<\/h2>\n\n\n\n<p>Voit tehd\u00e4 normaalisti <strong>aiheenmukaista hakua kirjastotietokannassa<\/strong>. Kun hakutulos on valmis, voit rajata tulokseen vain opinn\u00e4ytteet.<\/p>\n\n\n    <div class=\"funders grid\">\n                        <div class=\"funders__item grid__item\">\n                            <div class=\"funders__image\">\n                    <img decoding=\"async\" src=\"https:\/\/blogs.uef.fi\/tiedonhaku-fysiikka\/wp-content\/uploads\/sites\/49\/2023\/08\/primo_rajaus.png\" alt=\"Kuvakaappaus. Yksityiskohta UEF-Primon tulossivulta. Rajaa tuloksia -valikossa n\u00e4kyvill\u00e4 eri rajausmahdollisuuksia, joista on valittu Opinn\u00e4ytteet. Alhaalla teksti vihre\u00e4ll\u00e4 pohjalla: K\u00e4yt\u00e4 rajauksia.\" \/>\n                <\/div>\n                                    <p class=\"funders__description\">Opinn\u00e4ytteisiin rajaaminen UEF-Primossa.<\/p>\n                                                <\/div>\n                        \n                        <div class=\"funders__item grid__item\">\n                            <div class=\"funders__image\">\n                    <img decoding=\"async\" src=\"https:\/\/blogs.uef.fi\/tiedonhaku-fysiikka\/wp-content\/uploads\/sites\/49\/2021\/08\/opinnaytteet_finna.png\" alt=\"Kuvakaappaus. Yksityiskohta Finna.fi -tulossivulta. Rajaa hakua -valikossa n\u00e4kyvill\u00e4 eri rajausmahdollisuuksia, joista Aineistotyypin kohdalta on valittu  Opinn\u00e4yte. \" \/>\n                <\/div>\n                                    <p class=\"funders__description\">Finnassa opinn\u00e4ytteit\u00e4 voi rajata UEF-Primoa tarkemmin opinn\u00e4ytteen tyypin mukaan.<\/p>\n                                                <\/div>\n                        \n            <\/div>\n\n\n\n<p>Huomaa, ett\u00e4 kandit\u00f6it\u00e4 tallentavat kirjastotietokantoihin vain harvat yliopistot. UEFissa kandit\u00f6it\u00e4 ei tallenneta julkaisuarkistoon eik\u00e4 tietokantaan.<\/p>\n\n\n\n<p><strong>Julkaisuarkistoissa<\/strong>, kuten UEF-eRepo, opinn\u00e4ytteit\u00e4 on mahdollista <strong>selata<\/strong> esimerkiksi laitoksen mukaan.<\/p>\n\n\n\n<figure class=\"wp-block-image size-full\"><img loading=\"lazy\" decoding=\"async\" width=\"1493\" height=\"1032\" src=\"https:\/\/blogs.uef.fi\/tiedonhaku-fysiikka\/wp-content\/uploads\/sites\/49\/2025\/01\/erepo.png\" alt=\"Kuvakaappaus UEF\/\/ERepository sivusta. Esill\u00e4 on kokoelma Opinn\u00e4ytteet \u2013 Pro gradut. Selausperusteeksi on valittu Laitos. Alla on lista laitoksista aakkosj\u00e4rjestyksess\u00e4.\" class=\"wp-image-4484\" srcset=\"https:\/\/blogs.uef.fi\/tiedonhaku-fysiikka\/wp-content\/uploads\/sites\/49\/2025\/01\/erepo.png 1493w, https:\/\/blogs.uef.fi\/tiedonhaku-fysiikka\/wp-content\/uploads\/sites\/49\/2025\/01\/erepo-300x207.png 300w, https:\/\/blogs.uef.fi\/tiedonhaku-fysiikka\/wp-content\/uploads\/sites\/49\/2025\/01\/erepo-1024x708.png 1024w, https:\/\/blogs.uef.fi\/tiedonhaku-fysiikka\/wp-content\/uploads\/sites\/49\/2025\/01\/erepo-768x531.png 768w\" sizes=\"auto, (max-width: 1493px) 100vw, 1493px\" \/><figcaption class=\"wp-element-caption\"><em>ERepossa valitaan etusivulta Yhteis\u00f6t ja kokoelmat. T\u00e4m\u00e4n j\u00e4lkeen voi valita opinn\u00e4ytteen tyypin, esim. pro gradut. Sen j\u00e4lkeen voi valita selausperusteen, t\u00e4ss\u00e4 se on Laitos. Fysiikan ja tekniikan graduja l\u00f6ytyy kohdista \u2019Fysiikan ja matematiikan laitos\u2019, Sovelletun fysiikan laitos, Teknillisen fysiikan laitos&#8217;.<\/em><\/figcaption><\/figure>\n\n\n\n<h2 class=\"wp-block-heading\">V\u00e4it\u00f6skirjat<\/h2>\n\n\n\n<p><strong>Fysiikan alan v\u00e4it\u00f6skirjat<\/strong> ovat nykyisin l\u00e4hes aina ns. nippuv\u00e4it\u00f6skirjoja, joiden keskeisen sis\u00e4ll\u00f6n v\u00e4ittelij\u00e4 on jo julkaissut <strong>tieteellisiss\u00e4 lehdiss\u00e4 artikkeleina<\/strong>. Varsinainen v\u00e4it\u00f6skirja sis\u00e4lt\u00e4\u00e4 yhteenvedon artikkeleista sek\u00e4 itse artikkelit liitteen\u00e4. Aiemmin v\u00e4it\u00f6skirja oli yksi yhten\u00e4inen julkaisu.<\/p>\n\n\n\n<p>V\u00e4it\u00f6skirja julkaistaan usein ko. <strong>yliopiston omassa julkaisusarjassa.<\/strong> Muitakin vaihtoehtoja on: jos v\u00e4ittelij\u00e4 ty\u00f6skentelee jonkin muun julkisorganisaation palveluksessa, v\u00e4it\u00f6skirja voidaan julkaista t\u00e4m\u00e4n <strong>organisaation sarjassa<\/strong>. V\u00e4it\u00f6skirja on mahdollista julkaista my\u00f6s <strong>kaupallisen kustantajan<\/strong> kautta.<\/p>\n\n\n\n<p>Joensuun yliopiston fysiikan v\u00e4it\u00f6ksi\u00e4 on mm. sarjassa:<br><em>University of Joensuu, Department of physics. Dissertations.<\/em><\/p>\n\n\n\n<p>Kuopion yliopiston v\u00e4it\u00f6skirjoja mm. sarjassa:<br><em>Kuopion yliopiston julkaisuja. C, Luonnontieteet ja ymp\u00e4rist\u00f6tieteet.<\/em><\/p>\n\n\n\n<p>It\u00e4-Suomen yliopistossa sarja on:<br><em>Publications of the University of Eastern Finland. Dissertations in Science, Forestry and Technology.<\/em><br>(28.2.2023 saakka nimi oli Publications of the University of Eastern Finland. Dissertations in Forestry and Natural Sciences.)<\/p>\n\n\n\n<p class=\"has-text-align-right\">Seuraava sivu: <a href=\"https:\/\/blogs.uef.fi\/tiedonhaku-fysiikka\/hakukoneet\/standardien-ja-patenttien-haku\/\">Standardien ja patenttien haku<\/a><\/p>\n","protected":false},"excerpt":{"rendered":"<p>Opinn\u00e4ytteet tallennetaan korkeakoulujen omiin julkaisuarkistoihin. Tiedot opinn\u00e4ytteist\u00e4 tallentaan kirjastotietokantoihin. Vanhemmat opinn\u00e4ytteet (UEFissa ennen vuotta 2012) ovat kirjastoissa vain painettuina tai mikrotallenteina. Opinn\u00e4ytteit\u00e4 voisi siis hakea esimerkiksi (linkit aukeavat uuteen ikkunaan): Hakuvinkit Voit tehd\u00e4 normaalisti aiheenmukaista hakua kirjastotietokannassa. Kun hakutulos on valmis, voit rajata tulokseen vain opinn\u00e4ytteet. Huomaa, ett\u00e4 kandit\u00f6it\u00e4 tallentavat kirjastotietokantoihin vain harvat yliopistot. UEFissa [&hellip;]<\/p>\n","protected":false},"author":127,"featured_media":0,"parent":949,"menu_order":6,"comment_status":"closed","ping_status":"closed","template":"","meta":{"_acf_changed":false,"footnotes":""},"class_list":["post-206","page","type-page","status-publish","hentry"],"acf":[],"yoast_head":"<!-- This site is optimized with the Yoast SEO plugin v27.3 - https:\/\/yoast.com\/product\/yoast-seo-wordpress\/ -->\n<title>V\u00e4it\u00f6skirjojen ja gradujen hakeminen - Fysiikan ja tekniikan tiedonhaku<\/title>\n<meta name=\"robots\" content=\"index, follow, max-snippet:-1, max-image-preview:large, max-video-preview:-1\" \/>\n<link rel=\"canonical\" href=\"https:\/\/blogs.uef.fi\/tiedonhaku-fysiikka\/hakukoneet\/vaitoskirjojen-ja-gradujen-hakeminen\/\" \/>\n<meta property=\"og:locale\" content=\"fi_FI\" \/>\n<meta property=\"og:type\" content=\"article\" \/>\n<meta property=\"og:title\" content=\"V\u00e4it\u00f6skirjojen ja gradujen hakeminen - Fysiikan ja tekniikan tiedonhaku\" \/>\n<meta property=\"og:description\" content=\"Opinn\u00e4ytteet tallennetaan korkeakoulujen omiin julkaisuarkistoihin. Tiedot opinn\u00e4ytteist\u00e4 tallentaan kirjastotietokantoihin. Vanhemmat opinn\u00e4ytteet (UEFissa ennen vuotta 2012) ovat kirjastoissa vain painettuina tai mikrotallenteina. Opinn\u00e4ytteit\u00e4 voisi siis hakea esimerkiksi (linkit aukeavat uuteen ikkunaan): Hakuvinkit Voit tehd\u00e4 normaalisti aiheenmukaista hakua kirjastotietokannassa. Kun hakutulos on valmis, voit rajata tulokseen vain opinn\u00e4ytteet. Huomaa, ett\u00e4 kandit\u00f6it\u00e4 tallentavat kirjastotietokantoihin vain harvat yliopistot. UEFissa [&hellip;]\" \/>\n<meta property=\"og:url\" content=\"https:\/\/blogs.uef.fi\/tiedonhaku-fysiikka\/hakukoneet\/vaitoskirjojen-ja-gradujen-hakeminen\/\" \/>\n<meta property=\"og:site_name\" content=\"Fysiikan ja tekniikan tiedonhaku\" \/>\n<meta property=\"article:modified_time\" content=\"2025-01-23T08:29:03+00:00\" \/>\n<meta property=\"og:image\" content=\"https:\/\/blogs.uef.fi\/tiedonhaku-fysiikka\/wp-content\/uploads\/sites\/49\/2025\/01\/erepo.png\" \/>\n<meta name=\"twitter:card\" content=\"summary_large_image\" \/>\n<meta name=\"twitter:label1\" content=\"Arvioitu lukuaika\" \/>\n\t<meta name=\"twitter:data1\" content=\"2 minuuttia\" \/>\n<script type=\"application\/ld+json\" class=\"yoast-schema-graph\">{\"@context\":\"https:\\\/\\\/schema.org\",\"@graph\":[{\"@type\":\"WebPage\",\"@id\":\"https:\\\/\\\/blogs.uef.fi\\\/tiedonhaku-fysiikka\\\/hakukoneet\\\/vaitoskirjojen-ja-gradujen-hakeminen\\\/\",\"url\":\"https:\\\/\\\/blogs.uef.fi\\\/tiedonhaku-fysiikka\\\/hakukoneet\\\/vaitoskirjojen-ja-gradujen-hakeminen\\\/\",\"name\":\"V\u00e4it\u00f6skirjojen ja gradujen hakeminen - Fysiikan ja tekniikan tiedonhaku\",\"isPartOf\":{\"@id\":\"https:\\\/\\\/blogs.uef.fi\\\/tiedonhaku-fysiikka\\\/#website\"},\"primaryImageOfPage\":{\"@id\":\"https:\\\/\\\/blogs.uef.fi\\\/tiedonhaku-fysiikka\\\/hakukoneet\\\/vaitoskirjojen-ja-gradujen-hakeminen\\\/#primaryimage\"},\"image\":{\"@id\":\"https:\\\/\\\/blogs.uef.fi\\\/tiedonhaku-fysiikka\\\/hakukoneet\\\/vaitoskirjojen-ja-gradujen-hakeminen\\\/#primaryimage\"},\"thumbnailUrl\":\"https:\\\/\\\/blogs.uef.fi\\\/tiedonhaku-fysiikka\\\/wp-content\\\/uploads\\\/sites\\\/49\\\/2025\\\/01\\\/erepo.png\",\"datePublished\":\"2015-08-05T09:33:02+00:00\",\"dateModified\":\"2025-01-23T08:29:03+00:00\",\"breadcrumb\":{\"@id\":\"https:\\\/\\\/blogs.uef.fi\\\/tiedonhaku-fysiikka\\\/hakukoneet\\\/vaitoskirjojen-ja-gradujen-hakeminen\\\/#breadcrumb\"},\"inLanguage\":\"fi\",\"potentialAction\":[{\"@type\":\"ReadAction\",\"target\":[\"https:\\\/\\\/blogs.uef.fi\\\/tiedonhaku-fysiikka\\\/hakukoneet\\\/vaitoskirjojen-ja-gradujen-hakeminen\\\/\"]}]},{\"@type\":\"ImageObject\",\"inLanguage\":\"fi\",\"@id\":\"https:\\\/\\\/blogs.uef.fi\\\/tiedonhaku-fysiikka\\\/hakukoneet\\\/vaitoskirjojen-ja-gradujen-hakeminen\\\/#primaryimage\",\"url\":\"https:\\\/\\\/blogs.uef.fi\\\/tiedonhaku-fysiikka\\\/wp-content\\\/uploads\\\/sites\\\/49\\\/2025\\\/01\\\/erepo.png\",\"contentUrl\":\"https:\\\/\\\/blogs.uef.fi\\\/tiedonhaku-fysiikka\\\/wp-content\\\/uploads\\\/sites\\\/49\\\/2025\\\/01\\\/erepo.png\",\"width\":1493,\"height\":1032},{\"@type\":\"BreadcrumbList\",\"@id\":\"https:\\\/\\\/blogs.uef.fi\\\/tiedonhaku-fysiikka\\\/hakukoneet\\\/vaitoskirjojen-ja-gradujen-hakeminen\\\/#breadcrumb\",\"itemListElement\":[{\"@type\":\"ListItem\",\"position\":1,\"name\":\"Home\",\"item\":\"https:\\\/\\\/blogs.uef.fi\\\/tiedonhaku-fysiikka\\\/\"},{\"@type\":\"ListItem\",\"position\":2,\"name\":\"Hakukoneet\",\"item\":\"https:\\\/\\\/blogs.uef.fi\\\/tiedonhaku-fysiikka\\\/hakukoneet\\\/\"},{\"@type\":\"ListItem\",\"position\":3,\"name\":\"V\u00e4it\u00f6skirjojen ja gradujen hakeminen\"}]},{\"@type\":\"WebSite\",\"@id\":\"https:\\\/\\\/blogs.uef.fi\\\/tiedonhaku-fysiikka\\\/#website\",\"url\":\"https:\\\/\\\/blogs.uef.fi\\\/tiedonhaku-fysiikka\\\/\",\"name\":\"Fysiikan ja tekniikan tiedonhaku\",\"description\":\"\",\"potentialAction\":[{\"@type\":\"SearchAction\",\"target\":{\"@type\":\"EntryPoint\",\"urlTemplate\":\"https:\\\/\\\/blogs.uef.fi\\\/tiedonhaku-fysiikka\\\/?s={search_term_string}\"},\"query-input\":{\"@type\":\"PropertyValueSpecification\",\"valueRequired\":true,\"valueName\":\"search_term_string\"}}],\"inLanguage\":\"fi\"}]}<\/script>\n<!-- \/ Yoast SEO plugin. -->","yoast_head_json":{"title":"V\u00e4it\u00f6skirjojen ja gradujen hakeminen - Fysiikan ja tekniikan tiedonhaku","robots":{"index":"index","follow":"follow","max-snippet":"max-snippet:-1","max-image-preview":"max-image-preview:large","max-video-preview":"max-video-preview:-1"},"canonical":"https:\/\/blogs.uef.fi\/tiedonhaku-fysiikka\/hakukoneet\/vaitoskirjojen-ja-gradujen-hakeminen\/","og_locale":"fi_FI","og_type":"article","og_title":"V\u00e4it\u00f6skirjojen ja gradujen hakeminen - Fysiikan ja tekniikan tiedonhaku","og_description":"Opinn\u00e4ytteet tallennetaan korkeakoulujen omiin julkaisuarkistoihin. Tiedot opinn\u00e4ytteist\u00e4 tallentaan kirjastotietokantoihin. Vanhemmat opinn\u00e4ytteet (UEFissa ennen vuotta 2012) ovat kirjastoissa vain painettuina tai mikrotallenteina. Opinn\u00e4ytteit\u00e4 voisi siis hakea esimerkiksi (linkit aukeavat uuteen ikkunaan): Hakuvinkit Voit tehd\u00e4 normaalisti aiheenmukaista hakua kirjastotietokannassa. Kun hakutulos on valmis, voit rajata tulokseen vain opinn\u00e4ytteet. Huomaa, ett\u00e4 kandit\u00f6it\u00e4 tallentavat kirjastotietokantoihin vain harvat yliopistot. UEFissa [&hellip;]","og_url":"https:\/\/blogs.uef.fi\/tiedonhaku-fysiikka\/hakukoneet\/vaitoskirjojen-ja-gradujen-hakeminen\/","og_site_name":"Fysiikan ja tekniikan tiedonhaku","article_modified_time":"2025-01-23T08:29:03+00:00","og_image":[{"url":"https:\/\/blogs.uef.fi\/tiedonhaku-fysiikka\/wp-content\/uploads\/sites\/49\/2025\/01\/erepo.png","type":"","width":"","height":""}],"twitter_card":"summary_large_image","twitter_misc":{"Arvioitu lukuaika":"2 minuuttia"},"schema":{"@context":"https:\/\/schema.org","@graph":[{"@type":"WebPage","@id":"https:\/\/blogs.uef.fi\/tiedonhaku-fysiikka\/hakukoneet\/vaitoskirjojen-ja-gradujen-hakeminen\/","url":"https:\/\/blogs.uef.fi\/tiedonhaku-fysiikka\/hakukoneet\/vaitoskirjojen-ja-gradujen-hakeminen\/","name":"V\u00e4it\u00f6skirjojen ja gradujen hakeminen - Fysiikan ja tekniikan tiedonhaku","isPartOf":{"@id":"https:\/\/blogs.uef.fi\/tiedonhaku-fysiikka\/#website"},"primaryImageOfPage":{"@id":"https:\/\/blogs.uef.fi\/tiedonhaku-fysiikka\/hakukoneet\/vaitoskirjojen-ja-gradujen-hakeminen\/#primaryimage"},"image":{"@id":"https:\/\/blogs.uef.fi\/tiedonhaku-fysiikka\/hakukoneet\/vaitoskirjojen-ja-gradujen-hakeminen\/#primaryimage"},"thumbnailUrl":"https:\/\/blogs.uef.fi\/tiedonhaku-fysiikka\/wp-content\/uploads\/sites\/49\/2025\/01\/erepo.png","datePublished":"2015-08-05T09:33:02+00:00","dateModified":"2025-01-23T08:29:03+00:00","breadcrumb":{"@id":"https:\/\/blogs.uef.fi\/tiedonhaku-fysiikka\/hakukoneet\/vaitoskirjojen-ja-gradujen-hakeminen\/#breadcrumb"},"inLanguage":"fi","potentialAction":[{"@type":"ReadAction","target":["https:\/\/blogs.uef.fi\/tiedonhaku-fysiikka\/hakukoneet\/vaitoskirjojen-ja-gradujen-hakeminen\/"]}]},{"@type":"ImageObject","inLanguage":"fi","@id":"https:\/\/blogs.uef.fi\/tiedonhaku-fysiikka\/hakukoneet\/vaitoskirjojen-ja-gradujen-hakeminen\/#primaryimage","url":"https:\/\/blogs.uef.fi\/tiedonhaku-fysiikka\/wp-content\/uploads\/sites\/49\/2025\/01\/erepo.png","contentUrl":"https:\/\/blogs.uef.fi\/tiedonhaku-fysiikka\/wp-content\/uploads\/sites\/49\/2025\/01\/erepo.png","width":1493,"height":1032},{"@type":"BreadcrumbList","@id":"https:\/\/blogs.uef.fi\/tiedonhaku-fysiikka\/hakukoneet\/vaitoskirjojen-ja-gradujen-hakeminen\/#breadcrumb","itemListElement":[{"@type":"ListItem","position":1,"name":"Home","item":"https:\/\/blogs.uef.fi\/tiedonhaku-fysiikka\/"},{"@type":"ListItem","position":2,"name":"Hakukoneet","item":"https:\/\/blogs.uef.fi\/tiedonhaku-fysiikka\/hakukoneet\/"},{"@type":"ListItem","position":3,"name":"V\u00e4it\u00f6skirjojen ja gradujen hakeminen"}]},{"@type":"WebSite","@id":"https:\/\/blogs.uef.fi\/tiedonhaku-fysiikka\/#website","url":"https:\/\/blogs.uef.fi\/tiedonhaku-fysiikka\/","name":"Fysiikan ja tekniikan tiedonhaku","description":"","potentialAction":[{"@type":"SearchAction","target":{"@type":"EntryPoint","urlTemplate":"https:\/\/blogs.uef.fi\/tiedonhaku-fysiikka\/?s={search_term_string}"},"query-input":{"@type":"PropertyValueSpecification","valueRequired":true,"valueName":"search_term_string"}}],"inLanguage":"fi"}]}},"_links":{"self":[{"href":"https:\/\/blogs.uef.fi\/tiedonhaku-fysiikka\/wp-json\/wp\/v2\/pages\/206","targetHints":{"allow":["GET"]}}],"collection":[{"href":"https:\/\/blogs.uef.fi\/tiedonhaku-fysiikka\/wp-json\/wp\/v2\/pages"}],"about":[{"href":"https:\/\/blogs.uef.fi\/tiedonhaku-fysiikka\/wp-json\/wp\/v2\/types\/page"}],"author":[{"embeddable":true,"href":"https:\/\/blogs.uef.fi\/tiedonhaku-fysiikka\/wp-json\/wp\/v2\/users\/127"}],"replies":[{"embeddable":true,"href":"https:\/\/blogs.uef.fi\/tiedonhaku-fysiikka\/wp-json\/wp\/v2\/comments?post=206"}],"version-history":[{"count":1,"href":"https:\/\/blogs.uef.fi\/tiedonhaku-fysiikka\/wp-json\/wp\/v2\/pages\/206\/revisions"}],"predecessor-version":[{"id":4486,"href":"https:\/\/blogs.uef.fi\/tiedonhaku-fysiikka\/wp-json\/wp\/v2\/pages\/206\/revisions\/4486"}],"up":[{"embeddable":true,"href":"https:\/\/blogs.uef.fi\/tiedonhaku-fysiikka\/wp-json\/wp\/v2\/pages\/949"}],"wp:attachment":[{"href":"https:\/\/blogs.uef.fi\/tiedonhaku-fysiikka\/wp-json\/wp\/v2\/media?parent=206"}],"curies":[{"name":"wp","href":"https:\/\/api.w.org\/{rel}","templated":true}]}}