{"id":189,"date":"2015-08-04T12:46:27","date_gmt":"2015-08-04T12:46:27","guid":{"rendered":"https:\/\/ueflibraryfys.wordpress.com\/?page_id=189"},"modified":"2024-01-18T15:38:39","modified_gmt":"2024-01-18T13:38:39","slug":"kirjojen-hakeminen","status":"publish","type":"page","link":"https:\/\/blogs.uef.fi\/tiedonhaku-fysiikka\/hakukoneet\/kirjojen-hakeminen\/","title":{"rendered":"Kirjojen hakeminen"},"content":{"rendered":"\n<p style=\"font-size:17px\">Kirjat ovat hy\u00f6dyllisi\u00e4 l\u00e4hteit\u00e4, kun halutaan <strong>kokonaiskuva<\/strong> jostakin aiheesta, perustietoja ja -k\u00e4sitteit\u00e4, historiaa.<\/p>\n\n\n\n<h2 class=\"wp-block-heading\">K\u00e4yt\u00e4 kirjastotietokantoja kirjojen ja sarjojen hakemiseen<\/h2>\n\n\n\n<p>Kirjoja l\u00f6yt\u00e4\u00e4 helpoiten <strong>kirjastojen kokoelmatietokannoista<\/strong>. Jokaisella kirjastolla on ainakin toistaiseksi oma kokoelmatietokantansa, joista l\u00f6ytyy tietoja <strong>kirjojen lis\u00e4ksi my\u00f6s<\/strong>:<\/p>\n\n\n\n<ul class=\"wp-block-list\">\n<li><strong>julkaisusarjoissa<\/strong> ilmestyneist\u00e4 tutkimusraporteista ja selvityksist\u00e4 yms. (ei koske vain verkossa julkaistuja aineistoja<\/li>\n\n\n\n<li><strong>v\u00e4it\u00f6skirjoista<\/strong> ja muista <strong>opinn\u00e4ytet\u00f6ist\u00e4<\/strong><\/li>\n\n\n\n<li><strong>lehdist\u00e4<\/strong> (lehden nimell\u00e4)<\/li>\n<\/ul>\n\n\n\n<p>UEF kirjaston kokoelmatietokanta on upotettu <strong>UEF-Primoon: haku kirjaston kokoelmista. <\/strong>UEF-Primossa n\u00e4kyy edell\u00e4mainittujen lis\u00e4ksi tiedot<\/p>\n\n\n\n<ul class=\"wp-block-list\">\n<li><strong>tietokannoista ja muista hakupalveluista<\/strong><\/li>\n\n\n\n<li><strong>vapaakappaleista<\/strong><\/li>\n<\/ul>\n\n\n\n<p><strong>Sarjoja<\/strong> ja niiden osia haetaan kuten kirjojakin. Erona on vain se, ett\u00e4 sek\u00e4 <strong>sarjan nimi<\/strong> ett\u00e4 <strong>osan nimi<\/strong> voivat olla haun kohteena.<\/p>\n\n\n\n<p>Lue lis\u00e4\u00e4 erityyppisten aineistojen j\u00e4ljitt\u00e4misest\u00e4 ja k\u00e4sillesaamisesta luvusta <em>Hakutulokset &#8211; Saatavuus .<\/em><\/p>\n\n\n\n<h3 class=\"wp-block-heading\">Hakulauseet kirjastotietokannoissa<strong><br><\/strong><\/h3>\n\n\n\n<ul class=\"wp-block-list\">\n<li>Tavallisessa kirjastotietokannassa kannattaa k\u00e4ytt\u00e4\u00e4 <strong>niukasti AND-operaatioita<\/strong> &#8211; poikkeuksiakin toki on.<\/li>\n\n\n\n<li>Sen sijaan on hyv\u00e4 muistaa <strong>vaihtoehtoiset hakusanat ja OR-operaattori.<\/strong><\/li>\n\n\n\n<li>Kirjoja kannattaa usein hakea my\u00f6s omaa aihetta laajemmin<\/li>\n<\/ul>\n\n\n\n<p>Kirjassa voi olla kappale aiheestasi, mutta tietokantaan tallennettu sis\u00e4ll\u00f6nkuvailu (eli asiasanat) ei kerro asiasta kovin tarkasti, eik\u00e4 tietokantoihin ole tallennettu sis\u00e4llysluetteloita l\u00e4hesk\u00e4\u00e4n kaikista kirjoista.<br>Kokoomateosten yksitt\u00e4isi\u00e4 artikkeleita ei aina tallenneta erikseen kirjastotietokantaan, joten niidenkin sis\u00e4ll\u00f6nkuvailu on usein melko yleisell\u00e4 tasolla eik\u00e4 tee oikeutta yksitt\u00e4isille artikkeleille.<\/p>\n\n\n\n<ul class=\"has-white-background-color has-background wp-block-list\">\n<li>Tietokonetomografia on osa tomografiaa, joka liittyy osana (l\u00e4\u00e4ketieteelliseen) kuvantamiseen.<em> <\/em>Tietoa tietokonetomografiasta l\u00f6ytyy siten mm. kirjasta:<br><em>The essential physics of<\/em><strong><em> medical imaging.<\/em><\/strong><\/li>\n<\/ul>\n\n\n\n<ul class=\"wp-block-list\">\n<li>Vertaa hakutulosten m\u00e4\u00e4r\u00e4\u00e4. Haut on tehty UEF-Primossa 7.9.2020:<br><em>biomechanics AND cartilage<\/em>, 36 tulosta<br><em>(biomechanics OR mechanics) AND cartilage<\/em>, 46 tulosta<\/li>\n<\/ul>\n\n\n\n<h3 class=\"wp-block-heading\">Vinkkej\u00e4 kirjojen hakuun UEF-Primossa:<\/h3>\n\n\n\n<ul class=\"wp-block-list\">\n<li>kaikki aineisto <strong>ei l\u00f6ydy suomenkielisill\u00e4<\/strong> hakusanoilla (vanhempi aineisto, e-kirjat, sis\u00e4llysluettelot)<\/li>\n\n\n\n<li>voit hyvin testata aluksi<strong> yksitt\u00e4isi\u00e4 selkeit\u00e4<\/strong> hakutermej\u00e4<\/li>\n\n\n\n<li>muista <strong>k\u00e4ytt\u00e4\u00e4 katkaisumerkki\u00e4<\/strong> taivutusmuotojen l\u00f6yt\u00e4miseksi<\/li>\n\n\n\n<li><strong>vanhempi aineisto<\/strong> (ennen vuotta 1990) ei juurikaan sis\u00e4ll\u00e4 asiasanoitusta, eli tarttumapintaa hakuun on niukasti \u2013 l\u00e4hinn\u00e4 vain otsikon sanat<\/li>\n<\/ul>\n\n\n\n<p>UEF-Primon hakutekniset yksityiskohdat on kerrottu edellisess\u00e4 luvussa: <a href=\"https:\/\/blogs.uef.fi\/tiedonhaku-fysiikka\/uef-primo\/\">Aloita UEF-Primosta.<\/a><\/p>\n\n\n\n<h3 class=\"wp-block-heading\">Esimerkkej\u00e4 UEF-Primosta<\/h3>\n\n\n\n<p><strong>Pikahaku parilla sanalla<\/strong><\/p>\n\n\n\n<p>T\u00e4ss\u00e4 haetaan <em>rakenteiden mekaniikkaa.<\/em> Pikahaku sopii my\u00f6s yksitt\u00e4isen hakusanan kokeiluun (kun kyseess\u00e4 on &#8221;harvinainen&#8221; termi).<\/p>\n\n\n\n<figure class=\"wp-block-image alignnone size-full wp-image-1439\"><img loading=\"lazy\" decoding=\"async\" width=\"1407\" height=\"231\" src=\"https:\/\/blogs.uef.fi\/tiedonhaku-fysiikka\/wp-content\/uploads\/sites\/49\/2020\/09\/FYS_UP_pikahaku.jpg\" alt=\"Kuvakaappaus UEF Primon peruskausta. Kirjoita esimerkkihakulause sellaisenaan hakuriville: rakenteet mekaniikka. Hakukohteena rivin p\u00e4\u00e4ss\u00e4 on Kirjaston kokoelmat.\" class=\"wp-image-1439\" srcset=\"https:\/\/blogs.uef.fi\/tiedonhaku-fysiikka\/wp-content\/uploads\/sites\/49\/2020\/09\/FYS_UP_pikahaku.jpg 1407w, https:\/\/blogs.uef.fi\/tiedonhaku-fysiikka\/wp-content\/uploads\/sites\/49\/2020\/09\/FYS_UP_pikahaku-300x49.jpg 300w, https:\/\/blogs.uef.fi\/tiedonhaku-fysiikka\/wp-content\/uploads\/sites\/49\/2020\/09\/FYS_UP_pikahaku-1024x168.jpg 1024w, https:\/\/blogs.uef.fi\/tiedonhaku-fysiikka\/wp-content\/uploads\/sites\/49\/2020\/09\/FYS_UP_pikahaku-768x126.jpg 768w\" sizes=\"auto, (max-width: 1407px) 100vw, 1407px\" \/><figcaption class=\"wp-element-caption\"><em>Sanojen v\u00e4liss\u00e4 on automaattisesti AND-operaattori, vaikkei sit\u00e4 kirjoittasikaan n\u00e4kyviin. Huomaa, ett\u00e4 jos lis\u00e4isit hakuun katkaisumerkit, rakent* AND mekaniik*, saisit t\u00e4ll\u00e4kin haulla jo mukavasti tuloksia.<\/em><\/figcaption><\/figure>\n\n\n\n<p><strong>Tarkennettu haku<\/strong><\/p>\n\n\n\n<p>Hakua on laajennettu vaihtoehtoisilla sanoilla:<\/p>\n\n\n\n<figure class=\"wp-block-image alignnone size-full is-resized wp-image-1433\"><img loading=\"lazy\" decoding=\"async\" width=\"873\" height=\"554\" src=\"https:\/\/blogs.uef.fi\/tiedonhaku-fysiikka\/wp-content\/uploads\/sites\/49\/2020\/09\/FYS_UP_kirjat_tarkennettu.jpg\" alt=\"Kuvakaappaus UEF-Primon tarkennetusta hausta. Sijoita hakulauseen sanat kahdelle riville siten, ett\u00e4 rivien v\u00e4lille j\u00e4\u00e4 AND-operaattori. Hakulause (statiik* OR mekaniik*) AND (rakent* OR rakennus*).Voit vaihtaa hakukent\u00e4n ennen hakurivi\u00e4 olevasta alasvetovalikosta. Haun kohteena on Kirjaston kokoelmat, valinta vasemmassa yl\u00e4kulmassa.\" class=\"wp-image-1433\" srcset=\"https:\/\/blogs.uef.fi\/tiedonhaku-fysiikka\/wp-content\/uploads\/sites\/49\/2020\/09\/FYS_UP_kirjat_tarkennettu.jpg 873w, https:\/\/blogs.uef.fi\/tiedonhaku-fysiikka\/wp-content\/uploads\/sites\/49\/2020\/09\/FYS_UP_kirjat_tarkennettu-300x190.jpg 300w, https:\/\/blogs.uef.fi\/tiedonhaku-fysiikka\/wp-content\/uploads\/sites\/49\/2020\/09\/FYS_UP_kirjat_tarkennettu-768x487.jpg 768w\" sizes=\"auto, (max-width: 873px) 100vw, 873px\" \/><figcaption class=\"wp-element-caption\"><em>Hakulauseessa on huomioitu vaihtoehtoiset sanat ja k\u00e4ytetty sanankatkaisua.<\/em><\/figcaption><\/figure>\n\n\n\n<p>T\u00e4ss\u00e4 esimerkiss\u00e4 haetaan yleisesti<em> akustiikkaa<\/em> ja kirjan tekij\u00e4n\u00e4 tulee olla<em> Jensen:<\/em><\/p>\n\n\n\n<figure class=\"wp-block-image size-full\"><img loading=\"lazy\" decoding=\"async\" width=\"681\" height=\"523\" src=\"https:\/\/blogs.uef.fi\/tiedonhaku-fysiikka\/wp-content\/uploads\/sites\/49\/2020\/09\/FYS_UP_kirjat_tarkennettu_kentat.jpg\" alt=\"Kuvakaappaus. UEF-Primon tarkennettu haku. Haun kohteena Kirjaston kokoelmat (valinta vasemmalla ylh\u00e4\u00e4ll\u00e4). Ensimm\u00e4isell\u00e4 rivill\u00e4 lukee akusti* OR acoustic*. Toisella rivill\u00e4 lukee jensen ja hakukent\u00e4ksi ennen hakusanaa on valittu Tekij\u00e4. Rivien v\u00e4lill\u00e4 on AND-operaattori.\" class=\"wp-image-1436\" srcset=\"https:\/\/blogs.uef.fi\/tiedonhaku-fysiikka\/wp-content\/uploads\/sites\/49\/2020\/09\/FYS_UP_kirjat_tarkennettu_kentat.jpg 681w, https:\/\/blogs.uef.fi\/tiedonhaku-fysiikka\/wp-content\/uploads\/sites\/49\/2020\/09\/FYS_UP_kirjat_tarkennettu_kentat-300x230.jpg 300w\" sizes=\"auto, (max-width: 681px) 100vw, 681px\" \/><\/figure>\n\n\n\n<hr class=\"wp-block-separator has-alpha-channel-opacity\" \/>\n\n\n\n<h2 class=\"wp-block-heading\">E-kirjat<\/h2>\n\n\n\n<p>E-kirjojen tiedot on tallennettu UEF-Primoon ja l\u00f6yd\u00e4t niit\u00e4 sielt\u00e4 erityisesti jos k\u00e4yt\u00e4t englanninkielisi\u00e4 hakusanoja. Mutta jos haluat tehd\u00e4 hakua my\u00f6s kirjojen kokotekstist\u00e4, sinun pit\u00e4\u00e4 k\u00e4ytt\u00e4\u00e4 e-kirjatietokantojen omia k\u00e4ytt\u00f6liittymi\u00e4.<\/p>\n\n\n\n<p>Kokotekstihausta on hy\u00f6ty\u00e4 silloin, jos etsit kirjasta jotakin pienemp\u00e4\u00e4 yksityiskohtaa tai tietty\u00e4 yksitt\u00e4ist\u00e4 termi\u00e4, joka liittyy johonkin \u201dharvinaiseen\u201d, v\u00e4h\u00e4n k\u00e4siteltyyn asiaan.<\/p>\n\n\n\n<h3 class=\"wp-block-heading\">E-kirjatietokannat:<\/h3>\n\n\n\n<p>Linkit avautuvat uuteen ikkunaan.<\/p>\n\n\n\n<ul class=\"wp-block-list\">\n<li><a href=\"https:\/\/primo.uef.fi\/permalink\/358FIN_UOEF\/mhajq\/alma9911701123705966\" target=\"_blank\" rel=\"noopener noreferrer\">Ebsco eBook Collection<\/a><\/li>\n\n\n\n<li><a href=\"https:\/\/primo.uef.fi\/permalink\/358FIN_UOEF\/mhajq\/alma9911697663705966\" target=\"_blank\" rel=\"noopener noreferrer\">Ebook Central<\/a><\/li>\n<\/ul>\n\n\n\n<h2 class=\"wp-block-heading\">Kirjat suomalaisissa kirjastoissa<\/h2>\n\n\n\n<p>Kansallinen Finna <a href=\"https:\/\/finna.fi\" target=\"_blank\" rel=\"noreferrer noopener\">Finna.fi <\/a>(linkki aukeaa uuteen v\u00e4lilehteen) sis\u00e4lt\u00e4\u00e4 suomalaisten kirjastojen kirjastotietokannat sek\u00e4 ns. kansallisbibliografian, johon on tallennettu tiedot kaikista Suomessa julkaistuista kirjoista 1400-luvulta alkaen. Kansallisbibliografialle on <a href=\"https:\/\/kansalliskirjasto.finna.fi\/Search\/Results?limit=0&amp;filter%5B%5D=%7Ecollection%3A%22FEN%22&amp;filter%5B%5D=%7Ecollection%3A%22VIO%22&amp;hiddenFilters%5B%5D=building%3A%220%2FNLF%2F%22&amp;hiddenFilters%5B%5D=-building%3A%221%2FNLF%2Farto%2F%22&amp;type=AllFields\" target=\"_blank\" rel=\"noreferrer noopener\">oma k\u00e4ytt\u00f6liittym\u00e4<\/a> Kansalliskirjaston Finnassa (linkki aukeaa uuteen v\u00e4lilehteen).<\/p>\n\n\n\n<figure class=\"wp-block-image size-full\"><img loading=\"lazy\" decoding=\"async\" width=\"976\" height=\"447\" src=\"https:\/\/blogs.uef.fi\/tiedonhaku-fysiikka\/wp-content\/uploads\/sites\/49\/2018\/07\/METfinna.png\" alt=\"Kuvakaappaus Finna.fi -k\u00e4ytt\u00f6liittym\u00e4st\u00e4. Valokuva, jonka p\u00e4\u00e4ll\u00e4 lukee: Suomen arkistojen, kirjastojen ja museoiden aarteet samalla haulla. Tekstin alla tyhj\u00e4 hakurivi.\" class=\"wp-image-1167\" srcset=\"https:\/\/blogs.uef.fi\/tiedonhaku-fysiikka\/wp-content\/uploads\/sites\/49\/2018\/07\/METfinna.png 976w, https:\/\/blogs.uef.fi\/tiedonhaku-fysiikka\/wp-content\/uploads\/sites\/49\/2018\/07\/METfinna-300x137.png 300w, https:\/\/blogs.uef.fi\/tiedonhaku-fysiikka\/wp-content\/uploads\/sites\/49\/2018\/07\/METfinna-768x352.png 768w, https:\/\/blogs.uef.fi\/tiedonhaku-fysiikka\/wp-content\/uploads\/sites\/49\/2018\/07\/METfinna-830x380.png 830w\" sizes=\"auto, (max-width: 976px) 100vw, 976px\" \/><\/figure>\n\n\n\n<p>Finnasta saat siis UEF-Primoa laajemman kuvan erityisesti painetusta kirjallisuudesta. E-kirjojen tietoja kaikki kirjastot eiv\u00e4t ole tallentaneet Finnaan, ei my\u00f6sk\u00e4\u00e4n UEF kirjasto.<\/p>\n\n\n\n<p>Finnan hakuohjeet ovat edellisen luvun taulukossa: <a href=\"https:\/\/blogs.uef.fi\/tiedonhaku-fysiikka\/artikkelien-hakeminen\/\">Artikkelien hakeminen<\/a>.<\/p>\n\n\n\n<p>Finnasta n\u00e4kyy heti, miss\u00e4 kirjastoissa kirjaa on, my\u00f6s It\u00e4-Suomen yliopiston kirjat. Huom! Et voi varata kirjaa kansallisen Finnan kautta, vaikka ohjelma sit\u00e4 ehdottaakin! Muiden kirjastojen kirjoja voit lainata kaukopalvelun kautta (lis\u00e4\u00e4 t\u00e4st\u00e4 luvussa Saatavuus).<\/p>\n\n\n\n<figure class=\"wp-block-image size-full\"><img loading=\"lazy\" decoding=\"async\" width=\"857\" height=\"464\" src=\"https:\/\/blogs.uef.fi\/tiedonhaku-fysiikka\/wp-content\/uploads\/sites\/49\/2018\/07\/FYSfinna.png\" alt=\"Kuvakaappaus. Kirjan tiedot Finnassa. N\u00e4kyvill\u00e4 kirjan kansikuva ja nimi: Optics. Lis\u00e4ksi tekij\u00e4tiedot ja julkaisuvuosi sek\u00e4 sis\u00e4llysluettelo. Kirjaa on Aalto yliopistossa, It\u00e4-Suomen yliopistossa ja Metropolia ammattikoulussa. Oikealla alhaalla linkki Kirjaudu sis\u00e4\u00e4n varataksesi.\" class=\"wp-image-1169\" srcset=\"https:\/\/blogs.uef.fi\/tiedonhaku-fysiikka\/wp-content\/uploads\/sites\/49\/2018\/07\/FYSfinna.png 857w, https:\/\/blogs.uef.fi\/tiedonhaku-fysiikka\/wp-content\/uploads\/sites\/49\/2018\/07\/FYSfinna-300x162.png 300w, https:\/\/blogs.uef.fi\/tiedonhaku-fysiikka\/wp-content\/uploads\/sites\/49\/2018\/07\/FYSfinna-768x416.png 768w, https:\/\/blogs.uef.fi\/tiedonhaku-fysiikka\/wp-content\/uploads\/sites\/49\/2018\/07\/FYSfinna-702x380.png 702w\" sizes=\"auto, (max-width: 857px) 100vw, 857px\" \/><\/figure>\n\n\n\n<h3 class=\"wp-block-heading\">Google Books:<\/h3>\n\n\n\n<p><a href=\"http:\/\/books.google.fi\/\" target=\"_blank\" rel=\"noopener noreferrer\">Google Books<\/a>\u2018in (linkki aukeaa uuteen ikkunaan) avulla voit my\u00f6s kohdistaa hakua kirjojen kokotekstiin. Valikoima Google Books\u2019issa on hyvin laaja, mutta kaikkia kirjoja ei p\u00e4\u00e4se lukemaan tekij\u00e4noikeussyist\u00e4. Yleens\u00e4 voit kuitenkin lukea osia kirjasta ja jos tarvitset koko kirjan, voit tarkistaa onko kirjastossa sit\u00e4 saatavilla.<\/p>\n\n\n\n<p class=\"has-text-align-right\">Seuraava sivu: <a href=\"https:\/\/blogs.uef.fi\/tiedonhaku-fysiikka\/sarjojen-ja-kokousjulkaisujen-hakeminen\/\">Sarjojen ja kokousjulkaisujen hakeminen<\/a><\/p>\n","protected":false},"excerpt":{"rendered":"<p>Kirjat ovat hy\u00f6dyllisi\u00e4 l\u00e4hteit\u00e4, kun halutaan kokonaiskuva jostakin aiheesta, perustietoja ja -k\u00e4sitteit\u00e4, historiaa. K\u00e4yt\u00e4 kirjastotietokantoja kirjojen ja sarjojen hakemiseen Kirjoja l\u00f6yt\u00e4\u00e4 helpoiten kirjastojen kokoelmatietokannoista. Jokaisella kirjastolla on ainakin toistaiseksi oma kokoelmatietokantansa, joista l\u00f6ytyy tietoja kirjojen lis\u00e4ksi my\u00f6s: UEF kirjaston kokoelmatietokanta on upotettu UEF-Primoon: haku kirjaston kokoelmista. UEF-Primossa n\u00e4kyy edell\u00e4mainittujen lis\u00e4ksi tiedot Sarjoja ja niiden osia [&hellip;]<\/p>\n","protected":false},"author":127,"featured_media":0,"parent":949,"menu_order":4,"comment_status":"closed","ping_status":"closed","template":"","meta":{"_acf_changed":false,"footnotes":""},"class_list":["post-189","page","type-page","status-publish","hentry"],"acf":[],"yoast_head":"<!-- This site is optimized with the Yoast SEO plugin v27.3 - https:\/\/yoast.com\/product\/yoast-seo-wordpress\/ -->\n<title>Kirjojen hakeminen - Fysiikan ja tekniikan tiedonhaku<\/title>\n<meta name=\"robots\" content=\"index, follow, max-snippet:-1, max-image-preview:large, max-video-preview:-1\" \/>\n<link rel=\"canonical\" href=\"https:\/\/blogs.uef.fi\/tiedonhaku-fysiikka\/hakukoneet\/kirjojen-hakeminen\/\" \/>\n<meta property=\"og:locale\" content=\"fi_FI\" \/>\n<meta property=\"og:type\" content=\"article\" \/>\n<meta property=\"og:title\" content=\"Kirjojen hakeminen - Fysiikan ja tekniikan tiedonhaku\" \/>\n<meta property=\"og:description\" content=\"Kirjat ovat hy\u00f6dyllisi\u00e4 l\u00e4hteit\u00e4, kun halutaan kokonaiskuva jostakin aiheesta, perustietoja ja -k\u00e4sitteit\u00e4, historiaa. K\u00e4yt\u00e4 kirjastotietokantoja kirjojen ja sarjojen hakemiseen Kirjoja l\u00f6yt\u00e4\u00e4 helpoiten kirjastojen kokoelmatietokannoista. Jokaisella kirjastolla on ainakin toistaiseksi oma kokoelmatietokantansa, joista l\u00f6ytyy tietoja kirjojen lis\u00e4ksi my\u00f6s: UEF kirjaston kokoelmatietokanta on upotettu UEF-Primoon: haku kirjaston kokoelmista. UEF-Primossa n\u00e4kyy edell\u00e4mainittujen lis\u00e4ksi tiedot Sarjoja ja niiden osia [&hellip;]\" \/>\n<meta property=\"og:url\" content=\"https:\/\/blogs.uef.fi\/tiedonhaku-fysiikka\/hakukoneet\/kirjojen-hakeminen\/\" \/>\n<meta property=\"og:site_name\" content=\"Fysiikan ja tekniikan tiedonhaku\" \/>\n<meta property=\"article:modified_time\" content=\"2024-01-18T13:38:39+00:00\" \/>\n<meta property=\"og:image\" content=\"https:\/\/blogs.uef.fi\/tiedonhaku-fysiikka\/wp-content\/uploads\/sites\/49\/2020\/09\/FYS_UP_pikahaku.jpg\" \/>\n<meta name=\"twitter:card\" content=\"summary_large_image\" \/>\n<meta name=\"twitter:label1\" content=\"Arvioitu lukuaika\" \/>\n\t<meta name=\"twitter:data1\" content=\"5 minuuttia\" \/>\n<script type=\"application\/ld+json\" class=\"yoast-schema-graph\">{\"@context\":\"https:\\\/\\\/schema.org\",\"@graph\":[{\"@type\":\"WebPage\",\"@id\":\"https:\\\/\\\/blogs.uef.fi\\\/tiedonhaku-fysiikka\\\/hakukoneet\\\/kirjojen-hakeminen\\\/\",\"url\":\"https:\\\/\\\/blogs.uef.fi\\\/tiedonhaku-fysiikka\\\/hakukoneet\\\/kirjojen-hakeminen\\\/\",\"name\":\"Kirjojen hakeminen - Fysiikan ja tekniikan tiedonhaku\",\"isPartOf\":{\"@id\":\"https:\\\/\\\/blogs.uef.fi\\\/tiedonhaku-fysiikka\\\/#website\"},\"primaryImageOfPage\":{\"@id\":\"https:\\\/\\\/blogs.uef.fi\\\/tiedonhaku-fysiikka\\\/hakukoneet\\\/kirjojen-hakeminen\\\/#primaryimage\"},\"image\":{\"@id\":\"https:\\\/\\\/blogs.uef.fi\\\/tiedonhaku-fysiikka\\\/hakukoneet\\\/kirjojen-hakeminen\\\/#primaryimage\"},\"thumbnailUrl\":\"https:\\\/\\\/blogs.uef.fi\\\/tiedonhaku-fysiikka\\\/wp-content\\\/uploads\\\/sites\\\/49\\\/2020\\\/09\\\/FYS_UP_pikahaku.jpg\",\"datePublished\":\"2015-08-04T12:46:27+00:00\",\"dateModified\":\"2024-01-18T13:38:39+00:00\",\"breadcrumb\":{\"@id\":\"https:\\\/\\\/blogs.uef.fi\\\/tiedonhaku-fysiikka\\\/hakukoneet\\\/kirjojen-hakeminen\\\/#breadcrumb\"},\"inLanguage\":\"fi\",\"potentialAction\":[{\"@type\":\"ReadAction\",\"target\":[\"https:\\\/\\\/blogs.uef.fi\\\/tiedonhaku-fysiikka\\\/hakukoneet\\\/kirjojen-hakeminen\\\/\"]}]},{\"@type\":\"ImageObject\",\"inLanguage\":\"fi\",\"@id\":\"https:\\\/\\\/blogs.uef.fi\\\/tiedonhaku-fysiikka\\\/hakukoneet\\\/kirjojen-hakeminen\\\/#primaryimage\",\"url\":\"https:\\\/\\\/blogs.uef.fi\\\/tiedonhaku-fysiikka\\\/wp-content\\\/uploads\\\/sites\\\/49\\\/2020\\\/09\\\/FYS_UP_pikahaku.jpg\",\"contentUrl\":\"https:\\\/\\\/blogs.uef.fi\\\/tiedonhaku-fysiikka\\\/wp-content\\\/uploads\\\/sites\\\/49\\\/2020\\\/09\\\/FYS_UP_pikahaku.jpg\",\"width\":1407,\"height\":231},{\"@type\":\"BreadcrumbList\",\"@id\":\"https:\\\/\\\/blogs.uef.fi\\\/tiedonhaku-fysiikka\\\/hakukoneet\\\/kirjojen-hakeminen\\\/#breadcrumb\",\"itemListElement\":[{\"@type\":\"ListItem\",\"position\":1,\"name\":\"Home\",\"item\":\"https:\\\/\\\/blogs.uef.fi\\\/tiedonhaku-fysiikka\\\/\"},{\"@type\":\"ListItem\",\"position\":2,\"name\":\"Hakukoneet\",\"item\":\"https:\\\/\\\/blogs.uef.fi\\\/tiedonhaku-fysiikka\\\/hakukoneet\\\/\"},{\"@type\":\"ListItem\",\"position\":3,\"name\":\"Kirjojen hakeminen\"}]},{\"@type\":\"WebSite\",\"@id\":\"https:\\\/\\\/blogs.uef.fi\\\/tiedonhaku-fysiikka\\\/#website\",\"url\":\"https:\\\/\\\/blogs.uef.fi\\\/tiedonhaku-fysiikka\\\/\",\"name\":\"Fysiikan ja tekniikan tiedonhaku\",\"description\":\"\",\"potentialAction\":[{\"@type\":\"SearchAction\",\"target\":{\"@type\":\"EntryPoint\",\"urlTemplate\":\"https:\\\/\\\/blogs.uef.fi\\\/tiedonhaku-fysiikka\\\/?s={search_term_string}\"},\"query-input\":{\"@type\":\"PropertyValueSpecification\",\"valueRequired\":true,\"valueName\":\"search_term_string\"}}],\"inLanguage\":\"fi\"}]}<\/script>\n<!-- \/ Yoast SEO plugin. -->","yoast_head_json":{"title":"Kirjojen hakeminen - Fysiikan ja tekniikan tiedonhaku","robots":{"index":"index","follow":"follow","max-snippet":"max-snippet:-1","max-image-preview":"max-image-preview:large","max-video-preview":"max-video-preview:-1"},"canonical":"https:\/\/blogs.uef.fi\/tiedonhaku-fysiikka\/hakukoneet\/kirjojen-hakeminen\/","og_locale":"fi_FI","og_type":"article","og_title":"Kirjojen hakeminen - Fysiikan ja tekniikan tiedonhaku","og_description":"Kirjat ovat hy\u00f6dyllisi\u00e4 l\u00e4hteit\u00e4, kun halutaan kokonaiskuva jostakin aiheesta, perustietoja ja -k\u00e4sitteit\u00e4, historiaa. K\u00e4yt\u00e4 kirjastotietokantoja kirjojen ja sarjojen hakemiseen Kirjoja l\u00f6yt\u00e4\u00e4 helpoiten kirjastojen kokoelmatietokannoista. Jokaisella kirjastolla on ainakin toistaiseksi oma kokoelmatietokantansa, joista l\u00f6ytyy tietoja kirjojen lis\u00e4ksi my\u00f6s: UEF kirjaston kokoelmatietokanta on upotettu UEF-Primoon: haku kirjaston kokoelmista. UEF-Primossa n\u00e4kyy edell\u00e4mainittujen lis\u00e4ksi tiedot Sarjoja ja niiden osia [&hellip;]","og_url":"https:\/\/blogs.uef.fi\/tiedonhaku-fysiikka\/hakukoneet\/kirjojen-hakeminen\/","og_site_name":"Fysiikan ja tekniikan tiedonhaku","article_modified_time":"2024-01-18T13:38:39+00:00","og_image":[{"url":"https:\/\/blogs.uef.fi\/tiedonhaku-fysiikka\/wp-content\/uploads\/sites\/49\/2020\/09\/FYS_UP_pikahaku.jpg","type":"","width":"","height":""}],"twitter_card":"summary_large_image","twitter_misc":{"Arvioitu lukuaika":"5 minuuttia"},"schema":{"@context":"https:\/\/schema.org","@graph":[{"@type":"WebPage","@id":"https:\/\/blogs.uef.fi\/tiedonhaku-fysiikka\/hakukoneet\/kirjojen-hakeminen\/","url":"https:\/\/blogs.uef.fi\/tiedonhaku-fysiikka\/hakukoneet\/kirjojen-hakeminen\/","name":"Kirjojen hakeminen - Fysiikan ja tekniikan tiedonhaku","isPartOf":{"@id":"https:\/\/blogs.uef.fi\/tiedonhaku-fysiikka\/#website"},"primaryImageOfPage":{"@id":"https:\/\/blogs.uef.fi\/tiedonhaku-fysiikka\/hakukoneet\/kirjojen-hakeminen\/#primaryimage"},"image":{"@id":"https:\/\/blogs.uef.fi\/tiedonhaku-fysiikka\/hakukoneet\/kirjojen-hakeminen\/#primaryimage"},"thumbnailUrl":"https:\/\/blogs.uef.fi\/tiedonhaku-fysiikka\/wp-content\/uploads\/sites\/49\/2020\/09\/FYS_UP_pikahaku.jpg","datePublished":"2015-08-04T12:46:27+00:00","dateModified":"2024-01-18T13:38:39+00:00","breadcrumb":{"@id":"https:\/\/blogs.uef.fi\/tiedonhaku-fysiikka\/hakukoneet\/kirjojen-hakeminen\/#breadcrumb"},"inLanguage":"fi","potentialAction":[{"@type":"ReadAction","target":["https:\/\/blogs.uef.fi\/tiedonhaku-fysiikka\/hakukoneet\/kirjojen-hakeminen\/"]}]},{"@type":"ImageObject","inLanguage":"fi","@id":"https:\/\/blogs.uef.fi\/tiedonhaku-fysiikka\/hakukoneet\/kirjojen-hakeminen\/#primaryimage","url":"https:\/\/blogs.uef.fi\/tiedonhaku-fysiikka\/wp-content\/uploads\/sites\/49\/2020\/09\/FYS_UP_pikahaku.jpg","contentUrl":"https:\/\/blogs.uef.fi\/tiedonhaku-fysiikka\/wp-content\/uploads\/sites\/49\/2020\/09\/FYS_UP_pikahaku.jpg","width":1407,"height":231},{"@type":"BreadcrumbList","@id":"https:\/\/blogs.uef.fi\/tiedonhaku-fysiikka\/hakukoneet\/kirjojen-hakeminen\/#breadcrumb","itemListElement":[{"@type":"ListItem","position":1,"name":"Home","item":"https:\/\/blogs.uef.fi\/tiedonhaku-fysiikka\/"},{"@type":"ListItem","position":2,"name":"Hakukoneet","item":"https:\/\/blogs.uef.fi\/tiedonhaku-fysiikka\/hakukoneet\/"},{"@type":"ListItem","position":3,"name":"Kirjojen hakeminen"}]},{"@type":"WebSite","@id":"https:\/\/blogs.uef.fi\/tiedonhaku-fysiikka\/#website","url":"https:\/\/blogs.uef.fi\/tiedonhaku-fysiikka\/","name":"Fysiikan ja tekniikan tiedonhaku","description":"","potentialAction":[{"@type":"SearchAction","target":{"@type":"EntryPoint","urlTemplate":"https:\/\/blogs.uef.fi\/tiedonhaku-fysiikka\/?s={search_term_string}"},"query-input":{"@type":"PropertyValueSpecification","valueRequired":true,"valueName":"search_term_string"}}],"inLanguage":"fi"}]}},"_links":{"self":[{"href":"https:\/\/blogs.uef.fi\/tiedonhaku-fysiikka\/wp-json\/wp\/v2\/pages\/189","targetHints":{"allow":["GET"]}}],"collection":[{"href":"https:\/\/blogs.uef.fi\/tiedonhaku-fysiikka\/wp-json\/wp\/v2\/pages"}],"about":[{"href":"https:\/\/blogs.uef.fi\/tiedonhaku-fysiikka\/wp-json\/wp\/v2\/types\/page"}],"author":[{"embeddable":true,"href":"https:\/\/blogs.uef.fi\/tiedonhaku-fysiikka\/wp-json\/wp\/v2\/users\/127"}],"replies":[{"embeddable":true,"href":"https:\/\/blogs.uef.fi\/tiedonhaku-fysiikka\/wp-json\/wp\/v2\/comments?post=189"}],"version-history":[{"count":2,"href":"https:\/\/blogs.uef.fi\/tiedonhaku-fysiikka\/wp-json\/wp\/v2\/pages\/189\/revisions"}],"predecessor-version":[{"id":4071,"href":"https:\/\/blogs.uef.fi\/tiedonhaku-fysiikka\/wp-json\/wp\/v2\/pages\/189\/revisions\/4071"}],"up":[{"embeddable":true,"href":"https:\/\/blogs.uef.fi\/tiedonhaku-fysiikka\/wp-json\/wp\/v2\/pages\/949"}],"wp:attachment":[{"href":"https:\/\/blogs.uef.fi\/tiedonhaku-fysiikka\/wp-json\/wp\/v2\/media?parent=189"}],"curies":[{"name":"wp","href":"https:\/\/api.w.org\/{rel}","templated":true}]}}