{"id":162,"date":"2015-08-04T09:14:54","date_gmt":"2015-08-04T09:14:54","guid":{"rendered":"https:\/\/ueflibraryfys.wordpress.com\/?page_id=162"},"modified":"2024-01-18T15:18:39","modified_gmt":"2024-01-18T13:18:39","slug":"yhdistaminen","status":"publish","type":"page","link":"https:\/\/blogs.uef.fi\/tiedonhaku-fysiikka\/hakulauseet\/yhdistaminen\/","title":{"rendered":"Hakusanojen yhdist\u00e4minen"},"content":{"rendered":"\n<p>Hakusanat ja niit\u00e4 yhdist\u00e4v\u00e4t operaattorit muodostavat hakulauseen. Operaattoreita eli Boolen logiikkaa k\u00e4ytet\u00e4\u00e4n kaikissa tietokannoissa, joten sen osaaminen on yksi tiedonhaun perustaidoista.<\/p>\n\n\n\n<p><strong>Hakusanoja yhdist\u00e4vi\u00e4 Boolen operaattoreita on k\u00e4yt\u00f6ss\u00e4 kolme: AND, OR ja NOT<\/strong>.<\/p>\n\n\n\n<p>Hakulause-esimerkkej\u00e4::<\/p>\n\n\n\n<ul class=\"has-white-background-color has-background wp-block-list\">\n<li><em>flow AND optimization<\/em><\/li>\n\n\n\n<li><em> (&#8221;real time measurement&#8221; OR &#8221;online measurement&#8221;) AND (motion OR movement)<\/em><\/li>\n\n\n\n<li><em> &#8221;bioelectrical signals&#8221; NOT brain<\/em><\/li>\n\n\n\n<li><em> (lens* OR prism*) AND &#8221;optical system*&#8221;<\/em><\/li>\n<\/ul>\n\n\n\n<h2 class=\"wp-block-heading\">AND-operaattori yhdist\u00e4\u00e4 k\u00e4sitteet<\/h2>\n\n\n\n<ul class=\"wp-block-list\">\n<li>AND edellytt\u00e4\u00e4, ett\u00e4 hakusanojen tulee esiinty\u00e4 tietueessa yht\u00e4 aikaa. (Tietue = yhden kirjan\/artikkelin jne. tiedot tietokannassa.)<\/li>\n\n\n\n<li>AND yhdist\u00e4\u00e4 hakuun eri k\u00e4sitteet. Mit\u00e4 enemm\u00e4n eri k\u00e4sitteit\u00e4 eli AND-operaatioita haussa k\u00e4ytet\u00e4\u00e4n, sen tarkempaa hakua ollaan tekem\u00e4ss\u00e4 ja sit\u00e4 pienempi, ainakin teoriassa, on tulosjoukon koko.<\/li>\n<\/ul>\n\n\n\n<h2 class=\"wp-block-heading\">OR-operaattori yhdist\u00e4\u00e4 vaihtoehtoiset sanat<\/h2>\n\n\n\n<ul class=\"wp-block-list\">\n<li>OR hyv\u00e4ksyy lopputulokseen ne tietueet, joissa on v\u00e4hint\u00e4\u00e4n jompi kumpi hakusanoista, joskin my\u00f6s ne tietueet, joissa molemmat sanat esiintyv\u00e4t yht\u00e4 aikaa, ovat k\u00e4yp\u00e4isi\u00e4<\/li>\n\n\n\n<li>OR yhdist\u00e4\u00e4 samaa (yl\u00e4)k\u00e4sitett\u00e4 kuvaavat vaihtoehtoiset hakusanat. Mit\u00e4 useampia vaihtoehtoisia ilmaisumuotoja otetaan mukaan, sen laajempi on haun tulos.<\/li>\n<\/ul>\n\n\n\n<p>Huomaa, ett\u00e4 OR-operaattorin k\u00e4ytt\u00f6 on turhaa silloin, kun vaihtoehtoinen sana kattaa my\u00f6s tarkemman termin, joka usein on sanaliitto.<\/p>\n\n\n\n<p>Esimerkiksi haussa <em>&#8221;natural light&#8221; OR light<\/em>,<br>riitt\u00e4\u00e4 sana <strong><em>light<\/em> <\/strong>yksinkin l\u00f6yt\u00e4m\u00e4\u00e4n my\u00f6s ilmauksen <em>natural <\/em><strong><em>light<\/em>.<\/strong><\/p>\n\n\n\n<h2 class=\"wp-block-heading\">NOT-operaattori sulkee pois<\/h2>\n\n\n\n<ul class=\"wp-block-list\">\n<li>NOT edellytt\u00e4\u00e4, ett\u00e4 tietty sana ei saa esiinty\u00e4 tietueessa lainkaan.<\/li>\n\n\n\n<li>NOT-operaattoria ei k\u00e4ytet\u00e4 hakulauseessa yhdist\u00e4m\u00e4\u00e4n aiheeseen kuuluvia k\u00e4sitteit\u00e4, vaan sen avulla tarkennetaan hakua jonkin tietyn \u2019apusanan\u2019 avulla.<\/li>\n<\/ul>\n\n\n\n<p>Not-operaatiota tarvitaan harvemmin ja sit\u00e4 kannattaakin k\u00e4ytt\u00e4\u00e4 harkiten, koska se voi sulkea hakutuloksesta pois my\u00f6s hy\u00f6dyllisi\u00e4 tietueita.<\/p>\n\n\n\n<p><strong>Operaattoreiden toiminta kuvana:<\/strong><\/p>\n\n\n    <div class=\"funders grid\">\n                        <div class=\"funders__item grid__item\">\n                            <div class=\"funders__image\">\n                    <img decoding=\"async\" src=\"https:\/\/blogs.uef.fi\/tiedonhaku-fysiikka\/wp-content\/uploads\/sites\/49\/2015\/08\/bo1.jpg\" alt=\"Kaksi toisiaan leikkaavaa valkoista ympyr\u00e4\u00e4. P\u00e4\u00e4llekk\u00e4in menev\u00e4 osio on v\u00e4rj\u00e4tty vihre\u00e4ksi.\" \/>\n                <\/div>\n                                    <p class=\"funders__description\">flow AND optimization<\/p>\n                                                <\/div>\n                        \n                        <div class=\"funders__item grid__item\">\n                            <div class=\"funders__image\">\n                    <img decoding=\"async\" src=\"https:\/\/blogs.uef.fi\/tiedonhaku-fysiikka\/wp-content\/uploads\/sites\/49\/2018\/05\/bo3.jpg\" alt=\"Kaksi toisiaan leikkaavaa ympyr\u00e4\u00e4. Molemmat ympyr\u00e4t, my\u00f6s niiden toisiinsa limittyv\u00e4 osa, ovat vihreit\u00e4.\" \/>\n                <\/div>\n                                    <p class=\"funders__description\">&#8221;real time measurement&#8221; OR &#8221;online measurement&#8221;<\/p>\n                                                <\/div>\n                        \n                        <div class=\"funders__item grid__item\">\n                            <div class=\"funders__image\">\n                    <img decoding=\"async\" src=\"https:\/\/blogs.uef.fi\/tiedonhaku-fysiikka\/wp-content\/uploads\/sites\/49\/2015\/08\/bo4.jpg\" alt=\"Kaksi toisiaan leikkaavaa ympyr\u00e4\u00e4. Toinen ympyr\u00e4 on kokonaan valkoinen, toisesta se osa, joka ei leikkaa toista ympyr\u00e4\u00e4, on vihre\u00e4.\" \/>\n                <\/div>\n                                    <p class=\"funders__description\">&#8221;bioelectrical signals&#8221; NOT brain<\/p>\n                                                <\/div>\n                        \n            <\/div>\n\n\n\n<p><strong>Katso video (n. 2,5 min) operaattoreista:<\/strong><\/p>\n\n\n<p><iframe loading=\"lazy\" title=\"It\u00e4-Suomen yliopiston kirjasto: Boolen logiikka\" width=\"500\" height=\"375\" src=\"https:\/\/www.youtube.com\/embed\/BuPJeCj90wo?feature=oembed\" frameborder=\"0\" allow=\"accelerometer; autoplay; clipboard-write; encrypted-media; gyroscope; picture-in-picture; web-share\" referrerpolicy=\"strict-origin-when-cross-origin\" allowfullscreen><\/iframe><\/p>\n\n\n\n<h3 class=\"wp-block-heading\">Hakulauseessa on tavallisesti useita operaattoreita<\/h3>\n\n\n\n<p>Samaan hakulauseeseen voi yhdist\u00e4\u00e4 useita operaatioita. Jos hakulauseessa on yht\u00e4 aikaa AND- ja OR-operaattori, haun loogisuus pit\u00e4\u00e4 viel\u00e4 varmistaa. Yleens\u00e4 t\u00e4ll\u00f6in tavoitellaan kuvan kaltaista tilannetta<\/p>\n\n\n\n<figure class=\"wp-block-image size-full\"><img decoding=\"async\" src=\"https:\/\/blogs.uef.fi\/tiedonhaku-kemia\/wp-content\/uploads\/sites\/177\/2022\/03\/bo5.jpg\" alt=\"Kolme toisiaan leikkaavaa ympyr\u00e4\u00e4, joista kaksi on vierekk\u00e4in ylh\u00e4\u00e4ll\u00e4, yksi niiden alla. Se osa, jossa alempi ympyr\u00e4\u00e4 leikkaa toista tai molempia ylemmist\u00e4 ympyr\u00f6ist\u00e4, on v\u00e4rj\u00e4tty vihre\u00e4ksi.\" class=\"wp-image-422\" \/><figcaption class=\"wp-element-caption\"><em>(lens* OR prism*) AND &#8221;optical system*&#8221;<\/em><\/figcaption><\/figure>\n\n\n\n<h3 class=\"wp-block-heading\">Operaattoreiden j\u00e4rjestys<\/h3>\n\n\n\n<p><strong>Useimmiten AND-operaatio suoritetaan hakukoneissa ennen OR-operaatiota <\/strong>kirjoitusj\u00e4rjestyksest\u00e4 riippumatta. Haussa, jossa on sek\u00e4 AND- ett\u00e4 OR-operaatio, on kuitenkin hakutuloksen loogisuuden kannalta t\u00e4rke\u00e4\u00e4, ett\u00e4 OR-operaatio toteutuu ensin. T\u00e4m\u00e4n saa aikaiseksi sulkumerkeill\u00e4 tai sanojen oikealla ryhmittelyll\u00e4 (Advanced-haku).<\/p>\n\n\n\n<div class=\"links-block\">\n\n    \n    <ul class=\"link-list\">\n        \n            \n            <li class=\"link-list-item\">\n                <a href=\"https:\/\/uef.cloud.panopto.eu\/Panopto\/Pages\/Viewer.aspx?id=2ee5d6bc-4205-4070-a3db-b03d009f4474\" class=\"link-reset link hover-scale-down\">\n                    <svg\n        width=\"43\" height=\"25\"\n        viewBox=\"0 0 43 25\"\n        xmlns=\"http:\/\/www.w3.org\/2000\/svg\">\n    <path\n        d=\"M30.027 0 43 12.5 30.027 25 27 22.083 34.351 15H0v-5h34.351L27 2.917z\"\n        fill=\"currentColor\"\n        fill-rule=\"evenodd\"\/>\n<\/svg>                    <div>Katso video operaattoreiden k\u00e4yt\u00f6st\u00e4 tietokannassa (2:29)<\/div>\n                <\/a>\n                <div class=\"link-info\">\n                                    <\/div>\n            <\/li>\n\n                <\/ul>\n<\/div>\n\n\n<p>Jos sulkuja ei ole, k\u00e4y siten, ett\u00e4 saadaan tietoa optisten j\u00e4rjestelmien prismoista &#8211; mik\u00e4 on ihan oikein &#8211; sek\u00e4 kaikkea mahdollista tietoa linsseist\u00e4. Hakulause \u201dvuotaa\u201d, kuten kuvassa alla:<\/p>\n\n\n\n<figure class=\"wp-block-image size-full\"><img decoding=\"async\" src=\"https:\/\/blogs.uef.fi\/tiedonhaku-kemia\/wp-content\/uploads\/sites\/177\/2022\/03\/bo6.jpg\" alt=\"Kolme toisiaan leikkaavaa ympyr\u00e4\u00e4, joista kaksi on vierekk\u00e4in ylh\u00e4\u00e4ll\u00e4, yksi niiden alla. Se osa, jossa alempi ympyr\u00e4\u00e4 leikkaa toista tai molempia ylemmist\u00e4 ympyr\u00f6ist\u00e4, on v\u00e4rj\u00e4tty vihre\u00e4ksi. Vasemmanpuoleinen ympyr\u00e4 ylh\u00e4\u00e4ll\u00e4 on kokonaan vihre\u00e4.\" class=\"wp-image-419\" \/><figcaption class=\"wp-element-caption\"><em>lens* OR prism* AND \u201doptical system*\u201d<\/em><\/figcaption><\/figure>\n\n\n\n<h3 class=\"wp-block-heading\">Operaattorin valinta<\/h3>\n\n\n\n<p>AND-operaattori ei aina tarkoita samaa kuin luonnollisen kielen ja-sana. Jos haetaan kirjallisuutta linssien ja prismojen k\u00e4yt\u00f6st\u00e4 optisessa j\u00e4rjestelm\u00e4ss\u00e4, riitt\u00e4\u00e4 ett\u00e4 jossakin julkaisussa kerrotaan linsseist\u00e4 ja toisessa prismoista, eli yhdist\u00e4v\u00e4 operaattori n\u00e4iden v\u00e4lill\u00e4 on OR. Mukaan tulokseen tulee toki niit\u00e4kin, joissa kerrotaan molemmista, mik\u00e4 ei tietenk\u00e4\u00e4n ole haitaksi.<\/p>\n\n\n\n<h2 class=\"wp-block-heading\">Hakulauseen kirjoitustapa riippuu aina tietokannasta<\/h2>\n\n\n\n<p>Kun kirjoitat hakuun useampia sanoja, ole tietoinen siit\u00e4, mit\u00e4 k\u00e4sket ohjelman tekev\u00e4n:<\/p>\n\n\n\n<ul class=\"wp-block-list\">\n<li>Onko kyseess\u00e4<strong> fraasi vai and-operaatio<\/strong>?<\/li>\n\n\n\n<li><strong>Miss\u00e4 j\u00e4rjestyksess\u00e4<\/strong> operaatiot toteutuvat, toimiiko haun logiikka?<\/li>\n\n\n\n<li>Tulevatko sanan taivutusmuodot mukaan automaattisesti, pit\u00e4\u00e4k\u00f6 sanoja <strong>katkaista<\/strong>?<\/li>\n\n\n\n<li><strong>Mist\u00e4 kentist\u00e4<\/strong> hakusanoja haetaan?<\/li>\n<\/ul>\n\n\n\n<p>Perusasiat voivat selvit\u00e4 hakun\u00e4yt\u00f6n ohjeita seuraamalla. Kunkin tietokannan Help-osiosta l\u00f6ytyy lis\u00e4\u00e4 vinkkej\u00e4.<\/p>\n\n\n\n<p class=\"has-text-align-right\">Seuraava sivu: <a href=\"https:\/\/blogs.uef.fi\/tiedonhaku-fysiikka\/hakukentat\/\">Hakukent\u00e4t<\/a><\/p>\n","protected":false},"excerpt":{"rendered":"<p>Hakusanat ja niit\u00e4 yhdist\u00e4v\u00e4t operaattorit muodostavat hakulauseen. Operaattoreita eli Boolen logiikkaa k\u00e4ytet\u00e4\u00e4n kaikissa tietokannoissa, joten sen osaaminen on yksi tiedonhaun perustaidoista. Hakusanoja yhdist\u00e4vi\u00e4 Boolen operaattoreita on k\u00e4yt\u00f6ss\u00e4 kolme: AND, OR ja NOT. Hakulause-esimerkkej\u00e4:: AND-operaattori yhdist\u00e4\u00e4 k\u00e4sitteet OR-operaattori yhdist\u00e4\u00e4 vaihtoehtoiset sanat Huomaa, ett\u00e4 OR-operaattorin k\u00e4ytt\u00f6 on turhaa silloin, kun vaihtoehtoinen sana kattaa my\u00f6s tarkemman termin, joka [&hellip;]<\/p>\n","protected":false},"author":127,"featured_media":0,"parent":945,"menu_order":1,"comment_status":"closed","ping_status":"closed","template":"","meta":{"_acf_changed":false,"footnotes":""},"class_list":["post-162","page","type-page","status-publish","hentry"],"acf":[],"yoast_head":"<!-- This site is optimized with the Yoast SEO plugin v27.1.1 - https:\/\/yoast.com\/product\/yoast-seo-wordpress\/ -->\n<title>Hakusanojen yhdist\u00e4minen - Fysiikan ja tekniikan tiedonhaku<\/title>\n<meta name=\"robots\" content=\"index, follow, max-snippet:-1, max-image-preview:large, max-video-preview:-1\" \/>\n<link rel=\"canonical\" href=\"https:\/\/blogs.uef.fi\/tiedonhaku-fysiikka\/hakulauseet\/yhdistaminen\/\" \/>\n<meta property=\"og:locale\" content=\"fi_FI\" \/>\n<meta property=\"og:type\" content=\"article\" \/>\n<meta property=\"og:title\" content=\"Hakusanojen yhdist\u00e4minen - Fysiikan ja tekniikan tiedonhaku\" \/>\n<meta property=\"og:description\" content=\"Hakusanat ja niit\u00e4 yhdist\u00e4v\u00e4t operaattorit muodostavat hakulauseen. Operaattoreita eli Boolen logiikkaa k\u00e4ytet\u00e4\u00e4n kaikissa tietokannoissa, joten sen osaaminen on yksi tiedonhaun perustaidoista. Hakusanoja yhdist\u00e4vi\u00e4 Boolen operaattoreita on k\u00e4yt\u00f6ss\u00e4 kolme: AND, OR ja NOT. Hakulause-esimerkkej\u00e4:: AND-operaattori yhdist\u00e4\u00e4 k\u00e4sitteet OR-operaattori yhdist\u00e4\u00e4 vaihtoehtoiset sanat Huomaa, ett\u00e4 OR-operaattorin k\u00e4ytt\u00f6 on turhaa silloin, kun vaihtoehtoinen sana kattaa my\u00f6s tarkemman termin, joka [&hellip;]\" \/>\n<meta property=\"og:url\" content=\"https:\/\/blogs.uef.fi\/tiedonhaku-fysiikka\/hakulauseet\/yhdistaminen\/\" \/>\n<meta property=\"og:site_name\" content=\"Fysiikan ja tekniikan tiedonhaku\" \/>\n<meta property=\"article:modified_time\" content=\"2024-01-18T13:18:39+00:00\" \/>\n<meta property=\"og:image\" content=\"https:\/\/blogs.uef.fi\/tiedonhaku-kemia\/wp-content\/uploads\/sites\/177\/2022\/03\/bo5.jpg\" \/>\n<meta name=\"twitter:card\" content=\"summary_large_image\" \/>\n<meta name=\"twitter:label1\" content=\"Arvioitu lukuaika\" \/>\n\t<meta name=\"twitter:data1\" content=\"4 minuuttia\" \/>\n<script type=\"application\/ld+json\" class=\"yoast-schema-graph\">{\"@context\":\"https:\/\/schema.org\",\"@graph\":[{\"@type\":\"WebPage\",\"@id\":\"https:\/\/blogs.uef.fi\/tiedonhaku-fysiikka\/hakulauseet\/yhdistaminen\/\",\"url\":\"https:\/\/blogs.uef.fi\/tiedonhaku-fysiikka\/hakulauseet\/yhdistaminen\/\",\"name\":\"Hakusanojen yhdist\u00e4minen - Fysiikan ja tekniikan tiedonhaku\",\"isPartOf\":{\"@id\":\"https:\/\/blogs.uef.fi\/tiedonhaku-fysiikka\/#website\"},\"primaryImageOfPage\":{\"@id\":\"https:\/\/blogs.uef.fi\/tiedonhaku-fysiikka\/hakulauseet\/yhdistaminen\/#primaryimage\"},\"image\":{\"@id\":\"https:\/\/blogs.uef.fi\/tiedonhaku-fysiikka\/hakulauseet\/yhdistaminen\/#primaryimage\"},\"thumbnailUrl\":\"https:\/\/blogs.uef.fi\/tiedonhaku-kemia\/wp-content\/uploads\/sites\/177\/2022\/03\/bo5.jpg\",\"datePublished\":\"2015-08-04T09:14:54+00:00\",\"dateModified\":\"2024-01-18T13:18:39+00:00\",\"breadcrumb\":{\"@id\":\"https:\/\/blogs.uef.fi\/tiedonhaku-fysiikka\/hakulauseet\/yhdistaminen\/#breadcrumb\"},\"inLanguage\":\"fi\",\"potentialAction\":[{\"@type\":\"ReadAction\",\"target\":[\"https:\/\/blogs.uef.fi\/tiedonhaku-fysiikka\/hakulauseet\/yhdistaminen\/\"]}]},{\"@type\":\"ImageObject\",\"inLanguage\":\"fi\",\"@id\":\"https:\/\/blogs.uef.fi\/tiedonhaku-fysiikka\/hakulauseet\/yhdistaminen\/#primaryimage\",\"url\":\"https:\/\/blogs.uef.fi\/tiedonhaku-kemia\/wp-content\/uploads\/sites\/177\/2022\/03\/bo5.jpg\",\"contentUrl\":\"https:\/\/blogs.uef.fi\/tiedonhaku-kemia\/wp-content\/uploads\/sites\/177\/2022\/03\/bo5.jpg\"},{\"@type\":\"BreadcrumbList\",\"@id\":\"https:\/\/blogs.uef.fi\/tiedonhaku-fysiikka\/hakulauseet\/yhdistaminen\/#breadcrumb\",\"itemListElement\":[{\"@type\":\"ListItem\",\"position\":1,\"name\":\"Home\",\"item\":\"https:\/\/blogs.uef.fi\/tiedonhaku-fysiikka\/\"},{\"@type\":\"ListItem\",\"position\":2,\"name\":\"Hakulauseet\",\"item\":\"https:\/\/blogs.uef.fi\/tiedonhaku-fysiikka\/hakulauseet\/\"},{\"@type\":\"ListItem\",\"position\":3,\"name\":\"Hakusanojen yhdist\u00e4minen\"}]},{\"@type\":\"WebSite\",\"@id\":\"https:\/\/blogs.uef.fi\/tiedonhaku-fysiikka\/#website\",\"url\":\"https:\/\/blogs.uef.fi\/tiedonhaku-fysiikka\/\",\"name\":\"Fysiikan ja tekniikan tiedonhaku\",\"description\":\"\",\"potentialAction\":[{\"@type\":\"SearchAction\",\"target\":{\"@type\":\"EntryPoint\",\"urlTemplate\":\"https:\/\/blogs.uef.fi\/tiedonhaku-fysiikka\/?s={search_term_string}\"},\"query-input\":{\"@type\":\"PropertyValueSpecification\",\"valueRequired\":true,\"valueName\":\"search_term_string\"}}],\"inLanguage\":\"fi\"}]}<\/script>\n<!-- \/ Yoast SEO plugin. -->","yoast_head_json":{"title":"Hakusanojen yhdist\u00e4minen - Fysiikan ja tekniikan tiedonhaku","robots":{"index":"index","follow":"follow","max-snippet":"max-snippet:-1","max-image-preview":"max-image-preview:large","max-video-preview":"max-video-preview:-1"},"canonical":"https:\/\/blogs.uef.fi\/tiedonhaku-fysiikka\/hakulauseet\/yhdistaminen\/","og_locale":"fi_FI","og_type":"article","og_title":"Hakusanojen yhdist\u00e4minen - Fysiikan ja tekniikan tiedonhaku","og_description":"Hakusanat ja niit\u00e4 yhdist\u00e4v\u00e4t operaattorit muodostavat hakulauseen. Operaattoreita eli Boolen logiikkaa k\u00e4ytet\u00e4\u00e4n kaikissa tietokannoissa, joten sen osaaminen on yksi tiedonhaun perustaidoista. Hakusanoja yhdist\u00e4vi\u00e4 Boolen operaattoreita on k\u00e4yt\u00f6ss\u00e4 kolme: AND, OR ja NOT. Hakulause-esimerkkej\u00e4:: AND-operaattori yhdist\u00e4\u00e4 k\u00e4sitteet OR-operaattori yhdist\u00e4\u00e4 vaihtoehtoiset sanat Huomaa, ett\u00e4 OR-operaattorin k\u00e4ytt\u00f6 on turhaa silloin, kun vaihtoehtoinen sana kattaa my\u00f6s tarkemman termin, joka [&hellip;]","og_url":"https:\/\/blogs.uef.fi\/tiedonhaku-fysiikka\/hakulauseet\/yhdistaminen\/","og_site_name":"Fysiikan ja tekniikan tiedonhaku","article_modified_time":"2024-01-18T13:18:39+00:00","og_image":[{"url":"https:\/\/blogs.uef.fi\/tiedonhaku-kemia\/wp-content\/uploads\/sites\/177\/2022\/03\/bo5.jpg","type":"","width":"","height":""}],"twitter_card":"summary_large_image","twitter_misc":{"Arvioitu lukuaika":"4 minuuttia"},"schema":{"@context":"https:\/\/schema.org","@graph":[{"@type":"WebPage","@id":"https:\/\/blogs.uef.fi\/tiedonhaku-fysiikka\/hakulauseet\/yhdistaminen\/","url":"https:\/\/blogs.uef.fi\/tiedonhaku-fysiikka\/hakulauseet\/yhdistaminen\/","name":"Hakusanojen yhdist\u00e4minen - Fysiikan ja tekniikan tiedonhaku","isPartOf":{"@id":"https:\/\/blogs.uef.fi\/tiedonhaku-fysiikka\/#website"},"primaryImageOfPage":{"@id":"https:\/\/blogs.uef.fi\/tiedonhaku-fysiikka\/hakulauseet\/yhdistaminen\/#primaryimage"},"image":{"@id":"https:\/\/blogs.uef.fi\/tiedonhaku-fysiikka\/hakulauseet\/yhdistaminen\/#primaryimage"},"thumbnailUrl":"https:\/\/blogs.uef.fi\/tiedonhaku-kemia\/wp-content\/uploads\/sites\/177\/2022\/03\/bo5.jpg","datePublished":"2015-08-04T09:14:54+00:00","dateModified":"2024-01-18T13:18:39+00:00","breadcrumb":{"@id":"https:\/\/blogs.uef.fi\/tiedonhaku-fysiikka\/hakulauseet\/yhdistaminen\/#breadcrumb"},"inLanguage":"fi","potentialAction":[{"@type":"ReadAction","target":["https:\/\/blogs.uef.fi\/tiedonhaku-fysiikka\/hakulauseet\/yhdistaminen\/"]}]},{"@type":"ImageObject","inLanguage":"fi","@id":"https:\/\/blogs.uef.fi\/tiedonhaku-fysiikka\/hakulauseet\/yhdistaminen\/#primaryimage","url":"https:\/\/blogs.uef.fi\/tiedonhaku-kemia\/wp-content\/uploads\/sites\/177\/2022\/03\/bo5.jpg","contentUrl":"https:\/\/blogs.uef.fi\/tiedonhaku-kemia\/wp-content\/uploads\/sites\/177\/2022\/03\/bo5.jpg"},{"@type":"BreadcrumbList","@id":"https:\/\/blogs.uef.fi\/tiedonhaku-fysiikka\/hakulauseet\/yhdistaminen\/#breadcrumb","itemListElement":[{"@type":"ListItem","position":1,"name":"Home","item":"https:\/\/blogs.uef.fi\/tiedonhaku-fysiikka\/"},{"@type":"ListItem","position":2,"name":"Hakulauseet","item":"https:\/\/blogs.uef.fi\/tiedonhaku-fysiikka\/hakulauseet\/"},{"@type":"ListItem","position":3,"name":"Hakusanojen yhdist\u00e4minen"}]},{"@type":"WebSite","@id":"https:\/\/blogs.uef.fi\/tiedonhaku-fysiikka\/#website","url":"https:\/\/blogs.uef.fi\/tiedonhaku-fysiikka\/","name":"Fysiikan ja tekniikan tiedonhaku","description":"","potentialAction":[{"@type":"SearchAction","target":{"@type":"EntryPoint","urlTemplate":"https:\/\/blogs.uef.fi\/tiedonhaku-fysiikka\/?s={search_term_string}"},"query-input":{"@type":"PropertyValueSpecification","valueRequired":true,"valueName":"search_term_string"}}],"inLanguage":"fi"}]}},"_links":{"self":[{"href":"https:\/\/blogs.uef.fi\/tiedonhaku-fysiikka\/wp-json\/wp\/v2\/pages\/162","targetHints":{"allow":["GET"]}}],"collection":[{"href":"https:\/\/blogs.uef.fi\/tiedonhaku-fysiikka\/wp-json\/wp\/v2\/pages"}],"about":[{"href":"https:\/\/blogs.uef.fi\/tiedonhaku-fysiikka\/wp-json\/wp\/v2\/types\/page"}],"author":[{"embeddable":true,"href":"https:\/\/blogs.uef.fi\/tiedonhaku-fysiikka\/wp-json\/wp\/v2\/users\/127"}],"replies":[{"embeddable":true,"href":"https:\/\/blogs.uef.fi\/tiedonhaku-fysiikka\/wp-json\/wp\/v2\/comments?post=162"}],"version-history":[{"count":2,"href":"https:\/\/blogs.uef.fi\/tiedonhaku-fysiikka\/wp-json\/wp\/v2\/pages\/162\/revisions"}],"predecessor-version":[{"id":4020,"href":"https:\/\/blogs.uef.fi\/tiedonhaku-fysiikka\/wp-json\/wp\/v2\/pages\/162\/revisions\/4020"}],"up":[{"embeddable":true,"href":"https:\/\/blogs.uef.fi\/tiedonhaku-fysiikka\/wp-json\/wp\/v2\/pages\/945"}],"wp:attachment":[{"href":"https:\/\/blogs.uef.fi\/tiedonhaku-fysiikka\/wp-json\/wp\/v2\/media?parent=162"}],"curies":[{"name":"wp","href":"https:\/\/api.w.org\/{rel}","templated":true}]}}