{"id":153,"date":"2015-08-04T07:48:46","date_gmt":"2015-08-04T07:48:46","guid":{"rendered":"https:\/\/ueflibraryfys.wordpress.com\/?page_id=153"},"modified":"2024-01-18T15:22:14","modified_gmt":"2024-01-18T13:22:14","slug":"hakutapoja","status":"publish","type":"page","link":"https:\/\/blogs.uef.fi\/tiedonhaku-fysiikka\/hakulauseet\/hakutapoja\/","title":{"rendered":"Hakutapoja"},"content":{"rendered":"\n<p>Tiedonhaun voi aloittaa eri tavoin. Aihetta kannattaa ensin hieman tunnustella, jotta p\u00e4\u00e4see jyv\u00e4lle siit\u00e4, kuinka juuri t\u00e4t\u00e4 aihetta kannattaisi l\u00e4hesty\u00e4 ja kehitell\u00e4 hakua edelleen. Haun muokkaamisen keinoja k\u00e4sitell\u00e4\u00e4n tarkemmin seuravissa luvuissa.<\/p>\n\n\n\n<ul class=\"wp-block-list\">\n<li>Kokeile yksitt\u00e4isi\u00e4 sanoja<\/li>\n\n\n\n<li>Kokeile yksinkertaisia hakulauseita: 1-2 AND-operaatiota<\/li>\n\n\n\n<li>Lis\u00e4\u00e4 tarpeen mukaan AND-operaatioita<\/li>\n\n\n\n<li>Ker\u00e4\u00e4 lis\u00e4\u00e4 mahdollisia hakusanoja<\/li>\n\n\n\n<li>Kokeile kattavampaa hakulausetta vaihtoehtoisin sanoin<\/li>\n\n\n\n<li>Muista hakukenttien, sanankatkaisun ja fraasien merkitys<\/li>\n<\/ul>\n\n\n\n<p><\/p>\n\n\n\n<p><strong>Hakutulosta kannattaa varsinkin alussa tutkailla j\u00e4rjestettyn\u00e4 (sort by) aiheenmukaisuuden eli relevanssin mukaan. <\/strong>N\u00e4in voit nopeasti l\u00f6yt\u00e4\u00e4 joitakin hyvi\u00e4 osumia.<\/p>\n\n\n\n<p>Tulokset voi j\u00e4rjest\u00e4\u00e4 my\u00f6s julkaisuajankohdan mukaan uusimmat ensin, jos on tarpeen saada erityisesti ihan tuoreita julkaisuja.<br><br>Tietokantahakuja ja niiden tuloksia kannattaa k\u00e4ytt\u00e4\u00e4 hyv\u00e4ksi jo tutkimusty\u00f6n suunnittelu-, valmistelu- ja ideointivaiheessa. Se auttaa aiheen k\u00e4sitteiden ja hakusanojen hahmottelussa ja ker\u00e4\u00e4misess\u00e4.<\/p>\n\n\n\n<h2 class=\"wp-block-heading\">Kokeile yksinkertaista pikahakua<\/h2>\n\n\n\n<p><strong>Hae<\/strong> <strong>yksitt\u00e4isell\u00e4 hakusanalla tai fraasilla<\/strong>, jotta saat k\u00e4sityksen, kuinka yleinen\/harvinainen aihealue on. Voit kokeilla ainakin t\u00e4rkeimpi\u00e4 k\u00e4sitteit\u00e4 erikseen. Yleistermej\u00e4 t\u00e4m\u00e4 ei koske, ne tarvitsevat aina rinnalleen tarkentavia hakusanoja. <\/p>\n\n\n\n<p><strong>Tuloksista voi l\u00f6yty\u00e4 muutamia hyvi\u00e4 osumia omaan aiheeseen.<\/strong><\/p>\n\n\n\n<figure class=\"wp-block-image size-full is-resized\"><img decoding=\"async\" src=\"https:\/\/blogs.uef.fi\/tiedonhaku-fysiikka\/wp-content\/uploads\/sites\/49\/2018\/05\/FYSpikah.jpg\" alt=\"Kuvakaappaus UEF-Primosta. Hakulause on maaper\u00e4fysiikka, jolla on saatu 16 tulosta kirjaston kokoelmista. Kommentti: N\u00e4in pient\u00e4 tulosta ei tarvitse rajata muilla termeill\u00e4.\" class=\"wp-image-1033\" \/><\/figure>\n\n\n\n<p><strong>Lis\u00e4ksi voit kokeilla hakua kaikilla ydink\u00e4sitteill\u00e4: 1-3 AND-operaatiota. <\/strong><\/p>\n\n\n\n<p>T\u00e4llainen tunnusteleva haku, jonka avulla saadan ker\u00e4tty\u00e4 ehk\u00e4 joitakin hyvi\u00e4 osumia ja my\u00f6skin hyvi\u00e4 hakusanoja, on helppo tapa aloittaa hakeminen, vaikka tarve olisikin hakea aineistoja laajemmin ja kattavammin.<\/p>\n\n\n\n<h2 class=\"wp-block-heading\">Kasvata &#8221;helme\u00e4&#8221;<\/h2>\n\n\n\n<p>Helmenkasvatus on hyv\u00e4 hakutapa silloin, kun sinulla on valmiiksi tiedossa muutama hyv\u00e4 julkaisu tai jos olet sellaisen jo itse ensin l\u00f6yt\u00e4nyt vaikkapa pikahaulla. <\/p>\n\n\n\n<p>Tietokannasta katsotaan t\u00e4llaiseen  &#8221;helmeen&#8221; liittyvi\u00e4 <strong>asiasanoja sek\u00e4 l\u00e4hdeluetteloa ja muita apuneuvoja, joiden avulla voidaan j\u00e4ljitt\u00e4\u00e4 lis\u00e4\u00e4 samankaltaisia julkaisuja.<\/strong> Samoin voi tarkastella, <strong>kuka on aihetta tutkinut<\/strong> ja hakea lis\u00e4\u00e4 saman tekij\u00e4n julkaisuja. <\/p>\n\n\n\n<figure class=\"wp-block-image size-full is-resized\"><img loading=\"lazy\" decoding=\"async\" width=\"1020\" height=\"791\" src=\"https:\/\/blogs.uef.fi\/tiedonhaku-fysiikka\/wp-content\/uploads\/sites\/49\/2018\/05\/FYSj\u00e4ljitys.png\" alt=\"Kuvakaappaus tietokannan artikkeliviitteest\u00e4. Cited by 4 documents: n\u00e4m\u00e4 k\u00e4yttiv\u00e4t artikkelia omana l\u00e4hteen\u00e4\u00e4n. References eli l\u00e4hdeluettelo: kannattaako lukea my\u00f6s joitakin n\u00e4ist\u00e4? L\u00f6ytyyk\u00f6 uusia hakusanoja? Esimerkki: defect - flaw (tarkoittaa vikaa tai virhett\u00e4). Related documents: j\u00e4rjestelm\u00e4n ehdottamia artikkeleita aiheesta. Keywords eli asiasanat: l\u00f6ytyyk\u00f6 t\u00e4\u00e4lt\u00e4 hyvi\u00e4 uusia hakusanoja?\" class=\"wp-image-1039\" srcset=\"https:\/\/blogs.uef.fi\/tiedonhaku-fysiikka\/wp-content\/uploads\/sites\/49\/2018\/05\/FYSj\u00e4ljitys.png 1020w, https:\/\/blogs.uef.fi\/tiedonhaku-fysiikka\/wp-content\/uploads\/sites\/49\/2018\/05\/FYSj\u00e4ljitys-300x233.png 300w, https:\/\/blogs.uef.fi\/tiedonhaku-fysiikka\/wp-content\/uploads\/sites\/49\/2018\/05\/FYSj\u00e4ljitys-768x596.png 768w, https:\/\/blogs.uef.fi\/tiedonhaku-fysiikka\/wp-content\/uploads\/sites\/49\/2018\/05\/FYSj\u00e4ljitys-490x380.png 490w\" sizes=\"auto, (max-width: 1020px) 100vw, 1020px\" \/><figcaption class=\"wp-element-caption\"><em>Esimerkki Scopus-tietokannan tietueesta.<\/em><\/figcaption><\/figure>\n\n\n\n<figure class=\"wp-block-image size-full is-resized\"><img loading=\"lazy\" decoding=\"async\" width=\"1479\" height=\"1051\" src=\"https:\/\/blogs.uef.fi\/tiedonhaku-fysiikka\/wp-content\/uploads\/sites\/49\/2018\/05\/FYShelmi.jpg\" alt=\"Kuvakaappaus tietokannasta. Alkuper\u00e4inen haku: sound (AND) porous (AND) material on tuottanut 9 tulosta. K\u00e4ytet\u00e4\u00e4n hyv\u00e4ksi yhden l\u00f6ytyneen kirjan asiasanoja eli aiheita ja tehd\u00e4\u00e4n uusi haku: (sound OR \u00e4\u00e4ni OR acousti* OR akusti*) AND (huokoi* OR porous) AND materia* OR media), saadaan 26 tulosta.\" class=\"wp-image-1041\" srcset=\"https:\/\/blogs.uef.fi\/tiedonhaku-fysiikka\/wp-content\/uploads\/sites\/49\/2018\/05\/FYShelmi.jpg 1479w, https:\/\/blogs.uef.fi\/tiedonhaku-fysiikka\/wp-content\/uploads\/sites\/49\/2018\/05\/FYShelmi-300x213.jpg 300w, https:\/\/blogs.uef.fi\/tiedonhaku-fysiikka\/wp-content\/uploads\/sites\/49\/2018\/05\/FYShelmi-768x546.jpg 768w, https:\/\/blogs.uef.fi\/tiedonhaku-fysiikka\/wp-content\/uploads\/sites\/49\/2018\/05\/FYShelmi-1024x728.jpg 1024w, https:\/\/blogs.uef.fi\/tiedonhaku-fysiikka\/wp-content\/uploads\/sites\/49\/2018\/05\/FYShelmi-535x380.jpg 535w\" sizes=\"auto, (max-width: 1479px) 100vw, 1479px\" \/><figcaption class=\"wp-element-caption\"><em>Esimerkki, kuinka tietueen asiasanojen perustella voi muodostaa uuden, kattavamman hakulauseen.<\/em><\/figcaption><\/figure>\n\n\n\n<p><\/p>\n\n\n\n<h2 class=\"wp-block-heading\"><span style=\"color: #000000\">Aloita laajasta, tarkenna sitten<\/span><\/h2>\n\n\n\n<p>T\u00e4ss\u00e4 haussa on ideana, ett\u00e4 varmuden vuoksi haetaan ensin melko v\u00e4lj\u00e4sti, jotta mit\u00e4\u00e4n t\u00e4rke\u00e4\u00e4 ei j\u00e4isi pois heti aluksi. T\u00e4m\u00e4n j\u00e4lkeen tarkennetaan aihetta lis\u00e4\u00e4m\u00e4ll\u00e4 tarpeen mukaan lis\u00e4\u00e4 hakuk\u00e4sitteit\u00e4 (AND-operaatioita) ja k\u00e4ytet\u00e4\u00e4n tietokannan tarjoamia rajausty\u00f6kaluja.<\/p>\n\n\n\n<figure class=\"wp-block-image alignnone size-full is-resized wp-image-1418\"><img loading=\"lazy\" decoding=\"async\" width=\"1113\" height=\"410\" src=\"https:\/\/blogs.uef.fi\/tiedonhaku-fysiikka\/wp-content\/uploads\/sites\/49\/2020\/09\/FYS_UP_laajasta_suppeaan.jpg\" alt=\"Kuvakaappaus UEF Primosta.Haetaan ensin sanalla optics ja sitten tarkemmin optics AND nano*. Rajausmahdollisuuksist\u00e4 n\u00e4kyvill\u00e4 ovat saatavuuus, aineistotyyppi, kirjasto ja aihe.\" class=\"wp-image-1418\" srcset=\"https:\/\/blogs.uef.fi\/tiedonhaku-fysiikka\/wp-content\/uploads\/sites\/49\/2020\/09\/FYS_UP_laajasta_suppeaan.jpg 1113w, https:\/\/blogs.uef.fi\/tiedonhaku-fysiikka\/wp-content\/uploads\/sites\/49\/2020\/09\/FYS_UP_laajasta_suppeaan-300x111.jpg 300w, https:\/\/blogs.uef.fi\/tiedonhaku-fysiikka\/wp-content\/uploads\/sites\/49\/2020\/09\/FYS_UP_laajasta_suppeaan-1024x377.jpg 1024w, https:\/\/blogs.uef.fi\/tiedonhaku-fysiikka\/wp-content\/uploads\/sites\/49\/2020\/09\/FYS_UP_laajasta_suppeaan-768x283.jpg 768w\" sizes=\"auto, (max-width: 1113px) 100vw, 1113px\" \/><figcaption class=\"wp-element-caption\"><em>Haku sanalla &#8217;optics&#8217; tuottaa paljon tuloksia, 1506 kpl. Kun hakuun lis\u00e4t\u00e4\u00e4n tarkennus AND nano, m\u00e4\u00e4r\u00e4 tipahtaa 203:een. Rajausmahdollisuudet ovat tuloksen vieress\u00e4 oikealla.<\/em><\/figcaption><\/figure>\n\n\n\n<h2 class=\"wp-block-heading\">Hae ensin tarkasti, laajenna tarvittaessa<\/h2>\n\n\n\n<p>T\u00e4ss\u00e4 l\u00e4hestymistavassa on t\u00e4rke\u00e4\u00e4 saada heti aluksi todella hyvin aiheenmukaisia tuloksia. T\u00e4m\u00e4 onnistuu k\u00e4ytt\u00e4m\u00e4ll\u00e4 tarkkoja hakusanoja ja spesifej\u00e4 termej\u00e4. T\u00e4st\u00e4 voidaan sitten tarpeen mukaan l\u00e4hte\u00e4 laajentamaan hakua k\u00e4ytt\u00e4m\u00e4ll\u00e4 v\u00e4ljempi\u00e4 hakuehtoja ja lis\u00e4\u00e4m\u00e4ll\u00e4 vaihtoehtoisia hakusanoja.<\/p>\n\n\n\n<figure class=\"wp-block-image size-full is-resized\"><img loading=\"lazy\" decoding=\"async\" width=\"937\" height=\"200\" src=\"https:\/\/blogs.uef.fi\/tiedonhaku-fysiikka\/wp-content\/uploads\/sites\/49\/2018\/05\/FYSsuppeasta.jpg\" alt=\"Kuvakaappaus. Haku: Title (flag AND motion): 4 tulosta. Haku Title (flag) AND Title (aerodynamics OR aeroelastic OR motion OR flutter OR flap): 44 tulosta.\" class=\"wp-image-1037\" srcset=\"https:\/\/blogs.uef.fi\/tiedonhaku-fysiikka\/wp-content\/uploads\/sites\/49\/2018\/05\/FYSsuppeasta.jpg 937w, https:\/\/blogs.uef.fi\/tiedonhaku-fysiikka\/wp-content\/uploads\/sites\/49\/2018\/05\/FYSsuppeasta-300x64.jpg 300w, https:\/\/blogs.uef.fi\/tiedonhaku-fysiikka\/wp-content\/uploads\/sites\/49\/2018\/05\/FYSsuppeasta-768x164.jpg 768w\" sizes=\"auto, (max-width: 937px) 100vw, 937px\" \/><\/figure>\n\n\n\n<h2 class=\"wp-block-heading\">Selaile<\/h2>\n\n\n\n<p>Vaikka erilaisia tieteellisi\u00e4 lehti\u00e4 on tarjolla lukematon m\u00e4\u00e4r\u00e4, usein alalla on tietyt tunnetut lehdet, joissa ainakin t\u00e4rkeimm\u00e4t artikkelit pyrit\u00e4\u00e4n julkaisemaan. T\u00e4llaisia t\u00e4rkeit\u00e4 lehti\u00e4 voi selailla (browse) aika ajoin. Kaikkea ei tarvitse l\u00f6yt\u00e4\u00e4 hakulauseiden avulla. <\/p>\n\n\n\n<p>Tietokannoissa voit my\u00f6s selailla (browse), esim. tietyn <strong>lehden artikkeleita tai aihealueita <\/strong>(englanniksi category tai Subject area).<strong><br><\/strong><\/p>\n\n\n\n<figure class=\"wp-block-image size-full is-resized\"><img loading=\"lazy\" decoding=\"async\" width=\"1311\" height=\"751\" src=\"https:\/\/blogs.uef.fi\/tiedonhaku-fysiikka\/wp-content\/uploads\/sites\/49\/2020\/09\/Ebsco_ebook_browse.jpg\" alt=\"Kuvakappaus verkkosivusta. Otsikko: eBook collection. Valikossa vasemmalla lukee: Browse by category. Sen alla lueteltu aiheita englanniksi. Oikealla otsikko: Highlights ja kuvia kirjojen kansista.\" class=\"wp-image-1415\" srcset=\"https:\/\/blogs.uef.fi\/tiedonhaku-fysiikka\/wp-content\/uploads\/sites\/49\/2020\/09\/Ebsco_ebook_browse.jpg 1311w, https:\/\/blogs.uef.fi\/tiedonhaku-fysiikka\/wp-content\/uploads\/sites\/49\/2020\/09\/Ebsco_ebook_browse-300x172.jpg 300w, https:\/\/blogs.uef.fi\/tiedonhaku-fysiikka\/wp-content\/uploads\/sites\/49\/2020\/09\/Ebsco_ebook_browse-1024x587.jpg 1024w, https:\/\/blogs.uef.fi\/tiedonhaku-fysiikka\/wp-content\/uploads\/sites\/49\/2020\/09\/Ebsco_ebook_browse-768x440.jpg 768w\" sizes=\"auto, (max-width: 1311px) 100vw, 1311px\" \/><figcaption class=\"wp-element-caption\"><em>Esimerkkikuva Ebscon eBook Collection -tietokannasta<\/em>.<\/figcaption><\/figure>\n\n\n\n<p class=\"has-text-align-right\">Seuraava sivu: <a href=\"https:\/\/blogs.uef.fi\/tiedonhaku-fysiikka\/enemman-hyvia-tuloksia\/\">Milloin hakutulos on riitt\u00e4v\u00e4?<\/a><\/p>\n","protected":false},"excerpt":{"rendered":"<p>Tiedonhaun voi aloittaa eri tavoin. Aihetta kannattaa ensin hieman tunnustella, jotta p\u00e4\u00e4see jyv\u00e4lle siit\u00e4, kuinka juuri t\u00e4t\u00e4 aihetta kannattaisi l\u00e4hesty\u00e4 ja kehitell\u00e4 hakua edelleen. Haun muokkaamisen keinoja k\u00e4sitell\u00e4\u00e4n tarkemmin seuravissa luvuissa. Hakutulosta kannattaa varsinkin alussa tutkailla j\u00e4rjestettyn\u00e4 (sort by) aiheenmukaisuuden eli relevanssin mukaan. N\u00e4in voit nopeasti l\u00f6yt\u00e4\u00e4 joitakin hyvi\u00e4 osumia. Tulokset voi j\u00e4rjest\u00e4\u00e4 my\u00f6s julkaisuajankohdan [&hellip;]<\/p>\n","protected":false},"author":127,"featured_media":0,"parent":945,"menu_order":4,"comment_status":"closed","ping_status":"closed","template":"","meta":{"_acf_changed":false,"footnotes":""},"class_list":["post-153","page","type-page","status-publish","hentry"],"acf":[],"yoast_head":"<!-- This site is optimized with the Yoast SEO plugin v27.1.1 - https:\/\/yoast.com\/product\/yoast-seo-wordpress\/ -->\n<title>Hakutapoja - Fysiikan ja tekniikan tiedonhaku<\/title>\n<meta name=\"robots\" content=\"index, follow, max-snippet:-1, max-image-preview:large, max-video-preview:-1\" \/>\n<link rel=\"canonical\" href=\"https:\/\/blogs.uef.fi\/tiedonhaku-fysiikka\/hakulauseet\/hakutapoja\/\" \/>\n<meta property=\"og:locale\" content=\"fi_FI\" \/>\n<meta property=\"og:type\" content=\"article\" \/>\n<meta property=\"og:title\" content=\"Hakutapoja - Fysiikan ja tekniikan tiedonhaku\" \/>\n<meta property=\"og:description\" content=\"Tiedonhaun voi aloittaa eri tavoin. Aihetta kannattaa ensin hieman tunnustella, jotta p\u00e4\u00e4see jyv\u00e4lle siit\u00e4, kuinka juuri t\u00e4t\u00e4 aihetta kannattaisi l\u00e4hesty\u00e4 ja kehitell\u00e4 hakua edelleen. Haun muokkaamisen keinoja k\u00e4sitell\u00e4\u00e4n tarkemmin seuravissa luvuissa. Hakutulosta kannattaa varsinkin alussa tutkailla j\u00e4rjestettyn\u00e4 (sort by) aiheenmukaisuuden eli relevanssin mukaan. N\u00e4in voit nopeasti l\u00f6yt\u00e4\u00e4 joitakin hyvi\u00e4 osumia. Tulokset voi j\u00e4rjest\u00e4\u00e4 my\u00f6s julkaisuajankohdan [&hellip;]\" \/>\n<meta property=\"og:url\" content=\"https:\/\/blogs.uef.fi\/tiedonhaku-fysiikka\/hakulauseet\/hakutapoja\/\" \/>\n<meta property=\"og:site_name\" content=\"Fysiikan ja tekniikan tiedonhaku\" \/>\n<meta property=\"article:modified_time\" content=\"2024-01-18T13:22:14+00:00\" \/>\n<meta property=\"og:image\" content=\"https:\/\/blogs.uef.fi\/tiedonhaku-fysiikka\/wp-content\/uploads\/sites\/49\/2018\/05\/FYSpikah.jpg\" \/>\n<meta name=\"twitter:card\" content=\"summary_large_image\" \/>\n<meta name=\"twitter:label1\" content=\"Arvioitu lukuaika\" \/>\n\t<meta name=\"twitter:data1\" content=\"4 minuuttia\" \/>\n<script type=\"application\/ld+json\" class=\"yoast-schema-graph\">{\"@context\":\"https:\/\/schema.org\",\"@graph\":[{\"@type\":\"WebPage\",\"@id\":\"https:\/\/blogs.uef.fi\/tiedonhaku-fysiikka\/hakulauseet\/hakutapoja\/\",\"url\":\"https:\/\/blogs.uef.fi\/tiedonhaku-fysiikka\/hakulauseet\/hakutapoja\/\",\"name\":\"Hakutapoja - Fysiikan ja tekniikan tiedonhaku\",\"isPartOf\":{\"@id\":\"https:\/\/blogs.uef.fi\/tiedonhaku-fysiikka\/#website\"},\"primaryImageOfPage\":{\"@id\":\"https:\/\/blogs.uef.fi\/tiedonhaku-fysiikka\/hakulauseet\/hakutapoja\/#primaryimage\"},\"image\":{\"@id\":\"https:\/\/blogs.uef.fi\/tiedonhaku-fysiikka\/hakulauseet\/hakutapoja\/#primaryimage\"},\"thumbnailUrl\":\"https:\/\/blogs.uef.fi\/tiedonhaku-fysiikka\/wp-content\/uploads\/sites\/49\/2018\/05\/FYSpikah.jpg\",\"datePublished\":\"2015-08-04T07:48:46+00:00\",\"dateModified\":\"2024-01-18T13:22:14+00:00\",\"breadcrumb\":{\"@id\":\"https:\/\/blogs.uef.fi\/tiedonhaku-fysiikka\/hakulauseet\/hakutapoja\/#breadcrumb\"},\"inLanguage\":\"fi\",\"potentialAction\":[{\"@type\":\"ReadAction\",\"target\":[\"https:\/\/blogs.uef.fi\/tiedonhaku-fysiikka\/hakulauseet\/hakutapoja\/\"]}]},{\"@type\":\"ImageObject\",\"inLanguage\":\"fi\",\"@id\":\"https:\/\/blogs.uef.fi\/tiedonhaku-fysiikka\/hakulauseet\/hakutapoja\/#primaryimage\",\"url\":\"\",\"contentUrl\":\"\"},{\"@type\":\"BreadcrumbList\",\"@id\":\"https:\/\/blogs.uef.fi\/tiedonhaku-fysiikka\/hakulauseet\/hakutapoja\/#breadcrumb\",\"itemListElement\":[{\"@type\":\"ListItem\",\"position\":1,\"name\":\"Home\",\"item\":\"https:\/\/blogs.uef.fi\/tiedonhaku-fysiikka\/\"},{\"@type\":\"ListItem\",\"position\":2,\"name\":\"Hakulauseet\",\"item\":\"https:\/\/blogs.uef.fi\/tiedonhaku-fysiikka\/hakulauseet\/\"},{\"@type\":\"ListItem\",\"position\":3,\"name\":\"Hakutapoja\"}]},{\"@type\":\"WebSite\",\"@id\":\"https:\/\/blogs.uef.fi\/tiedonhaku-fysiikka\/#website\",\"url\":\"https:\/\/blogs.uef.fi\/tiedonhaku-fysiikka\/\",\"name\":\"Fysiikan ja tekniikan tiedonhaku\",\"description\":\"\",\"potentialAction\":[{\"@type\":\"SearchAction\",\"target\":{\"@type\":\"EntryPoint\",\"urlTemplate\":\"https:\/\/blogs.uef.fi\/tiedonhaku-fysiikka\/?s={search_term_string}\"},\"query-input\":{\"@type\":\"PropertyValueSpecification\",\"valueRequired\":true,\"valueName\":\"search_term_string\"}}],\"inLanguage\":\"fi\"}]}<\/script>\n<!-- \/ Yoast SEO plugin. -->","yoast_head_json":{"title":"Hakutapoja - Fysiikan ja tekniikan tiedonhaku","robots":{"index":"index","follow":"follow","max-snippet":"max-snippet:-1","max-image-preview":"max-image-preview:large","max-video-preview":"max-video-preview:-1"},"canonical":"https:\/\/blogs.uef.fi\/tiedonhaku-fysiikka\/hakulauseet\/hakutapoja\/","og_locale":"fi_FI","og_type":"article","og_title":"Hakutapoja - Fysiikan ja tekniikan tiedonhaku","og_description":"Tiedonhaun voi aloittaa eri tavoin. Aihetta kannattaa ensin hieman tunnustella, jotta p\u00e4\u00e4see jyv\u00e4lle siit\u00e4, kuinka juuri t\u00e4t\u00e4 aihetta kannattaisi l\u00e4hesty\u00e4 ja kehitell\u00e4 hakua edelleen. Haun muokkaamisen keinoja k\u00e4sitell\u00e4\u00e4n tarkemmin seuravissa luvuissa. Hakutulosta kannattaa varsinkin alussa tutkailla j\u00e4rjestettyn\u00e4 (sort by) aiheenmukaisuuden eli relevanssin mukaan. N\u00e4in voit nopeasti l\u00f6yt\u00e4\u00e4 joitakin hyvi\u00e4 osumia. Tulokset voi j\u00e4rjest\u00e4\u00e4 my\u00f6s julkaisuajankohdan [&hellip;]","og_url":"https:\/\/blogs.uef.fi\/tiedonhaku-fysiikka\/hakulauseet\/hakutapoja\/","og_site_name":"Fysiikan ja tekniikan tiedonhaku","article_modified_time":"2024-01-18T13:22:14+00:00","og_image":[{"url":"https:\/\/blogs.uef.fi\/tiedonhaku-fysiikka\/wp-content\/uploads\/sites\/49\/2018\/05\/FYSpikah.jpg","type":"","width":"","height":""}],"twitter_card":"summary_large_image","twitter_misc":{"Arvioitu lukuaika":"4 minuuttia"},"schema":{"@context":"https:\/\/schema.org","@graph":[{"@type":"WebPage","@id":"https:\/\/blogs.uef.fi\/tiedonhaku-fysiikka\/hakulauseet\/hakutapoja\/","url":"https:\/\/blogs.uef.fi\/tiedonhaku-fysiikka\/hakulauseet\/hakutapoja\/","name":"Hakutapoja - Fysiikan ja tekniikan tiedonhaku","isPartOf":{"@id":"https:\/\/blogs.uef.fi\/tiedonhaku-fysiikka\/#website"},"primaryImageOfPage":{"@id":"https:\/\/blogs.uef.fi\/tiedonhaku-fysiikka\/hakulauseet\/hakutapoja\/#primaryimage"},"image":{"@id":"https:\/\/blogs.uef.fi\/tiedonhaku-fysiikka\/hakulauseet\/hakutapoja\/#primaryimage"},"thumbnailUrl":"https:\/\/blogs.uef.fi\/tiedonhaku-fysiikka\/wp-content\/uploads\/sites\/49\/2018\/05\/FYSpikah.jpg","datePublished":"2015-08-04T07:48:46+00:00","dateModified":"2024-01-18T13:22:14+00:00","breadcrumb":{"@id":"https:\/\/blogs.uef.fi\/tiedonhaku-fysiikka\/hakulauseet\/hakutapoja\/#breadcrumb"},"inLanguage":"fi","potentialAction":[{"@type":"ReadAction","target":["https:\/\/blogs.uef.fi\/tiedonhaku-fysiikka\/hakulauseet\/hakutapoja\/"]}]},{"@type":"ImageObject","inLanguage":"fi","@id":"https:\/\/blogs.uef.fi\/tiedonhaku-fysiikka\/hakulauseet\/hakutapoja\/#primaryimage","url":"","contentUrl":""},{"@type":"BreadcrumbList","@id":"https:\/\/blogs.uef.fi\/tiedonhaku-fysiikka\/hakulauseet\/hakutapoja\/#breadcrumb","itemListElement":[{"@type":"ListItem","position":1,"name":"Home","item":"https:\/\/blogs.uef.fi\/tiedonhaku-fysiikka\/"},{"@type":"ListItem","position":2,"name":"Hakulauseet","item":"https:\/\/blogs.uef.fi\/tiedonhaku-fysiikka\/hakulauseet\/"},{"@type":"ListItem","position":3,"name":"Hakutapoja"}]},{"@type":"WebSite","@id":"https:\/\/blogs.uef.fi\/tiedonhaku-fysiikka\/#website","url":"https:\/\/blogs.uef.fi\/tiedonhaku-fysiikka\/","name":"Fysiikan ja tekniikan tiedonhaku","description":"","potentialAction":[{"@type":"SearchAction","target":{"@type":"EntryPoint","urlTemplate":"https:\/\/blogs.uef.fi\/tiedonhaku-fysiikka\/?s={search_term_string}"},"query-input":{"@type":"PropertyValueSpecification","valueRequired":true,"valueName":"search_term_string"}}],"inLanguage":"fi"}]}},"_links":{"self":[{"href":"https:\/\/blogs.uef.fi\/tiedonhaku-fysiikka\/wp-json\/wp\/v2\/pages\/153","targetHints":{"allow":["GET"]}}],"collection":[{"href":"https:\/\/blogs.uef.fi\/tiedonhaku-fysiikka\/wp-json\/wp\/v2\/pages"}],"about":[{"href":"https:\/\/blogs.uef.fi\/tiedonhaku-fysiikka\/wp-json\/wp\/v2\/types\/page"}],"author":[{"embeddable":true,"href":"https:\/\/blogs.uef.fi\/tiedonhaku-fysiikka\/wp-json\/wp\/v2\/users\/127"}],"replies":[{"embeddable":true,"href":"https:\/\/blogs.uef.fi\/tiedonhaku-fysiikka\/wp-json\/wp\/v2\/comments?post=153"}],"version-history":[{"count":2,"href":"https:\/\/blogs.uef.fi\/tiedonhaku-fysiikka\/wp-json\/wp\/v2\/pages\/153\/revisions"}],"predecessor-version":[{"id":4032,"href":"https:\/\/blogs.uef.fi\/tiedonhaku-fysiikka\/wp-json\/wp\/v2\/pages\/153\/revisions\/4032"}],"up":[{"embeddable":true,"href":"https:\/\/blogs.uef.fi\/tiedonhaku-fysiikka\/wp-json\/wp\/v2\/pages\/945"}],"wp:attachment":[{"href":"https:\/\/blogs.uef.fi\/tiedonhaku-fysiikka\/wp-json\/wp\/v2\/media?parent=153"}],"curies":[{"name":"wp","href":"https:\/\/api.w.org\/{rel}","templated":true}]}}