{"id":140,"date":"2015-08-03T12:23:06","date_gmt":"2015-08-03T12:23:06","guid":{"rendered":"https:\/\/ueflibraryfys.wordpress.com\/?page_id=140"},"modified":"2024-02-22T08:53:23","modified_gmt":"2024-02-22T06:53:23","slug":"luokitukset","status":"publish","type":"page","link":"https:\/\/blogs.uef.fi\/tiedonhaku-fysiikka\/hakusanat\/luokitukset\/","title":{"rendered":"Luokitukset"},"content":{"rendered":"\n<p style=\"font-size:17px\">Julkaisun sis\u00e4lt\u00f6\u00e4 voidaan kuvata paitsi sanallisesti, my\u00f6s erilaisin luokituskoodein. T\u00e4st\u00e4 seuraa, ett\u00e4 hakusana voi olla my\u00f6s koodi.<\/p>\n\n\n\n<p><strong>Luokituksen idea on, ett\u00e4 kuvailtavat ilmi\u00f6t on j\u00e4rjestetty<\/strong> <strong>hierarkioiksi<\/strong>. Ylemm\u00e4n tason ilmi\u00f6t kattavat halutun alueen kokonaisuudessa ja kunkin aiheen alle luodaan oma, aina vain tarkempiin aiheisiin menev\u00e4 alaluokitus.<\/p>\n\n\n\n<p><strong>Kukin aihe ilmaistaan<\/strong> <strong>koodilla, jossa voi olla numeroita tai kirjaimia tai molempia<\/strong>. V\u00e4liss\u00e4 voi olla pisteit\u00e4 tai muita v\u00e4limerkkej\u00e4.&nbsp;Esim. aihe:<em> interferenssi<\/em>:<\/p>\n\n\n\n<ul class=\"has-white-background-color has-background wp-block-list\">\n<li>260.3160 (OCIS-koodi)<\/li>\n\n\n\n<li>42.25Hz (PACS-koodi)<\/li>\n\n\n\n<li>535.41 (UDK-koodi)<\/li>\n<\/ul>\n\n\n\n<p>Mit\u00e4 tarkempi aihe, sen pidempi on koodi: usein alemmat tasot luodaan lis\u00e4\u00e4m\u00e4ll\u00e4 ylemm\u00e4n koodin per\u00e4\u00e4n tarkenteita.<\/p>\n\n\n\n<h2 class=\"wp-block-heading\">Luokitus voi olla universaali<\/h2>\n\n\n\n<p>Universaali luokitus kattaa kaikki tiedonalat. T\u00e4llainen on <strong>UDC<\/strong> (<a href=\"http:\/\/www.udcsummary.info\/php\/index.php\" target=\"_blank\" rel=\"noopener noreferrer\">Universal decimal classification (linkki aukeaa uuteen ikkunaan)<\/a>, vain ylemm\u00e4t tasot n\u00e4ht\u00e4vill\u00e4) sek\u00e4 sen suomenkielinen sovellus <strong>UDK<\/strong>, jota on kansallisessa <strong>Finnassa <\/strong>joskus n\u00e4kyvill\u00e4.<br>UDK ja UDC eiv\u00e4t ole aivan yhtenev\u00e4iset, vaikka p\u00e4\u00e4tasot ovatkin samat. UDK-luokituksesta ei ole olemassa verkkoversiota.<\/p>\n\n\n\n<figure class=\"wp-block-image alignnone size-full is-resized wp-image-150\"><img loading=\"lazy\" decoding=\"async\" width=\"773\" height=\"212\" src=\"https:\/\/blogs.uef.fi\/tiedonhaku-fysiikka\/wp-content\/uploads\/sites\/49\/2015\/08\/udk.png\" alt=\"Teksti\u00e4. 5 (matematiikka, luonnontieteet; 53 fysiikka; 530.1 fysiikan peruslait; 530.14 s\u00e4ilymisen ja muuttumisen perusteiden synteesi, yleinen atomiteoria; 530.145 kvanttiteoria.\" class=\"wp-image-150\" srcset=\"https:\/\/blogs.uef.fi\/tiedonhaku-fysiikka\/wp-content\/uploads\/sites\/49\/2015\/08\/udk.png 773w, https:\/\/blogs.uef.fi\/tiedonhaku-fysiikka\/wp-content\/uploads\/sites\/49\/2015\/08\/udk-300x82.png 300w, https:\/\/blogs.uef.fi\/tiedonhaku-fysiikka\/wp-content\/uploads\/sites\/49\/2015\/08\/udk-768x211.png 768w\" sizes=\"auto, (max-width: 773px) 100vw, 773px\" \/><figcaption class=\"wp-element-caption\"><em>Fysiikan udk-lukuja.<\/em><\/figcaption><\/figure>\n\n\n\n<p>Luokitukset olivat aiemmin (<strong>ennen vuotta 2000<\/strong>) kirjastotietokantojen ja muidenkin kirjallisuustietokantojen p\u00e4\u00e4asiallinen sis\u00e4ll\u00f6nkuvausmenetelm\u00e4. Edelleenkin luokituksia k\u00e4ytet\u00e4\u00e4n <strong>tekniikan ja matematiikan aloilla.<\/strong><\/p>\n\n\n\n<p>My\u00f6s kampuskirjastojen <strong>hyllyluokitus<\/strong> perustuu UDK-luokituskaavaan, sielt\u00e4 ovat per\u00e4isin osin omituiseltakin vaikuttavat hyllytunnukset (P 159.9 = psykologia).<\/p>\n\n\n\n<h2 class=\"wp-block-heading\">Fysiikan alalla on ollut k\u00e4yt\u00f6ss\u00e4 omia luokituksia<\/h2>\n\n\n\n<ul class=\"wp-block-list\">\n<li><strong>PACS<\/strong> (Physics and Astronomy Classification Scheme)<\/li>\n<\/ul>\n\n\n\n<p>PACS-koodeja on k\u00e4ytetty <strong>APS Journals<\/strong> -tietokannassa,<strong> IEEE:ss\u00e4<\/strong> (vain osassa tietueita) ja monissa yksitt\u00e4isiss\u00e4 lehdiss\u00e4, esim. <strong>Institute of Physics<\/strong>\u2019n (IOP) julkaisemissa lehdiss\u00e4.<\/p>\n\n\n\n<p>Viimeinen versio on vuodelta 2010, eik\u00e4 luokitusta p\u00e4ivitet\u00e4 en\u00e4\u00e4. Yll\u00e4pit\u00e4j\u00e4 AIP (American Institute of Physics) p\u00e4\u00e4tti siirty\u00e4 k\u00e4ytt\u00e4m\u00e4\u00e4n sen sijaan omaa asiasanastoa, <a href=\"https:\/\/physh.aps.org\/\" target=\"_blank\" rel=\"noopener noreferrer\">PhySH Physics subject headings (linkki aukeaa uuteen ikkunaan)<\/a>. Vanhaa PACS-koodistoa ei ole en\u00e4\u00e4 edes n\u00e4ht\u00e4vill\u00e4 AIP:N sivuilla.<\/p>\n\n\n\n<ul class=\"wp-block-list\">\n<li><strong>OCIS<\/strong> (Optics Classification and Indexing Scheme)<\/li>\n<\/ul>\n\n\n\n<p><a href=\"https:\/\/www.osapublishing.org\/oe\/submit\/ocis\/\" target=\"_blank\" rel=\"noopener noreferrer\">OCIS-koodeja (linkki aukeaa uuteen ikkunaan)<\/a> on k\u00e4ytetty Optica (=OpticsInfobase) -tietokannassa, samoin kuin yksitt\u00e4isiss\u00e4 lehdiss\u00e4. Sittemmin koodeista on luovuttu ja niiden sijaan k\u00e4ytet\u00e4\u00e4n asiasanastoa <a href=\"https:\/\/www.osapublishing.org\/author\/thesaurus\/OSAThes_home.cfm\" target=\"_blank\" rel=\"noopener noreferrer\">Optics and Photonics Topic (linkki aukeaa uuteen ikkunaan).<\/a><\/p>\n\n\n\n<h2 class=\"wp-block-heading\">Luokitushaut tietokannoissa<\/h2>\n\n\n\n<p>Esimerkki kansallisesta Finnasta:<\/p>\n\n\n\n<figure class=\"wp-block-image size-full is-resized\"><img loading=\"lazy\" decoding=\"async\" width=\"454\" height=\"508\" src=\"https:\/\/blogs.uef.fi\/tiedonhaku-fysiikka\/wp-content\/uploads\/sites\/49\/2022\/08\/FYS_luokituslinkki.png\" alt=\"Kuvakaappaus tietokannan viitteest\u00e4. N\u00e4kyvill\u00e4 tietueeseen tallennettuja kentti\u00e4. Luokitus-kent\u00e4ss\u00e4 lukee: udk 532\/533. Seliteteksti: Luokitustieto on linkki, jolla voi tehd\u00e4 suoran haun.\" class=\"wp-image-2235\" srcset=\"https:\/\/blogs.uef.fi\/tiedonhaku-fysiikka\/wp-content\/uploads\/sites\/49\/2022\/08\/FYS_luokituslinkki.png 454w, https:\/\/blogs.uef.fi\/tiedonhaku-fysiikka\/wp-content\/uploads\/sites\/49\/2022\/08\/FYS_luokituslinkki-268x300.png 268w\" sizes=\"auto, (max-width: 454px) 100vw, 454px\" \/><\/figure>\n\n\n\n<figure class=\"wp-block-image size-full is-resized\"><img loading=\"lazy\" decoding=\"async\" width=\"665\" height=\"374\" src=\"https:\/\/blogs.uef.fi\/tiedonhaku-fysiikka\/wp-content\/uploads\/sites\/49\/2022\/08\/FYS_luokitushaku.png\" alt=\"Kuvakaappaus Finnasta. Esill\u00e4 on tarkennettu haku. Hakuriville on kirjoitettu hakusanaksi: 532\/533. Hakurivin per\u00e4st\u00e4 on valittu kohde: Luokitus.\" class=\"wp-image-2238\" srcset=\"https:\/\/blogs.uef.fi\/tiedonhaku-fysiikka\/wp-content\/uploads\/sites\/49\/2022\/08\/FYS_luokitushaku.png 665w, https:\/\/blogs.uef.fi\/tiedonhaku-fysiikka\/wp-content\/uploads\/sites\/49\/2022\/08\/FYS_luokitushaku-300x169.png 300w\" sizes=\"auto, (max-width: 665px) 100vw, 665px\" \/><\/figure>\n\n\n\n<p class=\"has-text-align-right\">Seuraava sivu: <a href=\"https:\/\/blogs.uef.fi\/tiedonhaku-fysiikka\/yhdistaminen\/\">Hakusanojen yhdist\u00e4minen<\/a><\/p>\n","protected":false},"excerpt":{"rendered":"<p>Julkaisun sis\u00e4lt\u00f6\u00e4 voidaan kuvata paitsi sanallisesti, my\u00f6s erilaisin luokituskoodein. T\u00e4st\u00e4 seuraa, ett\u00e4 hakusana voi olla my\u00f6s koodi. Luokituksen idea on, ett\u00e4 kuvailtavat ilmi\u00f6t on j\u00e4rjestetty hierarkioiksi. Ylemm\u00e4n tason ilmi\u00f6t kattavat halutun alueen kokonaisuudessa ja kunkin aiheen alle luodaan oma, aina vain tarkempiin aiheisiin menev\u00e4 alaluokitus. Kukin aihe ilmaistaan koodilla, jossa voi olla numeroita tai kirjaimia [&hellip;]<\/p>\n","protected":false},"author":127,"featured_media":0,"parent":12,"menu_order":7,"comment_status":"closed","ping_status":"open","template":"","meta":{"_acf_changed":false,"footnotes":""},"class_list":["post-140","page","type-page","status-publish","hentry"],"acf":[],"yoast_head":"<!-- This site is optimized with the Yoast SEO plugin v27.3 - https:\/\/yoast.com\/product\/yoast-seo-wordpress\/ -->\n<title>Luokitukset - Fysiikan ja tekniikan tiedonhaku<\/title>\n<meta name=\"robots\" content=\"index, follow, max-snippet:-1, max-image-preview:large, max-video-preview:-1\" \/>\n<link rel=\"canonical\" href=\"https:\/\/blogs.uef.fi\/tiedonhaku-fysiikka\/hakusanat\/luokitukset\/\" \/>\n<meta property=\"og:locale\" content=\"fi_FI\" \/>\n<meta property=\"og:type\" content=\"article\" \/>\n<meta property=\"og:title\" content=\"Luokitukset - Fysiikan ja tekniikan tiedonhaku\" \/>\n<meta property=\"og:description\" content=\"Julkaisun sis\u00e4lt\u00f6\u00e4 voidaan kuvata paitsi sanallisesti, my\u00f6s erilaisin luokituskoodein. T\u00e4st\u00e4 seuraa, ett\u00e4 hakusana voi olla my\u00f6s koodi. Luokituksen idea on, ett\u00e4 kuvailtavat ilmi\u00f6t on j\u00e4rjestetty hierarkioiksi. Ylemm\u00e4n tason ilmi\u00f6t kattavat halutun alueen kokonaisuudessa ja kunkin aiheen alle luodaan oma, aina vain tarkempiin aiheisiin menev\u00e4 alaluokitus. Kukin aihe ilmaistaan koodilla, jossa voi olla numeroita tai kirjaimia [&hellip;]\" \/>\n<meta property=\"og:url\" content=\"https:\/\/blogs.uef.fi\/tiedonhaku-fysiikka\/hakusanat\/luokitukset\/\" \/>\n<meta property=\"og:site_name\" content=\"Fysiikan ja tekniikan tiedonhaku\" \/>\n<meta property=\"article:modified_time\" content=\"2024-02-22T06:53:23+00:00\" \/>\n<meta property=\"og:image\" content=\"https:\/\/blogs.uef.fi\/tiedonhaku-fysiikka\/wp-content\/uploads\/sites\/49\/2015\/08\/udk.png\" \/>\n<meta name=\"twitter:card\" content=\"summary_large_image\" \/>\n<meta name=\"twitter:label1\" content=\"Arvioitu lukuaika\" \/>\n\t<meta name=\"twitter:data1\" content=\"3 minuuttia\" \/>\n<script type=\"application\/ld+json\" class=\"yoast-schema-graph\">{\"@context\":\"https:\\\/\\\/schema.org\",\"@graph\":[{\"@type\":\"WebPage\",\"@id\":\"https:\\\/\\\/blogs.uef.fi\\\/tiedonhaku-fysiikka\\\/hakusanat\\\/luokitukset\\\/\",\"url\":\"https:\\\/\\\/blogs.uef.fi\\\/tiedonhaku-fysiikka\\\/hakusanat\\\/luokitukset\\\/\",\"name\":\"Luokitukset - Fysiikan ja tekniikan tiedonhaku\",\"isPartOf\":{\"@id\":\"https:\\\/\\\/blogs.uef.fi\\\/tiedonhaku-fysiikka\\\/#website\"},\"primaryImageOfPage\":{\"@id\":\"https:\\\/\\\/blogs.uef.fi\\\/tiedonhaku-fysiikka\\\/hakusanat\\\/luokitukset\\\/#primaryimage\"},\"image\":{\"@id\":\"https:\\\/\\\/blogs.uef.fi\\\/tiedonhaku-fysiikka\\\/hakusanat\\\/luokitukset\\\/#primaryimage\"},\"thumbnailUrl\":\"https:\\\/\\\/blogs.uef.fi\\\/tiedonhaku-fysiikka\\\/wp-content\\\/uploads\\\/sites\\\/49\\\/2015\\\/08\\\/udk.png\",\"datePublished\":\"2015-08-03T12:23:06+00:00\",\"dateModified\":\"2024-02-22T06:53:23+00:00\",\"breadcrumb\":{\"@id\":\"https:\\\/\\\/blogs.uef.fi\\\/tiedonhaku-fysiikka\\\/hakusanat\\\/luokitukset\\\/#breadcrumb\"},\"inLanguage\":\"fi\",\"potentialAction\":[{\"@type\":\"ReadAction\",\"target\":[\"https:\\\/\\\/blogs.uef.fi\\\/tiedonhaku-fysiikka\\\/hakusanat\\\/luokitukset\\\/\"]}]},{\"@type\":\"ImageObject\",\"inLanguage\":\"fi\",\"@id\":\"https:\\\/\\\/blogs.uef.fi\\\/tiedonhaku-fysiikka\\\/hakusanat\\\/luokitukset\\\/#primaryimage\",\"url\":\"https:\\\/\\\/blogs.uef.fi\\\/tiedonhaku-fysiikka\\\/wp-content\\\/uploads\\\/sites\\\/49\\\/2015\\\/08\\\/udk.png\",\"contentUrl\":\"https:\\\/\\\/blogs.uef.fi\\\/tiedonhaku-fysiikka\\\/wp-content\\\/uploads\\\/sites\\\/49\\\/2015\\\/08\\\/udk.png\",\"width\":773,\"height\":212,\"caption\":\"Fysiikan udk-lukuja\"},{\"@type\":\"BreadcrumbList\",\"@id\":\"https:\\\/\\\/blogs.uef.fi\\\/tiedonhaku-fysiikka\\\/hakusanat\\\/luokitukset\\\/#breadcrumb\",\"itemListElement\":[{\"@type\":\"ListItem\",\"position\":1,\"name\":\"Home\",\"item\":\"https:\\\/\\\/blogs.uef.fi\\\/tiedonhaku-fysiikka\\\/\"},{\"@type\":\"ListItem\",\"position\":2,\"name\":\"Hakusanat\",\"item\":\"https:\\\/\\\/blogs.uef.fi\\\/tiedonhaku-fysiikka\\\/hakusanat\\\/\"},{\"@type\":\"ListItem\",\"position\":3,\"name\":\"Luokitukset\"}]},{\"@type\":\"WebSite\",\"@id\":\"https:\\\/\\\/blogs.uef.fi\\\/tiedonhaku-fysiikka\\\/#website\",\"url\":\"https:\\\/\\\/blogs.uef.fi\\\/tiedonhaku-fysiikka\\\/\",\"name\":\"Fysiikan ja tekniikan tiedonhaku\",\"description\":\"\",\"potentialAction\":[{\"@type\":\"SearchAction\",\"target\":{\"@type\":\"EntryPoint\",\"urlTemplate\":\"https:\\\/\\\/blogs.uef.fi\\\/tiedonhaku-fysiikka\\\/?s={search_term_string}\"},\"query-input\":{\"@type\":\"PropertyValueSpecification\",\"valueRequired\":true,\"valueName\":\"search_term_string\"}}],\"inLanguage\":\"fi\"}]}<\/script>\n<!-- \/ Yoast SEO plugin. -->","yoast_head_json":{"title":"Luokitukset - Fysiikan ja tekniikan tiedonhaku","robots":{"index":"index","follow":"follow","max-snippet":"max-snippet:-1","max-image-preview":"max-image-preview:large","max-video-preview":"max-video-preview:-1"},"canonical":"https:\/\/blogs.uef.fi\/tiedonhaku-fysiikka\/hakusanat\/luokitukset\/","og_locale":"fi_FI","og_type":"article","og_title":"Luokitukset - Fysiikan ja tekniikan tiedonhaku","og_description":"Julkaisun sis\u00e4lt\u00f6\u00e4 voidaan kuvata paitsi sanallisesti, my\u00f6s erilaisin luokituskoodein. T\u00e4st\u00e4 seuraa, ett\u00e4 hakusana voi olla my\u00f6s koodi. Luokituksen idea on, ett\u00e4 kuvailtavat ilmi\u00f6t on j\u00e4rjestetty hierarkioiksi. Ylemm\u00e4n tason ilmi\u00f6t kattavat halutun alueen kokonaisuudessa ja kunkin aiheen alle luodaan oma, aina vain tarkempiin aiheisiin menev\u00e4 alaluokitus. Kukin aihe ilmaistaan koodilla, jossa voi olla numeroita tai kirjaimia [&hellip;]","og_url":"https:\/\/blogs.uef.fi\/tiedonhaku-fysiikka\/hakusanat\/luokitukset\/","og_site_name":"Fysiikan ja tekniikan tiedonhaku","article_modified_time":"2024-02-22T06:53:23+00:00","og_image":[{"url":"https:\/\/blogs.uef.fi\/tiedonhaku-fysiikka\/wp-content\/uploads\/sites\/49\/2015\/08\/udk.png","type":"","width":"","height":""}],"twitter_card":"summary_large_image","twitter_misc":{"Arvioitu lukuaika":"3 minuuttia"},"schema":{"@context":"https:\/\/schema.org","@graph":[{"@type":"WebPage","@id":"https:\/\/blogs.uef.fi\/tiedonhaku-fysiikka\/hakusanat\/luokitukset\/","url":"https:\/\/blogs.uef.fi\/tiedonhaku-fysiikka\/hakusanat\/luokitukset\/","name":"Luokitukset - Fysiikan ja tekniikan tiedonhaku","isPartOf":{"@id":"https:\/\/blogs.uef.fi\/tiedonhaku-fysiikka\/#website"},"primaryImageOfPage":{"@id":"https:\/\/blogs.uef.fi\/tiedonhaku-fysiikka\/hakusanat\/luokitukset\/#primaryimage"},"image":{"@id":"https:\/\/blogs.uef.fi\/tiedonhaku-fysiikka\/hakusanat\/luokitukset\/#primaryimage"},"thumbnailUrl":"https:\/\/blogs.uef.fi\/tiedonhaku-fysiikka\/wp-content\/uploads\/sites\/49\/2015\/08\/udk.png","datePublished":"2015-08-03T12:23:06+00:00","dateModified":"2024-02-22T06:53:23+00:00","breadcrumb":{"@id":"https:\/\/blogs.uef.fi\/tiedonhaku-fysiikka\/hakusanat\/luokitukset\/#breadcrumb"},"inLanguage":"fi","potentialAction":[{"@type":"ReadAction","target":["https:\/\/blogs.uef.fi\/tiedonhaku-fysiikka\/hakusanat\/luokitukset\/"]}]},{"@type":"ImageObject","inLanguage":"fi","@id":"https:\/\/blogs.uef.fi\/tiedonhaku-fysiikka\/hakusanat\/luokitukset\/#primaryimage","url":"https:\/\/blogs.uef.fi\/tiedonhaku-fysiikka\/wp-content\/uploads\/sites\/49\/2015\/08\/udk.png","contentUrl":"https:\/\/blogs.uef.fi\/tiedonhaku-fysiikka\/wp-content\/uploads\/sites\/49\/2015\/08\/udk.png","width":773,"height":212,"caption":"Fysiikan udk-lukuja"},{"@type":"BreadcrumbList","@id":"https:\/\/blogs.uef.fi\/tiedonhaku-fysiikka\/hakusanat\/luokitukset\/#breadcrumb","itemListElement":[{"@type":"ListItem","position":1,"name":"Home","item":"https:\/\/blogs.uef.fi\/tiedonhaku-fysiikka\/"},{"@type":"ListItem","position":2,"name":"Hakusanat","item":"https:\/\/blogs.uef.fi\/tiedonhaku-fysiikka\/hakusanat\/"},{"@type":"ListItem","position":3,"name":"Luokitukset"}]},{"@type":"WebSite","@id":"https:\/\/blogs.uef.fi\/tiedonhaku-fysiikka\/#website","url":"https:\/\/blogs.uef.fi\/tiedonhaku-fysiikka\/","name":"Fysiikan ja tekniikan tiedonhaku","description":"","potentialAction":[{"@type":"SearchAction","target":{"@type":"EntryPoint","urlTemplate":"https:\/\/blogs.uef.fi\/tiedonhaku-fysiikka\/?s={search_term_string}"},"query-input":{"@type":"PropertyValueSpecification","valueRequired":true,"valueName":"search_term_string"}}],"inLanguage":"fi"}]}},"_links":{"self":[{"href":"https:\/\/blogs.uef.fi\/tiedonhaku-fysiikka\/wp-json\/wp\/v2\/pages\/140","targetHints":{"allow":["GET"]}}],"collection":[{"href":"https:\/\/blogs.uef.fi\/tiedonhaku-fysiikka\/wp-json\/wp\/v2\/pages"}],"about":[{"href":"https:\/\/blogs.uef.fi\/tiedonhaku-fysiikka\/wp-json\/wp\/v2\/types\/page"}],"author":[{"embeddable":true,"href":"https:\/\/blogs.uef.fi\/tiedonhaku-fysiikka\/wp-json\/wp\/v2\/users\/127"}],"replies":[{"embeddable":true,"href":"https:\/\/blogs.uef.fi\/tiedonhaku-fysiikka\/wp-json\/wp\/v2\/comments?post=140"}],"version-history":[{"count":2,"href":"https:\/\/blogs.uef.fi\/tiedonhaku-fysiikka\/wp-json\/wp\/v2\/pages\/140\/revisions"}],"predecessor-version":[{"id":4150,"href":"https:\/\/blogs.uef.fi\/tiedonhaku-fysiikka\/wp-json\/wp\/v2\/pages\/140\/revisions\/4150"}],"up":[{"embeddable":true,"href":"https:\/\/blogs.uef.fi\/tiedonhaku-fysiikka\/wp-json\/wp\/v2\/pages\/12"}],"wp:attachment":[{"href":"https:\/\/blogs.uef.fi\/tiedonhaku-fysiikka\/wp-json\/wp\/v2\/media?parent=140"}],"curies":[{"name":"wp","href":"https:\/\/api.w.org\/{rel}","templated":true}]}}