{"id":127,"date":"2015-08-03T07:11:55","date_gmt":"2015-08-03T07:11:55","guid":{"rendered":"https:\/\/ueflibraryfys.wordpress.com\/?page_id=127"},"modified":"2024-09-16T08:51:39","modified_gmt":"2024-09-16T05:51:39","slug":"asiasanat","status":"publish","type":"page","link":"https:\/\/blogs.uef.fi\/tiedonhaku-fysiikka\/hakusanat\/asiasanat\/","title":{"rendered":"Asiasanahaku"},"content":{"rendered":"\n<p style=\"font-size:17px\">Hakusanoina voi k\u00e4ytt\u00e4\u00e4 mit\u00e4 tahansa sanoja, jotka kuvaavat aihetta. Tietokantahauissa erityisen tehokkaita hakusanoja ovat ns. asiasanat.<\/p>\n\n\n\n<h2 class=\"wp-block-heading\">Asiasana kuvaa sis\u00e4lt\u00f6\u00e4<\/h2>\n\n\n\n<p>Asiasana on tehokas hakusanana, koska se:<\/p>\n\n\n\n<ul class=\"wp-block-list\">\n<li>tallennetaan tietueeseen kertomaan julkaisun sis\u00e4ll\u00f6st\u00e4 lyhyesti<\/li>\n\n\n\n<li>on aina samanmuotoinen<\/li>\n\n\n\n<li>kattaa useita vaihtoehtoisia, samaa tarkoittavia sanoja<\/li>\n<\/ul>\n\n\n\n<figure class=\"wp-block-image size-medium is-resized\"><img loading=\"lazy\" decoding=\"async\" width=\"300\" height=\"166\" src=\"https:\/\/blogs.uef.fi\/tiedonhaku-fysiikka\/wp-content\/uploads\/sites\/49\/2022\/08\/FYS_asiasana-300x166.png\" alt=\"Teksti\u00e4: sanat kuivatus, kuivaaminen, kuivaus viittaavat kaikki sanaan kuivaus.\" class=\"wp-image-2208\" srcset=\"https:\/\/blogs.uef.fi\/tiedonhaku-fysiikka\/wp-content\/uploads\/sites\/49\/2022\/08\/FYS_asiasana-300x166.png 300w, https:\/\/blogs.uef.fi\/tiedonhaku-fysiikka\/wp-content\/uploads\/sites\/49\/2022\/08\/FYS_asiasana.png 691w\" sizes=\"auto, (max-width: 300px) 100vw, 300px\" \/><figcaption class=\"wp-element-caption\"><em>Yksi asiasana, kuivaus, kattaa useamman sanavaihtoehdon.<\/em><\/figcaption><\/figure>\n\n\n\n<h2 class=\"wp-block-heading\">Asiasanat kerrotaan asiasanastoissa<\/h2>\n\n\n\n<p>Asiasanat m\u00e4\u00e4ritell\u00e4\u00e4n erityisiss\u00e4 hakemistoissa, joita kutsutaan <strong>asiasanastoiksi eli tesauruksiksi<\/strong>. Asiasanasto paitsi listaa sanoja, my\u00f6s kuvaa termien v\u00e4lisi\u00e4 suhteita: <em>assosiatiiviset k\u00e4sitteet<\/em> (related), <em>yl\u00e4k\u00e4sitteet <\/em>(broader) ja <em>alak\u00e4sitteet<\/em> (narrower). <strong> <\/strong><\/p>\n\n\n\n<p><strong>Eri tietokannoissa erilainen asiasanapolitiikka<\/strong>. Esimerkiksi IEEE-tietokannassa k\u00e4ytet\u00e4\u00e4n omia IEEE termej\u00e4 sek\u00e4 INSCPEC-sanaston termej\u00e4. Sen sijaan Web of Science \u2013tietokannassa ei ole k\u00e4yt\u00f6ss\u00e4 mit\u00e4\u00e4n m\u00e4\u00e4ritelty\u00e4 sanastoa. Siksi sama sana ei toimi eri tietokannoissa samalla tavalla.<\/p>\n\n\n\n<h3 class=\"wp-block-heading\">Fysiikan alan omat asiasanastot<\/h3>\n\n\n\n<ul class=\"wp-block-list\">\n<li><a href=\"https:\/\/physh.aps.org\/\" target=\"_blank\" rel=\"noreferrer noopener\">PhySH Physics subject headings (linkki aukeaa uuteen ikkunaan)<\/a> \/ AIP American Institute of Physics<\/li>\n<\/ul>\n\n\n\n<ul class=\"wp-block-list\">\n<li><a href=\"https:\/\/www.osapublishing.org\/author\/thesaurus\/OSAThes_home.cfm\" target=\"_blank\" rel=\"noreferrer noopener\">OSA Optics and Photonics Topics (linkki aukeaa uuteen ikkunaan)<\/a> \/ OSA Publishing, The Optical Society<\/li>\n<\/ul>\n\n\n\n<p>N\u00e4it\u00e4 k\u00e4ytet\u00e4\u00e4n yksitt\u00e4isiss\u00e4 lehdiss\u00e4 ja niist\u00e4 koostuvissa lehtitietokannoissa (esim. Scitation ja Optics IB).<\/p>\n\n\n\n<h3 class=\"wp-block-heading\">Yleinen suomalainen ontologia YSO<\/h3>\n\n\n\n<p><a href=\"https:\/\/finto.fi\/yso\/fi\/\" target=\"_blank\" rel=\"noreferrer noopener\">Yleinen Suomalainen Ontologia (YSO), linkki aukeaa uuteen ikkunaan<\/a> on Suomessa k\u00e4ytett\u00e4v\u00e4 asiasanasto. YSOa k\u00e4ytet\u00e4\u00e4n sek\u00e4 UEF-Primon tietueissa ett\u00e4 kansallisessa Finnassa.<\/p>\n\n\n\n<p>YSO kattaa kaikkien tieteen- ja tiedonalojen keskeisimm\u00e4n terminologian. Fysiikan ja muiden luonnontieteiden sek\u00e4 tekniikan termien kattavuus on kuitenkin ohuempi kuin muilla aloilla.<\/p>\n\n\n\n<figure class=\"wp-block-image size-full\"><img loading=\"lazy\" decoding=\"async\" width=\"1029\" height=\"463\" src=\"https:\/\/blogs.uef.fi\/tiedonhaku-fysiikka\/wp-content\/uploads\/sites\/49\/2019\/06\/FYSyso.jpg\" alt=\"Kuvakaappaus YSOsta. Oikealla ylh\u00e4\u00e4ll\u00e4 on hakuruutu. Sivun vasen laita esitt\u00e4\u00e4 sanan paikan k\u00e4sitehierarkiassa. Sivun oikea laita kertoo tiedot haetusta termist\u00e4, joka kuvassa on dynamiikka.\" class=\"wp-image-1311\" srcset=\"https:\/\/blogs.uef.fi\/tiedonhaku-fysiikka\/wp-content\/uploads\/sites\/49\/2019\/06\/FYSyso.jpg 1029w, https:\/\/blogs.uef.fi\/tiedonhaku-fysiikka\/wp-content\/uploads\/sites\/49\/2019\/06\/FYSyso-300x135.jpg 300w, https:\/\/blogs.uef.fi\/tiedonhaku-fysiikka\/wp-content\/uploads\/sites\/49\/2019\/06\/FYSyso-768x346.jpg 768w, https:\/\/blogs.uef.fi\/tiedonhaku-fysiikka\/wp-content\/uploads\/sites\/49\/2019\/06\/FYSyso-1024x461.jpg 1024w, https:\/\/blogs.uef.fi\/tiedonhaku-fysiikka\/wp-content\/uploads\/sites\/49\/2019\/06\/FYSyso-845x380.jpg 845w\" sizes=\"auto, (max-width: 1029px) 100vw, 1029px\" \/><figcaption class=\"wp-element-caption\"><em>YSOsta voit hakea yksitt\u00e4ist\u00e4 termi\u00e4. Sanoille saa my\u00f6s ruotsin- ja englanninkielisen vastineen.<\/em><\/figcaption><\/figure>\n\n\n\n<p><strong>K\u00c4YTETT\u00c4V\u00c4 TERMI<\/strong> kertoo sanaston hyv\u00e4ksym\u00e4n asiasanan tietylle k\u00e4sitteelle. <strong>OHJAUSTERMIT<\/strong> (kuvassa kinetiikka) kertovat, mik\u00e4 sanan sijasta asiasanaa k\u00e4ytet\u00e4\u00e4n. Ohjaustermi\u00e4 ei siis voi tallentaa tietokantaan asiasanaksi (aihe), mutta sit\u00e4 voi hyvin k\u00e4ytt\u00e4\u00e4 vapaasanahaussa.<\/p>\n\n\n\n<p><strong>Fysiikkaan liittyvi\u00e4 sanoja<\/strong> voi selata klikkaamalla YSO:n etusivulla (vasen palsta) ensin linkki\u00e4 \u2019Ryhm\u00e4t\u2019 ja sitten kohtaa \u201c07 Fysiikka\u201d. <strong>Tekniikan aloille<\/strong> on useita ryhmi\u00e4.<\/p>\n\n\n\n<h2 class=\"wp-block-heading\">Asiasanastot auttavat hakusanojen valinnassa<\/h2>\n\n\n\n<p>Asiasanastoista:<\/p>\n\n\n\n<ul class=\"wp-block-list\">\n<li>etsit\u00e4\u00e4n <strong>oikeat hakusanat<\/strong> asiasanahakua varten<\/li>\n\n\n\n<li>haetaan <strong>vinkkej\u00e4<\/strong> hakusanoiksi ylip\u00e4\u00e4t\u00e4\u00e4n; my\u00f6s rinnakkaiset ja yl\u00e4- ja alak\u00e4sitteet voivat olla hy\u00f6dyllisi\u00e4<\/li>\n<\/ul>\n\n\n\n<p>Vaikka ei k\u00e4ytt\u00e4isik\u00e4\u00e4n varsinaista asiasanastoa apuna, kannattaa silti seurata tietokannoissa asiasanakentt\u00e4\u00e4. Sielt\u00e4 n\u00e4et helposti hyvi\u00e4 hakusanoja, joita voit k\u00e4ytt\u00e4\u00e4 haussasi.<\/p>\n\n\n\n<figure class=\"wp-block-image size-full\"><img loading=\"lazy\" decoding=\"async\" width=\"523\" height=\"108\" src=\"https:\/\/blogs.uef.fi\/tiedonhaku-fysiikka\/wp-content\/uploads\/sites\/49\/2021\/08\/FYSaiheeteng.png\" alt=\"Kuvakaappaus kirjan asiasanoista eli aiheista. Sanat ovat: climatology, climatic changes (korostettuna), global warming ja greenhouse effect, atmospheric.\" class=\"wp-image-1823\" srcset=\"https:\/\/blogs.uef.fi\/tiedonhaku-fysiikka\/wp-content\/uploads\/sites\/49\/2021\/08\/FYSaiheeteng.png 523w, https:\/\/blogs.uef.fi\/tiedonhaku-fysiikka\/wp-content\/uploads\/sites\/49\/2021\/08\/FYSaiheeteng-300x62.png 300w\" sizes=\"auto, (max-width: 523px) 100vw, 523px\" \/><figcaption class=\"wp-element-caption\"><em>Esimerkiksi \u201dclimate change\u201d -termille l\u00f6ytyy asiasanavastine \u201dclimatic changes\u201d UEF-Primossa.<\/em><\/figcaption><\/figure>\n\n\n\n<h3 class=\"wp-block-heading\">Ent\u00e4 jos omalle aiheelle ei l\u00f6ydy sanastosta asiasanaa?<\/h3>\n\n\n\n<p>T\u00e4m\u00e4 on hyvin tavallista, varsinkin hyvin tarkkojen tai uusien termien kohdalla. Mill\u00e4 tahansa sanalla voi hakea sanahakuna\/vapaasanahakuna.<\/p>\n\n\n\n<p><strong>Vapaasanahaku<\/strong> hakee sanaa kaikkialta julkaisujen tiedoista: tekij\u00e4n ja julkaisun nimest\u00e4, tiivistelm\u00e4st\u00e4, asiasanoista, kustantajan nimest\u00e4 jne. Voit k\u00e4ytt\u00e4\u00e4 hakusanoina mit\u00e4 tahansa luonnollisen kielen sanoja tai fraaseja. My\u00f6skin \u201dvirallisia\u201d asiasanoja voi k\u00e4ytt\u00e4\u00e4 vapaasanahaussa.<\/p>\n\n\n\n<figure class=\"wp-block-image size-full alignnone wp-image-1409\"><img loading=\"lazy\" decoding=\"async\" width=\"787\" height=\"524\" src=\"https:\/\/blogs.uef.fi\/tiedonhaku-fysiikka\/wp-content\/uploads\/sites\/49\/2020\/09\/FYS_UP_aiheet.jpg\" alt=\"Kuvakaappaus kirjan tiedoista UEF-Primossa. Otsikon sanat kertovat kirjan sis\u00e4ll\u00f6st\u00e4 ja l\u00f6ytyv\u00e4t vapaasanahaulla. Sis\u00e4llysluettelon sanat kertovat sis\u00e4ll\u00f6st\u00e4 ja l\u00f6ytyv\u00e4t vapaasanahaulla. Aiheet tarkoittavat asiasanastojen mukaisia, sis\u00e4lt\u00f6\u00e4 kuvaavia sanoja. Niit\u00e4 voi k\u00e4ytt\u00e4\u00e4 aihehaussa sek\u00e4 vapaasananhaussa.\" class=\"wp-image-1409\" style=\"object-fit:cover\" srcset=\"https:\/\/blogs.uef.fi\/tiedonhaku-fysiikka\/wp-content\/uploads\/sites\/49\/2020\/09\/FYS_UP_aiheet.jpg 787w, https:\/\/blogs.uef.fi\/tiedonhaku-fysiikka\/wp-content\/uploads\/sites\/49\/2020\/09\/FYS_UP_aiheet-300x200.jpg 300w, https:\/\/blogs.uef.fi\/tiedonhaku-fysiikka\/wp-content\/uploads\/sites\/49\/2020\/09\/FYS_UP_aiheet-768x511.jpg 768w\" sizes=\"auto, (max-width: 787px) 100vw, 787px\" \/><figcaption class=\"wp-element-caption\"><em>Tietue UEF-Primosta.<\/em><\/figcaption><\/figure>\n\n\n\n<h2 class=\"wp-block-heading\">Asiasanojen k\u00e4ytt\u00f6 tiedonhaussa<\/h2>\n\n\n\n<p>Asiasanoja voi k\u00e4ytt\u00e4\u00e4 kuten tavallisia hakusanoja. Halutessasi voit tehd\u00e4 erityist\u00e4 <strong>asiasanahakua, jossa hakusanoja haetaan vain tietyist\u00e4 tietueen kentist\u00e4.<\/strong><\/p>\n\n\n\n<div class=\"links-block\">\n\n    \n    <ul class=\"link-list\">\n        \n            \n            <li class=\"link-list-item\">\n                <a href=\"https:\/\/uef.cloud.panopto.eu\/Panopto\/Pages\/Viewer.aspx?id=1f1cbb65-f30c-447a-9ef6-b03d00992994\" class=\"link-reset link hover-scale-down\">\n                    <svg\n        width=\"43\" height=\"25\"\n        viewBox=\"0 0 43 25\"\n        xmlns=\"http:\/\/www.w3.org\/2000\/svg\">\n    <path\n        d=\"M30.027 0 43 12.5 30.027 25 27 22.083 34.351 15H0v-5h34.351L27 2.917z\"\n        fill=\"currentColor\"\n        fill-rule=\"evenodd\"\/>\n<\/svg>                    <div>Katso video asiasanoilla hakemisesta: Asiasanat (3:36)<\/div>\n                <\/a>\n                <div class=\"link-info\">\n                                    <\/div>\n            <\/li>\n\n                <\/ul>\n<\/div>\n\n\n<p>Jos rajaat hakusi kohdistumaan asiasanakentt\u00e4\u00e4n, et voi k\u00e4ytt\u00e4\u00e4 mit\u00e4 tahansa luonnollisen kielen sanaa (tai ainakaan et niill\u00e4 v\u00e4ltt\u00e4m\u00e4tt\u00e4 saa tulosta). <strong>Asiasanahakuun sopivat parhaiten siis sanaston sanat.<\/strong><\/p>\n\n\n\n<p><strong>Tietokannoissa on oletushakuna vapaasanahaku ja asiasanahaku pit\u00e4\u00e4 valita erikseen. <\/strong>Asiasanakent\u00e4n voi useimmiten valita ns. tarkennetun haun kautta. Eri tietokannoissa asiasanakent\u00e4lle on erilaisia nimityksi\u00e4. UEF-Primossa asiasanoja haetaan Aihe-kent\u00e4n avulla . Kansainv\u00e4lisiss\u00e4 tietokannoissa asiasanan nimitys voi olla esimerkiksi Subject, Keyword, Topic tai Index term.<\/p>\n\n\n\n<figure class=\"wp-block-image size-full alignnone wp-image-1805\"><img loading=\"lazy\" decoding=\"async\" width=\"988\" height=\"606\" src=\"https:\/\/blogs.uef.fi\/tiedonhaku-fysiikka\/wp-content\/uploads\/sites\/49\/2021\/08\/MET_index_search.png\" alt=\"Kuvakappaus IEEE-tietokannan hakusivusta. Esill\u00e4 on Advanced hakulomake. Hakurivill\u00e4 lukee \u201dbiological neural networks\u201d. Haun kohteeksi on valittu hakurivin oikealta puolen alasvetovalikosta Index Terms.\" class=\"wp-image-1805\" style=\"object-fit:cover\" srcset=\"https:\/\/blogs.uef.fi\/tiedonhaku-fysiikka\/wp-content\/uploads\/sites\/49\/2021\/08\/MET_index_search.png 988w, https:\/\/blogs.uef.fi\/tiedonhaku-fysiikka\/wp-content\/uploads\/sites\/49\/2021\/08\/MET_index_search-300x184.png 300w, https:\/\/blogs.uef.fi\/tiedonhaku-fysiikka\/wp-content\/uploads\/sites\/49\/2021\/08\/MET_index_search-768x471.png 768w\" sizes=\"auto, (max-width: 988px) 100vw, 988px\" \/><figcaption class=\"wp-element-caption\"><em>IEEE xplore -tietokannassa asiasanakent\u00e4n nimi on Index Terms.<\/em><\/figcaption><\/figure>\n\n\n\n<p><\/p>\n\n\n\n<h3 class=\"wp-block-heading\">Milloin asiasanahakua kannattaa k\u00e4ytt\u00e4\u00e4?<\/h3>\n\n\n\n<p>Rajaus asiasanaan \/ asiasanahaku <strong>kohdentaa hakua, parantaa usein relevanssia ja aiheen osuvuutta, mutta pienent\u00e4\u00e4 hakutulosta<\/strong>. Asiasanahaku toimii hyvin silloin, kun <strong>aihe on laaja-alainen tai hankalasti m\u00e4\u00e4ritelt\u00e4v\u00e4.<\/strong><\/p>\n\n\n\n<p>Vapaasanahaku toimii hyvin silloin, kun haettava aihe on <strong>yksityiskohtainen ja tarkasti rajattu<\/strong>, tai kun k\u00e4sitteist\u00f6 ja sanasto kyseisell\u00e4 alalla on <strong>vakiintunutta<\/strong>.<\/p>\n\n\n\n<p>Jos k\u00e4ytet\u00e4\u00e4n samaa hakusanaa sek\u00e4 sanahaussa ett\u00e4 asiasanahaussa, <strong>sanahaku l\u00f6yt\u00e4\u00e4 enemm\u00e4n tuloksia. Asiasanahaun <\/strong>tulokset puolestaan ovat<strong> aiheemukaisia.<\/strong><\/p>\n\n\n\n<ul class=\"wp-block-list has-white-background-color has-background\">\n<li>vapaasanahaku: <em>aerodynamics<\/em>, 184 tulosta UEF-Primossa (7.9.2020)<\/li>\n\n\n\n<li>asiasana- eli aihehaku: <em>aerodynamics<\/em>, 122 tulosta UEF-Primossa<\/li>\n<\/ul>\n\n\n\n<p>Tulosten m\u00e4\u00e4r\u00e4 riippuu paljon sanavalinnasta: asiasana voi hyvinkin antaa enemm\u00e4n tuloksia kuin jokin toinen, samaan asiaan liittyv\u00e4 muu hakusana.<\/p>\n\n\n\n<ul class=\"wp-block-list\">\n<li>vapaasanahaku: <em>\u201dhiilen kiertokulku\u201d<\/em> , 29 tulosta UEF-Primosta (4.4.2022)<\/li>\n\n\n\n<li>asiasana- eli aihehaku: <em>\u201dhiilen kierto\u201d<\/em> , 58 tulosta UEF-Primosta (4.4.2022)<\/li>\n<\/ul>\n\n\n\n<p class=\"has-text-align-right\">Seuraava sivu: <a href=\"https:\/\/blogs.uef.fi\/tiedonhaku-fysiikka\/hakulauseet\/yhdistaminen\/\">Hakusanojen yhdist\u00e4minen<\/a>.<\/p>\n","protected":false},"excerpt":{"rendered":"<p>Hakusanoina voi k\u00e4ytt\u00e4\u00e4 mit\u00e4 tahansa sanoja, jotka kuvaavat aihetta. Tietokantahauissa erityisen tehokkaita hakusanoja ovat ns. asiasanat. Asiasana kuvaa sis\u00e4lt\u00f6\u00e4 Asiasana on tehokas hakusanana, koska se: Asiasanat kerrotaan asiasanastoissa Asiasanat m\u00e4\u00e4ritell\u00e4\u00e4n erityisiss\u00e4 hakemistoissa, joita kutsutaan asiasanastoiksi eli tesauruksiksi. Asiasanasto paitsi listaa sanoja, my\u00f6s kuvaa termien v\u00e4lisi\u00e4 suhteita: assosiatiiviset k\u00e4sitteet (related), yl\u00e4k\u00e4sitteet (broader) ja alak\u00e4sitteet (narrower). Eri [&hellip;]<\/p>\n","protected":false},"author":127,"featured_media":0,"parent":12,"menu_order":5,"comment_status":"closed","ping_status":"closed","template":"","meta":{"_acf_changed":false,"footnotes":""},"class_list":["post-127","page","type-page","status-publish","hentry"],"acf":[],"yoast_head":"<!-- This site is optimized with the Yoast SEO plugin v27.1.1 - https:\/\/yoast.com\/product\/yoast-seo-wordpress\/ -->\n<title>Asiasanahaku - Fysiikan ja tekniikan tiedonhaku<\/title>\n<meta name=\"robots\" content=\"index, follow, max-snippet:-1, max-image-preview:large, max-video-preview:-1\" \/>\n<link rel=\"canonical\" href=\"https:\/\/blogs.uef.fi\/tiedonhaku-fysiikka\/hakusanat\/asiasanat\/\" \/>\n<meta property=\"og:locale\" content=\"fi_FI\" \/>\n<meta property=\"og:type\" content=\"article\" \/>\n<meta property=\"og:title\" content=\"Asiasanahaku - Fysiikan ja tekniikan tiedonhaku\" \/>\n<meta property=\"og:description\" content=\"Hakusanoina voi k\u00e4ytt\u00e4\u00e4 mit\u00e4 tahansa sanoja, jotka kuvaavat aihetta. Tietokantahauissa erityisen tehokkaita hakusanoja ovat ns. asiasanat. Asiasana kuvaa sis\u00e4lt\u00f6\u00e4 Asiasana on tehokas hakusanana, koska se: Asiasanat kerrotaan asiasanastoissa Asiasanat m\u00e4\u00e4ritell\u00e4\u00e4n erityisiss\u00e4 hakemistoissa, joita kutsutaan asiasanastoiksi eli tesauruksiksi. Asiasanasto paitsi listaa sanoja, my\u00f6s kuvaa termien v\u00e4lisi\u00e4 suhteita: assosiatiiviset k\u00e4sitteet (related), yl\u00e4k\u00e4sitteet (broader) ja alak\u00e4sitteet (narrower). Eri [&hellip;]\" \/>\n<meta property=\"og:url\" content=\"https:\/\/blogs.uef.fi\/tiedonhaku-fysiikka\/hakusanat\/asiasanat\/\" \/>\n<meta property=\"og:site_name\" content=\"Fysiikan ja tekniikan tiedonhaku\" \/>\n<meta property=\"article:modified_time\" content=\"2024-09-16T05:51:39+00:00\" \/>\n<meta property=\"og:image\" content=\"https:\/\/blogs.uef.fi\/tiedonhaku-fysiikka\/wp-content\/uploads\/sites\/49\/2022\/08\/FYS_asiasana-300x166.png\" \/>\n<meta name=\"twitter:card\" content=\"summary_large_image\" \/>\n<meta name=\"twitter:label1\" content=\"Arvioitu lukuaika\" \/>\n\t<meta name=\"twitter:data1\" content=\"5 minuuttia\" \/>\n<script type=\"application\/ld+json\" class=\"yoast-schema-graph\">{\"@context\":\"https:\/\/schema.org\",\"@graph\":[{\"@type\":\"WebPage\",\"@id\":\"https:\/\/blogs.uef.fi\/tiedonhaku-fysiikka\/hakusanat\/asiasanat\/\",\"url\":\"https:\/\/blogs.uef.fi\/tiedonhaku-fysiikka\/hakusanat\/asiasanat\/\",\"name\":\"Asiasanahaku - Fysiikan ja tekniikan tiedonhaku\",\"isPartOf\":{\"@id\":\"https:\/\/blogs.uef.fi\/tiedonhaku-fysiikka\/#website\"},\"primaryImageOfPage\":{\"@id\":\"https:\/\/blogs.uef.fi\/tiedonhaku-fysiikka\/hakusanat\/asiasanat\/#primaryimage\"},\"image\":{\"@id\":\"https:\/\/blogs.uef.fi\/tiedonhaku-fysiikka\/hakusanat\/asiasanat\/#primaryimage\"},\"thumbnailUrl\":\"https:\/\/blogs.uef.fi\/tiedonhaku-fysiikka\/wp-content\/uploads\/sites\/49\/2022\/08\/FYS_asiasana-300x166.png\",\"datePublished\":\"2015-08-03T07:11:55+00:00\",\"dateModified\":\"2024-09-16T05:51:39+00:00\",\"breadcrumb\":{\"@id\":\"https:\/\/blogs.uef.fi\/tiedonhaku-fysiikka\/hakusanat\/asiasanat\/#breadcrumb\"},\"inLanguage\":\"fi\",\"potentialAction\":[{\"@type\":\"ReadAction\",\"target\":[\"https:\/\/blogs.uef.fi\/tiedonhaku-fysiikka\/hakusanat\/asiasanat\/\"]}]},{\"@type\":\"ImageObject\",\"inLanguage\":\"fi\",\"@id\":\"https:\/\/blogs.uef.fi\/tiedonhaku-fysiikka\/hakusanat\/asiasanat\/#primaryimage\",\"url\":\"https:\/\/blogs.uef.fi\/tiedonhaku-fysiikka\/wp-content\/uploads\/sites\/49\/2022\/08\/FYS_asiasana.png\",\"contentUrl\":\"https:\/\/blogs.uef.fi\/tiedonhaku-fysiikka\/wp-content\/uploads\/sites\/49\/2022\/08\/FYS_asiasana.png\",\"width\":691,\"height\":382},{\"@type\":\"BreadcrumbList\",\"@id\":\"https:\/\/blogs.uef.fi\/tiedonhaku-fysiikka\/hakusanat\/asiasanat\/#breadcrumb\",\"itemListElement\":[{\"@type\":\"ListItem\",\"position\":1,\"name\":\"Home\",\"item\":\"https:\/\/blogs.uef.fi\/tiedonhaku-fysiikka\/\"},{\"@type\":\"ListItem\",\"position\":2,\"name\":\"Hakusanat\",\"item\":\"https:\/\/blogs.uef.fi\/tiedonhaku-fysiikka\/hakusanat\/\"},{\"@type\":\"ListItem\",\"position\":3,\"name\":\"Asiasanahaku\"}]},{\"@type\":\"WebSite\",\"@id\":\"https:\/\/blogs.uef.fi\/tiedonhaku-fysiikka\/#website\",\"url\":\"https:\/\/blogs.uef.fi\/tiedonhaku-fysiikka\/\",\"name\":\"Fysiikan ja tekniikan tiedonhaku\",\"description\":\"\",\"potentialAction\":[{\"@type\":\"SearchAction\",\"target\":{\"@type\":\"EntryPoint\",\"urlTemplate\":\"https:\/\/blogs.uef.fi\/tiedonhaku-fysiikka\/?s={search_term_string}\"},\"query-input\":{\"@type\":\"PropertyValueSpecification\",\"valueRequired\":true,\"valueName\":\"search_term_string\"}}],\"inLanguage\":\"fi\"}]}<\/script>\n<!-- \/ Yoast SEO plugin. -->","yoast_head_json":{"title":"Asiasanahaku - Fysiikan ja tekniikan tiedonhaku","robots":{"index":"index","follow":"follow","max-snippet":"max-snippet:-1","max-image-preview":"max-image-preview:large","max-video-preview":"max-video-preview:-1"},"canonical":"https:\/\/blogs.uef.fi\/tiedonhaku-fysiikka\/hakusanat\/asiasanat\/","og_locale":"fi_FI","og_type":"article","og_title":"Asiasanahaku - Fysiikan ja tekniikan tiedonhaku","og_description":"Hakusanoina voi k\u00e4ytt\u00e4\u00e4 mit\u00e4 tahansa sanoja, jotka kuvaavat aihetta. Tietokantahauissa erityisen tehokkaita hakusanoja ovat ns. asiasanat. Asiasana kuvaa sis\u00e4lt\u00f6\u00e4 Asiasana on tehokas hakusanana, koska se: Asiasanat kerrotaan asiasanastoissa Asiasanat m\u00e4\u00e4ritell\u00e4\u00e4n erityisiss\u00e4 hakemistoissa, joita kutsutaan asiasanastoiksi eli tesauruksiksi. Asiasanasto paitsi listaa sanoja, my\u00f6s kuvaa termien v\u00e4lisi\u00e4 suhteita: assosiatiiviset k\u00e4sitteet (related), yl\u00e4k\u00e4sitteet (broader) ja alak\u00e4sitteet (narrower). Eri [&hellip;]","og_url":"https:\/\/blogs.uef.fi\/tiedonhaku-fysiikka\/hakusanat\/asiasanat\/","og_site_name":"Fysiikan ja tekniikan tiedonhaku","article_modified_time":"2024-09-16T05:51:39+00:00","og_image":[{"url":"https:\/\/blogs.uef.fi\/tiedonhaku-fysiikka\/wp-content\/uploads\/sites\/49\/2022\/08\/FYS_asiasana-300x166.png","type":"","width":"","height":""}],"twitter_card":"summary_large_image","twitter_misc":{"Arvioitu lukuaika":"5 minuuttia"},"schema":{"@context":"https:\/\/schema.org","@graph":[{"@type":"WebPage","@id":"https:\/\/blogs.uef.fi\/tiedonhaku-fysiikka\/hakusanat\/asiasanat\/","url":"https:\/\/blogs.uef.fi\/tiedonhaku-fysiikka\/hakusanat\/asiasanat\/","name":"Asiasanahaku - Fysiikan ja tekniikan tiedonhaku","isPartOf":{"@id":"https:\/\/blogs.uef.fi\/tiedonhaku-fysiikka\/#website"},"primaryImageOfPage":{"@id":"https:\/\/blogs.uef.fi\/tiedonhaku-fysiikka\/hakusanat\/asiasanat\/#primaryimage"},"image":{"@id":"https:\/\/blogs.uef.fi\/tiedonhaku-fysiikka\/hakusanat\/asiasanat\/#primaryimage"},"thumbnailUrl":"https:\/\/blogs.uef.fi\/tiedonhaku-fysiikka\/wp-content\/uploads\/sites\/49\/2022\/08\/FYS_asiasana-300x166.png","datePublished":"2015-08-03T07:11:55+00:00","dateModified":"2024-09-16T05:51:39+00:00","breadcrumb":{"@id":"https:\/\/blogs.uef.fi\/tiedonhaku-fysiikka\/hakusanat\/asiasanat\/#breadcrumb"},"inLanguage":"fi","potentialAction":[{"@type":"ReadAction","target":["https:\/\/blogs.uef.fi\/tiedonhaku-fysiikka\/hakusanat\/asiasanat\/"]}]},{"@type":"ImageObject","inLanguage":"fi","@id":"https:\/\/blogs.uef.fi\/tiedonhaku-fysiikka\/hakusanat\/asiasanat\/#primaryimage","url":"https:\/\/blogs.uef.fi\/tiedonhaku-fysiikka\/wp-content\/uploads\/sites\/49\/2022\/08\/FYS_asiasana.png","contentUrl":"https:\/\/blogs.uef.fi\/tiedonhaku-fysiikka\/wp-content\/uploads\/sites\/49\/2022\/08\/FYS_asiasana.png","width":691,"height":382},{"@type":"BreadcrumbList","@id":"https:\/\/blogs.uef.fi\/tiedonhaku-fysiikka\/hakusanat\/asiasanat\/#breadcrumb","itemListElement":[{"@type":"ListItem","position":1,"name":"Home","item":"https:\/\/blogs.uef.fi\/tiedonhaku-fysiikka\/"},{"@type":"ListItem","position":2,"name":"Hakusanat","item":"https:\/\/blogs.uef.fi\/tiedonhaku-fysiikka\/hakusanat\/"},{"@type":"ListItem","position":3,"name":"Asiasanahaku"}]},{"@type":"WebSite","@id":"https:\/\/blogs.uef.fi\/tiedonhaku-fysiikka\/#website","url":"https:\/\/blogs.uef.fi\/tiedonhaku-fysiikka\/","name":"Fysiikan ja tekniikan tiedonhaku","description":"","potentialAction":[{"@type":"SearchAction","target":{"@type":"EntryPoint","urlTemplate":"https:\/\/blogs.uef.fi\/tiedonhaku-fysiikka\/?s={search_term_string}"},"query-input":{"@type":"PropertyValueSpecification","valueRequired":true,"valueName":"search_term_string"}}],"inLanguage":"fi"}]}},"_links":{"self":[{"href":"https:\/\/blogs.uef.fi\/tiedonhaku-fysiikka\/wp-json\/wp\/v2\/pages\/127","targetHints":{"allow":["GET"]}}],"collection":[{"href":"https:\/\/blogs.uef.fi\/tiedonhaku-fysiikka\/wp-json\/wp\/v2\/pages"}],"about":[{"href":"https:\/\/blogs.uef.fi\/tiedonhaku-fysiikka\/wp-json\/wp\/v2\/types\/page"}],"author":[{"embeddable":true,"href":"https:\/\/blogs.uef.fi\/tiedonhaku-fysiikka\/wp-json\/wp\/v2\/users\/127"}],"replies":[{"embeddable":true,"href":"https:\/\/blogs.uef.fi\/tiedonhaku-fysiikka\/wp-json\/wp\/v2\/comments?post=127"}],"version-history":[{"count":1,"href":"https:\/\/blogs.uef.fi\/tiedonhaku-fysiikka\/wp-json\/wp\/v2\/pages\/127\/revisions"}],"predecessor-version":[{"id":4435,"href":"https:\/\/blogs.uef.fi\/tiedonhaku-fysiikka\/wp-json\/wp\/v2\/pages\/127\/revisions\/4435"}],"up":[{"embeddable":true,"href":"https:\/\/blogs.uef.fi\/tiedonhaku-fysiikka\/wp-json\/wp\/v2\/pages\/12"}],"wp:attachment":[{"href":"https:\/\/blogs.uef.fi\/tiedonhaku-fysiikka\/wp-json\/wp\/v2\/media?parent=127"}],"curies":[{"name":"wp","href":"https:\/\/api.w.org\/{rel}","templated":true}]}}