{"id":112,"date":"2015-07-31T12:09:01","date_gmt":"2015-07-31T12:09:01","guid":{"rendered":"https:\/\/ueflibraryfys.wordpress.com\/?page_id=112"},"modified":"2024-09-12T15:31:18","modified_gmt":"2024-09-12T12:31:18","slug":"sanankatkaisu","status":"publish","type":"page","link":"https:\/\/blogs.uef.fi\/tiedonhaku-fysiikka\/hakusanat\/sanankatkaisu\/","title":{"rendered":"Sanankatkaisu"},"content":{"rendered":"\n<p style=\"font-size:17px\">Sanat taipuvat tai esiintyv\u00e4t yhdyssanojen osina. Sanoista saa muokattua erilaisia johdannaisia. Kun halutaan hakea kaikkia erilaisia sanamuotoja, on se ilmaistava hakusanan muodossa.<\/p>\n\n\n\n<ul class=\"wp-block-list\">\n<li><em>computer, computers, computerised, computerized, computation, computational \u2026<\/em><\/li>\n<\/ul>\n\n\n\n<h2 class=\"wp-block-heading\">Katkaise sana asteriskin avulla<\/h2>\n\n\n\n<p>Erilaiset sanamuodot voi hakea sanankatkaisun (truncation) avulla. Sanankatkaisu tapahtuu k\u00e4ytt\u00e4m\u00e4ll\u00e4 hakusanana sanan taipumatonta vartaloa, johon liitet\u00e4\u00e4n katkaisumerkki (truncation mark).<\/p>\n\n\n\n<p><strong>Katkaisumerkkin\u00e4 k\u00e4ytet\u00e4\u00e4n asteriskia (t\u00e4htimerkki)<\/strong>: <em>comput*<\/em><\/p>\n\n\n\n<p>Yleiss\u00e4\u00e4nt\u00f6 on, ett\u00e4 <strong>k\u00e4ytt\u00e4m\u00e4ll\u00e4 sanankatkaisua saadaan lis\u00e4\u00e4 hakutuloksia.<\/strong> Yht\u00e4 hakusanaa k\u00e4ytt\u00e4m\u00e4ll\u00e4 haetaan kerralla lukuisia erilaisia taivutusmuotoja ja muita variantteja.<\/p>\n\n\n\n<div class=\"links-block\">\n\n    \n    <ul class=\"link-list\">\n        \n            \n            <li class=\"link-list-item\">\n                <a href=\"https:\/\/uef.cloud.panopto.eu\/Panopto\/Pages\/Viewer.aspx?id=ec38f989-89e0-4e4e-b4ec-b03d009147f9\" class=\"link-reset link hover-scale-down\">\n                    <svg\n        width=\"43\" height=\"25\"\n        viewBox=\"0 0 43 25\"\n        xmlns=\"http:\/\/www.w3.org\/2000\/svg\">\n    <path\n        d=\"M30.027 0 43 12.5 30.027 25 27 22.083 34.351 15H0v-5h34.351L27 2.917z\"\n        fill=\"currentColor\"\n        fill-rule=\"evenodd\"\/>\n<\/svg>                    <div>Katso video sanankatkaisun vaikutuksesta tulosm\u00e4\u00e4riin (1:07)<\/div>\n                <\/a>\n                <div class=\"link-info\">\n                                    <\/div>\n            <\/li>\n\n                <\/ul>\n<\/div>\n\n\n<h3 class=\"wp-block-heading\">Miten sanat katkaistaan<\/h3>\n\n\n\n<p>Katkaisukohdan kanssa pit\u00e4\u00e4 olla tarkkana. Jos katkaisee liian aikaisin <em>(comp*)<\/em>, tulee <strong>v\u00e4\u00e4ri\u00e4 osumia<\/strong>. Jos liian my\u00f6h\u00e4\u00e4n (<em>computer*<\/em>), osa <strong>j\u00e4\u00e4 l\u00f6ytym\u00e4tt\u00e4<\/strong>.<\/p>\n\n\n\n<figure class=\"wp-block-image size-full is-resized\"><img loading=\"lazy\" decoding=\"async\" width=\"981\" height=\"561\" src=\"https:\/\/blogs.uef.fi\/tiedonhaku-fysiikka\/wp-content\/uploads\/sites\/49\/2021\/08\/FYSkatkaisu.png\" alt=\"Teksti\u00e4 sek\u00e4 tulosm\u00e4\u00e4ri\u00e4 symboloivat kirjapinokuvat. Hakusanat ja niiden tulosm\u00e4\u00e4r\u00e4t allekkain. Hiilinanoputki: 4. Hiilinanoputket: 10. Hiilinanoputket*: 10. Hiilinanoputki*: 13. Hiilinanoputk*: 17. Viimeinen rivi korostettu.\" class=\"wp-image-1799\" srcset=\"https:\/\/blogs.uef.fi\/tiedonhaku-fysiikka\/wp-content\/uploads\/sites\/49\/2021\/08\/FYSkatkaisu.png 981w, https:\/\/blogs.uef.fi\/tiedonhaku-fysiikka\/wp-content\/uploads\/sites\/49\/2021\/08\/FYSkatkaisu-300x172.png 300w, https:\/\/blogs.uef.fi\/tiedonhaku-fysiikka\/wp-content\/uploads\/sites\/49\/2021\/08\/FYSkatkaisu-768x439.png 768w\" sizes=\"auto, (max-width: 981px) 100vw, 981px\" \/><figcaption class=\"wp-element-caption\"><em>Sopiva katkaisukohta hiilinanoputki-sanalle on hiilinanoputk*<\/em>.<\/figcaption><\/figure>\n\n\n\n<p>Sananvartalo on hyv\u00e4 yleiss\u00e4\u00e4nt\u00f6, mutta ei pid\u00e4 paikkaansa aina, esim. jos vartalo on hyvin lyhyt, kuten sanassa<em> <strong>t<\/strong>y\u00f6.<\/em><\/p>\n\n\n\n<p>Sana voidaan katkaista ainakin <strong>lopusta<\/strong>, mutta usein my\u00f6s <strong>alusta tai keskelt\u00e4<\/strong>.<\/p>\n\n\n\n<p>Esimerkkej\u00e4:<\/p>\n\n\n\n<ul class=\"wp-block-list\">\n<li><em>kvantti*teoria<\/em> = kvanttiteoria, kvanttikentt\u00e4teoria<\/li>\n\n\n\n<li><em>*tomografia*<\/em> = tomografia, tomografian, infrapunatomografiassa jne.<\/li>\n<\/ul>\n\n\n\n<h3 class=\"wp-block-heading\">Milloin sanat pit\u00e4\u00e4 katkaista<\/h3>\n\n\n\n<p>Kansainv\u00e4liset hakukoneet huomioivat sanojen taipumisen <strong>osittain automaatisesti<\/strong>. L\u00e4hes aina yksikk\u00f6muotoisena haettu sana l\u00f6yt\u00e4\u00e4 my\u00f6s monikon \u2013 ja p\u00e4invastoin.<\/p>\n\n\n\n<ul class=\"wp-block-list\">\n<li><em>photon<\/em>: hakee photon ja photons, ei hae photonic<\/li>\n<\/ul>\n\n\n\n<p>Sanankatkaisua tarvitaan aina v\u00e4hint\u00e4\u00e4n sanojen johdannaisia varten. My\u00f6s lainausmerkkien eli fraasien k\u00e4ytt\u00f6 lis\u00e4\u00e4 katkaisun tarvetta.<\/p>\n\n\n\n<div class=\"links-block\">\n\n    \n    <ul class=\"link-list\">\n        \n            \n            <li class=\"link-list-item\">\n                <a href=\"https:\/\/uef.cloud.panopto.eu\/Panopto\/Pages\/Viewer.aspx?id=81ccc63e-8882-4211-bc31-b03d005f95a6\" class=\"link-reset link hover-scale-down\">\n                    <svg\n        width=\"43\" height=\"25\"\n        viewBox=\"0 0 43 25\"\n        xmlns=\"http:\/\/www.w3.org\/2000\/svg\">\n    <path\n        d=\"M30.027 0 43 12.5 30.027 25 27 22.083 34.351 15H0v-5h34.351L27 2.917z\"\n        fill=\"currentColor\"\n        fill-rule=\"evenodd\"\/>\n<\/svg>                    <div>Katso video sanankatkaisun k\u00e4yt\u00f6st\u00e4 eri tilanteissa (3:11)<\/div>\n                <\/a>\n                <div class=\"link-info\">\n                                    <\/div>\n            <\/li>\n\n                <\/ul>\n<\/div>\n\n\n<p>Erilaiset sananhakuautomatiikat <strong>eiv\u00e4t siis aina p\u00e4de, jos hakusana on kirjoitettu lainausmerkkien sis\u00e4\u00e4n<\/strong> (fraasihaku).<\/p>\n\n\n\n<ul class=\"wp-block-list\">\n<li><em>&#8221;black hole&#8221;<\/em>: hakee &#8221;black hole&#8221;, ei hae &#8221;black holes&#8221;<\/li>\n<\/ul>\n\n\n\n<p>Muita sanamuotoja hakukoneet osaavat hakea vaihtelevasti. Web of Science l\u00f6yt\u00e4\u00e4 automaattisesti verbien eri taivutusmuotoja. Finna.fi osaa hakea suomen kielen taivutusta automaattisesti. T\u00e4m\u00e4 <strong>automatiikka tuottaa joskus yll\u00e4tt\u00e4vi\u00e4 tuloksia<\/strong>. Katso video (kesto 6:57); kannattaa suurentaa koko ruudun kokoiseksi alalaidasta.<\/p>\n\n\n\n<p>Videossa k\u00e4ytet\u00e4\u00e4n esimerkkin\u00e4 UEF-Finna -hakukonetta. UEF-Finnaa ei en\u00e4\u00e4 ole, mutta kansallinen Finna.fi toimii kuten videolla. Videon loppupuolella Web of Science -tietokanta toimii my\u00f6skin samoin kuin videolla, vaikka k\u00e4ytt\u00f6liittym\u00e4 onkin hieman erin\u00e4k\u00f6inen.<\/p>\n\n\n\n<figure class=\"wp-block-embed is-type-video is-provider-youtube wp-block-embed-youtube wp-embed-aspect-16-9 wp-has-aspect-ratio\"><div class=\"wp-block-embed__wrapper\">\n<iframe loading=\"lazy\" title=\"Sanankatkaisu\" width=\"500\" height=\"281\" src=\"https:\/\/www.youtube.com\/embed\/gVLC60Z40l0?feature=oembed\" frameborder=\"0\" allow=\"accelerometer; autoplay; clipboard-write; encrypted-media; gyroscope; picture-in-picture; web-share\" referrerpolicy=\"strict-origin-when-cross-origin\" allowfullscreen><\/iframe>\n<\/div><\/figure>\n\n\n\n<h2 class=\"wp-block-heading\">Korvausmerkkej\u00e4 voi k\u00e4ytt\u00e4\u00e4 katkaisun sijasta<\/h2>\n\n\n\n<p>Jos sanankatkaisu antaa liian laajan tuloksen, voi katkaisun sijaan korvata yksitt\u00e4isi\u00e4 merkkej\u00e4 sanasta korvausmerkkien  (wildcards) avulla.<\/p>\n\n\n\n<p>Korvausmerkkej\u00e4 (wildcards) voi k\u00e4ytt\u00e4\u00e4 esimerkiksi hakusanoissa, joiden kirjoitusasu vaihtelee, esim. brittil\u00e4inen englanti vs. amerikanenglanti: <em>organisation \u2013 organization<\/em>. Ongelmallisen merkin kohdalle hakusanaan voi sijoittaa korvausmerkin.<\/p>\n\n\n\n<p>Monet kansainv\u00e4liset tietokannat ottavat t\u00e4llaiset <strong>kirjoitusmuotovariantit huomioon automaattisesti<\/strong>, eik\u00e4 korvausmerkki\u00e4 tarvita. T\u00e4h\u00e4nkin on poikkeus fraasihaku (lainausmerkkien k\u00e4ytt\u00f6), joka h\u00e4vitt\u00e4\u00e4 hakusanoihin liittyv\u00e4n automatiikan.<\/p>\n\n\n\n<ul class=\"wp-block-list has-white-background-color has-background\">\n<li><em>color:<\/em> hakee sek\u00e4 color ett\u00e4 colour<\/li>\n\n\n\n<li><em>\u201dwood color\u201d<\/em>: hakee \u201dwood color\u201d; ei hae \u201dwood colour\u201d<\/li>\n\n\n\n<li><em>\u201dwood colo*r\u201d<\/em>: hakee sek\u00e4 \u201dwood color\u201d ett\u00e4 \u201dwood colour\u201d<\/li>\n<\/ul>\n\n\n\n<p>Fraasia voi n\u00e4iss\u00e4 tapauksissa hakea my\u00f6s toisella tavoin OR-operaattorin avulla.<\/p>\n\n\n\n<ul class=\"wp-block-list\">\n<li><strong> <\/strong><em>\u201dwood color\u201d OR \u201dwood colour\u201d<\/em><\/li>\n<\/ul>\n\n\n\n<h3 class=\"wp-block-heading\">Korvausmerkkej\u00e4 on kahdenlaisia<\/h3>\n\n\n\n<p>1) merkki korvaa sanasta <strong>t\u00e4sm\u00e4lleen yhden merkin<\/strong><\/p>\n\n\n\n<ul class=\"wp-block-list\">\n<li><em>organi_ation<\/em><\/li>\n<\/ul>\n\n\n\n<p>2) merkki korvaa sanasta <strong>yhden tai nolla merkki\u00e4<\/strong><\/p>\n\n\n\n<ul class=\"wp-block-list has-white-background-color has-background\">\n<li><em>colo_r = color <\/em>tai <em>colour<\/em><\/li>\n<\/ul>\n\n\n\n<p><strong>Korvausmerkkien symbolit<\/strong> vaihtelevat tietokannasta toiseen, eik\u00e4 niit\u00e4 aivan kaikkialla ole edes k\u00e4yt\u00f6ss\u00e4. Tietokannan k\u00e4ytt\u00f6ohjeesta (Help, Tips) korvausmerkit voi tarkistaa helposti.<\/p>\n\n\n\n<p class=\"has-text-align-right\">Seuraava sivu: <a href=\"https:\/\/blogs.uef.fi\/tiedonhaku-fysiikka\/asiasanat\/\">Asiasanahaku<\/a><\/p>\n","protected":false},"excerpt":{"rendered":"<p>Sanat taipuvat tai esiintyv\u00e4t yhdyssanojen osina. Sanoista saa muokattua erilaisia johdannaisia. Kun halutaan hakea kaikkia erilaisia sanamuotoja, on se ilmaistava hakusanan muodossa. Katkaise sana asteriskin avulla Erilaiset sanamuodot voi hakea sanankatkaisun (truncation) avulla. Sanankatkaisu tapahtuu k\u00e4ytt\u00e4m\u00e4ll\u00e4 hakusanana sanan taipumatonta vartaloa, johon liitet\u00e4\u00e4n katkaisumerkki (truncation mark). Katkaisumerkkin\u00e4 k\u00e4ytet\u00e4\u00e4n asteriskia (t\u00e4htimerkki): comput* Yleiss\u00e4\u00e4nt\u00f6 on, ett\u00e4 k\u00e4ytt\u00e4m\u00e4ll\u00e4 sanankatkaisua [&hellip;]<\/p>\n","protected":false},"author":127,"featured_media":0,"parent":12,"menu_order":4,"comment_status":"closed","ping_status":"closed","template":"","meta":{"_acf_changed":false,"footnotes":""},"class_list":["post-112","page","type-page","status-publish","hentry"],"acf":[],"yoast_head":"<!-- This site is optimized with the Yoast SEO plugin v27.3 - https:\/\/yoast.com\/product\/yoast-seo-wordpress\/ -->\n<title>Sanankatkaisu - Fysiikan ja tekniikan tiedonhaku<\/title>\n<meta name=\"robots\" content=\"index, follow, max-snippet:-1, max-image-preview:large, max-video-preview:-1\" \/>\n<link rel=\"canonical\" href=\"https:\/\/blogs.uef.fi\/tiedonhaku-fysiikka\/hakusanat\/sanankatkaisu\/\" \/>\n<meta property=\"og:locale\" content=\"fi_FI\" \/>\n<meta property=\"og:type\" content=\"article\" \/>\n<meta property=\"og:title\" content=\"Sanankatkaisu - Fysiikan ja tekniikan tiedonhaku\" \/>\n<meta property=\"og:description\" content=\"Sanat taipuvat tai esiintyv\u00e4t yhdyssanojen osina. Sanoista saa muokattua erilaisia johdannaisia. Kun halutaan hakea kaikkia erilaisia sanamuotoja, on se ilmaistava hakusanan muodossa. Katkaise sana asteriskin avulla Erilaiset sanamuodot voi hakea sanankatkaisun (truncation) avulla. Sanankatkaisu tapahtuu k\u00e4ytt\u00e4m\u00e4ll\u00e4 hakusanana sanan taipumatonta vartaloa, johon liitet\u00e4\u00e4n katkaisumerkki (truncation mark). Katkaisumerkkin\u00e4 k\u00e4ytet\u00e4\u00e4n asteriskia (t\u00e4htimerkki): comput* Yleiss\u00e4\u00e4nt\u00f6 on, ett\u00e4 k\u00e4ytt\u00e4m\u00e4ll\u00e4 sanankatkaisua [&hellip;]\" \/>\n<meta property=\"og:url\" content=\"https:\/\/blogs.uef.fi\/tiedonhaku-fysiikka\/hakusanat\/sanankatkaisu\/\" \/>\n<meta property=\"og:site_name\" content=\"Fysiikan ja tekniikan tiedonhaku\" \/>\n<meta property=\"article:modified_time\" content=\"2024-09-12T12:31:18+00:00\" \/>\n<meta property=\"og:image\" content=\"https:\/\/blogs.uef.fi\/tiedonhaku-fysiikka\/wp-content\/uploads\/sites\/49\/2021\/08\/FYSkatkaisu.png\" \/>\n<meta name=\"twitter:card\" content=\"summary_large_image\" \/>\n<meta name=\"twitter:label1\" content=\"Arvioitu lukuaika\" \/>\n\t<meta name=\"twitter:data1\" content=\"3 minuuttia\" \/>\n<script type=\"application\/ld+json\" class=\"yoast-schema-graph\">{\"@context\":\"https:\\\/\\\/schema.org\",\"@graph\":[{\"@type\":\"WebPage\",\"@id\":\"https:\\\/\\\/blogs.uef.fi\\\/tiedonhaku-fysiikka\\\/hakusanat\\\/sanankatkaisu\\\/\",\"url\":\"https:\\\/\\\/blogs.uef.fi\\\/tiedonhaku-fysiikka\\\/hakusanat\\\/sanankatkaisu\\\/\",\"name\":\"Sanankatkaisu - Fysiikan ja tekniikan tiedonhaku\",\"isPartOf\":{\"@id\":\"https:\\\/\\\/blogs.uef.fi\\\/tiedonhaku-fysiikka\\\/#website\"},\"primaryImageOfPage\":{\"@id\":\"https:\\\/\\\/blogs.uef.fi\\\/tiedonhaku-fysiikka\\\/hakusanat\\\/sanankatkaisu\\\/#primaryimage\"},\"image\":{\"@id\":\"https:\\\/\\\/blogs.uef.fi\\\/tiedonhaku-fysiikka\\\/hakusanat\\\/sanankatkaisu\\\/#primaryimage\"},\"thumbnailUrl\":\"https:\\\/\\\/blogs.uef.fi\\\/tiedonhaku-fysiikka\\\/wp-content\\\/uploads\\\/sites\\\/49\\\/2021\\\/08\\\/FYSkatkaisu.png\",\"datePublished\":\"2015-07-31T12:09:01+00:00\",\"dateModified\":\"2024-09-12T12:31:18+00:00\",\"breadcrumb\":{\"@id\":\"https:\\\/\\\/blogs.uef.fi\\\/tiedonhaku-fysiikka\\\/hakusanat\\\/sanankatkaisu\\\/#breadcrumb\"},\"inLanguage\":\"fi\",\"potentialAction\":[{\"@type\":\"ReadAction\",\"target\":[\"https:\\\/\\\/blogs.uef.fi\\\/tiedonhaku-fysiikka\\\/hakusanat\\\/sanankatkaisu\\\/\"]}]},{\"@type\":\"ImageObject\",\"inLanguage\":\"fi\",\"@id\":\"https:\\\/\\\/blogs.uef.fi\\\/tiedonhaku-fysiikka\\\/hakusanat\\\/sanankatkaisu\\\/#primaryimage\",\"url\":\"https:\\\/\\\/blogs.uef.fi\\\/tiedonhaku-fysiikka\\\/wp-content\\\/uploads\\\/sites\\\/49\\\/2021\\\/08\\\/FYSkatkaisu.png\",\"contentUrl\":\"https:\\\/\\\/blogs.uef.fi\\\/tiedonhaku-fysiikka\\\/wp-content\\\/uploads\\\/sites\\\/49\\\/2021\\\/08\\\/FYSkatkaisu.png\",\"width\":981,\"height\":561},{\"@type\":\"BreadcrumbList\",\"@id\":\"https:\\\/\\\/blogs.uef.fi\\\/tiedonhaku-fysiikka\\\/hakusanat\\\/sanankatkaisu\\\/#breadcrumb\",\"itemListElement\":[{\"@type\":\"ListItem\",\"position\":1,\"name\":\"Home\",\"item\":\"https:\\\/\\\/blogs.uef.fi\\\/tiedonhaku-fysiikka\\\/\"},{\"@type\":\"ListItem\",\"position\":2,\"name\":\"Hakusanat\",\"item\":\"https:\\\/\\\/blogs.uef.fi\\\/tiedonhaku-fysiikka\\\/hakusanat\\\/\"},{\"@type\":\"ListItem\",\"position\":3,\"name\":\"Sanankatkaisu\"}]},{\"@type\":\"WebSite\",\"@id\":\"https:\\\/\\\/blogs.uef.fi\\\/tiedonhaku-fysiikka\\\/#website\",\"url\":\"https:\\\/\\\/blogs.uef.fi\\\/tiedonhaku-fysiikka\\\/\",\"name\":\"Fysiikan ja tekniikan tiedonhaku\",\"description\":\"\",\"potentialAction\":[{\"@type\":\"SearchAction\",\"target\":{\"@type\":\"EntryPoint\",\"urlTemplate\":\"https:\\\/\\\/blogs.uef.fi\\\/tiedonhaku-fysiikka\\\/?s={search_term_string}\"},\"query-input\":{\"@type\":\"PropertyValueSpecification\",\"valueRequired\":true,\"valueName\":\"search_term_string\"}}],\"inLanguage\":\"fi\"}]}<\/script>\n<!-- \/ Yoast SEO plugin. -->","yoast_head_json":{"title":"Sanankatkaisu - Fysiikan ja tekniikan tiedonhaku","robots":{"index":"index","follow":"follow","max-snippet":"max-snippet:-1","max-image-preview":"max-image-preview:large","max-video-preview":"max-video-preview:-1"},"canonical":"https:\/\/blogs.uef.fi\/tiedonhaku-fysiikka\/hakusanat\/sanankatkaisu\/","og_locale":"fi_FI","og_type":"article","og_title":"Sanankatkaisu - Fysiikan ja tekniikan tiedonhaku","og_description":"Sanat taipuvat tai esiintyv\u00e4t yhdyssanojen osina. Sanoista saa muokattua erilaisia johdannaisia. Kun halutaan hakea kaikkia erilaisia sanamuotoja, on se ilmaistava hakusanan muodossa. Katkaise sana asteriskin avulla Erilaiset sanamuodot voi hakea sanankatkaisun (truncation) avulla. Sanankatkaisu tapahtuu k\u00e4ytt\u00e4m\u00e4ll\u00e4 hakusanana sanan taipumatonta vartaloa, johon liitet\u00e4\u00e4n katkaisumerkki (truncation mark). Katkaisumerkkin\u00e4 k\u00e4ytet\u00e4\u00e4n asteriskia (t\u00e4htimerkki): comput* Yleiss\u00e4\u00e4nt\u00f6 on, ett\u00e4 k\u00e4ytt\u00e4m\u00e4ll\u00e4 sanankatkaisua [&hellip;]","og_url":"https:\/\/blogs.uef.fi\/tiedonhaku-fysiikka\/hakusanat\/sanankatkaisu\/","og_site_name":"Fysiikan ja tekniikan tiedonhaku","article_modified_time":"2024-09-12T12:31:18+00:00","og_image":[{"url":"https:\/\/blogs.uef.fi\/tiedonhaku-fysiikka\/wp-content\/uploads\/sites\/49\/2021\/08\/FYSkatkaisu.png","type":"","width":"","height":""}],"twitter_card":"summary_large_image","twitter_misc":{"Arvioitu lukuaika":"3 minuuttia"},"schema":{"@context":"https:\/\/schema.org","@graph":[{"@type":"WebPage","@id":"https:\/\/blogs.uef.fi\/tiedonhaku-fysiikka\/hakusanat\/sanankatkaisu\/","url":"https:\/\/blogs.uef.fi\/tiedonhaku-fysiikka\/hakusanat\/sanankatkaisu\/","name":"Sanankatkaisu - Fysiikan ja tekniikan tiedonhaku","isPartOf":{"@id":"https:\/\/blogs.uef.fi\/tiedonhaku-fysiikka\/#website"},"primaryImageOfPage":{"@id":"https:\/\/blogs.uef.fi\/tiedonhaku-fysiikka\/hakusanat\/sanankatkaisu\/#primaryimage"},"image":{"@id":"https:\/\/blogs.uef.fi\/tiedonhaku-fysiikka\/hakusanat\/sanankatkaisu\/#primaryimage"},"thumbnailUrl":"https:\/\/blogs.uef.fi\/tiedonhaku-fysiikka\/wp-content\/uploads\/sites\/49\/2021\/08\/FYSkatkaisu.png","datePublished":"2015-07-31T12:09:01+00:00","dateModified":"2024-09-12T12:31:18+00:00","breadcrumb":{"@id":"https:\/\/blogs.uef.fi\/tiedonhaku-fysiikka\/hakusanat\/sanankatkaisu\/#breadcrumb"},"inLanguage":"fi","potentialAction":[{"@type":"ReadAction","target":["https:\/\/blogs.uef.fi\/tiedonhaku-fysiikka\/hakusanat\/sanankatkaisu\/"]}]},{"@type":"ImageObject","inLanguage":"fi","@id":"https:\/\/blogs.uef.fi\/tiedonhaku-fysiikka\/hakusanat\/sanankatkaisu\/#primaryimage","url":"https:\/\/blogs.uef.fi\/tiedonhaku-fysiikka\/wp-content\/uploads\/sites\/49\/2021\/08\/FYSkatkaisu.png","contentUrl":"https:\/\/blogs.uef.fi\/tiedonhaku-fysiikka\/wp-content\/uploads\/sites\/49\/2021\/08\/FYSkatkaisu.png","width":981,"height":561},{"@type":"BreadcrumbList","@id":"https:\/\/blogs.uef.fi\/tiedonhaku-fysiikka\/hakusanat\/sanankatkaisu\/#breadcrumb","itemListElement":[{"@type":"ListItem","position":1,"name":"Home","item":"https:\/\/blogs.uef.fi\/tiedonhaku-fysiikka\/"},{"@type":"ListItem","position":2,"name":"Hakusanat","item":"https:\/\/blogs.uef.fi\/tiedonhaku-fysiikka\/hakusanat\/"},{"@type":"ListItem","position":3,"name":"Sanankatkaisu"}]},{"@type":"WebSite","@id":"https:\/\/blogs.uef.fi\/tiedonhaku-fysiikka\/#website","url":"https:\/\/blogs.uef.fi\/tiedonhaku-fysiikka\/","name":"Fysiikan ja tekniikan tiedonhaku","description":"","potentialAction":[{"@type":"SearchAction","target":{"@type":"EntryPoint","urlTemplate":"https:\/\/blogs.uef.fi\/tiedonhaku-fysiikka\/?s={search_term_string}"},"query-input":{"@type":"PropertyValueSpecification","valueRequired":true,"valueName":"search_term_string"}}],"inLanguage":"fi"}]}},"_links":{"self":[{"href":"https:\/\/blogs.uef.fi\/tiedonhaku-fysiikka\/wp-json\/wp\/v2\/pages\/112","targetHints":{"allow":["GET"]}}],"collection":[{"href":"https:\/\/blogs.uef.fi\/tiedonhaku-fysiikka\/wp-json\/wp\/v2\/pages"}],"about":[{"href":"https:\/\/blogs.uef.fi\/tiedonhaku-fysiikka\/wp-json\/wp\/v2\/types\/page"}],"author":[{"embeddable":true,"href":"https:\/\/blogs.uef.fi\/tiedonhaku-fysiikka\/wp-json\/wp\/v2\/users\/127"}],"replies":[{"embeddable":true,"href":"https:\/\/blogs.uef.fi\/tiedonhaku-fysiikka\/wp-json\/wp\/v2\/comments?post=112"}],"version-history":[{"count":2,"href":"https:\/\/blogs.uef.fi\/tiedonhaku-fysiikka\/wp-json\/wp\/v2\/pages\/112\/revisions"}],"predecessor-version":[{"id":4417,"href":"https:\/\/blogs.uef.fi\/tiedonhaku-fysiikka\/wp-json\/wp\/v2\/pages\/112\/revisions\/4417"}],"up":[{"embeddable":true,"href":"https:\/\/blogs.uef.fi\/tiedonhaku-fysiikka\/wp-json\/wp\/v2\/pages\/12"}],"wp:attachment":[{"href":"https:\/\/blogs.uef.fi\/tiedonhaku-fysiikka\/wp-json\/wp\/v2\/media?parent=112"}],"curies":[{"name":"wp","href":"https:\/\/api.w.org\/{rel}","templated":true}]}}