{"id":106,"date":"2015-07-31T11:40:15","date_gmt":"2015-07-31T11:40:15","guid":{"rendered":"https:\/\/ueflibraryfys.wordpress.com\/?page_id=106"},"modified":"2024-08-07T13:09:04","modified_gmt":"2024-08-07T10:09:04","slug":"fraasit","status":"publish","type":"page","link":"https:\/\/blogs.uef.fi\/tiedonhaku-fysiikka\/hakusanat\/fraasit\/","title":{"rendered":"Sanaliitot eli fraasit"},"content":{"rendered":"\n<p>Sanaliitto on sanapari tai -ryhm\u00e4, jonka merkitysseikat sitovat yhteen.<\/p>\n\n\n\n<p>Jotta sanaliiton eli<strong> fraasin (phrase)<\/strong> sanat pysyisiv\u00e4t haussa <strong>per\u00e4kk\u00e4in ja halutussa j\u00e4rjestyksess\u00e4<\/strong>, joudutaan hakuj\u00e4rjestelmiss\u00e4 m\u00e4\u00e4r\u00e4\u00e4m\u00e4\u00e4n t\u00e4m\u00e4 erikseen.<\/p>\n\n\n\n<p><strong>Fraasin merkkin\u00e4 tiedonhaussa k\u00e4ytet\u00e4\u00e4n lainausmerkkej\u00e4 <\/strong>sanaliiton ymp\u00e4rill\u00e4: <em>\u201dkinetic energy\u201d<\/em>.<\/p>\n\n\n\n<h2 class=\"wp-block-heading\">Fraasin avulla tarkennat tulosta<\/h2>\n\n\n\n<p>Fraasin merkitys tiedonhaussa on se, ett\u00e4 fraasin avulla hakua saadaan <strong>aiheeltaan tarkemmaksi.<\/strong> Samalla my\u00f6s hakutulosten <strong>m\u00e4\u00e4r\u00e4 pienenee.<\/strong><\/p>\n\n\n\n<p>Fraasin k\u00e4ytt\u00f6 voi my\u00f6s joissakin tapauksissa rajata hyvi\u00e4kin osumia pois hakutuloksesta. Koska fraasin sanojen j\u00e4rjestys on ehdoton, ei haku ymm\u00e4rr\u00e4 samankaltaisuutta esimerkiksi fraasien <em>\u201drelativity theory\u201d<\/em> ja <em>\u201dtheory of relativity\u201d<\/em> v\u00e4lill\u00e4. My\u00f6s tarkemmat ilmaisut, kuten <em>\u201dquantum field theory\u201d<\/em>, haettaessa fraasilla <em>\u201dquantum theory\u201d<\/em>, rajautuvat ulos. Fraasia k\u00e4ytett\u00e4ess\u00e4 voi siis joutua hakemaan useammalla fraasilla yht\u00e4 aikaa.<\/p>\n\n\n\n<div class=\"links-block\">\n\n    \n    <ul class=\"link-list\">\n        \n            \n            <li class=\"link-list-item\">\n                <a href=\"https:\/\/uef.cloud.panopto.eu\/Panopto\/Pages\/Viewer.aspx?id=ef30ab6d-8ca3-4d19-b99f-b03d00799b78\" class=\"link-reset link hover-scale-down\">\n                    <svg\n        width=\"43\" height=\"25\"\n        viewBox=\"0 0 43 25\"\n        xmlns=\"http:\/\/www.w3.org\/2000\/svg\">\n    <path\n        d=\"M30.027 0 43 12.5 30.027 25 27 22.083 34.351 15H0v-5h34.351L27 2.917z\"\n        fill=\"currentColor\"\n        fill-rule=\"evenodd\"\/>\n<\/svg>                    <div>Katso video fraasin vaikutuksesta tuloksiin eri tilanteissa (3:44)<\/div>\n                <\/a>\n                <div class=\"link-info\">\n                                    <\/div>\n            <\/li>\n\n                <\/ul>\n<\/div>\n\n\n<p>Ilman lainausmerkkej\u00e4 kahden sanan v\u00e4lill\u00e4 on AND-operaattori, vaikka sit\u00e4 ei n\u00e4kyville kirjoittaisikaan (lis\u00e4\u00e4 operaattoreista kerrotaan luvussa <a href=\"https:\/\/blogs.uef.fi\/tiedonhaku-fysiikka\/yhdistaminen\/\">Hakusanojen yhdist\u00e4minen<\/a>). Vertaa hakutuloksia:<\/p>\n\n\n\n<figure class=\"wp-block-image aligncenter size-full\"><img loading=\"lazy\" decoding=\"async\" width=\"507\" height=\"218\" src=\"https:\/\/blogs.uef.fi\/tiedonhaku-fysiikka\/wp-content\/uploads\/sites\/49\/2018\/07\/FYSfraasitulos.png\" alt=\"Kuva hakutulosten m\u00e4\u00e4rist\u00e4. Haku lainausmerkein \u201dkinetic energy\u201d, tuloksia 35 kpl. Haku kinetic AND energy, tuloksia 275 kpl. Haku ilman lainausmerkkej\u00e4 kinetic energy, tuloksia 275 kpl.\" class=\"wp-image-1151\" srcset=\"https:\/\/blogs.uef.fi\/tiedonhaku-fysiikka\/wp-content\/uploads\/sites\/49\/2018\/07\/FYSfraasitulos.png 507w, https:\/\/blogs.uef.fi\/tiedonhaku-fysiikka\/wp-content\/uploads\/sites\/49\/2018\/07\/FYSfraasitulos-300x129.png 300w\" sizes=\"auto, (max-width: 507px) 100vw, 507px\" \/><\/figure>\n\n\n\n<p>Ilman fraasia hakusanat voivat esiinty\u00e4 miss\u00e4 tahansa tekstin joukossa: eri kentiss\u00e4 tai l\u00e4hell\u00e4 tai kaukana toisistaan.<\/p>\n\n\n\n<figure class=\"wp-block-image aligncenter size-full wp-image-1237\"><img loading=\"lazy\" decoding=\"async\" width=\"521\" height=\"164\" src=\"https:\/\/blogs.uef.fi\/tiedonhaku-fysiikka\/wp-content\/uploads\/sites\/49\/2018\/07\/FYSsanaliitto.png\" alt=\"Kaksi tekstinp\u00e4tk\u00e4\u00e4, joissa korostettuna sanat kinetic ja energy. Ensimm\u00e4isess\u00e4 tekstiss\u00e4 lukee: Measuring kinetic energy changes in the mesoscale with low acquisition rates. Toisessa tekstiss\u00e4 lukee: Effective kinetic description of event-by-event pre-equilibrium dynamics in high-energy heavy-ion collisions.\" class=\"wp-image-1237\" srcset=\"https:\/\/blogs.uef.fi\/tiedonhaku-fysiikka\/wp-content\/uploads\/sites\/49\/2018\/07\/FYSsanaliitto.png 521w, https:\/\/blogs.uef.fi\/tiedonhaku-fysiikka\/wp-content\/uploads\/sites\/49\/2018\/07\/FYSsanaliitto-300x94.png 300w\" sizes=\"auto, (max-width: 521px) 100vw, 521px\" \/><figcaption class=\"wp-element-caption\"><em>Sanaliitto vs. yksitt\u00e4iset sanat. Sanaliitolla on yksi tietty merkitys, yksitt\u00e4iset sanat edustavat erillisi\u00e4 k\u00e4sitteit\u00e4.<\/em><\/figcaption><\/figure>\n\n\n\n<p>Katso video (n. 3min). Videolla esiintyy hakukone UEF-Finna, jota ei en\u00e4\u00e4 ole olemassa. Haun periaate kuitenkin p\u00e4tee edelleen.<\/p>\n\n\n\n<figure class=\"wp-block-embed is-type-video is-provider-youtube wp-block-embed-youtube wp-embed-aspect-16-9 wp-has-aspect-ratio\"><div class=\"wp-block-embed__wrapper\">\n<iframe loading=\"lazy\" title=\"Fraasihaku\" width=\"500\" height=\"281\" src=\"https:\/\/www.youtube.com\/embed\/_xVJ_bPmNac?feature=oembed\" frameborder=\"0\" allow=\"accelerometer; autoplay; clipboard-write; encrypted-media; gyroscope; picture-in-picture; web-share\" referrerpolicy=\"strict-origin-when-cross-origin\" allowfullscreen><\/iframe>\n<\/div><\/figure>\n\n\n\n<h2 class=\"wp-block-heading\"><strong>Fraasin merkitseminen tietokannassa<\/strong><\/h2>\n\n\n\n<p>Kirjoita itse lainausmerkit sanaliiton ymp\u00e4rille. Lainausmerkki tarkoittaa t\u00e4ss\u00e4 2-n\u00e4pp\u00e4imen yl\u00e4puolista tuplaheittomerkki\u00e4.<\/p>\n\n\n\n<figure class=\"wp-block-image aligncenter size-full is-resized\"><img loading=\"lazy\" decoding=\"async\" width=\"718\" height=\"374\" src=\"https:\/\/blogs.uef.fi\/tiedonhaku-fysiikka\/wp-content\/uploads\/sites\/49\/2018\/07\/FYSlainausmerkit.png\" alt=\"Kuvakaappaus Scopus tietokannasta. Hakuriville kirjoitettu \u201dkinetic energy\u201d, lainausmerkkien sis\u00e4\u00e4n.\" class=\"wp-image-1149\" srcset=\"https:\/\/blogs.uef.fi\/tiedonhaku-fysiikka\/wp-content\/uploads\/sites\/49\/2018\/07\/FYSlainausmerkit.png 718w, https:\/\/blogs.uef.fi\/tiedonhaku-fysiikka\/wp-content\/uploads\/sites\/49\/2018\/07\/FYSlainausmerkit-300x156.png 300w\" sizes=\"auto, (max-width: 718px) 100vw, 718px\" \/><\/figure>\n\n\n\n<p>Fraasissa voi toki olla useampiakin sanoja kuin kaksi, esim. &#8221;rotation quantum number&#8221;. <\/p>\n\n\n\n<h3 class=\"wp-block-heading\">Vinkki:<\/h3>\n\n\n\n<p>My\u00f6s Google ymm\u00e4rt\u00e4\u00e4 lainausmerkit.<\/p>\n\n\n\n<p class=\"has-text-align-right\">Seuraava sivu: <a href=\"https:\/\/blogs.uef.fi\/tiedonhaku-fysiikka\/sanankatkaisu\/\">Sanankatkaisu<\/a><\/p>\n","protected":false},"excerpt":{"rendered":"<p>Sanaliitto on sanapari tai -ryhm\u00e4, jonka merkitysseikat sitovat yhteen. Jotta sanaliiton eli fraasin (phrase) sanat pysyisiv\u00e4t haussa per\u00e4kk\u00e4in ja halutussa j\u00e4rjestyksess\u00e4, joudutaan hakuj\u00e4rjestelmiss\u00e4 m\u00e4\u00e4r\u00e4\u00e4m\u00e4\u00e4n t\u00e4m\u00e4 erikseen. Fraasin merkkin\u00e4 tiedonhaussa k\u00e4ytet\u00e4\u00e4n lainausmerkkej\u00e4 sanaliiton ymp\u00e4rill\u00e4: \u201dkinetic energy\u201d. Fraasin avulla tarkennat tulosta Fraasin merkitys tiedonhaussa on se, ett\u00e4 fraasin avulla hakua saadaan aiheeltaan tarkemmaksi. Samalla my\u00f6s hakutulosten m\u00e4\u00e4r\u00e4 [&hellip;]<\/p>\n","protected":false},"author":127,"featured_media":0,"parent":12,"menu_order":3,"comment_status":"closed","ping_status":"closed","template":"","meta":{"_acf_changed":false,"footnotes":""},"class_list":["post-106","page","type-page","status-publish","hentry"],"acf":[],"yoast_head":"<!-- This site is optimized with the Yoast SEO plugin v27.3 - https:\/\/yoast.com\/product\/yoast-seo-wordpress\/ -->\n<title>Sanaliitot eli fraasit - Fysiikan ja tekniikan tiedonhaku<\/title>\n<meta name=\"robots\" content=\"index, follow, max-snippet:-1, max-image-preview:large, max-video-preview:-1\" \/>\n<link rel=\"canonical\" href=\"https:\/\/blogs.uef.fi\/tiedonhaku-fysiikka\/hakusanat\/fraasit\/\" \/>\n<meta property=\"og:locale\" content=\"fi_FI\" \/>\n<meta property=\"og:type\" content=\"article\" \/>\n<meta property=\"og:title\" content=\"Sanaliitot eli fraasit - Fysiikan ja tekniikan tiedonhaku\" \/>\n<meta property=\"og:description\" content=\"Sanaliitto on sanapari tai -ryhm\u00e4, jonka merkitysseikat sitovat yhteen. Jotta sanaliiton eli fraasin (phrase) sanat pysyisiv\u00e4t haussa per\u00e4kk\u00e4in ja halutussa j\u00e4rjestyksess\u00e4, joudutaan hakuj\u00e4rjestelmiss\u00e4 m\u00e4\u00e4r\u00e4\u00e4m\u00e4\u00e4n t\u00e4m\u00e4 erikseen. Fraasin merkkin\u00e4 tiedonhaussa k\u00e4ytet\u00e4\u00e4n lainausmerkkej\u00e4 sanaliiton ymp\u00e4rill\u00e4: \u201dkinetic energy\u201d. Fraasin avulla tarkennat tulosta Fraasin merkitys tiedonhaussa on se, ett\u00e4 fraasin avulla hakua saadaan aiheeltaan tarkemmaksi. Samalla my\u00f6s hakutulosten m\u00e4\u00e4r\u00e4 [&hellip;]\" \/>\n<meta property=\"og:url\" content=\"https:\/\/blogs.uef.fi\/tiedonhaku-fysiikka\/hakusanat\/fraasit\/\" \/>\n<meta property=\"og:site_name\" content=\"Fysiikan ja tekniikan tiedonhaku\" \/>\n<meta property=\"article:modified_time\" content=\"2024-08-07T10:09:04+00:00\" \/>\n<meta property=\"og:image\" content=\"https:\/\/blogs.uef.fi\/tiedonhaku-fysiikka\/wp-content\/uploads\/sites\/49\/2018\/07\/FYSfraasitulos.png\" \/>\n<meta name=\"twitter:card\" content=\"summary_large_image\" \/>\n<meta name=\"twitter:label1\" content=\"Arvioitu lukuaika\" \/>\n\t<meta name=\"twitter:data1\" content=\"2 minuuttia\" \/>\n<script type=\"application\/ld+json\" class=\"yoast-schema-graph\">{\"@context\":\"https:\\\/\\\/schema.org\",\"@graph\":[{\"@type\":\"WebPage\",\"@id\":\"https:\\\/\\\/blogs.uef.fi\\\/tiedonhaku-fysiikka\\\/hakusanat\\\/fraasit\\\/\",\"url\":\"https:\\\/\\\/blogs.uef.fi\\\/tiedonhaku-fysiikka\\\/hakusanat\\\/fraasit\\\/\",\"name\":\"Sanaliitot eli fraasit - Fysiikan ja tekniikan tiedonhaku\",\"isPartOf\":{\"@id\":\"https:\\\/\\\/blogs.uef.fi\\\/tiedonhaku-fysiikka\\\/#website\"},\"primaryImageOfPage\":{\"@id\":\"https:\\\/\\\/blogs.uef.fi\\\/tiedonhaku-fysiikka\\\/hakusanat\\\/fraasit\\\/#primaryimage\"},\"image\":{\"@id\":\"https:\\\/\\\/blogs.uef.fi\\\/tiedonhaku-fysiikka\\\/hakusanat\\\/fraasit\\\/#primaryimage\"},\"thumbnailUrl\":\"https:\\\/\\\/blogs.uef.fi\\\/tiedonhaku-fysiikka\\\/wp-content\\\/uploads\\\/sites\\\/49\\\/2018\\\/07\\\/FYSfraasitulos.png\",\"datePublished\":\"2015-07-31T11:40:15+00:00\",\"dateModified\":\"2024-08-07T10:09:04+00:00\",\"breadcrumb\":{\"@id\":\"https:\\\/\\\/blogs.uef.fi\\\/tiedonhaku-fysiikka\\\/hakusanat\\\/fraasit\\\/#breadcrumb\"},\"inLanguage\":\"fi\",\"potentialAction\":[{\"@type\":\"ReadAction\",\"target\":[\"https:\\\/\\\/blogs.uef.fi\\\/tiedonhaku-fysiikka\\\/hakusanat\\\/fraasit\\\/\"]}]},{\"@type\":\"ImageObject\",\"inLanguage\":\"fi\",\"@id\":\"https:\\\/\\\/blogs.uef.fi\\\/tiedonhaku-fysiikka\\\/hakusanat\\\/fraasit\\\/#primaryimage\",\"url\":\"https:\\\/\\\/blogs.uef.fi\\\/tiedonhaku-fysiikka\\\/wp-content\\\/uploads\\\/sites\\\/49\\\/2018\\\/07\\\/FYSfraasitulos.png\",\"contentUrl\":\"https:\\\/\\\/blogs.uef.fi\\\/tiedonhaku-fysiikka\\\/wp-content\\\/uploads\\\/sites\\\/49\\\/2018\\\/07\\\/FYSfraasitulos.png\",\"width\":507,\"height\":218},{\"@type\":\"BreadcrumbList\",\"@id\":\"https:\\\/\\\/blogs.uef.fi\\\/tiedonhaku-fysiikka\\\/hakusanat\\\/fraasit\\\/#breadcrumb\",\"itemListElement\":[{\"@type\":\"ListItem\",\"position\":1,\"name\":\"Home\",\"item\":\"https:\\\/\\\/blogs.uef.fi\\\/tiedonhaku-fysiikka\\\/\"},{\"@type\":\"ListItem\",\"position\":2,\"name\":\"Hakusanat\",\"item\":\"https:\\\/\\\/blogs.uef.fi\\\/tiedonhaku-fysiikka\\\/hakusanat\\\/\"},{\"@type\":\"ListItem\",\"position\":3,\"name\":\"Sanaliitot eli fraasit\"}]},{\"@type\":\"WebSite\",\"@id\":\"https:\\\/\\\/blogs.uef.fi\\\/tiedonhaku-fysiikka\\\/#website\",\"url\":\"https:\\\/\\\/blogs.uef.fi\\\/tiedonhaku-fysiikka\\\/\",\"name\":\"Fysiikan ja tekniikan tiedonhaku\",\"description\":\"\",\"potentialAction\":[{\"@type\":\"SearchAction\",\"target\":{\"@type\":\"EntryPoint\",\"urlTemplate\":\"https:\\\/\\\/blogs.uef.fi\\\/tiedonhaku-fysiikka\\\/?s={search_term_string}\"},\"query-input\":{\"@type\":\"PropertyValueSpecification\",\"valueRequired\":true,\"valueName\":\"search_term_string\"}}],\"inLanguage\":\"fi\"}]}<\/script>\n<!-- \/ Yoast SEO plugin. -->","yoast_head_json":{"title":"Sanaliitot eli fraasit - Fysiikan ja tekniikan tiedonhaku","robots":{"index":"index","follow":"follow","max-snippet":"max-snippet:-1","max-image-preview":"max-image-preview:large","max-video-preview":"max-video-preview:-1"},"canonical":"https:\/\/blogs.uef.fi\/tiedonhaku-fysiikka\/hakusanat\/fraasit\/","og_locale":"fi_FI","og_type":"article","og_title":"Sanaliitot eli fraasit - Fysiikan ja tekniikan tiedonhaku","og_description":"Sanaliitto on sanapari tai -ryhm\u00e4, jonka merkitysseikat sitovat yhteen. Jotta sanaliiton eli fraasin (phrase) sanat pysyisiv\u00e4t haussa per\u00e4kk\u00e4in ja halutussa j\u00e4rjestyksess\u00e4, joudutaan hakuj\u00e4rjestelmiss\u00e4 m\u00e4\u00e4r\u00e4\u00e4m\u00e4\u00e4n t\u00e4m\u00e4 erikseen. Fraasin merkkin\u00e4 tiedonhaussa k\u00e4ytet\u00e4\u00e4n lainausmerkkej\u00e4 sanaliiton ymp\u00e4rill\u00e4: \u201dkinetic energy\u201d. Fraasin avulla tarkennat tulosta Fraasin merkitys tiedonhaussa on se, ett\u00e4 fraasin avulla hakua saadaan aiheeltaan tarkemmaksi. Samalla my\u00f6s hakutulosten m\u00e4\u00e4r\u00e4 [&hellip;]","og_url":"https:\/\/blogs.uef.fi\/tiedonhaku-fysiikka\/hakusanat\/fraasit\/","og_site_name":"Fysiikan ja tekniikan tiedonhaku","article_modified_time":"2024-08-07T10:09:04+00:00","og_image":[{"url":"https:\/\/blogs.uef.fi\/tiedonhaku-fysiikka\/wp-content\/uploads\/sites\/49\/2018\/07\/FYSfraasitulos.png","type":"","width":"","height":""}],"twitter_card":"summary_large_image","twitter_misc":{"Arvioitu lukuaika":"2 minuuttia"},"schema":{"@context":"https:\/\/schema.org","@graph":[{"@type":"WebPage","@id":"https:\/\/blogs.uef.fi\/tiedonhaku-fysiikka\/hakusanat\/fraasit\/","url":"https:\/\/blogs.uef.fi\/tiedonhaku-fysiikka\/hakusanat\/fraasit\/","name":"Sanaliitot eli fraasit - Fysiikan ja tekniikan tiedonhaku","isPartOf":{"@id":"https:\/\/blogs.uef.fi\/tiedonhaku-fysiikka\/#website"},"primaryImageOfPage":{"@id":"https:\/\/blogs.uef.fi\/tiedonhaku-fysiikka\/hakusanat\/fraasit\/#primaryimage"},"image":{"@id":"https:\/\/blogs.uef.fi\/tiedonhaku-fysiikka\/hakusanat\/fraasit\/#primaryimage"},"thumbnailUrl":"https:\/\/blogs.uef.fi\/tiedonhaku-fysiikka\/wp-content\/uploads\/sites\/49\/2018\/07\/FYSfraasitulos.png","datePublished":"2015-07-31T11:40:15+00:00","dateModified":"2024-08-07T10:09:04+00:00","breadcrumb":{"@id":"https:\/\/blogs.uef.fi\/tiedonhaku-fysiikka\/hakusanat\/fraasit\/#breadcrumb"},"inLanguage":"fi","potentialAction":[{"@type":"ReadAction","target":["https:\/\/blogs.uef.fi\/tiedonhaku-fysiikka\/hakusanat\/fraasit\/"]}]},{"@type":"ImageObject","inLanguage":"fi","@id":"https:\/\/blogs.uef.fi\/tiedonhaku-fysiikka\/hakusanat\/fraasit\/#primaryimage","url":"https:\/\/blogs.uef.fi\/tiedonhaku-fysiikka\/wp-content\/uploads\/sites\/49\/2018\/07\/FYSfraasitulos.png","contentUrl":"https:\/\/blogs.uef.fi\/tiedonhaku-fysiikka\/wp-content\/uploads\/sites\/49\/2018\/07\/FYSfraasitulos.png","width":507,"height":218},{"@type":"BreadcrumbList","@id":"https:\/\/blogs.uef.fi\/tiedonhaku-fysiikka\/hakusanat\/fraasit\/#breadcrumb","itemListElement":[{"@type":"ListItem","position":1,"name":"Home","item":"https:\/\/blogs.uef.fi\/tiedonhaku-fysiikka\/"},{"@type":"ListItem","position":2,"name":"Hakusanat","item":"https:\/\/blogs.uef.fi\/tiedonhaku-fysiikka\/hakusanat\/"},{"@type":"ListItem","position":3,"name":"Sanaliitot eli fraasit"}]},{"@type":"WebSite","@id":"https:\/\/blogs.uef.fi\/tiedonhaku-fysiikka\/#website","url":"https:\/\/blogs.uef.fi\/tiedonhaku-fysiikka\/","name":"Fysiikan ja tekniikan tiedonhaku","description":"","potentialAction":[{"@type":"SearchAction","target":{"@type":"EntryPoint","urlTemplate":"https:\/\/blogs.uef.fi\/tiedonhaku-fysiikka\/?s={search_term_string}"},"query-input":{"@type":"PropertyValueSpecification","valueRequired":true,"valueName":"search_term_string"}}],"inLanguage":"fi"}]}},"_links":{"self":[{"href":"https:\/\/blogs.uef.fi\/tiedonhaku-fysiikka\/wp-json\/wp\/v2\/pages\/106","targetHints":{"allow":["GET"]}}],"collection":[{"href":"https:\/\/blogs.uef.fi\/tiedonhaku-fysiikka\/wp-json\/wp\/v2\/pages"}],"about":[{"href":"https:\/\/blogs.uef.fi\/tiedonhaku-fysiikka\/wp-json\/wp\/v2\/types\/page"}],"author":[{"embeddable":true,"href":"https:\/\/blogs.uef.fi\/tiedonhaku-fysiikka\/wp-json\/wp\/v2\/users\/127"}],"replies":[{"embeddable":true,"href":"https:\/\/blogs.uef.fi\/tiedonhaku-fysiikka\/wp-json\/wp\/v2\/comments?post=106"}],"version-history":[{"count":2,"href":"https:\/\/blogs.uef.fi\/tiedonhaku-fysiikka\/wp-json\/wp\/v2\/pages\/106\/revisions"}],"predecessor-version":[{"id":4401,"href":"https:\/\/blogs.uef.fi\/tiedonhaku-fysiikka\/wp-json\/wp\/v2\/pages\/106\/revisions\/4401"}],"up":[{"embeddable":true,"href":"https:\/\/blogs.uef.fi\/tiedonhaku-fysiikka\/wp-json\/wp\/v2\/pages\/12"}],"wp:attachment":[{"href":"https:\/\/blogs.uef.fi\/tiedonhaku-fysiikka\/wp-json\/wp\/v2\/media?parent=106"}],"curies":[{"name":"wp","href":"https:\/\/api.w.org\/{rel}","templated":true}]}}