{"id":54,"date":"2017-06-14T09:17:59","date_gmt":"2017-06-14T09:17:59","guid":{"rendered":"https:\/\/englanninkielentiedonhaku.wordpress.com\/?page_id=54"},"modified":"2026-04-27T14:51:44","modified_gmt":"2026-04-27T11:51:44","slug":"3-video-avoin-tiede-ja-julkaiseminen","status":"publish","type":"page","link":"https:\/\/blogs.uef.fi\/tiedonhaku-englanti\/1-osio-tieteellinen-julkaiseminen\/3-video-avoin-tiede-ja-julkaiseminen\/","title":{"rendered":"1.2. Avoin tiede ja avoin julkaiseminen"},"content":{"rendered":"\n<p>Oletko koskaan t\u00f6rm\u00e4nnyt googlettaessasi tieteelliseen artikkeliin, jonka lukeminen vaatii maksua? Tai letko l\u00f6yt\u00e4nyt Googlella gradun, jonka kokoteksti\u00e4 ei olekaan saatavilla? Jos olet, olet t\u00f6rm\u00e4nnyt yhteen suurimmista ongelmista tieteellisten julkaisujen suhteen: maksumuureihin tai suljettuihin julkaisuihin.<\/p>\n\n\n\n<p>Tieteelliset julkaisut ovat nykyisin p\u00e4\u00e4osin digitaalisessa muodossa ja voisivat siten olla helposti kaikkien saatavilla. Tieteen tulosten saatavuutta haittaa kuitenkin tieteellisten lehtien ja niiss\u00e4 julkaistavien artikkelien maksullisuus, tilausmaksujen korkeus ja hintojen jatkuva nousu. T\u00e4m\u00e4 tarkoittaa sit\u00e4, ett\u00e4 moniin tieteellisiin julkaisuihin p\u00e4\u00e4see k\u00e4siksi vain, jos on ostanut luku- tai k\u00e4ytt\u00f6oikeuden tieteelliseen lehteen tai tietokantaan. Yliopisto on ostanut t\u00e4llaisia k\u00e4ytt\u00f6oikeuksia, ja siksi opiskelija p\u00e4\u00e4see moniin suljettuihin julkaisuihin k\u00e4siksi esim. UEF-Primon kautta. Yliopiston ulkopuolisilla j\u00e4senill\u00e4 ei n\u00e4ihin aineistoihin ole kuitenkaan p\u00e4\u00e4sy\u00e4. Tieteen tulokset eiv\u00e4t siis ole tasa-arvoisesti kaikkien saatavilla, vaikka jokaisella tulisi olla oikeus tieteelliseen tietoon.<\/p>\n\n\n\n<p>Avoin tiede ja avoin julkaiseminen lis\u00e4\u00e4ntyv\u00e4t onneksi koko ajan. Avoimen tieteen ja avoimen eli Open Acces-julkaisemisen tarkoituksena on tuoda tiede kaikkien saataville &#8211;&nbsp; varallisuudesta riippumatta. Alla olevassa videossa (kesto 2:21) selitet\u00e4\u00e4n lyhyesti Open Access-julkaisemisen periaatteet. Videon on tehnyt John M Pfau Library (CC BY).<\/p>\n\n\n<div class=\"embed-container\">\n    <iframe loading=\"lazy\" title=\"Open Access\" width=\"640\" height=\"360\" src=\"https:\/\/www.youtube.com\/embed\/B579LlMi0Q4?feature=oembed&#038;controls=1&#038;hd=1&#038;autohide=1\" frameborder=\"0\" allow=\"accelerometer; autoplay; clipboard-write; encrypted-media; gyroscope; picture-in-picture; web-share\" referrerpolicy=\"strict-origin-when-cross-origin\" allowfullscreen frameborder=\"0\"><\/iframe><\/div>\n\n\n<p><\/p>\n\n\n\n<p>VINKKI: Avoin tiede ja avoin julkaiseminen ovat tuoneet mukanaan paljon hyvi\u00e4, avoimia l\u00e4hteit\u00e4. Esimerkiksi n\u00e4it\u00e4 voit k\u00e4ytt\u00e4\u00e4 apunasi hakiessasi tietoa (linkit avautuvat uusiin ikkunoihin):<\/p>\n\n\n\n<ul class=\"wp-block-list\">\n<li><a href=\"https:\/\/journal.fi\/\" target=\"_blank\" rel=\"noopener noreferrer\">Journal.fi<\/a> \u2013 suomalaiset tiedelehdet verkossa (mm. Apples &#8211; Journal of Applied Language Studies)<\/li>\n\n\n\n<li><a href=\"https:\/\/erepo.uef.fi\/?locale-attribute=fi\" target=\"_blank\" rel=\"noopener\">UEF eRepo<\/a> \u2013 It\u00e4-Suomen yliopiston opinn\u00e4ytteet ja sarjajulkaisut elektronisessa muodossa vuodesta 2012 alkaen. ( Huom! Osa graduista suljettuja tekij\u00f6iden toivomuksesta. Suljettuja graduja voi lukea vain kampuskirjastoissa.)<\/li>\n\n\n\n<li><a href=\"https:\/\/www.doaj.org\/\" target=\"_blank\" rel=\"noopener noreferrer\">DOAJ<\/a> \u2013 Directory of Open Access Journals (monitieteinen ja -kielinen tieteellisten lehtien tietokanta)<\/li>\n<\/ul>\n\n\n\n<p>Monet yll\u00e4 mainituista palveluista on linkitetty my\u00f6s UEF-Primoon. Primossa voi hakutuloksen rajata Open Access-julkaisuihin &#8211; huomaa kuitenkin, ett\u00e4 t\u00e4ll\u00f6in tuloksista j\u00e4\u00e4 pois paljon maksullisia, suljettuja artikkeleita.<\/p>\n\n\n\n<p>P\u00e4ivitetty: 4\/2026<\/p>\n\n\n\n<p>Siirry seuraavaan osioon <a href=\"https:\/\/blogs.uef.fi\/tiedonhaku-englanti\/2-osio-tieteellisen-tiedon-etsiminen\/\">2. Tieteellisen tiedon etsimin<\/a><a href=\"https:\/\/blogs.uef.fi\/tiedonhaku-englanti\/2-osio-tieteellisen-tiedon-etsiminen\/\" target=\"_blank\" rel=\"noreferrer noopener\">en<\/a><\/p>\n","protected":false},"excerpt":{"rendered":"<p>Oletko koskaan t\u00f6rm\u00e4nnyt googlettaessasi tieteelliseen artikkeliin, jonka lukeminen vaatii maksua? Tai letko l\u00f6yt\u00e4nyt Googlella gradun, jonka kokoteksti\u00e4 ei olekaan saatavilla? Jos olet, olet t\u00f6rm\u00e4nnyt yhteen suurimmista ongelmista tieteellisten julkaisujen suhteen: maksumuureihin tai suljettuihin julkaisuihin. Tieteelliset julkaisut ovat nykyisin p\u00e4\u00e4osin digitaalisessa muodossa ja voisivat siten olla helposti kaikkien saatavilla. Tieteen tulosten saatavuutta haittaa kuitenkin tieteellisten lehtien [&hellip;]<\/p>\n","protected":false},"author":129,"featured_media":0,"parent":22,"menu_order":0,"comment_status":"closed","ping_status":"closed","template":"","meta":{"_acf_changed":false,"footnotes":""},"class_list":["post-54","page","type-page","status-publish","hentry"],"acf":[],"yoast_head":"<!-- This site is optimized with the Yoast SEO plugin v27.3 - https:\/\/yoast.com\/product\/yoast-seo-wordpress\/ -->\n<title>1.2. Avoin tiede ja avoin julkaiseminen - Englannin kielen tiedonhaku<\/title>\n<meta name=\"robots\" content=\"index, follow, max-snippet:-1, max-image-preview:large, max-video-preview:-1\" \/>\n<link rel=\"canonical\" href=\"https:\/\/blogs.uef.fi\/tiedonhaku-englanti\/1-osio-tieteellinen-julkaiseminen\/3-video-avoin-tiede-ja-julkaiseminen\/\" \/>\n<meta property=\"og:locale\" content=\"fi_FI\" \/>\n<meta property=\"og:type\" content=\"article\" \/>\n<meta property=\"og:title\" content=\"1.2. Avoin tiede ja avoin julkaiseminen - Englannin kielen tiedonhaku\" \/>\n<meta property=\"og:description\" content=\"Oletko koskaan t\u00f6rm\u00e4nnyt googlettaessasi tieteelliseen artikkeliin, jonka lukeminen vaatii maksua? Tai letko l\u00f6yt\u00e4nyt Googlella gradun, jonka kokoteksti\u00e4 ei olekaan saatavilla? Jos olet, olet t\u00f6rm\u00e4nnyt yhteen suurimmista ongelmista tieteellisten julkaisujen suhteen: maksumuureihin tai suljettuihin julkaisuihin. Tieteelliset julkaisut ovat nykyisin p\u00e4\u00e4osin digitaalisessa muodossa ja voisivat siten olla helposti kaikkien saatavilla. Tieteen tulosten saatavuutta haittaa kuitenkin tieteellisten lehtien [&hellip;]\" \/>\n<meta property=\"og:url\" content=\"https:\/\/blogs.uef.fi\/tiedonhaku-englanti\/1-osio-tieteellinen-julkaiseminen\/3-video-avoin-tiede-ja-julkaiseminen\/\" \/>\n<meta property=\"og:site_name\" content=\"Englannin kielen tiedonhaku\" \/>\n<meta property=\"article:modified_time\" content=\"2026-04-27T11:51:44+00:00\" \/>\n<meta name=\"twitter:card\" content=\"summary_large_image\" \/>\n<meta name=\"twitter:label1\" content=\"Arvioitu lukuaika\" \/>\n\t<meta name=\"twitter:data1\" content=\"2 minuuttia\" \/>\n<script type=\"application\/ld+json\" class=\"yoast-schema-graph\">{\"@context\":\"https:\\\/\\\/schema.org\",\"@graph\":[{\"@type\":\"WebPage\",\"@id\":\"https:\\\/\\\/blogs.uef.fi\\\/tiedonhaku-englanti\\\/1-osio-tieteellinen-julkaiseminen\\\/3-video-avoin-tiede-ja-julkaiseminen\\\/\",\"url\":\"https:\\\/\\\/blogs.uef.fi\\\/tiedonhaku-englanti\\\/1-osio-tieteellinen-julkaiseminen\\\/3-video-avoin-tiede-ja-julkaiseminen\\\/\",\"name\":\"1.2. Avoin tiede ja avoin julkaiseminen - Englannin kielen tiedonhaku\",\"isPartOf\":{\"@id\":\"https:\\\/\\\/blogs.uef.fi\\\/tiedonhaku-englanti\\\/#website\"},\"datePublished\":\"2017-06-14T09:17:59+00:00\",\"dateModified\":\"2026-04-27T11:51:44+00:00\",\"breadcrumb\":{\"@id\":\"https:\\\/\\\/blogs.uef.fi\\\/tiedonhaku-englanti\\\/1-osio-tieteellinen-julkaiseminen\\\/3-video-avoin-tiede-ja-julkaiseminen\\\/#breadcrumb\"},\"inLanguage\":\"fi\",\"potentialAction\":[{\"@type\":\"ReadAction\",\"target\":[\"https:\\\/\\\/blogs.uef.fi\\\/tiedonhaku-englanti\\\/1-osio-tieteellinen-julkaiseminen\\\/3-video-avoin-tiede-ja-julkaiseminen\\\/\"]}]},{\"@type\":\"BreadcrumbList\",\"@id\":\"https:\\\/\\\/blogs.uef.fi\\\/tiedonhaku-englanti\\\/1-osio-tieteellinen-julkaiseminen\\\/3-video-avoin-tiede-ja-julkaiseminen\\\/#breadcrumb\",\"itemListElement\":[{\"@type\":\"ListItem\",\"position\":1,\"name\":\"Home\",\"item\":\"https:\\\/\\\/blogs.uef.fi\\\/tiedonhaku-englanti\\\/\"},{\"@type\":\"ListItem\",\"position\":2,\"name\":\"1. Tieteellinen julkaiseminen\",\"item\":\"https:\\\/\\\/blogs.uef.fi\\\/tiedonhaku-englanti\\\/1-osio-tieteellinen-julkaiseminen\\\/\"},{\"@type\":\"ListItem\",\"position\":3,\"name\":\"1.2. Avoin tiede ja avoin julkaiseminen\"}]},{\"@type\":\"WebSite\",\"@id\":\"https:\\\/\\\/blogs.uef.fi\\\/tiedonhaku-englanti\\\/#website\",\"url\":\"https:\\\/\\\/blogs.uef.fi\\\/tiedonhaku-englanti\\\/\",\"name\":\"Englannin kielen tiedonhaku\",\"description\":\"\",\"potentialAction\":[{\"@type\":\"SearchAction\",\"target\":{\"@type\":\"EntryPoint\",\"urlTemplate\":\"https:\\\/\\\/blogs.uef.fi\\\/tiedonhaku-englanti\\\/?s={search_term_string}\"},\"query-input\":{\"@type\":\"PropertyValueSpecification\",\"valueRequired\":true,\"valueName\":\"search_term_string\"}}],\"inLanguage\":\"fi\"}]}<\/script>\n<!-- \/ Yoast SEO plugin. -->","yoast_head_json":{"title":"1.2. Avoin tiede ja avoin julkaiseminen - Englannin kielen tiedonhaku","robots":{"index":"index","follow":"follow","max-snippet":"max-snippet:-1","max-image-preview":"max-image-preview:large","max-video-preview":"max-video-preview:-1"},"canonical":"https:\/\/blogs.uef.fi\/tiedonhaku-englanti\/1-osio-tieteellinen-julkaiseminen\/3-video-avoin-tiede-ja-julkaiseminen\/","og_locale":"fi_FI","og_type":"article","og_title":"1.2. Avoin tiede ja avoin julkaiseminen - Englannin kielen tiedonhaku","og_description":"Oletko koskaan t\u00f6rm\u00e4nnyt googlettaessasi tieteelliseen artikkeliin, jonka lukeminen vaatii maksua? Tai letko l\u00f6yt\u00e4nyt Googlella gradun, jonka kokoteksti\u00e4 ei olekaan saatavilla? Jos olet, olet t\u00f6rm\u00e4nnyt yhteen suurimmista ongelmista tieteellisten julkaisujen suhteen: maksumuureihin tai suljettuihin julkaisuihin. Tieteelliset julkaisut ovat nykyisin p\u00e4\u00e4osin digitaalisessa muodossa ja voisivat siten olla helposti kaikkien saatavilla. Tieteen tulosten saatavuutta haittaa kuitenkin tieteellisten lehtien [&hellip;]","og_url":"https:\/\/blogs.uef.fi\/tiedonhaku-englanti\/1-osio-tieteellinen-julkaiseminen\/3-video-avoin-tiede-ja-julkaiseminen\/","og_site_name":"Englannin kielen tiedonhaku","article_modified_time":"2026-04-27T11:51:44+00:00","twitter_card":"summary_large_image","twitter_misc":{"Arvioitu lukuaika":"2 minuuttia"},"schema":{"@context":"https:\/\/schema.org","@graph":[{"@type":"WebPage","@id":"https:\/\/blogs.uef.fi\/tiedonhaku-englanti\/1-osio-tieteellinen-julkaiseminen\/3-video-avoin-tiede-ja-julkaiseminen\/","url":"https:\/\/blogs.uef.fi\/tiedonhaku-englanti\/1-osio-tieteellinen-julkaiseminen\/3-video-avoin-tiede-ja-julkaiseminen\/","name":"1.2. Avoin tiede ja avoin julkaiseminen - Englannin kielen tiedonhaku","isPartOf":{"@id":"https:\/\/blogs.uef.fi\/tiedonhaku-englanti\/#website"},"datePublished":"2017-06-14T09:17:59+00:00","dateModified":"2026-04-27T11:51:44+00:00","breadcrumb":{"@id":"https:\/\/blogs.uef.fi\/tiedonhaku-englanti\/1-osio-tieteellinen-julkaiseminen\/3-video-avoin-tiede-ja-julkaiseminen\/#breadcrumb"},"inLanguage":"fi","potentialAction":[{"@type":"ReadAction","target":["https:\/\/blogs.uef.fi\/tiedonhaku-englanti\/1-osio-tieteellinen-julkaiseminen\/3-video-avoin-tiede-ja-julkaiseminen\/"]}]},{"@type":"BreadcrumbList","@id":"https:\/\/blogs.uef.fi\/tiedonhaku-englanti\/1-osio-tieteellinen-julkaiseminen\/3-video-avoin-tiede-ja-julkaiseminen\/#breadcrumb","itemListElement":[{"@type":"ListItem","position":1,"name":"Home","item":"https:\/\/blogs.uef.fi\/tiedonhaku-englanti\/"},{"@type":"ListItem","position":2,"name":"1. Tieteellinen julkaiseminen","item":"https:\/\/blogs.uef.fi\/tiedonhaku-englanti\/1-osio-tieteellinen-julkaiseminen\/"},{"@type":"ListItem","position":3,"name":"1.2. Avoin tiede ja avoin julkaiseminen"}]},{"@type":"WebSite","@id":"https:\/\/blogs.uef.fi\/tiedonhaku-englanti\/#website","url":"https:\/\/blogs.uef.fi\/tiedonhaku-englanti\/","name":"Englannin kielen tiedonhaku","description":"","potentialAction":[{"@type":"SearchAction","target":{"@type":"EntryPoint","urlTemplate":"https:\/\/blogs.uef.fi\/tiedonhaku-englanti\/?s={search_term_string}"},"query-input":{"@type":"PropertyValueSpecification","valueRequired":true,"valueName":"search_term_string"}}],"inLanguage":"fi"}]}},"_links":{"self":[{"href":"https:\/\/blogs.uef.fi\/tiedonhaku-englanti\/wp-json\/wp\/v2\/pages\/54","targetHints":{"allow":["GET"]}}],"collection":[{"href":"https:\/\/blogs.uef.fi\/tiedonhaku-englanti\/wp-json\/wp\/v2\/pages"}],"about":[{"href":"https:\/\/blogs.uef.fi\/tiedonhaku-englanti\/wp-json\/wp\/v2\/types\/page"}],"author":[{"embeddable":true,"href":"https:\/\/blogs.uef.fi\/tiedonhaku-englanti\/wp-json\/wp\/v2\/users\/129"}],"replies":[{"embeddable":true,"href":"https:\/\/blogs.uef.fi\/tiedonhaku-englanti\/wp-json\/wp\/v2\/comments?post=54"}],"version-history":[{"count":2,"href":"https:\/\/blogs.uef.fi\/tiedonhaku-englanti\/wp-json\/wp\/v2\/pages\/54\/revisions"}],"predecessor-version":[{"id":1939,"href":"https:\/\/blogs.uef.fi\/tiedonhaku-englanti\/wp-json\/wp\/v2\/pages\/54\/revisions\/1939"}],"up":[{"embeddable":true,"href":"https:\/\/blogs.uef.fi\/tiedonhaku-englanti\/wp-json\/wp\/v2\/pages\/22"}],"wp:attachment":[{"href":"https:\/\/blogs.uef.fi\/tiedonhaku-englanti\/wp-json\/wp\/v2\/media?parent=54"}],"curies":[{"name":"wp","href":"https:\/\/api.w.org\/{rel}","templated":true}]}}