{"id":51,"date":"2017-06-14T09:17:54","date_gmt":"2017-06-14T09:17:54","guid":{"rendered":"https:\/\/englanninkielentiedonhaku.wordpress.com\/?page_id=51"},"modified":"2026-04-27T15:33:01","modified_gmt":"2026-04-27T12:33:01","slug":"1-video-tieteellisen-artikkelin-rakenne","status":"publish","type":"page","link":"https:\/\/blogs.uef.fi\/tiedonhaku-englanti\/1-osio-tieteellinen-julkaiseminen\/1-video-tieteellisen-artikkelin-rakenne\/","title":{"rendered":"1.1. Tieteellisen artikkelin rakenne ja vertaisarviointi"},"content":{"rendered":"\n<p>Tieteellinen julkaisu on usein helppo erottaa nk. populaarimmasta materiaalista. Usein ero vaikkapa aikakauslehtiartikkelin ja tieteellisen artikkelin v\u00e4lill\u00e4 selvi\u00e4\u00e4 jo nopealla vilkaisulla. Alla olevassa videossa (kesto 6:19) kerrotaan tieteellisen artikkelin rakenteesta. Videon on tehnyt Amanda Dinscore \/ Henry Madden Library (CC BY).<\/p>\n\n\n<div class=\"embed-container\">\n    <iframe loading=\"lazy\" title=\"The Anatomy of a Scholarly Article\" width=\"640\" height=\"360\" src=\"https:\/\/www.youtube.com\/embed\/ZArGzE1AhSo?feature=oembed&#038;controls=1&#038;hd=1&#038;autohide=1\" frameborder=\"0\" allow=\"accelerometer; autoplay; clipboard-write; encrypted-media; gyroscope; picture-in-picture; web-share\" referrerpolicy=\"strict-origin-when-cross-origin\" allowfullscreen frameborder=\"0\"><\/iframe><\/div>\n\n\n<p><\/p>\n\n\n\n<p>Tieteellinen julkaisu k\u00e4y yleens\u00e4 l\u00e4pi my\u00f6s vertaisarvoinnin prosessin. Vertaisarviointi on tieteellisen julkaisun laadun ja objektiivisuuden tae. Alla olevassa videossa (kesto 3:42, CC BY Deakin Library) kerrotaan, mist\u00e4 vertaisarvoinnissa on kyse.<\/p>\n\n\n<div class=\"embed-container\">\n    <iframe loading=\"lazy\" title=\"What is Peer Review?\" width=\"640\" height=\"360\" src=\"https:\/\/www.youtube.com\/embed\/7Vc5bgyAXSU?feature=oembed&#038;controls=1&#038;hd=1&#038;autohide=1\" frameborder=\"0\" allow=\"accelerometer; autoplay; clipboard-write; encrypted-media; gyroscope; picture-in-picture; web-share\" referrerpolicy=\"strict-origin-when-cross-origin\" allowfullscreen frameborder=\"0\"><\/iframe><\/div>\n\n\n<p><\/p>\n\n\n\n<p>P\u00e4ivitetty 4\/2026<\/p>\n\n\n\n<p>Siirry seuraavaan osioon <a href=\"https:\/\/blogs.uef.fi\/tiedonhaku-englanti\/3-video-avoin-tiede-ja-julkaiseminen\/\">1.2. Avoin tiede ja avoin julkaiseminen<\/a><\/p>\n","protected":false},"excerpt":{"rendered":"<p>Tieteellinen julkaisu on usein helppo erottaa nk. populaarimmasta materiaalista. Usein ero vaikkapa aikakauslehtiartikkelin ja tieteellisen artikkelin v\u00e4lill\u00e4 selvi\u00e4\u00e4 jo nopealla vilkaisulla. Alla olevassa videossa (kesto 6:19) kerrotaan tieteellisen artikkelin rakenteesta. Videon on tehnyt Amanda Dinscore \/ Henry Madden Library (CC BY). Tieteellinen julkaisu k\u00e4y yleens\u00e4 l\u00e4pi my\u00f6s vertaisarvoinnin prosessin. Vertaisarviointi on tieteellisen julkaisun laadun ja [&hellip;]<\/p>\n","protected":false},"author":129,"featured_media":0,"parent":22,"menu_order":0,"comment_status":"closed","ping_status":"closed","template":"","meta":{"_acf_changed":false,"footnotes":""},"class_list":["post-51","page","type-page","status-publish","hentry"],"acf":[],"yoast_head":"<!-- This site is optimized with the Yoast SEO plugin v27.3 - https:\/\/yoast.com\/product\/yoast-seo-wordpress\/ -->\n<title>1.1. Tieteellisen artikkelin rakenne ja vertaisarviointi - Englannin kielen tiedonhaku<\/title>\n<meta name=\"robots\" content=\"index, follow, max-snippet:-1, max-image-preview:large, max-video-preview:-1\" \/>\n<link rel=\"canonical\" href=\"https:\/\/blogs.uef.fi\/tiedonhaku-englanti\/1-osio-tieteellinen-julkaiseminen\/1-video-tieteellisen-artikkelin-rakenne\/\" \/>\n<meta property=\"og:locale\" content=\"fi_FI\" \/>\n<meta property=\"og:type\" content=\"article\" \/>\n<meta property=\"og:title\" content=\"1.1. Tieteellisen artikkelin rakenne ja vertaisarviointi - Englannin kielen tiedonhaku\" \/>\n<meta property=\"og:description\" content=\"Tieteellinen julkaisu on usein helppo erottaa nk. populaarimmasta materiaalista. Usein ero vaikkapa aikakauslehtiartikkelin ja tieteellisen artikkelin v\u00e4lill\u00e4 selvi\u00e4\u00e4 jo nopealla vilkaisulla. Alla olevassa videossa (kesto 6:19) kerrotaan tieteellisen artikkelin rakenteesta. Videon on tehnyt Amanda Dinscore \/ Henry Madden Library (CC BY). Tieteellinen julkaisu k\u00e4y yleens\u00e4 l\u00e4pi my\u00f6s vertaisarvoinnin prosessin. Vertaisarviointi on tieteellisen julkaisun laadun ja [&hellip;]\" \/>\n<meta property=\"og:url\" content=\"https:\/\/blogs.uef.fi\/tiedonhaku-englanti\/1-osio-tieteellinen-julkaiseminen\/1-video-tieteellisen-artikkelin-rakenne\/\" \/>\n<meta property=\"og:site_name\" content=\"Englannin kielen tiedonhaku\" \/>\n<meta property=\"article:modified_time\" content=\"2026-04-27T12:33:01+00:00\" \/>\n<meta name=\"twitter:card\" content=\"summary_large_image\" \/>\n<meta name=\"twitter:label1\" content=\"Arvioitu lukuaika\" \/>\n\t<meta name=\"twitter:data1\" content=\"1 minuutti\" \/>\n<script type=\"application\/ld+json\" class=\"yoast-schema-graph\">{\"@context\":\"https:\\\/\\\/schema.org\",\"@graph\":[{\"@type\":\"WebPage\",\"@id\":\"https:\\\/\\\/blogs.uef.fi\\\/tiedonhaku-englanti\\\/1-osio-tieteellinen-julkaiseminen\\\/1-video-tieteellisen-artikkelin-rakenne\\\/\",\"url\":\"https:\\\/\\\/blogs.uef.fi\\\/tiedonhaku-englanti\\\/1-osio-tieteellinen-julkaiseminen\\\/1-video-tieteellisen-artikkelin-rakenne\\\/\",\"name\":\"1.1. Tieteellisen artikkelin rakenne ja vertaisarviointi - Englannin kielen tiedonhaku\",\"isPartOf\":{\"@id\":\"https:\\\/\\\/blogs.uef.fi\\\/tiedonhaku-englanti\\\/#website\"},\"datePublished\":\"2017-06-14T09:17:54+00:00\",\"dateModified\":\"2026-04-27T12:33:01+00:00\",\"breadcrumb\":{\"@id\":\"https:\\\/\\\/blogs.uef.fi\\\/tiedonhaku-englanti\\\/1-osio-tieteellinen-julkaiseminen\\\/1-video-tieteellisen-artikkelin-rakenne\\\/#breadcrumb\"},\"inLanguage\":\"fi\",\"potentialAction\":[{\"@type\":\"ReadAction\",\"target\":[\"https:\\\/\\\/blogs.uef.fi\\\/tiedonhaku-englanti\\\/1-osio-tieteellinen-julkaiseminen\\\/1-video-tieteellisen-artikkelin-rakenne\\\/\"]}]},{\"@type\":\"BreadcrumbList\",\"@id\":\"https:\\\/\\\/blogs.uef.fi\\\/tiedonhaku-englanti\\\/1-osio-tieteellinen-julkaiseminen\\\/1-video-tieteellisen-artikkelin-rakenne\\\/#breadcrumb\",\"itemListElement\":[{\"@type\":\"ListItem\",\"position\":1,\"name\":\"Home\",\"item\":\"https:\\\/\\\/blogs.uef.fi\\\/tiedonhaku-englanti\\\/\"},{\"@type\":\"ListItem\",\"position\":2,\"name\":\"1. Tieteellinen julkaiseminen\",\"item\":\"https:\\\/\\\/blogs.uef.fi\\\/tiedonhaku-englanti\\\/1-osio-tieteellinen-julkaiseminen\\\/\"},{\"@type\":\"ListItem\",\"position\":3,\"name\":\"1.1. Tieteellisen artikkelin rakenne ja vertaisarviointi\"}]},{\"@type\":\"WebSite\",\"@id\":\"https:\\\/\\\/blogs.uef.fi\\\/tiedonhaku-englanti\\\/#website\",\"url\":\"https:\\\/\\\/blogs.uef.fi\\\/tiedonhaku-englanti\\\/\",\"name\":\"Englannin kielen tiedonhaku\",\"description\":\"\",\"potentialAction\":[{\"@type\":\"SearchAction\",\"target\":{\"@type\":\"EntryPoint\",\"urlTemplate\":\"https:\\\/\\\/blogs.uef.fi\\\/tiedonhaku-englanti\\\/?s={search_term_string}\"},\"query-input\":{\"@type\":\"PropertyValueSpecification\",\"valueRequired\":true,\"valueName\":\"search_term_string\"}}],\"inLanguage\":\"fi\"}]}<\/script>\n<!-- \/ Yoast SEO plugin. -->","yoast_head_json":{"title":"1.1. Tieteellisen artikkelin rakenne ja vertaisarviointi - Englannin kielen tiedonhaku","robots":{"index":"index","follow":"follow","max-snippet":"max-snippet:-1","max-image-preview":"max-image-preview:large","max-video-preview":"max-video-preview:-1"},"canonical":"https:\/\/blogs.uef.fi\/tiedonhaku-englanti\/1-osio-tieteellinen-julkaiseminen\/1-video-tieteellisen-artikkelin-rakenne\/","og_locale":"fi_FI","og_type":"article","og_title":"1.1. Tieteellisen artikkelin rakenne ja vertaisarviointi - Englannin kielen tiedonhaku","og_description":"Tieteellinen julkaisu on usein helppo erottaa nk. populaarimmasta materiaalista. Usein ero vaikkapa aikakauslehtiartikkelin ja tieteellisen artikkelin v\u00e4lill\u00e4 selvi\u00e4\u00e4 jo nopealla vilkaisulla. Alla olevassa videossa (kesto 6:19) kerrotaan tieteellisen artikkelin rakenteesta. Videon on tehnyt Amanda Dinscore \/ Henry Madden Library (CC BY). Tieteellinen julkaisu k\u00e4y yleens\u00e4 l\u00e4pi my\u00f6s vertaisarvoinnin prosessin. Vertaisarviointi on tieteellisen julkaisun laadun ja [&hellip;]","og_url":"https:\/\/blogs.uef.fi\/tiedonhaku-englanti\/1-osio-tieteellinen-julkaiseminen\/1-video-tieteellisen-artikkelin-rakenne\/","og_site_name":"Englannin kielen tiedonhaku","article_modified_time":"2026-04-27T12:33:01+00:00","twitter_card":"summary_large_image","twitter_misc":{"Arvioitu lukuaika":"1 minuutti"},"schema":{"@context":"https:\/\/schema.org","@graph":[{"@type":"WebPage","@id":"https:\/\/blogs.uef.fi\/tiedonhaku-englanti\/1-osio-tieteellinen-julkaiseminen\/1-video-tieteellisen-artikkelin-rakenne\/","url":"https:\/\/blogs.uef.fi\/tiedonhaku-englanti\/1-osio-tieteellinen-julkaiseminen\/1-video-tieteellisen-artikkelin-rakenne\/","name":"1.1. Tieteellisen artikkelin rakenne ja vertaisarviointi - Englannin kielen tiedonhaku","isPartOf":{"@id":"https:\/\/blogs.uef.fi\/tiedonhaku-englanti\/#website"},"datePublished":"2017-06-14T09:17:54+00:00","dateModified":"2026-04-27T12:33:01+00:00","breadcrumb":{"@id":"https:\/\/blogs.uef.fi\/tiedonhaku-englanti\/1-osio-tieteellinen-julkaiseminen\/1-video-tieteellisen-artikkelin-rakenne\/#breadcrumb"},"inLanguage":"fi","potentialAction":[{"@type":"ReadAction","target":["https:\/\/blogs.uef.fi\/tiedonhaku-englanti\/1-osio-tieteellinen-julkaiseminen\/1-video-tieteellisen-artikkelin-rakenne\/"]}]},{"@type":"BreadcrumbList","@id":"https:\/\/blogs.uef.fi\/tiedonhaku-englanti\/1-osio-tieteellinen-julkaiseminen\/1-video-tieteellisen-artikkelin-rakenne\/#breadcrumb","itemListElement":[{"@type":"ListItem","position":1,"name":"Home","item":"https:\/\/blogs.uef.fi\/tiedonhaku-englanti\/"},{"@type":"ListItem","position":2,"name":"1. Tieteellinen julkaiseminen","item":"https:\/\/blogs.uef.fi\/tiedonhaku-englanti\/1-osio-tieteellinen-julkaiseminen\/"},{"@type":"ListItem","position":3,"name":"1.1. Tieteellisen artikkelin rakenne ja vertaisarviointi"}]},{"@type":"WebSite","@id":"https:\/\/blogs.uef.fi\/tiedonhaku-englanti\/#website","url":"https:\/\/blogs.uef.fi\/tiedonhaku-englanti\/","name":"Englannin kielen tiedonhaku","description":"","potentialAction":[{"@type":"SearchAction","target":{"@type":"EntryPoint","urlTemplate":"https:\/\/blogs.uef.fi\/tiedonhaku-englanti\/?s={search_term_string}"},"query-input":{"@type":"PropertyValueSpecification","valueRequired":true,"valueName":"search_term_string"}}],"inLanguage":"fi"}]}},"_links":{"self":[{"href":"https:\/\/blogs.uef.fi\/tiedonhaku-englanti\/wp-json\/wp\/v2\/pages\/51","targetHints":{"allow":["GET"]}}],"collection":[{"href":"https:\/\/blogs.uef.fi\/tiedonhaku-englanti\/wp-json\/wp\/v2\/pages"}],"about":[{"href":"https:\/\/blogs.uef.fi\/tiedonhaku-englanti\/wp-json\/wp\/v2\/types\/page"}],"author":[{"embeddable":true,"href":"https:\/\/blogs.uef.fi\/tiedonhaku-englanti\/wp-json\/wp\/v2\/users\/129"}],"replies":[{"embeddable":true,"href":"https:\/\/blogs.uef.fi\/tiedonhaku-englanti\/wp-json\/wp\/v2\/comments?post=51"}],"version-history":[{"count":2,"href":"https:\/\/blogs.uef.fi\/tiedonhaku-englanti\/wp-json\/wp\/v2\/pages\/51\/revisions"}],"predecessor-version":[{"id":1943,"href":"https:\/\/blogs.uef.fi\/tiedonhaku-englanti\/wp-json\/wp\/v2\/pages\/51\/revisions\/1943"}],"up":[{"embeddable":true,"href":"https:\/\/blogs.uef.fi\/tiedonhaku-englanti\/wp-json\/wp\/v2\/pages\/22"}],"wp:attachment":[{"href":"https:\/\/blogs.uef.fi\/tiedonhaku-englanti\/wp-json\/wp\/v2\/media?parent=51"}],"curies":[{"name":"wp","href":"https:\/\/api.w.org\/{rel}","templated":true}]}}