{"id":33,"date":"2017-06-14T09:05:51","date_gmt":"2017-06-14T09:05:51","guid":{"rendered":"https:\/\/englanninkielentiedonhaku.wordpress.com\/?page_id=33"},"modified":"2026-04-27T15:45:07","modified_gmt":"2026-04-27T12:45:07","slug":"5-osio-tutkimusetiikka","status":"publish","type":"page","link":"https:\/\/blogs.uef.fi\/tiedonhaku-englanti\/5-osio-tutkimusetiikka\/","title":{"rendered":"6. Tutkimusetiikka"},"content":{"rendered":"\n<p>Tutkimusetiikka ja vastuullinen tiede koskettavat kaikkia, jotka tekev\u00e4t tukimusta &#8211; oli kyseess\u00e4 sitten opinn\u00e4yte tai tutkimusryhm\u00e4n tutkimusjulkaisu. Alla oleva ohjeistus on kopioitu <a href=\"http:\/\/www.uef.fi\/fi\/tutkimusetiikka\" target=\"_blank\" rel=\"noopener noreferrer\">It\u00e4-Suomen yliopiston kotisivuilta kohdasta &#8221;tutkimusetiikka&#8221; (linkki avautuu uuteen ikkunaan).<\/a> Ohjeeseen on koottu hyv\u00e4n tieteellisen k\u00e4yt\u00e4nn\u00f6n peruspilarit:<\/p>\n\n\n\n<p>&#8221;Hyv\u00e4n tieteellisen k\u00e4yt\u00e4nn\u00f6n noudattamisesta on vastuussa koko yliopiston henkil\u00f6st\u00f6. Yliopisto noudattaa tutkimustoiminnassaan hyv\u00e4\u00e4 tieteellist\u00e4 k\u00e4yt\u00e4nt\u00f6\u00e4 ja Tutkimuseettisen neuvottelukunnan laatimia tutkimuseettisi\u00e4 ohjeita.<\/p>\n\n\n\n<p><strong>Hyv\u00e4 tieteellinen k\u00e4yt\u00e4nt\u00f6<\/strong><\/p>\n\n\n\n<p>1. Toimintatapoina rehellisyys, huolellisuus ja tarkkuus tutkimuksessa, tulosten tallentamisessa ja esitt\u00e4misess\u00e4 sek\u00e4 tutkimusten ja niiden tulosten arvioinnissa<br>2. Eettisesti kest\u00e4v\u00e4t tiedonhankinta-, tutkimus- ja arviointimenetelm\u00e4t sek\u00e4 avoimuus tulosten julkaisussa<br>3. Muiden tutkijoiden ty\u00f6n ja saavutusten asianmukainen huomioon ottaminen<br>4. Tutkimuksen suunnittelu, toteutus ja raportointi tieteelliselle tiedolle asettettujen vaatimusten mukaan<br>5. Tutkimusryhm\u00e4n j\u00e4senten asema, oikeudet, osuus tekijyydest\u00e4, vastuut ja velvollisuudet m\u00e4\u00e4ritelty ennen tutkimuksen alkamista tai tutkijan rekrytointia<br>6. Rahoitusl\u00e4hteiden ja sidonnaisuuksien ilmoittaminen<br>7. Hyv\u00e4 hallintok\u00e4yt\u00e4nt\u00f6 sek\u00e4 henkil\u00f6st\u00f6- ja taloushallinto&#8221;<\/p>\n\n\n\n<p>Plagioinnista ja sen v\u00e4ltt\u00e4misest\u00e4 on varmasti puhuttu paljon niin aiemmissa opinnoissasi kuin opinn\u00e4ytety\u00f6n seminaarissakin. Mutta tiesitk\u00f6, ett\u00e4 plagiointia on montaa eri tyyppi\u00e4? Katso alla oleva Scribbrn video (kesto 3:25, CC BY) plagionnista.<\/p>\n\n\n<div class=\"embed-container\">\n    <iframe loading=\"lazy\" title=\"What is plagiarism? | Scribbr \ud83c\udf93\" width=\"640\" height=\"360\" src=\"https:\/\/www.youtube.com\/embed\/Uk1pq8sb-eo?feature=oembed&#038;controls=1&#038;hd=1&#038;autohide=1\" frameborder=\"0\" allow=\"accelerometer; autoplay; clipboard-write; encrypted-media; gyroscope; picture-in-picture; web-share\" referrerpolicy=\"strict-origin-when-cross-origin\" allowfullscreen frameborder=\"0\"><\/iframe><\/div>\n\n\n<p><\/p>\n\n\n\n<p>P\u00e4ivitetty 4\/2026<\/p>\n\n\n\n<p>Siirry seuraavaan osioon <a href=\"https:\/\/blogs.uef.fi\/tiedonhaku-englanti\/vinkki-oman-alan-tietokannat\/\">Vinkki: oman alan tietokannat<\/a><\/p>\n","protected":false},"excerpt":{"rendered":"<p>Tutkimusetiikka ja vastuullinen tiede koskettavat kaikkia, jotka tekev\u00e4t tukimusta &#8211; oli kyseess\u00e4 sitten opinn\u00e4yte tai tutkimusryhm\u00e4n tutkimusjulkaisu. Alla oleva ohjeistus on kopioitu It\u00e4-Suomen yliopiston kotisivuilta kohdasta &#8221;tutkimusetiikka&#8221; (linkki avautuu uuteen ikkunaan). Ohjeeseen on koottu hyv\u00e4n tieteellisen k\u00e4yt\u00e4nn\u00f6n peruspilarit: &#8221;Hyv\u00e4n tieteellisen k\u00e4yt\u00e4nn\u00f6n noudattamisesta on vastuussa koko yliopiston henkil\u00f6st\u00f6. Yliopisto noudattaa tutkimustoiminnassaan hyv\u00e4\u00e4 tieteellist\u00e4 k\u00e4yt\u00e4nt\u00f6\u00e4 ja Tutkimuseettisen [&hellip;]<\/p>\n","protected":false},"author":129,"featured_media":0,"parent":0,"menu_order":0,"comment_status":"closed","ping_status":"closed","template":"","meta":{"_acf_changed":false,"footnotes":""},"class_list":["post-33","page","type-page","status-publish","hentry"],"acf":[],"yoast_head":"<!-- This site is optimized with the Yoast SEO plugin v27.3 - https:\/\/yoast.com\/product\/yoast-seo-wordpress\/ -->\n<title>6. Tutkimusetiikka - Englannin kielen tiedonhaku<\/title>\n<meta name=\"robots\" content=\"index, follow, max-snippet:-1, max-image-preview:large, max-video-preview:-1\" \/>\n<link rel=\"canonical\" href=\"https:\/\/blogs.uef.fi\/tiedonhaku-englanti\/5-osio-tutkimusetiikka\/\" \/>\n<meta property=\"og:locale\" content=\"fi_FI\" \/>\n<meta property=\"og:type\" content=\"article\" \/>\n<meta property=\"og:title\" content=\"6. Tutkimusetiikka - Englannin kielen tiedonhaku\" \/>\n<meta property=\"og:description\" content=\"Tutkimusetiikka ja vastuullinen tiede koskettavat kaikkia, jotka tekev\u00e4t tukimusta &#8211; oli kyseess\u00e4 sitten opinn\u00e4yte tai tutkimusryhm\u00e4n tutkimusjulkaisu. Alla oleva ohjeistus on kopioitu It\u00e4-Suomen yliopiston kotisivuilta kohdasta &#8221;tutkimusetiikka&#8221; (linkki avautuu uuteen ikkunaan). Ohjeeseen on koottu hyv\u00e4n tieteellisen k\u00e4yt\u00e4nn\u00f6n peruspilarit: &#8221;Hyv\u00e4n tieteellisen k\u00e4yt\u00e4nn\u00f6n noudattamisesta on vastuussa koko yliopiston henkil\u00f6st\u00f6. Yliopisto noudattaa tutkimustoiminnassaan hyv\u00e4\u00e4 tieteellist\u00e4 k\u00e4yt\u00e4nt\u00f6\u00e4 ja Tutkimuseettisen [&hellip;]\" \/>\n<meta property=\"og:url\" content=\"https:\/\/blogs.uef.fi\/tiedonhaku-englanti\/5-osio-tutkimusetiikka\/\" \/>\n<meta property=\"og:site_name\" content=\"Englannin kielen tiedonhaku\" \/>\n<meta property=\"article:modified_time\" content=\"2026-04-27T12:45:07+00:00\" \/>\n<meta name=\"twitter:card\" content=\"summary_large_image\" \/>\n<meta name=\"twitter:label1\" content=\"Arvioitu lukuaika\" \/>\n\t<meta name=\"twitter:data1\" content=\"2 minuuttia\" \/>\n<script type=\"application\/ld+json\" class=\"yoast-schema-graph\">{\"@context\":\"https:\\\/\\\/schema.org\",\"@graph\":[{\"@type\":\"WebPage\",\"@id\":\"https:\\\/\\\/blogs.uef.fi\\\/tiedonhaku-englanti\\\/5-osio-tutkimusetiikka\\\/\",\"url\":\"https:\\\/\\\/blogs.uef.fi\\\/tiedonhaku-englanti\\\/5-osio-tutkimusetiikka\\\/\",\"name\":\"6. Tutkimusetiikka - Englannin kielen tiedonhaku\",\"isPartOf\":{\"@id\":\"https:\\\/\\\/blogs.uef.fi\\\/tiedonhaku-englanti\\\/#website\"},\"datePublished\":\"2017-06-14T09:05:51+00:00\",\"dateModified\":\"2026-04-27T12:45:07+00:00\",\"breadcrumb\":{\"@id\":\"https:\\\/\\\/blogs.uef.fi\\\/tiedonhaku-englanti\\\/5-osio-tutkimusetiikka\\\/#breadcrumb\"},\"inLanguage\":\"fi\",\"potentialAction\":[{\"@type\":\"ReadAction\",\"target\":[\"https:\\\/\\\/blogs.uef.fi\\\/tiedonhaku-englanti\\\/5-osio-tutkimusetiikka\\\/\"]}]},{\"@type\":\"BreadcrumbList\",\"@id\":\"https:\\\/\\\/blogs.uef.fi\\\/tiedonhaku-englanti\\\/5-osio-tutkimusetiikka\\\/#breadcrumb\",\"itemListElement\":[{\"@type\":\"ListItem\",\"position\":1,\"name\":\"Home\",\"item\":\"https:\\\/\\\/blogs.uef.fi\\\/tiedonhaku-englanti\\\/\"},{\"@type\":\"ListItem\",\"position\":2,\"name\":\"6. Tutkimusetiikka\"}]},{\"@type\":\"WebSite\",\"@id\":\"https:\\\/\\\/blogs.uef.fi\\\/tiedonhaku-englanti\\\/#website\",\"url\":\"https:\\\/\\\/blogs.uef.fi\\\/tiedonhaku-englanti\\\/\",\"name\":\"Englannin kielen tiedonhaku\",\"description\":\"\",\"potentialAction\":[{\"@type\":\"SearchAction\",\"target\":{\"@type\":\"EntryPoint\",\"urlTemplate\":\"https:\\\/\\\/blogs.uef.fi\\\/tiedonhaku-englanti\\\/?s={search_term_string}\"},\"query-input\":{\"@type\":\"PropertyValueSpecification\",\"valueRequired\":true,\"valueName\":\"search_term_string\"}}],\"inLanguage\":\"fi\"}]}<\/script>\n<!-- \/ Yoast SEO plugin. -->","yoast_head_json":{"title":"6. Tutkimusetiikka - Englannin kielen tiedonhaku","robots":{"index":"index","follow":"follow","max-snippet":"max-snippet:-1","max-image-preview":"max-image-preview:large","max-video-preview":"max-video-preview:-1"},"canonical":"https:\/\/blogs.uef.fi\/tiedonhaku-englanti\/5-osio-tutkimusetiikka\/","og_locale":"fi_FI","og_type":"article","og_title":"6. Tutkimusetiikka - Englannin kielen tiedonhaku","og_description":"Tutkimusetiikka ja vastuullinen tiede koskettavat kaikkia, jotka tekev\u00e4t tukimusta &#8211; oli kyseess\u00e4 sitten opinn\u00e4yte tai tutkimusryhm\u00e4n tutkimusjulkaisu. Alla oleva ohjeistus on kopioitu It\u00e4-Suomen yliopiston kotisivuilta kohdasta &#8221;tutkimusetiikka&#8221; (linkki avautuu uuteen ikkunaan). Ohjeeseen on koottu hyv\u00e4n tieteellisen k\u00e4yt\u00e4nn\u00f6n peruspilarit: &#8221;Hyv\u00e4n tieteellisen k\u00e4yt\u00e4nn\u00f6n noudattamisesta on vastuussa koko yliopiston henkil\u00f6st\u00f6. Yliopisto noudattaa tutkimustoiminnassaan hyv\u00e4\u00e4 tieteellist\u00e4 k\u00e4yt\u00e4nt\u00f6\u00e4 ja Tutkimuseettisen [&hellip;]","og_url":"https:\/\/blogs.uef.fi\/tiedonhaku-englanti\/5-osio-tutkimusetiikka\/","og_site_name":"Englannin kielen tiedonhaku","article_modified_time":"2026-04-27T12:45:07+00:00","twitter_card":"summary_large_image","twitter_misc":{"Arvioitu lukuaika":"2 minuuttia"},"schema":{"@context":"https:\/\/schema.org","@graph":[{"@type":"WebPage","@id":"https:\/\/blogs.uef.fi\/tiedonhaku-englanti\/5-osio-tutkimusetiikka\/","url":"https:\/\/blogs.uef.fi\/tiedonhaku-englanti\/5-osio-tutkimusetiikka\/","name":"6. Tutkimusetiikka - Englannin kielen tiedonhaku","isPartOf":{"@id":"https:\/\/blogs.uef.fi\/tiedonhaku-englanti\/#website"},"datePublished":"2017-06-14T09:05:51+00:00","dateModified":"2026-04-27T12:45:07+00:00","breadcrumb":{"@id":"https:\/\/blogs.uef.fi\/tiedonhaku-englanti\/5-osio-tutkimusetiikka\/#breadcrumb"},"inLanguage":"fi","potentialAction":[{"@type":"ReadAction","target":["https:\/\/blogs.uef.fi\/tiedonhaku-englanti\/5-osio-tutkimusetiikka\/"]}]},{"@type":"BreadcrumbList","@id":"https:\/\/blogs.uef.fi\/tiedonhaku-englanti\/5-osio-tutkimusetiikka\/#breadcrumb","itemListElement":[{"@type":"ListItem","position":1,"name":"Home","item":"https:\/\/blogs.uef.fi\/tiedonhaku-englanti\/"},{"@type":"ListItem","position":2,"name":"6. Tutkimusetiikka"}]},{"@type":"WebSite","@id":"https:\/\/blogs.uef.fi\/tiedonhaku-englanti\/#website","url":"https:\/\/blogs.uef.fi\/tiedonhaku-englanti\/","name":"Englannin kielen tiedonhaku","description":"","potentialAction":[{"@type":"SearchAction","target":{"@type":"EntryPoint","urlTemplate":"https:\/\/blogs.uef.fi\/tiedonhaku-englanti\/?s={search_term_string}"},"query-input":{"@type":"PropertyValueSpecification","valueRequired":true,"valueName":"search_term_string"}}],"inLanguage":"fi"}]}},"_links":{"self":[{"href":"https:\/\/blogs.uef.fi\/tiedonhaku-englanti\/wp-json\/wp\/v2\/pages\/33","targetHints":{"allow":["GET"]}}],"collection":[{"href":"https:\/\/blogs.uef.fi\/tiedonhaku-englanti\/wp-json\/wp\/v2\/pages"}],"about":[{"href":"https:\/\/blogs.uef.fi\/tiedonhaku-englanti\/wp-json\/wp\/v2\/types\/page"}],"author":[{"embeddable":true,"href":"https:\/\/blogs.uef.fi\/tiedonhaku-englanti\/wp-json\/wp\/v2\/users\/129"}],"replies":[{"embeddable":true,"href":"https:\/\/blogs.uef.fi\/tiedonhaku-englanti\/wp-json\/wp\/v2\/comments?post=33"}],"version-history":[{"count":2,"href":"https:\/\/blogs.uef.fi\/tiedonhaku-englanti\/wp-json\/wp\/v2\/pages\/33\/revisions"}],"predecessor-version":[{"id":1954,"href":"https:\/\/blogs.uef.fi\/tiedonhaku-englanti\/wp-json\/wp\/v2\/pages\/33\/revisions\/1954"}],"wp:attachment":[{"href":"https:\/\/blogs.uef.fi\/tiedonhaku-englanti\/wp-json\/wp\/v2\/media?parent=33"}],"curies":[{"name":"wp","href":"https:\/\/api.w.org\/{rel}","templated":true}]}}