{"id":327,"date":"2018-08-07T13:53:09","date_gmt":"2018-08-07T10:53:09","guid":{"rendered":"https:\/\/blogs.uef.fi\/tiedonhaku-englanti\/?page_id=327"},"modified":"2025-07-22T11:09:35","modified_gmt":"2025-07-22T08:09:35","slug":"kurssin-osaamistavoitteet","status":"publish","type":"page","link":"https:\/\/blogs.uef.fi\/tiedonhaku-englanti\/kurssin-osaamistavoitteet\/","title":{"rendered":"Kurssin osaamistavoitteet"},"content":{"rendered":"\n<p><strong>Opiskelija osaa muotoilla tiedontarpeensa \/ tutkimusaiheensa hakusanoiksi ja niiden yhdistelmiksi \u2013 my\u00f6s vieraalla kielell\u00e4.<\/strong> Kurssilla etsit\u00e4\u00e4n vastauksia kysymyksiin:<\/p>\n\n\n\n<p>\u2013 Miten omasta tutkimusaiheesta johdetaan k\u00e4sitteit\u00e4 ja hakusanoja?<br>\u2013 Mist\u00e4 l\u00f6ytyy apua hakusanojen \u201dkeksimiseen\u201d?<br>\u2013 Miten haussa yhdistet\u00e4\u00e4n toisilleen rinnakkaisia k\u00e4sitteit\u00e4 tai synonyymej\u00e4?<br>\u2013 Miten haussa yhdistet\u00e4\u00e4n toisiaan rajaavia k\u00e4sitteit\u00e4?<br>\u2013 Tiedonhaun prosessiluonteen tajuaminen: milloin on tarpeen aiheen tarkennus tai rajaus uudelleen?<\/p>\n\n\n\n<p><strong>Opiskelija hallitsee tiedonhaun perustekniikat (Boolen logiikan, sanankatkaisun, fraasihaun jne.), erilaiset hakutavat ja suunnitelmallisen tiedonhakuprosessin sek\u00e4 osaa soveltaa niit\u00e4 omaan tiedonhaun ongelmaansa.<\/strong> Kurssin j\u00e4lkeen opiskelija ymm\u00e4rt\u00e4\u00e4:<\/p>\n\n\n\n<p>\u2013 Mit\u00e4 eroa on asiasanahaulla ja vapaasanahaulla?<br>\u2013 Miten otetaan huomioon sanojen taipumiset tai sanaliitot?<br>\u2013 Miten hakusanoja yhdistell\u00e4\u00e4n kussakin tietokannassa?<br>\u2013 Miten rajata hakua?<br>\u2013 Miten supistaa\/kaventaa hakua?<br>\u2013 Miten laajentaa hakua?<\/p>\n\n\n\n<p><strong>Opiskelija tuntee oman alansa t\u00e4rkeimm\u00e4t tieteelliset tiedonl\u00e4hteet ja tietokannat ja osaa valita kulloiseenkin tiedontarpeeseen oikean hakuv\u00e4lineen. Opiskelija on tutustunut avoimen tieteen ja Open Access-julkaisemisen periaatteisiin<\/strong> sek\u00e4 teko\u00e4lyn mahdollisuuksiin tieteellisen tiedon hakemisessa. Kurssin j\u00e4lkeen opiskelija osaa vastata kysymyksiin:<\/p>\n\n\n\n<p>\u2013 Mitk\u00e4 ovat tieteenalan t\u00e4rkeimm\u00e4t kansainv\u00e4liset ja kotimaiset tiedonl\u00e4hteet?<br>\u2013 Miten ja mist\u00e4 niit\u00e4 p\u00e4\u00e4see k\u00e4ytt\u00e4m\u00e4\u00e4n?<br>\u2013 Mist\u00e4 tiedonl\u00e4hteest\u00e4 tai tietokannasta millaistakin tietoa tulee hakea, mit\u00e4 mist\u00e4kin voi l\u00f6yt\u00e4\u00e4?<br>\u2013 Miksi juuri tietty tietokanta on t\u00e4rke\u00e4?<br>\u2013 Miten tehd\u00e4 kattava ja systemaattinen tiedonhaku omasta aiheesta?<br>\u2013 Mit\u00e4 tarkoittaa avoin tiede ja avoin julkaiseminen?<\/p>\n\n\n\n<p>&#8211; Millaisia mahdollisuuksia teko\u00e4ly tarjoaa tieteellisen tiedon hakemiseen? Millaisia rajoitteita sill\u00e4 on?<\/p>\n\n\n\n<p><strong>Opiskelija osaa arvioida kriittisesti saamiaan hakutuloksia ja l\u00e4hteit\u00e4:<\/strong><\/p>\n\n\n\n<p>\u2013 Mihin pit\u00e4\u00e4 kiinnitt\u00e4\u00e4 huomiota hakutuloksissa?<br>\u2013 Miten voi tunnistaa luotettavan tiedon?<br>\u2013 Miten voi tunnistaa tieteellisen tiedon?<br>\u2013 Millaisia ovat tieteelliset julkaisut?<br>\u2013 Miten tulkita tietokantojen viitetietoja?<br>\u2013 Miten saada k\u00e4siins\u00e4 alkuper\u00e4inen dokumentti?<\/p>\n\n\n\n<p><strong>Opiskelija tuntee tiedon k\u00e4yt\u00f6n eettiset ja lailliset periaatteet sek\u00e4 tieteellisen julkaisemisen perusteet<\/strong> ja h\u00e4n osaa vastata kysymyksiin:<\/p>\n\n\n\n<p>\u2013 Mik\u00e4 on plagiointia?<br>\u2013 Mit\u00e4 ovat tekij\u00e4noikeudet?<br>\u2013 Mist\u00e4 saadaan tarvittavat tiedot siihen, miten ja miksi merkit\u00e4\u00e4n l\u00e4hteet ja viitteet?<\/p>\n\n\n\n<p><em>(7\/2025)<\/em><\/p>\n\n\n\n<p><\/p>\n","protected":false},"excerpt":{"rendered":"<p>Opiskelija osaa muotoilla tiedontarpeensa \/ tutkimusaiheensa hakusanoiksi ja niiden yhdistelmiksi \u2013 my\u00f6s vieraalla kielell\u00e4. Kurssilla etsit\u00e4\u00e4n vastauksia kysymyksiin: \u2013 Miten omasta tutkimusaiheesta johdetaan k\u00e4sitteit\u00e4 ja hakusanoja?\u2013 Mist\u00e4 l\u00f6ytyy apua hakusanojen \u201dkeksimiseen\u201d?\u2013 Miten haussa yhdistet\u00e4\u00e4n toisilleen rinnakkaisia k\u00e4sitteit\u00e4 tai synonyymej\u00e4?\u2013 Miten haussa yhdistet\u00e4\u00e4n toisiaan rajaavia k\u00e4sitteit\u00e4?\u2013 Tiedonhaun prosessiluonteen tajuaminen: milloin on tarpeen aiheen tarkennus tai rajaus [&hellip;]<\/p>\n","protected":false},"author":129,"featured_media":0,"parent":0,"menu_order":0,"comment_status":"closed","ping_status":"closed","template":"","meta":{"_acf_changed":false,"footnotes":""},"class_list":["post-327","page","type-page","status-publish","hentry"],"acf":[],"yoast_head":"<!-- This site is optimized with the Yoast SEO plugin v27.1.1 - https:\/\/yoast.com\/product\/yoast-seo-wordpress\/ -->\n<title>Kurssin osaamistavoitteet - Englannin kielen tiedonhaku<\/title>\n<meta name=\"robots\" content=\"index, follow, max-snippet:-1, max-image-preview:large, max-video-preview:-1\" \/>\n<link rel=\"canonical\" href=\"https:\/\/blogs.uef.fi\/tiedonhaku-englanti\/kurssin-osaamistavoitteet\/\" \/>\n<meta property=\"og:locale\" content=\"fi_FI\" \/>\n<meta property=\"og:type\" content=\"article\" \/>\n<meta property=\"og:title\" content=\"Kurssin osaamistavoitteet - Englannin kielen tiedonhaku\" \/>\n<meta property=\"og:description\" content=\"Opiskelija osaa muotoilla tiedontarpeensa \/ tutkimusaiheensa hakusanoiksi ja niiden yhdistelmiksi \u2013 my\u00f6s vieraalla kielell\u00e4. Kurssilla etsit\u00e4\u00e4n vastauksia kysymyksiin: \u2013 Miten omasta tutkimusaiheesta johdetaan k\u00e4sitteit\u00e4 ja hakusanoja?\u2013 Mist\u00e4 l\u00f6ytyy apua hakusanojen \u201dkeksimiseen\u201d?\u2013 Miten haussa yhdistet\u00e4\u00e4n toisilleen rinnakkaisia k\u00e4sitteit\u00e4 tai synonyymej\u00e4?\u2013 Miten haussa yhdistet\u00e4\u00e4n toisiaan rajaavia k\u00e4sitteit\u00e4?\u2013 Tiedonhaun prosessiluonteen tajuaminen: milloin on tarpeen aiheen tarkennus tai rajaus [&hellip;]\" \/>\n<meta property=\"og:url\" content=\"https:\/\/blogs.uef.fi\/tiedonhaku-englanti\/kurssin-osaamistavoitteet\/\" \/>\n<meta property=\"og:site_name\" content=\"Englannin kielen tiedonhaku\" \/>\n<meta property=\"article:modified_time\" content=\"2025-07-22T08:09:35+00:00\" \/>\n<meta name=\"twitter:card\" content=\"summary_large_image\" \/>\n<meta name=\"twitter:label1\" content=\"Arvioitu lukuaika\" \/>\n\t<meta name=\"twitter:data1\" content=\"2 minuuttia\" \/>\n<script type=\"application\/ld+json\" class=\"yoast-schema-graph\">{\"@context\":\"https:\/\/schema.org\",\"@graph\":[{\"@type\":\"WebPage\",\"@id\":\"https:\/\/blogs.uef.fi\/tiedonhaku-englanti\/kurssin-osaamistavoitteet\/\",\"url\":\"https:\/\/blogs.uef.fi\/tiedonhaku-englanti\/kurssin-osaamistavoitteet\/\",\"name\":\"Kurssin osaamistavoitteet - Englannin kielen tiedonhaku\",\"isPartOf\":{\"@id\":\"https:\/\/blogs.uef.fi\/tiedonhaku-englanti\/#website\"},\"datePublished\":\"2018-08-07T10:53:09+00:00\",\"dateModified\":\"2025-07-22T08:09:35+00:00\",\"breadcrumb\":{\"@id\":\"https:\/\/blogs.uef.fi\/tiedonhaku-englanti\/kurssin-osaamistavoitteet\/#breadcrumb\"},\"inLanguage\":\"fi\",\"potentialAction\":[{\"@type\":\"ReadAction\",\"target\":[\"https:\/\/blogs.uef.fi\/tiedonhaku-englanti\/kurssin-osaamistavoitteet\/\"]}]},{\"@type\":\"BreadcrumbList\",\"@id\":\"https:\/\/blogs.uef.fi\/tiedonhaku-englanti\/kurssin-osaamistavoitteet\/#breadcrumb\",\"itemListElement\":[{\"@type\":\"ListItem\",\"position\":1,\"name\":\"Home\",\"item\":\"https:\/\/blogs.uef.fi\/tiedonhaku-englanti\/\"},{\"@type\":\"ListItem\",\"position\":2,\"name\":\"Kurssin osaamistavoitteet\"}]},{\"@type\":\"WebSite\",\"@id\":\"https:\/\/blogs.uef.fi\/tiedonhaku-englanti\/#website\",\"url\":\"https:\/\/blogs.uef.fi\/tiedonhaku-englanti\/\",\"name\":\"Englannin kielen tiedonhaku\",\"description\":\"\",\"potentialAction\":[{\"@type\":\"SearchAction\",\"target\":{\"@type\":\"EntryPoint\",\"urlTemplate\":\"https:\/\/blogs.uef.fi\/tiedonhaku-englanti\/?s={search_term_string}\"},\"query-input\":{\"@type\":\"PropertyValueSpecification\",\"valueRequired\":true,\"valueName\":\"search_term_string\"}}],\"inLanguage\":\"fi\"}]}<\/script>\n<!-- \/ Yoast SEO plugin. -->","yoast_head_json":{"title":"Kurssin osaamistavoitteet - Englannin kielen tiedonhaku","robots":{"index":"index","follow":"follow","max-snippet":"max-snippet:-1","max-image-preview":"max-image-preview:large","max-video-preview":"max-video-preview:-1"},"canonical":"https:\/\/blogs.uef.fi\/tiedonhaku-englanti\/kurssin-osaamistavoitteet\/","og_locale":"fi_FI","og_type":"article","og_title":"Kurssin osaamistavoitteet - Englannin kielen tiedonhaku","og_description":"Opiskelija osaa muotoilla tiedontarpeensa \/ tutkimusaiheensa hakusanoiksi ja niiden yhdistelmiksi \u2013 my\u00f6s vieraalla kielell\u00e4. Kurssilla etsit\u00e4\u00e4n vastauksia kysymyksiin: \u2013 Miten omasta tutkimusaiheesta johdetaan k\u00e4sitteit\u00e4 ja hakusanoja?\u2013 Mist\u00e4 l\u00f6ytyy apua hakusanojen \u201dkeksimiseen\u201d?\u2013 Miten haussa yhdistet\u00e4\u00e4n toisilleen rinnakkaisia k\u00e4sitteit\u00e4 tai synonyymej\u00e4?\u2013 Miten haussa yhdistet\u00e4\u00e4n toisiaan rajaavia k\u00e4sitteit\u00e4?\u2013 Tiedonhaun prosessiluonteen tajuaminen: milloin on tarpeen aiheen tarkennus tai rajaus [&hellip;]","og_url":"https:\/\/blogs.uef.fi\/tiedonhaku-englanti\/kurssin-osaamistavoitteet\/","og_site_name":"Englannin kielen tiedonhaku","article_modified_time":"2025-07-22T08:09:35+00:00","twitter_card":"summary_large_image","twitter_misc":{"Arvioitu lukuaika":"2 minuuttia"},"schema":{"@context":"https:\/\/schema.org","@graph":[{"@type":"WebPage","@id":"https:\/\/blogs.uef.fi\/tiedonhaku-englanti\/kurssin-osaamistavoitteet\/","url":"https:\/\/blogs.uef.fi\/tiedonhaku-englanti\/kurssin-osaamistavoitteet\/","name":"Kurssin osaamistavoitteet - Englannin kielen tiedonhaku","isPartOf":{"@id":"https:\/\/blogs.uef.fi\/tiedonhaku-englanti\/#website"},"datePublished":"2018-08-07T10:53:09+00:00","dateModified":"2025-07-22T08:09:35+00:00","breadcrumb":{"@id":"https:\/\/blogs.uef.fi\/tiedonhaku-englanti\/kurssin-osaamistavoitteet\/#breadcrumb"},"inLanguage":"fi","potentialAction":[{"@type":"ReadAction","target":["https:\/\/blogs.uef.fi\/tiedonhaku-englanti\/kurssin-osaamistavoitteet\/"]}]},{"@type":"BreadcrumbList","@id":"https:\/\/blogs.uef.fi\/tiedonhaku-englanti\/kurssin-osaamistavoitteet\/#breadcrumb","itemListElement":[{"@type":"ListItem","position":1,"name":"Home","item":"https:\/\/blogs.uef.fi\/tiedonhaku-englanti\/"},{"@type":"ListItem","position":2,"name":"Kurssin osaamistavoitteet"}]},{"@type":"WebSite","@id":"https:\/\/blogs.uef.fi\/tiedonhaku-englanti\/#website","url":"https:\/\/blogs.uef.fi\/tiedonhaku-englanti\/","name":"Englannin kielen tiedonhaku","description":"","potentialAction":[{"@type":"SearchAction","target":{"@type":"EntryPoint","urlTemplate":"https:\/\/blogs.uef.fi\/tiedonhaku-englanti\/?s={search_term_string}"},"query-input":{"@type":"PropertyValueSpecification","valueRequired":true,"valueName":"search_term_string"}}],"inLanguage":"fi"}]}},"_links":{"self":[{"href":"https:\/\/blogs.uef.fi\/tiedonhaku-englanti\/wp-json\/wp\/v2\/pages\/327","targetHints":{"allow":["GET"]}}],"collection":[{"href":"https:\/\/blogs.uef.fi\/tiedonhaku-englanti\/wp-json\/wp\/v2\/pages"}],"about":[{"href":"https:\/\/blogs.uef.fi\/tiedonhaku-englanti\/wp-json\/wp\/v2\/types\/page"}],"author":[{"embeddable":true,"href":"https:\/\/blogs.uef.fi\/tiedonhaku-englanti\/wp-json\/wp\/v2\/users\/129"}],"replies":[{"embeddable":true,"href":"https:\/\/blogs.uef.fi\/tiedonhaku-englanti\/wp-json\/wp\/v2\/comments?post=327"}],"version-history":[{"count":1,"href":"https:\/\/blogs.uef.fi\/tiedonhaku-englanti\/wp-json\/wp\/v2\/pages\/327\/revisions"}],"predecessor-version":[{"id":1898,"href":"https:\/\/blogs.uef.fi\/tiedonhaku-englanti\/wp-json\/wp\/v2\/pages\/327\/revisions\/1898"}],"wp:attachment":[{"href":"https:\/\/blogs.uef.fi\/tiedonhaku-englanti\/wp-json\/wp\/v2\/media?parent=327"}],"curies":[{"name":"wp","href":"https:\/\/api.w.org\/{rel}","templated":true}]}}