{"id":32,"date":"2017-06-14T09:05:49","date_gmt":"2017-06-14T09:05:49","guid":{"rendered":"https:\/\/englanninkielentiedonhaku.wordpress.com\/?page_id=32"},"modified":"2025-06-18T11:16:44","modified_gmt":"2025-06-18T08:16:44","slug":"4-osio-hakutekniikat","status":"publish","type":"page","link":"https:\/\/blogs.uef.fi\/tiedonhaku-englanti\/4-osio-hakutekniikat\/","title":{"rendered":"4. Hakutekniikat"},"content":{"rendered":"\n<p>Tietokannat toimivat erilaisten komentojen avulla. N\u00e4it\u00e4 komentoja voidaan kutsua hakutekniikoiksi. T\u00e4ss\u00e4 osiossa tutustutaan hakutekniikoihin, joiden avulla saat omat hakusi tarkentumaan, ja jotka auttavat puhumaan tietokannan kanssa samaa kielt\u00e4. Jokainen tietokanta on k\u00e4ytt\u00f6liittym\u00e4lt\u00e4\u00e4n hieman erilainen, mutta jokaisessa tietokannassa toimivat samat peruss\u00e4\u00e4nn\u00f6t. Tietokantakohtaiset ohjeet (esim. katkaisu- tai jokerimerkki) l\u00f6ytyv\u00e4t kunkin tietokannan Help-napin takaa.<\/p>\n\n\n\n<p>P\u00e4ivitetty: 6\/2025<\/p>\n\n\n\n<p>Siirry seuraavaan osioon <a href=\"https:\/\/blogs.uef.fi\/tiedonhaku-englanti\/4-1-sanankatkaisu-ja-fraasi\/\">4.1. Sanankatkaisu<\/a><\/p>\n\n\n\n<p><\/p>\n","protected":false},"excerpt":{"rendered":"<p>Tietokannat toimivat erilaisten komentojen avulla. N\u00e4it\u00e4 komentoja voidaan kutsua hakutekniikoiksi. T\u00e4ss\u00e4 osiossa tutustutaan hakutekniikoihin, joiden avulla saat omat hakusi tarkentumaan, ja jotka auttavat puhumaan tietokannan kanssa samaa kielt\u00e4. Jokainen tietokanta on k\u00e4ytt\u00f6liittym\u00e4lt\u00e4\u00e4n hieman erilainen, mutta jokaisessa tietokannassa toimivat samat peruss\u00e4\u00e4nn\u00f6t. Tietokantakohtaiset ohjeet (esim. katkaisu- tai jokerimerkki) l\u00f6ytyv\u00e4t kunkin tietokannan Help-napin takaa. P\u00e4ivitetty: 6\/2025 Siirry seuraavaan [&hellip;]<\/p>\n","protected":false},"author":129,"featured_media":0,"parent":0,"menu_order":0,"comment_status":"closed","ping_status":"closed","template":"","meta":{"_acf_changed":false,"footnotes":""},"class_list":["post-32","page","type-page","status-publish","hentry"],"acf":[],"yoast_head":"<!-- This site is optimized with the Yoast SEO plugin v27.1.1 - https:\/\/yoast.com\/product\/yoast-seo-wordpress\/ -->\n<title>4. Hakutekniikat - Englannin kielen tiedonhaku<\/title>\n<meta name=\"robots\" content=\"index, follow, max-snippet:-1, max-image-preview:large, max-video-preview:-1\" \/>\n<link rel=\"canonical\" href=\"https:\/\/blogs.uef.fi\/tiedonhaku-englanti\/4-osio-hakutekniikat\/\" \/>\n<meta property=\"og:locale\" content=\"fi_FI\" \/>\n<meta property=\"og:type\" content=\"article\" \/>\n<meta property=\"og:title\" content=\"4. Hakutekniikat - Englannin kielen tiedonhaku\" \/>\n<meta property=\"og:description\" content=\"Tietokannat toimivat erilaisten komentojen avulla. N\u00e4it\u00e4 komentoja voidaan kutsua hakutekniikoiksi. T\u00e4ss\u00e4 osiossa tutustutaan hakutekniikoihin, joiden avulla saat omat hakusi tarkentumaan, ja jotka auttavat puhumaan tietokannan kanssa samaa kielt\u00e4. Jokainen tietokanta on k\u00e4ytt\u00f6liittym\u00e4lt\u00e4\u00e4n hieman erilainen, mutta jokaisessa tietokannassa toimivat samat peruss\u00e4\u00e4nn\u00f6t. Tietokantakohtaiset ohjeet (esim. katkaisu- tai jokerimerkki) l\u00f6ytyv\u00e4t kunkin tietokannan Help-napin takaa. P\u00e4ivitetty: 6\/2025 Siirry seuraavaan [&hellip;]\" \/>\n<meta property=\"og:url\" content=\"https:\/\/blogs.uef.fi\/tiedonhaku-englanti\/4-osio-hakutekniikat\/\" \/>\n<meta property=\"og:site_name\" content=\"Englannin kielen tiedonhaku\" \/>\n<meta property=\"article:modified_time\" content=\"2025-06-18T08:16:44+00:00\" \/>\n<meta name=\"twitter:card\" content=\"summary_large_image\" \/>\n<meta name=\"twitter:label1\" content=\"Arvioitu lukuaika\" \/>\n\t<meta name=\"twitter:data1\" content=\"1 minuutti\" \/>\n<script type=\"application\/ld+json\" class=\"yoast-schema-graph\">{\"@context\":\"https:\/\/schema.org\",\"@graph\":[{\"@type\":\"WebPage\",\"@id\":\"https:\/\/blogs.uef.fi\/tiedonhaku-englanti\/4-osio-hakutekniikat\/\",\"url\":\"https:\/\/blogs.uef.fi\/tiedonhaku-englanti\/4-osio-hakutekniikat\/\",\"name\":\"4. Hakutekniikat - Englannin kielen tiedonhaku\",\"isPartOf\":{\"@id\":\"https:\/\/blogs.uef.fi\/tiedonhaku-englanti\/#website\"},\"datePublished\":\"2017-06-14T09:05:49+00:00\",\"dateModified\":\"2025-06-18T08:16:44+00:00\",\"breadcrumb\":{\"@id\":\"https:\/\/blogs.uef.fi\/tiedonhaku-englanti\/4-osio-hakutekniikat\/#breadcrumb\"},\"inLanguage\":\"fi\",\"potentialAction\":[{\"@type\":\"ReadAction\",\"target\":[\"https:\/\/blogs.uef.fi\/tiedonhaku-englanti\/4-osio-hakutekniikat\/\"]}]},{\"@type\":\"BreadcrumbList\",\"@id\":\"https:\/\/blogs.uef.fi\/tiedonhaku-englanti\/4-osio-hakutekniikat\/#breadcrumb\",\"itemListElement\":[{\"@type\":\"ListItem\",\"position\":1,\"name\":\"Home\",\"item\":\"https:\/\/blogs.uef.fi\/tiedonhaku-englanti\/\"},{\"@type\":\"ListItem\",\"position\":2,\"name\":\"4. Hakutekniikat\"}]},{\"@type\":\"WebSite\",\"@id\":\"https:\/\/blogs.uef.fi\/tiedonhaku-englanti\/#website\",\"url\":\"https:\/\/blogs.uef.fi\/tiedonhaku-englanti\/\",\"name\":\"Englannin kielen tiedonhaku\",\"description\":\"\",\"potentialAction\":[{\"@type\":\"SearchAction\",\"target\":{\"@type\":\"EntryPoint\",\"urlTemplate\":\"https:\/\/blogs.uef.fi\/tiedonhaku-englanti\/?s={search_term_string}\"},\"query-input\":{\"@type\":\"PropertyValueSpecification\",\"valueRequired\":true,\"valueName\":\"search_term_string\"}}],\"inLanguage\":\"fi\"}]}<\/script>\n<!-- \/ Yoast SEO plugin. -->","yoast_head_json":{"title":"4. Hakutekniikat - Englannin kielen tiedonhaku","robots":{"index":"index","follow":"follow","max-snippet":"max-snippet:-1","max-image-preview":"max-image-preview:large","max-video-preview":"max-video-preview:-1"},"canonical":"https:\/\/blogs.uef.fi\/tiedonhaku-englanti\/4-osio-hakutekniikat\/","og_locale":"fi_FI","og_type":"article","og_title":"4. Hakutekniikat - Englannin kielen tiedonhaku","og_description":"Tietokannat toimivat erilaisten komentojen avulla. N\u00e4it\u00e4 komentoja voidaan kutsua hakutekniikoiksi. T\u00e4ss\u00e4 osiossa tutustutaan hakutekniikoihin, joiden avulla saat omat hakusi tarkentumaan, ja jotka auttavat puhumaan tietokannan kanssa samaa kielt\u00e4. Jokainen tietokanta on k\u00e4ytt\u00f6liittym\u00e4lt\u00e4\u00e4n hieman erilainen, mutta jokaisessa tietokannassa toimivat samat peruss\u00e4\u00e4nn\u00f6t. Tietokantakohtaiset ohjeet (esim. katkaisu- tai jokerimerkki) l\u00f6ytyv\u00e4t kunkin tietokannan Help-napin takaa. P\u00e4ivitetty: 6\/2025 Siirry seuraavaan [&hellip;]","og_url":"https:\/\/blogs.uef.fi\/tiedonhaku-englanti\/4-osio-hakutekniikat\/","og_site_name":"Englannin kielen tiedonhaku","article_modified_time":"2025-06-18T08:16:44+00:00","twitter_card":"summary_large_image","twitter_misc":{"Arvioitu lukuaika":"1 minuutti"},"schema":{"@context":"https:\/\/schema.org","@graph":[{"@type":"WebPage","@id":"https:\/\/blogs.uef.fi\/tiedonhaku-englanti\/4-osio-hakutekniikat\/","url":"https:\/\/blogs.uef.fi\/tiedonhaku-englanti\/4-osio-hakutekniikat\/","name":"4. Hakutekniikat - Englannin kielen tiedonhaku","isPartOf":{"@id":"https:\/\/blogs.uef.fi\/tiedonhaku-englanti\/#website"},"datePublished":"2017-06-14T09:05:49+00:00","dateModified":"2025-06-18T08:16:44+00:00","breadcrumb":{"@id":"https:\/\/blogs.uef.fi\/tiedonhaku-englanti\/4-osio-hakutekniikat\/#breadcrumb"},"inLanguage":"fi","potentialAction":[{"@type":"ReadAction","target":["https:\/\/blogs.uef.fi\/tiedonhaku-englanti\/4-osio-hakutekniikat\/"]}]},{"@type":"BreadcrumbList","@id":"https:\/\/blogs.uef.fi\/tiedonhaku-englanti\/4-osio-hakutekniikat\/#breadcrumb","itemListElement":[{"@type":"ListItem","position":1,"name":"Home","item":"https:\/\/blogs.uef.fi\/tiedonhaku-englanti\/"},{"@type":"ListItem","position":2,"name":"4. Hakutekniikat"}]},{"@type":"WebSite","@id":"https:\/\/blogs.uef.fi\/tiedonhaku-englanti\/#website","url":"https:\/\/blogs.uef.fi\/tiedonhaku-englanti\/","name":"Englannin kielen tiedonhaku","description":"","potentialAction":[{"@type":"SearchAction","target":{"@type":"EntryPoint","urlTemplate":"https:\/\/blogs.uef.fi\/tiedonhaku-englanti\/?s={search_term_string}"},"query-input":{"@type":"PropertyValueSpecification","valueRequired":true,"valueName":"search_term_string"}}],"inLanguage":"fi"}]}},"_links":{"self":[{"href":"https:\/\/blogs.uef.fi\/tiedonhaku-englanti\/wp-json\/wp\/v2\/pages\/32","targetHints":{"allow":["GET"]}}],"collection":[{"href":"https:\/\/blogs.uef.fi\/tiedonhaku-englanti\/wp-json\/wp\/v2\/pages"}],"about":[{"href":"https:\/\/blogs.uef.fi\/tiedonhaku-englanti\/wp-json\/wp\/v2\/types\/page"}],"author":[{"embeddable":true,"href":"https:\/\/blogs.uef.fi\/tiedonhaku-englanti\/wp-json\/wp\/v2\/users\/129"}],"replies":[{"embeddable":true,"href":"https:\/\/blogs.uef.fi\/tiedonhaku-englanti\/wp-json\/wp\/v2\/comments?post=32"}],"version-history":[{"count":2,"href":"https:\/\/blogs.uef.fi\/tiedonhaku-englanti\/wp-json\/wp\/v2\/pages\/32\/revisions"}],"predecessor-version":[{"id":1883,"href":"https:\/\/blogs.uef.fi\/tiedonhaku-englanti\/wp-json\/wp\/v2\/pages\/32\/revisions\/1883"}],"wp:attachment":[{"href":"https:\/\/blogs.uef.fi\/tiedonhaku-englanti\/wp-json\/wp\/v2\/media?parent=32"}],"curies":[{"name":"wp","href":"https:\/\/api.w.org\/{rel}","templated":true}]}}