{"id":31,"date":"2017-06-14T09:05:47","date_gmt":"2017-06-14T09:05:47","guid":{"rendered":"https:\/\/englanninkielentiedonhaku.wordpress.com\/?page_id=31"},"modified":"2026-04-27T15:35:20","modified_gmt":"2026-04-27T12:35:20","slug":"3-osio-oma-tutkimusaihe-hakusanoiksi","status":"publish","type":"page","link":"https:\/\/blogs.uef.fi\/tiedonhaku-englanti\/3-osio-oma-tutkimusaihe-hakusanoiksi\/","title":{"rendered":"3. Hakusanat"},"content":{"rendered":"\n<p>Hakusanat ovat tiedonhaun ydin. Hakutekniikat ja erilaiset tietokannat voivat tuoda relevantteja tuloksia vain silloin, kun hakusanat ovat kohdallaan. Tietokone ei viel\u00e4 ymm\u00e4rr\u00e4 merkityksi\u00e4 merkkien takana, ja siksi hakusanoilla on merkityst\u00e4.<\/p>\n\n\n\n<p>Oman aiheen purkaminen hakusanoiksi voi tuntua ty\u00f6l\u00e4\u00e4lt\u00e4. T\u00e4ss\u00e4 osiossa opit, millaisia keinoja voit k\u00e4ytt\u00e4\u00e4 apuna ideoidessasi hakusanoja omaan tutkimusaiheeseesi.<\/p>\n\n\n\n<p>P\u00e4ivitetty 4\/2026<\/p>\n\n\n\n<p>Siirry seuraavaan osioon <a href=\"https:\/\/blogs.uef.fi\/tiedonhaku-englanti\/3-1-oma-tutkimusaihe-hakusanoiksi\/\">3.1. Oma tutkimusaihe hakusanoiksi<\/a><\/p>\n","protected":false},"excerpt":{"rendered":"<p>Hakusanat ovat tiedonhaun ydin. Hakutekniikat ja erilaiset tietokannat voivat tuoda relevantteja tuloksia vain silloin, kun hakusanat ovat kohdallaan. Tietokone ei viel\u00e4 ymm\u00e4rr\u00e4 merkityksi\u00e4 merkkien takana, ja siksi hakusanoilla on merkityst\u00e4. Oman aiheen purkaminen hakusanoiksi voi tuntua ty\u00f6l\u00e4\u00e4lt\u00e4. T\u00e4ss\u00e4 osiossa opit, millaisia keinoja voit k\u00e4ytt\u00e4\u00e4 apuna ideoidessasi hakusanoja omaan tutkimusaiheeseesi. P\u00e4ivitetty 4\/2026 Siirry seuraavaan osioon 3.1. [&hellip;]<\/p>\n","protected":false},"author":129,"featured_media":0,"parent":0,"menu_order":0,"comment_status":"closed","ping_status":"closed","template":"","meta":{"_acf_changed":false,"footnotes":""},"class_list":["post-31","page","type-page","status-publish","hentry"],"acf":[],"yoast_head":"<!-- This site is optimized with the Yoast SEO plugin v27.3 - https:\/\/yoast.com\/product\/yoast-seo-wordpress\/ -->\n<title>3. Hakusanat - Englannin kielen tiedonhaku<\/title>\n<meta name=\"robots\" content=\"index, follow, max-snippet:-1, max-image-preview:large, max-video-preview:-1\" \/>\n<link rel=\"canonical\" href=\"https:\/\/blogs.uef.fi\/tiedonhaku-englanti\/3-osio-oma-tutkimusaihe-hakusanoiksi\/\" \/>\n<meta property=\"og:locale\" content=\"fi_FI\" \/>\n<meta property=\"og:type\" content=\"article\" \/>\n<meta property=\"og:title\" content=\"3. Hakusanat - Englannin kielen tiedonhaku\" \/>\n<meta property=\"og:description\" content=\"Hakusanat ovat tiedonhaun ydin. Hakutekniikat ja erilaiset tietokannat voivat tuoda relevantteja tuloksia vain silloin, kun hakusanat ovat kohdallaan. Tietokone ei viel\u00e4 ymm\u00e4rr\u00e4 merkityksi\u00e4 merkkien takana, ja siksi hakusanoilla on merkityst\u00e4. Oman aiheen purkaminen hakusanoiksi voi tuntua ty\u00f6l\u00e4\u00e4lt\u00e4. T\u00e4ss\u00e4 osiossa opit, millaisia keinoja voit k\u00e4ytt\u00e4\u00e4 apuna ideoidessasi hakusanoja omaan tutkimusaiheeseesi. P\u00e4ivitetty 4\/2026 Siirry seuraavaan osioon 3.1. [&hellip;]\" \/>\n<meta property=\"og:url\" content=\"https:\/\/blogs.uef.fi\/tiedonhaku-englanti\/3-osio-oma-tutkimusaihe-hakusanoiksi\/\" \/>\n<meta property=\"og:site_name\" content=\"Englannin kielen tiedonhaku\" \/>\n<meta property=\"article:modified_time\" content=\"2026-04-27T12:35:20+00:00\" \/>\n<meta name=\"twitter:card\" content=\"summary_large_image\" \/>\n<meta name=\"twitter:label1\" content=\"Arvioitu lukuaika\" \/>\n\t<meta name=\"twitter:data1\" content=\"1 minuutti\" \/>\n<script type=\"application\/ld+json\" class=\"yoast-schema-graph\">{\"@context\":\"https:\\\/\\\/schema.org\",\"@graph\":[{\"@type\":\"WebPage\",\"@id\":\"https:\\\/\\\/blogs.uef.fi\\\/tiedonhaku-englanti\\\/3-osio-oma-tutkimusaihe-hakusanoiksi\\\/\",\"url\":\"https:\\\/\\\/blogs.uef.fi\\\/tiedonhaku-englanti\\\/3-osio-oma-tutkimusaihe-hakusanoiksi\\\/\",\"name\":\"3. Hakusanat - Englannin kielen tiedonhaku\",\"isPartOf\":{\"@id\":\"https:\\\/\\\/blogs.uef.fi\\\/tiedonhaku-englanti\\\/#website\"},\"datePublished\":\"2017-06-14T09:05:47+00:00\",\"dateModified\":\"2026-04-27T12:35:20+00:00\",\"breadcrumb\":{\"@id\":\"https:\\\/\\\/blogs.uef.fi\\\/tiedonhaku-englanti\\\/3-osio-oma-tutkimusaihe-hakusanoiksi\\\/#breadcrumb\"},\"inLanguage\":\"fi\",\"potentialAction\":[{\"@type\":\"ReadAction\",\"target\":[\"https:\\\/\\\/blogs.uef.fi\\\/tiedonhaku-englanti\\\/3-osio-oma-tutkimusaihe-hakusanoiksi\\\/\"]}]},{\"@type\":\"BreadcrumbList\",\"@id\":\"https:\\\/\\\/blogs.uef.fi\\\/tiedonhaku-englanti\\\/3-osio-oma-tutkimusaihe-hakusanoiksi\\\/#breadcrumb\",\"itemListElement\":[{\"@type\":\"ListItem\",\"position\":1,\"name\":\"Home\",\"item\":\"https:\\\/\\\/blogs.uef.fi\\\/tiedonhaku-englanti\\\/\"},{\"@type\":\"ListItem\",\"position\":2,\"name\":\"3. Hakusanat\"}]},{\"@type\":\"WebSite\",\"@id\":\"https:\\\/\\\/blogs.uef.fi\\\/tiedonhaku-englanti\\\/#website\",\"url\":\"https:\\\/\\\/blogs.uef.fi\\\/tiedonhaku-englanti\\\/\",\"name\":\"Englannin kielen tiedonhaku\",\"description\":\"\",\"potentialAction\":[{\"@type\":\"SearchAction\",\"target\":{\"@type\":\"EntryPoint\",\"urlTemplate\":\"https:\\\/\\\/blogs.uef.fi\\\/tiedonhaku-englanti\\\/?s={search_term_string}\"},\"query-input\":{\"@type\":\"PropertyValueSpecification\",\"valueRequired\":true,\"valueName\":\"search_term_string\"}}],\"inLanguage\":\"fi\"}]}<\/script>\n<!-- \/ Yoast SEO plugin. -->","yoast_head_json":{"title":"3. Hakusanat - Englannin kielen tiedonhaku","robots":{"index":"index","follow":"follow","max-snippet":"max-snippet:-1","max-image-preview":"max-image-preview:large","max-video-preview":"max-video-preview:-1"},"canonical":"https:\/\/blogs.uef.fi\/tiedonhaku-englanti\/3-osio-oma-tutkimusaihe-hakusanoiksi\/","og_locale":"fi_FI","og_type":"article","og_title":"3. Hakusanat - Englannin kielen tiedonhaku","og_description":"Hakusanat ovat tiedonhaun ydin. Hakutekniikat ja erilaiset tietokannat voivat tuoda relevantteja tuloksia vain silloin, kun hakusanat ovat kohdallaan. Tietokone ei viel\u00e4 ymm\u00e4rr\u00e4 merkityksi\u00e4 merkkien takana, ja siksi hakusanoilla on merkityst\u00e4. Oman aiheen purkaminen hakusanoiksi voi tuntua ty\u00f6l\u00e4\u00e4lt\u00e4. T\u00e4ss\u00e4 osiossa opit, millaisia keinoja voit k\u00e4ytt\u00e4\u00e4 apuna ideoidessasi hakusanoja omaan tutkimusaiheeseesi. P\u00e4ivitetty 4\/2026 Siirry seuraavaan osioon 3.1. [&hellip;]","og_url":"https:\/\/blogs.uef.fi\/tiedonhaku-englanti\/3-osio-oma-tutkimusaihe-hakusanoiksi\/","og_site_name":"Englannin kielen tiedonhaku","article_modified_time":"2026-04-27T12:35:20+00:00","twitter_card":"summary_large_image","twitter_misc":{"Arvioitu lukuaika":"1 minuutti"},"schema":{"@context":"https:\/\/schema.org","@graph":[{"@type":"WebPage","@id":"https:\/\/blogs.uef.fi\/tiedonhaku-englanti\/3-osio-oma-tutkimusaihe-hakusanoiksi\/","url":"https:\/\/blogs.uef.fi\/tiedonhaku-englanti\/3-osio-oma-tutkimusaihe-hakusanoiksi\/","name":"3. Hakusanat - Englannin kielen tiedonhaku","isPartOf":{"@id":"https:\/\/blogs.uef.fi\/tiedonhaku-englanti\/#website"},"datePublished":"2017-06-14T09:05:47+00:00","dateModified":"2026-04-27T12:35:20+00:00","breadcrumb":{"@id":"https:\/\/blogs.uef.fi\/tiedonhaku-englanti\/3-osio-oma-tutkimusaihe-hakusanoiksi\/#breadcrumb"},"inLanguage":"fi","potentialAction":[{"@type":"ReadAction","target":["https:\/\/blogs.uef.fi\/tiedonhaku-englanti\/3-osio-oma-tutkimusaihe-hakusanoiksi\/"]}]},{"@type":"BreadcrumbList","@id":"https:\/\/blogs.uef.fi\/tiedonhaku-englanti\/3-osio-oma-tutkimusaihe-hakusanoiksi\/#breadcrumb","itemListElement":[{"@type":"ListItem","position":1,"name":"Home","item":"https:\/\/blogs.uef.fi\/tiedonhaku-englanti\/"},{"@type":"ListItem","position":2,"name":"3. Hakusanat"}]},{"@type":"WebSite","@id":"https:\/\/blogs.uef.fi\/tiedonhaku-englanti\/#website","url":"https:\/\/blogs.uef.fi\/tiedonhaku-englanti\/","name":"Englannin kielen tiedonhaku","description":"","potentialAction":[{"@type":"SearchAction","target":{"@type":"EntryPoint","urlTemplate":"https:\/\/blogs.uef.fi\/tiedonhaku-englanti\/?s={search_term_string}"},"query-input":{"@type":"PropertyValueSpecification","valueRequired":true,"valueName":"search_term_string"}}],"inLanguage":"fi"}]}},"_links":{"self":[{"href":"https:\/\/blogs.uef.fi\/tiedonhaku-englanti\/wp-json\/wp\/v2\/pages\/31","targetHints":{"allow":["GET"]}}],"collection":[{"href":"https:\/\/blogs.uef.fi\/tiedonhaku-englanti\/wp-json\/wp\/v2\/pages"}],"about":[{"href":"https:\/\/blogs.uef.fi\/tiedonhaku-englanti\/wp-json\/wp\/v2\/types\/page"}],"author":[{"embeddable":true,"href":"https:\/\/blogs.uef.fi\/tiedonhaku-englanti\/wp-json\/wp\/v2\/users\/129"}],"replies":[{"embeddable":true,"href":"https:\/\/blogs.uef.fi\/tiedonhaku-englanti\/wp-json\/wp\/v2\/comments?post=31"}],"version-history":[{"count":2,"href":"https:\/\/blogs.uef.fi\/tiedonhaku-englanti\/wp-json\/wp\/v2\/pages\/31\/revisions"}],"predecessor-version":[{"id":1946,"href":"https:\/\/blogs.uef.fi\/tiedonhaku-englanti\/wp-json\/wp\/v2\/pages\/31\/revisions\/1946"}],"wp:attachment":[{"href":"https:\/\/blogs.uef.fi\/tiedonhaku-englanti\/wp-json\/wp\/v2\/media?parent=31"}],"curies":[{"name":"wp","href":"https:\/\/api.w.org\/{rel}","templated":true}]}}