{"id":303,"date":"2018-05-24T13:44:27","date_gmt":"2018-05-24T10:44:27","guid":{"rendered":"https:\/\/blogs.uef.fi\/tiedonhaku-englanti\/?page_id=303"},"modified":"2025-09-25T16:32:08","modified_gmt":"2025-09-25T13:32:08","slug":"tervetuloa-englannin-kielen-tiedonhaun-kurssille","status":"publish","type":"page","link":"https:\/\/blogs.uef.fi\/tiedonhaku-englanti\/","title":{"rendered":"Tervetuloa englannin kielen tiedonhaun kurssille!"},"content":{"rendered":"\n<p>Englannin kielen tiedonhaun kurssi opintopistekurssina on tarkoitettu It\u00e4-Suomen yliopiston opiskelijoille. T\u00e4st\u00e4 syyst\u00e4 kurssin teht\u00e4v\u00e4t sijaitsevat suljetulla Moodle-alustalla. Osa esimerkkien tietokannoista on k\u00e4ytett\u00e4viss\u00e4 vain It\u00e4-Suomen yliopiston k\u00e4ytt\u00e4j\u00e4tunnuksilla. Kurssin video-oppimateriaali on avointa, ja kurssin osioita on tervetullut opiskelemaan itsen\u00e4isesti kuka tahansa!<\/p>\n\n\n\n<p>Kurssin sis\u00e4lt\u00f6 l\u00f6ytyy oikean yl\u00e4kulman p\u00e4\u00e4valikosta ja se on jaoteltu p\u00e4\u00e4- ja alaotsikoihin.<\/p>\n\n\n\n<p><a href=\"http:\/\/creativecommons.org\/licenses\/by-sa\/4.0\/\" rel=\"license\"><img decoding=\"async\" style=\"border-width: 0\" src=\"https:\/\/i.creativecommons.org\/l\/by-sa\/4.0\/80x15.png\" alt=\"Creative Commons -lisenssi\"><\/a><br>T\u00e4m\u00e4 teos on lisensoitu <a href=\"http:\/\/creativecommons.org\/licenses\/by-sa\/4.0\/\" rel=\"license\">Creative Commons Nime\u00e4-JaaSamoin 4.0 Kansainv\u00e4linen -lisenssill\u00e4<\/a>.<\/p>\n\n\n\n<p>Kurssin tekij\u00e4: Riitta Holopainen, tietoasiantuntija It\u00e4-Suomen yliopiston kirjasto<br>Kiitokset: It\u00e4-Suomen yliopiston opetus- ja tietopalvelut<\/p>\n\n\n\n<p>Materiaali on p\u00e4ivitetty syyskuussa 2025.<\/p>\n","protected":false},"excerpt":{"rendered":"<p>Englannin kielen tiedonhaun kurssi opintopistekurssina on tarkoitettu It\u00e4-Suomen yliopiston opiskelijoille. T\u00e4st\u00e4 syyst\u00e4 kurssin teht\u00e4v\u00e4t sijaitsevat suljetulla Moodle-alustalla. Osa esimerkkien tietokannoista on k\u00e4ytett\u00e4viss\u00e4 vain It\u00e4-Suomen yliopiston k\u00e4ytt\u00e4j\u00e4tunnuksilla. Kurssin video-oppimateriaali on avointa, ja kurssin osioita on tervetullut opiskelemaan itsen\u00e4isesti kuka tahansa! Kurssin sis\u00e4lt\u00f6 l\u00f6ytyy oikean yl\u00e4kulman p\u00e4\u00e4valikosta ja se on jaoteltu p\u00e4\u00e4- ja alaotsikoihin. T\u00e4m\u00e4 teos on [&hellip;]<\/p>\n","protected":false},"author":129,"featured_media":0,"parent":0,"menu_order":0,"comment_status":"closed","ping_status":"closed","template":"","meta":{"_acf_changed":false,"footnotes":""},"class_list":["post-303","page","type-page","status-publish","hentry"],"acf":[],"yoast_head":"<!-- This site is optimized with the Yoast SEO plugin v27.1.1 - https:\/\/yoast.com\/product\/yoast-seo-wordpress\/ -->\n<title>Tervetuloa englannin kielen tiedonhaun kurssille! - Englannin kielen tiedonhaku<\/title>\n<meta name=\"robots\" content=\"index, follow, max-snippet:-1, max-image-preview:large, max-video-preview:-1\" \/>\n<link rel=\"canonical\" href=\"https:\/\/blogs.uef.fi\/tiedonhaku-englanti\/\" \/>\n<meta property=\"og:locale\" content=\"fi_FI\" \/>\n<meta property=\"og:type\" content=\"article\" \/>\n<meta property=\"og:title\" content=\"Tervetuloa englannin kielen tiedonhaun kurssille! - Englannin kielen tiedonhaku\" \/>\n<meta property=\"og:description\" content=\"Englannin kielen tiedonhaun kurssi opintopistekurssina on tarkoitettu It\u00e4-Suomen yliopiston opiskelijoille. T\u00e4st\u00e4 syyst\u00e4 kurssin teht\u00e4v\u00e4t sijaitsevat suljetulla Moodle-alustalla. Osa esimerkkien tietokannoista on k\u00e4ytett\u00e4viss\u00e4 vain It\u00e4-Suomen yliopiston k\u00e4ytt\u00e4j\u00e4tunnuksilla. Kurssin video-oppimateriaali on avointa, ja kurssin osioita on tervetullut opiskelemaan itsen\u00e4isesti kuka tahansa! Kurssin sis\u00e4lt\u00f6 l\u00f6ytyy oikean yl\u00e4kulman p\u00e4\u00e4valikosta ja se on jaoteltu p\u00e4\u00e4- ja alaotsikoihin. T\u00e4m\u00e4 teos on [&hellip;]\" \/>\n<meta property=\"og:url\" content=\"https:\/\/blogs.uef.fi\/tiedonhaku-englanti\/\" \/>\n<meta property=\"og:site_name\" content=\"Englannin kielen tiedonhaku\" \/>\n<meta property=\"article:modified_time\" content=\"2025-09-25T13:32:08+00:00\" \/>\n<meta property=\"og:image\" content=\"https:\/\/i.creativecommons.org\/l\/by-sa\/4.0\/80x15.png\" \/>\n<meta name=\"twitter:card\" content=\"summary_large_image\" \/>\n<meta name=\"twitter:label1\" content=\"Arvioitu lukuaika\" \/>\n\t<meta name=\"twitter:data1\" content=\"1 minuutti\" \/>\n<script type=\"application\/ld+json\" class=\"yoast-schema-graph\">{\"@context\":\"https:\/\/schema.org\",\"@graph\":[{\"@type\":\"WebPage\",\"@id\":\"https:\/\/blogs.uef.fi\/tiedonhaku-englanti\/\",\"url\":\"https:\/\/blogs.uef.fi\/tiedonhaku-englanti\/\",\"name\":\"Tervetuloa englannin kielen tiedonhaun kurssille! - Englannin kielen tiedonhaku\",\"isPartOf\":{\"@id\":\"https:\/\/blogs.uef.fi\/tiedonhaku-englanti\/#website\"},\"primaryImageOfPage\":{\"@id\":\"https:\/\/blogs.uef.fi\/tiedonhaku-englanti\/#primaryimage\"},\"image\":{\"@id\":\"https:\/\/blogs.uef.fi\/tiedonhaku-englanti\/#primaryimage\"},\"thumbnailUrl\":\"https:\/\/i.creativecommons.org\/l\/by-sa\/4.0\/80x15.png\",\"datePublished\":\"2018-05-24T10:44:27+00:00\",\"dateModified\":\"2025-09-25T13:32:08+00:00\",\"breadcrumb\":{\"@id\":\"https:\/\/blogs.uef.fi\/tiedonhaku-englanti\/#breadcrumb\"},\"inLanguage\":\"fi\",\"potentialAction\":[{\"@type\":\"ReadAction\",\"target\":[\"https:\/\/blogs.uef.fi\/tiedonhaku-englanti\/\"]}]},{\"@type\":\"ImageObject\",\"inLanguage\":\"fi\",\"@id\":\"https:\/\/blogs.uef.fi\/tiedonhaku-englanti\/#primaryimage\",\"url\":\"https:\/\/i.creativecommons.org\/l\/by-sa\/4.0\/80x15.png\",\"contentUrl\":\"https:\/\/i.creativecommons.org\/l\/by-sa\/4.0\/80x15.png\"},{\"@type\":\"BreadcrumbList\",\"@id\":\"https:\/\/blogs.uef.fi\/tiedonhaku-englanti\/#breadcrumb\",\"itemListElement\":[{\"@type\":\"ListItem\",\"position\":1,\"name\":\"Home\",\"item\":\"https:\/\/blogs.uef.fi\/tiedonhaku-englanti\/\"},{\"@type\":\"ListItem\",\"position\":2,\"name\":\"Tervetuloa englannin kielen tiedonhaun kurssille!\"}]},{\"@type\":\"WebSite\",\"@id\":\"https:\/\/blogs.uef.fi\/tiedonhaku-englanti\/#website\",\"url\":\"https:\/\/blogs.uef.fi\/tiedonhaku-englanti\/\",\"name\":\"Englannin kielen tiedonhaku\",\"description\":\"\",\"potentialAction\":[{\"@type\":\"SearchAction\",\"target\":{\"@type\":\"EntryPoint\",\"urlTemplate\":\"https:\/\/blogs.uef.fi\/tiedonhaku-englanti\/?s={search_term_string}\"},\"query-input\":{\"@type\":\"PropertyValueSpecification\",\"valueRequired\":true,\"valueName\":\"search_term_string\"}}],\"inLanguage\":\"fi\"}]}<\/script>\n<!-- \/ Yoast SEO plugin. -->","yoast_head_json":{"title":"Tervetuloa englannin kielen tiedonhaun kurssille! - Englannin kielen tiedonhaku","robots":{"index":"index","follow":"follow","max-snippet":"max-snippet:-1","max-image-preview":"max-image-preview:large","max-video-preview":"max-video-preview:-1"},"canonical":"https:\/\/blogs.uef.fi\/tiedonhaku-englanti\/","og_locale":"fi_FI","og_type":"article","og_title":"Tervetuloa englannin kielen tiedonhaun kurssille! - Englannin kielen tiedonhaku","og_description":"Englannin kielen tiedonhaun kurssi opintopistekurssina on tarkoitettu It\u00e4-Suomen yliopiston opiskelijoille. T\u00e4st\u00e4 syyst\u00e4 kurssin teht\u00e4v\u00e4t sijaitsevat suljetulla Moodle-alustalla. Osa esimerkkien tietokannoista on k\u00e4ytett\u00e4viss\u00e4 vain It\u00e4-Suomen yliopiston k\u00e4ytt\u00e4j\u00e4tunnuksilla. Kurssin video-oppimateriaali on avointa, ja kurssin osioita on tervetullut opiskelemaan itsen\u00e4isesti kuka tahansa! Kurssin sis\u00e4lt\u00f6 l\u00f6ytyy oikean yl\u00e4kulman p\u00e4\u00e4valikosta ja se on jaoteltu p\u00e4\u00e4- ja alaotsikoihin. T\u00e4m\u00e4 teos on [&hellip;]","og_url":"https:\/\/blogs.uef.fi\/tiedonhaku-englanti\/","og_site_name":"Englannin kielen tiedonhaku","article_modified_time":"2025-09-25T13:32:08+00:00","og_image":[{"url":"https:\/\/i.creativecommons.org\/l\/by-sa\/4.0\/80x15.png","type":"","width":"","height":""}],"twitter_card":"summary_large_image","twitter_misc":{"Arvioitu lukuaika":"1 minuutti"},"schema":{"@context":"https:\/\/schema.org","@graph":[{"@type":"WebPage","@id":"https:\/\/blogs.uef.fi\/tiedonhaku-englanti\/","url":"https:\/\/blogs.uef.fi\/tiedonhaku-englanti\/","name":"Tervetuloa englannin kielen tiedonhaun kurssille! - Englannin kielen tiedonhaku","isPartOf":{"@id":"https:\/\/blogs.uef.fi\/tiedonhaku-englanti\/#website"},"primaryImageOfPage":{"@id":"https:\/\/blogs.uef.fi\/tiedonhaku-englanti\/#primaryimage"},"image":{"@id":"https:\/\/blogs.uef.fi\/tiedonhaku-englanti\/#primaryimage"},"thumbnailUrl":"https:\/\/i.creativecommons.org\/l\/by-sa\/4.0\/80x15.png","datePublished":"2018-05-24T10:44:27+00:00","dateModified":"2025-09-25T13:32:08+00:00","breadcrumb":{"@id":"https:\/\/blogs.uef.fi\/tiedonhaku-englanti\/#breadcrumb"},"inLanguage":"fi","potentialAction":[{"@type":"ReadAction","target":["https:\/\/blogs.uef.fi\/tiedonhaku-englanti\/"]}]},{"@type":"ImageObject","inLanguage":"fi","@id":"https:\/\/blogs.uef.fi\/tiedonhaku-englanti\/#primaryimage","url":"https:\/\/i.creativecommons.org\/l\/by-sa\/4.0\/80x15.png","contentUrl":"https:\/\/i.creativecommons.org\/l\/by-sa\/4.0\/80x15.png"},{"@type":"BreadcrumbList","@id":"https:\/\/blogs.uef.fi\/tiedonhaku-englanti\/#breadcrumb","itemListElement":[{"@type":"ListItem","position":1,"name":"Home","item":"https:\/\/blogs.uef.fi\/tiedonhaku-englanti\/"},{"@type":"ListItem","position":2,"name":"Tervetuloa englannin kielen tiedonhaun kurssille!"}]},{"@type":"WebSite","@id":"https:\/\/blogs.uef.fi\/tiedonhaku-englanti\/#website","url":"https:\/\/blogs.uef.fi\/tiedonhaku-englanti\/","name":"Englannin kielen tiedonhaku","description":"","potentialAction":[{"@type":"SearchAction","target":{"@type":"EntryPoint","urlTemplate":"https:\/\/blogs.uef.fi\/tiedonhaku-englanti\/?s={search_term_string}"},"query-input":{"@type":"PropertyValueSpecification","valueRequired":true,"valueName":"search_term_string"}}],"inLanguage":"fi"}]}},"_links":{"self":[{"href":"https:\/\/blogs.uef.fi\/tiedonhaku-englanti\/wp-json\/wp\/v2\/pages\/303","targetHints":{"allow":["GET"]}}],"collection":[{"href":"https:\/\/blogs.uef.fi\/tiedonhaku-englanti\/wp-json\/wp\/v2\/pages"}],"about":[{"href":"https:\/\/blogs.uef.fi\/tiedonhaku-englanti\/wp-json\/wp\/v2\/types\/page"}],"author":[{"embeddable":true,"href":"https:\/\/blogs.uef.fi\/tiedonhaku-englanti\/wp-json\/wp\/v2\/users\/129"}],"replies":[{"embeddable":true,"href":"https:\/\/blogs.uef.fi\/tiedonhaku-englanti\/wp-json\/wp\/v2\/comments?post=303"}],"version-history":[{"count":2,"href":"https:\/\/blogs.uef.fi\/tiedonhaku-englanti\/wp-json\/wp\/v2\/pages\/303\/revisions"}],"predecessor-version":[{"id":1930,"href":"https:\/\/blogs.uef.fi\/tiedonhaku-englanti\/wp-json\/wp\/v2\/pages\/303\/revisions\/1930"}],"wp:attachment":[{"href":"https:\/\/blogs.uef.fi\/tiedonhaku-englanti\/wp-json\/wp\/v2\/media?parent=303"}],"curies":[{"name":"wp","href":"https:\/\/api.w.org\/{rel}","templated":true}]}}