{"id":29,"date":"2017-06-14T09:05:44","date_gmt":"2017-06-14T09:05:44","guid":{"rendered":"https:\/\/englanninkielentiedonhaku.wordpress.com\/?page_id=29"},"modified":"2025-06-18T10:52:47","modified_gmt":"2025-06-18T07:52:47","slug":"2-osio-tieteellisen-tiedon-etsiminen","status":"publish","type":"page","link":"https:\/\/blogs.uef.fi\/tiedonhaku-englanti\/2-osio-tieteellisen-tiedon-etsiminen\/","title":{"rendered":"2. Tieteellisen tiedon etsiminen"},"content":{"rendered":"\n<p>Googlen hakukone on maailman suosituin ja tunnetuin. Google on usein se paikka, josta my\u00f6s opiskelija aloittaa tiedonhakunsa. Google ja erityisesti tieteellisen tiedon hakuun keskittynyt <a href=\"http:\/\/scholar.google.fi\/\" target=\"_blank\" rel=\"noopener noreferrer\">Google Scholar<\/a> (linkki avautuu uuteen ikkunaan) ovat loistavia hakukoneita, kunhan niiden kanssa muistaa muutaman seikan:<\/p>\n\n\n\n<ul class=\"wp-block-list\">\n<li>Tiedon laatu ja taso vaihtevat. Kuka tahansa voi julkaista verkkoon melkein mit\u00e4 tahansa, joten tarvitaan kriittisyytt\u00e4 ja arviointia.<\/li>\n\n\n\n<li>Tiedon suuri m\u00e4\u00e4r\u00e4 ja monimuotoisuus hankaloittavat tiedon l\u00f6ytymist\u00e4. Hakutulos on usein suuri ja sis\u00e4lt\u00e4\u00e4 my\u00f6s irrelevanttia tai sopimatonta aineistoa.<\/li>\n\n\n\n<li>Tieto internetiss\u00e4 ei ole pysyv\u00e4\u00e4. T\u00e4st\u00e4 syyst\u00e4 avoimen verkon l\u00e4hteeseen kannattaa merkata, min\u00e4 p\u00e4iv\u00e4n\u00e4 on sit\u00e4 k\u00e4ynyt lukemassa.<\/li>\n\n\n\n<li>Tieto on hajallaan pienin\u00e4 palasina, eik\u00e4 sit\u00e4 ole aina j\u00e4rjestetty kattavasti.<\/li>\n\n\n\n<li>Relevanssilajittelu on vain koneen relevanssia. Hyv\u00e4 l\u00e4hde ei v\u00e4ltt\u00e4m\u00e4tt\u00e4 ole ensimm\u00e4isill\u00e4 sivuilla. Relevanssilajittelu voi kuitenkin my\u00f6s helpottaa tiedon l\u00f6ytyvyytt\u00e4 suuresta massasta.<\/li>\n<\/ul>\n\n\n\n<p>Muista my\u00f6s, ett\u00e4:<\/p>\n\n\n\n<p><\/p>\n\n\n\n<ul class=\"wp-block-list\">\n<li>Kaikki tieto ei ole viel\u00e4k\u00e4\u00e4n Internetiss\u00e4. Tietoa julkaistaan edelleen my\u00f6s painettuna.<\/li>\n\n\n\n<li>Kaikki tieto ei ole maksutta Internetiss\u00e4. Yliopiston opiskelijana kuitenkin p\u00e4\u00e4set kirjaston hankkimiin elektronisiin l\u00e4hteisiin (e-kirjoihin, e-lehtiin ja tietokantoihin) my\u00f6s kotikoneella UEF-Primon ja alakohtaisten tietokantojen kautta. My\u00f6s Google Scholar l\u00f6yt\u00e4\u00e4 n\u00e4it\u00e4 melko hyvin.<\/li>\n\n\n\n<li>Kaikki tieto ei l\u00f6ydy hakukoneilla. Esimerkiksi tieteenalakohtaisten tietokantojen sis\u00e4lt\u00e4m\u00e4\u00e4n tietoon hakukone ei aina ulotu.<\/li>\n<\/ul>\n\n\n\n<p>Tieteellinen ty\u00f6 tarvitsee tuekseen kattavia, luotettavia ja tieteellisi\u00e4 l\u00e4hteit\u00e4. N\u00e4ihin p\u00e4\u00e4see viel\u00e4 toistaiseksi parhaiten k\u00e4siksi erilaisten (yleens\u00e4 maksullisten) tietokantojen kautta. Avoin tiede ja avoin julkaiseminen tulevat kuitenkin muuttamaan nopeasti t\u00e4t\u00e4 kent\u00e4\u00e4 &#8211; koittaako l\u00e4hitulevaisuudessa p\u00e4iv\u00e4, jolloin kaikki t\u00e4ll\u00e4 hetkell\u00e4 maksumuurien takana oleva tieteellinen aineisto l\u00f6ytyykin Googlella?<\/p>\n\n\n\n<p>P\u00e4ivitetty: 6\/2025<\/p>\n\n\n\n<p>Siirry seuraavaan osioon<a href=\"https:\/\/blogs.uef.fi\/tiedonhaku-englanti\/2-osio-googlesta-ja-muita-tietokannoista\/2-2-avoimen-verkon-lahteiden-arviointi\/\"> 2.1. Avoimen verkon l\u00e4hteiden arviointi<\/a><\/p>\n","protected":false},"excerpt":{"rendered":"<p>Googlen hakukone on maailman suosituin ja tunnetuin. Google on usein se paikka, josta my\u00f6s opiskelija aloittaa tiedonhakunsa. Google ja erityisesti tieteellisen tiedon hakuun keskittynyt Google Scholar (linkki avautuu uuteen ikkunaan) ovat loistavia hakukoneita, kunhan niiden kanssa muistaa muutaman seikan: Muista my\u00f6s, ett\u00e4: Tieteellinen ty\u00f6 tarvitsee tuekseen kattavia, luotettavia ja tieteellisi\u00e4 l\u00e4hteit\u00e4. N\u00e4ihin p\u00e4\u00e4see viel\u00e4 toistaiseksi [&hellip;]<\/p>\n","protected":false},"author":129,"featured_media":0,"parent":0,"menu_order":0,"comment_status":"closed","ping_status":"closed","template":"","meta":{"_acf_changed":false,"footnotes":""},"class_list":["post-29","page","type-page","status-publish","hentry"],"acf":[],"yoast_head":"<!-- This site is optimized with the Yoast SEO plugin v27.1.1 - https:\/\/yoast.com\/product\/yoast-seo-wordpress\/ -->\n<title>2. Tieteellisen tiedon etsiminen - Englannin kielen tiedonhaku<\/title>\n<meta name=\"robots\" content=\"index, follow, max-snippet:-1, max-image-preview:large, max-video-preview:-1\" \/>\n<link rel=\"canonical\" href=\"https:\/\/blogs.uef.fi\/tiedonhaku-englanti\/2-osio-tieteellisen-tiedon-etsiminen\/\" \/>\n<meta property=\"og:locale\" content=\"fi_FI\" \/>\n<meta property=\"og:type\" content=\"article\" \/>\n<meta property=\"og:title\" content=\"2. Tieteellisen tiedon etsiminen - Englannin kielen tiedonhaku\" \/>\n<meta property=\"og:description\" content=\"Googlen hakukone on maailman suosituin ja tunnetuin. Google on usein se paikka, josta my\u00f6s opiskelija aloittaa tiedonhakunsa. Google ja erityisesti tieteellisen tiedon hakuun keskittynyt Google Scholar (linkki avautuu uuteen ikkunaan) ovat loistavia hakukoneita, kunhan niiden kanssa muistaa muutaman seikan: Muista my\u00f6s, ett\u00e4: Tieteellinen ty\u00f6 tarvitsee tuekseen kattavia, luotettavia ja tieteellisi\u00e4 l\u00e4hteit\u00e4. N\u00e4ihin p\u00e4\u00e4see viel\u00e4 toistaiseksi [&hellip;]\" \/>\n<meta property=\"og:url\" content=\"https:\/\/blogs.uef.fi\/tiedonhaku-englanti\/2-osio-tieteellisen-tiedon-etsiminen\/\" \/>\n<meta property=\"og:site_name\" content=\"Englannin kielen tiedonhaku\" \/>\n<meta property=\"article:modified_time\" content=\"2025-06-18T07:52:47+00:00\" \/>\n<meta name=\"twitter:card\" content=\"summary_large_image\" \/>\n<meta name=\"twitter:label1\" content=\"Arvioitu lukuaika\" \/>\n\t<meta name=\"twitter:data1\" content=\"2 minuuttia\" \/>\n<script type=\"application\/ld+json\" class=\"yoast-schema-graph\">{\"@context\":\"https:\/\/schema.org\",\"@graph\":[{\"@type\":\"WebPage\",\"@id\":\"https:\/\/blogs.uef.fi\/tiedonhaku-englanti\/2-osio-tieteellisen-tiedon-etsiminen\/\",\"url\":\"https:\/\/blogs.uef.fi\/tiedonhaku-englanti\/2-osio-tieteellisen-tiedon-etsiminen\/\",\"name\":\"2. Tieteellisen tiedon etsiminen - Englannin kielen tiedonhaku\",\"isPartOf\":{\"@id\":\"https:\/\/blogs.uef.fi\/tiedonhaku-englanti\/#website\"},\"datePublished\":\"2017-06-14T09:05:44+00:00\",\"dateModified\":\"2025-06-18T07:52:47+00:00\",\"breadcrumb\":{\"@id\":\"https:\/\/blogs.uef.fi\/tiedonhaku-englanti\/2-osio-tieteellisen-tiedon-etsiminen\/#breadcrumb\"},\"inLanguage\":\"fi\",\"potentialAction\":[{\"@type\":\"ReadAction\",\"target\":[\"https:\/\/blogs.uef.fi\/tiedonhaku-englanti\/2-osio-tieteellisen-tiedon-etsiminen\/\"]}]},{\"@type\":\"BreadcrumbList\",\"@id\":\"https:\/\/blogs.uef.fi\/tiedonhaku-englanti\/2-osio-tieteellisen-tiedon-etsiminen\/#breadcrumb\",\"itemListElement\":[{\"@type\":\"ListItem\",\"position\":1,\"name\":\"Home\",\"item\":\"https:\/\/blogs.uef.fi\/tiedonhaku-englanti\/\"},{\"@type\":\"ListItem\",\"position\":2,\"name\":\"2. Tieteellisen tiedon etsiminen\"}]},{\"@type\":\"WebSite\",\"@id\":\"https:\/\/blogs.uef.fi\/tiedonhaku-englanti\/#website\",\"url\":\"https:\/\/blogs.uef.fi\/tiedonhaku-englanti\/\",\"name\":\"Englannin kielen tiedonhaku\",\"description\":\"\",\"potentialAction\":[{\"@type\":\"SearchAction\",\"target\":{\"@type\":\"EntryPoint\",\"urlTemplate\":\"https:\/\/blogs.uef.fi\/tiedonhaku-englanti\/?s={search_term_string}\"},\"query-input\":{\"@type\":\"PropertyValueSpecification\",\"valueRequired\":true,\"valueName\":\"search_term_string\"}}],\"inLanguage\":\"fi\"}]}<\/script>\n<!-- \/ Yoast SEO plugin. -->","yoast_head_json":{"title":"2. Tieteellisen tiedon etsiminen - Englannin kielen tiedonhaku","robots":{"index":"index","follow":"follow","max-snippet":"max-snippet:-1","max-image-preview":"max-image-preview:large","max-video-preview":"max-video-preview:-1"},"canonical":"https:\/\/blogs.uef.fi\/tiedonhaku-englanti\/2-osio-tieteellisen-tiedon-etsiminen\/","og_locale":"fi_FI","og_type":"article","og_title":"2. Tieteellisen tiedon etsiminen - Englannin kielen tiedonhaku","og_description":"Googlen hakukone on maailman suosituin ja tunnetuin. Google on usein se paikka, josta my\u00f6s opiskelija aloittaa tiedonhakunsa. Google ja erityisesti tieteellisen tiedon hakuun keskittynyt Google Scholar (linkki avautuu uuteen ikkunaan) ovat loistavia hakukoneita, kunhan niiden kanssa muistaa muutaman seikan: Muista my\u00f6s, ett\u00e4: Tieteellinen ty\u00f6 tarvitsee tuekseen kattavia, luotettavia ja tieteellisi\u00e4 l\u00e4hteit\u00e4. N\u00e4ihin p\u00e4\u00e4see viel\u00e4 toistaiseksi [&hellip;]","og_url":"https:\/\/blogs.uef.fi\/tiedonhaku-englanti\/2-osio-tieteellisen-tiedon-etsiminen\/","og_site_name":"Englannin kielen tiedonhaku","article_modified_time":"2025-06-18T07:52:47+00:00","twitter_card":"summary_large_image","twitter_misc":{"Arvioitu lukuaika":"2 minuuttia"},"schema":{"@context":"https:\/\/schema.org","@graph":[{"@type":"WebPage","@id":"https:\/\/blogs.uef.fi\/tiedonhaku-englanti\/2-osio-tieteellisen-tiedon-etsiminen\/","url":"https:\/\/blogs.uef.fi\/tiedonhaku-englanti\/2-osio-tieteellisen-tiedon-etsiminen\/","name":"2. Tieteellisen tiedon etsiminen - Englannin kielen tiedonhaku","isPartOf":{"@id":"https:\/\/blogs.uef.fi\/tiedonhaku-englanti\/#website"},"datePublished":"2017-06-14T09:05:44+00:00","dateModified":"2025-06-18T07:52:47+00:00","breadcrumb":{"@id":"https:\/\/blogs.uef.fi\/tiedonhaku-englanti\/2-osio-tieteellisen-tiedon-etsiminen\/#breadcrumb"},"inLanguage":"fi","potentialAction":[{"@type":"ReadAction","target":["https:\/\/blogs.uef.fi\/tiedonhaku-englanti\/2-osio-tieteellisen-tiedon-etsiminen\/"]}]},{"@type":"BreadcrumbList","@id":"https:\/\/blogs.uef.fi\/tiedonhaku-englanti\/2-osio-tieteellisen-tiedon-etsiminen\/#breadcrumb","itemListElement":[{"@type":"ListItem","position":1,"name":"Home","item":"https:\/\/blogs.uef.fi\/tiedonhaku-englanti\/"},{"@type":"ListItem","position":2,"name":"2. Tieteellisen tiedon etsiminen"}]},{"@type":"WebSite","@id":"https:\/\/blogs.uef.fi\/tiedonhaku-englanti\/#website","url":"https:\/\/blogs.uef.fi\/tiedonhaku-englanti\/","name":"Englannin kielen tiedonhaku","description":"","potentialAction":[{"@type":"SearchAction","target":{"@type":"EntryPoint","urlTemplate":"https:\/\/blogs.uef.fi\/tiedonhaku-englanti\/?s={search_term_string}"},"query-input":{"@type":"PropertyValueSpecification","valueRequired":true,"valueName":"search_term_string"}}],"inLanguage":"fi"}]}},"_links":{"self":[{"href":"https:\/\/blogs.uef.fi\/tiedonhaku-englanti\/wp-json\/wp\/v2\/pages\/29","targetHints":{"allow":["GET"]}}],"collection":[{"href":"https:\/\/blogs.uef.fi\/tiedonhaku-englanti\/wp-json\/wp\/v2\/pages"}],"about":[{"href":"https:\/\/blogs.uef.fi\/tiedonhaku-englanti\/wp-json\/wp\/v2\/types\/page"}],"author":[{"embeddable":true,"href":"https:\/\/blogs.uef.fi\/tiedonhaku-englanti\/wp-json\/wp\/v2\/users\/129"}],"replies":[{"embeddable":true,"href":"https:\/\/blogs.uef.fi\/tiedonhaku-englanti\/wp-json\/wp\/v2\/comments?post=29"}],"version-history":[{"count":2,"href":"https:\/\/blogs.uef.fi\/tiedonhaku-englanti\/wp-json\/wp\/v2\/pages\/29\/revisions"}],"predecessor-version":[{"id":1873,"href":"https:\/\/blogs.uef.fi\/tiedonhaku-englanti\/wp-json\/wp\/v2\/pages\/29\/revisions\/1873"}],"wp:attachment":[{"href":"https:\/\/blogs.uef.fi\/tiedonhaku-englanti\/wp-json\/wp\/v2\/media?parent=29"}],"curies":[{"name":"wp","href":"https:\/\/api.w.org\/{rel}","templated":true}]}}