{"id":225,"date":"2017-09-12T09:39:42","date_gmt":"2017-09-12T09:39:42","guid":{"rendered":"https:\/\/englanninkielentiedonhaku.wordpress.com\/?page_id=225"},"modified":"2022-08-15T15:10:07","modified_gmt":"2022-08-15T12:10:07","slug":"kielitiede-linguistics-and-language-behavior-abstracts","status":"publish","type":"page","link":"https:\/\/blogs.uef.fi\/tiedonhaku-englanti\/kielitiede-linguistics-and-language-behavior-abstracts\/","title":{"rendered":"Kielitiede: Linguistics and Language Behavior Abstracts"},"content":{"rendered":"<p><a href=\"https:\/\/primo.uef.fi\/permalink\/358FIN_UOEF\/1jnohnf\/alma9911698603705966\" target=\"_blank\" rel=\"noopener noreferrer\">Linguistics and Language Behavior Abstracts eli LLBA<\/a> (linkki avautuu uuteen ikkunaan) on kansainv\u00e4linen kielitieteellinen tietokanta, jonka aihealueina ovat mm. soveltava kielitiede, psykolingvistiikka, sosiolingvistiikka, viestint\u00e4, erityiskasvatus, kielen omaksuminen, kielten opetus ja k\u00e4\u00e4nt\u00e4minen. Tietokannasta l\u00f6ytyy sek\u00e4 kokotekstej\u00e4 ett\u00e4 viitteit\u00e4.<\/p>\n<p><img loading=\"lazy\" decoding=\"async\" class=\"alignnone wp-image-273 size-full\" src=\"https:\/\/blogs.uef.fi\/tiedonhaku-englanti\/wp-content\/uploads\/sites\/65\/2017\/09\/llba.png\" alt=\"Tietokannan LInguistics and Language Behavior Abstracts logo\" width=\"810\" height=\"199\" srcset=\"https:\/\/blogs.uef.fi\/tiedonhaku-englanti\/wp-content\/uploads\/sites\/65\/2017\/09\/llba.png 810w, https:\/\/blogs.uef.fi\/tiedonhaku-englanti\/wp-content\/uploads\/sites\/65\/2017\/09\/llba-300x74.png 300w, https:\/\/blogs.uef.fi\/tiedonhaku-englanti\/wp-content\/uploads\/sites\/65\/2017\/09\/llba-768x189.png 768w\" sizes=\"auto, (max-width: 810px) 100vw, 810px\" \/><\/p>\n<p>Katso video tietokannan hakuominaisuuksista, haun muokkaamisesta ja hakutulosten tallentamisesta (kesto 5:02, tekij\u00e4 Newcstle University Library). Video avautuu uuteen ikkunaan Youtubeen: <a href=\"https:\/\/youtu.be\/i4Yq7NTyQms\" target=\"_blank\" rel=\"noopener\">https:\/\/youtu.be\/i4Yq7NTyQms<\/a><\/p>\n<p>(8\/2022)<\/p>\n","protected":false},"excerpt":{"rendered":"<p>Linguistics and Language Behavior Abstracts eli LLBA (linkki avautuu uuteen ikkunaan) on kansainv\u00e4linen kielitieteellinen tietokanta, jonka aihealueina ovat mm. soveltava kielitiede, psykolingvistiikka, sosiolingvistiikka, viestint\u00e4, erityiskasvatus, kielen omaksuminen, kielten opetus ja k\u00e4\u00e4nt\u00e4minen. Tietokannasta l\u00f6ytyy sek\u00e4 kokotekstej\u00e4 ett\u00e4 viitteit\u00e4. Katso video tietokannan hakuominaisuuksista, haun muokkaamisesta ja hakutulosten tallentamisesta (kesto 5:02, tekij\u00e4 Newcstle University Library). Video avautuu uuteen [&hellip;]<\/p>\n","protected":false},"author":129,"featured_media":0,"parent":0,"menu_order":0,"comment_status":"closed","ping_status":"closed","template":"","meta":{"_acf_changed":false,"footnotes":""},"class_list":["post-225","page","type-page","status-publish","hentry"],"acf":[],"yoast_head":"<!-- This site is optimized with the Yoast SEO plugin v27.3 - https:\/\/yoast.com\/product\/yoast-seo-wordpress\/ -->\n<title>Kielitiede: Linguistics and Language Behavior Abstracts - Englannin kielen tiedonhaku<\/title>\n<meta name=\"robots\" content=\"index, follow, max-snippet:-1, max-image-preview:large, max-video-preview:-1\" \/>\n<link rel=\"canonical\" href=\"https:\/\/blogs.uef.fi\/tiedonhaku-englanti\/kielitiede-linguistics-and-language-behavior-abstracts\/\" \/>\n<meta property=\"og:locale\" content=\"fi_FI\" \/>\n<meta property=\"og:type\" content=\"article\" \/>\n<meta property=\"og:title\" content=\"Kielitiede: Linguistics and Language Behavior Abstracts - Englannin kielen tiedonhaku\" \/>\n<meta property=\"og:description\" content=\"Linguistics and Language Behavior Abstracts eli LLBA (linkki avautuu uuteen ikkunaan) on kansainv\u00e4linen kielitieteellinen tietokanta, jonka aihealueina ovat mm. soveltava kielitiede, psykolingvistiikka, sosiolingvistiikka, viestint\u00e4, erityiskasvatus, kielen omaksuminen, kielten opetus ja k\u00e4\u00e4nt\u00e4minen. Tietokannasta l\u00f6ytyy sek\u00e4 kokotekstej\u00e4 ett\u00e4 viitteit\u00e4. Katso video tietokannan hakuominaisuuksista, haun muokkaamisesta ja hakutulosten tallentamisesta (kesto 5:02, tekij\u00e4 Newcstle University Library). Video avautuu uuteen [&hellip;]\" \/>\n<meta property=\"og:url\" content=\"https:\/\/blogs.uef.fi\/tiedonhaku-englanti\/kielitiede-linguistics-and-language-behavior-abstracts\/\" \/>\n<meta property=\"og:site_name\" content=\"Englannin kielen tiedonhaku\" \/>\n<meta property=\"article:modified_time\" content=\"2022-08-15T12:10:07+00:00\" \/>\n<meta property=\"og:image\" content=\"https:\/\/blogs.uef.fi\/tiedonhaku-englanti\/wp-content\/uploads\/sites\/65\/2017\/09\/llba.png\" \/>\n<meta name=\"twitter:card\" content=\"summary_large_image\" \/>\n<meta name=\"twitter:label1\" content=\"Arvioitu lukuaika\" \/>\n\t<meta name=\"twitter:data1\" content=\"1 minuutti\" \/>\n<script type=\"application\/ld+json\" class=\"yoast-schema-graph\">{\"@context\":\"https:\\\/\\\/schema.org\",\"@graph\":[{\"@type\":\"WebPage\",\"@id\":\"https:\\\/\\\/blogs.uef.fi\\\/tiedonhaku-englanti\\\/kielitiede-linguistics-and-language-behavior-abstracts\\\/\",\"url\":\"https:\\\/\\\/blogs.uef.fi\\\/tiedonhaku-englanti\\\/kielitiede-linguistics-and-language-behavior-abstracts\\\/\",\"name\":\"Kielitiede: Linguistics and Language Behavior Abstracts - Englannin kielen tiedonhaku\",\"isPartOf\":{\"@id\":\"https:\\\/\\\/blogs.uef.fi\\\/tiedonhaku-englanti\\\/#website\"},\"primaryImageOfPage\":{\"@id\":\"https:\\\/\\\/blogs.uef.fi\\\/tiedonhaku-englanti\\\/kielitiede-linguistics-and-language-behavior-abstracts\\\/#primaryimage\"},\"image\":{\"@id\":\"https:\\\/\\\/blogs.uef.fi\\\/tiedonhaku-englanti\\\/kielitiede-linguistics-and-language-behavior-abstracts\\\/#primaryimage\"},\"thumbnailUrl\":\"https:\\\/\\\/blogs.uef.fi\\\/tiedonhaku-englanti\\\/wp-content\\\/uploads\\\/sites\\\/65\\\/2017\\\/09\\\/llba.png\",\"datePublished\":\"2017-09-12T09:39:42+00:00\",\"dateModified\":\"2022-08-15T12:10:07+00:00\",\"breadcrumb\":{\"@id\":\"https:\\\/\\\/blogs.uef.fi\\\/tiedonhaku-englanti\\\/kielitiede-linguistics-and-language-behavior-abstracts\\\/#breadcrumb\"},\"inLanguage\":\"fi\",\"potentialAction\":[{\"@type\":\"ReadAction\",\"target\":[\"https:\\\/\\\/blogs.uef.fi\\\/tiedonhaku-englanti\\\/kielitiede-linguistics-and-language-behavior-abstracts\\\/\"]}]},{\"@type\":\"ImageObject\",\"inLanguage\":\"fi\",\"@id\":\"https:\\\/\\\/blogs.uef.fi\\\/tiedonhaku-englanti\\\/kielitiede-linguistics-and-language-behavior-abstracts\\\/#primaryimage\",\"url\":\"https:\\\/\\\/blogs.uef.fi\\\/tiedonhaku-englanti\\\/wp-content\\\/uploads\\\/sites\\\/65\\\/2017\\\/09\\\/llba.png\",\"contentUrl\":\"https:\\\/\\\/blogs.uef.fi\\\/tiedonhaku-englanti\\\/wp-content\\\/uploads\\\/sites\\\/65\\\/2017\\\/09\\\/llba.png\",\"width\":810,\"height\":199,\"caption\":\"Linguistics and language behavior abstracts -tietokannan k\u00e4ytt\u00f6liittym\u00e4.\"},{\"@type\":\"BreadcrumbList\",\"@id\":\"https:\\\/\\\/blogs.uef.fi\\\/tiedonhaku-englanti\\\/kielitiede-linguistics-and-language-behavior-abstracts\\\/#breadcrumb\",\"itemListElement\":[{\"@type\":\"ListItem\",\"position\":1,\"name\":\"Home\",\"item\":\"https:\\\/\\\/blogs.uef.fi\\\/tiedonhaku-englanti\\\/\"},{\"@type\":\"ListItem\",\"position\":2,\"name\":\"Kielitiede: Linguistics and Language Behavior Abstracts\"}]},{\"@type\":\"WebSite\",\"@id\":\"https:\\\/\\\/blogs.uef.fi\\\/tiedonhaku-englanti\\\/#website\",\"url\":\"https:\\\/\\\/blogs.uef.fi\\\/tiedonhaku-englanti\\\/\",\"name\":\"Englannin kielen tiedonhaku\",\"description\":\"\",\"potentialAction\":[{\"@type\":\"SearchAction\",\"target\":{\"@type\":\"EntryPoint\",\"urlTemplate\":\"https:\\\/\\\/blogs.uef.fi\\\/tiedonhaku-englanti\\\/?s={search_term_string}\"},\"query-input\":{\"@type\":\"PropertyValueSpecification\",\"valueRequired\":true,\"valueName\":\"search_term_string\"}}],\"inLanguage\":\"fi\"}]}<\/script>\n<!-- \/ Yoast SEO plugin. -->","yoast_head_json":{"title":"Kielitiede: Linguistics and Language Behavior Abstracts - Englannin kielen tiedonhaku","robots":{"index":"index","follow":"follow","max-snippet":"max-snippet:-1","max-image-preview":"max-image-preview:large","max-video-preview":"max-video-preview:-1"},"canonical":"https:\/\/blogs.uef.fi\/tiedonhaku-englanti\/kielitiede-linguistics-and-language-behavior-abstracts\/","og_locale":"fi_FI","og_type":"article","og_title":"Kielitiede: Linguistics and Language Behavior Abstracts - Englannin kielen tiedonhaku","og_description":"Linguistics and Language Behavior Abstracts eli LLBA (linkki avautuu uuteen ikkunaan) on kansainv\u00e4linen kielitieteellinen tietokanta, jonka aihealueina ovat mm. soveltava kielitiede, psykolingvistiikka, sosiolingvistiikka, viestint\u00e4, erityiskasvatus, kielen omaksuminen, kielten opetus ja k\u00e4\u00e4nt\u00e4minen. Tietokannasta l\u00f6ytyy sek\u00e4 kokotekstej\u00e4 ett\u00e4 viitteit\u00e4. Katso video tietokannan hakuominaisuuksista, haun muokkaamisesta ja hakutulosten tallentamisesta (kesto 5:02, tekij\u00e4 Newcstle University Library). Video avautuu uuteen [&hellip;]","og_url":"https:\/\/blogs.uef.fi\/tiedonhaku-englanti\/kielitiede-linguistics-and-language-behavior-abstracts\/","og_site_name":"Englannin kielen tiedonhaku","article_modified_time":"2022-08-15T12:10:07+00:00","og_image":[{"url":"https:\/\/blogs.uef.fi\/tiedonhaku-englanti\/wp-content\/uploads\/sites\/65\/2017\/09\/llba.png","type":"","width":"","height":""}],"twitter_card":"summary_large_image","twitter_misc":{"Arvioitu lukuaika":"1 minuutti"},"schema":{"@context":"https:\/\/schema.org","@graph":[{"@type":"WebPage","@id":"https:\/\/blogs.uef.fi\/tiedonhaku-englanti\/kielitiede-linguistics-and-language-behavior-abstracts\/","url":"https:\/\/blogs.uef.fi\/tiedonhaku-englanti\/kielitiede-linguistics-and-language-behavior-abstracts\/","name":"Kielitiede: Linguistics and Language Behavior Abstracts - Englannin kielen tiedonhaku","isPartOf":{"@id":"https:\/\/blogs.uef.fi\/tiedonhaku-englanti\/#website"},"primaryImageOfPage":{"@id":"https:\/\/blogs.uef.fi\/tiedonhaku-englanti\/kielitiede-linguistics-and-language-behavior-abstracts\/#primaryimage"},"image":{"@id":"https:\/\/blogs.uef.fi\/tiedonhaku-englanti\/kielitiede-linguistics-and-language-behavior-abstracts\/#primaryimage"},"thumbnailUrl":"https:\/\/blogs.uef.fi\/tiedonhaku-englanti\/wp-content\/uploads\/sites\/65\/2017\/09\/llba.png","datePublished":"2017-09-12T09:39:42+00:00","dateModified":"2022-08-15T12:10:07+00:00","breadcrumb":{"@id":"https:\/\/blogs.uef.fi\/tiedonhaku-englanti\/kielitiede-linguistics-and-language-behavior-abstracts\/#breadcrumb"},"inLanguage":"fi","potentialAction":[{"@type":"ReadAction","target":["https:\/\/blogs.uef.fi\/tiedonhaku-englanti\/kielitiede-linguistics-and-language-behavior-abstracts\/"]}]},{"@type":"ImageObject","inLanguage":"fi","@id":"https:\/\/blogs.uef.fi\/tiedonhaku-englanti\/kielitiede-linguistics-and-language-behavior-abstracts\/#primaryimage","url":"https:\/\/blogs.uef.fi\/tiedonhaku-englanti\/wp-content\/uploads\/sites\/65\/2017\/09\/llba.png","contentUrl":"https:\/\/blogs.uef.fi\/tiedonhaku-englanti\/wp-content\/uploads\/sites\/65\/2017\/09\/llba.png","width":810,"height":199,"caption":"Linguistics and language behavior abstracts -tietokannan k\u00e4ytt\u00f6liittym\u00e4."},{"@type":"BreadcrumbList","@id":"https:\/\/blogs.uef.fi\/tiedonhaku-englanti\/kielitiede-linguistics-and-language-behavior-abstracts\/#breadcrumb","itemListElement":[{"@type":"ListItem","position":1,"name":"Home","item":"https:\/\/blogs.uef.fi\/tiedonhaku-englanti\/"},{"@type":"ListItem","position":2,"name":"Kielitiede: Linguistics and Language Behavior Abstracts"}]},{"@type":"WebSite","@id":"https:\/\/blogs.uef.fi\/tiedonhaku-englanti\/#website","url":"https:\/\/blogs.uef.fi\/tiedonhaku-englanti\/","name":"Englannin kielen tiedonhaku","description":"","potentialAction":[{"@type":"SearchAction","target":{"@type":"EntryPoint","urlTemplate":"https:\/\/blogs.uef.fi\/tiedonhaku-englanti\/?s={search_term_string}"},"query-input":{"@type":"PropertyValueSpecification","valueRequired":true,"valueName":"search_term_string"}}],"inLanguage":"fi"}]}},"_links":{"self":[{"href":"https:\/\/blogs.uef.fi\/tiedonhaku-englanti\/wp-json\/wp\/v2\/pages\/225","targetHints":{"allow":["GET"]}}],"collection":[{"href":"https:\/\/blogs.uef.fi\/tiedonhaku-englanti\/wp-json\/wp\/v2\/pages"}],"about":[{"href":"https:\/\/blogs.uef.fi\/tiedonhaku-englanti\/wp-json\/wp\/v2\/types\/page"}],"author":[{"embeddable":true,"href":"https:\/\/blogs.uef.fi\/tiedonhaku-englanti\/wp-json\/wp\/v2\/users\/129"}],"replies":[{"embeddable":true,"href":"https:\/\/blogs.uef.fi\/tiedonhaku-englanti\/wp-json\/wp\/v2\/comments?post=225"}],"version-history":[{"count":2,"href":"https:\/\/blogs.uef.fi\/tiedonhaku-englanti\/wp-json\/wp\/v2\/pages\/225\/revisions"}],"predecessor-version":[{"id":976,"href":"https:\/\/blogs.uef.fi\/tiedonhaku-englanti\/wp-json\/wp\/v2\/pages\/225\/revisions\/976"}],"wp:attachment":[{"href":"https:\/\/blogs.uef.fi\/tiedonhaku-englanti\/wp-json\/wp\/v2\/media?parent=225"}],"curies":[{"name":"wp","href":"https:\/\/api.w.org\/{rel}","templated":true}]}}