{"id":220,"date":"2017-09-12T09:36:49","date_gmt":"2017-09-12T09:36:49","guid":{"rendered":"https:\/\/englanninkielentiedonhaku.wordpress.com\/?page_id=220"},"modified":"2024-03-01T15:13:08","modified_gmt":"2024-03-01T13:13:08","slug":"uef-finna-ja-kansallinen-finna","status":"publish","type":"page","link":"https:\/\/blogs.uef.fi\/tiedonhaku-englanti\/uef-finna-ja-kansallinen-finna\/","title":{"rendered":"UEF-Primo ja kansallinen Finna"},"content":{"rendered":"<p>Oman yliopistokirjastosi tietokanta <a href=\"https:\/\/primo.uef.fi\/discovery\/search?vid=358FIN_UOEF:VU1&amp;lang=fi\" target=\"_blank\" rel=\"noopener noreferrer\">UEF-Primo<\/a> (linkki avautuu uuteen ikkunaan) sis\u00e4lt\u00e4\u00e4 sek\u00e4 kirjaston painetut ett\u00e4 e-kirjat sek\u00e4 p\u00e4\u00e4syn maksullisiin tietokantoihin ja e-lehtiin. UEF-Primon haussa kirjaston kokoelmista kannattaa k\u00e4ytt\u00e4\u00e4 hakukielen\u00e4 suomea ja englantia, kansainv\u00e4listen artikkelien haussa englantia. Kotoa k\u00e4sin muista aina kirjautua UEF-Primoon, niin maksulliset aineistot toimivat. Ota UEF-Primo haltuun <a href=\"https:\/\/www.uef.fi\/fi\/kirjasto\/uef-primon-kayttoohjeet\" target=\"_blank\" rel=\"noopener\">k\u00e4ytt\u00f6ohjeiden avulla<\/a> (linkki avautuu uuteen ikkunaan).<\/p>\n<p>Kansallisesta Finnasta osoitteessa <a href=\"https:\/\/finna.fi\/\" target=\"_blank\" rel=\"noopener noreferrer\">finna.fi<\/a> (linkki avautuu uuteen ikkunaan) l\u00f6yd\u00e4t mm. suomalaisten korkeakoulukirjastojen kokoelmat. Jos siis haluat kartoittaa onko tutkimusaiheestasi julkaistu vaikkapa graduja, on Finna oikea paikka etsi\u00e4. Kansallisesta Finnasta l\u00f6yd\u00e4t my\u00f6s kotimaiset artikkeliviitteet ja linkkej\u00e4 kotimaisiin kokotekstiartikkeleihin.<\/p>\n<p>Katso lis\u00e4\u00e4 Finnan hakutekniikoista ja hakutuloksen rajaamisen vaihtoehdoista (videon kesto 8:08, tekij\u00e4 CC BY SA It\u00e4-Suomen yliopiston kirjasto):<\/p>\n<p><iframe loading=\"lazy\" title=\"Tiedonhaku Finna.fi-palvelussa\" width=\"500\" height=\"281\" src=\"https:\/\/www.youtube.com\/embed\/vZ70mcXrShs?feature=oembed\" frameborder=\"0\" allow=\"accelerometer; autoplay; clipboard-write; encrypted-media; gyroscope; picture-in-picture; web-share\" referrerpolicy=\"strict-origin-when-cross-origin\" allowfullscreen><\/iframe><\/p>\n<p>(3\/2024)<\/p>\n","protected":false},"excerpt":{"rendered":"<p>Oman yliopistokirjastosi tietokanta UEF-Primo (linkki avautuu uuteen ikkunaan) sis\u00e4lt\u00e4\u00e4 sek\u00e4 kirjaston painetut ett\u00e4 e-kirjat sek\u00e4 p\u00e4\u00e4syn maksullisiin tietokantoihin ja e-lehtiin. UEF-Primon haussa kirjaston kokoelmista kannattaa k\u00e4ytt\u00e4\u00e4 hakukielen\u00e4 suomea ja englantia, kansainv\u00e4listen artikkelien haussa englantia. Kotoa k\u00e4sin muista aina kirjautua UEF-Primoon, niin maksulliset aineistot toimivat. Ota UEF-Primo haltuun k\u00e4ytt\u00f6ohjeiden avulla (linkki avautuu uuteen ikkunaan). Kansallisesta Finnasta [&hellip;]<\/p>\n","protected":false},"author":129,"featured_media":0,"parent":0,"menu_order":0,"comment_status":"closed","ping_status":"closed","template":"","meta":{"_acf_changed":false,"footnotes":""},"class_list":["post-220","page","type-page","status-publish","hentry"],"acf":[],"yoast_head":"<!-- This site is optimized with the Yoast SEO plugin v27.3 - https:\/\/yoast.com\/product\/yoast-seo-wordpress\/ -->\n<title>UEF-Primo ja kansallinen Finna - Englannin kielen tiedonhaku<\/title>\n<meta name=\"robots\" content=\"index, follow, max-snippet:-1, max-image-preview:large, max-video-preview:-1\" \/>\n<link rel=\"canonical\" href=\"https:\/\/blogs.uef.fi\/tiedonhaku-englanti\/uef-finna-ja-kansallinen-finna\/\" \/>\n<meta property=\"og:locale\" content=\"fi_FI\" \/>\n<meta property=\"og:type\" content=\"article\" \/>\n<meta property=\"og:title\" content=\"UEF-Primo ja kansallinen Finna - Englannin kielen tiedonhaku\" \/>\n<meta property=\"og:description\" content=\"Oman yliopistokirjastosi tietokanta UEF-Primo (linkki avautuu uuteen ikkunaan) sis\u00e4lt\u00e4\u00e4 sek\u00e4 kirjaston painetut ett\u00e4 e-kirjat sek\u00e4 p\u00e4\u00e4syn maksullisiin tietokantoihin ja e-lehtiin. UEF-Primon haussa kirjaston kokoelmista kannattaa k\u00e4ytt\u00e4\u00e4 hakukielen\u00e4 suomea ja englantia, kansainv\u00e4listen artikkelien haussa englantia. Kotoa k\u00e4sin muista aina kirjautua UEF-Primoon, niin maksulliset aineistot toimivat. Ota UEF-Primo haltuun k\u00e4ytt\u00f6ohjeiden avulla (linkki avautuu uuteen ikkunaan). Kansallisesta Finnasta [&hellip;]\" \/>\n<meta property=\"og:url\" content=\"https:\/\/blogs.uef.fi\/tiedonhaku-englanti\/uef-finna-ja-kansallinen-finna\/\" \/>\n<meta property=\"og:site_name\" content=\"Englannin kielen tiedonhaku\" \/>\n<meta property=\"article:modified_time\" content=\"2024-03-01T13:13:08+00:00\" \/>\n<meta name=\"twitter:card\" content=\"summary_large_image\" \/>\n<meta name=\"twitter:label1\" content=\"Arvioitu lukuaika\" \/>\n\t<meta name=\"twitter:data1\" content=\"1 minuutti\" \/>\n<script type=\"application\/ld+json\" class=\"yoast-schema-graph\">{\"@context\":\"https:\\\/\\\/schema.org\",\"@graph\":[{\"@type\":\"WebPage\",\"@id\":\"https:\\\/\\\/blogs.uef.fi\\\/tiedonhaku-englanti\\\/uef-finna-ja-kansallinen-finna\\\/\",\"url\":\"https:\\\/\\\/blogs.uef.fi\\\/tiedonhaku-englanti\\\/uef-finna-ja-kansallinen-finna\\\/\",\"name\":\"UEF-Primo ja kansallinen Finna - Englannin kielen tiedonhaku\",\"isPartOf\":{\"@id\":\"https:\\\/\\\/blogs.uef.fi\\\/tiedonhaku-englanti\\\/#website\"},\"datePublished\":\"2017-09-12T09:36:49+00:00\",\"dateModified\":\"2024-03-01T13:13:08+00:00\",\"breadcrumb\":{\"@id\":\"https:\\\/\\\/blogs.uef.fi\\\/tiedonhaku-englanti\\\/uef-finna-ja-kansallinen-finna\\\/#breadcrumb\"},\"inLanguage\":\"fi\",\"potentialAction\":[{\"@type\":\"ReadAction\",\"target\":[\"https:\\\/\\\/blogs.uef.fi\\\/tiedonhaku-englanti\\\/uef-finna-ja-kansallinen-finna\\\/\"]}]},{\"@type\":\"BreadcrumbList\",\"@id\":\"https:\\\/\\\/blogs.uef.fi\\\/tiedonhaku-englanti\\\/uef-finna-ja-kansallinen-finna\\\/#breadcrumb\",\"itemListElement\":[{\"@type\":\"ListItem\",\"position\":1,\"name\":\"Home\",\"item\":\"https:\\\/\\\/blogs.uef.fi\\\/tiedonhaku-englanti\\\/\"},{\"@type\":\"ListItem\",\"position\":2,\"name\":\"UEF-Primo ja kansallinen Finna\"}]},{\"@type\":\"WebSite\",\"@id\":\"https:\\\/\\\/blogs.uef.fi\\\/tiedonhaku-englanti\\\/#website\",\"url\":\"https:\\\/\\\/blogs.uef.fi\\\/tiedonhaku-englanti\\\/\",\"name\":\"Englannin kielen tiedonhaku\",\"description\":\"\",\"potentialAction\":[{\"@type\":\"SearchAction\",\"target\":{\"@type\":\"EntryPoint\",\"urlTemplate\":\"https:\\\/\\\/blogs.uef.fi\\\/tiedonhaku-englanti\\\/?s={search_term_string}\"},\"query-input\":{\"@type\":\"PropertyValueSpecification\",\"valueRequired\":true,\"valueName\":\"search_term_string\"}}],\"inLanguage\":\"fi\"}]}<\/script>\n<!-- \/ Yoast SEO plugin. -->","yoast_head_json":{"title":"UEF-Primo ja kansallinen Finna - Englannin kielen tiedonhaku","robots":{"index":"index","follow":"follow","max-snippet":"max-snippet:-1","max-image-preview":"max-image-preview:large","max-video-preview":"max-video-preview:-1"},"canonical":"https:\/\/blogs.uef.fi\/tiedonhaku-englanti\/uef-finna-ja-kansallinen-finna\/","og_locale":"fi_FI","og_type":"article","og_title":"UEF-Primo ja kansallinen Finna - Englannin kielen tiedonhaku","og_description":"Oman yliopistokirjastosi tietokanta UEF-Primo (linkki avautuu uuteen ikkunaan) sis\u00e4lt\u00e4\u00e4 sek\u00e4 kirjaston painetut ett\u00e4 e-kirjat sek\u00e4 p\u00e4\u00e4syn maksullisiin tietokantoihin ja e-lehtiin. UEF-Primon haussa kirjaston kokoelmista kannattaa k\u00e4ytt\u00e4\u00e4 hakukielen\u00e4 suomea ja englantia, kansainv\u00e4listen artikkelien haussa englantia. Kotoa k\u00e4sin muista aina kirjautua UEF-Primoon, niin maksulliset aineistot toimivat. Ota UEF-Primo haltuun k\u00e4ytt\u00f6ohjeiden avulla (linkki avautuu uuteen ikkunaan). Kansallisesta Finnasta [&hellip;]","og_url":"https:\/\/blogs.uef.fi\/tiedonhaku-englanti\/uef-finna-ja-kansallinen-finna\/","og_site_name":"Englannin kielen tiedonhaku","article_modified_time":"2024-03-01T13:13:08+00:00","twitter_card":"summary_large_image","twitter_misc":{"Arvioitu lukuaika":"1 minuutti"},"schema":{"@context":"https:\/\/schema.org","@graph":[{"@type":"WebPage","@id":"https:\/\/blogs.uef.fi\/tiedonhaku-englanti\/uef-finna-ja-kansallinen-finna\/","url":"https:\/\/blogs.uef.fi\/tiedonhaku-englanti\/uef-finna-ja-kansallinen-finna\/","name":"UEF-Primo ja kansallinen Finna - Englannin kielen tiedonhaku","isPartOf":{"@id":"https:\/\/blogs.uef.fi\/tiedonhaku-englanti\/#website"},"datePublished":"2017-09-12T09:36:49+00:00","dateModified":"2024-03-01T13:13:08+00:00","breadcrumb":{"@id":"https:\/\/blogs.uef.fi\/tiedonhaku-englanti\/uef-finna-ja-kansallinen-finna\/#breadcrumb"},"inLanguage":"fi","potentialAction":[{"@type":"ReadAction","target":["https:\/\/blogs.uef.fi\/tiedonhaku-englanti\/uef-finna-ja-kansallinen-finna\/"]}]},{"@type":"BreadcrumbList","@id":"https:\/\/blogs.uef.fi\/tiedonhaku-englanti\/uef-finna-ja-kansallinen-finna\/#breadcrumb","itemListElement":[{"@type":"ListItem","position":1,"name":"Home","item":"https:\/\/blogs.uef.fi\/tiedonhaku-englanti\/"},{"@type":"ListItem","position":2,"name":"UEF-Primo ja kansallinen Finna"}]},{"@type":"WebSite","@id":"https:\/\/blogs.uef.fi\/tiedonhaku-englanti\/#website","url":"https:\/\/blogs.uef.fi\/tiedonhaku-englanti\/","name":"Englannin kielen tiedonhaku","description":"","potentialAction":[{"@type":"SearchAction","target":{"@type":"EntryPoint","urlTemplate":"https:\/\/blogs.uef.fi\/tiedonhaku-englanti\/?s={search_term_string}"},"query-input":{"@type":"PropertyValueSpecification","valueRequired":true,"valueName":"search_term_string"}}],"inLanguage":"fi"}]}},"_links":{"self":[{"href":"https:\/\/blogs.uef.fi\/tiedonhaku-englanti\/wp-json\/wp\/v2\/pages\/220","targetHints":{"allow":["GET"]}}],"collection":[{"href":"https:\/\/blogs.uef.fi\/tiedonhaku-englanti\/wp-json\/wp\/v2\/pages"}],"about":[{"href":"https:\/\/blogs.uef.fi\/tiedonhaku-englanti\/wp-json\/wp\/v2\/types\/page"}],"author":[{"embeddable":true,"href":"https:\/\/blogs.uef.fi\/tiedonhaku-englanti\/wp-json\/wp\/v2\/users\/129"}],"replies":[{"embeddable":true,"href":"https:\/\/blogs.uef.fi\/tiedonhaku-englanti\/wp-json\/wp\/v2\/comments?post=220"}],"version-history":[{"count":1,"href":"https:\/\/blogs.uef.fi\/tiedonhaku-englanti\/wp-json\/wp\/v2\/pages\/220\/revisions"}],"predecessor-version":[{"id":1705,"href":"https:\/\/blogs.uef.fi\/tiedonhaku-englanti\/wp-json\/wp\/v2\/pages\/220\/revisions\/1705"}],"wp:attachment":[{"href":"https:\/\/blogs.uef.fi\/tiedonhaku-englanti\/wp-json\/wp\/v2\/media?parent=220"}],"curies":[{"name":"wp","href":"https:\/\/api.w.org\/{rel}","templated":true}]}}