{"id":22,"date":"2017-06-14T09:00:24","date_gmt":"2017-06-14T09:00:24","guid":{"rendered":"https:\/\/englanninkielentiedonhaku.wordpress.com\/?page_id=22"},"modified":"2026-04-27T15:32:20","modified_gmt":"2026-04-27T12:32:20","slug":"1-osio-tieteellinen-julkaiseminen","status":"publish","type":"page","link":"https:\/\/blogs.uef.fi\/tiedonhaku-englanti\/1-osio-tieteellinen-julkaiseminen\/","title":{"rendered":"1. Tieteellinen julkaiseminen"},"content":{"rendered":"\n<p>Tieteellinen tieto jaetaan julkisuuteen eri reittej\u00e4 pitkin ja usein my\u00f6s erilaisissa muodoissa. Siksi sit\u00e4 on my\u00f6s haettava useista eri l\u00e4hteist\u00e4. Jotain l\u00f6yd\u00e4t avoimen verkon hakukoneilla, esim. Googlella, jotain muuta taas kirjastotietokannoilla tai kansainv\u00e4lisill\u00e4 artikkelitietokannoilla. Julkaisuista t\u00e4rkeimpi\u00e4 ovat artikkelit ja kirjat. N\u00e4it\u00e4kin on erityyppisi\u00e4. Julkaisu voi yht\u00e4 hyvin olla painettu tai elektroninen: muoto ei m\u00e4\u00e4r\u00e4\u00e4 t\u00e4rkeytt\u00e4.<\/p>\n\n\n\n<p>Tieteellisen julkaisemisen ydin on uuden tiedon tuottaminen sek\u00e4 sen arvioiminen tiedeyhteis\u00f6ss\u00e4. Julkaisun tieteellisyyden takeena pidet\u00e4\u00e4n yleisesti julkaistavaksi aiottujen k\u00e4sikirjoitusten vertaisarviointia \/ referee- \/peer review -menettely\u00e4. Julkaisu on tieteellinen, kun tutkimus on tehty k\u00e4ytt\u00e4en hyv\u00e4ksyttyj\u00e4 tieteellisi\u00e4 menetelmi\u00e4, ja siit\u00e4 on raportoitu tieteenalalla vallitsevan tavan mukaisesti. T\u00e4m\u00e4n vuoksi k\u00e4sikirjoitus arvioidaan ennen julkaisua. Lis\u00e4ksi julkaisukanavan tulee olla tieteellisille julkaisuille tarkoitettu ja muiden tutkijoiden saavutettavissa.<\/p>\n\n\n\n<h3 class=\"wp-block-heading\">Monenlaiset julkaisut voivat olla k\u00e4ytt\u00f6kelpoisia l\u00e4hteit\u00e4<\/h3>\n\n\n\n<p>Useilla aloilla julkaistaan paljon my\u00f6s alan ammattilaisille, yrityksille ja viranomaisille.<br>Tutkimuslaitokset, ministeri\u00f6t, kunnat sek\u00e4 erilaiset j\u00e4rjest\u00f6t, seurat ja liitot julkaisevat selvitys- tai raporttityyppist\u00e4 kirjallisuutta ja my\u00f6s ammattilehdiss\u00e4 julkaistaan artikkeleita. T\u00e4rkeint\u00e4 on itse tekstin sis\u00e4lt\u00f6: kuinka luotettavasti ja yksiselitteisesti kohteena oleva asia pystyt\u00e4\u00e4n kuvaamaan, todentamaan ja perustelemaan.<\/p>\n\n\n\n<p>P\u00e4ivitetty 4\/2026<\/p>\n\n\n\n<p>Siirry seuraavaan osioon <a href=\"https:\/\/blogs.uef.fi\/tiedonhaku-englanti\/1-video-tieteellisen-artikkelin-rakenne\/\">1.1. Tieteellisen artikkelin rakenne ja vertaisarviointi<\/a><\/p>\n","protected":false},"excerpt":{"rendered":"<p>Tieteellinen tieto jaetaan julkisuuteen eri reittej\u00e4 pitkin ja usein my\u00f6s erilaisissa muodoissa. Siksi sit\u00e4 on my\u00f6s haettava useista eri l\u00e4hteist\u00e4. Jotain l\u00f6yd\u00e4t avoimen verkon hakukoneilla, esim. Googlella, jotain muuta taas kirjastotietokannoilla tai kansainv\u00e4lisill\u00e4 artikkelitietokannoilla. Julkaisuista t\u00e4rkeimpi\u00e4 ovat artikkelit ja kirjat. N\u00e4it\u00e4kin on erityyppisi\u00e4. Julkaisu voi yht\u00e4 hyvin olla painettu tai elektroninen: muoto ei m\u00e4\u00e4r\u00e4\u00e4 t\u00e4rkeytt\u00e4. [&hellip;]<\/p>\n","protected":false},"author":129,"featured_media":0,"parent":0,"menu_order":0,"comment_status":"closed","ping_status":"closed","template":"","meta":{"_acf_changed":false,"footnotes":""},"class_list":["post-22","page","type-page","status-publish","hentry"],"acf":[],"yoast_head":"<!-- This site is optimized with the Yoast SEO plugin v27.3 - https:\/\/yoast.com\/product\/yoast-seo-wordpress\/ -->\n<title>1. Tieteellinen julkaiseminen - Englannin kielen tiedonhaku<\/title>\n<meta name=\"robots\" content=\"index, follow, max-snippet:-1, max-image-preview:large, max-video-preview:-1\" \/>\n<link rel=\"canonical\" href=\"https:\/\/blogs.uef.fi\/tiedonhaku-englanti\/1-osio-tieteellinen-julkaiseminen\/\" \/>\n<meta property=\"og:locale\" content=\"fi_FI\" \/>\n<meta property=\"og:type\" content=\"article\" \/>\n<meta property=\"og:title\" content=\"1. Tieteellinen julkaiseminen - Englannin kielen tiedonhaku\" \/>\n<meta property=\"og:description\" content=\"Tieteellinen tieto jaetaan julkisuuteen eri reittej\u00e4 pitkin ja usein my\u00f6s erilaisissa muodoissa. Siksi sit\u00e4 on my\u00f6s haettava useista eri l\u00e4hteist\u00e4. Jotain l\u00f6yd\u00e4t avoimen verkon hakukoneilla, esim. Googlella, jotain muuta taas kirjastotietokannoilla tai kansainv\u00e4lisill\u00e4 artikkelitietokannoilla. Julkaisuista t\u00e4rkeimpi\u00e4 ovat artikkelit ja kirjat. N\u00e4it\u00e4kin on erityyppisi\u00e4. Julkaisu voi yht\u00e4 hyvin olla painettu tai elektroninen: muoto ei m\u00e4\u00e4r\u00e4\u00e4 t\u00e4rkeytt\u00e4. [&hellip;]\" \/>\n<meta property=\"og:url\" content=\"https:\/\/blogs.uef.fi\/tiedonhaku-englanti\/1-osio-tieteellinen-julkaiseminen\/\" \/>\n<meta property=\"og:site_name\" content=\"Englannin kielen tiedonhaku\" \/>\n<meta property=\"article:modified_time\" content=\"2026-04-27T12:32:20+00:00\" \/>\n<meta name=\"twitter:card\" content=\"summary_large_image\" \/>\n<meta name=\"twitter:label1\" content=\"Arvioitu lukuaika\" \/>\n\t<meta name=\"twitter:data1\" content=\"2 minuuttia\" \/>\n<script type=\"application\/ld+json\" class=\"yoast-schema-graph\">{\"@context\":\"https:\\\/\\\/schema.org\",\"@graph\":[{\"@type\":\"WebPage\",\"@id\":\"https:\\\/\\\/blogs.uef.fi\\\/tiedonhaku-englanti\\\/1-osio-tieteellinen-julkaiseminen\\\/\",\"url\":\"https:\\\/\\\/blogs.uef.fi\\\/tiedonhaku-englanti\\\/1-osio-tieteellinen-julkaiseminen\\\/\",\"name\":\"1. Tieteellinen julkaiseminen - Englannin kielen tiedonhaku\",\"isPartOf\":{\"@id\":\"https:\\\/\\\/blogs.uef.fi\\\/tiedonhaku-englanti\\\/#website\"},\"datePublished\":\"2017-06-14T09:00:24+00:00\",\"dateModified\":\"2026-04-27T12:32:20+00:00\",\"breadcrumb\":{\"@id\":\"https:\\\/\\\/blogs.uef.fi\\\/tiedonhaku-englanti\\\/1-osio-tieteellinen-julkaiseminen\\\/#breadcrumb\"},\"inLanguage\":\"fi\",\"potentialAction\":[{\"@type\":\"ReadAction\",\"target\":[\"https:\\\/\\\/blogs.uef.fi\\\/tiedonhaku-englanti\\\/1-osio-tieteellinen-julkaiseminen\\\/\"]}]},{\"@type\":\"BreadcrumbList\",\"@id\":\"https:\\\/\\\/blogs.uef.fi\\\/tiedonhaku-englanti\\\/1-osio-tieteellinen-julkaiseminen\\\/#breadcrumb\",\"itemListElement\":[{\"@type\":\"ListItem\",\"position\":1,\"name\":\"Home\",\"item\":\"https:\\\/\\\/blogs.uef.fi\\\/tiedonhaku-englanti\\\/\"},{\"@type\":\"ListItem\",\"position\":2,\"name\":\"1. Tieteellinen julkaiseminen\"}]},{\"@type\":\"WebSite\",\"@id\":\"https:\\\/\\\/blogs.uef.fi\\\/tiedonhaku-englanti\\\/#website\",\"url\":\"https:\\\/\\\/blogs.uef.fi\\\/tiedonhaku-englanti\\\/\",\"name\":\"Englannin kielen tiedonhaku\",\"description\":\"\",\"potentialAction\":[{\"@type\":\"SearchAction\",\"target\":{\"@type\":\"EntryPoint\",\"urlTemplate\":\"https:\\\/\\\/blogs.uef.fi\\\/tiedonhaku-englanti\\\/?s={search_term_string}\"},\"query-input\":{\"@type\":\"PropertyValueSpecification\",\"valueRequired\":true,\"valueName\":\"search_term_string\"}}],\"inLanguage\":\"fi\"}]}<\/script>\n<!-- \/ Yoast SEO plugin. -->","yoast_head_json":{"title":"1. Tieteellinen julkaiseminen - Englannin kielen tiedonhaku","robots":{"index":"index","follow":"follow","max-snippet":"max-snippet:-1","max-image-preview":"max-image-preview:large","max-video-preview":"max-video-preview:-1"},"canonical":"https:\/\/blogs.uef.fi\/tiedonhaku-englanti\/1-osio-tieteellinen-julkaiseminen\/","og_locale":"fi_FI","og_type":"article","og_title":"1. Tieteellinen julkaiseminen - Englannin kielen tiedonhaku","og_description":"Tieteellinen tieto jaetaan julkisuuteen eri reittej\u00e4 pitkin ja usein my\u00f6s erilaisissa muodoissa. Siksi sit\u00e4 on my\u00f6s haettava useista eri l\u00e4hteist\u00e4. Jotain l\u00f6yd\u00e4t avoimen verkon hakukoneilla, esim. Googlella, jotain muuta taas kirjastotietokannoilla tai kansainv\u00e4lisill\u00e4 artikkelitietokannoilla. Julkaisuista t\u00e4rkeimpi\u00e4 ovat artikkelit ja kirjat. N\u00e4it\u00e4kin on erityyppisi\u00e4. Julkaisu voi yht\u00e4 hyvin olla painettu tai elektroninen: muoto ei m\u00e4\u00e4r\u00e4\u00e4 t\u00e4rkeytt\u00e4. [&hellip;]","og_url":"https:\/\/blogs.uef.fi\/tiedonhaku-englanti\/1-osio-tieteellinen-julkaiseminen\/","og_site_name":"Englannin kielen tiedonhaku","article_modified_time":"2026-04-27T12:32:20+00:00","twitter_card":"summary_large_image","twitter_misc":{"Arvioitu lukuaika":"2 minuuttia"},"schema":{"@context":"https:\/\/schema.org","@graph":[{"@type":"WebPage","@id":"https:\/\/blogs.uef.fi\/tiedonhaku-englanti\/1-osio-tieteellinen-julkaiseminen\/","url":"https:\/\/blogs.uef.fi\/tiedonhaku-englanti\/1-osio-tieteellinen-julkaiseminen\/","name":"1. Tieteellinen julkaiseminen - Englannin kielen tiedonhaku","isPartOf":{"@id":"https:\/\/blogs.uef.fi\/tiedonhaku-englanti\/#website"},"datePublished":"2017-06-14T09:00:24+00:00","dateModified":"2026-04-27T12:32:20+00:00","breadcrumb":{"@id":"https:\/\/blogs.uef.fi\/tiedonhaku-englanti\/1-osio-tieteellinen-julkaiseminen\/#breadcrumb"},"inLanguage":"fi","potentialAction":[{"@type":"ReadAction","target":["https:\/\/blogs.uef.fi\/tiedonhaku-englanti\/1-osio-tieteellinen-julkaiseminen\/"]}]},{"@type":"BreadcrumbList","@id":"https:\/\/blogs.uef.fi\/tiedonhaku-englanti\/1-osio-tieteellinen-julkaiseminen\/#breadcrumb","itemListElement":[{"@type":"ListItem","position":1,"name":"Home","item":"https:\/\/blogs.uef.fi\/tiedonhaku-englanti\/"},{"@type":"ListItem","position":2,"name":"1. Tieteellinen julkaiseminen"}]},{"@type":"WebSite","@id":"https:\/\/blogs.uef.fi\/tiedonhaku-englanti\/#website","url":"https:\/\/blogs.uef.fi\/tiedonhaku-englanti\/","name":"Englannin kielen tiedonhaku","description":"","potentialAction":[{"@type":"SearchAction","target":{"@type":"EntryPoint","urlTemplate":"https:\/\/blogs.uef.fi\/tiedonhaku-englanti\/?s={search_term_string}"},"query-input":{"@type":"PropertyValueSpecification","valueRequired":true,"valueName":"search_term_string"}}],"inLanguage":"fi"}]}},"_links":{"self":[{"href":"https:\/\/blogs.uef.fi\/tiedonhaku-englanti\/wp-json\/wp\/v2\/pages\/22","targetHints":{"allow":["GET"]}}],"collection":[{"href":"https:\/\/blogs.uef.fi\/tiedonhaku-englanti\/wp-json\/wp\/v2\/pages"}],"about":[{"href":"https:\/\/blogs.uef.fi\/tiedonhaku-englanti\/wp-json\/wp\/v2\/types\/page"}],"author":[{"embeddable":true,"href":"https:\/\/blogs.uef.fi\/tiedonhaku-englanti\/wp-json\/wp\/v2\/users\/129"}],"replies":[{"embeddable":true,"href":"https:\/\/blogs.uef.fi\/tiedonhaku-englanti\/wp-json\/wp\/v2\/comments?post=22"}],"version-history":[{"count":2,"href":"https:\/\/blogs.uef.fi\/tiedonhaku-englanti\/wp-json\/wp\/v2\/pages\/22\/revisions"}],"predecessor-version":[{"id":1937,"href":"https:\/\/blogs.uef.fi\/tiedonhaku-englanti\/wp-json\/wp\/v2\/pages\/22\/revisions\/1937"}],"wp:attachment":[{"href":"https:\/\/blogs.uef.fi\/tiedonhaku-englanti\/wp-json\/wp\/v2\/media?parent=22"}],"curies":[{"name":"wp","href":"https:\/\/api.w.org\/{rel}","templated":true}]}}